{"id":5005,"date":"2021-01-18T15:50:56","date_gmt":"2021-01-18T14:50:56","guid":{"rendered":"https:\/\/derpsairer.it\/carrello\/"},"modified":"2025-10-17T11:21:48","modified_gmt":"2025-10-17T09:21:48","slug":"carrello","status":"publish","type":"page","link":"https:\/\/derpsairer.it\/it\/carrello\/","title":{"rendered":"Carrello"},"content":{"rendered":"\n<div data-block-name=\"woocommerce\/cart\" class=\"wp-block-woocommerce-cart alignwide is-loading\">\n<div data-block-name=\"woocommerce\/filled-cart-block\" class=\"wp-block-woocommerce-filled-cart-block\">\n<div data-block-name=\"woocommerce\/cart-items-block\" class=\"wp-block-woocommerce-cart-items-block\">\n<div data-block-name=\"woocommerce\/cart-line-items-block\" class=\"wp-block-woocommerce-cart-line-items-block\"><\/div>\n\n\n<\/div>\n\n\n\n\n<div data-block-name=\"woocommerce\/cart-totals-block\" class=\"wp-block-woocommerce-cart-totals-block\">\n<div data-block-name=\"woocommerce\/cart-order-summary-block\" class=\"wp-block-woocommerce-cart-order-summary-block\">\n<div data-block-name=\"woocommerce\/cart-order-summary-heading-block\" class=\"wp-block-woocommerce-cart-order-summary-heading-block\"><\/div><div data-block-name=\"woocommerce\/cart-order-summary-coupon-form-block\" class=\"wp-block-woocommerce-cart-order-summary-coupon-form-block\"><\/div><div data-block-name=\"woocommerce\/cart-order-summary-totals-block\" class=\"wp-block-woocommerce-cart-order-summary-totals-block\">\n<div data-block-name=\"woocommerce\/cart-order-summary-subtotal-block\" class=\"wp-block-woocommerce-cart-order-summary-subtotal-block\"><\/div>\n<div data-block-name=\"woocommerce\/cart-order-summary-discount-block\" class=\"wp-block-woocommerce-cart-order-summary-discount-block\"><\/div>\n<div data-block-name=\"woocommerce\/cart-order-summary-fee-block\" class=\"wp-block-woocommerce-cart-order-summary-fee-block\"><\/div>\n<div data-block-name=\"woocommerce\/cart-order-summary-shipping-block\" class=\"wp-block-woocommerce-cart-order-summary-shipping-block\"><\/div>\n<div data-block-name=\"woocommerce\/cart-order-summary-taxes-block\" class=\"wp-block-woocommerce-cart-order-summary-taxes-block\"><\/div><\/div>\n<\/div>\n\n\n\n<div data-block-name=\"woocommerce-paypal-payments\/cart-paylater-messages\" data-pp-placement=\"cart\" data-pp-style-layout=\"text\" data-pp-style-logo-position=\"left\" data-pp-style-logo-type=\"inline\" data-pp-style-text-color=\"black\" data-pp-style-text-size=\"12\" id=\"ppcp-cart-paylater-messages\" class=\"ppcp-messages\" data-partner-attribution-id=\"WooPPCP_Ecom_PS_CoreProfiler\"><\/div><div data-block-name=\"woocommerce\/cart-express-payment-block\" class=\"wp-block-woocommerce-cart-express-payment-block\"><\/div>\n\n\n\n<div data-block-name=\"woocommerce\/proceed-to-checkout-block\" class=\"wp-block-woocommerce-proceed-to-checkout-block\"><\/div>\n\n\n\n<div data-block-name=\"woocommerce\/cart-accepted-payment-methods-block\" class=\"wp-block-woocommerce-cart-accepted-payment-methods-block\"><\/div>\n<\/div>\n<\/div>\n\n\n\n<div data-block-name=\"woocommerce\/empty-cart-block\" class=\"wp-block-woocommerce-empty-cart-block\">\n<h2 class=\"wp-block-heading has-text-align-center with-empty-cart-icon wc-block-cart__empty-cart__title\">Il tuo carrello \u00e8 attualmente vuoto!<\/h2>\n\n\n\n<hr class=\"wp-block-separator has-alpha-channel-opacity is-style-dots\"\/>\n\n\n\n<h2 class=\"wp-block-heading has-text-align-center\">Novit\u00e0 in negozio<\/h2>\n\n\n<div data-block-name=\"woocommerce\/product-new\" data-columns=\"4\" data-rows=\"1\" class=\"wc-block-grid wp-block-product-new wp-block-woocommerce-product-new wc-block-product-new has-4-columns\"><ul class=\"wc-block-grid__products\"><li class=\"wc-block-grid__product\">\n\t\t\t\t<a href=\"https:\/\/derpsairer.it\/it\/produkt\/preparato-per-canederli-allo-speck-kopie-2\/\" class=\"wc-block-grid__product-link\">\n\t\t\t\t\t\n\t\t\t\t\t<div class=\"wc-block-grid__product-image\"><img loading=\"lazy\" decoding=\"async\" width=\"300\" height=\"300\" src=\"https:\/\/derpsairer.it\/wp-22\/wp-content\/uploads\/2026\/03\/Kaesepressknoedel-300x300.jpg\" class=\"attachment-woocommerce_thumbnail size-woocommerce_thumbnail\" alt=\"Preparato per canederli allo speck (Kopie)\" srcset=\"https:\/\/derpsairer.it\/wp-22\/wp-content\/uploads\/2026\/03\/Kaesepressknoedel-300x300.jpg 300w, https:\/\/derpsairer.it\/wp-22\/wp-content\/uploads\/2026\/03\/Kaesepressknoedel-140x140.jpg 140w, https:\/\/derpsairer.it\/wp-22\/wp-content\/uploads\/2026\/03\/Kaesepressknoedel-100x100.jpg 100w, https:\/\/derpsairer.it\/wp-22\/wp-content\/uploads\/2026\/03\/Kaesepressknoedel-350x350.jpg 350w, https:\/\/derpsairer.it\/wp-22\/wp-content\/uploads\/2026\/03\/Kaesepressknoedel-150x150.jpg 150w\" sizes=\"auto, (max-width: 300px) 100vw, 300px\" \/><\/div>\n\t\t\t\t\t<div class=\"wc-block-grid__product-title\">Preparato per canederli allo speck (Kopie)<\/div>\n\t\t\t\t<\/a>\n\t\t\t\t<div class=\"wc-block-grid__product-price price\"><span class=\"woocommerce-Price-amount amount\"><span class=\"woocommerce-Price-currencySymbol\">&euro;<\/span>9,90<\/span><\/div>\n\t\t\t\t\n\t\t\t\t<div class=\"wp-block-button wc-block-grid__product-add-to-cart\"><a href=\"\/it\/wp-json\/wp\/v2\/pages\/5005?add-to-cart=6512\" aria-label=\"Aggiungi al carrello: &quot;Preparato per canederli allo speck (Kopie)&quot;\" data-quantity=\"1\" data-product_id=\"6512\" data-product_sku=\"fertigmischung-fuer-k\u00e4sekn\u00f6del-stamser-1\" data-price=\"9.9\" rel=\"nofollow\" class=\"wp-block-button__link  add_to_cart_button ajax_add_to_cart\">Aggiungi al carrello<\/a><\/div>\n\t\t\t<\/li><li class=\"wc-block-grid__product\">\n\t\t\t\t<a href=\"https:\/\/derpsairer.it\/it\/produkt\/miscela-di-spezie-per-bruschetta-al-pomodoro-spezia-mediterranea-delicata-kopie\/\" class=\"wc-block-grid__product-link\">\n\t\t\t\t\t\n\t\t\t\t\t<div class=\"wc-block-grid__product-image\"><img loading=\"lazy\" decoding=\"async\" width=\"300\" height=\"300\" src=\"https:\/\/derpsairer.it\/wp-22\/wp-content\/uploads\/2026\/01\/gewuerz-fuer-bruschetta-tradizionale-100-g-e1768822205446-300x300.webp\" class=\"attachment-woocommerce_thumbnail size-woocommerce_thumbnail\" alt=\"Miscela di spezie per bruschetta al pomodoro \u2013 spezia mediterranea delicata (Kopie)\" srcset=\"https:\/\/derpsairer.it\/wp-22\/wp-content\/uploads\/2026\/01\/gewuerz-fuer-bruschetta-tradizionale-100-g-e1768822205446-300x300.webp 300w, https:\/\/derpsairer.it\/wp-22\/wp-content\/uploads\/2026\/01\/gewuerz-fuer-bruschetta-tradizionale-100-g-e1768822205446-140x140.webp 140w, https:\/\/derpsairer.it\/wp-22\/wp-content\/uploads\/2026\/01\/gewuerz-fuer-bruschetta-tradizionale-100-g-e1768822205446-100x100.webp 100w, https:\/\/derpsairer.it\/wp-22\/wp-content\/uploads\/2026\/01\/gewuerz-fuer-bruschetta-tradizionale-100-g-e1768822205446-500x500.webp 500w, https:\/\/derpsairer.it\/wp-22\/wp-content\/uploads\/2026\/01\/gewuerz-fuer-bruschetta-tradizionale-100-g-e1768822205446-350x350.webp 350w, https:\/\/derpsairer.it\/wp-22\/wp-content\/uploads\/2026\/01\/gewuerz-fuer-bruschetta-tradizionale-100-g-e1768822205446-150x150.webp 150w, https:\/\/derpsairer.it\/wp-22\/wp-content\/uploads\/2026\/01\/gewuerz-fuer-bruschetta-tradizionale-100-g-e1768822205446.webp 600w\" sizes=\"auto, (max-width: 300px) 100vw, 300px\" \/><\/div>\n\t\t\t\t\t<div class=\"wc-block-grid__product-title\">Miscela di spezie per bruschetta al pomodoro \u2013 spezia mediterranea delicata (Kopie)<\/div>\n\t\t\t\t<\/a>\n\t\t\t\t<div class=\"wc-block-grid__product-price price\"><span class=\"woocommerce-Price-amount amount\"><span class=\"woocommerce-Price-currencySymbol\">&euro;<\/span>3,80<\/span><\/div>\n\t\t\t\t\n\t\t\t\t<div class=\"wp-block-button wc-block-grid__product-add-to-cart\"><a href=\"\/it\/wp-json\/wp\/v2\/pages\/5005?add-to-cart=6361\" aria-label=\"Aggiungi al carrello: &quot;Miscela di spezie per bruschetta al pomodoro \u2013 spezia mediterranea delicata (Kopie)&quot;\" data-quantity=\"1\" data-product_id=\"6361\" data-product_sku=\"Gew\u00fcrzmischung f\u00fcr Bruschetta tradizionale\" data-price=\"3.8\" rel=\"nofollow\" class=\"wp-block-button__link  add_to_cart_button ajax_add_to_cart\">Aggiungi al carrello<\/a><\/div>\n\t\t\t<\/li><li class=\"wc-block-grid__product\">\n\t\t\t\t<a href=\"https:\/\/derpsairer.it\/it\/produkt\/caprador-riserva-kopie-2\/\" class=\"wc-block-grid__product-link\">\n\t\t\t\t\t\n\t\t\t\t\t<div class=\"wc-block-grid__product-image\"><img loading=\"lazy\" decoding=\"async\" width=\"300\" height=\"300\" src=\"https:\/\/derpsairer.it\/wp-22\/wp-content\/uploads\/2025\/12\/Monte-Capra-2-300x300.jpg\" class=\"attachment-woocommerce_thumbnail size-woocommerce_thumbnail\" alt=\"Montecapra \u2013 formaggio di capra a media stagionatura dal sapore delicato\" srcset=\"https:\/\/derpsairer.it\/wp-22\/wp-content\/uploads\/2025\/12\/Monte-Capra-2-300x300.jpg 300w, https:\/\/derpsairer.it\/wp-22\/wp-content\/uploads\/2025\/12\/Monte-Capra-2-140x140.jpg 140w, https:\/\/derpsairer.it\/wp-22\/wp-content\/uploads\/2025\/12\/Monte-Capra-2-100x100.jpg 100w, https:\/\/derpsairer.it\/wp-22\/wp-content\/uploads\/2025\/12\/Monte-Capra-2-500x500.jpg 500w, https:\/\/derpsairer.it\/wp-22\/wp-content\/uploads\/2025\/12\/Monte-Capra-2-350x350.jpg 350w, https:\/\/derpsairer.it\/wp-22\/wp-content\/uploads\/2025\/12\/Monte-Capra-2-800x800.jpg 800w, https:\/\/derpsairer.it\/wp-22\/wp-content\/uploads\/2025\/12\/Monte-Capra-2-150x150.jpg 150w\" sizes=\"auto, (max-width: 300px) 100vw, 300px\" \/><\/div>\n\t\t\t\t\t<div class=\"wc-block-grid__product-title\">Montecapra \u2013 formaggio di capra a media stagionatura dal sapore delicato<\/div>\n\t\t\t\t<\/a>\n\t\t\t\t<div class=\"wc-block-grid__product-price price\"><span class=\"woocommerce-Price-amount amount\"><span class=\"woocommerce-Price-currencySymbol\">&euro;<\/span>23,90<\/span><\/div>\n\t\t\t\t\n\t\t\t\t<div class=\"wp-block-button wc-block-grid__product-add-to-cart\"><a href=\"\/it\/wp-json\/wp\/v2\/pages\/5005?add-to-cart=6196\" aria-label=\"Aggiungi al carrello: &quot;Montecapra \u2013 formaggio di capra a media stagionatura dal sapore delicato&quot;\" data-quantity=\"1\" data-product_id=\"6196\" data-product_sku=\"montecapra\" data-price=\"23.9\" rel=\"nofollow\" class=\"wp-block-button__link  add_to_cart_button ajax_add_to_cart\">Aggiungi al carrello<\/a><\/div>\n\t\t\t<\/li><li class=\"wc-block-grid__product\">\n\t\t\t\t<a href=\"https:\/\/derpsairer.it\/it\/produkt\/salame-al-finocchio-salame-naturale-stagionato-dal-sapore-delicato-e-speziato-kopie-2\/\" class=\"wc-block-grid__product-link\">\n\t\t\t\t\t\n\t\t\t\t\t<div class=\"wc-block-grid__product-image\"><img loading=\"lazy\" decoding=\"async\" width=\"300\" height=\"300\" src=\"https:\/\/derpsairer.it\/wp-22\/wp-content\/uploads\/2025\/12\/Walnusssalami-300x300.webp\" class=\"attachment-woocommerce_thumbnail size-woocommerce_thumbnail\" alt=\"Salame alle noci \u2013 specialit\u00e0 dal sapore speziato e di noce\" srcset=\"https:\/\/derpsairer.it\/wp-22\/wp-content\/uploads\/2025\/12\/Walnusssalami-300x300.webp 300w, https:\/\/derpsairer.it\/wp-22\/wp-content\/uploads\/2025\/12\/Walnusssalami-600x600.webp 600w, https:\/\/derpsairer.it\/wp-22\/wp-content\/uploads\/2025\/12\/Walnusssalami-1024x1024.webp 1024w, https:\/\/derpsairer.it\/wp-22\/wp-content\/uploads\/2025\/12\/Walnusssalami-768x768.webp 768w, https:\/\/derpsairer.it\/wp-22\/wp-content\/uploads\/2025\/12\/Walnusssalami-140x140.webp 140w, https:\/\/derpsairer.it\/wp-22\/wp-content\/uploads\/2025\/12\/Walnusssalami-100x100.webp 100w, https:\/\/derpsairer.it\/wp-22\/wp-content\/uploads\/2025\/12\/Walnusssalami-500x500.webp 500w, https:\/\/derpsairer.it\/wp-22\/wp-content\/uploads\/2025\/12\/Walnusssalami-350x350.webp 350w, https:\/\/derpsairer.it\/wp-22\/wp-content\/uploads\/2025\/12\/Walnusssalami-1000x1000.webp 1000w, https:\/\/derpsairer.it\/wp-22\/wp-content\/uploads\/2025\/12\/Walnusssalami-800x800.webp 800w, https:\/\/derpsairer.it\/wp-22\/wp-content\/uploads\/2025\/12\/Walnusssalami-150x150.webp 150w, https:\/\/derpsairer.it\/wp-22\/wp-content\/uploads\/2025\/12\/Walnusssalami.webp 1080w\" sizes=\"auto, (max-width: 300px) 100vw, 300px\" \/><\/div>\n\t\t\t\t\t<div class=\"wc-block-grid__product-title\">Salame alle noci \u2013 specialit\u00e0 dal sapore speziato e di noce<\/div>\n\t\t\t\t<\/a>\n\t\t\t\t<div class=\"wc-block-grid__product-price price\"><span class=\"woocommerce-Price-amount amount\"><span class=\"woocommerce-Price-currencySymbol\">&euro;<\/span>6,88<\/span><\/div>\n\t\t\t\t\n\t\t\t\t<div class=\"wp-block-button wc-block-grid__product-add-to-cart\"><a href=\"\/it\/wp-json\/wp\/v2\/pages\/5005?add-to-cart=6140\" aria-label=\"Aggiungi al carrello: &quot;Salame alle noci \u2013 specialit\u00e0 dal sapore speziato e di noce&quot;\" data-quantity=\"1\" data-product_id=\"6140\" data-product_sku=\"walnuss-salami\" data-price=\"6.88\" rel=\"nofollow\" class=\"wp-block-button__link  add_to_cart_button ajax_add_to_cart\">Aggiungi al carrello<\/a><\/div>\n\t\t\t<\/li><\/ul><\/div><\/div>\n<\/div>\n","protected":false},"excerpt":{"rendered":"Potresti essere interessato a&hellip; Il tuo carrello \u00e8 attualmente vuoto! Novit\u00e0 in negozio","protected":false},"author":1,"featured_media":0,"parent":0,"menu_order":83,"comment_status":"closed","ping_status":"closed","template":"","meta":{"footnotes":""},"class_list":["post-5005","page","type-page","status-publish"],"yoast_head":"<!-- This site is optimized with the Yoast SEO plugin v27.4 - https:\/\/yoast.com\/product\/yoast-seo-wordpress\/ -->\n<title>Carrello - Der Psairer - Speck, Wurst, K\u00e4se<\/title>\n<meta name=\"robots\" content=\"index, follow, max-snippet:-1, max-image-preview:large, max-video-preview:-1\" \/>\n<link rel=\"canonical\" href=\"https:\/\/derpsairer.it\/it\/carrello\/\" \/>\n<meta property=\"og:locale\" content=\"it_IT\" \/>\n<meta property=\"og:type\" content=\"article\" \/>\n<meta property=\"og:title\" content=\"Carrello - Der Psairer - Speck, Wurst, K\u00e4se\" \/>\n<meta property=\"og:url\" content=\"https:\/\/derpsairer.it\/it\/carrello\/\" \/>\n<meta property=\"og:site_name\" content=\"Der Psairer - Speck, Wurst, K\u00e4se\" \/>\n<meta property=\"article:publisher\" content=\"https:\/\/www.facebook.com\/profile.php?id=100063648246860\" \/>\n<meta property=\"article:modified_time\" content=\"2025-10-17T09:21:48+00:00\" \/>\n<meta property=\"og:image\" content=\"https:\/\/derpsairer.it\/wp-22\/wp-content\/uploads\/2020\/03\/der-psairer-speck-wurst-kaese-02.jpg\" \/>\n\t<meta property=\"og:image:width\" content=\"1920\" \/>\n\t<meta property=\"og:image:height\" content=\"900\" \/>\n\t<meta property=\"og:image:type\" content=\"image\/jpeg\" \/>\n<script type=\"application\/ld+json\" class=\"yoast-schema-graph\">{\"@context\":\"https:\\\/\\\/schema.org\",\"@graph\":[{\"@type\":\"WebPage\",\"@id\":\"https:\\\/\\\/derpsairer.it\\\/it\\\/carrello\\\/\",\"url\":\"https:\\\/\\\/derpsairer.it\\\/it\\\/carrello\\\/\",\"name\":\"Carrello - Der Psairer - Speck, Wurst, K\u00e4se\",\"isPartOf\":{\"@id\":\"https:\\\/\\\/derpsairer.it\\\/it\\\/#website\"},\"datePublished\":\"2021-01-18T14:50:56+00:00\",\"dateModified\":\"2025-10-17T09:21:48+00:00\",\"breadcrumb\":{\"@id\":\"https:\\\/\\\/derpsairer.it\\\/it\\\/carrello\\\/#breadcrumb\"},\"inLanguage\":\"it-IT\",\"potentialAction\":[{\"@type\":\"ReadAction\",\"target\":[\"https:\\\/\\\/derpsairer.it\\\/it\\\/carrello\\\/\"]}]},{\"@type\":\"BreadcrumbList\",\"@id\":\"https:\\\/\\\/derpsairer.it\\\/it\\\/carrello\\\/#breadcrumb\",\"itemListElement\":[{\"@type\":\"ListItem\",\"position\":1,\"name\":\"Home\",\"item\":\"https:\\\/\\\/derpsairer.it\\\/it\\\/il-negozio-di-speck-der-psairer\\\/\"},{\"@type\":\"ListItem\",\"position\":2,\"name\":\"Carrello\"}]},{\"@type\":\"WebSite\",\"@id\":\"https:\\\/\\\/derpsairer.it\\\/it\\\/#website\",\"url\":\"https:\\\/\\\/derpsairer.it\\\/it\\\/\",\"name\":\"Der Psairer - Speck, Wurst, K\u00e4se\",\"description\":\"Speck, Wurst und K\u00e4s aus Passeiertal in S\u00fcdtirol online bestellen.\",\"publisher\":{\"@id\":\"https:\\\/\\\/derpsairer.it\\\/it\\\/#organization\"},\"potentialAction\":[{\"@type\":\"SearchAction\",\"target\":{\"@type\":\"EntryPoint\",\"urlTemplate\":\"https:\\\/\\\/derpsairer.it\\\/it\\\/?s={search_term_string}\"},\"query-input\":{\"@type\":\"PropertyValueSpecification\",\"valueRequired\":true,\"valueName\":\"search_term_string\"}}],\"inLanguage\":\"it-IT\"},{\"@type\":\"Organization\",\"@id\":\"https:\\\/\\\/derpsairer.it\\\/it\\\/#organization\",\"name\":\"Der Psairer - Speck, Wurst, K\u00e4se\",\"url\":\"https:\\\/\\\/derpsairer.it\\\/it\\\/\",\"logo\":{\"@type\":\"ImageObject\",\"inLanguage\":\"it-IT\",\"@id\":\"https:\\\/\\\/derpsairer.it\\\/it\\\/#\\\/schema\\\/logo\\\/image\\\/\",\"url\":\"https:\\\/\\\/derpsairer.it\\\/wp-22\\\/wp-content\\\/uploads\\\/2020\\\/03\\\/DER-PSAIRER-LOGO-2x.png\",\"contentUrl\":\"https:\\\/\\\/derpsairer.it\\\/wp-22\\\/wp-content\\\/uploads\\\/2020\\\/03\\\/DER-PSAIRER-LOGO-2x.png\",\"width\":500,\"height\":500,\"caption\":\"Der Psairer - Speck, Wurst, K\u00e4se\"},\"image\":{\"@id\":\"https:\\\/\\\/derpsairer.it\\\/it\\\/#\\\/schema\\\/logo\\\/image\\\/\"},\"sameAs\":[\"https:\\\/\\\/www.facebook.com\\\/profile.php?id=100063648246860\"]}]}<\/script>\n<!-- \/ Yoast SEO plugin. -->","yoast_head_json":{"title":"Carrello - Der Psairer - Speck, Wurst, K\u00e4se","robots":{"index":"index","follow":"follow","max-snippet":"max-snippet:-1","max-image-preview":"max-image-preview:large","max-video-preview":"max-video-preview:-1"},"canonical":"https:\/\/derpsairer.it\/it\/carrello\/","og_locale":"it_IT","og_type":"article","og_title":"Carrello - Der Psairer - Speck, Wurst, K\u00e4se","og_url":"https:\/\/derpsairer.it\/it\/carrello\/","og_site_name":"Der Psairer - Speck, Wurst, K\u00e4se","article_publisher":"https:\/\/www.facebook.com\/profile.php?id=100063648246860","article_modified_time":"2025-10-17T09:21:48+00:00","og_image":[{"width":1920,"height":900,"url":"https:\/\/derpsairer.it\/wp-22\/wp-content\/uploads\/2020\/03\/der-psairer-speck-wurst-kaese-02.jpg","type":"image\/jpeg"}],"schema":{"@context":"https:\/\/schema.org","@graph":[{"@type":"WebPage","@id":"https:\/\/derpsairer.it\/it\/carrello\/","url":"https:\/\/derpsairer.it\/it\/carrello\/","name":"Carrello - Der Psairer - Speck, Wurst, K\u00e4se","isPartOf":{"@id":"https:\/\/derpsairer.it\/it\/#website"},"datePublished":"2021-01-18T14:50:56+00:00","dateModified":"2025-10-17T09:21:48+00:00","breadcrumb":{"@id":"https:\/\/derpsairer.it\/it\/carrello\/#breadcrumb"},"inLanguage":"it-IT","potentialAction":[{"@type":"ReadAction","target":["https:\/\/derpsairer.it\/it\/carrello\/"]}]},{"@type":"BreadcrumbList","@id":"https:\/\/derpsairer.it\/it\/carrello\/#breadcrumb","itemListElement":[{"@type":"ListItem","position":1,"name":"Home","item":"https:\/\/derpsairer.it\/it\/il-negozio-di-speck-der-psairer\/"},{"@type":"ListItem","position":2,"name":"Carrello"}]},{"@type":"WebSite","@id":"https:\/\/derpsairer.it\/it\/#website","url":"https:\/\/derpsairer.it\/it\/","name":"Der Psairer - Speck, Wurst, K\u00e4se","description":"Speck, Wurst und K\u00e4s aus Passeiertal in S\u00fcdtirol online bestellen.","publisher":{"@id":"https:\/\/derpsairer.it\/it\/#organization"},"potentialAction":[{"@type":"SearchAction","target":{"@type":"EntryPoint","urlTemplate":"https:\/\/derpsairer.it\/it\/?s={search_term_string}"},"query-input":{"@type":"PropertyValueSpecification","valueRequired":true,"valueName":"search_term_string"}}],"inLanguage":"it-IT"},{"@type":"Organization","@id":"https:\/\/derpsairer.it\/it\/#organization","name":"Der Psairer - Speck, Wurst, K\u00e4se","url":"https:\/\/derpsairer.it\/it\/","logo":{"@type":"ImageObject","inLanguage":"it-IT","@id":"https:\/\/derpsairer.it\/it\/#\/schema\/logo\/image\/","url":"https:\/\/derpsairer.it\/wp-22\/wp-content\/uploads\/2020\/03\/DER-PSAIRER-LOGO-2x.png","contentUrl":"https:\/\/derpsairer.it\/wp-22\/wp-content\/uploads\/2020\/03\/DER-PSAIRER-LOGO-2x.png","width":500,"height":500,"caption":"Der Psairer - Speck, Wurst, K\u00e4se"},"image":{"@id":"https:\/\/derpsairer.it\/it\/#\/schema\/logo\/image\/"},"sameAs":["https:\/\/www.facebook.com\/profile.php?id=100063648246860"]}]}},"_links":{"self":[{"href":"https:\/\/derpsairer.it\/it\/wp-json\/wp\/v2\/pages\/5005","targetHints":{"allow":["GET"]}}],"collection":[{"href":"https:\/\/derpsairer.it\/it\/wp-json\/wp\/v2\/pages"}],"about":[{"href":"https:\/\/derpsairer.it\/it\/wp-json\/wp\/v2\/types\/page"}],"author":[{"embeddable":true,"href":"https:\/\/derpsairer.it\/it\/wp-json\/wp\/v2\/users\/1"}],"replies":[{"embeddable":true,"href":"https:\/\/derpsairer.it\/it\/wp-json\/wp\/v2\/comments?post=5005"}],"version-history":[{"count":0,"href":"https:\/\/derpsairer.it\/it\/wp-json\/wp\/v2\/pages\/5005\/revisions"}],"wp:attachment":[{"href":"https:\/\/derpsairer.it\/it\/wp-json\/wp\/v2\/media?parent=5005"}],"curies":[{"name":"wp","href":"https:\/\/api.w.org\/{rel}","templated":true}]}}