{"id":5013,"date":"2015-06-10T15:44:02","date_gmt":"2015-06-10T13:44:02","guid":{"rendered":"https:\/\/derpsairer.it\/impressum\/"},"modified":"2015-06-10T15:44:02","modified_gmt":"2015-06-10T13:44:02","slug":"impressum","status":"publish","type":"page","link":"https:\/\/derpsairer.it\/it\/impressum\/","title":{"rendered":"Impressum"},"content":{"rendered":"<header class=\"entry-header\">\n<h2 class=\"entry-title\">[divider line_type=&#8221;no-line&#8221; custom_height=&#8221;50&#8243;]<\/h2>\n<p class=\"entry-title\"><strong>Titolare del sito web<br \/>\n<\/strong>Trompedeller Stephan<br \/>\nZona artigianale Schweinsteg 15<br \/>\nI-39015 San Leonardo in Passiria<br \/>\nTelefono 0039 347 186 8005<\/p>\n<\/header>\n<div class=\"entry-content clearfix\">\n<div class=\"textwidget\">\n<p><strong>Informazioni<\/strong><br \/>\nCod. Fisc. TRMSPH84D16F132G<br \/>\nNumero registro imprese: BZ-208255<\/p>\n<div class=\"textwidget\">\n<p><strong>E-mail <\/strong><br \/>\n<a href=\"mailto:info@derpsairer.it\">info@derpsairer.it<\/a><\/p>\n<p><strong>PEC<\/strong><br \/>\n<a href=\"mailto:trompedeller.stephan@pec.it\">trompedeller.stephan@pec.it<\/a><\/p>\n<\/div>\n<p>&nbsp;<\/p>\n<p><strong>Design &amp; Programmazione:<br \/>\n<\/strong><a title=\"[lukas fahrner] Programmazione web &amp; Ottimizzazione motori di ricerca\" href=\"http:\/\/fahrner.it\" target=\"_blank\" rel=\"noopener noreferrer\">[lukas fahrner] Programmazione web &amp; Ottimizzazione motori di ricerca<\/a> <\/p>\n<p><strong>Esclusione di responsabilit\u00e0<br \/>\n<\/strong>Questo sito web contiene link a siti web di terzi. Nonostante l&#8217;attento controllo dei contenuti, non ci assumiamo alcuna responsabilit\u00e0 per il contenuto dei siti web collegati. La responsabilit\u00e0 per il contenuto e la progettazione \u00e8 esclusivamente dei rispettivi gestori.<\/p>\n<p>Prestiamo attenzione alla completezza e all&#8217;attualit\u00e0 del sito web, tuttavia ci riserviamo il diritto di apportare modifiche a breve termine all&#8217;offerta. Si precisa che per l&#8217;ospite le prestazioni e il prezzo sono giuridicamente vincolanti secondo la conferma di prenotazione.<\/p>\n<p>Informazioni obbligatorie ai sensi del Regolamento UE n. 524\/2013 del Parlamento Europeo e del Consiglio<br \/>\nPiattaforma per la risoluzione online delle controversie dei consumatori (ODR) della Commissione Europea: <a href=\"http:\/\/ec.europa.eu\/consumers\/odr\/\" target=\"_blank\" rel=\"noopener noreferrer\">http:\/\/ec.europa.eu\/consumers\/odr\/<\/a><\/p>\n[divider line_type=&#8221;no-line&#8221; custom_height=&#8221;30&#8243;]\n<\/div>\n<\/div>\n","protected":false},"excerpt":{"rendered":"<p>[divider line_type=&#8221;no-line&#8221; custom_height=&#8221;50&#8243;] Titolare del sito web Trompedeller Stephan Zona artigianale Schweinsteg 15 I-39015 San Leonardo in Passiria Telefono 0039 347 186 8005 Informazioni Cod. Fisc. TRMSPH84D16F132G Numero registro imprese:&#8230;<\/p>\n","protected":false},"author":1,"featured_media":0,"parent":0,"menu_order":98,"comment_status":"closed","ping_status":"open","template":"","meta":{"footnotes":""},"class_list":["post-5013","page","type-page","status-publish"],"yoast_head":"<!-- This site is optimized with the Yoast SEO plugin v27.4 - https:\/\/yoast.com\/product\/yoast-seo-wordpress\/ -->\n<title>Impressum - Der Psairer - Speck, Wurst, K\u00e4se<\/title>\n<meta name=\"robots\" content=\"index, follow, max-snippet:-1, max-image-preview:large, max-video-preview:-1\" \/>\n<link rel=\"canonical\" href=\"https:\/\/derpsairer.it\/it\/impressum\/\" \/>\n<meta property=\"og:locale\" content=\"it_IT\" \/>\n<meta property=\"og:type\" content=\"article\" \/>\n<meta property=\"og:title\" content=\"Impressum - Der Psairer - Speck, Wurst, K\u00e4se\" \/>\n<meta property=\"og:description\" content=\"[divider line_type=&#8221;no-line&#8221; custom_height=&#8221;50&#8243;] Titolare del sito web Trompedeller Stephan Zona artigianale Schweinsteg 15 I-39015 San Leonardo in Passiria Telefono 0039 347 186 8005 Informazioni Cod. Fisc. TRMSPH84D16F132G Numero registro imprese:...\" \/>\n<meta property=\"og:url\" content=\"https:\/\/derpsairer.it\/it\/impressum\/\" \/>\n<meta property=\"og:site_name\" content=\"Der Psairer - Speck, Wurst, K\u00e4se\" \/>\n<meta property=\"article:publisher\" content=\"https:\/\/www.facebook.com\/profile.php?id=100063648246860\" \/>\n<meta property=\"og:image\" content=\"https:\/\/derpsairer.it\/wp-22\/wp-content\/uploads\/2020\/03\/der-psairer-speck-wurst-kaese-02.jpg\" \/>\n\t<meta property=\"og:image:width\" content=\"1920\" \/>\n\t<meta property=\"og:image:height\" content=\"900\" \/>\n\t<meta property=\"og:image:type\" content=\"image\/jpeg\" \/>\n<meta name=\"twitter:label1\" content=\"Tempo di lettura stimato\" \/>\n\t<meta name=\"twitter:data1\" content=\"1 minute\" \/>\n<script type=\"application\/ld+json\" class=\"yoast-schema-graph\">{\"@context\":\"https:\\\/\\\/schema.org\",\"@graph\":[{\"@type\":\"WebPage\",\"@id\":\"https:\\\/\\\/derpsairer.it\\\/it\\\/impressum\\\/\",\"url\":\"https:\\\/\\\/derpsairer.it\\\/it\\\/impressum\\\/\",\"name\":\"Impressum - Der Psairer - Speck, Wurst, K\u00e4se\",\"isPartOf\":{\"@id\":\"https:\\\/\\\/derpsairer.it\\\/it\\\/#website\"},\"datePublished\":\"2015-06-10T13:44:02+00:00\",\"breadcrumb\":{\"@id\":\"https:\\\/\\\/derpsairer.it\\\/it\\\/impressum\\\/#breadcrumb\"},\"inLanguage\":\"it-IT\",\"potentialAction\":[{\"@type\":\"ReadAction\",\"target\":[\"https:\\\/\\\/derpsairer.it\\\/it\\\/impressum\\\/\"]}]},{\"@type\":\"BreadcrumbList\",\"@id\":\"https:\\\/\\\/derpsairer.it\\\/it\\\/impressum\\\/#breadcrumb\",\"itemListElement\":[{\"@type\":\"ListItem\",\"position\":1,\"name\":\"Home\",\"item\":\"https:\\\/\\\/derpsairer.it\\\/it\\\/il-negozio-di-speck-der-psairer\\\/\"},{\"@type\":\"ListItem\",\"position\":2,\"name\":\"Impressum\"}]},{\"@type\":\"WebSite\",\"@id\":\"https:\\\/\\\/derpsairer.it\\\/it\\\/#website\",\"url\":\"https:\\\/\\\/derpsairer.it\\\/it\\\/\",\"name\":\"Der Psairer - Speck, Wurst, K\u00e4se\",\"description\":\"Speck, Wurst und K\u00e4s aus Passeiertal in S\u00fcdtirol online bestellen.\",\"publisher\":{\"@id\":\"https:\\\/\\\/derpsairer.it\\\/it\\\/#organization\"},\"potentialAction\":[{\"@type\":\"SearchAction\",\"target\":{\"@type\":\"EntryPoint\",\"urlTemplate\":\"https:\\\/\\\/derpsairer.it\\\/it\\\/?s={search_term_string}\"},\"query-input\":{\"@type\":\"PropertyValueSpecification\",\"valueRequired\":true,\"valueName\":\"search_term_string\"}}],\"inLanguage\":\"it-IT\"},{\"@type\":\"Organization\",\"@id\":\"https:\\\/\\\/derpsairer.it\\\/it\\\/#organization\",\"name\":\"Der Psairer - Speck, Wurst, K\u00e4se\",\"url\":\"https:\\\/\\\/derpsairer.it\\\/it\\\/\",\"logo\":{\"@type\":\"ImageObject\",\"inLanguage\":\"it-IT\",\"@id\":\"https:\\\/\\\/derpsairer.it\\\/it\\\/#\\\/schema\\\/logo\\\/image\\\/\",\"url\":\"https:\\\/\\\/derpsairer.it\\\/wp-22\\\/wp-content\\\/uploads\\\/2020\\\/03\\\/DER-PSAIRER-LOGO-2x.png\",\"contentUrl\":\"https:\\\/\\\/derpsairer.it\\\/wp-22\\\/wp-content\\\/uploads\\\/2020\\\/03\\\/DER-PSAIRER-LOGO-2x.png\",\"width\":500,\"height\":500,\"caption\":\"Der Psairer - Speck, Wurst, K\u00e4se\"},\"image\":{\"@id\":\"https:\\\/\\\/derpsairer.it\\\/it\\\/#\\\/schema\\\/logo\\\/image\\\/\"},\"sameAs\":[\"https:\\\/\\\/www.facebook.com\\\/profile.php?id=100063648246860\"]}]}<\/script>\n<!-- \/ Yoast SEO plugin. -->","yoast_head_json":{"title":"Impressum - Der Psairer - Speck, Wurst, K\u00e4se","robots":{"index":"index","follow":"follow","max-snippet":"max-snippet:-1","max-image-preview":"max-image-preview:large","max-video-preview":"max-video-preview:-1"},"canonical":"https:\/\/derpsairer.it\/it\/impressum\/","og_locale":"it_IT","og_type":"article","og_title":"Impressum - Der Psairer - Speck, Wurst, K\u00e4se","og_description":"[divider line_type=&#8221;no-line&#8221; custom_height=&#8221;50&#8243;] Titolare del sito web Trompedeller Stephan Zona artigianale Schweinsteg 15 I-39015 San Leonardo in Passiria Telefono 0039 347 186 8005 Informazioni Cod. Fisc. TRMSPH84D16F132G Numero registro imprese:...","og_url":"https:\/\/derpsairer.it\/it\/impressum\/","og_site_name":"Der Psairer - Speck, Wurst, K\u00e4se","article_publisher":"https:\/\/www.facebook.com\/profile.php?id=100063648246860","og_image":[{"width":1920,"height":900,"url":"https:\/\/derpsairer.it\/wp-22\/wp-content\/uploads\/2020\/03\/der-psairer-speck-wurst-kaese-02.jpg","type":"image\/jpeg"}],"twitter_misc":{"Tempo di lettura stimato":"1 minute"},"schema":{"@context":"https:\/\/schema.org","@graph":[{"@type":"WebPage","@id":"https:\/\/derpsairer.it\/it\/impressum\/","url":"https:\/\/derpsairer.it\/it\/impressum\/","name":"Impressum - Der Psairer - Speck, Wurst, K\u00e4se","isPartOf":{"@id":"https:\/\/derpsairer.it\/it\/#website"},"datePublished":"2015-06-10T13:44:02+00:00","breadcrumb":{"@id":"https:\/\/derpsairer.it\/it\/impressum\/#breadcrumb"},"inLanguage":"it-IT","potentialAction":[{"@type":"ReadAction","target":["https:\/\/derpsairer.it\/it\/impressum\/"]}]},{"@type":"BreadcrumbList","@id":"https:\/\/derpsairer.it\/it\/impressum\/#breadcrumb","itemListElement":[{"@type":"ListItem","position":1,"name":"Home","item":"https:\/\/derpsairer.it\/it\/il-negozio-di-speck-der-psairer\/"},{"@type":"ListItem","position":2,"name":"Impressum"}]},{"@type":"WebSite","@id":"https:\/\/derpsairer.it\/it\/#website","url":"https:\/\/derpsairer.it\/it\/","name":"Der Psairer - Speck, Wurst, K\u00e4se","description":"Speck, Wurst und K\u00e4s aus Passeiertal in S\u00fcdtirol online bestellen.","publisher":{"@id":"https:\/\/derpsairer.it\/it\/#organization"},"potentialAction":[{"@type":"SearchAction","target":{"@type":"EntryPoint","urlTemplate":"https:\/\/derpsairer.it\/it\/?s={search_term_string}"},"query-input":{"@type":"PropertyValueSpecification","valueRequired":true,"valueName":"search_term_string"}}],"inLanguage":"it-IT"},{"@type":"Organization","@id":"https:\/\/derpsairer.it\/it\/#organization","name":"Der Psairer - Speck, Wurst, K\u00e4se","url":"https:\/\/derpsairer.it\/it\/","logo":{"@type":"ImageObject","inLanguage":"it-IT","@id":"https:\/\/derpsairer.it\/it\/#\/schema\/logo\/image\/","url":"https:\/\/derpsairer.it\/wp-22\/wp-content\/uploads\/2020\/03\/DER-PSAIRER-LOGO-2x.png","contentUrl":"https:\/\/derpsairer.it\/wp-22\/wp-content\/uploads\/2020\/03\/DER-PSAIRER-LOGO-2x.png","width":500,"height":500,"caption":"Der Psairer - Speck, Wurst, K\u00e4se"},"image":{"@id":"https:\/\/derpsairer.it\/it\/#\/schema\/logo\/image\/"},"sameAs":["https:\/\/www.facebook.com\/profile.php?id=100063648246860"]}]}},"_links":{"self":[{"href":"https:\/\/derpsairer.it\/it\/wp-json\/wp\/v2\/pages\/5013","targetHints":{"allow":["GET"]}}],"collection":[{"href":"https:\/\/derpsairer.it\/it\/wp-json\/wp\/v2\/pages"}],"about":[{"href":"https:\/\/derpsairer.it\/it\/wp-json\/wp\/v2\/types\/page"}],"author":[{"embeddable":true,"href":"https:\/\/derpsairer.it\/it\/wp-json\/wp\/v2\/users\/1"}],"replies":[{"embeddable":true,"href":"https:\/\/derpsairer.it\/it\/wp-json\/wp\/v2\/comments?post=5013"}],"version-history":[{"count":0,"href":"https:\/\/derpsairer.it\/it\/wp-json\/wp\/v2\/pages\/5013\/revisions"}],"wp:attachment":[{"href":"https:\/\/derpsairer.it\/it\/wp-json\/wp\/v2\/media?parent=5013"}],"curies":[{"name":"wp","href":"https:\/\/api.w.org\/{rel}","templated":true}]}}