{"id":5043,"date":"2015-06-10T15:45:23","date_gmt":"2015-06-10T13:45:23","guid":{"rendered":"https:\/\/derpsairer.it\/privacy\/"},"modified":"2015-06-10T15:45:23","modified_gmt":"2015-06-10T13:45:23","slug":"privacy","status":"publish","type":"page","link":"https:\/\/derpsairer.it\/it\/privacy\/","title":{"rendered":"Privacy"},"content":{"rendered":"<h2>[divider line_type=&#8221;no-line&#8221; custom_height=&#8221;50&#8243;]<\/h2>\n<p>Il responsabile ai sensi delle leggi sulla protezione dei dati, in particolare del regolamento generale sulla protezione dei dati dell&#8217;UE (GDPR), \u00e8:<\/p>\n<p><strong>Der Psairer Speckshop<\/strong><br \/>\nTrompedeller Stephan<br \/>\nZona artigianale Schweinsteg 15<br \/>\nI-39015 San Leonardo in Passiria<\/p>\n<p>Telefono 0039 347 186 8005<br \/>\n<a href=\"mailto:info@derpsairer.it\">info@derpsairer.it<\/a><\/p>\n<h3>I tuoi diritti come interessato<\/h3>\n<p>Puoi esercitare i seguenti diritti in qualsiasi momento utilizzando i dati di contatto forniti del nostro responsabile della protezione dei dati:<\/p>\n<ul>\n<li>Informazioni sui tuoi dati memorizzati presso di noi e sul loro trattamento,<\/li>\n<li>Correzione di dati personali errati,<\/li>\n<li>Cancellazione dei tuoi dati memorizzati presso di noi,<\/li>\n<li>Limitazione del trattamento dei dati, a condizione che non possiamo ancora cancellare i tuoi dati a causa di obblighi legali,<\/li>\n<li>Opposizione al trattamento dei tuoi dati presso di noi e<\/li>\n<li>Portabilit\u00e0 dei dati, a condizione che tu abbia acconsentito al trattamento dei dati o abbia stipulato un contratto con noi.<\/li>\n<\/ul>\n<p>Se ci hai dato il tuo consenso, puoi revocarlo in qualsiasi momento con effetto per il futuro.<\/p>\n<h3>Finalit\u00e0 del trattamento dei dati da parte del responsabile e di terzi<\/h3>\n<p>Trattiamo i tuoi dati personali solo per le finalit\u00e0 indicate nella presente informativa sulla privacy. I tuoi dati personali non saranno trasmessi a terzi per scopi diversi da quelli menzionati. Trasmettiamo i tuoi dati personali a terzi solo se:  <\/p>\n<ul>\n<li>Hai dato il tuo esplicito consenso,<\/li>\n<li>Il trattamento \u00e8 necessario per l&#8217;esecuzione di un contratto con te,<\/li>\n<li>Il trattamento \u00e8 necessario per adempiere a un obbligo legale,<\/li>\n<li>Il trattamento \u00e8 necessario per tutelare interessi legittimi e non vi \u00e8 motivo di ritenere che tu abbia un interesse prevalente degno di protezione a non divulgare i tuoi dati.<\/li>\n<\/ul>\n<h3>Raccolta di informazioni generali quando visiti il nostro sito web<\/h3>\n<p>Quando accedi al nostro sito web, le informazioni di natura generale vengono automaticamente raccolte tramite un cookie. Queste informazioni (file di log del server) includono il tipo di browser web, il sistema operativo utilizzato, il nome di dominio del tuo provider di servizi Internet e simili. Si tratta esclusivamente di informazioni che non consentono di trarre conclusioni sulla tua persona.<x id=\"gid_0\"><\/x>Queste informazioni sono tecnicamente necessarie per fornire correttamente i contenuti richiesti dei siti web e sono obbligatorie quando si utilizza Internet. Vengono elaborate in particolare per i seguenti scopi:   <\/p>\n<ul>\n<li>Garantire una connessione senza problemi al sito web,<\/li>\n<li>Garantire un utilizzo agevole del nostro sito web,<\/li>\n<li>Valutazione della sicurezza e della stabilit\u00e0 del sistema e<\/li>\n<li>Per ulteriori scopi amministrativi.<\/li>\n<\/ul>\n<p>Il trattamento dei tuoi dati personali si basa sul nostro legittimo interesse derivante dalle finalit\u00e0 di cui sopra per la raccolta dei dati. Non utilizziamo i tuoi dati per trarre conclusioni sulla tua persona. I destinatari dei dati sono solo il responsabile e, se necessario, i responsabili del trattamento.<br \/>\nInformazioni anonime di questo tipo possono essere valutate statisticamente da noi per ottimizzare la nostra presenza su Internet e la tecnologia alla base.   <\/p>\n<h3>Il nostro impegno a livello aziendale per proteggere i tuoi diritti alla privacy<\/h3>\n<p>Adottiamo precauzioni, comprese procedure amministrative, elettroniche e fisiche, per proteggere i tuoi dati personali da perdita, furto e abuso, nonch\u00e9 da accesso non autorizzato, divulgazione, alterazione e distruzione.<br \/>\nPer garantire la sicurezza dei tuoi dati personali, le presenti linee guida vengono trasmesse a tutti i dipendenti e le precauzioni di sicurezza per proteggere i diritti alla privacy all&#8217;interno dell&#8217;azienda sono rigorosamente implementate.<br \/>\nIl sito web contiene collegamenti a siti web di altre societ\u00e0. Non siamo responsabili del modo in cui queste societ\u00e0 gestiscono i diritti alla privacy. Ti consigliamo pertanto di informarti sull&#8217;informativa sulla privacy di queste societ\u00e0.  <\/p>\n<h3>Cookie e altre tecnologie<\/h3>\n<p>Come molti altri siti web, utilizziamo anche i cosiddetti \u201ccookie\u201d. I cookie sono piccoli file di testo che vengono trasferiti da un server di siti web sul tuo disco rigido. In questo modo, riceviamo automaticamente determinati dati come l&#8217;indirizzo IP, il browser utilizzato, il sistema operativo e la tua connessione a Internet.<br \/>\nI cookie non possono essere utilizzati per avviare programmi o trasmettere virus a un computer. Sulla base delle informazioni contenute nei cookie, possiamo semplificarti la navigazione e consentire la corretta visualizzazione delle nostre pagine web.<br \/>\nIn nessun caso i dati da noi raccolti saranno trasmessi a terzi o collegati a dati personali senza il tuo consenso.<br \/>\nNaturalmente, puoi anche visitare il nostro sito web senza cookie. I browser Internet sono regolarmente impostati per accettare i cookie. In generale, puoi disattivare l&#8217;uso dei cookie in qualsiasi momento tramite le impostazioni del tuo browser. Utilizza le funzioni di aiuto del tuo browser Internet per scoprire come modificare queste impostazioni. Tieni presente che alcune funzioni del nostro sito web potrebbero non funzionare se hai disattivato l&#8217;uso dei cookie.<br \/>\n<a href=\"https:\/\/derpsairer.it\/wp-22\/cookies\">Qui puoi saperne di pi\u00f9 sui nostri cookie &gt;<\/a><\/p>\n<h3>File di log<\/h3>\n<p>Come la maggior parte dei siti web, anche noi raccogliamo automaticamente determinate informazioni e le memorizziamo in file di protocollo. Queste informazioni includono indirizzi di protocollo Internet (indirizzi IP), tipo di browser, provider di servizi Internet (ISP), pagine di riferimento\/uscita, sistema operativo, timestamp di data\/ora e dati clickstream.<br \/>\nQuesti dati, chiamati anche file di log, si trovano sui server di <strong>ALL-INKL.COM<\/strong> \u2013 Neue Medien M\u00fcnnich in Germania e vengono solitamente cancellati dopo alcuni giorni <\/p>\n<h3>Crittografia SSL<\/h3>\n<p>Per proteggere la sicurezza dei tuoi dati durante la trasmissione, utilizziamo procedure di crittografia all&#8217;avanguardia (ad esempio SSL) tramite HTTPS<\/p>\n<h3>Modulo di contatto<\/h3>\n<p>Se ci contatti via e-mail o tramite il modulo di contatto per domande di qualsiasi tipo, ci dai il tuo consenso volontario ai fini del contatto. A tal fine, \u00e8 necessario fornire un indirizzo e-mail valido. Questo serve per assegnare la richiesta e per la successiva risposta. La fornitura di ulteriori dati \u00e8 facoltativa. Le informazioni fornite verranno memorizzate allo scopo di elaborare la richiesta e per possibili domande di follow-up. Dopo che la richiesta che hai fatto \u00e8 stata elaborata, i dati personali vengono automaticamente cancellati.     <\/p>\n<h3>Utilizzo di servizi esterni<\/h3>\n<p><strong>Questo sito web utilizza i seguenti servizi di tracciamento esterni:<\/strong><\/p>\n<ul>\n<li><a href=\"https:\/\/support.google.com\/analytics\/answer\/2790010?hl=de\" target=\"_blank\" rel=\"noopener noreferrer\">Google Analytics Universal Tracking<\/a><\/li>\n<\/ul>\n<p><strong>UTILIZZO DI GOOGLE ANALYTICS<\/strong><\/p>\n<p>Questo sito web utilizza <strong>Google Analytics tramite IP-Masking<\/strong> per garantire una raccolta anonima degli indirizzi IP.<br \/>\nTieni presente che continuiamo a utilizzare Google Analytics per valutare i dati di AdWords e del cookie DoubleClick a fini statistici. Se non lo desideri, puoi disattivarlo tramite il gestore delle preferenze degli annunci su <a href=\"https:\/\/adssettings.google.com\/?hl=de\" target=\"_blank\" rel=\"noopener noreferrer\">https:\/\/adssettings.google.com\/?hl=de<\/a>. <\/p>\n<p>Questo sito web utilizza Google Analytics, un servizio di analisi web fornito da Google Inc. (\u201cGoogle\u201d). Google Analytics utilizza i cosiddetti \u201ccookie\u201d, file di testo che vengono memorizzati sul tuo computer e che consentono di analizzare il tuo utilizzo del sito web. Le informazioni generate dal cookie sull&#8217;utilizzo di questo sito web vengono solitamente trasmesse a un server di Google negli Stati Uniti e l\u00ec memorizzate. Attivando l&#8217;anonimizzazione dell&#8217;IP su questo sito web, il tuo indirizzo IP verr\u00e0 preventivamente abbreviato da Google all&#8217;interno degli stati membri dell&#8217;Unione Europea o in altri stati contraenti dell&#8217;accordo sullo Spazio economico europeo. Solo in casi eccezionali l&#8217;indirizzo IP completo verr\u00e0 trasmesso a un server di Google negli Stati Uniti e l\u00ec abbreviato.<x id=\"gid_0\"><\/x>Per conto del gestore di questo sito web, Google utilizzer\u00e0 queste informazioni per valutare il tuo utilizzo del sito web, per compilare report sulle attivit\u00e0 del sito web e per fornire altri servizi relativi all&#8217;utilizzo del sito web e all&#8217;utilizzo di Internet al gestore del sito web. L&#8217;indirizzo IP trasmesso dal tuo browser nell&#8217;ambito di Google Analytics non verr\u00e0 unito ad altri dati di Google.      <\/p>\n<p>Puoi impedire la memorizzazione dei cookie impostando di conseguenza il software del tuo browser. Tieni presente che in questo caso potresti non essere in grado di utilizzare tutte le funzioni di questo sito web. <\/p>\n<p>Puoi impedire la raccolta dei dati relativi al tuo utilizzo di questo sito web (incluso il tuo indirizzo IP) e il trattamento di questi dati da parte di Google scaricando e installando il plug-in del browser disponibile al seguente link <a href=\"https:\/\/tools.google.com\/dlpage\/gaoptout?hl=de\" target=\"_blank\" rel=\"noopener noreferrer\">https:\/\/tools.google.com\/dlpage\/gaoptout?hl=de<\/a>.<\/p>\n<p>Puoi inoltre impedire la raccolta da parte di Google Analytics facendo clic sul seguente link. Verr\u00e0 impostato un cookie di opt-out che impedir\u00e0 la futura raccolta dei tuoi dati quando visiti questo sito web: <a title=\"Imposta il cookie di opt-out di Google Analytics\" href=\"https:\/\/riederhof.it\/datenschutzerklaerung\/#\">Disattiva Google Analytics.<\/a> <\/p>\n<p>Ulteriori informazioni sui termini di utilizzo e sulla protezione dei dati di Google Analytics sono disponibili all&#8217;indirizzo: <a href=\"https:\/\/www.google.com\/analytics\/terms\/de.html\" target=\"_blank\" rel=\"noopener noreferrer\">https:\/\/www.google.com\/analytics\/terms\/de.html<\/a> e all&#8217;indirizzo <a href=\"https:\/\/support.google.com\/analytics\/answer\/6004245?hl=de\" target=\"_blank\" rel=\"noopener noreferrer\">https:\/\/support.google.com\/analytics\/answer\/6004245?hl=de<\/a>.<\/p>\n<h3>Utilizzo di librerie di script (Google Webfonts)<\/h3>\n<p>Per visualizzare correttamente e graficamente i nostri contenuti su tutti i browser, utilizziamo librerie di script e librerie di caratteri come <strong>Google Webfonts<\/strong> (<a href=\"https:\/\/www.google.com\/webfonts\/\" target=\"_blank\" rel=\"noopener noreferrer\">https:\/\/www.google.com\/webfonts\/<\/a>). Google Webfonts vengono trasferiti nella cache del tuo browser per evitare caricamenti multipli. Se il browser non supporta Google Webfonts o ne impedisce l&#8217;accesso, i contenuti vengono visualizzati in un carattere standard.<br \/>\nLa chiamata di librerie di script o librerie di caratteri attiva automaticamente una connessione all&#8217;operatore della libreria. In linea di principio, \u00e8 possibile \u2013 ma attualmente non \u00e8 chiaro se e, in caso affermativo, per quali scopi \u2013 che gli operatori delle librerie corrispondenti raccolgano dati.<br \/>\nL&#8217;informativa sulla privacy dell&#8217;operatore della libreria Google \u00e8 disponibile qui: <a href=\"https:\/\/www.google.com\/policies\/privacy\/\" target=\"_blank\" rel=\"noopener noreferrer\">https:\/\/www.google.com\/policies\/privacy\/<\/a><\/p>\n<h3>Modifica delle nostre disposizioni sulla protezione dei dati<\/h3>\n<p>Ci riserviamo il diritto di modificare la presente informativa sulla privacy in modo che sia sempre conforme ai requisiti legali vigenti o per implementare modifiche ai nostri servizi nell&#8217;informativa sulla privacy, ad esempio quando si introducono nuovi servizi. Per la tua prossima visita si applicher\u00e0 la nuova informativa sulla privacy.<\/p>\n<p><strong>Domande al responsabile della protezione dei dati<\/strong><br \/>\nSe hai domande sulla protezione dei dati, scrivici un&#8217;e-mail <a href=\"mailto:info@derpsairer.it\">info@derpsairer.it<\/a><\/p>\n","protected":false},"excerpt":{"rendered":"<p>[divider line_type=&#8221;no-line&#8221; custom_height=&#8221;50&#8243;] Il responsabile ai sensi delle leggi sulla protezione dei dati, in particolare del regolamento generale sulla protezione dei dati dell&#8217;UE (GDPR), \u00e8: Der Psairer Speckshop Trompedeller Stephan&#8230;<\/p>\n","protected":false},"author":1,"featured_media":0,"parent":0,"menu_order":99,"comment_status":"closed","ping_status":"open","template":"","meta":{"footnotes":""},"class_list":["post-5043","page","type-page","status-publish"],"yoast_head":"<!-- This site is optimized with the Yoast SEO plugin v27.4 - https:\/\/yoast.com\/product\/yoast-seo-wordpress\/ -->\n<title>Privacy - Der Psairer - Speck, Wurst, K\u00e4se<\/title>\n<meta name=\"robots\" content=\"index, follow, max-snippet:-1, max-image-preview:large, max-video-preview:-1\" \/>\n<link rel=\"canonical\" href=\"https:\/\/derpsairer.it\/it\/privacy\/\" \/>\n<meta property=\"og:locale\" content=\"it_IT\" \/>\n<meta property=\"og:type\" content=\"article\" \/>\n<meta property=\"og:title\" content=\"Privacy - Der Psairer - Speck, Wurst, K\u00e4se\" \/>\n<meta property=\"og:description\" content=\"[divider line_type=&#8221;no-line&#8221; custom_height=&#8221;50&#8243;] Il responsabile ai sensi delle leggi sulla protezione dei dati, in particolare del regolamento generale sulla protezione dei dati dell&#8217;UE (GDPR), \u00e8: Der Psairer Speckshop Trompedeller Stephan...\" \/>\n<meta property=\"og:url\" content=\"https:\/\/derpsairer.it\/it\/privacy\/\" \/>\n<meta property=\"og:site_name\" content=\"Der Psairer - Speck, Wurst, K\u00e4se\" \/>\n<meta property=\"article:publisher\" content=\"https:\/\/www.facebook.com\/profile.php?id=100063648246860\" \/>\n<meta property=\"og:image\" content=\"https:\/\/derpsairer.it\/wp-22\/wp-content\/uploads\/2020\/03\/der-psairer-speck-wurst-kaese-02.jpg\" \/>\n\t<meta property=\"og:image:width\" content=\"1920\" \/>\n\t<meta property=\"og:image:height\" content=\"900\" \/>\n\t<meta property=\"og:image:type\" content=\"image\/jpeg\" \/>\n<meta name=\"twitter:label1\" content=\"Tempo di lettura stimato\" \/>\n\t<meta name=\"twitter:data1\" content=\"8 minutes\" \/>\n<script type=\"application\/ld+json\" class=\"yoast-schema-graph\">{\"@context\":\"https:\\\/\\\/schema.org\",\"@graph\":[{\"@type\":\"WebPage\",\"@id\":\"https:\\\/\\\/derpsairer.it\\\/it\\\/privacy\\\/\",\"url\":\"https:\\\/\\\/derpsairer.it\\\/it\\\/privacy\\\/\",\"name\":\"Privacy - Der Psairer - Speck, Wurst, K\u00e4se\",\"isPartOf\":{\"@id\":\"https:\\\/\\\/derpsairer.it\\\/it\\\/#website\"},\"datePublished\":\"2015-06-10T13:45:23+00:00\",\"breadcrumb\":{\"@id\":\"https:\\\/\\\/derpsairer.it\\\/it\\\/privacy\\\/#breadcrumb\"},\"inLanguage\":\"it-IT\",\"potentialAction\":[{\"@type\":\"ReadAction\",\"target\":[\"https:\\\/\\\/derpsairer.it\\\/it\\\/privacy\\\/\"]}]},{\"@type\":\"BreadcrumbList\",\"@id\":\"https:\\\/\\\/derpsairer.it\\\/it\\\/privacy\\\/#breadcrumb\",\"itemListElement\":[{\"@type\":\"ListItem\",\"position\":1,\"name\":\"Home\",\"item\":\"https:\\\/\\\/derpsairer.it\\\/it\\\/il-negozio-di-speck-der-psairer\\\/\"},{\"@type\":\"ListItem\",\"position\":2,\"name\":\"Privacy\"}]},{\"@type\":\"WebSite\",\"@id\":\"https:\\\/\\\/derpsairer.it\\\/it\\\/#website\",\"url\":\"https:\\\/\\\/derpsairer.it\\\/it\\\/\",\"name\":\"Der Psairer - Speck, Wurst, K\u00e4se\",\"description\":\"Speck, Wurst und K\u00e4s aus Passeiertal in S\u00fcdtirol online bestellen.\",\"publisher\":{\"@id\":\"https:\\\/\\\/derpsairer.it\\\/it\\\/#organization\"},\"potentialAction\":[{\"@type\":\"SearchAction\",\"target\":{\"@type\":\"EntryPoint\",\"urlTemplate\":\"https:\\\/\\\/derpsairer.it\\\/it\\\/?s={search_term_string}\"},\"query-input\":{\"@type\":\"PropertyValueSpecification\",\"valueRequired\":true,\"valueName\":\"search_term_string\"}}],\"inLanguage\":\"it-IT\"},{\"@type\":\"Organization\",\"@id\":\"https:\\\/\\\/derpsairer.it\\\/it\\\/#organization\",\"name\":\"Der Psairer - Speck, Wurst, K\u00e4se\",\"url\":\"https:\\\/\\\/derpsairer.it\\\/it\\\/\",\"logo\":{\"@type\":\"ImageObject\",\"inLanguage\":\"it-IT\",\"@id\":\"https:\\\/\\\/derpsairer.it\\\/it\\\/#\\\/schema\\\/logo\\\/image\\\/\",\"url\":\"https:\\\/\\\/derpsairer.it\\\/wp-22\\\/wp-content\\\/uploads\\\/2020\\\/03\\\/DER-PSAIRER-LOGO-2x.png\",\"contentUrl\":\"https:\\\/\\\/derpsairer.it\\\/wp-22\\\/wp-content\\\/uploads\\\/2020\\\/03\\\/DER-PSAIRER-LOGO-2x.png\",\"width\":500,\"height\":500,\"caption\":\"Der Psairer - Speck, Wurst, K\u00e4se\"},\"image\":{\"@id\":\"https:\\\/\\\/derpsairer.it\\\/it\\\/#\\\/schema\\\/logo\\\/image\\\/\"},\"sameAs\":[\"https:\\\/\\\/www.facebook.com\\\/profile.php?id=100063648246860\"]}]}<\/script>\n<!-- \/ Yoast SEO plugin. -->","yoast_head_json":{"title":"Privacy - Der Psairer - Speck, Wurst, K\u00e4se","robots":{"index":"index","follow":"follow","max-snippet":"max-snippet:-1","max-image-preview":"max-image-preview:large","max-video-preview":"max-video-preview:-1"},"canonical":"https:\/\/derpsairer.it\/it\/privacy\/","og_locale":"it_IT","og_type":"article","og_title":"Privacy - Der Psairer - Speck, Wurst, K\u00e4se","og_description":"[divider line_type=&#8221;no-line&#8221; custom_height=&#8221;50&#8243;] Il responsabile ai sensi delle leggi sulla protezione dei dati, in particolare del regolamento generale sulla protezione dei dati dell&#8217;UE (GDPR), \u00e8: Der Psairer Speckshop Trompedeller Stephan...","og_url":"https:\/\/derpsairer.it\/it\/privacy\/","og_site_name":"Der Psairer - Speck, Wurst, K\u00e4se","article_publisher":"https:\/\/www.facebook.com\/profile.php?id=100063648246860","og_image":[{"width":1920,"height":900,"url":"https:\/\/derpsairer.it\/wp-22\/wp-content\/uploads\/2020\/03\/der-psairer-speck-wurst-kaese-02.jpg","type":"image\/jpeg"}],"twitter_misc":{"Tempo di lettura stimato":"8 minutes"},"schema":{"@context":"https:\/\/schema.org","@graph":[{"@type":"WebPage","@id":"https:\/\/derpsairer.it\/it\/privacy\/","url":"https:\/\/derpsairer.it\/it\/privacy\/","name":"Privacy - Der Psairer - Speck, Wurst, K\u00e4se","isPartOf":{"@id":"https:\/\/derpsairer.it\/it\/#website"},"datePublished":"2015-06-10T13:45:23+00:00","breadcrumb":{"@id":"https:\/\/derpsairer.it\/it\/privacy\/#breadcrumb"},"inLanguage":"it-IT","potentialAction":[{"@type":"ReadAction","target":["https:\/\/derpsairer.it\/it\/privacy\/"]}]},{"@type":"BreadcrumbList","@id":"https:\/\/derpsairer.it\/it\/privacy\/#breadcrumb","itemListElement":[{"@type":"ListItem","position":1,"name":"Home","item":"https:\/\/derpsairer.it\/it\/il-negozio-di-speck-der-psairer\/"},{"@type":"ListItem","position":2,"name":"Privacy"}]},{"@type":"WebSite","@id":"https:\/\/derpsairer.it\/it\/#website","url":"https:\/\/derpsairer.it\/it\/","name":"Der Psairer - Speck, Wurst, K\u00e4se","description":"Speck, Wurst und K\u00e4s aus Passeiertal in S\u00fcdtirol online bestellen.","publisher":{"@id":"https:\/\/derpsairer.it\/it\/#organization"},"potentialAction":[{"@type":"SearchAction","target":{"@type":"EntryPoint","urlTemplate":"https:\/\/derpsairer.it\/it\/?s={search_term_string}"},"query-input":{"@type":"PropertyValueSpecification","valueRequired":true,"valueName":"search_term_string"}}],"inLanguage":"it-IT"},{"@type":"Organization","@id":"https:\/\/derpsairer.it\/it\/#organization","name":"Der Psairer - Speck, Wurst, K\u00e4se","url":"https:\/\/derpsairer.it\/it\/","logo":{"@type":"ImageObject","inLanguage":"it-IT","@id":"https:\/\/derpsairer.it\/it\/#\/schema\/logo\/image\/","url":"https:\/\/derpsairer.it\/wp-22\/wp-content\/uploads\/2020\/03\/DER-PSAIRER-LOGO-2x.png","contentUrl":"https:\/\/derpsairer.it\/wp-22\/wp-content\/uploads\/2020\/03\/DER-PSAIRER-LOGO-2x.png","width":500,"height":500,"caption":"Der Psairer - Speck, Wurst, K\u00e4se"},"image":{"@id":"https:\/\/derpsairer.it\/it\/#\/schema\/logo\/image\/"},"sameAs":["https:\/\/www.facebook.com\/profile.php?id=100063648246860"]}]}},"_links":{"self":[{"href":"https:\/\/derpsairer.it\/it\/wp-json\/wp\/v2\/pages\/5043","targetHints":{"allow":["GET"]}}],"collection":[{"href":"https:\/\/derpsairer.it\/it\/wp-json\/wp\/v2\/pages"}],"about":[{"href":"https:\/\/derpsairer.it\/it\/wp-json\/wp\/v2\/types\/page"}],"author":[{"embeddable":true,"href":"https:\/\/derpsairer.it\/it\/wp-json\/wp\/v2\/users\/1"}],"replies":[{"embeddable":true,"href":"https:\/\/derpsairer.it\/it\/wp-json\/wp\/v2\/comments?post=5043"}],"version-history":[{"count":0,"href":"https:\/\/derpsairer.it\/it\/wp-json\/wp\/v2\/pages\/5043\/revisions"}],"wp:attachment":[{"href":"https:\/\/derpsairer.it\/it\/wp-json\/wp\/v2\/media?parent=5043"}],"curies":[{"name":"wp","href":"https:\/\/api.w.org\/{rel}","templated":true}]}}