{"id":5033,"date":"2024-04-21T15:50:33","date_gmt":"2024-04-21T13:50:33","guid":{"rendered":"https:\/\/derpsairer.it\/produkt\/miele-di-acacia-con-nocciole\/"},"modified":"2025-12-11T10:47:53","modified_gmt":"2025-12-11T09:47:53","slug":"miele-di-acacia-con-nocciole","status":"publish","type":"product","link":"https:\/\/derpsairer.it\/it\/produkt\/miele-di-acacia-con-nocciole\/","title":{"rendered":"Miele di acacia con nocciole \u2013 miele dolce e delicato con aroma di nocciola"},"content":{"rendered":"<p data-start=\"212\" data-end=\"531\">Questo miele di acacia con nocciole unisce il miele di acacia delicato e dorato con nocciole appena tostate. La dolcezza delicata del miele esalta l&#8217;aroma intenso di nocciola e garantisce un sapore armonioso. Ideale con formaggio, pane, yogurt o pancake e un piacere speciale anche al naturale.  <\/p>\n<p data-start=\"533\" data-end=\"574\">Contenuto: 220 g.<\/p>\n","protected":false},"excerpt":{"rendered":"<p>\u2022 Miele dolce e delicato<br data-start=\"934\" data-end=\"937\">\u2022 Nocciole tostate<br data-start=\"959\" data-end=\"962\">\u2022 Sapore armonioso<br data-start=\"986\" data-end=\"989\">\u2022 Topping versatile<br data-start=\"1011\" data-end=\"1014\">\u2022 Piacere raffinato<\/p>\n","protected":false},"featured_media":5034,"template":"","meta":[],"product_brand":[],"product_cat":[146],"product_tag":[2062,1692,284,270,2814,269,2788,3019,1625,3029],"class_list":{"0":"post-5033","1":"product","2":"type-product","3":"status-publish","4":"has-post-thumbnail","6":"product_cat-miele","7":"product_tag-con-formaggio","8":"product_tag-delicata","9":"product_tag-fruehstueck","10":"product_tag-honig-mit-nuessen","11":"product_tag-intenditori","12":"product_tag-miele-di-acacia","13":"product_tag-naturale-2","14":"product_tag-nocciola-2","15":"product_tag-per-pane","16":"product_tag-topping","18":"first","19":"instock","20":"shipping-taxable","21":"purchasable","22":"product-type-simple"},"yoast_head":"<!-- This site is optimized with the Yoast SEO plugin v27.4 - https:\/\/yoast.com\/product\/yoast-seo-wordpress\/ -->\n<title>Miele di acacia con nocciole \u2013 Dolce, con note di nocciola e aromatico - Der Psairer - Speck, Wurst, K\u00e4se<\/title>\n<meta name=\"description\" content=\"Delicato miele di acacia con nocciole \u2013 sapore delicato, dolce e con note di nocciola. Perfetto per arricchire formaggi, dessert o da gustare al naturale.\" \/>\n<meta name=\"robots\" content=\"index, follow, max-snippet:-1, max-image-preview:large, max-video-preview:-1\" \/>\n<link rel=\"canonical\" href=\"https:\/\/derpsairer.it\/it\/produkt\/miele-di-acacia-con-nocciole\/\" \/>\n<meta property=\"og:locale\" content=\"it_IT\" \/>\n<meta property=\"og:type\" content=\"article\" \/>\n<meta property=\"og:title\" content=\"Miele di acacia con nocciole \u2013 Dolce, con note di nocciola e aromatico - Der Psairer - Speck, Wurst, K\u00e4se\" \/>\n<meta property=\"og:description\" content=\"Delicato miele di acacia con nocciole \u2013 sapore delicato, dolce e con note di nocciola. Perfetto per arricchire formaggi, dessert o da gustare al naturale.\" \/>\n<meta property=\"og:url\" content=\"https:\/\/derpsairer.it\/it\/produkt\/miele-di-acacia-con-nocciole\/\" \/>\n<meta property=\"og:site_name\" content=\"Der Psairer - Speck, Wurst, K\u00e4se\" \/>\n<meta property=\"article:publisher\" content=\"https:\/\/www.facebook.com\/profile.php?id=100063648246860\" \/>\n<meta property=\"article:modified_time\" content=\"2025-12-11T09:47:53+00:00\" \/>\n<meta property=\"og:image\" content=\"https:\/\/derpsairer.it\/wp-22\/wp-content\/uploads\/2024\/04\/20240421_141017.jpg\" \/>\n\t<meta property=\"og:image:width\" content=\"2000\" \/>\n\t<meta property=\"og:image:height\" content=\"2000\" \/>\n\t<meta property=\"og:image:type\" content=\"image\/jpeg\" \/>\n<script type=\"application\/ld+json\" class=\"yoast-schema-graph\">{\"@context\":\"https:\\\/\\\/schema.org\",\"@graph\":[{\"@type\":\"WebPage\",\"@id\":\"https:\\\/\\\/derpsairer.it\\\/it\\\/produkt\\\/miele-di-acacia-con-nocciole\\\/\",\"url\":\"https:\\\/\\\/derpsairer.it\\\/it\\\/produkt\\\/miele-di-acacia-con-nocciole\\\/\",\"name\":\"Miele di acacia con nocciole \u2013 Dolce, con note di nocciola e aromatico - Der Psairer - Speck, Wurst, K\u00e4se\",\"isPartOf\":{\"@id\":\"https:\\\/\\\/derpsairer.it\\\/it\\\/#website\"},\"primaryImageOfPage\":{\"@id\":\"https:\\\/\\\/derpsairer.it\\\/it\\\/produkt\\\/miele-di-acacia-con-nocciole\\\/#primaryimage\"},\"image\":{\"@id\":\"https:\\\/\\\/derpsairer.it\\\/it\\\/produkt\\\/miele-di-acacia-con-nocciole\\\/#primaryimage\"},\"thumbnailUrl\":\"https:\\\/\\\/derpsairer.it\\\/wp-22\\\/wp-content\\\/uploads\\\/2024\\\/04\\\/20240421_141017.jpg\",\"datePublished\":\"2024-04-21T13:50:33+00:00\",\"dateModified\":\"2025-12-11T09:47:53+00:00\",\"description\":\"Delicato miele di acacia con nocciole \u2013 sapore delicato, dolce e con note di nocciola. Perfetto per arricchire formaggi, dessert o da gustare al naturale.\",\"breadcrumb\":{\"@id\":\"https:\\\/\\\/derpsairer.it\\\/it\\\/produkt\\\/miele-di-acacia-con-nocciole\\\/#breadcrumb\"},\"inLanguage\":\"it-IT\",\"potentialAction\":[{\"@type\":\"ReadAction\",\"target\":[\"https:\\\/\\\/derpsairer.it\\\/it\\\/produkt\\\/miele-di-acacia-con-nocciole\\\/\"]}]},{\"@type\":\"ImageObject\",\"inLanguage\":\"it-IT\",\"@id\":\"https:\\\/\\\/derpsairer.it\\\/it\\\/produkt\\\/miele-di-acacia-con-nocciole\\\/#primaryimage\",\"url\":\"https:\\\/\\\/derpsairer.it\\\/wp-22\\\/wp-content\\\/uploads\\\/2024\\\/04\\\/20240421_141017.jpg\",\"contentUrl\":\"https:\\\/\\\/derpsairer.it\\\/wp-22\\\/wp-content\\\/uploads\\\/2024\\\/04\\\/20240421_141017.jpg\",\"width\":2000,\"height\":2000},{\"@type\":\"BreadcrumbList\",\"@id\":\"https:\\\/\\\/derpsairer.it\\\/it\\\/produkt\\\/miele-di-acacia-con-nocciole\\\/#breadcrumb\",\"itemListElement\":[{\"@type\":\"ListItem\",\"position\":1,\"name\":\"Home\",\"item\":\"https:\\\/\\\/derpsairer.it\\\/it\\\/il-negozio-di-speck-der-psairer\\\/\"},{\"@type\":\"ListItem\",\"position\":2,\"name\":\"Shop\",\"item\":\"https:\\\/\\\/derpsairer.it\\\/shop\\\/\"},{\"@type\":\"ListItem\",\"position\":3,\"name\":\"Miele di acacia con nocciole \u2013 miele dolce e delicato con aroma di nocciola\"}]},{\"@type\":\"WebSite\",\"@id\":\"https:\\\/\\\/derpsairer.it\\\/it\\\/#website\",\"url\":\"https:\\\/\\\/derpsairer.it\\\/it\\\/\",\"name\":\"Der Psairer - Speck, Wurst, K\u00e4se\",\"description\":\"Speck, Wurst und K\u00e4s aus Passeiertal in S\u00fcdtirol online bestellen.\",\"publisher\":{\"@id\":\"https:\\\/\\\/derpsairer.it\\\/it\\\/#organization\"},\"potentialAction\":[{\"@type\":\"SearchAction\",\"target\":{\"@type\":\"EntryPoint\",\"urlTemplate\":\"https:\\\/\\\/derpsairer.it\\\/it\\\/?s={search_term_string}\"},\"query-input\":{\"@type\":\"PropertyValueSpecification\",\"valueRequired\":true,\"valueName\":\"search_term_string\"}}],\"inLanguage\":\"it-IT\"},{\"@type\":\"Organization\",\"@id\":\"https:\\\/\\\/derpsairer.it\\\/it\\\/#organization\",\"name\":\"Der Psairer - Speck, Wurst, K\u00e4se\",\"url\":\"https:\\\/\\\/derpsairer.it\\\/it\\\/\",\"logo\":{\"@type\":\"ImageObject\",\"inLanguage\":\"it-IT\",\"@id\":\"https:\\\/\\\/derpsairer.it\\\/it\\\/#\\\/schema\\\/logo\\\/image\\\/\",\"url\":\"https:\\\/\\\/derpsairer.it\\\/wp-22\\\/wp-content\\\/uploads\\\/2020\\\/03\\\/DER-PSAIRER-LOGO-2x.png\",\"contentUrl\":\"https:\\\/\\\/derpsairer.it\\\/wp-22\\\/wp-content\\\/uploads\\\/2020\\\/03\\\/DER-PSAIRER-LOGO-2x.png\",\"width\":500,\"height\":500,\"caption\":\"Der Psairer - Speck, Wurst, K\u00e4se\"},\"image\":{\"@id\":\"https:\\\/\\\/derpsairer.it\\\/it\\\/#\\\/schema\\\/logo\\\/image\\\/\"},\"sameAs\":[\"https:\\\/\\\/www.facebook.com\\\/profile.php?id=100063648246860\"]}]}<\/script>\n<!-- \/ Yoast SEO plugin. -->","yoast_head_json":{"title":"Miele di acacia con nocciole \u2013 Dolce, con note di nocciola e aromatico - Der Psairer - Speck, Wurst, K\u00e4se","description":"Delicato miele di acacia con nocciole \u2013 sapore delicato, dolce e con note di nocciola. Perfetto per arricchire formaggi, dessert o da gustare al naturale.","robots":{"index":"index","follow":"follow","max-snippet":"max-snippet:-1","max-image-preview":"max-image-preview:large","max-video-preview":"max-video-preview:-1"},"canonical":"https:\/\/derpsairer.it\/it\/produkt\/miele-di-acacia-con-nocciole\/","og_locale":"it_IT","og_type":"article","og_title":"Miele di acacia con nocciole \u2013 Dolce, con note di nocciola e aromatico - Der Psairer - Speck, Wurst, K\u00e4se","og_description":"Delicato miele di acacia con nocciole \u2013 sapore delicato, dolce e con note di nocciola. Perfetto per arricchire formaggi, dessert o da gustare al naturale.","og_url":"https:\/\/derpsairer.it\/it\/produkt\/miele-di-acacia-con-nocciole\/","og_site_name":"Der Psairer - Speck, Wurst, K\u00e4se","article_publisher":"https:\/\/www.facebook.com\/profile.php?id=100063648246860","article_modified_time":"2025-12-11T09:47:53+00:00","og_image":[{"width":2000,"height":2000,"url":"https:\/\/derpsairer.it\/wp-22\/wp-content\/uploads\/2024\/04\/20240421_141017.jpg","type":"image\/jpeg"}],"schema":{"@context":"https:\/\/schema.org","@graph":[{"@type":"WebPage","@id":"https:\/\/derpsairer.it\/it\/produkt\/miele-di-acacia-con-nocciole\/","url":"https:\/\/derpsairer.it\/it\/produkt\/miele-di-acacia-con-nocciole\/","name":"Miele di acacia con nocciole \u2013 Dolce, con note di nocciola e aromatico - Der Psairer - Speck, Wurst, K\u00e4se","isPartOf":{"@id":"https:\/\/derpsairer.it\/it\/#website"},"primaryImageOfPage":{"@id":"https:\/\/derpsairer.it\/it\/produkt\/miele-di-acacia-con-nocciole\/#primaryimage"},"image":{"@id":"https:\/\/derpsairer.it\/it\/produkt\/miele-di-acacia-con-nocciole\/#primaryimage"},"thumbnailUrl":"https:\/\/derpsairer.it\/wp-22\/wp-content\/uploads\/2024\/04\/20240421_141017.jpg","datePublished":"2024-04-21T13:50:33+00:00","dateModified":"2025-12-11T09:47:53+00:00","description":"Delicato miele di acacia con nocciole \u2013 sapore delicato, dolce e con note di nocciola. Perfetto per arricchire formaggi, dessert o da gustare al naturale.","breadcrumb":{"@id":"https:\/\/derpsairer.it\/it\/produkt\/miele-di-acacia-con-nocciole\/#breadcrumb"},"inLanguage":"it-IT","potentialAction":[{"@type":"ReadAction","target":["https:\/\/derpsairer.it\/it\/produkt\/miele-di-acacia-con-nocciole\/"]}]},{"@type":"ImageObject","inLanguage":"it-IT","@id":"https:\/\/derpsairer.it\/it\/produkt\/miele-di-acacia-con-nocciole\/#primaryimage","url":"https:\/\/derpsairer.it\/wp-22\/wp-content\/uploads\/2024\/04\/20240421_141017.jpg","contentUrl":"https:\/\/derpsairer.it\/wp-22\/wp-content\/uploads\/2024\/04\/20240421_141017.jpg","width":2000,"height":2000},{"@type":"BreadcrumbList","@id":"https:\/\/derpsairer.it\/it\/produkt\/miele-di-acacia-con-nocciole\/#breadcrumb","itemListElement":[{"@type":"ListItem","position":1,"name":"Home","item":"https:\/\/derpsairer.it\/it\/il-negozio-di-speck-der-psairer\/"},{"@type":"ListItem","position":2,"name":"Shop","item":"https:\/\/derpsairer.it\/shop\/"},{"@type":"ListItem","position":3,"name":"Miele di acacia con nocciole \u2013 miele dolce e delicato con aroma di nocciola"}]},{"@type":"WebSite","@id":"https:\/\/derpsairer.it\/it\/#website","url":"https:\/\/derpsairer.it\/it\/","name":"Der Psairer - Speck, Wurst, K\u00e4se","description":"Speck, Wurst und K\u00e4s aus Passeiertal in S\u00fcdtirol online bestellen.","publisher":{"@id":"https:\/\/derpsairer.it\/it\/#organization"},"potentialAction":[{"@type":"SearchAction","target":{"@type":"EntryPoint","urlTemplate":"https:\/\/derpsairer.it\/it\/?s={search_term_string}"},"query-input":{"@type":"PropertyValueSpecification","valueRequired":true,"valueName":"search_term_string"}}],"inLanguage":"it-IT"},{"@type":"Organization","@id":"https:\/\/derpsairer.it\/it\/#organization","name":"Der Psairer - Speck, Wurst, K\u00e4se","url":"https:\/\/derpsairer.it\/it\/","logo":{"@type":"ImageObject","inLanguage":"it-IT","@id":"https:\/\/derpsairer.it\/it\/#\/schema\/logo\/image\/","url":"https:\/\/derpsairer.it\/wp-22\/wp-content\/uploads\/2020\/03\/DER-PSAIRER-LOGO-2x.png","contentUrl":"https:\/\/derpsairer.it\/wp-22\/wp-content\/uploads\/2020\/03\/DER-PSAIRER-LOGO-2x.png","width":500,"height":500,"caption":"Der Psairer - Speck, Wurst, K\u00e4se"},"image":{"@id":"https:\/\/derpsairer.it\/it\/#\/schema\/logo\/image\/"},"sameAs":["https:\/\/www.facebook.com\/profile.php?id=100063648246860"]}]}},"_links":{"self":[{"href":"https:\/\/derpsairer.it\/it\/wp-json\/wp\/v2\/product\/5033","targetHints":{"allow":["GET"]}}],"collection":[{"href":"https:\/\/derpsairer.it\/it\/wp-json\/wp\/v2\/product"}],"about":[{"href":"https:\/\/derpsairer.it\/it\/wp-json\/wp\/v2\/types\/product"}],"wp:featuredmedia":[{"embeddable":true,"href":"https:\/\/derpsairer.it\/it\/wp-json\/wp\/v2\/media\/5034"}],"wp:attachment":[{"href":"https:\/\/derpsairer.it\/it\/wp-json\/wp\/v2\/media?parent=5033"}],"wp:term":[{"taxonomy":"product_brand","embeddable":true,"href":"https:\/\/derpsairer.it\/it\/wp-json\/wp\/v2\/product_brand?post=5033"},{"taxonomy":"product_cat","embeddable":true,"href":"https:\/\/derpsairer.it\/it\/wp-json\/wp\/v2\/product_cat?post=5033"},{"taxonomy":"product_tag","embeddable":true,"href":"https:\/\/derpsairer.it\/it\/wp-json\/wp\/v2\/product_tag?post=5033"}],"curies":[{"name":"wp","href":"https:\/\/api.w.org\/{rel}","templated":true}]}}