{"id":5045,"date":"2021-07-07T12:04:13","date_gmt":"2021-07-07T10:04:13","guid":{"rendered":"https:\/\/derpsairer.it\/produkt\/pezzi-di-spalla-di-speck\/"},"modified":"2026-01-13T12:06:57","modified_gmt":"2026-01-13T11:06:57","slug":"pezzi-di-spalla-di-speck","status":"publish","type":"product","link":"https:\/\/derpsairer.it\/it\/produkt\/pezzi-di-spalla-di-speck\/","title":{"rendered":"Pezzi di speck \u2013 intensa specialit\u00e0 altoatesina"},"content":{"rendered":"[vc_row type=&#8221;in_container&#8221; full_screen_row_position=&#8221;middle&#8221; column_margin=&#8221;default&#8221; column_direction=&#8221;default&#8221; column_direction_tablet=&#8221;default&#8221; column_direction_phone=&#8221;default&#8221; scene_position=&#8221;center&#8221; text_color=&#8221;dark&#8221; text_align=&#8221;left&#8221; row_border_radius=&#8221;none&#8221; row_border_radius_applies=&#8221;bg&#8221; overflow=&#8221;visible&#8221; overlay_strength=&#8221;0.3&#8243; gradient_direction=&#8221;left_to_right&#8221; shape_divider_position=&#8221;bottom&#8221; bg_image_animation=&#8221;none&#8221;][vc_column column_padding=&#8221;no-extra-padding&#8221; column_padding_tablet=&#8221;inherit&#8221; column_padding_phone=&#8221;inherit&#8221; column_padding_position=&#8221;all&#8221; column_element_direction_desktop=&#8221;default&#8221; column_element_spacing=&#8221;default&#8221; desktop_text_alignment=&#8221;default&#8221; tablet_text_alignment=&#8221;default&#8221; phone_text_alignment=&#8221;default&#8221; background_color_opacity=&#8221;1&#8243; background_hover_color_opacity=&#8221;1&#8243; column_backdrop_filter=&#8221;none&#8221; column_shadow=&#8221;none&#8221; column_border_radius=&#8221;none&#8221; column_link_target=&#8221;_self&#8221; column_position=&#8221;default&#8221; gradient_direction=&#8221;left_to_right&#8221; overlay_strength=&#8221;0.3&#8243; width=&#8221;1\/1&#8243; tablet_width_inherit=&#8221;default&#8221; animation_type=&#8221;default&#8221; bg_image_animation=&#8221;none&#8221; border_type=&#8221;simple&#8221; column_border_width=&#8221;none&#8221; column_border_style=&#8221;solid&#8221;][vc_column_text css=&#8221;&#8221; text_direction=&#8221;default&#8221;]\n<p data-start=\"94\" data-end=\"514\">I nostri pezzi di speck sono sinonimo di gusto autentico e genuino dello speck altoatesino. Sono ricavati da carne di maiale selezionata e, prima dell&#8217;affumicatura, vengono accuratamente strofinati con una miscela di spezie tradizionale, una ricetta di famiglia tramandata di generazione in generazione. Questa speziatura conferisce allo speck il suo sapore caratteristico, corposo e una profondit\u00e0 piacevolmente speziata.  <\/p>\n<p data-start=\"516\" data-end=\"895\">Dopo la speziatura, i pezzi vengono affumicati delicatamente su legno di faggio e asciugati delicatamente all&#8217;aria. In questo modo si sviluppa un aroma intenso e autentico con una fine nota affumicata. Grazie alla loro forma compatta e al sapore intenso, i pezzi di speck sono particolarmente adatti per essere tagliati a cubetti, cucinati o per piatti sostanziosi, ma fanno anche un&#8217;ottima figura come rustica merenda.  <\/p>\n<p data-start=\"897\" data-end=\"1007\">Un classico versatile della tradizione dello speck altoatesino: genuino, aromatico e ricco di artigianalit\u00e0.<\/p>\n<p>Disponibile in porzioni da:<\/p>\n<ul>\n<li>Da 0,9 kg a 1,5 kg<\/li>\n<li>Prezzo <span class=\"kilopreis\">18,90 \u20ac\/kg<\/span><\/li>\n<\/ul>\n[\/vc_column_text][\/vc_column][\/vc_row]\n","protected":false},"excerpt":{"rendered":"<p>\u2022 Saporito pezzo di speck dell&#8217;Alto Adige<br data-start=\"2335\" data-end=\"2338\">\u2022 Miscela di spezie secondo la ricetta di famiglia<br data-start=\"2374\" data-end=\"2377\">\u2022 Affumicato delicatamente su legno di faggio<br data-start=\"2410\" data-end=\"2413\">\u2022 Sapore intenso e versatile<br data-start=\"2459\" data-end=\"2462\">\u2022 Ideale per cucina, merenda e piatti sostanziosi<\/p>\n","protected":false},"featured_media":5596,"template":"","meta":[],"product_brand":[],"product_cat":[145],"product_tag":[2839,2409,2279,2222,3634,1679,2273,2001,2008],"class_list":{"0":"post-5045","1":"product","2":"type-product","3":"status-publish","4":"has-post-thumbnail","6":"product_cat-speck","7":"product_tag-cucinare","8":"product_tag-intenso","9":"product_tag-merenda-3","10":"product_tag-merenda-2","11":"product_tag-pezzi-di-speck","12":"product_tag-saporito","13":"product_tag-speck-dellalto-adige","14":"product_tag-stagionato-allaria","15":"product_tag-tradizionale","16":"product_shipping_class-fino-a-2-kg","18":"first","19":"instock","20":"shipping-taxable","21":"purchasable","22":"product-type-simple"},"yoast_head":"<!-- This site is optimized with the Yoast SEO plugin v27.4 - https:\/\/yoast.com\/product\/yoast-seo-wordpress\/ -->\n<title>Angoli di speck \u2013 Intensi e aromatici - Der Psairer - Speck, Wurst, K\u00e4se<\/title>\n<meta name=\"description\" content=\"Angoli di speck \u2013 conditi con una ricetta di famiglia e affumicati su legno di faggio. Saporiti, aromatici e ideali per la merenda altoatesina.\" \/>\n<meta name=\"robots\" content=\"index, follow, max-snippet:-1, max-image-preview:large, max-video-preview:-1\" \/>\n<link rel=\"canonical\" href=\"https:\/\/derpsairer.it\/it\/produkt\/pezzi-di-spalla-di-speck\/\" \/>\n<meta property=\"og:locale\" content=\"it_IT\" \/>\n<meta property=\"og:type\" content=\"article\" \/>\n<meta property=\"og:title\" content=\"Angoli di speck \u2013 Intensi e aromatici - Der Psairer - Speck, Wurst, K\u00e4se\" \/>\n<meta property=\"og:description\" content=\"Angoli di speck \u2013 conditi con una ricetta di famiglia e affumicati su legno di faggio. Saporiti, aromatici e ideali per la merenda altoatesina.\" \/>\n<meta property=\"og:url\" content=\"https:\/\/derpsairer.it\/it\/produkt\/pezzi-di-spalla-di-speck\/\" \/>\n<meta property=\"og:site_name\" content=\"Der Psairer - Speck, Wurst, K\u00e4se\" \/>\n<meta property=\"article:publisher\" content=\"https:\/\/www.facebook.com\/profile.php?id=100063648246860\" \/>\n<meta property=\"article:modified_time\" content=\"2026-01-13T11:06:57+00:00\" \/>\n<meta property=\"og:image\" content=\"https:\/\/derpsairer.it\/wp-22\/wp-content\/uploads\/2020\/04\/Speck_viertel_Hamme.jpg\" \/>\n\t<meta property=\"og:image:width\" content=\"700\" \/>\n\t<meta property=\"og:image:height\" content=\"466\" \/>\n\t<meta property=\"og:image:type\" content=\"image\/jpeg\" \/>\n<meta name=\"twitter:label1\" content=\"Tempo di lettura stimato\" \/>\n\t<meta name=\"twitter:data1\" content=\"2 minutes\" \/>\n<script type=\"application\/ld+json\" class=\"yoast-schema-graph\">{\"@context\":\"https:\\\/\\\/schema.org\",\"@graph\":[{\"@type\":\"WebPage\",\"@id\":\"https:\\\/\\\/derpsairer.it\\\/it\\\/produkt\\\/pezzi-di-spalla-di-speck\\\/\",\"url\":\"https:\\\/\\\/derpsairer.it\\\/it\\\/produkt\\\/pezzi-di-spalla-di-speck\\\/\",\"name\":\"Angoli di speck \u2013 Intensi e aromatici - Der Psairer - Speck, Wurst, K\u00e4se\",\"isPartOf\":{\"@id\":\"https:\\\/\\\/derpsairer.it\\\/it\\\/#website\"},\"primaryImageOfPage\":{\"@id\":\"https:\\\/\\\/derpsairer.it\\\/it\\\/produkt\\\/pezzi-di-spalla-di-speck\\\/#primaryimage\"},\"image\":{\"@id\":\"https:\\\/\\\/derpsairer.it\\\/it\\\/produkt\\\/pezzi-di-spalla-di-speck\\\/#primaryimage\"},\"thumbnailUrl\":\"https:\\\/\\\/derpsairer.it\\\/wp-22\\\/wp-content\\\/uploads\\\/2020\\\/04\\\/Speck_viertel_Hamme.jpg\",\"datePublished\":\"2021-07-07T10:04:13+00:00\",\"dateModified\":\"2026-01-13T11:06:57+00:00\",\"description\":\"Angoli di speck \u2013 conditi con una ricetta di famiglia e affumicati su legno di faggio. Saporiti, aromatici e ideali per la merenda altoatesina.\",\"breadcrumb\":{\"@id\":\"https:\\\/\\\/derpsairer.it\\\/it\\\/produkt\\\/pezzi-di-spalla-di-speck\\\/#breadcrumb\"},\"inLanguage\":\"it-IT\",\"potentialAction\":[{\"@type\":\"ReadAction\",\"target\":[\"https:\\\/\\\/derpsairer.it\\\/it\\\/produkt\\\/pezzi-di-spalla-di-speck\\\/\"]}]},{\"@type\":\"ImageObject\",\"inLanguage\":\"it-IT\",\"@id\":\"https:\\\/\\\/derpsairer.it\\\/it\\\/produkt\\\/pezzi-di-spalla-di-speck\\\/#primaryimage\",\"url\":\"https:\\\/\\\/derpsairer.it\\\/wp-22\\\/wp-content\\\/uploads\\\/2020\\\/04\\\/Speck_viertel_Hamme.jpg\",\"contentUrl\":\"https:\\\/\\\/derpsairer.it\\\/wp-22\\\/wp-content\\\/uploads\\\/2020\\\/04\\\/Speck_viertel_Hamme.jpg\",\"width\":700,\"height\":466},{\"@type\":\"BreadcrumbList\",\"@id\":\"https:\\\/\\\/derpsairer.it\\\/it\\\/produkt\\\/pezzi-di-spalla-di-speck\\\/#breadcrumb\",\"itemListElement\":[{\"@type\":\"ListItem\",\"position\":1,\"name\":\"Home\",\"item\":\"https:\\\/\\\/derpsairer.it\\\/it\\\/il-negozio-di-speck-der-psairer\\\/\"},{\"@type\":\"ListItem\",\"position\":2,\"name\":\"Shop\",\"item\":\"https:\\\/\\\/derpsairer.it\\\/shop\\\/\"},{\"@type\":\"ListItem\",\"position\":3,\"name\":\"Pezzi di speck \u2013 intensa specialit\u00e0 altoatesina\"}]},{\"@type\":\"WebSite\",\"@id\":\"https:\\\/\\\/derpsairer.it\\\/it\\\/#website\",\"url\":\"https:\\\/\\\/derpsairer.it\\\/it\\\/\",\"name\":\"Der Psairer - Speck, Wurst, K\u00e4se\",\"description\":\"Speck, Wurst und K\u00e4s aus Passeiertal in S\u00fcdtirol online bestellen.\",\"publisher\":{\"@id\":\"https:\\\/\\\/derpsairer.it\\\/it\\\/#organization\"},\"potentialAction\":[{\"@type\":\"SearchAction\",\"target\":{\"@type\":\"EntryPoint\",\"urlTemplate\":\"https:\\\/\\\/derpsairer.it\\\/it\\\/?s={search_term_string}\"},\"query-input\":{\"@type\":\"PropertyValueSpecification\",\"valueRequired\":true,\"valueName\":\"search_term_string\"}}],\"inLanguage\":\"it-IT\"},{\"@type\":\"Organization\",\"@id\":\"https:\\\/\\\/derpsairer.it\\\/it\\\/#organization\",\"name\":\"Der Psairer - Speck, Wurst, K\u00e4se\",\"url\":\"https:\\\/\\\/derpsairer.it\\\/it\\\/\",\"logo\":{\"@type\":\"ImageObject\",\"inLanguage\":\"it-IT\",\"@id\":\"https:\\\/\\\/derpsairer.it\\\/it\\\/#\\\/schema\\\/logo\\\/image\\\/\",\"url\":\"https:\\\/\\\/derpsairer.it\\\/wp-22\\\/wp-content\\\/uploads\\\/2020\\\/03\\\/DER-PSAIRER-LOGO-2x.png\",\"contentUrl\":\"https:\\\/\\\/derpsairer.it\\\/wp-22\\\/wp-content\\\/uploads\\\/2020\\\/03\\\/DER-PSAIRER-LOGO-2x.png\",\"width\":500,\"height\":500,\"caption\":\"Der Psairer - Speck, Wurst, K\u00e4se\"},\"image\":{\"@id\":\"https:\\\/\\\/derpsairer.it\\\/it\\\/#\\\/schema\\\/logo\\\/image\\\/\"},\"sameAs\":[\"https:\\\/\\\/www.facebook.com\\\/profile.php?id=100063648246860\"]}]}<\/script>\n<!-- \/ Yoast SEO plugin. -->","yoast_head_json":{"title":"Angoli di speck \u2013 Intensi e aromatici - Der Psairer - Speck, Wurst, K\u00e4se","description":"Angoli di speck \u2013 conditi con una ricetta di famiglia e affumicati su legno di faggio. Saporiti, aromatici e ideali per la merenda altoatesina.","robots":{"index":"index","follow":"follow","max-snippet":"max-snippet:-1","max-image-preview":"max-image-preview:large","max-video-preview":"max-video-preview:-1"},"canonical":"https:\/\/derpsairer.it\/it\/produkt\/pezzi-di-spalla-di-speck\/","og_locale":"it_IT","og_type":"article","og_title":"Angoli di speck \u2013 Intensi e aromatici - Der Psairer - Speck, Wurst, K\u00e4se","og_description":"Angoli di speck \u2013 conditi con una ricetta di famiglia e affumicati su legno di faggio. Saporiti, aromatici e ideali per la merenda altoatesina.","og_url":"https:\/\/derpsairer.it\/it\/produkt\/pezzi-di-spalla-di-speck\/","og_site_name":"Der Psairer - Speck, Wurst, K\u00e4se","article_publisher":"https:\/\/www.facebook.com\/profile.php?id=100063648246860","article_modified_time":"2026-01-13T11:06:57+00:00","og_image":[{"width":700,"height":466,"url":"https:\/\/derpsairer.it\/wp-22\/wp-content\/uploads\/2020\/04\/Speck_viertel_Hamme.jpg","type":"image\/jpeg"}],"twitter_misc":{"Tempo di lettura stimato":"2 minutes"},"schema":{"@context":"https:\/\/schema.org","@graph":[{"@type":"WebPage","@id":"https:\/\/derpsairer.it\/it\/produkt\/pezzi-di-spalla-di-speck\/","url":"https:\/\/derpsairer.it\/it\/produkt\/pezzi-di-spalla-di-speck\/","name":"Angoli di speck \u2013 Intensi e aromatici - Der Psairer - Speck, Wurst, K\u00e4se","isPartOf":{"@id":"https:\/\/derpsairer.it\/it\/#website"},"primaryImageOfPage":{"@id":"https:\/\/derpsairer.it\/it\/produkt\/pezzi-di-spalla-di-speck\/#primaryimage"},"image":{"@id":"https:\/\/derpsairer.it\/it\/produkt\/pezzi-di-spalla-di-speck\/#primaryimage"},"thumbnailUrl":"https:\/\/derpsairer.it\/wp-22\/wp-content\/uploads\/2020\/04\/Speck_viertel_Hamme.jpg","datePublished":"2021-07-07T10:04:13+00:00","dateModified":"2026-01-13T11:06:57+00:00","description":"Angoli di speck \u2013 conditi con una ricetta di famiglia e affumicati su legno di faggio. Saporiti, aromatici e ideali per la merenda altoatesina.","breadcrumb":{"@id":"https:\/\/derpsairer.it\/it\/produkt\/pezzi-di-spalla-di-speck\/#breadcrumb"},"inLanguage":"it-IT","potentialAction":[{"@type":"ReadAction","target":["https:\/\/derpsairer.it\/it\/produkt\/pezzi-di-spalla-di-speck\/"]}]},{"@type":"ImageObject","inLanguage":"it-IT","@id":"https:\/\/derpsairer.it\/it\/produkt\/pezzi-di-spalla-di-speck\/#primaryimage","url":"https:\/\/derpsairer.it\/wp-22\/wp-content\/uploads\/2020\/04\/Speck_viertel_Hamme.jpg","contentUrl":"https:\/\/derpsairer.it\/wp-22\/wp-content\/uploads\/2020\/04\/Speck_viertel_Hamme.jpg","width":700,"height":466},{"@type":"BreadcrumbList","@id":"https:\/\/derpsairer.it\/it\/produkt\/pezzi-di-spalla-di-speck\/#breadcrumb","itemListElement":[{"@type":"ListItem","position":1,"name":"Home","item":"https:\/\/derpsairer.it\/it\/il-negozio-di-speck-der-psairer\/"},{"@type":"ListItem","position":2,"name":"Shop","item":"https:\/\/derpsairer.it\/shop\/"},{"@type":"ListItem","position":3,"name":"Pezzi di speck \u2013 intensa specialit\u00e0 altoatesina"}]},{"@type":"WebSite","@id":"https:\/\/derpsairer.it\/it\/#website","url":"https:\/\/derpsairer.it\/it\/","name":"Der Psairer - Speck, Wurst, K\u00e4se","description":"Speck, Wurst und K\u00e4s aus Passeiertal in S\u00fcdtirol online bestellen.","publisher":{"@id":"https:\/\/derpsairer.it\/it\/#organization"},"potentialAction":[{"@type":"SearchAction","target":{"@type":"EntryPoint","urlTemplate":"https:\/\/derpsairer.it\/it\/?s={search_term_string}"},"query-input":{"@type":"PropertyValueSpecification","valueRequired":true,"valueName":"search_term_string"}}],"inLanguage":"it-IT"},{"@type":"Organization","@id":"https:\/\/derpsairer.it\/it\/#organization","name":"Der Psairer - Speck, Wurst, K\u00e4se","url":"https:\/\/derpsairer.it\/it\/","logo":{"@type":"ImageObject","inLanguage":"it-IT","@id":"https:\/\/derpsairer.it\/it\/#\/schema\/logo\/image\/","url":"https:\/\/derpsairer.it\/wp-22\/wp-content\/uploads\/2020\/03\/DER-PSAIRER-LOGO-2x.png","contentUrl":"https:\/\/derpsairer.it\/wp-22\/wp-content\/uploads\/2020\/03\/DER-PSAIRER-LOGO-2x.png","width":500,"height":500,"caption":"Der Psairer - Speck, Wurst, K\u00e4se"},"image":{"@id":"https:\/\/derpsairer.it\/it\/#\/schema\/logo\/image\/"},"sameAs":["https:\/\/www.facebook.com\/profile.php?id=100063648246860"]}]}},"_links":{"self":[{"href":"https:\/\/derpsairer.it\/it\/wp-json\/wp\/v2\/product\/5045","targetHints":{"allow":["GET"]}}],"collection":[{"href":"https:\/\/derpsairer.it\/it\/wp-json\/wp\/v2\/product"}],"about":[{"href":"https:\/\/derpsairer.it\/it\/wp-json\/wp\/v2\/types\/product"}],"wp:featuredmedia":[{"embeddable":true,"href":"https:\/\/derpsairer.it\/it\/wp-json\/wp\/v2\/media\/5596"}],"wp:attachment":[{"href":"https:\/\/derpsairer.it\/it\/wp-json\/wp\/v2\/media?parent=5045"}],"wp:term":[{"taxonomy":"product_brand","embeddable":true,"href":"https:\/\/derpsairer.it\/it\/wp-json\/wp\/v2\/product_brand?post=5045"},{"taxonomy":"product_cat","embeddable":true,"href":"https:\/\/derpsairer.it\/it\/wp-json\/wp\/v2\/product_cat?post=5045"},{"taxonomy":"product_tag","embeddable":true,"href":"https:\/\/derpsairer.it\/it\/wp-json\/wp\/v2\/product_tag?post=5045"}],"curies":[{"name":"wp","href":"https:\/\/api.w.org\/{rel}","templated":true}]}}