{"id":5064,"date":"2021-08-03T13:01:54","date_gmt":"2021-08-03T11:01:54","guid":{"rendered":"https:\/\/derpsairer.it\/produkt\/granmonte-formaggio-da-grattugiare\/"},"modified":"2026-04-29T15:11:39","modified_gmt":"2026-04-29T13:11:39","slug":"granmonte-formaggio-da-grattugiare","status":"publish","type":"product","link":"https:\/\/derpsairer.it\/it\/produkt\/granmonte-formaggio-da-grattugiare\/","title":{"rendered":"GranMonte formaggio grattugiato \u2013 Grana, formaggio italiano a pasta dura, dal Piemonte"},"content":{"rendered":"[vc_row type=&#8221;in_container&#8221; full_screen_row_position=&#8221;middle&#8221; column_margin=&#8221;default&#8221; column_direction=&#8221;default&#8221; column_direction_tablet=&#8221;default&#8221; column_direction_phone=&#8221;default&#8221; scene_position=&#8221;center&#8221; text_color=&#8221;dark&#8221; text_align=&#8221;left&#8221; row_border_radius=&#8221;none&#8221; row_border_radius_applies=&#8221;bg&#8221; overflow=&#8221;visible&#8221; overlay_strength=&#8221;0.3&#8243; gradient_direction=&#8221;left_to_right&#8221; shape_divider_position=&#8221;bottom&#8221; bg_image_animation=&#8221;none&#8221;][vc_column column_padding=&#8221;no-extra-padding&#8221; column_padding_tablet=&#8221;inherit&#8221; column_padding_phone=&#8221;inherit&#8221; column_padding_position=&#8221;all&#8221; column_element_direction_desktop=&#8221;default&#8221; column_element_spacing=&#8221;default&#8221; desktop_text_alignment=&#8221;default&#8221; tablet_text_alignment=&#8221;default&#8221; phone_text_alignment=&#8221;default&#8221; background_color_opacity=&#8221;1&#8243; background_hover_color_opacity=&#8221;1&#8243; column_backdrop_filter=&#8221;none&#8221; column_shadow=&#8221;none&#8221; column_border_radius=&#8221;none&#8221; column_link_target=&#8221;_self&#8221; column_position=&#8221;default&#8221; gradient_direction=&#8221;left_to_right&#8221; overlay_strength=&#8221;0.3&#8243; width=&#8221;1\/1&#8243; tablet_width_inherit=&#8221;default&#8221; animation_type=&#8221;default&#8221; bg_image_animation=&#8221;none&#8221; border_type=&#8221;simple&#8221; column_border_width=&#8221;none&#8221; column_border_style=&#8221;solid&#8221;][vc_column_text css=&#8221;&#8221; text_direction=&#8221;default&#8221;]\n<p data-start=\"125\" data-end=\"415\">Il GranMonte formaggio grattugiato \u00e8 un formaggio a pasta dura di alta qualit\u00e0, simile al parmigiano (Grana), prodotto in Piemonte secondo la tradizione. Ricavato dal latte migliore e stagionato per almeno 16 mesi, sviluppa un sapore intenso e corposo con una fine speziatura e una piacevole profondit\u00e0. <\/p>\n<p data-start=\"417\" data-end=\"772\">La sua struttura solida e granulosa lo rende ideale da grattugiare e scagliare. Che sia classico sulla pasta, sul risotto o sugli gnocchi, per affinare zuppe e contorni di verdure o semplicemente a pezzetti come gustoso snack, il GranMonte \u00e8 un elemento imprescindibile della cucina italiana e convince per qualit\u00e0, stagionatura e carattere autentico. <\/p>\n<p data-start=\"779\" data-end=\"832\"><strong data-start=\"779\" data-end=\"794\">Tipologia di prodotto:<\/strong><br data-start=\"794\" data-end=\"797\">Formaggio a pasta dura (Grana), stagionato e aromatico<\/p>\n<p data-start=\"834\" data-end=\"866\"><strong data-start=\"834\" data-end=\"847\">Provenienza:<\/strong><br data-start=\"847\" data-end=\"850\">Piemonte, Italia<\/p>\n<p data-start=\"873\" data-end=\"899\"><strong>Gusto e carattere:<\/strong><\/p>\n<p data-start=\"900\" data-end=\"987\">\u2022 Intenso e speziato<br data-start=\"918\" data-end=\"921\">\u2022 Aromatico con una fine nota di stagionatura<br data-start=\"954\" data-end=\"957\">\u2022 Gusto persistente<\/p>\n<p data-start=\"989\" data-end=\"1026\"><strong data-start=\"989\" data-end=\"1003\">Tempo di stagionatura:<\/strong><br data-start=\"1003\" data-end=\"1006\">Almeno 16 mesi<\/p>\n<p data-start=\"1033\" data-end=\"1216\"><strong data-start=\"1033\" data-end=\"1067\">Utilizzo e abbinamenti:<\/strong><br data-start=\"1067\" data-end=\"1070\">Da grattugiare su pasta e risotto<br data-start=\"1101\" data-end=\"1104\">Ideale per i classici italiani<br data-start=\"1136\" data-end=\"1139\">Perfetto per zuppe e piatti di verdure<br data-start=\"1174\" data-end=\"1177\">Adatto anche come snack o cubetti di formaggio<\/p>\n<p>Disponibile in porzioni da:<\/p>\n<ul>\n<li>Prezzo per pezzi fino a 1 kg = 18,90 \u20ac\/kg<\/li>\n<li>Prezzo per pezzi da 1 kg in su = 16,90 \u20ac\/kg<\/li>\n<\/ul>\n[\/vc_column_text][\/vc_column][\/vc_row]\n","protected":false},"excerpt":{"rendered":"<p>\u2022 Grana, formaggio a pasta dura, dal Piemonte<br data-start=\"1748\" data-end=\"1751\">\u2022 Stagionato per almeno 16 mesi<br data-start=\"1781\" data-end=\"1784\">\u2022 Intenso, aromatico e corposo<br data-start=\"1818\" data-end=\"1821\">\u2022 Ideale da grattugiare e scagliare<br data-start=\"1848\" data-end=\"1851\">\u2022 Formaggio classico della cucina italiana<\/p>\n","protected":false},"featured_media":5066,"template":"","meta":[],"product_brand":[],"product_cat":[162],"product_tag":[2033,341,3992,1980,2740,3517,2409,344,2741,343,3993,3994],"class_list":{"0":"post-5064","1":"product","2":"type-product","3":"status-publish","4":"has-post-thumbnail","6":"product_cat-formaggio","7":"product_tag-aromatico","8":"product_tag-cucina-italiana","9":"product_tag-da-grattugiare","10":"product_tag-formaggio-a-pasta-dura","11":"product_tag-grana","12":"product_tag-granmonte","13":"product_tag-intenso","14":"product_tag-pasta","15":"product_tag-piemonte","16":"product_tag-risotto","17":"product_tag-simile-al-parmigiano","18":"product_tag-stagionato-16-mesi","19":"product_shipping_class-fino-a-2-kg","21":"first","22":"instock","23":"taxable","24":"shipping-taxable","25":"purchasable","26":"product-type-simple"},"yoast_head":"<!-- This site is optimized with the Yoast SEO plugin v27.5 - https:\/\/yoast.com\/product\/yoast-seo-wordpress\/ -->\n<title>GranMonte Formaggio da grattugiare \u2013 Grana dal Piemonte - Der Psairer - Speck, Wurst, K\u00e4se<\/title>\n<meta name=\"description\" content=\"GranMonte formaggio grattugiato dal Piemonte. Grana, formaggio a pasta dura stagionato per almeno 16 mesi, dal sapore intenso \u2013 ideale per pasta, risotto e cucina italiana.\" \/>\n<meta name=\"robots\" content=\"index, follow, max-snippet:-1, max-image-preview:large, max-video-preview:-1\" \/>\n<link rel=\"canonical\" href=\"https:\/\/derpsairer.it\/it\/produkt\/granmonte-formaggio-da-grattugiare\/\" \/>\n<meta property=\"og:locale\" content=\"it_IT\" \/>\n<meta property=\"og:type\" content=\"article\" \/>\n<meta property=\"og:title\" content=\"GranMonte Formaggio da grattugiare \u2013 Grana dal Piemonte - Der Psairer - Speck, Wurst, K\u00e4se\" \/>\n<meta property=\"og:description\" content=\"GranMonte formaggio grattugiato dal Piemonte. Grana, formaggio a pasta dura stagionato per almeno 16 mesi, dal sapore intenso \u2013 ideale per pasta, risotto e cucina italiana.\" \/>\n<meta property=\"og:url\" content=\"https:\/\/derpsairer.it\/it\/produkt\/granmonte-formaggio-da-grattugiare\/\" \/>\n<meta property=\"og:site_name\" content=\"Der Psairer - Speck, Wurst, K\u00e4se\" \/>\n<meta property=\"article:publisher\" content=\"https:\/\/www.facebook.com\/profile.php?id=100063648246860\" \/>\n<meta property=\"article:modified_time\" content=\"2026-04-29T13:11:39+00:00\" \/>\n<meta property=\"og:image\" content=\"https:\/\/derpsairer.it\/wp-22\/wp-content\/uploads\/2021\/08\/2000810000000.jpg\" \/>\n\t<meta property=\"og:image:width\" content=\"500\" \/>\n\t<meta property=\"og:image:height\" content=\"500\" \/>\n\t<meta property=\"og:image:type\" content=\"image\/jpeg\" \/>\n<meta name=\"twitter:label1\" content=\"Tempo di lettura stimato\" \/>\n\t<meta name=\"twitter:data1\" content=\"2 minutes\" \/>\n<script type=\"application\/ld+json\" class=\"yoast-schema-graph\">{\"@context\":\"https:\\\/\\\/schema.org\",\"@graph\":[{\"@type\":\"WebPage\",\"@id\":\"https:\\\/\\\/derpsairer.it\\\/it\\\/produkt\\\/granmonte-formaggio-da-grattugiare\\\/\",\"url\":\"https:\\\/\\\/derpsairer.it\\\/it\\\/produkt\\\/granmonte-formaggio-da-grattugiare\\\/\",\"name\":\"GranMonte Formaggio da grattugiare \u2013 Grana dal Piemonte - Der Psairer - Speck, Wurst, K\u00e4se\",\"isPartOf\":{\"@id\":\"https:\\\/\\\/derpsairer.it\\\/it\\\/#website\"},\"primaryImageOfPage\":{\"@id\":\"https:\\\/\\\/derpsairer.it\\\/it\\\/produkt\\\/granmonte-formaggio-da-grattugiare\\\/#primaryimage\"},\"image\":{\"@id\":\"https:\\\/\\\/derpsairer.it\\\/it\\\/produkt\\\/granmonte-formaggio-da-grattugiare\\\/#primaryimage\"},\"thumbnailUrl\":\"https:\\\/\\\/derpsairer.it\\\/wp-22\\\/wp-content\\\/uploads\\\/2021\\\/08\\\/2000810000000.jpg\",\"datePublished\":\"2021-08-03T11:01:54+00:00\",\"dateModified\":\"2026-04-29T13:11:39+00:00\",\"description\":\"GranMonte formaggio grattugiato dal Piemonte. Grana, formaggio a pasta dura stagionato per almeno 16 mesi, dal sapore intenso \u2013 ideale per pasta, risotto e cucina italiana.\",\"breadcrumb\":{\"@id\":\"https:\\\/\\\/derpsairer.it\\\/it\\\/produkt\\\/granmonte-formaggio-da-grattugiare\\\/#breadcrumb\"},\"inLanguage\":\"it-IT\",\"potentialAction\":[{\"@type\":\"ReadAction\",\"target\":[\"https:\\\/\\\/derpsairer.it\\\/it\\\/produkt\\\/granmonte-formaggio-da-grattugiare\\\/\"]}]},{\"@type\":\"ImageObject\",\"inLanguage\":\"it-IT\",\"@id\":\"https:\\\/\\\/derpsairer.it\\\/it\\\/produkt\\\/granmonte-formaggio-da-grattugiare\\\/#primaryimage\",\"url\":\"https:\\\/\\\/derpsairer.it\\\/wp-22\\\/wp-content\\\/uploads\\\/2021\\\/08\\\/2000810000000.jpg\",\"contentUrl\":\"https:\\\/\\\/derpsairer.it\\\/wp-22\\\/wp-content\\\/uploads\\\/2021\\\/08\\\/2000810000000.jpg\",\"width\":500,\"height\":500},{\"@type\":\"BreadcrumbList\",\"@id\":\"https:\\\/\\\/derpsairer.it\\\/it\\\/produkt\\\/granmonte-formaggio-da-grattugiare\\\/#breadcrumb\",\"itemListElement\":[{\"@type\":\"ListItem\",\"position\":1,\"name\":\"Home\",\"item\":\"https:\\\/\\\/derpsairer.it\\\/it\\\/il-negozio-di-speck-der-psairer\\\/\"},{\"@type\":\"ListItem\",\"position\":2,\"name\":\"Shop\",\"item\":\"https:\\\/\\\/derpsairer.it\\\/shop\\\/\"},{\"@type\":\"ListItem\",\"position\":3,\"name\":\"GranMonte formaggio grattugiato \u2013 Grana, formaggio italiano a pasta dura, dal Piemonte\"}]},{\"@type\":\"WebSite\",\"@id\":\"https:\\\/\\\/derpsairer.it\\\/it\\\/#website\",\"url\":\"https:\\\/\\\/derpsairer.it\\\/it\\\/\",\"name\":\"Der Psairer - Speck, Wurst, K\u00e4se\",\"description\":\"Speck, Wurst und K\u00e4s aus Passeiertal in S\u00fcdtirol online bestellen.\",\"publisher\":{\"@id\":\"https:\\\/\\\/derpsairer.it\\\/it\\\/#organization\"},\"potentialAction\":[{\"@type\":\"SearchAction\",\"target\":{\"@type\":\"EntryPoint\",\"urlTemplate\":\"https:\\\/\\\/derpsairer.it\\\/it\\\/?s={search_term_string}\"},\"query-input\":{\"@type\":\"PropertyValueSpecification\",\"valueRequired\":true,\"valueName\":\"search_term_string\"}}],\"inLanguage\":\"it-IT\"},{\"@type\":\"Organization\",\"@id\":\"https:\\\/\\\/derpsairer.it\\\/it\\\/#organization\",\"name\":\"Der Psairer - Speck, Wurst, K\u00e4se\",\"url\":\"https:\\\/\\\/derpsairer.it\\\/it\\\/\",\"logo\":{\"@type\":\"ImageObject\",\"inLanguage\":\"it-IT\",\"@id\":\"https:\\\/\\\/derpsairer.it\\\/it\\\/#\\\/schema\\\/logo\\\/image\\\/\",\"url\":\"https:\\\/\\\/derpsairer.it\\\/wp-22\\\/wp-content\\\/uploads\\\/2020\\\/03\\\/DER-PSAIRER-LOGO-2x.png\",\"contentUrl\":\"https:\\\/\\\/derpsairer.it\\\/wp-22\\\/wp-content\\\/uploads\\\/2020\\\/03\\\/DER-PSAIRER-LOGO-2x.png\",\"width\":500,\"height\":500,\"caption\":\"Der Psairer - Speck, Wurst, K\u00e4se\"},\"image\":{\"@id\":\"https:\\\/\\\/derpsairer.it\\\/it\\\/#\\\/schema\\\/logo\\\/image\\\/\"},\"sameAs\":[\"https:\\\/\\\/www.facebook.com\\\/profile.php?id=100063648246860\"]}]}<\/script>\n<!-- \/ Yoast SEO plugin. -->","yoast_head_json":{"title":"GranMonte Formaggio da grattugiare \u2013 Grana dal Piemonte - Der Psairer - Speck, Wurst, K\u00e4se","description":"GranMonte formaggio grattugiato dal Piemonte. Grana, formaggio a pasta dura stagionato per almeno 16 mesi, dal sapore intenso \u2013 ideale per pasta, risotto e cucina italiana.","robots":{"index":"index","follow":"follow","max-snippet":"max-snippet:-1","max-image-preview":"max-image-preview:large","max-video-preview":"max-video-preview:-1"},"canonical":"https:\/\/derpsairer.it\/it\/produkt\/granmonte-formaggio-da-grattugiare\/","og_locale":"it_IT","og_type":"article","og_title":"GranMonte Formaggio da grattugiare \u2013 Grana dal Piemonte - Der Psairer - Speck, Wurst, K\u00e4se","og_description":"GranMonte formaggio grattugiato dal Piemonte. Grana, formaggio a pasta dura stagionato per almeno 16 mesi, dal sapore intenso \u2013 ideale per pasta, risotto e cucina italiana.","og_url":"https:\/\/derpsairer.it\/it\/produkt\/granmonte-formaggio-da-grattugiare\/","og_site_name":"Der Psairer - Speck, Wurst, K\u00e4se","article_publisher":"https:\/\/www.facebook.com\/profile.php?id=100063648246860","article_modified_time":"2026-04-29T13:11:39+00:00","og_image":[{"width":500,"height":500,"url":"https:\/\/derpsairer.it\/wp-22\/wp-content\/uploads\/2021\/08\/2000810000000.jpg","type":"image\/jpeg"}],"twitter_misc":{"Tempo di lettura stimato":"2 minutes"},"schema":{"@context":"https:\/\/schema.org","@graph":[{"@type":"WebPage","@id":"https:\/\/derpsairer.it\/it\/produkt\/granmonte-formaggio-da-grattugiare\/","url":"https:\/\/derpsairer.it\/it\/produkt\/granmonte-formaggio-da-grattugiare\/","name":"GranMonte Formaggio da grattugiare \u2013 Grana dal Piemonte - Der Psairer - Speck, Wurst, K\u00e4se","isPartOf":{"@id":"https:\/\/derpsairer.it\/it\/#website"},"primaryImageOfPage":{"@id":"https:\/\/derpsairer.it\/it\/produkt\/granmonte-formaggio-da-grattugiare\/#primaryimage"},"image":{"@id":"https:\/\/derpsairer.it\/it\/produkt\/granmonte-formaggio-da-grattugiare\/#primaryimage"},"thumbnailUrl":"https:\/\/derpsairer.it\/wp-22\/wp-content\/uploads\/2021\/08\/2000810000000.jpg","datePublished":"2021-08-03T11:01:54+00:00","dateModified":"2026-04-29T13:11:39+00:00","description":"GranMonte formaggio grattugiato dal Piemonte. Grana, formaggio a pasta dura stagionato per almeno 16 mesi, dal sapore intenso \u2013 ideale per pasta, risotto e cucina italiana.","breadcrumb":{"@id":"https:\/\/derpsairer.it\/it\/produkt\/granmonte-formaggio-da-grattugiare\/#breadcrumb"},"inLanguage":"it-IT","potentialAction":[{"@type":"ReadAction","target":["https:\/\/derpsairer.it\/it\/produkt\/granmonte-formaggio-da-grattugiare\/"]}]},{"@type":"ImageObject","inLanguage":"it-IT","@id":"https:\/\/derpsairer.it\/it\/produkt\/granmonte-formaggio-da-grattugiare\/#primaryimage","url":"https:\/\/derpsairer.it\/wp-22\/wp-content\/uploads\/2021\/08\/2000810000000.jpg","contentUrl":"https:\/\/derpsairer.it\/wp-22\/wp-content\/uploads\/2021\/08\/2000810000000.jpg","width":500,"height":500},{"@type":"BreadcrumbList","@id":"https:\/\/derpsairer.it\/it\/produkt\/granmonte-formaggio-da-grattugiare\/#breadcrumb","itemListElement":[{"@type":"ListItem","position":1,"name":"Home","item":"https:\/\/derpsairer.it\/it\/il-negozio-di-speck-der-psairer\/"},{"@type":"ListItem","position":2,"name":"Shop","item":"https:\/\/derpsairer.it\/shop\/"},{"@type":"ListItem","position":3,"name":"GranMonte formaggio grattugiato \u2013 Grana, formaggio italiano a pasta dura, dal Piemonte"}]},{"@type":"WebSite","@id":"https:\/\/derpsairer.it\/it\/#website","url":"https:\/\/derpsairer.it\/it\/","name":"Der Psairer - Speck, Wurst, K\u00e4se","description":"Speck, Wurst und K\u00e4s aus Passeiertal in S\u00fcdtirol online bestellen.","publisher":{"@id":"https:\/\/derpsairer.it\/it\/#organization"},"potentialAction":[{"@type":"SearchAction","target":{"@type":"EntryPoint","urlTemplate":"https:\/\/derpsairer.it\/it\/?s={search_term_string}"},"query-input":{"@type":"PropertyValueSpecification","valueRequired":true,"valueName":"search_term_string"}}],"inLanguage":"it-IT"},{"@type":"Organization","@id":"https:\/\/derpsairer.it\/it\/#organization","name":"Der Psairer - Speck, Wurst, K\u00e4se","url":"https:\/\/derpsairer.it\/it\/","logo":{"@type":"ImageObject","inLanguage":"it-IT","@id":"https:\/\/derpsairer.it\/it\/#\/schema\/logo\/image\/","url":"https:\/\/derpsairer.it\/wp-22\/wp-content\/uploads\/2020\/03\/DER-PSAIRER-LOGO-2x.png","contentUrl":"https:\/\/derpsairer.it\/wp-22\/wp-content\/uploads\/2020\/03\/DER-PSAIRER-LOGO-2x.png","width":500,"height":500,"caption":"Der Psairer - Speck, Wurst, K\u00e4se"},"image":{"@id":"https:\/\/derpsairer.it\/it\/#\/schema\/logo\/image\/"},"sameAs":["https:\/\/www.facebook.com\/profile.php?id=100063648246860"]}]}},"_links":{"self":[{"href":"https:\/\/derpsairer.it\/it\/wp-json\/wp\/v2\/product\/5064","targetHints":{"allow":["GET"]}}],"collection":[{"href":"https:\/\/derpsairer.it\/it\/wp-json\/wp\/v2\/product"}],"about":[{"href":"https:\/\/derpsairer.it\/it\/wp-json\/wp\/v2\/types\/product"}],"wp:featuredmedia":[{"embeddable":true,"href":"https:\/\/derpsairer.it\/it\/wp-json\/wp\/v2\/media\/5066"}],"wp:attachment":[{"href":"https:\/\/derpsairer.it\/it\/wp-json\/wp\/v2\/media?parent=5064"}],"wp:term":[{"taxonomy":"product_brand","embeddable":true,"href":"https:\/\/derpsairer.it\/it\/wp-json\/wp\/v2\/product_brand?post=5064"},{"taxonomy":"product_cat","embeddable":true,"href":"https:\/\/derpsairer.it\/it\/wp-json\/wp\/v2\/product_cat?post=5064"},{"taxonomy":"product_tag","embeddable":true,"href":"https:\/\/derpsairer.it\/it\/wp-json\/wp\/v2\/product_tag?post=5064"}],"curies":[{"name":"wp","href":"https:\/\/api.w.org\/{rel}","templated":true}]}}