{"id":5067,"date":"2021-07-27T16:35:32","date_gmt":"2021-07-27T14:35:32","guid":{"rendered":"https:\/\/derpsairer.it\/produkt\/formaggio-al-vino-lagrein\/"},"modified":"2026-01-13T10:53:57","modified_gmt":"2026-01-13T09:53:57","slug":"formaggio-al-vino-lagrein","status":"publish","type":"product","link":"https:\/\/derpsairer.it\/it\/produkt\/formaggio-al-vino-lagrein\/","title":{"rendered":"Formaggio al Lagrein \u2013 Formaggio a pasta semidura dell&#8217;Alto Adige affinato con vino rosso"},"content":{"rendered":"[vc_row type=&#8221;in_container&#8221; full_screen_row_position=&#8221;middle&#8221; column_margin=&#8221;default&#8221; column_direction=&#8221;default&#8221; column_direction_tablet=&#8221;default&#8221; column_direction_phone=&#8221;default&#8221; scene_position=&#8221;center&#8221; text_color=&#8221;dark&#8221; text_align=&#8221;left&#8221; row_border_radius=&#8221;none&#8221; row_border_radius_applies=&#8221;bg&#8221; overflow=&#8221;visible&#8221; overlay_strength=&#8221;0.3&#8243; gradient_direction=&#8221;left_to_right&#8221; shape_divider_position=&#8221;bottom&#8221; bg_image_animation=&#8221;none&#8221;][vc_column column_padding=&#8221;no-extra-padding&#8221; column_padding_tablet=&#8221;inherit&#8221; column_padding_phone=&#8221;inherit&#8221; column_padding_position=&#8221;all&#8221; column_element_direction_desktop=&#8221;default&#8221; column_element_spacing=&#8221;default&#8221; desktop_text_alignment=&#8221;default&#8221; tablet_text_alignment=&#8221;default&#8221; phone_text_alignment=&#8221;default&#8221; background_color_opacity=&#8221;1&#8243; background_hover_color_opacity=&#8221;1&#8243; column_backdrop_filter=&#8221;none&#8221; column_shadow=&#8221;none&#8221; column_border_radius=&#8221;none&#8221; column_link_target=&#8221;_self&#8221; column_position=&#8221;default&#8221; gradient_direction=&#8221;left_to_right&#8221; overlay_strength=&#8221;0.3&#8243; width=&#8221;1\/1&#8243; tablet_width_inherit=&#8221;default&#8221; animation_type=&#8221;default&#8221; bg_image_animation=&#8221;none&#8221; border_type=&#8221;simple&#8221; column_border_width=&#8221;none&#8221; column_border_style=&#8221;solid&#8221;][vc_column_text css=&#8221;&#8221; text_direction=&#8221;default&#8221;]\n<p data-start=\"123\" data-end=\"541\">Il formaggio al Lagrein, noto anche come formaggio al vino di Merano, \u00e8 una specialit\u00e0 casearia altoatesina dal carattere forte, che deve il suo sapore inconfondibile all&#8217;affinamento con il corposo vino rosso Lagrein e spezie selezionate. Durante la stagionatura, si sviluppa una crosta ruvida e rustica che ricorda le cantine vinicole, le erbe aromatiche e le delicate note di speck, conferendo al formaggio il suo colore intenso e la sua profondit\u00e0 aromatica. <\/p>\n<p data-start=\"543\" data-end=\"954\">La pasta del formaggio si presenta di colore giallo chiaro o paglierino con la tipica occhiatura irregolare. Al palato, il formaggio al Lagrein \u00e8 morbido, cremoso e piacevolmente fondente. Fresche note lattiche e burrose costituiscono la base, mentre il vino e le erbe aromatiche dominano il gioco degli aromi e conferiscono un sapore armoniosamente rotondo e corposo. Un vero classico della cultura casearia altoatesina, ideale per momenti di piacere sostanziosi.   <\/p>\n<p data-start=\"961\" data-end=\"1019\"><strong data-start=\"961\" data-end=\"976\">Tipologia di prodotto:<\/strong><br data-start=\"976\" data-end=\"979\">Formaggio a pasta semidura delicato, affinato con vino rosso<\/p>\n<p data-start=\"1021\" data-end=\"1110\"><strong data-start=\"1021\" data-end=\"1038\">Particolarit\u00e0:<\/strong><br data-start=\"1038\" data-end=\"1041\">Naturalmente senza lattosio (&lt; 0,1 g di lattosio \/ 100 g)<br data-start=\"1088\" data-end=\"1091\">(contiene galattosio)<\/p>\n<p data-start=\"1117\" data-end=\"1143\"><strong>Gusto e carattere:<\/strong><\/p>\n<p data-start=\"1144\" data-end=\"1237\">\u2022 Aromatico e corposo<br data-start=\"1169\" data-end=\"1172\">\u2022 Sentori vinosi e speziati con note di erbe aromatiche<br data-start=\"1204\" data-end=\"1207\">\u2022 Morbido, cremoso e fondente<\/p>\n<p data-start=\"1244\" data-end=\"1408\"><strong data-start=\"1244\" data-end=\"1278\">Utilizzo &amp; Consigli:<\/strong><br data-start=\"1278\" data-end=\"1281\">Con pane fresco di contadini<br data-start=\"1303\" data-end=\"1306\">Per la merenda altoatesina con speck<br data-start=\"1338\" data-end=\"1341\">Ideale con un bicchiere di Lagrein<br data-start=\"1368\" data-end=\"1371\">Adatto anche per taglieri di formaggi e spuntini<\/p>\n<p>Disponibile a pezzi da:<\/p>\n<ul>\n<li>Porzione a piacere<\/li>\n<li>Prezzo 21,90 \u20ac\/kg<\/li>\n<\/ul>\n[\/vc_column_text][\/vc_column][\/vc_row]\n","protected":false},"excerpt":{"rendered":"<p>\u2022 Affinato con vino rosso Lagrein<br data-start=\"1929\" data-end=\"1932\">\u2022 Aromatico e armoniosamente speziato<br data-start=\"1964\" data-end=\"1967\">\u2022 Consistenza morbida e cremosa<br data-start=\"1993\" data-end=\"1996\">\u2022 Naturalmente senza lattosio<br data-start=\"2019\" data-end=\"2022\">\u2022 Specialit\u00e0 casearia tradizionale dell&#8217;Alto Adige<\/p>\n","protected":false},"featured_media":5604,"template":"","meta":[],"product_brand":[],"product_cat":[162],"product_tag":[2364,377,3532,3533,378,1625,1679,2836,2018],"class_list":{"0":"post-5067","1":"product","2":"type-product","3":"status-publish","4":"has-post-thumbnail","6":"product_cat-formaggio","7":"product_tag-cremoso","8":"product_tag-formaggio-a-pasta-tagliata","9":"product_tag-formaggio-al-lagrein","10":"product_tag-formaggio-al-vino-di-merano","11":"product_tag-formaggio-altoatesino","12":"product_tag-per-pane","13":"product_tag-saporito","14":"product_tag-senza-lattosio","15":"product_tag-tagliere-di-formaggi","16":"product_shipping_class-fino-a-2-kg","18":"first","19":"instock","20":"shipping-taxable","21":"purchasable","22":"product-type-simple"},"yoast_head":"<!-- This site is optimized with the Yoast SEO plugin v27.4 - https:\/\/yoast.com\/product\/yoast-seo-wordpress\/ -->\n<title>Formaggio al Lagrein \u2013 Formaggio altoatesino affinato al vino rosso - Der Psairer - Speck, Wurst, K\u00e4se<\/title>\n<meta name=\"description\" content=\"Formaggio al Lagrein dell&#039;Alto Adige. Formaggio semiduro aromatico, affinato con vino rosso e spezie, dal sapore cremoso e naturalmente senza lattosio.\" \/>\n<meta name=\"robots\" content=\"index, follow, max-snippet:-1, max-image-preview:large, max-video-preview:-1\" \/>\n<link rel=\"canonical\" href=\"https:\/\/derpsairer.it\/it\/produkt\/formaggio-al-vino-lagrein\/\" \/>\n<meta property=\"og:locale\" content=\"it_IT\" \/>\n<meta property=\"og:type\" content=\"article\" \/>\n<meta property=\"og:title\" content=\"Formaggio al Lagrein \u2013 Formaggio altoatesino affinato al vino rosso - Der Psairer - Speck, Wurst, K\u00e4se\" \/>\n<meta property=\"og:description\" content=\"Formaggio al Lagrein dell&#039;Alto Adige. Formaggio semiduro aromatico, affinato con vino rosso e spezie, dal sapore cremoso e naturalmente senza lattosio.\" \/>\n<meta property=\"og:url\" content=\"https:\/\/derpsairer.it\/it\/produkt\/formaggio-al-vino-lagrein\/\" \/>\n<meta property=\"og:site_name\" content=\"Der Psairer - Speck, Wurst, K\u00e4se\" \/>\n<meta property=\"article:publisher\" content=\"https:\/\/www.facebook.com\/profile.php?id=100063648246860\" \/>\n<meta property=\"article:modified_time\" content=\"2026-01-13T09:53:57+00:00\" \/>\n<meta property=\"og:image\" content=\"https:\/\/derpsairer.it\/wp-22\/wp-content\/uploads\/2020\/12\/mila-formaggio-lagrein-tagliato-scontornato-2017.jpg\" \/>\n\t<meta property=\"og:image:width\" content=\"575\" \/>\n\t<meta property=\"og:image:height\" content=\"300\" \/>\n\t<meta property=\"og:image:type\" content=\"image\/jpeg\" \/>\n<meta name=\"twitter:label1\" content=\"Tempo di lettura stimato\" \/>\n\t<meta name=\"twitter:data1\" content=\"2 minutes\" \/>\n<script type=\"application\/ld+json\" class=\"yoast-schema-graph\">{\"@context\":\"https:\\\/\\\/schema.org\",\"@graph\":[{\"@type\":\"WebPage\",\"@id\":\"https:\\\/\\\/derpsairer.it\\\/it\\\/produkt\\\/formaggio-al-vino-lagrein\\\/\",\"url\":\"https:\\\/\\\/derpsairer.it\\\/it\\\/produkt\\\/formaggio-al-vino-lagrein\\\/\",\"name\":\"Formaggio al Lagrein \u2013 Formaggio altoatesino affinato al vino rosso - Der Psairer - Speck, Wurst, K\u00e4se\",\"isPartOf\":{\"@id\":\"https:\\\/\\\/derpsairer.it\\\/it\\\/#website\"},\"primaryImageOfPage\":{\"@id\":\"https:\\\/\\\/derpsairer.it\\\/it\\\/produkt\\\/formaggio-al-vino-lagrein\\\/#primaryimage\"},\"image\":{\"@id\":\"https:\\\/\\\/derpsairer.it\\\/it\\\/produkt\\\/formaggio-al-vino-lagrein\\\/#primaryimage\"},\"thumbnailUrl\":\"https:\\\/\\\/derpsairer.it\\\/wp-22\\\/wp-content\\\/uploads\\\/2020\\\/12\\\/mila-formaggio-lagrein-tagliato-scontornato-2017.jpg\",\"datePublished\":\"2021-07-27T14:35:32+00:00\",\"dateModified\":\"2026-01-13T09:53:57+00:00\",\"description\":\"Formaggio al Lagrein dell'Alto Adige. Formaggio semiduro aromatico, affinato con vino rosso e spezie, dal sapore cremoso e naturalmente senza lattosio.\",\"breadcrumb\":{\"@id\":\"https:\\\/\\\/derpsairer.it\\\/it\\\/produkt\\\/formaggio-al-vino-lagrein\\\/#breadcrumb\"},\"inLanguage\":\"it-IT\",\"potentialAction\":[{\"@type\":\"ReadAction\",\"target\":[\"https:\\\/\\\/derpsairer.it\\\/it\\\/produkt\\\/formaggio-al-vino-lagrein\\\/\"]}]},{\"@type\":\"ImageObject\",\"inLanguage\":\"it-IT\",\"@id\":\"https:\\\/\\\/derpsairer.it\\\/it\\\/produkt\\\/formaggio-al-vino-lagrein\\\/#primaryimage\",\"url\":\"https:\\\/\\\/derpsairer.it\\\/wp-22\\\/wp-content\\\/uploads\\\/2020\\\/12\\\/mila-formaggio-lagrein-tagliato-scontornato-2017.jpg\",\"contentUrl\":\"https:\\\/\\\/derpsairer.it\\\/wp-22\\\/wp-content\\\/uploads\\\/2020\\\/12\\\/mila-formaggio-lagrein-tagliato-scontornato-2017.jpg\",\"width\":575,\"height\":300},{\"@type\":\"BreadcrumbList\",\"@id\":\"https:\\\/\\\/derpsairer.it\\\/it\\\/produkt\\\/formaggio-al-vino-lagrein\\\/#breadcrumb\",\"itemListElement\":[{\"@type\":\"ListItem\",\"position\":1,\"name\":\"Home\",\"item\":\"https:\\\/\\\/derpsairer.it\\\/it\\\/il-negozio-di-speck-der-psairer\\\/\"},{\"@type\":\"ListItem\",\"position\":2,\"name\":\"Shop\",\"item\":\"https:\\\/\\\/derpsairer.it\\\/shop\\\/\"},{\"@type\":\"ListItem\",\"position\":3,\"name\":\"Formaggio al Lagrein \u2013 Formaggio a pasta semidura dell&#8217;Alto Adige affinato con vino rosso\"}]},{\"@type\":\"WebSite\",\"@id\":\"https:\\\/\\\/derpsairer.it\\\/it\\\/#website\",\"url\":\"https:\\\/\\\/derpsairer.it\\\/it\\\/\",\"name\":\"Der Psairer - Speck, Wurst, K\u00e4se\",\"description\":\"Speck, Wurst und K\u00e4s aus Passeiertal in S\u00fcdtirol online bestellen.\",\"publisher\":{\"@id\":\"https:\\\/\\\/derpsairer.it\\\/it\\\/#organization\"},\"potentialAction\":[{\"@type\":\"SearchAction\",\"target\":{\"@type\":\"EntryPoint\",\"urlTemplate\":\"https:\\\/\\\/derpsairer.it\\\/it\\\/?s={search_term_string}\"},\"query-input\":{\"@type\":\"PropertyValueSpecification\",\"valueRequired\":true,\"valueName\":\"search_term_string\"}}],\"inLanguage\":\"it-IT\"},{\"@type\":\"Organization\",\"@id\":\"https:\\\/\\\/derpsairer.it\\\/it\\\/#organization\",\"name\":\"Der Psairer - Speck, Wurst, K\u00e4se\",\"url\":\"https:\\\/\\\/derpsairer.it\\\/it\\\/\",\"logo\":{\"@type\":\"ImageObject\",\"inLanguage\":\"it-IT\",\"@id\":\"https:\\\/\\\/derpsairer.it\\\/it\\\/#\\\/schema\\\/logo\\\/image\\\/\",\"url\":\"https:\\\/\\\/derpsairer.it\\\/wp-22\\\/wp-content\\\/uploads\\\/2020\\\/03\\\/DER-PSAIRER-LOGO-2x.png\",\"contentUrl\":\"https:\\\/\\\/derpsairer.it\\\/wp-22\\\/wp-content\\\/uploads\\\/2020\\\/03\\\/DER-PSAIRER-LOGO-2x.png\",\"width\":500,\"height\":500,\"caption\":\"Der Psairer - Speck, Wurst, K\u00e4se\"},\"image\":{\"@id\":\"https:\\\/\\\/derpsairer.it\\\/it\\\/#\\\/schema\\\/logo\\\/image\\\/\"},\"sameAs\":[\"https:\\\/\\\/www.facebook.com\\\/profile.php?id=100063648246860\"]}]}<\/script>\n<!-- \/ Yoast SEO plugin. -->","yoast_head_json":{"title":"Formaggio al Lagrein \u2013 Formaggio altoatesino affinato al vino rosso - Der Psairer - Speck, Wurst, K\u00e4se","description":"Formaggio al Lagrein dell'Alto Adige. Formaggio semiduro aromatico, affinato con vino rosso e spezie, dal sapore cremoso e naturalmente senza lattosio.","robots":{"index":"index","follow":"follow","max-snippet":"max-snippet:-1","max-image-preview":"max-image-preview:large","max-video-preview":"max-video-preview:-1"},"canonical":"https:\/\/derpsairer.it\/it\/produkt\/formaggio-al-vino-lagrein\/","og_locale":"it_IT","og_type":"article","og_title":"Formaggio al Lagrein \u2013 Formaggio altoatesino affinato al vino rosso - Der Psairer - Speck, Wurst, K\u00e4se","og_description":"Formaggio al Lagrein dell'Alto Adige. Formaggio semiduro aromatico, affinato con vino rosso e spezie, dal sapore cremoso e naturalmente senza lattosio.","og_url":"https:\/\/derpsairer.it\/it\/produkt\/formaggio-al-vino-lagrein\/","og_site_name":"Der Psairer - Speck, Wurst, K\u00e4se","article_publisher":"https:\/\/www.facebook.com\/profile.php?id=100063648246860","article_modified_time":"2026-01-13T09:53:57+00:00","og_image":[{"width":575,"height":300,"url":"https:\/\/derpsairer.it\/wp-22\/wp-content\/uploads\/2020\/12\/mila-formaggio-lagrein-tagliato-scontornato-2017.jpg","type":"image\/jpeg"}],"twitter_misc":{"Tempo di lettura stimato":"2 minutes"},"schema":{"@context":"https:\/\/schema.org","@graph":[{"@type":"WebPage","@id":"https:\/\/derpsairer.it\/it\/produkt\/formaggio-al-vino-lagrein\/","url":"https:\/\/derpsairer.it\/it\/produkt\/formaggio-al-vino-lagrein\/","name":"Formaggio al Lagrein \u2013 Formaggio altoatesino affinato al vino rosso - Der Psairer - Speck, Wurst, K\u00e4se","isPartOf":{"@id":"https:\/\/derpsairer.it\/it\/#website"},"primaryImageOfPage":{"@id":"https:\/\/derpsairer.it\/it\/produkt\/formaggio-al-vino-lagrein\/#primaryimage"},"image":{"@id":"https:\/\/derpsairer.it\/it\/produkt\/formaggio-al-vino-lagrein\/#primaryimage"},"thumbnailUrl":"https:\/\/derpsairer.it\/wp-22\/wp-content\/uploads\/2020\/12\/mila-formaggio-lagrein-tagliato-scontornato-2017.jpg","datePublished":"2021-07-27T14:35:32+00:00","dateModified":"2026-01-13T09:53:57+00:00","description":"Formaggio al Lagrein dell'Alto Adige. Formaggio semiduro aromatico, affinato con vino rosso e spezie, dal sapore cremoso e naturalmente senza lattosio.","breadcrumb":{"@id":"https:\/\/derpsairer.it\/it\/produkt\/formaggio-al-vino-lagrein\/#breadcrumb"},"inLanguage":"it-IT","potentialAction":[{"@type":"ReadAction","target":["https:\/\/derpsairer.it\/it\/produkt\/formaggio-al-vino-lagrein\/"]}]},{"@type":"ImageObject","inLanguage":"it-IT","@id":"https:\/\/derpsairer.it\/it\/produkt\/formaggio-al-vino-lagrein\/#primaryimage","url":"https:\/\/derpsairer.it\/wp-22\/wp-content\/uploads\/2020\/12\/mila-formaggio-lagrein-tagliato-scontornato-2017.jpg","contentUrl":"https:\/\/derpsairer.it\/wp-22\/wp-content\/uploads\/2020\/12\/mila-formaggio-lagrein-tagliato-scontornato-2017.jpg","width":575,"height":300},{"@type":"BreadcrumbList","@id":"https:\/\/derpsairer.it\/it\/produkt\/formaggio-al-vino-lagrein\/#breadcrumb","itemListElement":[{"@type":"ListItem","position":1,"name":"Home","item":"https:\/\/derpsairer.it\/it\/il-negozio-di-speck-der-psairer\/"},{"@type":"ListItem","position":2,"name":"Shop","item":"https:\/\/derpsairer.it\/shop\/"},{"@type":"ListItem","position":3,"name":"Formaggio al Lagrein \u2013 Formaggio a pasta semidura dell&#8217;Alto Adige affinato con vino rosso"}]},{"@type":"WebSite","@id":"https:\/\/derpsairer.it\/it\/#website","url":"https:\/\/derpsairer.it\/it\/","name":"Der Psairer - Speck, Wurst, K\u00e4se","description":"Speck, Wurst und K\u00e4s aus Passeiertal in S\u00fcdtirol online bestellen.","publisher":{"@id":"https:\/\/derpsairer.it\/it\/#organization"},"potentialAction":[{"@type":"SearchAction","target":{"@type":"EntryPoint","urlTemplate":"https:\/\/derpsairer.it\/it\/?s={search_term_string}"},"query-input":{"@type":"PropertyValueSpecification","valueRequired":true,"valueName":"search_term_string"}}],"inLanguage":"it-IT"},{"@type":"Organization","@id":"https:\/\/derpsairer.it\/it\/#organization","name":"Der Psairer - Speck, Wurst, K\u00e4se","url":"https:\/\/derpsairer.it\/it\/","logo":{"@type":"ImageObject","inLanguage":"it-IT","@id":"https:\/\/derpsairer.it\/it\/#\/schema\/logo\/image\/","url":"https:\/\/derpsairer.it\/wp-22\/wp-content\/uploads\/2020\/03\/DER-PSAIRER-LOGO-2x.png","contentUrl":"https:\/\/derpsairer.it\/wp-22\/wp-content\/uploads\/2020\/03\/DER-PSAIRER-LOGO-2x.png","width":500,"height":500,"caption":"Der Psairer - Speck, Wurst, K\u00e4se"},"image":{"@id":"https:\/\/derpsairer.it\/it\/#\/schema\/logo\/image\/"},"sameAs":["https:\/\/www.facebook.com\/profile.php?id=100063648246860"]}]}},"_links":{"self":[{"href":"https:\/\/derpsairer.it\/it\/wp-json\/wp\/v2\/product\/5067","targetHints":{"allow":["GET"]}}],"collection":[{"href":"https:\/\/derpsairer.it\/it\/wp-json\/wp\/v2\/product"}],"about":[{"href":"https:\/\/derpsairer.it\/it\/wp-json\/wp\/v2\/types\/product"}],"wp:featuredmedia":[{"embeddable":true,"href":"https:\/\/derpsairer.it\/it\/wp-json\/wp\/v2\/media\/5604"}],"wp:attachment":[{"href":"https:\/\/derpsairer.it\/it\/wp-json\/wp\/v2\/media?parent=5067"}],"wp:term":[{"taxonomy":"product_brand","embeddable":true,"href":"https:\/\/derpsairer.it\/it\/wp-json\/wp\/v2\/product_brand?post=5067"},{"taxonomy":"product_cat","embeddable":true,"href":"https:\/\/derpsairer.it\/it\/wp-json\/wp\/v2\/product_cat?post=5067"},{"taxonomy":"product_tag","embeddable":true,"href":"https:\/\/derpsairer.it\/it\/wp-json\/wp\/v2\/product_tag?post=5067"}],"curies":[{"name":"wp","href":"https:\/\/api.w.org\/{rel}","templated":true}]}}