{"id":5074,"date":"2021-08-03T14:45:50","date_gmt":"2021-08-03T12:45:50","guid":{"rendered":"https:\/\/derpsairer.it\/produkt\/kaminwurzen-di-cervo\/"},"modified":"2026-01-13T08:47:55","modified_gmt":"2026-01-13T07:47:55","slug":"kaminwurzen-di-cervo","status":"publish","type":"product","link":"https:\/\/derpsairer.it\/it\/produkt\/kaminwurzen-di-cervo\/","title":{"rendered":"Kaminwurzen di cervo: saporite Kaminwurzen selvatiche dell&#8217;Alto Adige"},"content":{"rendered":"[vc_row type=&#8221;in_container&#8221; full_screen_row_position=&#8221;middle&#8221; column_margin=&#8221;default&#8221; column_direction=&#8221;default&#8221; column_direction_tablet=&#8221;default&#8221; column_direction_phone=&#8221;default&#8221; scene_position=&#8221;center&#8221; text_color=&#8221;dark&#8221; text_align=&#8221;left&#8221; row_border_radius=&#8221;none&#8221; row_border_radius_applies=&#8221;bg&#8221; overflow=&#8221;visible&#8221; overlay_strength=&#8221;0.3&#8243; gradient_direction=&#8221;left_to_right&#8221; shape_divider_position=&#8221;bottom&#8221; bg_image_animation=&#8221;none&#8221;][vc_column column_padding=&#8221;no-extra-padding&#8221; column_padding_tablet=&#8221;inherit&#8221; column_padding_phone=&#8221;inherit&#8221; column_padding_position=&#8221;all&#8221; column_element_direction_desktop=&#8221;default&#8221; column_element_spacing=&#8221;default&#8221; desktop_text_alignment=&#8221;default&#8221; tablet_text_alignment=&#8221;default&#8221; phone_text_alignment=&#8221;default&#8221; background_color_opacity=&#8221;1&#8243; background_hover_color_opacity=&#8221;1&#8243; column_backdrop_filter=&#8221;none&#8221; column_shadow=&#8221;none&#8221; column_border_radius=&#8221;none&#8221; column_link_target=&#8221;_self&#8221; column_position=&#8221;default&#8221; gradient_direction=&#8221;left_to_right&#8221; overlay_strength=&#8221;0.3&#8243; width=&#8221;1\/1&#8243; tablet_width_inherit=&#8221;default&#8221; animation_type=&#8221;default&#8221; bg_image_animation=&#8221;none&#8221; border_type=&#8221;simple&#8221; column_border_width=&#8221;none&#8221; column_border_style=&#8221;solid&#8221;][vc_column_text css=&#8221;&#8221; text_direction=&#8221;default&#8221;]\n<p data-start=\"119\" data-end=\"456\">Le Kaminwurzen di cervo sono una variante pregiata delle classiche Kaminwurzen altoatesine e convincono per il loro sapore selvatico intenso e naturale. Prodotte con carne di cervo pregiata e leggermente affumicate secondo tradizione su legno di faggio, sviluppano il loro aroma caratteristico, speziato e intenso, durante la delicata essiccazione all&#8217;aria. <\/p>\n<p data-start=\"458\" data-end=\"836\">La combinazione di carne selvatica di alta qualit\u00e0, spezie equilibrate e una leggera affumicatura rende queste Kaminwurzen un piacere speciale per gli amanti delle specialit\u00e0 selvatiche regionali. Sia per una merenda classica, su un tagliere o come accompagnamento a un bicchiere di vino rosso, le Kaminwurzen di cervo sono sinonimo di artigianato altoatesino autentico e di gusto genuino. <\/p>\n<h3><span style=\"font-size: 16px;\">[\/vc_column_text][\/vc_column][\/vc_row]<\/span><\/h3>\n","protected":false},"excerpt":{"rendered":"<p>\u2022 Kaminwurzen a base di carne di cervo pregiata<br data-start=\"1758\" data-end=\"1761\">\u2022 Sapore selvatico intenso e aromatico<br data-start=\"1800\" data-end=\"1803\">\u2022 Leggermente affumicate su legno di faggio<br data-start=\"1836\" data-end=\"1839\">\u2022 Essiccate all&#8217;aria e prodotte secondo tradizione<br data-start=\"1882\" data-end=\"1885\">\u2022 Tipica specialit\u00e0 selvatica altoatesina<\/p>\n","protected":false},"featured_media":5587,"template":"","meta":[],"product_brand":[],"product_cat":[186,184],"product_tag":[2286,1945,2105,3505,2409,2279,2735,2428,3764,2001],"class_list":{"0":"post-5074","1":"product","2":"type-product","3":"status-publish","4":"has-post-thumbnail","6":"product_cat-kaminwurze","7":"product_cat-salumi","8":"product_tag-affumicato","9":"product_tag-alto-adige","10":"product_tag-con-vino-rosso","11":"product_tag-hirschkaminwurzen","12":"product_tag-intenso","13":"product_tag-merenda-3","14":"product_tag-selvaggina","15":"product_tag-snack","16":"product_tag-specialita-di-selvaggina","17":"product_tag-stagionato-allaria","18":"product_shipping_class-fino-a-2-kg","20":"first","21":"instock","22":"shipping-taxable","23":"purchasable","24":"product-type-simple"},"yoast_head":"<!-- This site is optimized with the Yoast SEO plugin v27.4 - https:\/\/yoast.com\/product\/yoast-seo-wordpress\/ -->\n<title>Kaminwurzen di cervo: Kaminwurzen selvatiche dell&#039;Alto Adige - Der Psairer - Speck, Wurst, K\u00e4se<\/title>\n<meta name=\"description\" content=\"Kaminwurzen di cervo dell&#039;Alto Adige. Kaminwurzen selvatiche dal gusto intenso, a base di carne di cervo pregiata, affumicate su legno di faggio. Ideali per merenda e spuntini.\" \/>\n<meta name=\"robots\" content=\"index, follow, max-snippet:-1, max-image-preview:large, max-video-preview:-1\" \/>\n<link rel=\"canonical\" href=\"https:\/\/derpsairer.it\/it\/produkt\/kaminwurzen-di-cervo\/\" \/>\n<meta property=\"og:locale\" content=\"it_IT\" \/>\n<meta property=\"og:type\" content=\"article\" \/>\n<meta property=\"og:title\" content=\"Kaminwurzen di cervo: Kaminwurzen selvatiche dell&#039;Alto Adige - Der Psairer - Speck, Wurst, K\u00e4se\" \/>\n<meta property=\"og:description\" content=\"Kaminwurzen di cervo dell&#039;Alto Adige. Kaminwurzen selvatiche dal gusto intenso, a base di carne di cervo pregiata, affumicate su legno di faggio. Ideali per merenda e spuntini.\" \/>\n<meta property=\"og:url\" content=\"https:\/\/derpsairer.it\/it\/produkt\/kaminwurzen-di-cervo\/\" \/>\n<meta property=\"og:site_name\" content=\"Der Psairer - Speck, Wurst, K\u00e4se\" \/>\n<meta property=\"article:publisher\" content=\"https:\/\/www.facebook.com\/profile.php?id=100063648246860\" \/>\n<meta property=\"article:modified_time\" content=\"2026-01-13T07:47:55+00:00\" \/>\n<meta property=\"og:image\" content=\"https:\/\/derpsairer.it\/wp-22\/wp-content\/uploads\/2020\/04\/Kaminwurzen_Hirsch.jpg\" \/>\n\t<meta property=\"og:image:width\" content=\"700\" \/>\n\t<meta property=\"og:image:height\" content=\"466\" \/>\n\t<meta property=\"og:image:type\" content=\"image\/jpeg\" \/>\n<meta name=\"twitter:label1\" content=\"Tempo di lettura stimato\" \/>\n\t<meta name=\"twitter:data1\" content=\"1 minute\" \/>\n<script type=\"application\/ld+json\" class=\"yoast-schema-graph\">{\"@context\":\"https:\\\/\\\/schema.org\",\"@graph\":[{\"@type\":\"WebPage\",\"@id\":\"https:\\\/\\\/derpsairer.it\\\/it\\\/produkt\\\/kaminwurzen-di-cervo\\\/\",\"url\":\"https:\\\/\\\/derpsairer.it\\\/it\\\/produkt\\\/kaminwurzen-di-cervo\\\/\",\"name\":\"Kaminwurzen di cervo: Kaminwurzen selvatiche dell'Alto Adige - Der Psairer - Speck, Wurst, K\u00e4se\",\"isPartOf\":{\"@id\":\"https:\\\/\\\/derpsairer.it\\\/it\\\/#website\"},\"primaryImageOfPage\":{\"@id\":\"https:\\\/\\\/derpsairer.it\\\/it\\\/produkt\\\/kaminwurzen-di-cervo\\\/#primaryimage\"},\"image\":{\"@id\":\"https:\\\/\\\/derpsairer.it\\\/it\\\/produkt\\\/kaminwurzen-di-cervo\\\/#primaryimage\"},\"thumbnailUrl\":\"https:\\\/\\\/derpsairer.it\\\/wp-22\\\/wp-content\\\/uploads\\\/2020\\\/04\\\/Kaminwurzen_Hirsch.jpg\",\"datePublished\":\"2021-08-03T12:45:50+00:00\",\"dateModified\":\"2026-01-13T07:47:55+00:00\",\"description\":\"Kaminwurzen di cervo dell'Alto Adige. Kaminwurzen selvatiche dal gusto intenso, a base di carne di cervo pregiata, affumicate su legno di faggio. Ideali per merenda e spuntini.\",\"breadcrumb\":{\"@id\":\"https:\\\/\\\/derpsairer.it\\\/it\\\/produkt\\\/kaminwurzen-di-cervo\\\/#breadcrumb\"},\"inLanguage\":\"it-IT\",\"potentialAction\":[{\"@type\":\"ReadAction\",\"target\":[\"https:\\\/\\\/derpsairer.it\\\/it\\\/produkt\\\/kaminwurzen-di-cervo\\\/\"]}]},{\"@type\":\"ImageObject\",\"inLanguage\":\"it-IT\",\"@id\":\"https:\\\/\\\/derpsairer.it\\\/it\\\/produkt\\\/kaminwurzen-di-cervo\\\/#primaryimage\",\"url\":\"https:\\\/\\\/derpsairer.it\\\/wp-22\\\/wp-content\\\/uploads\\\/2020\\\/04\\\/Kaminwurzen_Hirsch.jpg\",\"contentUrl\":\"https:\\\/\\\/derpsairer.it\\\/wp-22\\\/wp-content\\\/uploads\\\/2020\\\/04\\\/Kaminwurzen_Hirsch.jpg\",\"width\":700,\"height\":466},{\"@type\":\"BreadcrumbList\",\"@id\":\"https:\\\/\\\/derpsairer.it\\\/it\\\/produkt\\\/kaminwurzen-di-cervo\\\/#breadcrumb\",\"itemListElement\":[{\"@type\":\"ListItem\",\"position\":1,\"name\":\"Home\",\"item\":\"https:\\\/\\\/derpsairer.it\\\/it\\\/il-negozio-di-speck-der-psairer\\\/\"},{\"@type\":\"ListItem\",\"position\":2,\"name\":\"Shop\",\"item\":\"https:\\\/\\\/derpsairer.it\\\/shop\\\/\"},{\"@type\":\"ListItem\",\"position\":3,\"name\":\"Kaminwurzen di cervo: saporite Kaminwurzen selvatiche dell&#8217;Alto Adige\"}]},{\"@type\":\"WebSite\",\"@id\":\"https:\\\/\\\/derpsairer.it\\\/it\\\/#website\",\"url\":\"https:\\\/\\\/derpsairer.it\\\/it\\\/\",\"name\":\"Der Psairer - Speck, Wurst, K\u00e4se\",\"description\":\"Speck, Wurst und K\u00e4s aus Passeiertal in S\u00fcdtirol online bestellen.\",\"publisher\":{\"@id\":\"https:\\\/\\\/derpsairer.it\\\/it\\\/#organization\"},\"potentialAction\":[{\"@type\":\"SearchAction\",\"target\":{\"@type\":\"EntryPoint\",\"urlTemplate\":\"https:\\\/\\\/derpsairer.it\\\/it\\\/?s={search_term_string}\"},\"query-input\":{\"@type\":\"PropertyValueSpecification\",\"valueRequired\":true,\"valueName\":\"search_term_string\"}}],\"inLanguage\":\"it-IT\"},{\"@type\":\"Organization\",\"@id\":\"https:\\\/\\\/derpsairer.it\\\/it\\\/#organization\",\"name\":\"Der Psairer - Speck, Wurst, K\u00e4se\",\"url\":\"https:\\\/\\\/derpsairer.it\\\/it\\\/\",\"logo\":{\"@type\":\"ImageObject\",\"inLanguage\":\"it-IT\",\"@id\":\"https:\\\/\\\/derpsairer.it\\\/it\\\/#\\\/schema\\\/logo\\\/image\\\/\",\"url\":\"https:\\\/\\\/derpsairer.it\\\/wp-22\\\/wp-content\\\/uploads\\\/2020\\\/03\\\/DER-PSAIRER-LOGO-2x.png\",\"contentUrl\":\"https:\\\/\\\/derpsairer.it\\\/wp-22\\\/wp-content\\\/uploads\\\/2020\\\/03\\\/DER-PSAIRER-LOGO-2x.png\",\"width\":500,\"height\":500,\"caption\":\"Der Psairer - Speck, Wurst, K\u00e4se\"},\"image\":{\"@id\":\"https:\\\/\\\/derpsairer.it\\\/it\\\/#\\\/schema\\\/logo\\\/image\\\/\"},\"sameAs\":[\"https:\\\/\\\/www.facebook.com\\\/profile.php?id=100063648246860\"]}]}<\/script>\n<!-- \/ Yoast SEO plugin. -->","yoast_head_json":{"title":"Kaminwurzen di cervo: Kaminwurzen selvatiche dell'Alto Adige - Der Psairer - Speck, Wurst, K\u00e4se","description":"Kaminwurzen di cervo dell'Alto Adige. Kaminwurzen selvatiche dal gusto intenso, a base di carne di cervo pregiata, affumicate su legno di faggio. Ideali per merenda e spuntini.","robots":{"index":"index","follow":"follow","max-snippet":"max-snippet:-1","max-image-preview":"max-image-preview:large","max-video-preview":"max-video-preview:-1"},"canonical":"https:\/\/derpsairer.it\/it\/produkt\/kaminwurzen-di-cervo\/","og_locale":"it_IT","og_type":"article","og_title":"Kaminwurzen di cervo: Kaminwurzen selvatiche dell'Alto Adige - Der Psairer - Speck, Wurst, K\u00e4se","og_description":"Kaminwurzen di cervo dell'Alto Adige. Kaminwurzen selvatiche dal gusto intenso, a base di carne di cervo pregiata, affumicate su legno di faggio. Ideali per merenda e spuntini.","og_url":"https:\/\/derpsairer.it\/it\/produkt\/kaminwurzen-di-cervo\/","og_site_name":"Der Psairer - Speck, Wurst, K\u00e4se","article_publisher":"https:\/\/www.facebook.com\/profile.php?id=100063648246860","article_modified_time":"2026-01-13T07:47:55+00:00","og_image":[{"width":700,"height":466,"url":"https:\/\/derpsairer.it\/wp-22\/wp-content\/uploads\/2020\/04\/Kaminwurzen_Hirsch.jpg","type":"image\/jpeg"}],"twitter_misc":{"Tempo di lettura stimato":"1 minute"},"schema":{"@context":"https:\/\/schema.org","@graph":[{"@type":"WebPage","@id":"https:\/\/derpsairer.it\/it\/produkt\/kaminwurzen-di-cervo\/","url":"https:\/\/derpsairer.it\/it\/produkt\/kaminwurzen-di-cervo\/","name":"Kaminwurzen di cervo: Kaminwurzen selvatiche dell'Alto Adige - Der Psairer - Speck, Wurst, K\u00e4se","isPartOf":{"@id":"https:\/\/derpsairer.it\/it\/#website"},"primaryImageOfPage":{"@id":"https:\/\/derpsairer.it\/it\/produkt\/kaminwurzen-di-cervo\/#primaryimage"},"image":{"@id":"https:\/\/derpsairer.it\/it\/produkt\/kaminwurzen-di-cervo\/#primaryimage"},"thumbnailUrl":"https:\/\/derpsairer.it\/wp-22\/wp-content\/uploads\/2020\/04\/Kaminwurzen_Hirsch.jpg","datePublished":"2021-08-03T12:45:50+00:00","dateModified":"2026-01-13T07:47:55+00:00","description":"Kaminwurzen di cervo dell'Alto Adige. Kaminwurzen selvatiche dal gusto intenso, a base di carne di cervo pregiata, affumicate su legno di faggio. Ideali per merenda e spuntini.","breadcrumb":{"@id":"https:\/\/derpsairer.it\/it\/produkt\/kaminwurzen-di-cervo\/#breadcrumb"},"inLanguage":"it-IT","potentialAction":[{"@type":"ReadAction","target":["https:\/\/derpsairer.it\/it\/produkt\/kaminwurzen-di-cervo\/"]}]},{"@type":"ImageObject","inLanguage":"it-IT","@id":"https:\/\/derpsairer.it\/it\/produkt\/kaminwurzen-di-cervo\/#primaryimage","url":"https:\/\/derpsairer.it\/wp-22\/wp-content\/uploads\/2020\/04\/Kaminwurzen_Hirsch.jpg","contentUrl":"https:\/\/derpsairer.it\/wp-22\/wp-content\/uploads\/2020\/04\/Kaminwurzen_Hirsch.jpg","width":700,"height":466},{"@type":"BreadcrumbList","@id":"https:\/\/derpsairer.it\/it\/produkt\/kaminwurzen-di-cervo\/#breadcrumb","itemListElement":[{"@type":"ListItem","position":1,"name":"Home","item":"https:\/\/derpsairer.it\/it\/il-negozio-di-speck-der-psairer\/"},{"@type":"ListItem","position":2,"name":"Shop","item":"https:\/\/derpsairer.it\/shop\/"},{"@type":"ListItem","position":3,"name":"Kaminwurzen di cervo: saporite Kaminwurzen selvatiche dell&#8217;Alto Adige"}]},{"@type":"WebSite","@id":"https:\/\/derpsairer.it\/it\/#website","url":"https:\/\/derpsairer.it\/it\/","name":"Der Psairer - Speck, Wurst, K\u00e4se","description":"Speck, Wurst und K\u00e4s aus Passeiertal in S\u00fcdtirol online bestellen.","publisher":{"@id":"https:\/\/derpsairer.it\/it\/#organization"},"potentialAction":[{"@type":"SearchAction","target":{"@type":"EntryPoint","urlTemplate":"https:\/\/derpsairer.it\/it\/?s={search_term_string}"},"query-input":{"@type":"PropertyValueSpecification","valueRequired":true,"valueName":"search_term_string"}}],"inLanguage":"it-IT"},{"@type":"Organization","@id":"https:\/\/derpsairer.it\/it\/#organization","name":"Der Psairer - Speck, Wurst, K\u00e4se","url":"https:\/\/derpsairer.it\/it\/","logo":{"@type":"ImageObject","inLanguage":"it-IT","@id":"https:\/\/derpsairer.it\/it\/#\/schema\/logo\/image\/","url":"https:\/\/derpsairer.it\/wp-22\/wp-content\/uploads\/2020\/03\/DER-PSAIRER-LOGO-2x.png","contentUrl":"https:\/\/derpsairer.it\/wp-22\/wp-content\/uploads\/2020\/03\/DER-PSAIRER-LOGO-2x.png","width":500,"height":500,"caption":"Der Psairer - Speck, Wurst, K\u00e4se"},"image":{"@id":"https:\/\/derpsairer.it\/it\/#\/schema\/logo\/image\/"},"sameAs":["https:\/\/www.facebook.com\/profile.php?id=100063648246860"]}]}},"_links":{"self":[{"href":"https:\/\/derpsairer.it\/it\/wp-json\/wp\/v2\/product\/5074","targetHints":{"allow":["GET"]}}],"collection":[{"href":"https:\/\/derpsairer.it\/it\/wp-json\/wp\/v2\/product"}],"about":[{"href":"https:\/\/derpsairer.it\/it\/wp-json\/wp\/v2\/types\/product"}],"wp:featuredmedia":[{"embeddable":true,"href":"https:\/\/derpsairer.it\/it\/wp-json\/wp\/v2\/media\/5587"}],"wp:attachment":[{"href":"https:\/\/derpsairer.it\/it\/wp-json\/wp\/v2\/media?parent=5074"}],"wp:term":[{"taxonomy":"product_brand","embeddable":true,"href":"https:\/\/derpsairer.it\/it\/wp-json\/wp\/v2\/product_brand?post=5074"},{"taxonomy":"product_cat","embeddable":true,"href":"https:\/\/derpsairer.it\/it\/wp-json\/wp\/v2\/product_cat?post=5074"},{"taxonomy":"product_tag","embeddable":true,"href":"https:\/\/derpsairer.it\/it\/wp-json\/wp\/v2\/product_tag?post=5074"}],"curies":[{"name":"wp","href":"https:\/\/api.w.org\/{rel}","templated":true}]}}