{"id":5076,"date":"2021-07-27T11:03:17","date_gmt":"2021-07-27T09:03:17","guid":{"rendered":"https:\/\/derpsairer.it\/produkt\/camembert-di-algund-bio\/"},"modified":"2025-11-05T17:19:54","modified_gmt":"2025-11-05T16:19:54","slug":"camembert-di-algund-bio","status":"publish","type":"product","link":"https:\/\/derpsairer.it\/it\/produkt\/camembert-di-algund-bio\/","title":{"rendered":"Camembert di Algund Bio"},"content":{"rendered":"[vc_row type=&#8221;in_container&#8221; full_screen_row_position=&#8221;middle&#8221; column_margin=&#8221;default&#8221; column_direction=&#8221;default&#8221; column_direction_tablet=&#8221;default&#8221; column_direction_phone=&#8221;default&#8221; scene_position=&#8221;center&#8221; text_color=&#8221;dark&#8221; text_align=&#8221;left&#8221; row_border_radius=&#8221;none&#8221; row_border_radius_applies=&#8221;bg&#8221; overflow=&#8221;visible&#8221; overlay_strength=&#8221;0.3&#8243; gradient_direction=&#8221;left_to_right&#8221; shape_divider_position=&#8221;bottom&#8221; bg_image_animation=&#8221;none&#8221;][vc_column column_padding=&#8221;no-extra-padding&#8221; column_padding_tablet=&#8221;inherit&#8221; column_padding_phone=&#8221;inherit&#8221; column_padding_position=&#8221;all&#8221; column_element_direction_desktop=&#8221;default&#8221; column_element_spacing=&#8221;default&#8221; desktop_text_alignment=&#8221;default&#8221; tablet_text_alignment=&#8221;default&#8221; phone_text_alignment=&#8221;default&#8221; background_color_opacity=&#8221;1&#8243; background_hover_color_opacity=&#8221;1&#8243; column_backdrop_filter=&#8221;none&#8221; column_shadow=&#8221;none&#8221; column_border_radius=&#8221;none&#8221; column_link_target=&#8221;_self&#8221; column_position=&#8221;default&#8221; gradient_direction=&#8221;left_to_right&#8221; overlay_strength=&#8221;0.3&#8243; width=&#8221;1\/1&#8243; tablet_width_inherit=&#8221;default&#8221; animation_type=&#8221;default&#8221; bg_image_animation=&#8221;none&#8221; border_type=&#8221;simple&#8221; column_border_width=&#8221;none&#8221; column_border_style=&#8221;solid&#8221;][vc_column_text css=&#8221;&#8221; text_direction=&#8221;default&#8221;]\n<div class=\"post-area col span_9\">\n<article id=\"post-174\" class=\"post-174 post type-post status-publish format-standard has-post-thumbnail category-algunder-camembert-bio category-kaese\">\n<div class=\"inner-wrap\">\n<div class=\"post-content\" data-hide-featured-media=\"0\">\n<div class=\"content-inner\">\n<p data-start=\"6510\" data-end=\"6718\">Il <strong data-start=\"6514\" data-end=\"6540\">Camembert Bio di Lagundo<\/strong> \u00e8 un <strong data-start=\"6549\" data-end=\"6573\">formaggio a pasta molle grasso<\/strong> della migliore qualit\u00e0 biologica.<br data-start=\"6597\" data-end=\"6600\">La sua <strong data-start=\"6606\" data-end=\"6637\">consistenza morbida e vellutata<\/strong> e il suo <strong data-start=\"6646\" data-end=\"6671\">aroma delicatamente acidulo<\/strong> lo rendono un&#8217;armoniosa delizia casearia.<\/p>\n<p data-start=\"6720\" data-end=\"6857\">Prodotto a Lagundo, \u00e8 sinonimo di <strong data-start=\"6756\" data-end=\"6778\">qualit\u00e0 regionale<\/strong> e <strong data-start=\"6783\" data-end=\"6810\">sapore autentico<\/strong> \u2013 ideale puro, sul pane o con frutta fresca.<\/p>\n<p>Disponibile a:<\/p>\n<ul>\n<li>25,50 \u20ac\/kg<\/li>\n<li>Forma da ca. 250 \u2013 300 gr.<\/li>\n<\/ul>\n<p>&nbsp;<\/p>\n<\/div>\n<\/div>\n<\/div>\n<\/article>\n<\/div>\n[\/vc_column_text][\/vc_column][\/vc_row]\n","protected":false},"excerpt":{"rendered":"<ul>\n<li data-start=\"6904\" data-end=\"6932\">Formaggio molle biologico dell&#8217;Alto Adige<\/li>\n<li data-start=\"6935\" data-end=\"6959\">Grasso e cremoso delicato<\/li>\n<li data-start=\"6962\" data-end=\"6991\">Aromatico con una fine acidit\u00e0<\/li>\n<li data-start=\"6994\" data-end=\"7017\">Prodotto a Lagundo<\/li>\n<li data-start=\"7020\" data-end=\"7045\">Ideale puro o sul pane<\/li>\n<\/ul>\n","protected":false},"featured_media":5548,"template":"","meta":[],"product_brand":[],"product_cat":[162],"product_tag":[2705,2364,378,2708,1625,2137,2018],"class_list":{"0":"post-5076","1":"product","2":"type-product","3":"status-publish","4":"has-post-thumbnail","6":"product_cat-formaggio","7":"product_tag-algund","8":"product_tag-cremoso","9":"product_tag-formaggio-altoatesino","10":"product_tag-formaggio-molle","11":"product_tag-per-pane","12":"product_tag-regionale","13":"product_tag-tagliere-di-formaggi","14":"product_shipping_class-fino-a-2-kg","16":"first","17":"instock","18":"shipping-taxable","19":"purchasable","20":"product-type-simple"},"yoast_head":"<!-- This site is optimized with the Yoast SEO plugin v27.4 - https:\/\/yoast.com\/product\/yoast-seo-wordpress\/ -->\n<title>Camembert Bio di Lagundo \u2013 Aromatico e cremoso delicato - Der Psairer - Speck, Wurst, K\u00e4se<\/title>\n<meta name=\"description\" content=\"Camembert Bio di Lagundo \u2013 formaggio a pasta molle grasso, aromatico delicato e cremoso. Qualit\u00e0 biologica dall&#039;Alto Adige, dal sapore leggermente acidulo.\" \/>\n<meta name=\"robots\" content=\"index, follow, max-snippet:-1, max-image-preview:large, max-video-preview:-1\" \/>\n<link rel=\"canonical\" href=\"https:\/\/derpsairer.it\/it\/produkt\/camembert-di-algund-bio\/\" \/>\n<meta property=\"og:locale\" content=\"it_IT\" \/>\n<meta property=\"og:type\" content=\"article\" \/>\n<meta property=\"og:title\" content=\"Camembert Bio di Lagundo \u2013 Aromatico e cremoso delicato - Der Psairer - Speck, Wurst, K\u00e4se\" \/>\n<meta property=\"og:description\" content=\"Camembert Bio di Lagundo \u2013 formaggio a pasta molle grasso, aromatico delicato e cremoso. Qualit\u00e0 biologica dall&#039;Alto Adige, dal sapore leggermente acidulo.\" \/>\n<meta property=\"og:url\" content=\"https:\/\/derpsairer.it\/it\/produkt\/camembert-di-algund-bio\/\" \/>\n<meta property=\"og:site_name\" content=\"Der Psairer - Speck, Wurst, K\u00e4se\" \/>\n<meta property=\"article:publisher\" content=\"https:\/\/www.facebook.com\/profile.php?id=100063648246860\" \/>\n<meta property=\"article:modified_time\" content=\"2025-11-05T16:19:54+00:00\" \/>\n<meta property=\"og:image\" content=\"https:\/\/derpsairer.it\/wp-22\/wp-content\/uploads\/2015\/06\/Algunder_Camembert.jpg\" \/>\n\t<meta property=\"og:image:width\" content=\"624\" \/>\n\t<meta property=\"og:image:height\" content=\"312\" \/>\n\t<meta property=\"og:image:type\" content=\"image\/jpeg\" \/>\n<meta name=\"twitter:label1\" content=\"Tempo di lettura stimato\" \/>\n\t<meta name=\"twitter:data1\" content=\"1 minute\" \/>\n<script type=\"application\/ld+json\" class=\"yoast-schema-graph\">{\"@context\":\"https:\\\/\\\/schema.org\",\"@graph\":[{\"@type\":\"WebPage\",\"@id\":\"https:\\\/\\\/derpsairer.it\\\/it\\\/produkt\\\/camembert-di-algund-bio\\\/\",\"url\":\"https:\\\/\\\/derpsairer.it\\\/it\\\/produkt\\\/camembert-di-algund-bio\\\/\",\"name\":\"Camembert Bio di Lagundo \u2013 Aromatico e cremoso delicato - Der Psairer - Speck, Wurst, K\u00e4se\",\"isPartOf\":{\"@id\":\"https:\\\/\\\/derpsairer.it\\\/it\\\/#website\"},\"primaryImageOfPage\":{\"@id\":\"https:\\\/\\\/derpsairer.it\\\/it\\\/produkt\\\/camembert-di-algund-bio\\\/#primaryimage\"},\"image\":{\"@id\":\"https:\\\/\\\/derpsairer.it\\\/it\\\/produkt\\\/camembert-di-algund-bio\\\/#primaryimage\"},\"thumbnailUrl\":\"https:\\\/\\\/derpsairer.it\\\/wp-22\\\/wp-content\\\/uploads\\\/2015\\\/06\\\/Algunder_Camembert.jpg\",\"datePublished\":\"2021-07-27T09:03:17+00:00\",\"dateModified\":\"2025-11-05T16:19:54+00:00\",\"description\":\"Camembert Bio di Lagundo \u2013 formaggio a pasta molle grasso, aromatico delicato e cremoso. Qualit\u00e0 biologica dall'Alto Adige, dal sapore leggermente acidulo.\",\"breadcrumb\":{\"@id\":\"https:\\\/\\\/derpsairer.it\\\/it\\\/produkt\\\/camembert-di-algund-bio\\\/#breadcrumb\"},\"inLanguage\":\"it-IT\",\"potentialAction\":[{\"@type\":\"ReadAction\",\"target\":[\"https:\\\/\\\/derpsairer.it\\\/it\\\/produkt\\\/camembert-di-algund-bio\\\/\"]}]},{\"@type\":\"ImageObject\",\"inLanguage\":\"it-IT\",\"@id\":\"https:\\\/\\\/derpsairer.it\\\/it\\\/produkt\\\/camembert-di-algund-bio\\\/#primaryimage\",\"url\":\"https:\\\/\\\/derpsairer.it\\\/wp-22\\\/wp-content\\\/uploads\\\/2015\\\/06\\\/Algunder_Camembert.jpg\",\"contentUrl\":\"https:\\\/\\\/derpsairer.it\\\/wp-22\\\/wp-content\\\/uploads\\\/2015\\\/06\\\/Algunder_Camembert.jpg\",\"width\":624,\"height\":312,\"caption\":\"Camembert di Lagundo\"},{\"@type\":\"BreadcrumbList\",\"@id\":\"https:\\\/\\\/derpsairer.it\\\/it\\\/produkt\\\/camembert-di-algund-bio\\\/#breadcrumb\",\"itemListElement\":[{\"@type\":\"ListItem\",\"position\":1,\"name\":\"Home\",\"item\":\"https:\\\/\\\/derpsairer.it\\\/it\\\/il-negozio-di-speck-der-psairer\\\/\"},{\"@type\":\"ListItem\",\"position\":2,\"name\":\"Shop\",\"item\":\"https:\\\/\\\/derpsairer.it\\\/shop\\\/\"},{\"@type\":\"ListItem\",\"position\":3,\"name\":\"Camembert di Algund Bio\"}]},{\"@type\":\"WebSite\",\"@id\":\"https:\\\/\\\/derpsairer.it\\\/it\\\/#website\",\"url\":\"https:\\\/\\\/derpsairer.it\\\/it\\\/\",\"name\":\"Der Psairer - Speck, Wurst, K\u00e4se\",\"description\":\"Speck, Wurst und K\u00e4s aus Passeiertal in S\u00fcdtirol online bestellen.\",\"publisher\":{\"@id\":\"https:\\\/\\\/derpsairer.it\\\/it\\\/#organization\"},\"potentialAction\":[{\"@type\":\"SearchAction\",\"target\":{\"@type\":\"EntryPoint\",\"urlTemplate\":\"https:\\\/\\\/derpsairer.it\\\/it\\\/?s={search_term_string}\"},\"query-input\":{\"@type\":\"PropertyValueSpecification\",\"valueRequired\":true,\"valueName\":\"search_term_string\"}}],\"inLanguage\":\"it-IT\"},{\"@type\":\"Organization\",\"@id\":\"https:\\\/\\\/derpsairer.it\\\/it\\\/#organization\",\"name\":\"Der Psairer - Speck, Wurst, K\u00e4se\",\"url\":\"https:\\\/\\\/derpsairer.it\\\/it\\\/\",\"logo\":{\"@type\":\"ImageObject\",\"inLanguage\":\"it-IT\",\"@id\":\"https:\\\/\\\/derpsairer.it\\\/it\\\/#\\\/schema\\\/logo\\\/image\\\/\",\"url\":\"https:\\\/\\\/derpsairer.it\\\/wp-22\\\/wp-content\\\/uploads\\\/2020\\\/03\\\/DER-PSAIRER-LOGO-2x.png\",\"contentUrl\":\"https:\\\/\\\/derpsairer.it\\\/wp-22\\\/wp-content\\\/uploads\\\/2020\\\/03\\\/DER-PSAIRER-LOGO-2x.png\",\"width\":500,\"height\":500,\"caption\":\"Der Psairer - Speck, Wurst, K\u00e4se\"},\"image\":{\"@id\":\"https:\\\/\\\/derpsairer.it\\\/it\\\/#\\\/schema\\\/logo\\\/image\\\/\"},\"sameAs\":[\"https:\\\/\\\/www.facebook.com\\\/profile.php?id=100063648246860\"]}]}<\/script>\n<!-- \/ Yoast SEO plugin. -->","yoast_head_json":{"title":"Camembert Bio di Lagundo \u2013 Aromatico e cremoso delicato - Der Psairer - Speck, Wurst, K\u00e4se","description":"Camembert Bio di Lagundo \u2013 formaggio a pasta molle grasso, aromatico delicato e cremoso. Qualit\u00e0 biologica dall'Alto Adige, dal sapore leggermente acidulo.","robots":{"index":"index","follow":"follow","max-snippet":"max-snippet:-1","max-image-preview":"max-image-preview:large","max-video-preview":"max-video-preview:-1"},"canonical":"https:\/\/derpsairer.it\/it\/produkt\/camembert-di-algund-bio\/","og_locale":"it_IT","og_type":"article","og_title":"Camembert Bio di Lagundo \u2013 Aromatico e cremoso delicato - Der Psairer - Speck, Wurst, K\u00e4se","og_description":"Camembert Bio di Lagundo \u2013 formaggio a pasta molle grasso, aromatico delicato e cremoso. Qualit\u00e0 biologica dall'Alto Adige, dal sapore leggermente acidulo.","og_url":"https:\/\/derpsairer.it\/it\/produkt\/camembert-di-algund-bio\/","og_site_name":"Der Psairer - Speck, Wurst, K\u00e4se","article_publisher":"https:\/\/www.facebook.com\/profile.php?id=100063648246860","article_modified_time":"2025-11-05T16:19:54+00:00","og_image":[{"width":624,"height":312,"url":"https:\/\/derpsairer.it\/wp-22\/wp-content\/uploads\/2015\/06\/Algunder_Camembert.jpg","type":"image\/jpeg"}],"twitter_misc":{"Tempo di lettura stimato":"1 minute"},"schema":{"@context":"https:\/\/schema.org","@graph":[{"@type":"WebPage","@id":"https:\/\/derpsairer.it\/it\/produkt\/camembert-di-algund-bio\/","url":"https:\/\/derpsairer.it\/it\/produkt\/camembert-di-algund-bio\/","name":"Camembert Bio di Lagundo \u2013 Aromatico e cremoso delicato - Der Psairer - Speck, Wurst, K\u00e4se","isPartOf":{"@id":"https:\/\/derpsairer.it\/it\/#website"},"primaryImageOfPage":{"@id":"https:\/\/derpsairer.it\/it\/produkt\/camembert-di-algund-bio\/#primaryimage"},"image":{"@id":"https:\/\/derpsairer.it\/it\/produkt\/camembert-di-algund-bio\/#primaryimage"},"thumbnailUrl":"https:\/\/derpsairer.it\/wp-22\/wp-content\/uploads\/2015\/06\/Algunder_Camembert.jpg","datePublished":"2021-07-27T09:03:17+00:00","dateModified":"2025-11-05T16:19:54+00:00","description":"Camembert Bio di Lagundo \u2013 formaggio a pasta molle grasso, aromatico delicato e cremoso. Qualit\u00e0 biologica dall'Alto Adige, dal sapore leggermente acidulo.","breadcrumb":{"@id":"https:\/\/derpsairer.it\/it\/produkt\/camembert-di-algund-bio\/#breadcrumb"},"inLanguage":"it-IT","potentialAction":[{"@type":"ReadAction","target":["https:\/\/derpsairer.it\/it\/produkt\/camembert-di-algund-bio\/"]}]},{"@type":"ImageObject","inLanguage":"it-IT","@id":"https:\/\/derpsairer.it\/it\/produkt\/camembert-di-algund-bio\/#primaryimage","url":"https:\/\/derpsairer.it\/wp-22\/wp-content\/uploads\/2015\/06\/Algunder_Camembert.jpg","contentUrl":"https:\/\/derpsairer.it\/wp-22\/wp-content\/uploads\/2015\/06\/Algunder_Camembert.jpg","width":624,"height":312,"caption":"Camembert di Lagundo"},{"@type":"BreadcrumbList","@id":"https:\/\/derpsairer.it\/it\/produkt\/camembert-di-algund-bio\/#breadcrumb","itemListElement":[{"@type":"ListItem","position":1,"name":"Home","item":"https:\/\/derpsairer.it\/it\/il-negozio-di-speck-der-psairer\/"},{"@type":"ListItem","position":2,"name":"Shop","item":"https:\/\/derpsairer.it\/shop\/"},{"@type":"ListItem","position":3,"name":"Camembert di Algund Bio"}]},{"@type":"WebSite","@id":"https:\/\/derpsairer.it\/it\/#website","url":"https:\/\/derpsairer.it\/it\/","name":"Der Psairer - Speck, Wurst, K\u00e4se","description":"Speck, Wurst und K\u00e4s aus Passeiertal in S\u00fcdtirol online bestellen.","publisher":{"@id":"https:\/\/derpsairer.it\/it\/#organization"},"potentialAction":[{"@type":"SearchAction","target":{"@type":"EntryPoint","urlTemplate":"https:\/\/derpsairer.it\/it\/?s={search_term_string}"},"query-input":{"@type":"PropertyValueSpecification","valueRequired":true,"valueName":"search_term_string"}}],"inLanguage":"it-IT"},{"@type":"Organization","@id":"https:\/\/derpsairer.it\/it\/#organization","name":"Der Psairer - Speck, Wurst, K\u00e4se","url":"https:\/\/derpsairer.it\/it\/","logo":{"@type":"ImageObject","inLanguage":"it-IT","@id":"https:\/\/derpsairer.it\/it\/#\/schema\/logo\/image\/","url":"https:\/\/derpsairer.it\/wp-22\/wp-content\/uploads\/2020\/03\/DER-PSAIRER-LOGO-2x.png","contentUrl":"https:\/\/derpsairer.it\/wp-22\/wp-content\/uploads\/2020\/03\/DER-PSAIRER-LOGO-2x.png","width":500,"height":500,"caption":"Der Psairer - Speck, Wurst, K\u00e4se"},"image":{"@id":"https:\/\/derpsairer.it\/it\/#\/schema\/logo\/image\/"},"sameAs":["https:\/\/www.facebook.com\/profile.php?id=100063648246860"]}]}},"_links":{"self":[{"href":"https:\/\/derpsairer.it\/it\/wp-json\/wp\/v2\/product\/5076","targetHints":{"allow":["GET"]}}],"collection":[{"href":"https:\/\/derpsairer.it\/it\/wp-json\/wp\/v2\/product"}],"about":[{"href":"https:\/\/derpsairer.it\/it\/wp-json\/wp\/v2\/types\/product"}],"wp:featuredmedia":[{"embeddable":true,"href":"https:\/\/derpsairer.it\/it\/wp-json\/wp\/v2\/media\/5548"}],"wp:attachment":[{"href":"https:\/\/derpsairer.it\/it\/wp-json\/wp\/v2\/media?parent=5076"}],"wp:term":[{"taxonomy":"product_brand","embeddable":true,"href":"https:\/\/derpsairer.it\/it\/wp-json\/wp\/v2\/product_brand?post=5076"},{"taxonomy":"product_cat","embeddable":true,"href":"https:\/\/derpsairer.it\/it\/wp-json\/wp\/v2\/product_cat?post=5076"},{"taxonomy":"product_tag","embeddable":true,"href":"https:\/\/derpsairer.it\/it\/wp-json\/wp\/v2\/product_tag?post=5076"}],"curies":[{"name":"wp","href":"https:\/\/api.w.org\/{rel}","templated":true}]}}