{"id":5078,"date":"2021-08-31T10:43:26","date_gmt":"2021-08-31T08:43:26","guid":{"rendered":"https:\/\/derpsairer.it\/produkt\/sauvignon-stein\/"},"modified":"2026-01-09T16:44:38","modified_gmt":"2026-01-09T15:44:38","slug":"sauvignon-stein","status":"publish","type":"product","link":"https:\/\/derpsairer.it\/it\/produkt\/sauvignon-stein\/","title":{"rendered":"Sauvignon Stein \u2013 Sauvignon dell&#8217;Alto Adige preciso, fresco ed elegante"},"content":{"rendered":"<p data-start=\"131\" data-end=\"574\">Il Sauvignon &#8220;Stein&#8221; della <span class=\"hover:entity-accent entity-underline inline cursor-pointer align-baseline\"><span class=\"whitespace-normal\">Cantina Nals Margreid<\/span><\/span> unisce chiarezza, freschezza e profondit\u00e0 aromatica in un vino bianco dell&#8217;Alto Adige di carattere. Nonostante il suo nome vigoroso, lo &#8220;Stein&#8221; si presenta elegante, accessibile e finemente strutturato. Le uve provengono dai vigneti intorno a Nalles, dove maturano su terreni morenici ricchi di minerali, in un clima continentale-submediterraneo con giornate calde e notti fresche.  <\/p>\n<p data-start=\"576\" data-end=\"1181\">Dopo un&#8217;accurata vendemmia manuale, le uve vengono pressate delicatamente e il mosto fermenta in serbatoi di acciaio inox. Un affinamento di cinque mesi sui lieviti fini conferisce al Sauvignon pienezza e armonia. Nel bicchiere si presenta con un colore giallo paglierino chiaro con riflessi verdognoli. Al naso si sviluppa un bouquet fresco e vivace di pompelmo, agrumi, fiori di sambuco e delicate note erbacee. Al palato lo &#8220;Stein&#8221; risulta vivace e brioso, al contempo piacevolmente pieno, con una struttura speziata, una consistenza croccante e un&#8217;acidit\u00e0 avvolgente e ben integrata. Un Sauvignon preciso, dinamico e persistente.     <\/p>\n<p data-start=\"1188\" data-end=\"1226\"><strong data-start=\"1188\" data-end=\"1201\">Cantina:<\/strong><br data-start=\"1201\" data-end=\"1204\">Cantina Nals Margreid<\/p>\n<p data-start=\"1228\" data-end=\"1265\"><strong data-start=\"1228\" data-end=\"1241\">Vitigno:<\/strong><br data-start=\"1241\" data-end=\"1244\">100% Sauvignon Blanc<\/p>\n<p data-start=\"1267\" data-end=\"1425\"><strong data-start=\"1267\" data-end=\"1288\">Abbinamenti:<\/strong><br data-start=\"1288\" data-end=\"1291\">Antipasti vegetariani leggeri, primi piatti freschi, pesce alla griglia, pollo con peperoni, piatti asiatici<\/p>\n<p data-start=\"1427\" data-end=\"1557\"><strong data-start=\"1427\" data-end=\"1438\">Vinificazione:<\/strong><br data-start=\"1449\" data-end=\"1452\">Fermentazione del mosto limpido in serbatoi di acciaio inox (ca. 3 settimane)<br data-start=\"1513\" data-end=\"1516\">Affinamento sui lieviti fini per ca. 5 mesi<\/p>\n<p data-start=\"1559\" data-end=\"1594\"><strong data-start=\"1559\" data-end=\"1581\">Temperatura di servizio:<\/strong><br data-start=\"1581\" data-end=\"1584\">10 \u2013 12 \u00b0C<\/p>\n<p data-start=\"1596\" data-end=\"1623\"><strong data-start=\"1596\" data-end=\"1614\">Gradazione alcolica:<\/strong><br data-start=\"1614\" data-end=\"1617\">13,5 %<\/p>\n<p data-start=\"1625\" data-end=\"1645\"><strong data-start=\"1625\" data-end=\"1636\">Contenuto:<\/strong><br data-start=\"1636\" data-end=\"1639\">0,75 l<\/p>\n<p data-start=\"1647\" data-end=\"1805\"><strong data-start=\"1647\" data-end=\"1660\">Provenienza:<\/strong><br data-start=\"1660\" data-end=\"1663\">Alto Adige DOC<br data-start=\"1675\" data-end=\"1678\">Zona di coltivazione: Nalles<br data-start=\"1695\" data-end=\"1698\">Altitudine: 330 \u2013 400 m<br data-start=\"1720\" data-end=\"1723\">Terreni: Morenici minerali<br data-start=\"1759\" data-end=\"1762\">Clima: Clima caldo diurno con notti fresche<\/p>\n<p data-start=\"1807\" data-end=\"1827\"><strong data-start=\"1807\" data-end=\"1827\">Contiene solfiti.<\/strong><\/p>\n<p>&nbsp;<\/p>\n<p>&nbsp;<\/p>\n","protected":false},"excerpt":{"rendered":"<p>\u2022 Sauvignon Blanc in purezza dell&#8217;Alto Adige<br data-start=\"2396\" data-end=\"2399\">\u2022 Aromi di pompelmo, sambuco &amp; erbe aromatiche<br data-start=\"2443\" data-end=\"2446\">\u2022 Speziato, croccante &amp; vivace<br data-start=\"2474\" data-end=\"2477\">\u2022 Affinato 5 mesi sui lieviti fini<br data-start=\"2512\" data-end=\"2515\">\u2022 Ideale con pesce, verdure &amp; cucina asiatica<\/p>\n","protected":false},"featured_media":5638,"template":"","meta":[],"product_brand":[],"product_cat":[188],"product_tag":[3003,3279,1865,2490,1862,2322,3043,2877,3223,1608,2686,1953,3366],"class_list":{"0":"post-5078","1":"product","2":"type-product","3":"status-publish","4":"has-post-thumbnail","6":"product_cat-vino-distillati","7":"product_tag-acciaio-inox","8":"product_tag-alto-adige-doc","9":"product_tag-con-pesce","10":"product_tag-elegante","11":"product_tag-erbe-aromatiche","12":"product_tag-fresco","13":"product_tag-lievito-fine","14":"product_tag-minerale","15":"product_tag-nals-margreid","16":"product_tag-per-la-pasta","17":"product_tag-pompelmo","18":"product_tag-sambuco","19":"product_tag-sauvignon-stein","21":"first","22":"instock","23":"shipping-taxable","24":"purchasable","25":"product-type-simple"},"yoast_head":"<!-- This site is optimized with the Yoast SEO plugin v27.4 - https:\/\/yoast.com\/product\/yoast-seo-wordpress\/ -->\n<title>Sauvignon Stein \u2013 Fresco &amp; fruttato con sambuco &amp; pompelmo - Der Psairer - Speck, Wurst, K\u00e4se<\/title>\n<meta name=\"description\" content=\"Sauvignon Stein \u2013 fruttato &amp; vivace con aromi di pompelmo &amp; fiori di sambuco. Rinvigorente, distinto &amp; elegante nel finale. Un vino con brio.\" \/>\n<meta name=\"robots\" content=\"index, follow, max-snippet:-1, max-image-preview:large, max-video-preview:-1\" \/>\n<link rel=\"canonical\" href=\"https:\/\/derpsairer.it\/it\/produkt\/sauvignon-stein\/\" \/>\n<meta property=\"og:locale\" content=\"it_IT\" \/>\n<meta property=\"og:type\" content=\"article\" \/>\n<meta property=\"og:title\" content=\"Sauvignon Stein \u2013 Fresco &amp; fruttato con sambuco &amp; pompelmo - Der Psairer - Speck, Wurst, K\u00e4se\" \/>\n<meta property=\"og:description\" content=\"Sauvignon Stein \u2013 fruttato &amp; vivace con aromi di pompelmo &amp; fiori di sambuco. Rinvigorente, distinto &amp; elegante nel finale. Un vino con brio.\" \/>\n<meta property=\"og:url\" content=\"https:\/\/derpsairer.it\/it\/produkt\/sauvignon-stein\/\" \/>\n<meta property=\"og:site_name\" content=\"Der Psairer - Speck, Wurst, K\u00e4se\" \/>\n<meta property=\"article:publisher\" content=\"https:\/\/www.facebook.com\/profile.php?id=100063648246860\" \/>\n<meta property=\"article:modified_time\" content=\"2026-01-09T15:44:38+00:00\" \/>\n<meta property=\"og:image\" content=\"https:\/\/derpsairer.it\/wp-22\/wp-content\/uploads\/2021\/08\/Sauvignon-Stein-NM.jpg\" \/>\n\t<meta property=\"og:image:width\" content=\"800\" \/>\n\t<meta property=\"og:image:height\" content=\"800\" \/>\n\t<meta property=\"og:image:type\" content=\"image\/jpeg\" \/>\n<meta name=\"twitter:label1\" content=\"Tempo di lettura stimato\" \/>\n\t<meta name=\"twitter:data1\" content=\"1 minute\" \/>\n<script type=\"application\/ld+json\" class=\"yoast-schema-graph\">{\"@context\":\"https:\\\/\\\/schema.org\",\"@graph\":[{\"@type\":\"WebPage\",\"@id\":\"https:\\\/\\\/derpsairer.it\\\/it\\\/produkt\\\/sauvignon-stein\\\/\",\"url\":\"https:\\\/\\\/derpsairer.it\\\/it\\\/produkt\\\/sauvignon-stein\\\/\",\"name\":\"Sauvignon Stein \u2013 Fresco & fruttato con sambuco & pompelmo - Der Psairer - Speck, Wurst, K\u00e4se\",\"isPartOf\":{\"@id\":\"https:\\\/\\\/derpsairer.it\\\/it\\\/#website\"},\"primaryImageOfPage\":{\"@id\":\"https:\\\/\\\/derpsairer.it\\\/it\\\/produkt\\\/sauvignon-stein\\\/#primaryimage\"},\"image\":{\"@id\":\"https:\\\/\\\/derpsairer.it\\\/it\\\/produkt\\\/sauvignon-stein\\\/#primaryimage\"},\"thumbnailUrl\":\"https:\\\/\\\/derpsairer.it\\\/wp-22\\\/wp-content\\\/uploads\\\/2021\\\/08\\\/Sauvignon-Stein-NM.jpg\",\"datePublished\":\"2021-08-31T08:43:26+00:00\",\"dateModified\":\"2026-01-09T15:44:38+00:00\",\"description\":\"Sauvignon Stein \u2013 fruttato & vivace con aromi di pompelmo & fiori di sambuco. Rinvigorente, distinto & elegante nel finale. Un vino con brio.\",\"breadcrumb\":{\"@id\":\"https:\\\/\\\/derpsairer.it\\\/it\\\/produkt\\\/sauvignon-stein\\\/#breadcrumb\"},\"inLanguage\":\"it-IT\",\"potentialAction\":[{\"@type\":\"ReadAction\",\"target\":[\"https:\\\/\\\/derpsairer.it\\\/it\\\/produkt\\\/sauvignon-stein\\\/\"]}]},{\"@type\":\"ImageObject\",\"inLanguage\":\"it-IT\",\"@id\":\"https:\\\/\\\/derpsairer.it\\\/it\\\/produkt\\\/sauvignon-stein\\\/#primaryimage\",\"url\":\"https:\\\/\\\/derpsairer.it\\\/wp-22\\\/wp-content\\\/uploads\\\/2021\\\/08\\\/Sauvignon-Stein-NM.jpg\",\"contentUrl\":\"https:\\\/\\\/derpsairer.it\\\/wp-22\\\/wp-content\\\/uploads\\\/2021\\\/08\\\/Sauvignon-Stein-NM.jpg\",\"width\":800,\"height\":800},{\"@type\":\"BreadcrumbList\",\"@id\":\"https:\\\/\\\/derpsairer.it\\\/it\\\/produkt\\\/sauvignon-stein\\\/#breadcrumb\",\"itemListElement\":[{\"@type\":\"ListItem\",\"position\":1,\"name\":\"Home\",\"item\":\"https:\\\/\\\/derpsairer.it\\\/it\\\/il-negozio-di-speck-der-psairer\\\/\"},{\"@type\":\"ListItem\",\"position\":2,\"name\":\"Shop\",\"item\":\"https:\\\/\\\/derpsairer.it\\\/shop\\\/\"},{\"@type\":\"ListItem\",\"position\":3,\"name\":\"Sauvignon Stein \u2013 Sauvignon dell&#8217;Alto Adige preciso, fresco ed elegante\"}]},{\"@type\":\"WebSite\",\"@id\":\"https:\\\/\\\/derpsairer.it\\\/it\\\/#website\",\"url\":\"https:\\\/\\\/derpsairer.it\\\/it\\\/\",\"name\":\"Der Psairer - Speck, Wurst, K\u00e4se\",\"description\":\"Speck, Wurst und K\u00e4s aus Passeiertal in S\u00fcdtirol online bestellen.\",\"publisher\":{\"@id\":\"https:\\\/\\\/derpsairer.it\\\/it\\\/#organization\"},\"potentialAction\":[{\"@type\":\"SearchAction\",\"target\":{\"@type\":\"EntryPoint\",\"urlTemplate\":\"https:\\\/\\\/derpsairer.it\\\/it\\\/?s={search_term_string}\"},\"query-input\":{\"@type\":\"PropertyValueSpecification\",\"valueRequired\":true,\"valueName\":\"search_term_string\"}}],\"inLanguage\":\"it-IT\"},{\"@type\":\"Organization\",\"@id\":\"https:\\\/\\\/derpsairer.it\\\/it\\\/#organization\",\"name\":\"Der Psairer - Speck, Wurst, K\u00e4se\",\"url\":\"https:\\\/\\\/derpsairer.it\\\/it\\\/\",\"logo\":{\"@type\":\"ImageObject\",\"inLanguage\":\"it-IT\",\"@id\":\"https:\\\/\\\/derpsairer.it\\\/it\\\/#\\\/schema\\\/logo\\\/image\\\/\",\"url\":\"https:\\\/\\\/derpsairer.it\\\/wp-22\\\/wp-content\\\/uploads\\\/2020\\\/03\\\/DER-PSAIRER-LOGO-2x.png\",\"contentUrl\":\"https:\\\/\\\/derpsairer.it\\\/wp-22\\\/wp-content\\\/uploads\\\/2020\\\/03\\\/DER-PSAIRER-LOGO-2x.png\",\"width\":500,\"height\":500,\"caption\":\"Der Psairer - Speck, Wurst, K\u00e4se\"},\"image\":{\"@id\":\"https:\\\/\\\/derpsairer.it\\\/it\\\/#\\\/schema\\\/logo\\\/image\\\/\"},\"sameAs\":[\"https:\\\/\\\/www.facebook.com\\\/profile.php?id=100063648246860\"]}]}<\/script>\n<!-- \/ Yoast SEO plugin. -->","yoast_head_json":{"title":"Sauvignon Stein \u2013 Fresco & fruttato con sambuco & pompelmo - Der Psairer - Speck, Wurst, K\u00e4se","description":"Sauvignon Stein \u2013 fruttato & vivace con aromi di pompelmo & fiori di sambuco. Rinvigorente, distinto & elegante nel finale. Un vino con brio.","robots":{"index":"index","follow":"follow","max-snippet":"max-snippet:-1","max-image-preview":"max-image-preview:large","max-video-preview":"max-video-preview:-1"},"canonical":"https:\/\/derpsairer.it\/it\/produkt\/sauvignon-stein\/","og_locale":"it_IT","og_type":"article","og_title":"Sauvignon Stein \u2013 Fresco & fruttato con sambuco & pompelmo - Der Psairer - Speck, Wurst, K\u00e4se","og_description":"Sauvignon Stein \u2013 fruttato & vivace con aromi di pompelmo & fiori di sambuco. Rinvigorente, distinto & elegante nel finale. Un vino con brio.","og_url":"https:\/\/derpsairer.it\/it\/produkt\/sauvignon-stein\/","og_site_name":"Der Psairer - Speck, Wurst, K\u00e4se","article_publisher":"https:\/\/www.facebook.com\/profile.php?id=100063648246860","article_modified_time":"2026-01-09T15:44:38+00:00","og_image":[{"width":800,"height":800,"url":"https:\/\/derpsairer.it\/wp-22\/wp-content\/uploads\/2021\/08\/Sauvignon-Stein-NM.jpg","type":"image\/jpeg"}],"twitter_misc":{"Tempo di lettura stimato":"1 minute"},"schema":{"@context":"https:\/\/schema.org","@graph":[{"@type":"WebPage","@id":"https:\/\/derpsairer.it\/it\/produkt\/sauvignon-stein\/","url":"https:\/\/derpsairer.it\/it\/produkt\/sauvignon-stein\/","name":"Sauvignon Stein \u2013 Fresco & fruttato con sambuco & pompelmo - Der Psairer - Speck, Wurst, K\u00e4se","isPartOf":{"@id":"https:\/\/derpsairer.it\/it\/#website"},"primaryImageOfPage":{"@id":"https:\/\/derpsairer.it\/it\/produkt\/sauvignon-stein\/#primaryimage"},"image":{"@id":"https:\/\/derpsairer.it\/it\/produkt\/sauvignon-stein\/#primaryimage"},"thumbnailUrl":"https:\/\/derpsairer.it\/wp-22\/wp-content\/uploads\/2021\/08\/Sauvignon-Stein-NM.jpg","datePublished":"2021-08-31T08:43:26+00:00","dateModified":"2026-01-09T15:44:38+00:00","description":"Sauvignon Stein \u2013 fruttato & vivace con aromi di pompelmo & fiori di sambuco. Rinvigorente, distinto & elegante nel finale. Un vino con brio.","breadcrumb":{"@id":"https:\/\/derpsairer.it\/it\/produkt\/sauvignon-stein\/#breadcrumb"},"inLanguage":"it-IT","potentialAction":[{"@type":"ReadAction","target":["https:\/\/derpsairer.it\/it\/produkt\/sauvignon-stein\/"]}]},{"@type":"ImageObject","inLanguage":"it-IT","@id":"https:\/\/derpsairer.it\/it\/produkt\/sauvignon-stein\/#primaryimage","url":"https:\/\/derpsairer.it\/wp-22\/wp-content\/uploads\/2021\/08\/Sauvignon-Stein-NM.jpg","contentUrl":"https:\/\/derpsairer.it\/wp-22\/wp-content\/uploads\/2021\/08\/Sauvignon-Stein-NM.jpg","width":800,"height":800},{"@type":"BreadcrumbList","@id":"https:\/\/derpsairer.it\/it\/produkt\/sauvignon-stein\/#breadcrumb","itemListElement":[{"@type":"ListItem","position":1,"name":"Home","item":"https:\/\/derpsairer.it\/it\/il-negozio-di-speck-der-psairer\/"},{"@type":"ListItem","position":2,"name":"Shop","item":"https:\/\/derpsairer.it\/shop\/"},{"@type":"ListItem","position":3,"name":"Sauvignon Stein \u2013 Sauvignon dell&#8217;Alto Adige preciso, fresco ed elegante"}]},{"@type":"WebSite","@id":"https:\/\/derpsairer.it\/it\/#website","url":"https:\/\/derpsairer.it\/it\/","name":"Der Psairer - Speck, Wurst, K\u00e4se","description":"Speck, Wurst und K\u00e4s aus Passeiertal in S\u00fcdtirol online bestellen.","publisher":{"@id":"https:\/\/derpsairer.it\/it\/#organization"},"potentialAction":[{"@type":"SearchAction","target":{"@type":"EntryPoint","urlTemplate":"https:\/\/derpsairer.it\/it\/?s={search_term_string}"},"query-input":{"@type":"PropertyValueSpecification","valueRequired":true,"valueName":"search_term_string"}}],"inLanguage":"it-IT"},{"@type":"Organization","@id":"https:\/\/derpsairer.it\/it\/#organization","name":"Der Psairer - Speck, Wurst, K\u00e4se","url":"https:\/\/derpsairer.it\/it\/","logo":{"@type":"ImageObject","inLanguage":"it-IT","@id":"https:\/\/derpsairer.it\/it\/#\/schema\/logo\/image\/","url":"https:\/\/derpsairer.it\/wp-22\/wp-content\/uploads\/2020\/03\/DER-PSAIRER-LOGO-2x.png","contentUrl":"https:\/\/derpsairer.it\/wp-22\/wp-content\/uploads\/2020\/03\/DER-PSAIRER-LOGO-2x.png","width":500,"height":500,"caption":"Der Psairer - Speck, Wurst, K\u00e4se"},"image":{"@id":"https:\/\/derpsairer.it\/it\/#\/schema\/logo\/image\/"},"sameAs":["https:\/\/www.facebook.com\/profile.php?id=100063648246860"]}]}},"_links":{"self":[{"href":"https:\/\/derpsairer.it\/it\/wp-json\/wp\/v2\/product\/5078","targetHints":{"allow":["GET"]}}],"collection":[{"href":"https:\/\/derpsairer.it\/it\/wp-json\/wp\/v2\/product"}],"about":[{"href":"https:\/\/derpsairer.it\/it\/wp-json\/wp\/v2\/types\/product"}],"wp:featuredmedia":[{"embeddable":true,"href":"https:\/\/derpsairer.it\/it\/wp-json\/wp\/v2\/media\/5638"}],"wp:attachment":[{"href":"https:\/\/derpsairer.it\/it\/wp-json\/wp\/v2\/media?parent=5078"}],"wp:term":[{"taxonomy":"product_brand","embeddable":true,"href":"https:\/\/derpsairer.it\/it\/wp-json\/wp\/v2\/product_brand?post=5078"},{"taxonomy":"product_cat","embeddable":true,"href":"https:\/\/derpsairer.it\/it\/wp-json\/wp\/v2\/product_cat?post=5078"},{"taxonomy":"product_tag","embeddable":true,"href":"https:\/\/derpsairer.it\/it\/wp-json\/wp\/v2\/product_tag?post=5078"}],"curies":[{"name":"wp","href":"https:\/\/api.w.org\/{rel}","templated":true}]}}