{"id":5081,"date":"2021-08-31T10:42:32","date_gmt":"2021-08-31T08:42:32","guid":{"rendered":"https:\/\/derpsairer.it\/produkt\/pinot-grigio-hill\/"},"modified":"2026-01-09T16:48:33","modified_gmt":"2026-01-09T15:48:33","slug":"pinot-grigio-hill","status":"publish","type":"product","link":"https:\/\/derpsairer.it\/it\/produkt\/pinot-grigio-hill\/","title":{"rendered":"Pinot Grigio Hill \u2013 elegante Grauburgunder altoatesino, equilibrato e raffinato"},"content":{"rendered":"<p data-start=\"138\" data-end=\"543\">Il Pinot Grigio &#8220;Hill&#8221; della <span class=\"hover:entity-accent entity-underline inline cursor-pointer align-baseline\"><span class=\"whitespace-normal\">Kellerei Nals Margreid<\/span><\/span> \u00e8 sinonimo di piacere di bere senza complicazioni e di alto livello. Nei vigneti a sud di Margreid, su una dolce collina con terreni sabbiosi e argillosi, le uve maturano in un clima mediterraneo con giornate calde e l&#8217;Ora rinfrescante del Lago di Garda. Queste condizioni conferiscono al vino la sua struttura armoniosa e la sua fresca equilibrata.  <\/p>\n<p data-start=\"545\" data-end=\"1204\">Le uve monovitigno vengono raccolte a mano, pressate delicatamente e fatte fermentare in serbatoi di acciaio inox. Successivamente, il Pinot Grigio matura per cinque mesi sui lieviti fini, acquisendo cos\u00ec profondit\u00e0 ed eleganza. Nel bicchiere si presenta con un colore giallo paglierino intenso. Il naso \u00e8 caratterizzato da aromi di mele mature, pere, albicocche secche e pompelmo rosa, completati da delicate sfumature di erbe aromatiche come il timo. Al palato, l'&#8221;Hill&#8221; si presenta compatto e armonioso, con una pienezza piacevole, una struttura chiara e un&#8217;acidit\u00e0 finemente integrata. Un Grauburgunder equilibrato ed elegante, che convince sia come aperitivo che come versatile accompagnamento ai pasti.     <\/p>\n<p data-start=\"1211\" data-end=\"1249\"><strong data-start=\"1211\" data-end=\"1224\">Cantina:<\/strong><br data-start=\"1224\" data-end=\"1227\">Cantina Nals Margreid<\/p>\n<p data-start=\"1251\" data-end=\"1301\"><strong data-start=\"1251\" data-end=\"1264\">Vitigno:<\/strong><br data-start=\"1264\" data-end=\"1267\">100% Pinot Grigio (Grauburgunder)<\/p>\n<p data-start=\"1303\" data-end=\"1407\"><strong data-start=\"1303\" data-end=\"1324\">Abbinamenti:<\/strong><br data-start=\"1324\" data-end=\"1327\">Aperitivo, piatti di pesce, piatti a base di funghi<\/p>\n<p data-start=\"1409\" data-end=\"1539\"><strong data-start=\"1409\" data-end=\"1420\">Vinificazione:<\/strong><br data-start=\"1420\" data-end=\"1423\">Fermentazione del mosto limpido in serbatoi di acciaio inox (ca. 3 settimane)<br data-start=\"1495\" data-end=\"1498\">Affinamento sui lieviti fini per ca. 5 mesi<\/p>\n<p data-start=\"1541\" data-end=\"1576\"><strong data-start=\"1541\" data-end=\"1563\">Temperatura di servizio:<\/strong><br data-start=\"1563\" data-end=\"1566\">10 \u2013 12 \u00b0C<\/p>\n<p data-start=\"1578\" data-end=\"1605\"><strong data-start=\"1578\" data-end=\"1596\">Gradazione alcolica:<\/strong><br data-start=\"1596\" data-end=\"1599\">13,5 %<\/p>\n<p data-start=\"1607\" data-end=\"1627\"><strong data-start=\"1607\" data-end=\"1618\">Contenuto:<\/strong><br data-start=\"1618\" data-end=\"1621\">0,75 l<\/p>\n<p data-start=\"1629\" data-end=\"1799\"><strong data-start=\"1629\" data-end=\"1642\">Provenienza:<\/strong><br data-start=\"1642\" data-end=\"1645\">Alto Adige DOC<br data-start=\"1657\" data-end=\"1660\">Zona di coltivazione: Margreid<br data-start=\"1681\" data-end=\"1684\">Altitudine: 220 \u2013 250 m<br data-start=\"1706\" data-end=\"1709\">Terreni: Sabbia argillosa con alto contenuto di argilla<br data-start=\"1753\" data-end=\"1756\">Clima: Mediterraneo con vento Ora dal Lago di Garda<\/p>\n<p data-start=\"1801\" data-end=\"1821\"><strong data-start=\"1801\" data-end=\"1821\">Contiene solfiti.<\/strong><\/p>\n","protected":false},"excerpt":{"rendered":"<p>\u2022 Pinot Grigio monovitigno dell&#8217;Alto Adige<br data-start=\"2400\" data-end=\"2403\">\u2022 Aromi di mela, pera e agrumi<br data-start=\"2445\" data-end=\"2448\">\u2022 Armonico, strutturato ed equilibrato<br data-start=\"2487\" data-end=\"2490\">\u2022 Affinato per 5 mesi sui lieviti fini<br data-start=\"2525\" data-end=\"2528\">\u2022 Ideale come aperitivo e con piatti di pesce<\/p>\n","protected":false},"featured_media":5083,"template":"","meta":[],"product_brand":[],"product_cat":[188],"product_tag":[3003,3279,308,2941,1865,2490,3043,2185,3223,3372,2686,2855],"class_list":{"0":"post-5081","1":"product","2":"type-product","3":"status-publish","4":"has-post-thumbnail","6":"product_cat-vino-distillati","7":"product_tag-acciaio-inox","8":"product_tag-alto-adige-doc","9":"product_tag-aperitivo","10":"product_tag-armonioso","11":"product_tag-con-pesce","12":"product_tag-elegante","13":"product_tag-lievito-fine","14":"product_tag-mela","15":"product_tag-nals-margreid","16":"product_tag-pinot-grigio-hill","17":"product_tag-pompelmo","18":"product_tag-versatile","20":"first","21":"instock","22":"taxable","23":"shipping-taxable","24":"purchasable","25":"product-type-simple"},"yoast_head":"<!-- This site is optimized with the Yoast SEO plugin v27.5 - https:\/\/yoast.com\/product\/yoast-seo-wordpress\/ -->\n<title>Pinot Grigio Hill \u2013 Elegante e armonioso dell&#039;Alto Adige - Der Psairer - Speck, Wurst, K\u00e4se<\/title>\n<meta name=\"description\" content=\"Pinot Grigio Hill \u2013 armonioso e fresco con aromi di mela e pera. Elegante Pinot Grigio con fine acidit\u00e0 e struttura equilibrata.\" \/>\n<meta name=\"robots\" content=\"index, follow, max-snippet:-1, max-image-preview:large, max-video-preview:-1\" \/>\n<link rel=\"canonical\" href=\"https:\/\/derpsairer.it\/it\/produkt\/pinot-grigio-hill\/\" \/>\n<meta property=\"og:locale\" content=\"it_IT\" \/>\n<meta property=\"og:type\" content=\"article\" \/>\n<meta property=\"og:title\" content=\"Pinot Grigio Hill \u2013 Elegante e armonioso dell&#039;Alto Adige - Der Psairer - Speck, Wurst, K\u00e4se\" \/>\n<meta property=\"og:description\" content=\"Pinot Grigio Hill \u2013 armonioso e fresco con aromi di mela e pera. Elegante Pinot Grigio con fine acidit\u00e0 e struttura equilibrata.\" \/>\n<meta property=\"og:url\" content=\"https:\/\/derpsairer.it\/it\/produkt\/pinot-grigio-hill\/\" \/>\n<meta property=\"og:site_name\" content=\"Der Psairer - Speck, Wurst, K\u00e4se\" \/>\n<meta property=\"article:publisher\" content=\"https:\/\/www.facebook.com\/profile.php?id=100063648246860\" \/>\n<meta property=\"article:modified_time\" content=\"2026-01-09T15:48:33+00:00\" \/>\n<meta property=\"og:image\" content=\"https:\/\/derpsairer.it\/wp-22\/wp-content\/uploads\/2021\/08\/Pinot-Grigio-Hill.jpg\" \/>\n\t<meta property=\"og:image:width\" content=\"800\" \/>\n\t<meta property=\"og:image:height\" content=\"800\" \/>\n\t<meta property=\"og:image:type\" content=\"image\/jpeg\" \/>\n<meta name=\"twitter:label1\" content=\"Tempo di lettura stimato\" \/>\n\t<meta name=\"twitter:data1\" content=\"1 minute\" \/>\n<script type=\"application\/ld+json\" class=\"yoast-schema-graph\">{\"@context\":\"https:\\\/\\\/schema.org\",\"@graph\":[{\"@type\":\"WebPage\",\"@id\":\"https:\\\/\\\/derpsairer.it\\\/it\\\/produkt\\\/pinot-grigio-hill\\\/\",\"url\":\"https:\\\/\\\/derpsairer.it\\\/it\\\/produkt\\\/pinot-grigio-hill\\\/\",\"name\":\"Pinot Grigio Hill \u2013 Elegante e armonioso dell'Alto Adige - Der Psairer - Speck, Wurst, K\u00e4se\",\"isPartOf\":{\"@id\":\"https:\\\/\\\/derpsairer.it\\\/it\\\/#website\"},\"primaryImageOfPage\":{\"@id\":\"https:\\\/\\\/derpsairer.it\\\/it\\\/produkt\\\/pinot-grigio-hill\\\/#primaryimage\"},\"image\":{\"@id\":\"https:\\\/\\\/derpsairer.it\\\/it\\\/produkt\\\/pinot-grigio-hill\\\/#primaryimage\"},\"thumbnailUrl\":\"https:\\\/\\\/derpsairer.it\\\/wp-22\\\/wp-content\\\/uploads\\\/2021\\\/08\\\/Pinot-Grigio-Hill.jpg\",\"datePublished\":\"2021-08-31T08:42:32+00:00\",\"dateModified\":\"2026-01-09T15:48:33+00:00\",\"description\":\"Pinot Grigio Hill \u2013 armonioso e fresco con aromi di mela e pera. Elegante Pinot Grigio con fine acidit\u00e0 e struttura equilibrata.\",\"breadcrumb\":{\"@id\":\"https:\\\/\\\/derpsairer.it\\\/it\\\/produkt\\\/pinot-grigio-hill\\\/#breadcrumb\"},\"inLanguage\":\"it-IT\",\"potentialAction\":[{\"@type\":\"ReadAction\",\"target\":[\"https:\\\/\\\/derpsairer.it\\\/it\\\/produkt\\\/pinot-grigio-hill\\\/\"]}]},{\"@type\":\"ImageObject\",\"inLanguage\":\"it-IT\",\"@id\":\"https:\\\/\\\/derpsairer.it\\\/it\\\/produkt\\\/pinot-grigio-hill\\\/#primaryimage\",\"url\":\"https:\\\/\\\/derpsairer.it\\\/wp-22\\\/wp-content\\\/uploads\\\/2021\\\/08\\\/Pinot-Grigio-Hill.jpg\",\"contentUrl\":\"https:\\\/\\\/derpsairer.it\\\/wp-22\\\/wp-content\\\/uploads\\\/2021\\\/08\\\/Pinot-Grigio-Hill.jpg\",\"width\":800,\"height\":800},{\"@type\":\"BreadcrumbList\",\"@id\":\"https:\\\/\\\/derpsairer.it\\\/it\\\/produkt\\\/pinot-grigio-hill\\\/#breadcrumb\",\"itemListElement\":[{\"@type\":\"ListItem\",\"position\":1,\"name\":\"Home\",\"item\":\"https:\\\/\\\/derpsairer.it\\\/it\\\/il-negozio-di-speck-der-psairer\\\/\"},{\"@type\":\"ListItem\",\"position\":2,\"name\":\"Shop\",\"item\":\"https:\\\/\\\/derpsairer.it\\\/shop\\\/\"},{\"@type\":\"ListItem\",\"position\":3,\"name\":\"Pinot Grigio Hill \u2013 elegante Grauburgunder altoatesino, equilibrato e raffinato\"}]},{\"@type\":\"WebSite\",\"@id\":\"https:\\\/\\\/derpsairer.it\\\/it\\\/#website\",\"url\":\"https:\\\/\\\/derpsairer.it\\\/it\\\/\",\"name\":\"Der Psairer - Speck, Wurst, K\u00e4se\",\"description\":\"Speck, Wurst und K\u00e4s aus Passeiertal in S\u00fcdtirol online bestellen.\",\"publisher\":{\"@id\":\"https:\\\/\\\/derpsairer.it\\\/it\\\/#organization\"},\"potentialAction\":[{\"@type\":\"SearchAction\",\"target\":{\"@type\":\"EntryPoint\",\"urlTemplate\":\"https:\\\/\\\/derpsairer.it\\\/it\\\/?s={search_term_string}\"},\"query-input\":{\"@type\":\"PropertyValueSpecification\",\"valueRequired\":true,\"valueName\":\"search_term_string\"}}],\"inLanguage\":\"it-IT\"},{\"@type\":\"Organization\",\"@id\":\"https:\\\/\\\/derpsairer.it\\\/it\\\/#organization\",\"name\":\"Der Psairer - Speck, Wurst, K\u00e4se\",\"url\":\"https:\\\/\\\/derpsairer.it\\\/it\\\/\",\"logo\":{\"@type\":\"ImageObject\",\"inLanguage\":\"it-IT\",\"@id\":\"https:\\\/\\\/derpsairer.it\\\/it\\\/#\\\/schema\\\/logo\\\/image\\\/\",\"url\":\"https:\\\/\\\/derpsairer.it\\\/wp-22\\\/wp-content\\\/uploads\\\/2020\\\/03\\\/DER-PSAIRER-LOGO-2x.png\",\"contentUrl\":\"https:\\\/\\\/derpsairer.it\\\/wp-22\\\/wp-content\\\/uploads\\\/2020\\\/03\\\/DER-PSAIRER-LOGO-2x.png\",\"width\":500,\"height\":500,\"caption\":\"Der Psairer - Speck, Wurst, K\u00e4se\"},\"image\":{\"@id\":\"https:\\\/\\\/derpsairer.it\\\/it\\\/#\\\/schema\\\/logo\\\/image\\\/\"},\"sameAs\":[\"https:\\\/\\\/www.facebook.com\\\/profile.php?id=100063648246860\"]}]}<\/script>\n<!-- \/ Yoast SEO plugin. -->","yoast_head_json":{"title":"Pinot Grigio Hill \u2013 Elegante e armonioso dell'Alto Adige - Der Psairer - Speck, Wurst, K\u00e4se","description":"Pinot Grigio Hill \u2013 armonioso e fresco con aromi di mela e pera. Elegante Pinot Grigio con fine acidit\u00e0 e struttura equilibrata.","robots":{"index":"index","follow":"follow","max-snippet":"max-snippet:-1","max-image-preview":"max-image-preview:large","max-video-preview":"max-video-preview:-1"},"canonical":"https:\/\/derpsairer.it\/it\/produkt\/pinot-grigio-hill\/","og_locale":"it_IT","og_type":"article","og_title":"Pinot Grigio Hill \u2013 Elegante e armonioso dell'Alto Adige - Der Psairer - Speck, Wurst, K\u00e4se","og_description":"Pinot Grigio Hill \u2013 armonioso e fresco con aromi di mela e pera. Elegante Pinot Grigio con fine acidit\u00e0 e struttura equilibrata.","og_url":"https:\/\/derpsairer.it\/it\/produkt\/pinot-grigio-hill\/","og_site_name":"Der Psairer - Speck, Wurst, K\u00e4se","article_publisher":"https:\/\/www.facebook.com\/profile.php?id=100063648246860","article_modified_time":"2026-01-09T15:48:33+00:00","og_image":[{"width":800,"height":800,"url":"https:\/\/derpsairer.it\/wp-22\/wp-content\/uploads\/2021\/08\/Pinot-Grigio-Hill.jpg","type":"image\/jpeg"}],"twitter_misc":{"Tempo di lettura stimato":"1 minute"},"schema":{"@context":"https:\/\/schema.org","@graph":[{"@type":"WebPage","@id":"https:\/\/derpsairer.it\/it\/produkt\/pinot-grigio-hill\/","url":"https:\/\/derpsairer.it\/it\/produkt\/pinot-grigio-hill\/","name":"Pinot Grigio Hill \u2013 Elegante e armonioso dell'Alto Adige - Der Psairer - Speck, Wurst, K\u00e4se","isPartOf":{"@id":"https:\/\/derpsairer.it\/it\/#website"},"primaryImageOfPage":{"@id":"https:\/\/derpsairer.it\/it\/produkt\/pinot-grigio-hill\/#primaryimage"},"image":{"@id":"https:\/\/derpsairer.it\/it\/produkt\/pinot-grigio-hill\/#primaryimage"},"thumbnailUrl":"https:\/\/derpsairer.it\/wp-22\/wp-content\/uploads\/2021\/08\/Pinot-Grigio-Hill.jpg","datePublished":"2021-08-31T08:42:32+00:00","dateModified":"2026-01-09T15:48:33+00:00","description":"Pinot Grigio Hill \u2013 armonioso e fresco con aromi di mela e pera. Elegante Pinot Grigio con fine acidit\u00e0 e struttura equilibrata.","breadcrumb":{"@id":"https:\/\/derpsairer.it\/it\/produkt\/pinot-grigio-hill\/#breadcrumb"},"inLanguage":"it-IT","potentialAction":[{"@type":"ReadAction","target":["https:\/\/derpsairer.it\/it\/produkt\/pinot-grigio-hill\/"]}]},{"@type":"ImageObject","inLanguage":"it-IT","@id":"https:\/\/derpsairer.it\/it\/produkt\/pinot-grigio-hill\/#primaryimage","url":"https:\/\/derpsairer.it\/wp-22\/wp-content\/uploads\/2021\/08\/Pinot-Grigio-Hill.jpg","contentUrl":"https:\/\/derpsairer.it\/wp-22\/wp-content\/uploads\/2021\/08\/Pinot-Grigio-Hill.jpg","width":800,"height":800},{"@type":"BreadcrumbList","@id":"https:\/\/derpsairer.it\/it\/produkt\/pinot-grigio-hill\/#breadcrumb","itemListElement":[{"@type":"ListItem","position":1,"name":"Home","item":"https:\/\/derpsairer.it\/it\/il-negozio-di-speck-der-psairer\/"},{"@type":"ListItem","position":2,"name":"Shop","item":"https:\/\/derpsairer.it\/shop\/"},{"@type":"ListItem","position":3,"name":"Pinot Grigio Hill \u2013 elegante Grauburgunder altoatesino, equilibrato e raffinato"}]},{"@type":"WebSite","@id":"https:\/\/derpsairer.it\/it\/#website","url":"https:\/\/derpsairer.it\/it\/","name":"Der Psairer - Speck, Wurst, K\u00e4se","description":"Speck, Wurst und K\u00e4s aus Passeiertal in S\u00fcdtirol online bestellen.","publisher":{"@id":"https:\/\/derpsairer.it\/it\/#organization"},"potentialAction":[{"@type":"SearchAction","target":{"@type":"EntryPoint","urlTemplate":"https:\/\/derpsairer.it\/it\/?s={search_term_string}"},"query-input":{"@type":"PropertyValueSpecification","valueRequired":true,"valueName":"search_term_string"}}],"inLanguage":"it-IT"},{"@type":"Organization","@id":"https:\/\/derpsairer.it\/it\/#organization","name":"Der Psairer - Speck, Wurst, K\u00e4se","url":"https:\/\/derpsairer.it\/it\/","logo":{"@type":"ImageObject","inLanguage":"it-IT","@id":"https:\/\/derpsairer.it\/it\/#\/schema\/logo\/image\/","url":"https:\/\/derpsairer.it\/wp-22\/wp-content\/uploads\/2020\/03\/DER-PSAIRER-LOGO-2x.png","contentUrl":"https:\/\/derpsairer.it\/wp-22\/wp-content\/uploads\/2020\/03\/DER-PSAIRER-LOGO-2x.png","width":500,"height":500,"caption":"Der Psairer - Speck, Wurst, K\u00e4se"},"image":{"@id":"https:\/\/derpsairer.it\/it\/#\/schema\/logo\/image\/"},"sameAs":["https:\/\/www.facebook.com\/profile.php?id=100063648246860"]}]}},"_links":{"self":[{"href":"https:\/\/derpsairer.it\/it\/wp-json\/wp\/v2\/product\/5081","targetHints":{"allow":["GET"]}}],"collection":[{"href":"https:\/\/derpsairer.it\/it\/wp-json\/wp\/v2\/product"}],"about":[{"href":"https:\/\/derpsairer.it\/it\/wp-json\/wp\/v2\/types\/product"}],"wp:featuredmedia":[{"embeddable":true,"href":"https:\/\/derpsairer.it\/it\/wp-json\/wp\/v2\/media\/5083"}],"wp:attachment":[{"href":"https:\/\/derpsairer.it\/it\/wp-json\/wp\/v2\/media?parent=5081"}],"wp:term":[{"taxonomy":"product_brand","embeddable":true,"href":"https:\/\/derpsairer.it\/it\/wp-json\/wp\/v2\/product_brand?post=5081"},{"taxonomy":"product_cat","embeddable":true,"href":"https:\/\/derpsairer.it\/it\/wp-json\/wp\/v2\/product_cat?post=5081"},{"taxonomy":"product_tag","embeddable":true,"href":"https:\/\/derpsairer.it\/it\/wp-json\/wp\/v2\/product_tag?post=5081"}],"curies":[{"name":"wp","href":"https:\/\/api.w.org\/{rel}","templated":true}]}}