{"id":5084,"date":"2021-08-31T10:41:18","date_gmt":"2021-08-31T08:41:18","guid":{"rendered":"https:\/\/derpsairer.it\/produkt\/chardonnay-kalk\/"},"modified":"2026-01-09T16:52:03","modified_gmt":"2026-01-09T15:52:03","slug":"chardonnay-kalk","status":"publish","type":"product","link":"https:\/\/derpsairer.it\/it\/produkt\/chardonnay-kalk\/","title":{"rendered":"Chardonnay Kalk \u2013 Chardonnay dell&#8217;Alto Adige, espressione del terroir, con freschezza e profondit\u00e0"},"content":{"rendered":"<p data-start=\"138\" data-end=\"473\">Lo Chardonnay &#8220;Kalk&#8221; della <span class=\"hover:entity-accent entity-underline inline cursor-pointer align-baseline\"><span class=\"whitespace-normal\">Cantina Nals Margreid<\/span><\/span> \u00e8 un esempio di vino bianco dell&#8217;Alto Adige legato al terroir, con chiarezza ed espressione. Le uve provengono dai vigneti intorno a Magr\u00e8 a 220\u2013350 m s.l.m., dove il terreno ghiaioso calcareo con alto contenuto di humus conferisce al vino la sua mineralit\u00e0 e struttura distintive. <\/p>\n<p data-start=\"475\" data-end=\"1108\">Dopo un&#8217;accurata raccolta manuale, il mosto viene fermentato delicatamente in serbatoi di acciaio inox. Successivamente, lo Chardonnay matura per cinque mesi sui lieviti fini, il che gli conferisce densit\u00e0, eleganza e una profondit\u00e0 armoniosa. Nel bicchiere, il &#8220;Kalk&#8221; si presenta in un giallo paglierino brillante. Al naso si sprigionano aromi freschi e limpidi di ananas, frutto della passione e banana matura, accompagnati da delicate sfumature erbacee e speziate come la salvia. Al palato convince con un corpo denso, una freschezza croccante e un&#8217;acidit\u00e0 ben integrata: rotondo, speziato e allo stesso tempo vivace. Uno Chardonnay versatile che riflette autenticamente il terreno, il clima e lo stile della cantina.     <\/p>\n<p data-start=\"1115\" data-end=\"1153\"><strong data-start=\"1115\" data-end=\"1128\">Cantina:<\/strong><br data-start=\"1128\" data-end=\"1131\">Cantina Nals Margreid<\/p>\n<p data-start=\"1155\" data-end=\"1187\"><strong data-start=\"1155\" data-end=\"1168\">Vitigno:<\/strong><br data-start=\"1168\" data-end=\"1171\">100% Chardonnay<\/p>\n<p data-start=\"1189\" data-end=\"1280\"><strong data-start=\"1189\" data-end=\"1210\">Abbinamenti:<\/strong><br data-start=\"1210\" data-end=\"1213\">Sp\u00e4tzle allo speck, piatti di pesce, risotto, pollame<\/p>\n<p data-start=\"1282\" data-end=\"1412\"><strong data-start=\"1282\" data-end=\"1293\">Vinificazione:<\/strong><br data-start=\"1293\" data-end=\"1296\">Fermentazione del mosto limpido in serbatoi di acciaio inox (ca. 3 settimane)<br data-start=\"1368\" data-end=\"1371\">Affinamento sui lieviti fini per ca. 5 mesi<\/p>\n<p data-start=\"1414\" data-end=\"1449\"><strong data-start=\"1414\" data-end=\"1436\">Temperatura di servizio:<\/strong><br data-start=\"1436\" data-end=\"1439\">10 \u2013 12 \u00b0C<\/p>\n<p data-start=\"1451\" data-end=\"1478\"><strong data-start=\"1451\" data-end=\"1469\">Gradazione alcolica:<\/strong><br data-start=\"1469\" data-end=\"1472\">13,5 %<\/p>\n<p data-start=\"1480\" data-end=\"1500\"><strong data-start=\"1480\" data-end=\"1491\">Contenuto:<\/strong><br data-start=\"1491\" data-end=\"1494\">0,75 l<\/p>\n<p data-start=\"1502\" data-end=\"1679\"><strong data-start=\"1502\" data-end=\"1515\">Provenienza:<\/strong><br data-start=\"1515\" data-end=\"1518\">Alto Adige DOC<br data-start=\"1530\" data-end=\"1533\">Zona di coltivazione: Magr\u00e8<br data-start=\"1554\" data-end=\"1557\">Altitudine: 220 \u2013 350 m<br data-start=\"1579\" data-end=\"1582\">Terreni: Terreno ghiaioso calcareo con alto contenuto di humus<br data-start=\"1633\" data-end=\"1636\">Clima: Mediterraneo con vento Ora dal Lago di Garda<\/p>\n<p data-start=\"1681\" data-end=\"1701\"><strong data-start=\"1681\" data-end=\"1701\">Contiene solfiti.<\/strong><\/p>\n<p>&nbsp;<\/p>\n","protected":false},"excerpt":{"rendered":"<p>\u2022 Chardonnay monovitigno dell&#8217;Alto Adige<br data-start=\"2274\" data-end=\"2277\">\u2022 Caratterizzato da terreno ghiaioso calcareo<br data-start=\"2313\" data-end=\"2316\">\u2022 Aromi di ananas, frutto della passione e banana<br data-start=\"2360\" data-end=\"2363\">\u2022 Fresco, denso e armonioso<br data-start=\"2391\" data-end=\"2394\">\u2022 Affinato per 5 mesi sui lieviti fini<\/p>\n","protected":false},"featured_media":5613,"template":"","meta":[],"product_brand":[],"product_cat":[188],"product_tag":[3003,3279,3973,3044,3380,2322,3043,3223,1929,2855],"class_list":{"0":"post-5084","1":"product","2":"type-product","3":"status-publish","4":"has-post-thumbnail","6":"product_cat-vino-distillati","7":"product_tag-acciaio-inox","8":"product_tag-alto-adige-doc","9":"product_tag-ananas","10":"product_tag-banana","11":"product_tag-chardonnay-kalk","12":"product_tag-fresco","13":"product_tag-lievito-fine","14":"product_tag-nals-margreid","15":"product_tag-salvia","16":"product_tag-versatile","18":"first","19":"instock","20":"shipping-taxable","21":"purchasable","22":"product-type-simple"},"yoast_head":"<!-- This site is optimized with the Yoast SEO plugin v27.4 - https:\/\/yoast.com\/product\/yoast-seo-wordpress\/ -->\n<title>Chardonnay Kalk \u2013 Fresco e fruttato da Magr\u00e8 - Der Psairer - Speck, Wurst, K\u00e4se<\/title>\n<meta name=\"description\" content=\"Chardonnay Kalk \u2013 giallo paglierino, fruttato ed elegante. Profumo di ananas, frutto della passione e salvia, con freschezza croccante e acidit\u00e0 equilibrata.\" \/>\n<meta name=\"robots\" content=\"index, follow, max-snippet:-1, max-image-preview:large, max-video-preview:-1\" \/>\n<link rel=\"canonical\" href=\"https:\/\/derpsairer.it\/it\/produkt\/chardonnay-kalk\/\" \/>\n<meta property=\"og:locale\" content=\"it_IT\" \/>\n<meta property=\"og:type\" content=\"article\" \/>\n<meta property=\"og:title\" content=\"Chardonnay Kalk \u2013 Fresco e fruttato da Magr\u00e8 - Der Psairer - Speck, Wurst, K\u00e4se\" \/>\n<meta property=\"og:description\" content=\"Chardonnay Kalk \u2013 giallo paglierino, fruttato ed elegante. Profumo di ananas, frutto della passione e salvia, con freschezza croccante e acidit\u00e0 equilibrata.\" \/>\n<meta property=\"og:url\" content=\"https:\/\/derpsairer.it\/it\/produkt\/chardonnay-kalk\/\" \/>\n<meta property=\"og:site_name\" content=\"Der Psairer - Speck, Wurst, K\u00e4se\" \/>\n<meta property=\"article:publisher\" content=\"https:\/\/www.facebook.com\/profile.php?id=100063648246860\" \/>\n<meta property=\"article:modified_time\" content=\"2026-01-09T15:52:03+00:00\" \/>\n<meta property=\"og:image\" content=\"https:\/\/derpsairer.it\/wp-22\/wp-content\/uploads\/2021\/08\/Chardonnay-Kalk-Nals-Margreid.jpg\" \/>\n\t<meta property=\"og:image:width\" content=\"800\" \/>\n\t<meta property=\"og:image:height\" content=\"800\" \/>\n\t<meta property=\"og:image:type\" content=\"image\/jpeg\" \/>\n<meta name=\"twitter:label1\" content=\"Tempo di lettura stimato\" \/>\n\t<meta name=\"twitter:data1\" content=\"1 minute\" \/>\n<script type=\"application\/ld+json\" class=\"yoast-schema-graph\">{\"@context\":\"https:\\\/\\\/schema.org\",\"@graph\":[{\"@type\":\"WebPage\",\"@id\":\"https:\\\/\\\/derpsairer.it\\\/it\\\/produkt\\\/chardonnay-kalk\\\/\",\"url\":\"https:\\\/\\\/derpsairer.it\\\/it\\\/produkt\\\/chardonnay-kalk\\\/\",\"name\":\"Chardonnay Kalk \u2013 Fresco e fruttato da Magr\u00e8 - Der Psairer - Speck, Wurst, K\u00e4se\",\"isPartOf\":{\"@id\":\"https:\\\/\\\/derpsairer.it\\\/it\\\/#website\"},\"primaryImageOfPage\":{\"@id\":\"https:\\\/\\\/derpsairer.it\\\/it\\\/produkt\\\/chardonnay-kalk\\\/#primaryimage\"},\"image\":{\"@id\":\"https:\\\/\\\/derpsairer.it\\\/it\\\/produkt\\\/chardonnay-kalk\\\/#primaryimage\"},\"thumbnailUrl\":\"https:\\\/\\\/derpsairer.it\\\/wp-22\\\/wp-content\\\/uploads\\\/2021\\\/08\\\/Chardonnay-Kalk-Nals-Margreid.jpg\",\"datePublished\":\"2021-08-31T08:41:18+00:00\",\"dateModified\":\"2026-01-09T15:52:03+00:00\",\"description\":\"Chardonnay Kalk \u2013 giallo paglierino, fruttato ed elegante. Profumo di ananas, frutto della passione e salvia, con freschezza croccante e acidit\u00e0 equilibrata.\",\"breadcrumb\":{\"@id\":\"https:\\\/\\\/derpsairer.it\\\/it\\\/produkt\\\/chardonnay-kalk\\\/#breadcrumb\"},\"inLanguage\":\"it-IT\",\"potentialAction\":[{\"@type\":\"ReadAction\",\"target\":[\"https:\\\/\\\/derpsairer.it\\\/it\\\/produkt\\\/chardonnay-kalk\\\/\"]}]},{\"@type\":\"ImageObject\",\"inLanguage\":\"it-IT\",\"@id\":\"https:\\\/\\\/derpsairer.it\\\/it\\\/produkt\\\/chardonnay-kalk\\\/#primaryimage\",\"url\":\"https:\\\/\\\/derpsairer.it\\\/wp-22\\\/wp-content\\\/uploads\\\/2021\\\/08\\\/Chardonnay-Kalk-Nals-Margreid.jpg\",\"contentUrl\":\"https:\\\/\\\/derpsairer.it\\\/wp-22\\\/wp-content\\\/uploads\\\/2021\\\/08\\\/Chardonnay-Kalk-Nals-Margreid.jpg\",\"width\":800,\"height\":800},{\"@type\":\"BreadcrumbList\",\"@id\":\"https:\\\/\\\/derpsairer.it\\\/it\\\/produkt\\\/chardonnay-kalk\\\/#breadcrumb\",\"itemListElement\":[{\"@type\":\"ListItem\",\"position\":1,\"name\":\"Home\",\"item\":\"https:\\\/\\\/derpsairer.it\\\/it\\\/il-negozio-di-speck-der-psairer\\\/\"},{\"@type\":\"ListItem\",\"position\":2,\"name\":\"Shop\",\"item\":\"https:\\\/\\\/derpsairer.it\\\/shop\\\/\"},{\"@type\":\"ListItem\",\"position\":3,\"name\":\"Chardonnay Kalk \u2013 Chardonnay dell&#8217;Alto Adige, espressione del terroir, con freschezza e profondit\u00e0\"}]},{\"@type\":\"WebSite\",\"@id\":\"https:\\\/\\\/derpsairer.it\\\/it\\\/#website\",\"url\":\"https:\\\/\\\/derpsairer.it\\\/it\\\/\",\"name\":\"Der Psairer - Speck, Wurst, K\u00e4se\",\"description\":\"Speck, Wurst und K\u00e4s aus Passeiertal in S\u00fcdtirol online bestellen.\",\"publisher\":{\"@id\":\"https:\\\/\\\/derpsairer.it\\\/it\\\/#organization\"},\"potentialAction\":[{\"@type\":\"SearchAction\",\"target\":{\"@type\":\"EntryPoint\",\"urlTemplate\":\"https:\\\/\\\/derpsairer.it\\\/it\\\/?s={search_term_string}\"},\"query-input\":{\"@type\":\"PropertyValueSpecification\",\"valueRequired\":true,\"valueName\":\"search_term_string\"}}],\"inLanguage\":\"it-IT\"},{\"@type\":\"Organization\",\"@id\":\"https:\\\/\\\/derpsairer.it\\\/it\\\/#organization\",\"name\":\"Der Psairer - Speck, Wurst, K\u00e4se\",\"url\":\"https:\\\/\\\/derpsairer.it\\\/it\\\/\",\"logo\":{\"@type\":\"ImageObject\",\"inLanguage\":\"it-IT\",\"@id\":\"https:\\\/\\\/derpsairer.it\\\/it\\\/#\\\/schema\\\/logo\\\/image\\\/\",\"url\":\"https:\\\/\\\/derpsairer.it\\\/wp-22\\\/wp-content\\\/uploads\\\/2020\\\/03\\\/DER-PSAIRER-LOGO-2x.png\",\"contentUrl\":\"https:\\\/\\\/derpsairer.it\\\/wp-22\\\/wp-content\\\/uploads\\\/2020\\\/03\\\/DER-PSAIRER-LOGO-2x.png\",\"width\":500,\"height\":500,\"caption\":\"Der Psairer - Speck, Wurst, K\u00e4se\"},\"image\":{\"@id\":\"https:\\\/\\\/derpsairer.it\\\/it\\\/#\\\/schema\\\/logo\\\/image\\\/\"},\"sameAs\":[\"https:\\\/\\\/www.facebook.com\\\/profile.php?id=100063648246860\"]}]}<\/script>\n<!-- \/ Yoast SEO plugin. -->","yoast_head_json":{"title":"Chardonnay Kalk \u2013 Fresco e fruttato da Magr\u00e8 - Der Psairer - Speck, Wurst, K\u00e4se","description":"Chardonnay Kalk \u2013 giallo paglierino, fruttato ed elegante. Profumo di ananas, frutto della passione e salvia, con freschezza croccante e acidit\u00e0 equilibrata.","robots":{"index":"index","follow":"follow","max-snippet":"max-snippet:-1","max-image-preview":"max-image-preview:large","max-video-preview":"max-video-preview:-1"},"canonical":"https:\/\/derpsairer.it\/it\/produkt\/chardonnay-kalk\/","og_locale":"it_IT","og_type":"article","og_title":"Chardonnay Kalk \u2013 Fresco e fruttato da Magr\u00e8 - Der Psairer - Speck, Wurst, K\u00e4se","og_description":"Chardonnay Kalk \u2013 giallo paglierino, fruttato ed elegante. Profumo di ananas, frutto della passione e salvia, con freschezza croccante e acidit\u00e0 equilibrata.","og_url":"https:\/\/derpsairer.it\/it\/produkt\/chardonnay-kalk\/","og_site_name":"Der Psairer - Speck, Wurst, K\u00e4se","article_publisher":"https:\/\/www.facebook.com\/profile.php?id=100063648246860","article_modified_time":"2026-01-09T15:52:03+00:00","og_image":[{"width":800,"height":800,"url":"https:\/\/derpsairer.it\/wp-22\/wp-content\/uploads\/2021\/08\/Chardonnay-Kalk-Nals-Margreid.jpg","type":"image\/jpeg"}],"twitter_misc":{"Tempo di lettura stimato":"1 minute"},"schema":{"@context":"https:\/\/schema.org","@graph":[{"@type":"WebPage","@id":"https:\/\/derpsairer.it\/it\/produkt\/chardonnay-kalk\/","url":"https:\/\/derpsairer.it\/it\/produkt\/chardonnay-kalk\/","name":"Chardonnay Kalk \u2013 Fresco e fruttato da Magr\u00e8 - Der Psairer - Speck, Wurst, K\u00e4se","isPartOf":{"@id":"https:\/\/derpsairer.it\/it\/#website"},"primaryImageOfPage":{"@id":"https:\/\/derpsairer.it\/it\/produkt\/chardonnay-kalk\/#primaryimage"},"image":{"@id":"https:\/\/derpsairer.it\/it\/produkt\/chardonnay-kalk\/#primaryimage"},"thumbnailUrl":"https:\/\/derpsairer.it\/wp-22\/wp-content\/uploads\/2021\/08\/Chardonnay-Kalk-Nals-Margreid.jpg","datePublished":"2021-08-31T08:41:18+00:00","dateModified":"2026-01-09T15:52:03+00:00","description":"Chardonnay Kalk \u2013 giallo paglierino, fruttato ed elegante. Profumo di ananas, frutto della passione e salvia, con freschezza croccante e acidit\u00e0 equilibrata.","breadcrumb":{"@id":"https:\/\/derpsairer.it\/it\/produkt\/chardonnay-kalk\/#breadcrumb"},"inLanguage":"it-IT","potentialAction":[{"@type":"ReadAction","target":["https:\/\/derpsairer.it\/it\/produkt\/chardonnay-kalk\/"]}]},{"@type":"ImageObject","inLanguage":"it-IT","@id":"https:\/\/derpsairer.it\/it\/produkt\/chardonnay-kalk\/#primaryimage","url":"https:\/\/derpsairer.it\/wp-22\/wp-content\/uploads\/2021\/08\/Chardonnay-Kalk-Nals-Margreid.jpg","contentUrl":"https:\/\/derpsairer.it\/wp-22\/wp-content\/uploads\/2021\/08\/Chardonnay-Kalk-Nals-Margreid.jpg","width":800,"height":800},{"@type":"BreadcrumbList","@id":"https:\/\/derpsairer.it\/it\/produkt\/chardonnay-kalk\/#breadcrumb","itemListElement":[{"@type":"ListItem","position":1,"name":"Home","item":"https:\/\/derpsairer.it\/it\/il-negozio-di-speck-der-psairer\/"},{"@type":"ListItem","position":2,"name":"Shop","item":"https:\/\/derpsairer.it\/shop\/"},{"@type":"ListItem","position":3,"name":"Chardonnay Kalk \u2013 Chardonnay dell&#8217;Alto Adige, espressione del terroir, con freschezza e profondit\u00e0"}]},{"@type":"WebSite","@id":"https:\/\/derpsairer.it\/it\/#website","url":"https:\/\/derpsairer.it\/it\/","name":"Der Psairer - Speck, Wurst, K\u00e4se","description":"Speck, Wurst und K\u00e4s aus Passeiertal in S\u00fcdtirol online bestellen.","publisher":{"@id":"https:\/\/derpsairer.it\/it\/#organization"},"potentialAction":[{"@type":"SearchAction","target":{"@type":"EntryPoint","urlTemplate":"https:\/\/derpsairer.it\/it\/?s={search_term_string}"},"query-input":{"@type":"PropertyValueSpecification","valueRequired":true,"valueName":"search_term_string"}}],"inLanguage":"it-IT"},{"@type":"Organization","@id":"https:\/\/derpsairer.it\/it\/#organization","name":"Der Psairer - Speck, Wurst, K\u00e4se","url":"https:\/\/derpsairer.it\/it\/","logo":{"@type":"ImageObject","inLanguage":"it-IT","@id":"https:\/\/derpsairer.it\/it\/#\/schema\/logo\/image\/","url":"https:\/\/derpsairer.it\/wp-22\/wp-content\/uploads\/2020\/03\/DER-PSAIRER-LOGO-2x.png","contentUrl":"https:\/\/derpsairer.it\/wp-22\/wp-content\/uploads\/2020\/03\/DER-PSAIRER-LOGO-2x.png","width":500,"height":500,"caption":"Der Psairer - Speck, Wurst, K\u00e4se"},"image":{"@id":"https:\/\/derpsairer.it\/it\/#\/schema\/logo\/image\/"},"sameAs":["https:\/\/www.facebook.com\/profile.php?id=100063648246860"]}]}},"_links":{"self":[{"href":"https:\/\/derpsairer.it\/it\/wp-json\/wp\/v2\/product\/5084","targetHints":{"allow":["GET"]}}],"collection":[{"href":"https:\/\/derpsairer.it\/it\/wp-json\/wp\/v2\/product"}],"about":[{"href":"https:\/\/derpsairer.it\/it\/wp-json\/wp\/v2\/types\/product"}],"wp:featuredmedia":[{"embeddable":true,"href":"https:\/\/derpsairer.it\/it\/wp-json\/wp\/v2\/media\/5613"}],"wp:attachment":[{"href":"https:\/\/derpsairer.it\/it\/wp-json\/wp\/v2\/media?parent=5084"}],"wp:term":[{"taxonomy":"product_brand","embeddable":true,"href":"https:\/\/derpsairer.it\/it\/wp-json\/wp\/v2\/product_brand?post=5084"},{"taxonomy":"product_cat","embeddable":true,"href":"https:\/\/derpsairer.it\/it\/wp-json\/wp\/v2\/product_cat?post=5084"},{"taxonomy":"product_tag","embeddable":true,"href":"https:\/\/derpsairer.it\/it\/wp-json\/wp\/v2\/product_tag?post=5084"}],"curies":[{"name":"wp","href":"https:\/\/api.w.org\/{rel}","templated":true}]}}