{"id":5086,"date":"2021-08-31T10:36:51","date_gmt":"2021-08-31T08:36:51","guid":{"rendered":"https:\/\/derpsairer.it\/produkt\/pinot-bianco-berg\/"},"modified":"2026-01-09T16:57:17","modified_gmt":"2026-01-09T15:57:17","slug":"pinot-bianco-berg","status":"publish","type":"product","link":"https:\/\/derpsairer.it\/it\/produkt\/pinot-bianco-berg\/","title":{"rendered":"Pinot Bianco Berg \u2013 elegante Wei\u00dfburgunder altoatesino proveniente da zone alpine elevate"},"content":{"rendered":"<p data-start=\"129\" data-end=\"506\">Il Pinot Bianco \u201eBerg\u201c della <span class=\"hover:entity-accent entity-underline inline cursor-pointer align-baseline\"><span class=\"whitespace-normal\">Kellerei Nals Margreid<\/span><\/span> \u00e8 un Wei\u00dfburgunder di carattere che riflette in modo impressionante la sua origine alpina. Le uve provengono da vigneti situati in alta quota nella Valle dell&#8217;Adige, tra i 500 e i 750 m s.l.m., dove notti fresche, periodi di vegetazione pi\u00f9 lunghi e terreni porfirici e calcarei garantiscono freschezza, tensione e profondit\u00e0 aromatica. <\/p>\n<p data-start=\"508\" data-end=\"1136\">Dopo un&#8217;accurata raccolta manuale, le uve vengono pressate delicatamente e il mosto viene fatto fermentare in serbatoi di acciaio inox. Un affinamento di cinque mesi sui lieviti fini conferisce al vino ulteriore struttura ed eleganza. Nel bicchiere, il \u201eBerg\u201c si presenta con un colore giallo paglierino chiaro con riflessi verdognoli. Al naso dominano note di mela matura, ananas dolce e un delicato sentore di erba appena tagliata. Al palato, questo Pinot Bianco si presenta fresco, speziato e croccante, sostenuto da un&#8217;acidit\u00e0 vivace e ben integrata e da una sottile nota di mandorla nel finale. Un vino bianco preciso ed elegante, con carattere di alta quota e grande versatilit\u00e0.     <\/p>\n<p data-start=\"1143\" data-end=\"1181\"><strong data-start=\"1143\" data-end=\"1156\">Cantina:<\/strong><br data-start=\"1156\" data-end=\"1159\">Cantina Nals Margreid<\/p>\n<p data-start=\"1183\" data-end=\"1233\"><strong data-start=\"1183\" data-end=\"1196\">Vitigno:<\/strong><br data-start=\"1196\" data-end=\"1199\">100% Pinot Bianco (Wei\u00dfburgunder)<\/p>\n<p data-start=\"1235\" data-end=\"1371\"><strong data-start=\"1235\" data-end=\"1256\">Abbinamenti:<\/strong><br data-start=\"1256\" data-end=\"1259\">Aperitivo, antipasti leggeri, piatti di pesce, pollame<\/p>\n<p data-start=\"1373\" data-end=\"1503\"><strong data-start=\"1373\" data-end=\"1384\">Vinificazione:<\/strong><br data-start=\"1395\" data-end=\"1398\">Fermentazione del mosto limpido in serbatoi di acciaio inox (ca. 3 settimane)<br data-start=\"1459\" data-end=\"1462\">Affinamento sui lieviti fini per ca. 5 mesi<\/p>\n<p data-start=\"1505\" data-end=\"1540\"><strong data-start=\"1505\" data-end=\"1527\">Temperatura di servizio:<\/strong><br data-start=\"1527\" data-end=\"1530\">10 \u2013 12 \u00b0C<\/p>\n<p data-start=\"1542\" data-end=\"1569\"><strong data-start=\"1542\" data-end=\"1560\">Gradazione alcolica:<\/strong><br data-start=\"1560\" data-end=\"1563\">13,5 %<\/p>\n<p data-start=\"1571\" data-end=\"1591\"><strong data-start=\"1571\" data-end=\"1582\">Contenuto:<\/strong><br data-start=\"1582\" data-end=\"1585\">0,75 l<\/p>\n<p data-start=\"1593\" data-end=\"1767\"><strong data-start=\"1593\" data-end=\"1606\">Provenienza:<\/strong><br data-start=\"1606\" data-end=\"1609\">Alto Adige DOC<br data-start=\"1621\" data-end=\"1624\">Zona di coltivazione: Valle dell&#8217;Adige \u2013 zone pi\u00f9 elevate<br data-start=\"1660\" data-end=\"1663\">Altitudine: 500 \u2013 750 m<br data-start=\"1685\" data-end=\"1688\">Terreni: Porfido e calcare<br data-start=\"1711\" data-end=\"1714\">Clima: Alpino con notti autunnali fresche e vendemmia tardiva<\/p>\n<p data-start=\"1769\" data-end=\"1789\"><strong data-start=\"1769\" data-end=\"1789\">Contiene solfiti.<\/strong><\/p>\n<p>&nbsp;<\/p>\n<p>&nbsp;<\/p>\n","protected":false},"excerpt":{"rendered":"<p>\u2022 Wei\u00dfburgunder proveniente da zone alpine elevate<br data-start=\"2375\" data-end=\"2378\">\u2022 Aromi freschi di mela e ananas<br data-start=\"2413\" data-end=\"2416\">\u2022 Croccante, elegante e speziato<br data-start=\"2443\" data-end=\"2446\">\u2022 Affinato per 5 mesi sui lieviti fini<br data-start=\"2481\" data-end=\"2484\">\u2022 Versatile accompagnamento per i pasti<\/p>\n","protected":false},"featured_media":5631,"template":"","meta":[],"product_brand":[],"product_cat":[188],"product_tag":[3003,3279,3973,1865,2490,2322,3043,2185,3223,2876,1855,1625,3386,1679],"class_list":{"0":"post-5086","1":"product","2":"type-product","3":"status-publish","4":"has-post-thumbnail","6":"product_cat-vino-distillati","7":"product_tag-acciaio-inox","8":"product_tag-alto-adige-doc","9":"product_tag-ananas","10":"product_tag-con-pesce","11":"product_tag-elegante","12":"product_tag-fresco","13":"product_tag-lievito-fine","14":"product_tag-mela","15":"product_tag-nals-margreid","16":"product_tag-nota-di-mandorla","17":"product_tag-per-insalata","18":"product_tag-per-pane","19":"product_tag-pinot-bianco-berg","20":"product_tag-saporito","22":"first","23":"instock","24":"taxable","25":"shipping-taxable","26":"purchasable","27":"product-type-simple"},"yoast_head":"<!-- This site is optimized with the Yoast SEO plugin v27.5 - https:\/\/yoast.com\/product\/yoast-seo-wordpress\/ -->\n<title>Pinot Bianco Berg \u2013 Fresco ed elegante dall&#039;Alto Adige - Der Psairer - Speck, Wurst, K\u00e4se<\/title>\n<meta name=\"description\" content=\"Pinot Bianco Berg \u2013 giallo paglierino, elegante e vivace. Note fresche di mela e ananas, con una fine acidit\u00e0 e un finale armonioso.\" \/>\n<meta name=\"robots\" content=\"index, follow, max-snippet:-1, max-image-preview:large, max-video-preview:-1\" \/>\n<link rel=\"canonical\" href=\"https:\/\/derpsairer.it\/it\/produkt\/pinot-bianco-berg\/\" \/>\n<meta property=\"og:locale\" content=\"it_IT\" \/>\n<meta property=\"og:type\" content=\"article\" \/>\n<meta property=\"og:title\" content=\"Pinot Bianco Berg \u2013 Fresco ed elegante dall&#039;Alto Adige - Der Psairer - Speck, Wurst, K\u00e4se\" \/>\n<meta property=\"og:description\" content=\"Pinot Bianco Berg \u2013 giallo paglierino, elegante e vivace. Note fresche di mela e ananas, con una fine acidit\u00e0 e un finale armonioso.\" \/>\n<meta property=\"og:url\" content=\"https:\/\/derpsairer.it\/it\/produkt\/pinot-bianco-berg\/\" \/>\n<meta property=\"og:site_name\" content=\"Der Psairer - Speck, Wurst, K\u00e4se\" \/>\n<meta property=\"article:publisher\" content=\"https:\/\/www.facebook.com\/profile.php?id=100063648246860\" \/>\n<meta property=\"article:modified_time\" content=\"2026-01-09T15:57:17+00:00\" \/>\n<meta property=\"og:image\" content=\"https:\/\/derpsairer.it\/wp-22\/wp-content\/uploads\/2021\/08\/Pinot-Bianco-Berg.jpg\" \/>\n\t<meta property=\"og:image:width\" content=\"800\" \/>\n\t<meta property=\"og:image:height\" content=\"800\" \/>\n\t<meta property=\"og:image:type\" content=\"image\/jpeg\" \/>\n<meta name=\"twitter:label1\" content=\"Tempo di lettura stimato\" \/>\n\t<meta name=\"twitter:data1\" content=\"1 minute\" \/>\n<script type=\"application\/ld+json\" class=\"yoast-schema-graph\">{\"@context\":\"https:\\\/\\\/schema.org\",\"@graph\":[{\"@type\":\"WebPage\",\"@id\":\"https:\\\/\\\/derpsairer.it\\\/it\\\/produkt\\\/pinot-bianco-berg\\\/\",\"url\":\"https:\\\/\\\/derpsairer.it\\\/it\\\/produkt\\\/pinot-bianco-berg\\\/\",\"name\":\"Pinot Bianco Berg \u2013 Fresco ed elegante dall'Alto Adige - Der Psairer - Speck, Wurst, K\u00e4se\",\"isPartOf\":{\"@id\":\"https:\\\/\\\/derpsairer.it\\\/it\\\/#website\"},\"primaryImageOfPage\":{\"@id\":\"https:\\\/\\\/derpsairer.it\\\/it\\\/produkt\\\/pinot-bianco-berg\\\/#primaryimage\"},\"image\":{\"@id\":\"https:\\\/\\\/derpsairer.it\\\/it\\\/produkt\\\/pinot-bianco-berg\\\/#primaryimage\"},\"thumbnailUrl\":\"https:\\\/\\\/derpsairer.it\\\/wp-22\\\/wp-content\\\/uploads\\\/2021\\\/08\\\/Pinot-Bianco-Berg.jpg\",\"datePublished\":\"2021-08-31T08:36:51+00:00\",\"dateModified\":\"2026-01-09T15:57:17+00:00\",\"description\":\"Pinot Bianco Berg \u2013 giallo paglierino, elegante e vivace. Note fresche di mela e ananas, con una fine acidit\u00e0 e un finale armonioso.\",\"breadcrumb\":{\"@id\":\"https:\\\/\\\/derpsairer.it\\\/it\\\/produkt\\\/pinot-bianco-berg\\\/#breadcrumb\"},\"inLanguage\":\"it-IT\",\"potentialAction\":[{\"@type\":\"ReadAction\",\"target\":[\"https:\\\/\\\/derpsairer.it\\\/it\\\/produkt\\\/pinot-bianco-berg\\\/\"]}]},{\"@type\":\"ImageObject\",\"inLanguage\":\"it-IT\",\"@id\":\"https:\\\/\\\/derpsairer.it\\\/it\\\/produkt\\\/pinot-bianco-berg\\\/#primaryimage\",\"url\":\"https:\\\/\\\/derpsairer.it\\\/wp-22\\\/wp-content\\\/uploads\\\/2021\\\/08\\\/Pinot-Bianco-Berg.jpg\",\"contentUrl\":\"https:\\\/\\\/derpsairer.it\\\/wp-22\\\/wp-content\\\/uploads\\\/2021\\\/08\\\/Pinot-Bianco-Berg.jpg\",\"width\":800,\"height\":800},{\"@type\":\"BreadcrumbList\",\"@id\":\"https:\\\/\\\/derpsairer.it\\\/it\\\/produkt\\\/pinot-bianco-berg\\\/#breadcrumb\",\"itemListElement\":[{\"@type\":\"ListItem\",\"position\":1,\"name\":\"Home\",\"item\":\"https:\\\/\\\/derpsairer.it\\\/it\\\/il-negozio-di-speck-der-psairer\\\/\"},{\"@type\":\"ListItem\",\"position\":2,\"name\":\"Shop\",\"item\":\"https:\\\/\\\/derpsairer.it\\\/shop\\\/\"},{\"@type\":\"ListItem\",\"position\":3,\"name\":\"Pinot Bianco Berg \u2013 elegante Wei\u00dfburgunder altoatesino proveniente da zone alpine elevate\"}]},{\"@type\":\"WebSite\",\"@id\":\"https:\\\/\\\/derpsairer.it\\\/it\\\/#website\",\"url\":\"https:\\\/\\\/derpsairer.it\\\/it\\\/\",\"name\":\"Der Psairer - Speck, Wurst, K\u00e4se\",\"description\":\"Speck, Wurst und K\u00e4s aus Passeiertal in S\u00fcdtirol online bestellen.\",\"publisher\":{\"@id\":\"https:\\\/\\\/derpsairer.it\\\/it\\\/#organization\"},\"potentialAction\":[{\"@type\":\"SearchAction\",\"target\":{\"@type\":\"EntryPoint\",\"urlTemplate\":\"https:\\\/\\\/derpsairer.it\\\/it\\\/?s={search_term_string}\"},\"query-input\":{\"@type\":\"PropertyValueSpecification\",\"valueRequired\":true,\"valueName\":\"search_term_string\"}}],\"inLanguage\":\"it-IT\"},{\"@type\":\"Organization\",\"@id\":\"https:\\\/\\\/derpsairer.it\\\/it\\\/#organization\",\"name\":\"Der Psairer - Speck, Wurst, K\u00e4se\",\"url\":\"https:\\\/\\\/derpsairer.it\\\/it\\\/\",\"logo\":{\"@type\":\"ImageObject\",\"inLanguage\":\"it-IT\",\"@id\":\"https:\\\/\\\/derpsairer.it\\\/it\\\/#\\\/schema\\\/logo\\\/image\\\/\",\"url\":\"https:\\\/\\\/derpsairer.it\\\/wp-22\\\/wp-content\\\/uploads\\\/2020\\\/03\\\/DER-PSAIRER-LOGO-2x.png\",\"contentUrl\":\"https:\\\/\\\/derpsairer.it\\\/wp-22\\\/wp-content\\\/uploads\\\/2020\\\/03\\\/DER-PSAIRER-LOGO-2x.png\",\"width\":500,\"height\":500,\"caption\":\"Der Psairer - Speck, Wurst, K\u00e4se\"},\"image\":{\"@id\":\"https:\\\/\\\/derpsairer.it\\\/it\\\/#\\\/schema\\\/logo\\\/image\\\/\"},\"sameAs\":[\"https:\\\/\\\/www.facebook.com\\\/profile.php?id=100063648246860\"]}]}<\/script>\n<!-- \/ Yoast SEO plugin. -->","yoast_head_json":{"title":"Pinot Bianco Berg \u2013 Fresco ed elegante dall'Alto Adige - Der Psairer - Speck, Wurst, K\u00e4se","description":"Pinot Bianco Berg \u2013 giallo paglierino, elegante e vivace. Note fresche di mela e ananas, con una fine acidit\u00e0 e un finale armonioso.","robots":{"index":"index","follow":"follow","max-snippet":"max-snippet:-1","max-image-preview":"max-image-preview:large","max-video-preview":"max-video-preview:-1"},"canonical":"https:\/\/derpsairer.it\/it\/produkt\/pinot-bianco-berg\/","og_locale":"it_IT","og_type":"article","og_title":"Pinot Bianco Berg \u2013 Fresco ed elegante dall'Alto Adige - Der Psairer - Speck, Wurst, K\u00e4se","og_description":"Pinot Bianco Berg \u2013 giallo paglierino, elegante e vivace. Note fresche di mela e ananas, con una fine acidit\u00e0 e un finale armonioso.","og_url":"https:\/\/derpsairer.it\/it\/produkt\/pinot-bianco-berg\/","og_site_name":"Der Psairer - Speck, Wurst, K\u00e4se","article_publisher":"https:\/\/www.facebook.com\/profile.php?id=100063648246860","article_modified_time":"2026-01-09T15:57:17+00:00","og_image":[{"width":800,"height":800,"url":"https:\/\/derpsairer.it\/wp-22\/wp-content\/uploads\/2021\/08\/Pinot-Bianco-Berg.jpg","type":"image\/jpeg"}],"twitter_misc":{"Tempo di lettura stimato":"1 minute"},"schema":{"@context":"https:\/\/schema.org","@graph":[{"@type":"WebPage","@id":"https:\/\/derpsairer.it\/it\/produkt\/pinot-bianco-berg\/","url":"https:\/\/derpsairer.it\/it\/produkt\/pinot-bianco-berg\/","name":"Pinot Bianco Berg \u2013 Fresco ed elegante dall'Alto Adige - Der Psairer - Speck, Wurst, K\u00e4se","isPartOf":{"@id":"https:\/\/derpsairer.it\/it\/#website"},"primaryImageOfPage":{"@id":"https:\/\/derpsairer.it\/it\/produkt\/pinot-bianco-berg\/#primaryimage"},"image":{"@id":"https:\/\/derpsairer.it\/it\/produkt\/pinot-bianco-berg\/#primaryimage"},"thumbnailUrl":"https:\/\/derpsairer.it\/wp-22\/wp-content\/uploads\/2021\/08\/Pinot-Bianco-Berg.jpg","datePublished":"2021-08-31T08:36:51+00:00","dateModified":"2026-01-09T15:57:17+00:00","description":"Pinot Bianco Berg \u2013 giallo paglierino, elegante e vivace. Note fresche di mela e ananas, con una fine acidit\u00e0 e un finale armonioso.","breadcrumb":{"@id":"https:\/\/derpsairer.it\/it\/produkt\/pinot-bianco-berg\/#breadcrumb"},"inLanguage":"it-IT","potentialAction":[{"@type":"ReadAction","target":["https:\/\/derpsairer.it\/it\/produkt\/pinot-bianco-berg\/"]}]},{"@type":"ImageObject","inLanguage":"it-IT","@id":"https:\/\/derpsairer.it\/it\/produkt\/pinot-bianco-berg\/#primaryimage","url":"https:\/\/derpsairer.it\/wp-22\/wp-content\/uploads\/2021\/08\/Pinot-Bianco-Berg.jpg","contentUrl":"https:\/\/derpsairer.it\/wp-22\/wp-content\/uploads\/2021\/08\/Pinot-Bianco-Berg.jpg","width":800,"height":800},{"@type":"BreadcrumbList","@id":"https:\/\/derpsairer.it\/it\/produkt\/pinot-bianco-berg\/#breadcrumb","itemListElement":[{"@type":"ListItem","position":1,"name":"Home","item":"https:\/\/derpsairer.it\/it\/il-negozio-di-speck-der-psairer\/"},{"@type":"ListItem","position":2,"name":"Shop","item":"https:\/\/derpsairer.it\/shop\/"},{"@type":"ListItem","position":3,"name":"Pinot Bianco Berg \u2013 elegante Wei\u00dfburgunder altoatesino proveniente da zone alpine elevate"}]},{"@type":"WebSite","@id":"https:\/\/derpsairer.it\/it\/#website","url":"https:\/\/derpsairer.it\/it\/","name":"Der Psairer - Speck, Wurst, K\u00e4se","description":"Speck, Wurst und K\u00e4s aus Passeiertal in S\u00fcdtirol online bestellen.","publisher":{"@id":"https:\/\/derpsairer.it\/it\/#organization"},"potentialAction":[{"@type":"SearchAction","target":{"@type":"EntryPoint","urlTemplate":"https:\/\/derpsairer.it\/it\/?s={search_term_string}"},"query-input":{"@type":"PropertyValueSpecification","valueRequired":true,"valueName":"search_term_string"}}],"inLanguage":"it-IT"},{"@type":"Organization","@id":"https:\/\/derpsairer.it\/it\/#organization","name":"Der Psairer - Speck, Wurst, K\u00e4se","url":"https:\/\/derpsairer.it\/it\/","logo":{"@type":"ImageObject","inLanguage":"it-IT","@id":"https:\/\/derpsairer.it\/it\/#\/schema\/logo\/image\/","url":"https:\/\/derpsairer.it\/wp-22\/wp-content\/uploads\/2020\/03\/DER-PSAIRER-LOGO-2x.png","contentUrl":"https:\/\/derpsairer.it\/wp-22\/wp-content\/uploads\/2020\/03\/DER-PSAIRER-LOGO-2x.png","width":500,"height":500,"caption":"Der Psairer - Speck, Wurst, K\u00e4se"},"image":{"@id":"https:\/\/derpsairer.it\/it\/#\/schema\/logo\/image\/"},"sameAs":["https:\/\/www.facebook.com\/profile.php?id=100063648246860"]}]}},"_links":{"self":[{"href":"https:\/\/derpsairer.it\/it\/wp-json\/wp\/v2\/product\/5086","targetHints":{"allow":["GET"]}}],"collection":[{"href":"https:\/\/derpsairer.it\/it\/wp-json\/wp\/v2\/product"}],"about":[{"href":"https:\/\/derpsairer.it\/it\/wp-json\/wp\/v2\/types\/product"}],"wp:featuredmedia":[{"embeddable":true,"href":"https:\/\/derpsairer.it\/it\/wp-json\/wp\/v2\/media\/5631"}],"wp:attachment":[{"href":"https:\/\/derpsairer.it\/it\/wp-json\/wp\/v2\/media?parent=5086"}],"wp:term":[{"taxonomy":"product_brand","embeddable":true,"href":"https:\/\/derpsairer.it\/it\/wp-json\/wp\/v2\/product_brand?post=5086"},{"taxonomy":"product_cat","embeddable":true,"href":"https:\/\/derpsairer.it\/it\/wp-json\/wp\/v2\/product_cat?post=5086"},{"taxonomy":"product_tag","embeddable":true,"href":"https:\/\/derpsairer.it\/it\/wp-json\/wp\/v2\/product_tag?post=5086"}],"curies":[{"name":"wp","href":"https:\/\/api.w.org\/{rel}","templated":true}]}}