{"id":5088,"date":"2021-08-03T15:49:49","date_gmt":"2021-08-03T13:49:49","guid":{"rendered":"https:\/\/derpsairer.it\/produkt\/formaggio-al-peperoncino-di-lagundo\/"},"modified":"2026-01-09T18:13:07","modified_gmt":"2026-01-09T17:13:07","slug":"formaggio-al-peperoncino-di-lagundo","status":"publish","type":"product","link":"https:\/\/derpsairer.it\/it\/produkt\/formaggio-al-peperoncino-di-lagundo\/","title":{"rendered":"Formaggio al peperoncino di Lagundo \u2013 formaggio altoatesino con note mediterranee di peperoncino"},"content":{"rendered":"[vc_row type=&#8221;in_container&#8221; full_screen_row_position=&#8221;middle&#8221; column_margin=&#8221;default&#8221; column_direction=&#8221;default&#8221; column_direction_tablet=&#8221;default&#8221; column_direction_phone=&#8221;default&#8221; scene_position=&#8221;center&#8221; text_color=&#8221;dark&#8221; text_align=&#8221;left&#8221; row_border_radius=&#8221;none&#8221; row_border_radius_applies=&#8221;bg&#8221; overflow=&#8221;visible&#8221; overlay_strength=&#8221;0.3&#8243; gradient_direction=&#8221;left_to_right&#8221; shape_divider_position=&#8221;bottom&#8221; bg_image_animation=&#8221;none&#8221;][vc_column column_padding=&#8221;no-extra-padding&#8221; column_padding_tablet=&#8221;inherit&#8221; column_padding_phone=&#8221;inherit&#8221; column_padding_position=&#8221;all&#8221; column_element_direction_desktop=&#8221;default&#8221; column_element_spacing=&#8221;default&#8221; desktop_text_alignment=&#8221;default&#8221; tablet_text_alignment=&#8221;default&#8221; phone_text_alignment=&#8221;default&#8221; background_color_opacity=&#8221;1&#8243; background_hover_color_opacity=&#8221;1&#8243; column_backdrop_filter=&#8221;none&#8221; column_shadow=&#8221;none&#8221; column_border_radius=&#8221;none&#8221; column_link_target=&#8221;_self&#8221; column_position=&#8221;default&#8221; gradient_direction=&#8221;left_to_right&#8221; overlay_strength=&#8221;0.3&#8243; width=&#8221;1\/1&#8243; tablet_width_inherit=&#8221;default&#8221; animation_type=&#8221;default&#8221; bg_image_animation=&#8221;none&#8221; border_type=&#8221;simple&#8221; column_border_width=&#8221;none&#8221; column_border_style=&#8221;solid&#8221;][vc_column_text css=&#8221;&#8221; text_direction=&#8221;default&#8221;]\n<p data-start=\"131\" data-end=\"426\">Il formaggio al peperoncino di Lagundo unisce l&#8217;arte casearia altoatesina al temperamento italiano. Affinato con peperoncino aromatico, questo formaggio entusiasma per il suo carattere delicato e speziato e per una piccantezza piacevolmente vivace, che non risulta mai invadente, ma \u00e8 integrata in modo armonioso. <\/p>\n<p data-start=\"428\" data-end=\"823\">Nella consistenza si presenta cremoso e morbido, al palato corposo con un fine calore di peperoncino che risuona lentamente. Questo rende il formaggio al peperoncino di Lagundo il compagno ideale per tutti coloro che amano i sapori speziati, ma equilibrati. Sia su un tagliere di formaggi, per la merenda, con gli antipasti o come formaggio raffinato per piatti caldi, questo formaggio dona sempre un accento mediterraneo.  <\/p>\n<p data-start=\"825\" data-end=\"916\">Un formaggio di carattere di Lagundo, che unisce la qualit\u00e0 alpina al sapore speziato del Sud.<\/p>\n<p>Disponibile in porzioni da:<\/p>\n<ul>\n<li>1 pezzo da ca. 400 gr.<\/li>\n<li>27,90 \u20ac\/kg<\/li>\n<\/ul>\n[\/vc_column_text][\/vc_column][\/vc_row]\n","protected":false},"excerpt":{"rendered":"<p>\u2022 Formaggio a pasta semidura delicato con peperoncino<br data-start=\"1947\" data-end=\"1950\">\u2022 Piccantezza fine e mediterranea<br data-start=\"1978\" data-end=\"1981\">\u2022 Consistenza cremosa e aroma pieno<br data-start=\"2016\" data-end=\"2019\">\u2022 Ideale per taglieri di formaggi, antipasti e merende<br data-start=\"2061\" data-end=\"2064\">\u2022 Prodotto ad Algundo (Alto Adige)<\/p>\n","protected":false},"featured_media":5549,"template":"","meta":[],"product_brand":[],"product_cat":[162],"product_tag":[673,377,378,2310,3420,1625,675,2018],"class_list":{"0":"post-5088","1":"product","2":"type-product","3":"status-publish","4":"has-post-thumbnail","6":"product_cat-formaggio","7":"product_tag-antipasti","8":"product_tag-formaggio-a-pasta-tagliata","9":"product_tag-formaggio-altoatesino","10":"product_tag-mediterraneo","11":"product_tag-peperoncino-di-lagundo","12":"product_tag-per-pane","13":"product_tag-piccante","14":"product_tag-tagliere-di-formaggi","15":"product_shipping_class-fino-a-2-kg","17":"first","18":"instock","19":"shipping-taxable","20":"purchasable","21":"product-type-simple"},"yoast_head":"<!-- This site is optimized with the Yoast SEO plugin v27.4 - https:\/\/yoast.com\/product\/yoast-seo-wordpress\/ -->\n<title>Formaggio al peperoncino di Lagundo \u2013 Delicato e speziato dall&#039;Alto Adige - Der Psairer - Speck, Wurst, K\u00e4se<\/title>\n<meta name=\"description\" content=\"Formaggio al peperoncino di Lagundo \u2013 dal sapore delicato, speziato e mediterraneo. Formaggio aromatico con una delicata nota di peperoncino, perfetto per taglieri di formaggi.\" \/>\n<meta name=\"robots\" content=\"index, follow, max-snippet:-1, max-image-preview:large, max-video-preview:-1\" \/>\n<link rel=\"canonical\" href=\"https:\/\/derpsairer.it\/it\/produkt\/formaggio-al-peperoncino-di-lagundo\/\" \/>\n<meta property=\"og:locale\" content=\"it_IT\" \/>\n<meta property=\"og:type\" content=\"article\" \/>\n<meta property=\"og:title\" content=\"Formaggio al peperoncino di Lagundo \u2013 Delicato e speziato dall&#039;Alto Adige - Der Psairer - Speck, Wurst, K\u00e4se\" \/>\n<meta property=\"og:description\" content=\"Formaggio al peperoncino di Lagundo \u2013 dal sapore delicato, speziato e mediterraneo. Formaggio aromatico con una delicata nota di peperoncino, perfetto per taglieri di formaggi.\" \/>\n<meta property=\"og:url\" content=\"https:\/\/derpsairer.it\/it\/produkt\/formaggio-al-peperoncino-di-lagundo\/\" \/>\n<meta property=\"og:site_name\" content=\"Der Psairer - Speck, Wurst, K\u00e4se\" \/>\n<meta property=\"article:publisher\" content=\"https:\/\/www.facebook.com\/profile.php?id=100063648246860\" \/>\n<meta property=\"article:modified_time\" content=\"2026-01-09T17:13:07+00:00\" \/>\n<meta property=\"og:image\" content=\"https:\/\/derpsairer.it\/wp-22\/wp-content\/uploads\/2014\/07\/peperoncino-kaese.jpg\" \/>\n\t<meta property=\"og:image:width\" content=\"624\" \/>\n\t<meta property=\"og:image:height\" content=\"312\" \/>\n\t<meta property=\"og:image:type\" content=\"image\/jpeg\" \/>\n<meta name=\"twitter:label1\" content=\"Tempo di lettura stimato\" \/>\n\t<meta name=\"twitter:data1\" content=\"2 minutes\" \/>\n<script type=\"application\/ld+json\" class=\"yoast-schema-graph\">{\"@context\":\"https:\\\/\\\/schema.org\",\"@graph\":[{\"@type\":\"WebPage\",\"@id\":\"https:\\\/\\\/derpsairer.it\\\/it\\\/produkt\\\/formaggio-al-peperoncino-di-lagundo\\\/\",\"url\":\"https:\\\/\\\/derpsairer.it\\\/it\\\/produkt\\\/formaggio-al-peperoncino-di-lagundo\\\/\",\"name\":\"Formaggio al peperoncino di Lagundo \u2013 Delicato e speziato dall'Alto Adige - Der Psairer - Speck, Wurst, K\u00e4se\",\"isPartOf\":{\"@id\":\"https:\\\/\\\/derpsairer.it\\\/it\\\/#website\"},\"primaryImageOfPage\":{\"@id\":\"https:\\\/\\\/derpsairer.it\\\/it\\\/produkt\\\/formaggio-al-peperoncino-di-lagundo\\\/#primaryimage\"},\"image\":{\"@id\":\"https:\\\/\\\/derpsairer.it\\\/it\\\/produkt\\\/formaggio-al-peperoncino-di-lagundo\\\/#primaryimage\"},\"thumbnailUrl\":\"https:\\\/\\\/derpsairer.it\\\/wp-22\\\/wp-content\\\/uploads\\\/2014\\\/07\\\/peperoncino-kaese.jpg\",\"datePublished\":\"2021-08-03T13:49:49+00:00\",\"dateModified\":\"2026-01-09T17:13:07+00:00\",\"description\":\"Formaggio al peperoncino di Lagundo \u2013 dal sapore delicato, speziato e mediterraneo. Formaggio aromatico con una delicata nota di peperoncino, perfetto per taglieri di formaggi.\",\"breadcrumb\":{\"@id\":\"https:\\\/\\\/derpsairer.it\\\/it\\\/produkt\\\/formaggio-al-peperoncino-di-lagundo\\\/#breadcrumb\"},\"inLanguage\":\"it-IT\",\"potentialAction\":[{\"@type\":\"ReadAction\",\"target\":[\"https:\\\/\\\/derpsairer.it\\\/it\\\/produkt\\\/formaggio-al-peperoncino-di-lagundo\\\/\"]}]},{\"@type\":\"ImageObject\",\"inLanguage\":\"it-IT\",\"@id\":\"https:\\\/\\\/derpsairer.it\\\/it\\\/produkt\\\/formaggio-al-peperoncino-di-lagundo\\\/#primaryimage\",\"url\":\"https:\\\/\\\/derpsairer.it\\\/wp-22\\\/wp-content\\\/uploads\\\/2014\\\/07\\\/peperoncino-kaese.jpg\",\"contentUrl\":\"https:\\\/\\\/derpsairer.it\\\/wp-22\\\/wp-content\\\/uploads\\\/2014\\\/07\\\/peperoncino-kaese.jpg\",\"width\":624,\"height\":312,\"caption\":\"Formaggio al peperoncino\"},{\"@type\":\"BreadcrumbList\",\"@id\":\"https:\\\/\\\/derpsairer.it\\\/it\\\/produkt\\\/formaggio-al-peperoncino-di-lagundo\\\/#breadcrumb\",\"itemListElement\":[{\"@type\":\"ListItem\",\"position\":1,\"name\":\"Home\",\"item\":\"https:\\\/\\\/derpsairer.it\\\/it\\\/il-negozio-di-speck-der-psairer\\\/\"},{\"@type\":\"ListItem\",\"position\":2,\"name\":\"Shop\",\"item\":\"https:\\\/\\\/derpsairer.it\\\/shop\\\/\"},{\"@type\":\"ListItem\",\"position\":3,\"name\":\"Formaggio al peperoncino di Lagundo \u2013 formaggio altoatesino con note mediterranee di peperoncino\"}]},{\"@type\":\"WebSite\",\"@id\":\"https:\\\/\\\/derpsairer.it\\\/it\\\/#website\",\"url\":\"https:\\\/\\\/derpsairer.it\\\/it\\\/\",\"name\":\"Der Psairer - Speck, Wurst, K\u00e4se\",\"description\":\"Speck, Wurst und K\u00e4s aus Passeiertal in S\u00fcdtirol online bestellen.\",\"publisher\":{\"@id\":\"https:\\\/\\\/derpsairer.it\\\/it\\\/#organization\"},\"potentialAction\":[{\"@type\":\"SearchAction\",\"target\":{\"@type\":\"EntryPoint\",\"urlTemplate\":\"https:\\\/\\\/derpsairer.it\\\/it\\\/?s={search_term_string}\"},\"query-input\":{\"@type\":\"PropertyValueSpecification\",\"valueRequired\":true,\"valueName\":\"search_term_string\"}}],\"inLanguage\":\"it-IT\"},{\"@type\":\"Organization\",\"@id\":\"https:\\\/\\\/derpsairer.it\\\/it\\\/#organization\",\"name\":\"Der Psairer - Speck, Wurst, K\u00e4se\",\"url\":\"https:\\\/\\\/derpsairer.it\\\/it\\\/\",\"logo\":{\"@type\":\"ImageObject\",\"inLanguage\":\"it-IT\",\"@id\":\"https:\\\/\\\/derpsairer.it\\\/it\\\/#\\\/schema\\\/logo\\\/image\\\/\",\"url\":\"https:\\\/\\\/derpsairer.it\\\/wp-22\\\/wp-content\\\/uploads\\\/2020\\\/03\\\/DER-PSAIRER-LOGO-2x.png\",\"contentUrl\":\"https:\\\/\\\/derpsairer.it\\\/wp-22\\\/wp-content\\\/uploads\\\/2020\\\/03\\\/DER-PSAIRER-LOGO-2x.png\",\"width\":500,\"height\":500,\"caption\":\"Der Psairer - Speck, Wurst, K\u00e4se\"},\"image\":{\"@id\":\"https:\\\/\\\/derpsairer.it\\\/it\\\/#\\\/schema\\\/logo\\\/image\\\/\"},\"sameAs\":[\"https:\\\/\\\/www.facebook.com\\\/profile.php?id=100063648246860\"]}]}<\/script>\n<!-- \/ Yoast SEO plugin. -->","yoast_head_json":{"title":"Formaggio al peperoncino di Lagundo \u2013 Delicato e speziato dall'Alto Adige - Der Psairer - Speck, Wurst, K\u00e4se","description":"Formaggio al peperoncino di Lagundo \u2013 dal sapore delicato, speziato e mediterraneo. Formaggio aromatico con una delicata nota di peperoncino, perfetto per taglieri di formaggi.","robots":{"index":"index","follow":"follow","max-snippet":"max-snippet:-1","max-image-preview":"max-image-preview:large","max-video-preview":"max-video-preview:-1"},"canonical":"https:\/\/derpsairer.it\/it\/produkt\/formaggio-al-peperoncino-di-lagundo\/","og_locale":"it_IT","og_type":"article","og_title":"Formaggio al peperoncino di Lagundo \u2013 Delicato e speziato dall'Alto Adige - Der Psairer - Speck, Wurst, K\u00e4se","og_description":"Formaggio al peperoncino di Lagundo \u2013 dal sapore delicato, speziato e mediterraneo. Formaggio aromatico con una delicata nota di peperoncino, perfetto per taglieri di formaggi.","og_url":"https:\/\/derpsairer.it\/it\/produkt\/formaggio-al-peperoncino-di-lagundo\/","og_site_name":"Der Psairer - Speck, Wurst, K\u00e4se","article_publisher":"https:\/\/www.facebook.com\/profile.php?id=100063648246860","article_modified_time":"2026-01-09T17:13:07+00:00","og_image":[{"width":624,"height":312,"url":"https:\/\/derpsairer.it\/wp-22\/wp-content\/uploads\/2014\/07\/peperoncino-kaese.jpg","type":"image\/jpeg"}],"twitter_misc":{"Tempo di lettura stimato":"2 minutes"},"schema":{"@context":"https:\/\/schema.org","@graph":[{"@type":"WebPage","@id":"https:\/\/derpsairer.it\/it\/produkt\/formaggio-al-peperoncino-di-lagundo\/","url":"https:\/\/derpsairer.it\/it\/produkt\/formaggio-al-peperoncino-di-lagundo\/","name":"Formaggio al peperoncino di Lagundo \u2013 Delicato e speziato dall'Alto Adige - Der Psairer - Speck, Wurst, K\u00e4se","isPartOf":{"@id":"https:\/\/derpsairer.it\/it\/#website"},"primaryImageOfPage":{"@id":"https:\/\/derpsairer.it\/it\/produkt\/formaggio-al-peperoncino-di-lagundo\/#primaryimage"},"image":{"@id":"https:\/\/derpsairer.it\/it\/produkt\/formaggio-al-peperoncino-di-lagundo\/#primaryimage"},"thumbnailUrl":"https:\/\/derpsairer.it\/wp-22\/wp-content\/uploads\/2014\/07\/peperoncino-kaese.jpg","datePublished":"2021-08-03T13:49:49+00:00","dateModified":"2026-01-09T17:13:07+00:00","description":"Formaggio al peperoncino di Lagundo \u2013 dal sapore delicato, speziato e mediterraneo. Formaggio aromatico con una delicata nota di peperoncino, perfetto per taglieri di formaggi.","breadcrumb":{"@id":"https:\/\/derpsairer.it\/it\/produkt\/formaggio-al-peperoncino-di-lagundo\/#breadcrumb"},"inLanguage":"it-IT","potentialAction":[{"@type":"ReadAction","target":["https:\/\/derpsairer.it\/it\/produkt\/formaggio-al-peperoncino-di-lagundo\/"]}]},{"@type":"ImageObject","inLanguage":"it-IT","@id":"https:\/\/derpsairer.it\/it\/produkt\/formaggio-al-peperoncino-di-lagundo\/#primaryimage","url":"https:\/\/derpsairer.it\/wp-22\/wp-content\/uploads\/2014\/07\/peperoncino-kaese.jpg","contentUrl":"https:\/\/derpsairer.it\/wp-22\/wp-content\/uploads\/2014\/07\/peperoncino-kaese.jpg","width":624,"height":312,"caption":"Formaggio al peperoncino"},{"@type":"BreadcrumbList","@id":"https:\/\/derpsairer.it\/it\/produkt\/formaggio-al-peperoncino-di-lagundo\/#breadcrumb","itemListElement":[{"@type":"ListItem","position":1,"name":"Home","item":"https:\/\/derpsairer.it\/it\/il-negozio-di-speck-der-psairer\/"},{"@type":"ListItem","position":2,"name":"Shop","item":"https:\/\/derpsairer.it\/shop\/"},{"@type":"ListItem","position":3,"name":"Formaggio al peperoncino di Lagundo \u2013 formaggio altoatesino con note mediterranee di peperoncino"}]},{"@type":"WebSite","@id":"https:\/\/derpsairer.it\/it\/#website","url":"https:\/\/derpsairer.it\/it\/","name":"Der Psairer - Speck, Wurst, K\u00e4se","description":"Speck, Wurst und K\u00e4s aus Passeiertal in S\u00fcdtirol online bestellen.","publisher":{"@id":"https:\/\/derpsairer.it\/it\/#organization"},"potentialAction":[{"@type":"SearchAction","target":{"@type":"EntryPoint","urlTemplate":"https:\/\/derpsairer.it\/it\/?s={search_term_string}"},"query-input":{"@type":"PropertyValueSpecification","valueRequired":true,"valueName":"search_term_string"}}],"inLanguage":"it-IT"},{"@type":"Organization","@id":"https:\/\/derpsairer.it\/it\/#organization","name":"Der Psairer - Speck, Wurst, K\u00e4se","url":"https:\/\/derpsairer.it\/it\/","logo":{"@type":"ImageObject","inLanguage":"it-IT","@id":"https:\/\/derpsairer.it\/it\/#\/schema\/logo\/image\/","url":"https:\/\/derpsairer.it\/wp-22\/wp-content\/uploads\/2020\/03\/DER-PSAIRER-LOGO-2x.png","contentUrl":"https:\/\/derpsairer.it\/wp-22\/wp-content\/uploads\/2020\/03\/DER-PSAIRER-LOGO-2x.png","width":500,"height":500,"caption":"Der Psairer - Speck, Wurst, K\u00e4se"},"image":{"@id":"https:\/\/derpsairer.it\/it\/#\/schema\/logo\/image\/"},"sameAs":["https:\/\/www.facebook.com\/profile.php?id=100063648246860"]}]}},"_links":{"self":[{"href":"https:\/\/derpsairer.it\/it\/wp-json\/wp\/v2\/product\/5088","targetHints":{"allow":["GET"]}}],"collection":[{"href":"https:\/\/derpsairer.it\/it\/wp-json\/wp\/v2\/product"}],"about":[{"href":"https:\/\/derpsairer.it\/it\/wp-json\/wp\/v2\/types\/product"}],"wp:featuredmedia":[{"embeddable":true,"href":"https:\/\/derpsairer.it\/it\/wp-json\/wp\/v2\/media\/5549"}],"wp:attachment":[{"href":"https:\/\/derpsairer.it\/it\/wp-json\/wp\/v2\/media?parent=5088"}],"wp:term":[{"taxonomy":"product_brand","embeddable":true,"href":"https:\/\/derpsairer.it\/it\/wp-json\/wp\/v2\/product_brand?post=5088"},{"taxonomy":"product_cat","embeddable":true,"href":"https:\/\/derpsairer.it\/it\/wp-json\/wp\/v2\/product_cat?post=5088"},{"taxonomy":"product_tag","embeddable":true,"href":"https:\/\/derpsairer.it\/it\/wp-json\/wp\/v2\/product_tag?post=5088"}],"curies":[{"name":"wp","href":"https:\/\/api.w.org\/{rel}","templated":true}]}}