{"id":5090,"date":"2021-08-03T15:44:54","date_gmt":"2021-08-03T13:44:54","guid":{"rendered":"https:\/\/derpsairer.it\/produkt\/camembert-di-capra-di-lagundo\/"},"modified":"2026-01-13T09:06:38","modified_gmt":"2026-01-13T08:06:38","slug":"camembert-di-capra-di-lagundo","status":"publish","type":"product","link":"https:\/\/derpsairer.it\/it\/produkt\/camembert-di-capra-di-lagundo\/","title":{"rendered":"Camembert di capra di Lagundo \u2013 cremoso formaggio a pasta molle altoatesino a base di latte di capra"},"content":{"rendered":"[vc_row type=&#8221;in_container&#8221; full_screen_row_position=&#8221;middle&#8221; column_margin=&#8221;default&#8221; column_direction=&#8221;default&#8221; column_direction_tablet=&#8221;default&#8221; column_direction_phone=&#8221;default&#8221; scene_position=&#8221;center&#8221; text_color=&#8221;dark&#8221; text_align=&#8221;left&#8221; row_border_radius=&#8221;none&#8221; row_border_radius_applies=&#8221;bg&#8221; overflow=&#8221;visible&#8221; overlay_strength=&#8221;0.3&#8243; gradient_direction=&#8221;left_to_right&#8221; shape_divider_position=&#8221;bottom&#8221; bg_image_animation=&#8221;none&#8221;][vc_column column_padding=&#8221;no-extra-padding&#8221; column_padding_tablet=&#8221;inherit&#8221; column_padding_phone=&#8221;inherit&#8221; column_padding_position=&#8221;all&#8221; column_element_direction_desktop=&#8221;default&#8221; column_element_spacing=&#8221;default&#8221; desktop_text_alignment=&#8221;default&#8221; tablet_text_alignment=&#8221;default&#8221; phone_text_alignment=&#8221;default&#8221; background_color_opacity=&#8221;1&#8243; background_hover_color_opacity=&#8221;1&#8243; column_backdrop_filter=&#8221;none&#8221; column_shadow=&#8221;none&#8221; column_border_radius=&#8221;none&#8221; column_link_target=&#8221;_self&#8221; column_position=&#8221;default&#8221; gradient_direction=&#8221;left_to_right&#8221; overlay_strength=&#8221;0.3&#8243; width=&#8221;1\/1&#8243; tablet_width_inherit=&#8221;default&#8221; animation_type=&#8221;default&#8221; bg_image_animation=&#8221;none&#8221; border_type=&#8221;simple&#8221; column_border_width=&#8221;none&#8221; column_border_style=&#8221;solid&#8221;][vc_column_text css=&#8221;&#8221; text_direction=&#8221;default&#8221;]\n<p data-start=\"132\" data-end=\"445\">Il Camembert di capra di Lagundo \u00e8 un formaggio a pasta molle a base di latte di capra di alta qualit\u00e0 che unisce la classica cremosit\u00e0 del Camembert con un delicato aroma di capra. Prodotto artigianalmente in Alto Adige, questo formaggio convince per la sua consistenza delicata e cremosa e per il suo sapore equilibrato e delicato. <\/p>\n<p data-start=\"447\" data-end=\"795\">Sotto la sottile crosta di muffa bianca si nasconde un cuore morbido e fondente, piacevolmente vellutato al palato. L&#8217;aroma tipico, ma non invadente, di capra conferisce al formaggio carattere e profondit\u00e0, senza comprometterne l&#8217;armonia. Un elegante formaggio a pasta molle che entusiasma sia gli intenditori che i neofiti del mondo dei formaggi di capra.  <\/p>\n<p data-start=\"797\" data-end=\"1007\">Come raffinato formaggio da tavola, su un tagliere di formaggi, con pane fresco o abbinato a frutta e noci, il Camembert di capra di Lagundo \u00e8 un piacere versatile per momenti di gusto speciali e quotidiani.<\/p>\n<p data-start=\"1014\" data-end=\"1068\"><strong data-start=\"1014\" data-end=\"1029\">Tipologia di prodotto:<\/strong><br data-start=\"1029\" data-end=\"1032\">Formaggio molle a pasta piena prodotto con latte di capra<\/p>\n<p data-start=\"1070\" data-end=\"1199\"><strong data-start=\"1070\" data-end=\"1086\">Produzione:<\/strong><br data-start=\"1086\" data-end=\"1089\">Prodotto artigianalmente ad Algund (Alto Adige)<br data-start=\"1134\" data-end=\"1137\">Maturazione delicata sotto muffa bianca<br data-start=\"1173\" data-end=\"1176\">Arte casearia artigianale<\/p>\n<p data-start=\"1201\" data-end=\"1289\"><strong data-start=\"1201\" data-end=\"1215\">Gusto:<\/strong><br data-start=\"1215\" data-end=\"1218\">Delicato &amp; armonioso<br data-start=\"1235\" data-end=\"1238\">Aroma di capra fine e tipico<br data-start=\"1267\" data-end=\"1270\">Cremoso &amp; equilibrato<\/p>\n<p data-start=\"1291\" data-end=\"1346\"><strong data-start=\"1291\" data-end=\"1306\">Consistenza:<\/strong><br data-start=\"1306\" data-end=\"1309\">Delicatamente cremoso<br data-start=\"1320\" data-end=\"1323\">Cuore morbido e fondente<\/p>\n<p data-start=\"1348\" data-end=\"1459\"><strong data-start=\"1348\" data-end=\"1369\">Consigli d&#8217;uso:<\/strong><br data-start=\"1369\" data-end=\"1372\">Come formaggio da tavola<br data-start=\"1385\" data-end=\"1388\">Su un tagliere di formaggi<br data-start=\"1406\" data-end=\"1409\">Con pane fresco<br data-start=\"1425\" data-end=\"1428\">Con uva, fichi o noci<\/p>\n<p>Disponibile a pezzi da:<\/p>\n<ul>\n<li>1 pezzo da ca. 300 gr.<\/li>\n<li>Prezzo 26,50 \u20ac\/kg<\/li>\n<\/ul>\n[\/vc_column_text][\/vc_column][\/vc_row]\n","protected":false},"excerpt":{"rendered":"<p>\u2022 Formaggio a pasta molle a base di latte di capra intero<br data-start=\"1981\" data-end=\"1984\">\u2022 Consistenza delicata e cremosa tipica del Camembert<br data-start=\"2019\" data-end=\"2022\">\u2022 Aroma di capra delicato e tipico<br data-start=\"2053\" data-end=\"2056\">\u2022 Sapore armonioso e bilanciato<br data-start=\"2094\" data-end=\"2097\">\u2022 Ideale per taglieri di formaggi e spuntini<\/p>\n","protected":false},"featured_media":5529,"template":"","meta":[],"product_brand":[],"product_cat":[162],"product_tag":[673,2714,2364,1692,378,2021,2708,2814,2774,1625,2018],"class_list":{"0":"post-5090","1":"product","2":"type-product","3":"status-publish","4":"has-post-thumbnail","6":"product_cat-formaggio","7":"product_tag-antipasti","8":"product_tag-camembert-di-capra","9":"product_tag-cremoso","10":"product_tag-delicata","11":"product_tag-formaggio-altoatesino","12":"product_tag-formaggio-di-capra","13":"product_tag-formaggio-molle","14":"product_tag-intenditori","15":"product_tag-nota-di-capra","16":"product_tag-per-pane","17":"product_tag-tagliere-di-formaggi","18":"product_shipping_class-fino-a-2-kg","20":"first","21":"instock","22":"shipping-taxable","23":"purchasable","24":"product-type-simple"},"yoast_head":"<!-- This site is optimized with the Yoast SEO plugin v27.4 - https:\/\/yoast.com\/product\/yoast-seo-wordpress\/ -->\n<title>Camembert di capra di Lagundo \u2013 Formaggio a pasta molle delicato con aroma di capra - Der Psairer - Speck, Wurst, K\u00e4se<\/title>\n<meta name=\"description\" content=\"Camembert di capra di Lagundo \u2013 formaggio a pasta molle a pieno tenore di grasso con consistenza cremosa &amp; fine aroma di capra. Delicato, aromatico &amp; armonioso.\" \/>\n<meta name=\"robots\" content=\"index, follow, max-snippet:-1, max-image-preview:large, max-video-preview:-1\" \/>\n<link rel=\"canonical\" href=\"https:\/\/derpsairer.it\/it\/produkt\/camembert-di-capra-di-lagundo\/\" \/>\n<meta property=\"og:locale\" content=\"it_IT\" \/>\n<meta property=\"og:type\" content=\"article\" \/>\n<meta property=\"og:title\" content=\"Camembert di capra di Lagundo \u2013 Formaggio a pasta molle delicato con aroma di capra - Der Psairer - Speck, Wurst, K\u00e4se\" \/>\n<meta property=\"og:description\" content=\"Camembert di capra di Lagundo \u2013 formaggio a pasta molle a pieno tenore di grasso con consistenza cremosa &amp; fine aroma di capra. Delicato, aromatico &amp; armonioso.\" \/>\n<meta property=\"og:url\" content=\"https:\/\/derpsairer.it\/it\/produkt\/camembert-di-capra-di-lagundo\/\" \/>\n<meta property=\"og:site_name\" content=\"Der Psairer - Speck, Wurst, K\u00e4se\" \/>\n<meta property=\"article:publisher\" content=\"https:\/\/www.facebook.com\/profile.php?id=100063648246860\" \/>\n<meta property=\"article:modified_time\" content=\"2026-01-13T08:06:38+00:00\" \/>\n<meta property=\"og:image\" content=\"https:\/\/derpsairer.it\/wp-22\/wp-content\/uploads\/2014\/07\/Algunder_Camembert-Ziege.jpg\" \/>\n\t<meta property=\"og:image:width\" content=\"862\" \/>\n\t<meta property=\"og:image:height\" content=\"436\" \/>\n\t<meta property=\"og:image:type\" content=\"image\/jpeg\" \/>\n<meta name=\"twitter:label1\" content=\"Tempo di lettura stimato\" \/>\n\t<meta name=\"twitter:data1\" content=\"2 minutes\" \/>\n<script type=\"application\/ld+json\" class=\"yoast-schema-graph\">{\"@context\":\"https:\\\/\\\/schema.org\",\"@graph\":[{\"@type\":\"WebPage\",\"@id\":\"https:\\\/\\\/derpsairer.it\\\/it\\\/produkt\\\/camembert-di-capra-di-lagundo\\\/\",\"url\":\"https:\\\/\\\/derpsairer.it\\\/it\\\/produkt\\\/camembert-di-capra-di-lagundo\\\/\",\"name\":\"Camembert di capra di Lagundo \u2013 Formaggio a pasta molle delicato con aroma di capra - Der Psairer - Speck, Wurst, K\u00e4se\",\"isPartOf\":{\"@id\":\"https:\\\/\\\/derpsairer.it\\\/it\\\/#website\"},\"primaryImageOfPage\":{\"@id\":\"https:\\\/\\\/derpsairer.it\\\/it\\\/produkt\\\/camembert-di-capra-di-lagundo\\\/#primaryimage\"},\"image\":{\"@id\":\"https:\\\/\\\/derpsairer.it\\\/it\\\/produkt\\\/camembert-di-capra-di-lagundo\\\/#primaryimage\"},\"thumbnailUrl\":\"https:\\\/\\\/derpsairer.it\\\/wp-22\\\/wp-content\\\/uploads\\\/2014\\\/07\\\/Algunder_Camembert-Ziege.jpg\",\"datePublished\":\"2021-08-03T13:44:54+00:00\",\"dateModified\":\"2026-01-13T08:06:38+00:00\",\"description\":\"Camembert di capra di Lagundo \u2013 formaggio a pasta molle a pieno tenore di grasso con consistenza cremosa & fine aroma di capra. Delicato, aromatico & armonioso.\",\"breadcrumb\":{\"@id\":\"https:\\\/\\\/derpsairer.it\\\/it\\\/produkt\\\/camembert-di-capra-di-lagundo\\\/#breadcrumb\"},\"inLanguage\":\"it-IT\",\"potentialAction\":[{\"@type\":\"ReadAction\",\"target\":[\"https:\\\/\\\/derpsairer.it\\\/it\\\/produkt\\\/camembert-di-capra-di-lagundo\\\/\"]}]},{\"@type\":\"ImageObject\",\"inLanguage\":\"it-IT\",\"@id\":\"https:\\\/\\\/derpsairer.it\\\/it\\\/produkt\\\/camembert-di-capra-di-lagundo\\\/#primaryimage\",\"url\":\"https:\\\/\\\/derpsairer.it\\\/wp-22\\\/wp-content\\\/uploads\\\/2014\\\/07\\\/Algunder_Camembert-Ziege.jpg\",\"contentUrl\":\"https:\\\/\\\/derpsairer.it\\\/wp-22\\\/wp-content\\\/uploads\\\/2014\\\/07\\\/Algunder_Camembert-Ziege.jpg\",\"width\":862,\"height\":436,\"caption\":\"Camembert di capra di Lagundo\"},{\"@type\":\"BreadcrumbList\",\"@id\":\"https:\\\/\\\/derpsairer.it\\\/it\\\/produkt\\\/camembert-di-capra-di-lagundo\\\/#breadcrumb\",\"itemListElement\":[{\"@type\":\"ListItem\",\"position\":1,\"name\":\"Home\",\"item\":\"https:\\\/\\\/derpsairer.it\\\/it\\\/il-negozio-di-speck-der-psairer\\\/\"},{\"@type\":\"ListItem\",\"position\":2,\"name\":\"Shop\",\"item\":\"https:\\\/\\\/derpsairer.it\\\/shop\\\/\"},{\"@type\":\"ListItem\",\"position\":3,\"name\":\"Camembert di capra di Lagundo \u2013 cremoso formaggio a pasta molle altoatesino a base di latte di capra\"}]},{\"@type\":\"WebSite\",\"@id\":\"https:\\\/\\\/derpsairer.it\\\/it\\\/#website\",\"url\":\"https:\\\/\\\/derpsairer.it\\\/it\\\/\",\"name\":\"Der Psairer - Speck, Wurst, K\u00e4se\",\"description\":\"Speck, Wurst und K\u00e4s aus Passeiertal in S\u00fcdtirol online bestellen.\",\"publisher\":{\"@id\":\"https:\\\/\\\/derpsairer.it\\\/it\\\/#organization\"},\"potentialAction\":[{\"@type\":\"SearchAction\",\"target\":{\"@type\":\"EntryPoint\",\"urlTemplate\":\"https:\\\/\\\/derpsairer.it\\\/it\\\/?s={search_term_string}\"},\"query-input\":{\"@type\":\"PropertyValueSpecification\",\"valueRequired\":true,\"valueName\":\"search_term_string\"}}],\"inLanguage\":\"it-IT\"},{\"@type\":\"Organization\",\"@id\":\"https:\\\/\\\/derpsairer.it\\\/it\\\/#organization\",\"name\":\"Der Psairer - Speck, Wurst, K\u00e4se\",\"url\":\"https:\\\/\\\/derpsairer.it\\\/it\\\/\",\"logo\":{\"@type\":\"ImageObject\",\"inLanguage\":\"it-IT\",\"@id\":\"https:\\\/\\\/derpsairer.it\\\/it\\\/#\\\/schema\\\/logo\\\/image\\\/\",\"url\":\"https:\\\/\\\/derpsairer.it\\\/wp-22\\\/wp-content\\\/uploads\\\/2020\\\/03\\\/DER-PSAIRER-LOGO-2x.png\",\"contentUrl\":\"https:\\\/\\\/derpsairer.it\\\/wp-22\\\/wp-content\\\/uploads\\\/2020\\\/03\\\/DER-PSAIRER-LOGO-2x.png\",\"width\":500,\"height\":500,\"caption\":\"Der Psairer - Speck, Wurst, K\u00e4se\"},\"image\":{\"@id\":\"https:\\\/\\\/derpsairer.it\\\/it\\\/#\\\/schema\\\/logo\\\/image\\\/\"},\"sameAs\":[\"https:\\\/\\\/www.facebook.com\\\/profile.php?id=100063648246860\"]}]}<\/script>\n<!-- \/ Yoast SEO plugin. -->","yoast_head_json":{"title":"Camembert di capra di Lagundo \u2013 Formaggio a pasta molle delicato con aroma di capra - Der Psairer - Speck, Wurst, K\u00e4se","description":"Camembert di capra di Lagundo \u2013 formaggio a pasta molle a pieno tenore di grasso con consistenza cremosa & fine aroma di capra. Delicato, aromatico & armonioso.","robots":{"index":"index","follow":"follow","max-snippet":"max-snippet:-1","max-image-preview":"max-image-preview:large","max-video-preview":"max-video-preview:-1"},"canonical":"https:\/\/derpsairer.it\/it\/produkt\/camembert-di-capra-di-lagundo\/","og_locale":"it_IT","og_type":"article","og_title":"Camembert di capra di Lagundo \u2013 Formaggio a pasta molle delicato con aroma di capra - Der Psairer - Speck, Wurst, K\u00e4se","og_description":"Camembert di capra di Lagundo \u2013 formaggio a pasta molle a pieno tenore di grasso con consistenza cremosa & fine aroma di capra. Delicato, aromatico & armonioso.","og_url":"https:\/\/derpsairer.it\/it\/produkt\/camembert-di-capra-di-lagundo\/","og_site_name":"Der Psairer - Speck, Wurst, K\u00e4se","article_publisher":"https:\/\/www.facebook.com\/profile.php?id=100063648246860","article_modified_time":"2026-01-13T08:06:38+00:00","og_image":[{"width":862,"height":436,"url":"https:\/\/derpsairer.it\/wp-22\/wp-content\/uploads\/2014\/07\/Algunder_Camembert-Ziege.jpg","type":"image\/jpeg"}],"twitter_misc":{"Tempo di lettura stimato":"2 minutes"},"schema":{"@context":"https:\/\/schema.org","@graph":[{"@type":"WebPage","@id":"https:\/\/derpsairer.it\/it\/produkt\/camembert-di-capra-di-lagundo\/","url":"https:\/\/derpsairer.it\/it\/produkt\/camembert-di-capra-di-lagundo\/","name":"Camembert di capra di Lagundo \u2013 Formaggio a pasta molle delicato con aroma di capra - Der Psairer - Speck, Wurst, K\u00e4se","isPartOf":{"@id":"https:\/\/derpsairer.it\/it\/#website"},"primaryImageOfPage":{"@id":"https:\/\/derpsairer.it\/it\/produkt\/camembert-di-capra-di-lagundo\/#primaryimage"},"image":{"@id":"https:\/\/derpsairer.it\/it\/produkt\/camembert-di-capra-di-lagundo\/#primaryimage"},"thumbnailUrl":"https:\/\/derpsairer.it\/wp-22\/wp-content\/uploads\/2014\/07\/Algunder_Camembert-Ziege.jpg","datePublished":"2021-08-03T13:44:54+00:00","dateModified":"2026-01-13T08:06:38+00:00","description":"Camembert di capra di Lagundo \u2013 formaggio a pasta molle a pieno tenore di grasso con consistenza cremosa & fine aroma di capra. Delicato, aromatico & armonioso.","breadcrumb":{"@id":"https:\/\/derpsairer.it\/it\/produkt\/camembert-di-capra-di-lagundo\/#breadcrumb"},"inLanguage":"it-IT","potentialAction":[{"@type":"ReadAction","target":["https:\/\/derpsairer.it\/it\/produkt\/camembert-di-capra-di-lagundo\/"]}]},{"@type":"ImageObject","inLanguage":"it-IT","@id":"https:\/\/derpsairer.it\/it\/produkt\/camembert-di-capra-di-lagundo\/#primaryimage","url":"https:\/\/derpsairer.it\/wp-22\/wp-content\/uploads\/2014\/07\/Algunder_Camembert-Ziege.jpg","contentUrl":"https:\/\/derpsairer.it\/wp-22\/wp-content\/uploads\/2014\/07\/Algunder_Camembert-Ziege.jpg","width":862,"height":436,"caption":"Camembert di capra di Lagundo"},{"@type":"BreadcrumbList","@id":"https:\/\/derpsairer.it\/it\/produkt\/camembert-di-capra-di-lagundo\/#breadcrumb","itemListElement":[{"@type":"ListItem","position":1,"name":"Home","item":"https:\/\/derpsairer.it\/it\/il-negozio-di-speck-der-psairer\/"},{"@type":"ListItem","position":2,"name":"Shop","item":"https:\/\/derpsairer.it\/shop\/"},{"@type":"ListItem","position":3,"name":"Camembert di capra di Lagundo \u2013 cremoso formaggio a pasta molle altoatesino a base di latte di capra"}]},{"@type":"WebSite","@id":"https:\/\/derpsairer.it\/it\/#website","url":"https:\/\/derpsairer.it\/it\/","name":"Der Psairer - Speck, Wurst, K\u00e4se","description":"Speck, Wurst und K\u00e4s aus Passeiertal in S\u00fcdtirol online bestellen.","publisher":{"@id":"https:\/\/derpsairer.it\/it\/#organization"},"potentialAction":[{"@type":"SearchAction","target":{"@type":"EntryPoint","urlTemplate":"https:\/\/derpsairer.it\/it\/?s={search_term_string}"},"query-input":{"@type":"PropertyValueSpecification","valueRequired":true,"valueName":"search_term_string"}}],"inLanguage":"it-IT"},{"@type":"Organization","@id":"https:\/\/derpsairer.it\/it\/#organization","name":"Der Psairer - Speck, Wurst, K\u00e4se","url":"https:\/\/derpsairer.it\/it\/","logo":{"@type":"ImageObject","inLanguage":"it-IT","@id":"https:\/\/derpsairer.it\/it\/#\/schema\/logo\/image\/","url":"https:\/\/derpsairer.it\/wp-22\/wp-content\/uploads\/2020\/03\/DER-PSAIRER-LOGO-2x.png","contentUrl":"https:\/\/derpsairer.it\/wp-22\/wp-content\/uploads\/2020\/03\/DER-PSAIRER-LOGO-2x.png","width":500,"height":500,"caption":"Der Psairer - Speck, Wurst, K\u00e4se"},"image":{"@id":"https:\/\/derpsairer.it\/it\/#\/schema\/logo\/image\/"},"sameAs":["https:\/\/www.facebook.com\/profile.php?id=100063648246860"]}]}},"_links":{"self":[{"href":"https:\/\/derpsairer.it\/it\/wp-json\/wp\/v2\/product\/5090","targetHints":{"allow":["GET"]}}],"collection":[{"href":"https:\/\/derpsairer.it\/it\/wp-json\/wp\/v2\/product"}],"about":[{"href":"https:\/\/derpsairer.it\/it\/wp-json\/wp\/v2\/types\/product"}],"wp:featuredmedia":[{"embeddable":true,"href":"https:\/\/derpsairer.it\/it\/wp-json\/wp\/v2\/media\/5529"}],"wp:attachment":[{"href":"https:\/\/derpsairer.it\/it\/wp-json\/wp\/v2\/media?parent=5090"}],"wp:term":[{"taxonomy":"product_brand","embeddable":true,"href":"https:\/\/derpsairer.it\/it\/wp-json\/wp\/v2\/product_brand?post=5090"},{"taxonomy":"product_cat","embeddable":true,"href":"https:\/\/derpsairer.it\/it\/wp-json\/wp\/v2\/product_cat?post=5090"},{"taxonomy":"product_tag","embeddable":true,"href":"https:\/\/derpsairer.it\/it\/wp-json\/wp\/v2\/product_tag?post=5090"}],"curies":[{"name":"wp","href":"https:\/\/api.w.org\/{rel}","templated":true}]}}