{"id":5093,"date":"2021-08-31T11:00:52","date_gmt":"2021-08-31T09:00:52","guid":{"rendered":"https:\/\/derpsairer.it\/produkt\/chardonnay-festival\/"},"modified":"2026-01-14T16:51:51","modified_gmt":"2026-01-14T15:51:51","slug":"chardonnay-festival","status":"publish","type":"product","link":"https:\/\/derpsairer.it\/it\/produkt\/chardonnay-festival\/","title":{"rendered":"Chardonnay Festival \u2013 elegante Chardonnay altoatesino di carattere"},"content":{"rendered":"<p data-start=\"94\" data-end=\"461\">Lo Chardonnay <strong data-start=\"140\" data-end=\"154\">&#8220;Festival&#8221;<\/strong> della <span class=\"hover:entity-accent entity-underline inline cursor-pointer align-baseline\"><span class=\"whitespace-normal\">Cantina Merano<\/span><\/span> unisce fascino, freschezza ed espressivit\u00e0 in un armonioso vino bianco altoatesino di chiara origine. Ottenuto da uve Chardonnay di diverse altitudini nel Meranese, questo vino si presenta nel bicchiere con un vivace giallo paglierino dai riflessi verdognoli.<\/p>\n<p data-start=\"463\" data-end=\"957\">Al naso si sprigionano intensi aromi di mele mature, banana e ananas, accompagnati da una fine freschezza. Al palato lo Chardonnay Festival si presenta armonico, morbido ed equilibrato, con una bella pienezza e un finale persistente ed elegante. La fermentazione controllata in vasche di acciaio inox e l&#8217;affinamento di cinque mesi sui lieviti fini gli conferiscono chiarezza, profondit\u00e0 e bevibilit\u00e0. Uno Chardonnay versatile e moderno, che convince sia da solo che come accompagnamento ai pasti.   <\/p>\n<p data-start=\"964\" data-end=\"994\"><strong data-start=\"964\" data-end=\"977\">Cantina:<\/strong><br data-start=\"977\" data-end=\"980\">Cantina Merano<\/p>\n<p data-start=\"996\" data-end=\"1022\"><strong data-start=\"996\" data-end=\"1009\">Vitigno:<\/strong><br data-start=\"1009\" data-end=\"1012\">Chardonnay<\/p>\n<p data-start=\"1024\" data-end=\"1141\"><strong data-start=\"1024\" data-end=\"1045\">Abbinamenti:<\/strong><br data-start=\"1045\" data-end=\"1048\">Pesce e frutti di mare, carni bianche, pollame, risotto, gnocchetti di formaggio, antipasti raffinati<\/p>\n<p data-start=\"1143\" data-end=\"1312\"><strong data-start=\"1143\" data-end=\"1154\">Vinificazione:<\/strong><br data-start=\"1154\" data-end=\"1157\">Macerazione a freddo nel torchio<br data-start=\"1192\" data-end=\"1195\">Fermentazione alcolica in piccole vasche di acciaio inox<br data-start=\"1240\" data-end=\"1243\">Nessuna degradazione biologica dell&#8217;acido<br data-start=\"1271\" data-end=\"1274\">Affinamento sui lieviti fini per 5 mesi<\/p>\n<p data-start=\"1314\" data-end=\"1349\"><strong data-start=\"1314\" data-end=\"1336\">Temperatura di servizio:<\/strong><br data-start=\"1336\" data-end=\"1339\">10 \u2013 12 \u00b0C<\/p>\n<p data-start=\"1351\" data-end=\"1378\"><strong data-start=\"1351\" data-end=\"1369\">Gradazione alcolica:<\/strong><br data-start=\"1369\" data-end=\"1372\">13,5 %<\/p>\n<p data-start=\"1380\" data-end=\"1400\"><strong data-start=\"1380\" data-end=\"1391\">Contenuto:<\/strong><br data-start=\"1391\" data-end=\"1394\">0,75 l<\/p>\n<p data-start=\"1402\" data-end=\"1508\"><strong data-start=\"1402\" data-end=\"1415\">Provenienza:<\/strong><br data-start=\"1415\" data-end=\"1418\">Alto Adige DOC<br data-start=\"1430\" data-end=\"1433\">Zona di coltivazione: Lagundo, Lana, Marlengo, Merano, Scena<br data-start=\"1483\" data-end=\"1486\">Altitudine: 280 \u2013 450 m<\/p>\n<p data-start=\"1510\" data-end=\"1526\"><strong>Contiene solfiti.<\/strong><\/p>\n","protected":false},"excerpt":{"rendered":"<p>\u2022 Elegante Chardonnay dell&#8217;Alto Adige<br data-start=\"2092\" data-end=\"2095\">\u2022 Aromi di mela, banana &amp; ananas<br data-start=\"2130\" data-end=\"2133\">\u2022 Armonico, fresco &amp; morbido<br data-start=\"2161\" data-end=\"2164\">\u2022 Affinato 5 mesi sui lieviti fini<br data-start=\"2199\" data-end=\"2202\">\u2022 Versatile accompagnamento a pesce &amp; risotto<\/p>\n","protected":false},"featured_media":5612,"template":"","meta":[],"product_brand":[],"product_cat":[188],"product_tag":[3003,3279,3973,3044,2586,3310,3919,1865,1839,2490,2322,3043,2185,2564,425],"class_list":{"0":"post-5093","1":"product","2":"type-product","3":"status-publish","4":"has-post-thumbnail","6":"product_cat-vino-distillati","7":"product_tag-acciaio-inox","8":"product_tag-alto-adige-doc","9":"product_tag-ananas","10":"product_tag-banana","11":"product_tag-cantina-merano","12":"product_tag-chardonnay-festival","13":"product_tag-con-carni-bianche","14":"product_tag-con-pesce","15":"product_tag-con-risotti","16":"product_tag-elegante","17":"product_tag-fresco","18":"product_tag-lievito-fine","19":"product_tag-mela","20":"product_tag-morbido","21":"product_tag-vino-estivo","23":"first","24":"instock","25":"shipping-taxable","26":"purchasable","27":"product-type-simple"},"yoast_head":"<!-- This site is optimized with the Yoast SEO plugin v27.4 - https:\/\/yoast.com\/product\/yoast-seo-wordpress\/ -->\n<title>Chardonnay Festival \u2013 Alto Adige DOC della Cantina Merano - Der Psairer - Speck, Wurst, K\u00e4se<\/title>\n<meta name=\"description\" content=\"Chardonnay Festival dell&#039;Alto Adige DOC. Elegante vino bianco della Cantina Merano con aromi di mela, banana e ananas, fresco e armonico.\" \/>\n<meta name=\"robots\" content=\"index, follow, max-snippet:-1, max-image-preview:large, max-video-preview:-1\" \/>\n<link rel=\"canonical\" href=\"https:\/\/derpsairer.it\/it\/produkt\/chardonnay-festival\/\" \/>\n<meta property=\"og:locale\" content=\"it_IT\" \/>\n<meta property=\"og:type\" content=\"article\" \/>\n<meta property=\"og:title\" content=\"Chardonnay Festival \u2013 Alto Adige DOC della Cantina Merano - Der Psairer - Speck, Wurst, K\u00e4se\" \/>\n<meta property=\"og:description\" content=\"Chardonnay Festival dell&#039;Alto Adige DOC. Elegante vino bianco della Cantina Merano con aromi di mela, banana e ananas, fresco e armonico.\" \/>\n<meta property=\"og:url\" content=\"https:\/\/derpsairer.it\/it\/produkt\/chardonnay-festival\/\" \/>\n<meta property=\"og:site_name\" content=\"Der Psairer - Speck, Wurst, K\u00e4se\" \/>\n<meta property=\"article:publisher\" content=\"https:\/\/www.facebook.com\/profile.php?id=100063648246860\" \/>\n<meta property=\"article:modified_time\" content=\"2026-01-14T15:51:51+00:00\" \/>\n<meta property=\"og:image\" content=\"https:\/\/derpsairer.it\/wp-22\/wp-content\/uploads\/2021\/08\/Chardonnay-Festival.jpg\" \/>\n\t<meta property=\"og:image:width\" content=\"800\" \/>\n\t<meta property=\"og:image:height\" content=\"800\" \/>\n\t<meta property=\"og:image:type\" content=\"image\/jpeg\" \/>\n<meta name=\"twitter:label1\" content=\"Tempo di lettura stimato\" \/>\n\t<meta name=\"twitter:data1\" content=\"1 minute\" \/>\n<script type=\"application\/ld+json\" class=\"yoast-schema-graph\">{\"@context\":\"https:\\\/\\\/schema.org\",\"@graph\":[{\"@type\":\"WebPage\",\"@id\":\"https:\\\/\\\/derpsairer.it\\\/it\\\/produkt\\\/chardonnay-festival\\\/\",\"url\":\"https:\\\/\\\/derpsairer.it\\\/it\\\/produkt\\\/chardonnay-festival\\\/\",\"name\":\"Chardonnay Festival \u2013 Alto Adige DOC della Cantina Merano - Der Psairer - Speck, Wurst, K\u00e4se\",\"isPartOf\":{\"@id\":\"https:\\\/\\\/derpsairer.it\\\/it\\\/#website\"},\"primaryImageOfPage\":{\"@id\":\"https:\\\/\\\/derpsairer.it\\\/it\\\/produkt\\\/chardonnay-festival\\\/#primaryimage\"},\"image\":{\"@id\":\"https:\\\/\\\/derpsairer.it\\\/it\\\/produkt\\\/chardonnay-festival\\\/#primaryimage\"},\"thumbnailUrl\":\"https:\\\/\\\/derpsairer.it\\\/wp-22\\\/wp-content\\\/uploads\\\/2021\\\/08\\\/Chardonnay-Festival.jpg\",\"datePublished\":\"2021-08-31T09:00:52+00:00\",\"dateModified\":\"2026-01-14T15:51:51+00:00\",\"description\":\"Chardonnay Festival dell'Alto Adige DOC. Elegante vino bianco della Cantina Merano con aromi di mela, banana e ananas, fresco e armonico.\",\"breadcrumb\":{\"@id\":\"https:\\\/\\\/derpsairer.it\\\/it\\\/produkt\\\/chardonnay-festival\\\/#breadcrumb\"},\"inLanguage\":\"it-IT\",\"potentialAction\":[{\"@type\":\"ReadAction\",\"target\":[\"https:\\\/\\\/derpsairer.it\\\/it\\\/produkt\\\/chardonnay-festival\\\/\"]}]},{\"@type\":\"ImageObject\",\"inLanguage\":\"it-IT\",\"@id\":\"https:\\\/\\\/derpsairer.it\\\/it\\\/produkt\\\/chardonnay-festival\\\/#primaryimage\",\"url\":\"https:\\\/\\\/derpsairer.it\\\/wp-22\\\/wp-content\\\/uploads\\\/2021\\\/08\\\/Chardonnay-Festival.jpg\",\"contentUrl\":\"https:\\\/\\\/derpsairer.it\\\/wp-22\\\/wp-content\\\/uploads\\\/2021\\\/08\\\/Chardonnay-Festival.jpg\",\"width\":800,\"height\":800},{\"@type\":\"BreadcrumbList\",\"@id\":\"https:\\\/\\\/derpsairer.it\\\/it\\\/produkt\\\/chardonnay-festival\\\/#breadcrumb\",\"itemListElement\":[{\"@type\":\"ListItem\",\"position\":1,\"name\":\"Home\",\"item\":\"https:\\\/\\\/derpsairer.it\\\/it\\\/il-negozio-di-speck-der-psairer\\\/\"},{\"@type\":\"ListItem\",\"position\":2,\"name\":\"Shop\",\"item\":\"https:\\\/\\\/derpsairer.it\\\/shop\\\/\"},{\"@type\":\"ListItem\",\"position\":3,\"name\":\"Chardonnay Festival \u2013 elegante Chardonnay altoatesino di carattere\"}]},{\"@type\":\"WebSite\",\"@id\":\"https:\\\/\\\/derpsairer.it\\\/it\\\/#website\",\"url\":\"https:\\\/\\\/derpsairer.it\\\/it\\\/\",\"name\":\"Der Psairer - Speck, Wurst, K\u00e4se\",\"description\":\"Speck, Wurst und K\u00e4s aus Passeiertal in S\u00fcdtirol online bestellen.\",\"publisher\":{\"@id\":\"https:\\\/\\\/derpsairer.it\\\/it\\\/#organization\"},\"potentialAction\":[{\"@type\":\"SearchAction\",\"target\":{\"@type\":\"EntryPoint\",\"urlTemplate\":\"https:\\\/\\\/derpsairer.it\\\/it\\\/?s={search_term_string}\"},\"query-input\":{\"@type\":\"PropertyValueSpecification\",\"valueRequired\":true,\"valueName\":\"search_term_string\"}}],\"inLanguage\":\"it-IT\"},{\"@type\":\"Organization\",\"@id\":\"https:\\\/\\\/derpsairer.it\\\/it\\\/#organization\",\"name\":\"Der Psairer - Speck, Wurst, K\u00e4se\",\"url\":\"https:\\\/\\\/derpsairer.it\\\/it\\\/\",\"logo\":{\"@type\":\"ImageObject\",\"inLanguage\":\"it-IT\",\"@id\":\"https:\\\/\\\/derpsairer.it\\\/it\\\/#\\\/schema\\\/logo\\\/image\\\/\",\"url\":\"https:\\\/\\\/derpsairer.it\\\/wp-22\\\/wp-content\\\/uploads\\\/2020\\\/03\\\/DER-PSAIRER-LOGO-2x.png\",\"contentUrl\":\"https:\\\/\\\/derpsairer.it\\\/wp-22\\\/wp-content\\\/uploads\\\/2020\\\/03\\\/DER-PSAIRER-LOGO-2x.png\",\"width\":500,\"height\":500,\"caption\":\"Der Psairer - Speck, Wurst, K\u00e4se\"},\"image\":{\"@id\":\"https:\\\/\\\/derpsairer.it\\\/it\\\/#\\\/schema\\\/logo\\\/image\\\/\"},\"sameAs\":[\"https:\\\/\\\/www.facebook.com\\\/profile.php?id=100063648246860\"]}]}<\/script>\n<!-- \/ Yoast SEO plugin. -->","yoast_head_json":{"title":"Chardonnay Festival \u2013 Alto Adige DOC della Cantina Merano - Der Psairer - Speck, Wurst, K\u00e4se","description":"Chardonnay Festival dell'Alto Adige DOC. Elegante vino bianco della Cantina Merano con aromi di mela, banana e ananas, fresco e armonico.","robots":{"index":"index","follow":"follow","max-snippet":"max-snippet:-1","max-image-preview":"max-image-preview:large","max-video-preview":"max-video-preview:-1"},"canonical":"https:\/\/derpsairer.it\/it\/produkt\/chardonnay-festival\/","og_locale":"it_IT","og_type":"article","og_title":"Chardonnay Festival \u2013 Alto Adige DOC della Cantina Merano - Der Psairer - Speck, Wurst, K\u00e4se","og_description":"Chardonnay Festival dell'Alto Adige DOC. Elegante vino bianco della Cantina Merano con aromi di mela, banana e ananas, fresco e armonico.","og_url":"https:\/\/derpsairer.it\/it\/produkt\/chardonnay-festival\/","og_site_name":"Der Psairer - Speck, Wurst, K\u00e4se","article_publisher":"https:\/\/www.facebook.com\/profile.php?id=100063648246860","article_modified_time":"2026-01-14T15:51:51+00:00","og_image":[{"width":800,"height":800,"url":"https:\/\/derpsairer.it\/wp-22\/wp-content\/uploads\/2021\/08\/Chardonnay-Festival.jpg","type":"image\/jpeg"}],"twitter_misc":{"Tempo di lettura stimato":"1 minute"},"schema":{"@context":"https:\/\/schema.org","@graph":[{"@type":"WebPage","@id":"https:\/\/derpsairer.it\/it\/produkt\/chardonnay-festival\/","url":"https:\/\/derpsairer.it\/it\/produkt\/chardonnay-festival\/","name":"Chardonnay Festival \u2013 Alto Adige DOC della Cantina Merano - Der Psairer - Speck, Wurst, K\u00e4se","isPartOf":{"@id":"https:\/\/derpsairer.it\/it\/#website"},"primaryImageOfPage":{"@id":"https:\/\/derpsairer.it\/it\/produkt\/chardonnay-festival\/#primaryimage"},"image":{"@id":"https:\/\/derpsairer.it\/it\/produkt\/chardonnay-festival\/#primaryimage"},"thumbnailUrl":"https:\/\/derpsairer.it\/wp-22\/wp-content\/uploads\/2021\/08\/Chardonnay-Festival.jpg","datePublished":"2021-08-31T09:00:52+00:00","dateModified":"2026-01-14T15:51:51+00:00","description":"Chardonnay Festival dell'Alto Adige DOC. Elegante vino bianco della Cantina Merano con aromi di mela, banana e ananas, fresco e armonico.","breadcrumb":{"@id":"https:\/\/derpsairer.it\/it\/produkt\/chardonnay-festival\/#breadcrumb"},"inLanguage":"it-IT","potentialAction":[{"@type":"ReadAction","target":["https:\/\/derpsairer.it\/it\/produkt\/chardonnay-festival\/"]}]},{"@type":"ImageObject","inLanguage":"it-IT","@id":"https:\/\/derpsairer.it\/it\/produkt\/chardonnay-festival\/#primaryimage","url":"https:\/\/derpsairer.it\/wp-22\/wp-content\/uploads\/2021\/08\/Chardonnay-Festival.jpg","contentUrl":"https:\/\/derpsairer.it\/wp-22\/wp-content\/uploads\/2021\/08\/Chardonnay-Festival.jpg","width":800,"height":800},{"@type":"BreadcrumbList","@id":"https:\/\/derpsairer.it\/it\/produkt\/chardonnay-festival\/#breadcrumb","itemListElement":[{"@type":"ListItem","position":1,"name":"Home","item":"https:\/\/derpsairer.it\/it\/il-negozio-di-speck-der-psairer\/"},{"@type":"ListItem","position":2,"name":"Shop","item":"https:\/\/derpsairer.it\/shop\/"},{"@type":"ListItem","position":3,"name":"Chardonnay Festival \u2013 elegante Chardonnay altoatesino di carattere"}]},{"@type":"WebSite","@id":"https:\/\/derpsairer.it\/it\/#website","url":"https:\/\/derpsairer.it\/it\/","name":"Der Psairer - Speck, Wurst, K\u00e4se","description":"Speck, Wurst und K\u00e4s aus Passeiertal in S\u00fcdtirol online bestellen.","publisher":{"@id":"https:\/\/derpsairer.it\/it\/#organization"},"potentialAction":[{"@type":"SearchAction","target":{"@type":"EntryPoint","urlTemplate":"https:\/\/derpsairer.it\/it\/?s={search_term_string}"},"query-input":{"@type":"PropertyValueSpecification","valueRequired":true,"valueName":"search_term_string"}}],"inLanguage":"it-IT"},{"@type":"Organization","@id":"https:\/\/derpsairer.it\/it\/#organization","name":"Der Psairer - Speck, Wurst, K\u00e4se","url":"https:\/\/derpsairer.it\/it\/","logo":{"@type":"ImageObject","inLanguage":"it-IT","@id":"https:\/\/derpsairer.it\/it\/#\/schema\/logo\/image\/","url":"https:\/\/derpsairer.it\/wp-22\/wp-content\/uploads\/2020\/03\/DER-PSAIRER-LOGO-2x.png","contentUrl":"https:\/\/derpsairer.it\/wp-22\/wp-content\/uploads\/2020\/03\/DER-PSAIRER-LOGO-2x.png","width":500,"height":500,"caption":"Der Psairer - Speck, Wurst, K\u00e4se"},"image":{"@id":"https:\/\/derpsairer.it\/it\/#\/schema\/logo\/image\/"},"sameAs":["https:\/\/www.facebook.com\/profile.php?id=100063648246860"]}]}},"_links":{"self":[{"href":"https:\/\/derpsairer.it\/it\/wp-json\/wp\/v2\/product\/5093","targetHints":{"allow":["GET"]}}],"collection":[{"href":"https:\/\/derpsairer.it\/it\/wp-json\/wp\/v2\/product"}],"about":[{"href":"https:\/\/derpsairer.it\/it\/wp-json\/wp\/v2\/types\/product"}],"wp:featuredmedia":[{"embeddable":true,"href":"https:\/\/derpsairer.it\/it\/wp-json\/wp\/v2\/media\/5612"}],"wp:attachment":[{"href":"https:\/\/derpsairer.it\/it\/wp-json\/wp\/v2\/media?parent=5093"}],"wp:term":[{"taxonomy":"product_brand","embeddable":true,"href":"https:\/\/derpsairer.it\/it\/wp-json\/wp\/v2\/product_brand?post=5093"},{"taxonomy":"product_cat","embeddable":true,"href":"https:\/\/derpsairer.it\/it\/wp-json\/wp\/v2\/product_cat?post=5093"},{"taxonomy":"product_tag","embeddable":true,"href":"https:\/\/derpsairer.it\/it\/wp-json\/wp\/v2\/product_tag?post=5093"}],"curies":[{"name":"wp","href":"https:\/\/api.w.org\/{rel}","templated":true}]}}