{"id":5095,"date":"2021-08-31T11:52:05","date_gmt":"2021-08-31T09:52:05","guid":{"rendered":"https:\/\/derpsairer.it\/produkt\/merlot-cabernet-vangar\/"},"modified":"2026-01-08T18:24:26","modified_gmt":"2026-01-08T17:24:26","slug":"merlot-cabernet-vangar","status":"publish","type":"product","link":"https:\/\/derpsairer.it\/it\/produkt\/merlot-cabernet-vangar\/","title":{"rendered":"Vangar \u2013 Merlot Cabernet dalla struttura elegante"},"content":{"rendered":"<p data-start=\"65\" data-end=\"823\">Il Vangar Merlot \u00b7 Cabernet della cantina Nals Margreid \u00e8 una cuv\u00e9e espressiva dallo stile internazionale e dal carattere altoatesino. Nei vigneti intorno a Margreid, su terreni ghiaiosi calcarei profondi e sotto un clima mediterraneo, il Merlot e il Cabernet Sauvignon maturano dando vita a un vino rosso armonioso e potente. Nel bicchiere, il Vangar si presenta con un colore rosso rubino intenso. Il bouquet \u00e8 caratterizzato da amarene, mirtilli e una fine nota di pepe. Al palato si presenta succoso, equilibrato ed elegante, con tannini speziati e una struttura vellutata. L&#8217;affinamento in barrique conferisce al vino profondit\u00e0 e finezza, senza mascherarne la freschezza. Un versatile accompagnamento per intenditori esigenti.      <\/p>\n<p data-start=\"825\" data-end=\"850\"><strong>Cantina:<\/strong><br data-start=\"834\" data-end=\"837\">Nals Margreid<\/p>\n<p data-start=\"852\" data-end=\"903\"><strong>Vitigno:<\/strong><br data-start=\"861\" data-end=\"864\">Cuv\u00e9e di Merlot e Cabernet Sauvignon<\/p>\n<p data-start=\"905\" data-end=\"999\"><strong>Abbinamenti:<\/strong><br data-start=\"922\" data-end=\"925\">Guance brasate, pollo arrosto, carne rossa, selvaggina, formaggi stagionati<\/p>\n<p data-start=\"1001\" data-end=\"1077\"><strong>Affinamento:<\/strong><br data-start=\"1008\" data-end=\"1011\">Fermentazione sulle bucce in acciaio<br data-start=\"1037\" data-end=\"1040\">Affinamento per 12 mesi in barrique<\/p>\n<p data-start=\"1079\" data-end=\"1109\"><strong>Temperatura di servizio:<\/strong><br data-start=\"1097\" data-end=\"1100\">16 \u2013 18 \u00b0C<\/p>\n<p data-start=\"1111\" data-end=\"1134\"><strong>Gradazione alcolica:<\/strong><br data-start=\"1125\" data-end=\"1128\">13,5 %<\/p>\n<p data-start=\"1136\" data-end=\"1152\"><strong>Contenuto:<\/strong><br data-start=\"1143\" data-end=\"1146\">0,75 l<\/p>\n<p data-start=\"1154\" data-end=\"1227\"><strong>Provenienza:<\/strong><br data-start=\"1163\" data-end=\"1166\">Alto Adige DOC<br data-start=\"1178\" data-end=\"1181\">Zona di coltivazione: Margreid<br data-start=\"1202\" data-end=\"1205\">Altitudine: 220 \u2013 350 m<\/p>\n<p data-start=\"1229\" data-end=\"1245\"><strong>Contiene solfiti.<\/strong><\/p>\n","protected":false},"excerpt":{"rendered":"<p>\u2022 Cuv\u00e9e di Merlot e Cabernet<br data-start=\"1769\" data-end=\"1772\">\u2022 Rosso rubino intenso<br data-start=\"1793\" data-end=\"1796\">\u2022 Aromi di ciliegia e mirtillo<br data-start=\"1830\" data-end=\"1833\">\u2022 Tannini speziati e vellutati<br data-start=\"1859\" data-end=\"1862\">\u2022 Affinato in barrique<\/p>\n","protected":false},"featured_media":5097,"template":"","meta":[],"product_brand":[],"product_cat":[188],"product_tag":[3279,2552,1408,2637,2062,2657,3223,2115,1798,2658],"class_list":{"0":"post-5095","1":"product","2":"type-product","3":"status-publish","4":"has-post-thumbnail","6":"product_cat-vino-distillati","7":"product_tag-alto-adige-doc","8":"product_tag-barrique","9":"product_tag-cabernet-sauvignon","10":"product_tag-ciliegia","11":"product_tag-con-formaggio","12":"product_tag-merlot","13":"product_tag-nals-margreid","14":"product_tag-pepe","15":"product_tag-per-carne","16":"product_tag-vangar","18":"first","19":"instock","20":"shipping-taxable","21":"purchasable","22":"product-type-simple"},"yoast_head":"<!-- This site is optimized with the Yoast SEO plugin v27.4 - https:\/\/yoast.com\/product\/yoast-seo-wordpress\/ -->\n<title>Vangar Merlot Cabernet \u2013 Alto Adige DOC di Nals Margreid - Der Psairer - Speck, Wurst, K\u00e4se<\/title>\n<meta name=\"description\" content=\"Vangar Merlot Cabernet dell&#039;Alto Adige. Elegante cuv\u00e9e di Nals Margreid con aromi di frutti di bosco, tannini speziati e una fine maturazione in barrique.\" \/>\n<meta name=\"robots\" content=\"index, follow, max-snippet:-1, max-image-preview:large, max-video-preview:-1\" \/>\n<link rel=\"canonical\" href=\"https:\/\/derpsairer.it\/it\/produkt\/merlot-cabernet-vangar\/\" \/>\n<meta property=\"og:locale\" content=\"it_IT\" \/>\n<meta property=\"og:type\" content=\"article\" \/>\n<meta property=\"og:title\" content=\"Vangar Merlot Cabernet \u2013 Alto Adige DOC di Nals Margreid - Der Psairer - Speck, Wurst, K\u00e4se\" \/>\n<meta property=\"og:description\" content=\"Vangar Merlot Cabernet dell&#039;Alto Adige. Elegante cuv\u00e9e di Nals Margreid con aromi di frutti di bosco, tannini speziati e una fine maturazione in barrique.\" \/>\n<meta property=\"og:url\" content=\"https:\/\/derpsairer.it\/it\/produkt\/merlot-cabernet-vangar\/\" \/>\n<meta property=\"og:site_name\" content=\"Der Psairer - Speck, Wurst, K\u00e4se\" \/>\n<meta property=\"article:publisher\" content=\"https:\/\/www.facebook.com\/profile.php?id=100063648246860\" \/>\n<meta property=\"article:modified_time\" content=\"2026-01-08T17:24:26+00:00\" \/>\n<meta property=\"og:image\" content=\"https:\/\/derpsairer.it\/wp-22\/wp-content\/uploads\/2021\/08\/Vangar-Nals-Margreid.jpg\" \/>\n\t<meta property=\"og:image:width\" content=\"800\" \/>\n\t<meta property=\"og:image:height\" content=\"800\" \/>\n\t<meta property=\"og:image:type\" content=\"image\/jpeg\" \/>\n<meta name=\"twitter:label1\" content=\"Tempo di lettura stimato\" \/>\n\t<meta name=\"twitter:data1\" content=\"1 minute\" \/>\n<script type=\"application\/ld+json\" class=\"yoast-schema-graph\">{\"@context\":\"https:\\\/\\\/schema.org\",\"@graph\":[{\"@type\":\"WebPage\",\"@id\":\"https:\\\/\\\/derpsairer.it\\\/it\\\/produkt\\\/merlot-cabernet-vangar\\\/\",\"url\":\"https:\\\/\\\/derpsairer.it\\\/it\\\/produkt\\\/merlot-cabernet-vangar\\\/\",\"name\":\"Vangar Merlot Cabernet \u2013 Alto Adige DOC di Nals Margreid - Der Psairer - Speck, Wurst, K\u00e4se\",\"isPartOf\":{\"@id\":\"https:\\\/\\\/derpsairer.it\\\/it\\\/#website\"},\"primaryImageOfPage\":{\"@id\":\"https:\\\/\\\/derpsairer.it\\\/it\\\/produkt\\\/merlot-cabernet-vangar\\\/#primaryimage\"},\"image\":{\"@id\":\"https:\\\/\\\/derpsairer.it\\\/it\\\/produkt\\\/merlot-cabernet-vangar\\\/#primaryimage\"},\"thumbnailUrl\":\"https:\\\/\\\/derpsairer.it\\\/wp-22\\\/wp-content\\\/uploads\\\/2021\\\/08\\\/Vangar-Nals-Margreid.jpg\",\"datePublished\":\"2021-08-31T09:52:05+00:00\",\"dateModified\":\"2026-01-08T17:24:26+00:00\",\"description\":\"Vangar Merlot Cabernet dell'Alto Adige. Elegante cuv\u00e9e di Nals Margreid con aromi di frutti di bosco, tannini speziati e una fine maturazione in barrique.\",\"breadcrumb\":{\"@id\":\"https:\\\/\\\/derpsairer.it\\\/it\\\/produkt\\\/merlot-cabernet-vangar\\\/#breadcrumb\"},\"inLanguage\":\"it-IT\",\"potentialAction\":[{\"@type\":\"ReadAction\",\"target\":[\"https:\\\/\\\/derpsairer.it\\\/it\\\/produkt\\\/merlot-cabernet-vangar\\\/\"]}]},{\"@type\":\"ImageObject\",\"inLanguage\":\"it-IT\",\"@id\":\"https:\\\/\\\/derpsairer.it\\\/it\\\/produkt\\\/merlot-cabernet-vangar\\\/#primaryimage\",\"url\":\"https:\\\/\\\/derpsairer.it\\\/wp-22\\\/wp-content\\\/uploads\\\/2021\\\/08\\\/Vangar-Nals-Margreid.jpg\",\"contentUrl\":\"https:\\\/\\\/derpsairer.it\\\/wp-22\\\/wp-content\\\/uploads\\\/2021\\\/08\\\/Vangar-Nals-Margreid.jpg\",\"width\":800,\"height\":800},{\"@type\":\"BreadcrumbList\",\"@id\":\"https:\\\/\\\/derpsairer.it\\\/it\\\/produkt\\\/merlot-cabernet-vangar\\\/#breadcrumb\",\"itemListElement\":[{\"@type\":\"ListItem\",\"position\":1,\"name\":\"Home\",\"item\":\"https:\\\/\\\/derpsairer.it\\\/it\\\/il-negozio-di-speck-der-psairer\\\/\"},{\"@type\":\"ListItem\",\"position\":2,\"name\":\"Shop\",\"item\":\"https:\\\/\\\/derpsairer.it\\\/shop\\\/\"},{\"@type\":\"ListItem\",\"position\":3,\"name\":\"Vangar \u2013 Merlot Cabernet dalla struttura elegante\"}]},{\"@type\":\"WebSite\",\"@id\":\"https:\\\/\\\/derpsairer.it\\\/it\\\/#website\",\"url\":\"https:\\\/\\\/derpsairer.it\\\/it\\\/\",\"name\":\"Der Psairer - Speck, Wurst, K\u00e4se\",\"description\":\"Speck, Wurst und K\u00e4s aus Passeiertal in S\u00fcdtirol online bestellen.\",\"publisher\":{\"@id\":\"https:\\\/\\\/derpsairer.it\\\/it\\\/#organization\"},\"potentialAction\":[{\"@type\":\"SearchAction\",\"target\":{\"@type\":\"EntryPoint\",\"urlTemplate\":\"https:\\\/\\\/derpsairer.it\\\/it\\\/?s={search_term_string}\"},\"query-input\":{\"@type\":\"PropertyValueSpecification\",\"valueRequired\":true,\"valueName\":\"search_term_string\"}}],\"inLanguage\":\"it-IT\"},{\"@type\":\"Organization\",\"@id\":\"https:\\\/\\\/derpsairer.it\\\/it\\\/#organization\",\"name\":\"Der Psairer - Speck, Wurst, K\u00e4se\",\"url\":\"https:\\\/\\\/derpsairer.it\\\/it\\\/\",\"logo\":{\"@type\":\"ImageObject\",\"inLanguage\":\"it-IT\",\"@id\":\"https:\\\/\\\/derpsairer.it\\\/it\\\/#\\\/schema\\\/logo\\\/image\\\/\",\"url\":\"https:\\\/\\\/derpsairer.it\\\/wp-22\\\/wp-content\\\/uploads\\\/2020\\\/03\\\/DER-PSAIRER-LOGO-2x.png\",\"contentUrl\":\"https:\\\/\\\/derpsairer.it\\\/wp-22\\\/wp-content\\\/uploads\\\/2020\\\/03\\\/DER-PSAIRER-LOGO-2x.png\",\"width\":500,\"height\":500,\"caption\":\"Der Psairer - Speck, Wurst, K\u00e4se\"},\"image\":{\"@id\":\"https:\\\/\\\/derpsairer.it\\\/it\\\/#\\\/schema\\\/logo\\\/image\\\/\"},\"sameAs\":[\"https:\\\/\\\/www.facebook.com\\\/profile.php?id=100063648246860\"]}]}<\/script>\n<!-- \/ Yoast SEO plugin. -->","yoast_head_json":{"title":"Vangar Merlot Cabernet \u2013 Alto Adige DOC di Nals Margreid - Der Psairer - Speck, Wurst, K\u00e4se","description":"Vangar Merlot Cabernet dell'Alto Adige. Elegante cuv\u00e9e di Nals Margreid con aromi di frutti di bosco, tannini speziati e una fine maturazione in barrique.","robots":{"index":"index","follow":"follow","max-snippet":"max-snippet:-1","max-image-preview":"max-image-preview:large","max-video-preview":"max-video-preview:-1"},"canonical":"https:\/\/derpsairer.it\/it\/produkt\/merlot-cabernet-vangar\/","og_locale":"it_IT","og_type":"article","og_title":"Vangar Merlot Cabernet \u2013 Alto Adige DOC di Nals Margreid - Der Psairer - Speck, Wurst, K\u00e4se","og_description":"Vangar Merlot Cabernet dell'Alto Adige. Elegante cuv\u00e9e di Nals Margreid con aromi di frutti di bosco, tannini speziati e una fine maturazione in barrique.","og_url":"https:\/\/derpsairer.it\/it\/produkt\/merlot-cabernet-vangar\/","og_site_name":"Der Psairer - Speck, Wurst, K\u00e4se","article_publisher":"https:\/\/www.facebook.com\/profile.php?id=100063648246860","article_modified_time":"2026-01-08T17:24:26+00:00","og_image":[{"width":800,"height":800,"url":"https:\/\/derpsairer.it\/wp-22\/wp-content\/uploads\/2021\/08\/Vangar-Nals-Margreid.jpg","type":"image\/jpeg"}],"twitter_misc":{"Tempo di lettura stimato":"1 minute"},"schema":{"@context":"https:\/\/schema.org","@graph":[{"@type":"WebPage","@id":"https:\/\/derpsairer.it\/it\/produkt\/merlot-cabernet-vangar\/","url":"https:\/\/derpsairer.it\/it\/produkt\/merlot-cabernet-vangar\/","name":"Vangar Merlot Cabernet \u2013 Alto Adige DOC di Nals Margreid - Der Psairer - Speck, Wurst, K\u00e4se","isPartOf":{"@id":"https:\/\/derpsairer.it\/it\/#website"},"primaryImageOfPage":{"@id":"https:\/\/derpsairer.it\/it\/produkt\/merlot-cabernet-vangar\/#primaryimage"},"image":{"@id":"https:\/\/derpsairer.it\/it\/produkt\/merlot-cabernet-vangar\/#primaryimage"},"thumbnailUrl":"https:\/\/derpsairer.it\/wp-22\/wp-content\/uploads\/2021\/08\/Vangar-Nals-Margreid.jpg","datePublished":"2021-08-31T09:52:05+00:00","dateModified":"2026-01-08T17:24:26+00:00","description":"Vangar Merlot Cabernet dell'Alto Adige. Elegante cuv\u00e9e di Nals Margreid con aromi di frutti di bosco, tannini speziati e una fine maturazione in barrique.","breadcrumb":{"@id":"https:\/\/derpsairer.it\/it\/produkt\/merlot-cabernet-vangar\/#breadcrumb"},"inLanguage":"it-IT","potentialAction":[{"@type":"ReadAction","target":["https:\/\/derpsairer.it\/it\/produkt\/merlot-cabernet-vangar\/"]}]},{"@type":"ImageObject","inLanguage":"it-IT","@id":"https:\/\/derpsairer.it\/it\/produkt\/merlot-cabernet-vangar\/#primaryimage","url":"https:\/\/derpsairer.it\/wp-22\/wp-content\/uploads\/2021\/08\/Vangar-Nals-Margreid.jpg","contentUrl":"https:\/\/derpsairer.it\/wp-22\/wp-content\/uploads\/2021\/08\/Vangar-Nals-Margreid.jpg","width":800,"height":800},{"@type":"BreadcrumbList","@id":"https:\/\/derpsairer.it\/it\/produkt\/merlot-cabernet-vangar\/#breadcrumb","itemListElement":[{"@type":"ListItem","position":1,"name":"Home","item":"https:\/\/derpsairer.it\/it\/il-negozio-di-speck-der-psairer\/"},{"@type":"ListItem","position":2,"name":"Shop","item":"https:\/\/derpsairer.it\/shop\/"},{"@type":"ListItem","position":3,"name":"Vangar \u2013 Merlot Cabernet dalla struttura elegante"}]},{"@type":"WebSite","@id":"https:\/\/derpsairer.it\/it\/#website","url":"https:\/\/derpsairer.it\/it\/","name":"Der Psairer - Speck, Wurst, K\u00e4se","description":"Speck, Wurst und K\u00e4s aus Passeiertal in S\u00fcdtirol online bestellen.","publisher":{"@id":"https:\/\/derpsairer.it\/it\/#organization"},"potentialAction":[{"@type":"SearchAction","target":{"@type":"EntryPoint","urlTemplate":"https:\/\/derpsairer.it\/it\/?s={search_term_string}"},"query-input":{"@type":"PropertyValueSpecification","valueRequired":true,"valueName":"search_term_string"}}],"inLanguage":"it-IT"},{"@type":"Organization","@id":"https:\/\/derpsairer.it\/it\/#organization","name":"Der Psairer - Speck, Wurst, K\u00e4se","url":"https:\/\/derpsairer.it\/it\/","logo":{"@type":"ImageObject","inLanguage":"it-IT","@id":"https:\/\/derpsairer.it\/it\/#\/schema\/logo\/image\/","url":"https:\/\/derpsairer.it\/wp-22\/wp-content\/uploads\/2020\/03\/DER-PSAIRER-LOGO-2x.png","contentUrl":"https:\/\/derpsairer.it\/wp-22\/wp-content\/uploads\/2020\/03\/DER-PSAIRER-LOGO-2x.png","width":500,"height":500,"caption":"Der Psairer - Speck, Wurst, K\u00e4se"},"image":{"@id":"https:\/\/derpsairer.it\/it\/#\/schema\/logo\/image\/"},"sameAs":["https:\/\/www.facebook.com\/profile.php?id=100063648246860"]}]}},"_links":{"self":[{"href":"https:\/\/derpsairer.it\/it\/wp-json\/wp\/v2\/product\/5095","targetHints":{"allow":["GET"]}}],"collection":[{"href":"https:\/\/derpsairer.it\/it\/wp-json\/wp\/v2\/product"}],"about":[{"href":"https:\/\/derpsairer.it\/it\/wp-json\/wp\/v2\/types\/product"}],"wp:featuredmedia":[{"embeddable":true,"href":"https:\/\/derpsairer.it\/it\/wp-json\/wp\/v2\/media\/5097"}],"wp:attachment":[{"href":"https:\/\/derpsairer.it\/it\/wp-json\/wp\/v2\/media?parent=5095"}],"wp:term":[{"taxonomy":"product_brand","embeddable":true,"href":"https:\/\/derpsairer.it\/it\/wp-json\/wp\/v2\/product_brand?post=5095"},{"taxonomy":"product_cat","embeddable":true,"href":"https:\/\/derpsairer.it\/it\/wp-json\/wp\/v2\/product_cat?post=5095"},{"taxonomy":"product_tag","embeddable":true,"href":"https:\/\/derpsairer.it\/it\/wp-json\/wp\/v2\/product_tag?post=5095"}],"curies":[{"name":"wp","href":"https:\/\/api.w.org\/{rel}","templated":true}]}}