{"id":5096,"date":"2021-08-31T10:55:50","date_gmt":"2021-08-31T08:55:50","guid":{"rendered":"https:\/\/derpsairer.it\/produkt\/pinot-grigio-festival\/"},"modified":"2026-01-09T11:50:52","modified_gmt":"2026-01-09T10:50:52","slug":"pinot-grigio-festival","status":"publish","type":"product","link":"https:\/\/derpsairer.it\/it\/produkt\/pinot-grigio-festival\/","title":{"rendered":"Pinot Grigio Festival \u2013 elegante vino bianco dell&#8217;Alto Adige con vivace freschezza"},"content":{"rendered":"<p data-start=\"102\" data-end=\"445\">Il Pinot Grigio &#8220;Festival&#8221; della <span class=\"hover:entity-accent entity-underline inline cursor-pointer align-baseline\"><span class=\"whitespace-normal\">Cantina Merano<\/span><\/span> \u00e8 un classico intramontabile e parte integrante di ogni collezione di vini ben assortita. Cresciuto nei vigneti a bassa quota intorno a Merano e Marlengo, questo Pinot Grigio esprime la sua origine con chiarezza ed eleganza. <\/p>\n<p data-start=\"447\" data-end=\"1096\">Dopo l&#8217;accurata raccolta manuale, le uve vengono sottoposte a una macerazione a freddo di circa dodici ore, pressate delicatamente e fatte fermentare in serbatoi di acciaio inox. La successiva maturazione di cinque mesi sui lieviti fini conferisce al vino ulteriore profondit\u00e0 e armonia. Nel bicchiere, il Festival Pinot Grigio si presenta con un giallo paglierino carico dai riflessi verdognoli. Al naso si sprigionano delicati aromi esotici di banana, accompagnati da fresche note di mela verde. Al palato convince con pienezza armonica, vivace acidit\u00e0 e un finale elegante e persistente. Un vino bianco versatile e di carattere per la vita di tutti i giorni e per i momenti di piacere speciali.     <\/p>\n<p data-start=\"1103\" data-end=\"1133\"><strong data-start=\"1103\" data-end=\"1116\">Cantina:<\/strong><br data-start=\"1116\" data-end=\"1119\">Cantina Merano<\/p>\n<p data-start=\"1135\" data-end=\"1174\"><strong data-start=\"1135\" data-end=\"1148\">Vitigno:<\/strong><br data-start=\"1148\" data-end=\"1151\">Pinot Grigio (Rul\u00e4nder)<\/p>\n<p data-start=\"1176\" data-end=\"1298\"><strong data-start=\"1176\" data-end=\"1197\">Abbinamenti:<\/strong><br data-start=\"1197\" data-end=\"1200\">Antipasti sostanziosi, piatti di pesce saporiti, Schlutzkrapfen, canederli, specialit\u00e0 altoatesine<\/p>\n<p data-start=\"1300\" data-end=\"1448\"><strong data-start=\"1300\" data-end=\"1311\">Vinificazione:<\/strong><br data-start=\"1311\" data-end=\"1314\">Macerazione a freddo per ca. 12 ore<br data-start=\"1347\" data-end=\"1350\">Pressatura soffice<br data-start=\"1368\" data-end=\"1371\">Fermentazione alcolica in serbatoi di acciaio inox<br data-start=\"1407\" data-end=\"1410\">Affinamento sui lieviti fini per 5 mesi<\/p>\n<p data-start=\"1450\" data-end=\"1485\"><strong data-start=\"1450\" data-end=\"1472\">Temperatura di servizio:<\/strong><br data-start=\"1472\" data-end=\"1475\">10 \u2013 12 \u00b0C<\/p>\n<p data-start=\"1487\" data-end=\"1514\"><strong data-start=\"1487\" data-end=\"1505\">Gradazione alcolica:<\/strong><br data-start=\"1505\" data-end=\"1508\">13,5 %<\/p>\n<p data-start=\"1516\" data-end=\"1536\"><strong data-start=\"1516\" data-end=\"1527\">Contenuto:<\/strong><br data-start=\"1527\" data-end=\"1530\">0,75 l<\/p>\n<p data-start=\"1538\" data-end=\"1621\"><strong data-start=\"1538\" data-end=\"1551\">Provenienza:<\/strong><br data-start=\"1551\" data-end=\"1554\">Alto Adige DOC<br data-start=\"1566\" data-end=\"1569\">Zona di coltivazione: Marlengo, Merano<br data-start=\"1596\" data-end=\"1599\">Altitudine: 280 \u2013 350 m<\/p>\n<p data-start=\"1623\" data-end=\"1639\"><strong>Contiene solfiti.<\/strong><\/p>\n","protected":false},"excerpt":{"rendered":"<p>\u2022 Classico Pinot Grigio dell&#8217;Alto Adige<br data-start=\"2219\" data-end=\"2222\">\u2022 Aromi di banana &amp; mela verde<br data-start=\"2256\" data-end=\"2259\">\u2022 Armonico, fresco &amp; vivace<br data-start=\"2290\" data-end=\"2293\">\u2022 Affinato per 5 mesi sui lieviti fini<br data-start=\"2328\" data-end=\"2331\">\u2022 Versatile accompagnamento alla cucina regionale<\/p>\n","protected":false},"featured_media":5098,"template":"","meta":[],"product_brand":[],"product_cat":[188],"product_tag":[3003,3279,308,2941,3044,2586,1865,2322,3043,3329,425],"class_list":{"0":"post-5096","1":"product","2":"type-product","3":"status-publish","4":"has-post-thumbnail","6":"product_cat-vino-distillati","7":"product_tag-acciaio-inox","8":"product_tag-alto-adige-doc","9":"product_tag-aperitivo","10":"product_tag-armonioso","11":"product_tag-banana","12":"product_tag-cantina-merano","13":"product_tag-con-pesce","14":"product_tag-fresco","15":"product_tag-lievito-fine","16":"product_tag-pinot-grigio-festival","17":"product_tag-vino-estivo","19":"first","20":"instock","21":"shipping-taxable","22":"purchasable","23":"product-type-simple"},"yoast_head":"<!-- This site is optimized with the Yoast SEO plugin v27.3 - https:\/\/yoast.com\/product\/yoast-seo-wordpress\/ -->\n<title>Pinot Grigio Festival \u2013 Fresco &amp; armonioso dall&#039;Alto Adige - Der Psairer - Speck, Wurst, K\u00e4se<\/title>\n<meta name=\"description\" content=\"Pinot Grigio Festival dell&#039;Alto Adige DOC. Elegante vino bianco della Cantina Merano con banana, mela verde, vivace acidit\u00e0 e finale delicato.\" \/>\n<meta name=\"robots\" content=\"index, follow, max-snippet:-1, max-image-preview:large, max-video-preview:-1\" \/>\n<link rel=\"canonical\" href=\"https:\/\/derpsairer.it\/it\/produkt\/pinot-grigio-festival\/\" \/>\n<meta property=\"og:locale\" content=\"it_IT\" \/>\n<meta property=\"og:type\" content=\"article\" \/>\n<meta property=\"og:title\" content=\"Pinot Grigio Festival \u2013 Fresco &amp; armonioso dall&#039;Alto Adige - Der Psairer - Speck, Wurst, K\u00e4se\" \/>\n<meta property=\"og:description\" content=\"Pinot Grigio Festival dell&#039;Alto Adige DOC. Elegante vino bianco della Cantina Merano con banana, mela verde, vivace acidit\u00e0 e finale delicato.\" \/>\n<meta property=\"og:url\" content=\"https:\/\/derpsairer.it\/it\/produkt\/pinot-grigio-festival\/\" \/>\n<meta property=\"og:site_name\" content=\"Der Psairer - Speck, Wurst, K\u00e4se\" \/>\n<meta property=\"article:publisher\" content=\"https:\/\/www.facebook.com\/profile.php?id=100063648246860\" \/>\n<meta property=\"article:modified_time\" content=\"2026-01-09T10:50:52+00:00\" \/>\n<meta property=\"og:image\" content=\"https:\/\/derpsairer.it\/wp-22\/wp-content\/uploads\/2021\/08\/Pinot-Grigio-Festival.jpg\" \/>\n\t<meta property=\"og:image:width\" content=\"800\" \/>\n\t<meta property=\"og:image:height\" content=\"800\" \/>\n\t<meta property=\"og:image:type\" content=\"image\/jpeg\" \/>\n<meta name=\"twitter:label1\" content=\"Tempo di lettura stimato\" \/>\n\t<meta name=\"twitter:data1\" content=\"1 minute\" \/>\n<script type=\"application\/ld+json\" class=\"yoast-schema-graph\">{\"@context\":\"https:\\\/\\\/schema.org\",\"@graph\":[{\"@type\":\"WebPage\",\"@id\":\"https:\\\/\\\/derpsairer.it\\\/it\\\/produkt\\\/pinot-grigio-festival\\\/\",\"url\":\"https:\\\/\\\/derpsairer.it\\\/it\\\/produkt\\\/pinot-grigio-festival\\\/\",\"name\":\"Pinot Grigio Festival \u2013 Fresco & armonioso dall'Alto Adige - Der Psairer - Speck, Wurst, K\u00e4se\",\"isPartOf\":{\"@id\":\"https:\\\/\\\/derpsairer.it\\\/it\\\/#website\"},\"primaryImageOfPage\":{\"@id\":\"https:\\\/\\\/derpsairer.it\\\/it\\\/produkt\\\/pinot-grigio-festival\\\/#primaryimage\"},\"image\":{\"@id\":\"https:\\\/\\\/derpsairer.it\\\/it\\\/produkt\\\/pinot-grigio-festival\\\/#primaryimage\"},\"thumbnailUrl\":\"https:\\\/\\\/derpsairer.it\\\/wp-22\\\/wp-content\\\/uploads\\\/2021\\\/08\\\/Pinot-Grigio-Festival.jpg\",\"datePublished\":\"2021-08-31T08:55:50+00:00\",\"dateModified\":\"2026-01-09T10:50:52+00:00\",\"description\":\"Pinot Grigio Festival dell'Alto Adige DOC. Elegante vino bianco della Cantina Merano con banana, mela verde, vivace acidit\u00e0 e finale delicato.\",\"breadcrumb\":{\"@id\":\"https:\\\/\\\/derpsairer.it\\\/it\\\/produkt\\\/pinot-grigio-festival\\\/#breadcrumb\"},\"inLanguage\":\"it-IT\",\"potentialAction\":[{\"@type\":\"ReadAction\",\"target\":[\"https:\\\/\\\/derpsairer.it\\\/it\\\/produkt\\\/pinot-grigio-festival\\\/\"]}]},{\"@type\":\"ImageObject\",\"inLanguage\":\"it-IT\",\"@id\":\"https:\\\/\\\/derpsairer.it\\\/it\\\/produkt\\\/pinot-grigio-festival\\\/#primaryimage\",\"url\":\"https:\\\/\\\/derpsairer.it\\\/wp-22\\\/wp-content\\\/uploads\\\/2021\\\/08\\\/Pinot-Grigio-Festival.jpg\",\"contentUrl\":\"https:\\\/\\\/derpsairer.it\\\/wp-22\\\/wp-content\\\/uploads\\\/2021\\\/08\\\/Pinot-Grigio-Festival.jpg\",\"width\":800,\"height\":800},{\"@type\":\"BreadcrumbList\",\"@id\":\"https:\\\/\\\/derpsairer.it\\\/it\\\/produkt\\\/pinot-grigio-festival\\\/#breadcrumb\",\"itemListElement\":[{\"@type\":\"ListItem\",\"position\":1,\"name\":\"Home\",\"item\":\"https:\\\/\\\/derpsairer.it\\\/it\\\/il-negozio-di-speck-der-psairer\\\/\"},{\"@type\":\"ListItem\",\"position\":2,\"name\":\"Shop\",\"item\":\"https:\\\/\\\/derpsairer.it\\\/shop\\\/\"},{\"@type\":\"ListItem\",\"position\":3,\"name\":\"Pinot Grigio Festival \u2013 elegante vino bianco dell&#8217;Alto Adige con vivace freschezza\"}]},{\"@type\":\"WebSite\",\"@id\":\"https:\\\/\\\/derpsairer.it\\\/it\\\/#website\",\"url\":\"https:\\\/\\\/derpsairer.it\\\/it\\\/\",\"name\":\"Der Psairer - Speck, Wurst, K\u00e4se\",\"description\":\"Speck, Wurst und K\u00e4s aus Passeiertal in S\u00fcdtirol online bestellen.\",\"publisher\":{\"@id\":\"https:\\\/\\\/derpsairer.it\\\/it\\\/#organization\"},\"potentialAction\":[{\"@type\":\"SearchAction\",\"target\":{\"@type\":\"EntryPoint\",\"urlTemplate\":\"https:\\\/\\\/derpsairer.it\\\/it\\\/?s={search_term_string}\"},\"query-input\":{\"@type\":\"PropertyValueSpecification\",\"valueRequired\":true,\"valueName\":\"search_term_string\"}}],\"inLanguage\":\"it-IT\"},{\"@type\":\"Organization\",\"@id\":\"https:\\\/\\\/derpsairer.it\\\/it\\\/#organization\",\"name\":\"Der Psairer - Speck, Wurst, K\u00e4se\",\"url\":\"https:\\\/\\\/derpsairer.it\\\/it\\\/\",\"logo\":{\"@type\":\"ImageObject\",\"inLanguage\":\"it-IT\",\"@id\":\"https:\\\/\\\/derpsairer.it\\\/it\\\/#\\\/schema\\\/logo\\\/image\\\/\",\"url\":\"https:\\\/\\\/derpsairer.it\\\/wp-22\\\/wp-content\\\/uploads\\\/2020\\\/03\\\/DER-PSAIRER-LOGO-2x.png\",\"contentUrl\":\"https:\\\/\\\/derpsairer.it\\\/wp-22\\\/wp-content\\\/uploads\\\/2020\\\/03\\\/DER-PSAIRER-LOGO-2x.png\",\"width\":500,\"height\":500,\"caption\":\"Der Psairer - Speck, Wurst, K\u00e4se\"},\"image\":{\"@id\":\"https:\\\/\\\/derpsairer.it\\\/it\\\/#\\\/schema\\\/logo\\\/image\\\/\"},\"sameAs\":[\"https:\\\/\\\/www.facebook.com\\\/profile.php?id=100063648246860\"]}]}<\/script>\n<!-- \/ Yoast SEO plugin. -->","yoast_head_json":{"title":"Pinot Grigio Festival \u2013 Fresco & armonioso dall'Alto Adige - Der Psairer - Speck, Wurst, K\u00e4se","description":"Pinot Grigio Festival dell'Alto Adige DOC. Elegante vino bianco della Cantina Merano con banana, mela verde, vivace acidit\u00e0 e finale delicato.","robots":{"index":"index","follow":"follow","max-snippet":"max-snippet:-1","max-image-preview":"max-image-preview:large","max-video-preview":"max-video-preview:-1"},"canonical":"https:\/\/derpsairer.it\/it\/produkt\/pinot-grigio-festival\/","og_locale":"it_IT","og_type":"article","og_title":"Pinot Grigio Festival \u2013 Fresco & armonioso dall'Alto Adige - Der Psairer - Speck, Wurst, K\u00e4se","og_description":"Pinot Grigio Festival dell'Alto Adige DOC. Elegante vino bianco della Cantina Merano con banana, mela verde, vivace acidit\u00e0 e finale delicato.","og_url":"https:\/\/derpsairer.it\/it\/produkt\/pinot-grigio-festival\/","og_site_name":"Der Psairer - Speck, Wurst, K\u00e4se","article_publisher":"https:\/\/www.facebook.com\/profile.php?id=100063648246860","article_modified_time":"2026-01-09T10:50:52+00:00","og_image":[{"width":800,"height":800,"url":"https:\/\/derpsairer.it\/wp-22\/wp-content\/uploads\/2021\/08\/Pinot-Grigio-Festival.jpg","type":"image\/jpeg"}],"twitter_misc":{"Tempo di lettura stimato":"1 minute"},"schema":{"@context":"https:\/\/schema.org","@graph":[{"@type":"WebPage","@id":"https:\/\/derpsairer.it\/it\/produkt\/pinot-grigio-festival\/","url":"https:\/\/derpsairer.it\/it\/produkt\/pinot-grigio-festival\/","name":"Pinot Grigio Festival \u2013 Fresco & armonioso dall'Alto Adige - Der Psairer - Speck, Wurst, K\u00e4se","isPartOf":{"@id":"https:\/\/derpsairer.it\/it\/#website"},"primaryImageOfPage":{"@id":"https:\/\/derpsairer.it\/it\/produkt\/pinot-grigio-festival\/#primaryimage"},"image":{"@id":"https:\/\/derpsairer.it\/it\/produkt\/pinot-grigio-festival\/#primaryimage"},"thumbnailUrl":"https:\/\/derpsairer.it\/wp-22\/wp-content\/uploads\/2021\/08\/Pinot-Grigio-Festival.jpg","datePublished":"2021-08-31T08:55:50+00:00","dateModified":"2026-01-09T10:50:52+00:00","description":"Pinot Grigio Festival dell'Alto Adige DOC. Elegante vino bianco della Cantina Merano con banana, mela verde, vivace acidit\u00e0 e finale delicato.","breadcrumb":{"@id":"https:\/\/derpsairer.it\/it\/produkt\/pinot-grigio-festival\/#breadcrumb"},"inLanguage":"it-IT","potentialAction":[{"@type":"ReadAction","target":["https:\/\/derpsairer.it\/it\/produkt\/pinot-grigio-festival\/"]}]},{"@type":"ImageObject","inLanguage":"it-IT","@id":"https:\/\/derpsairer.it\/it\/produkt\/pinot-grigio-festival\/#primaryimage","url":"https:\/\/derpsairer.it\/wp-22\/wp-content\/uploads\/2021\/08\/Pinot-Grigio-Festival.jpg","contentUrl":"https:\/\/derpsairer.it\/wp-22\/wp-content\/uploads\/2021\/08\/Pinot-Grigio-Festival.jpg","width":800,"height":800},{"@type":"BreadcrumbList","@id":"https:\/\/derpsairer.it\/it\/produkt\/pinot-grigio-festival\/#breadcrumb","itemListElement":[{"@type":"ListItem","position":1,"name":"Home","item":"https:\/\/derpsairer.it\/it\/il-negozio-di-speck-der-psairer\/"},{"@type":"ListItem","position":2,"name":"Shop","item":"https:\/\/derpsairer.it\/shop\/"},{"@type":"ListItem","position":3,"name":"Pinot Grigio Festival \u2013 elegante vino bianco dell&#8217;Alto Adige con vivace freschezza"}]},{"@type":"WebSite","@id":"https:\/\/derpsairer.it\/it\/#website","url":"https:\/\/derpsairer.it\/it\/","name":"Der Psairer - Speck, Wurst, K\u00e4se","description":"Speck, Wurst und K\u00e4s aus Passeiertal in S\u00fcdtirol online bestellen.","publisher":{"@id":"https:\/\/derpsairer.it\/it\/#organization"},"potentialAction":[{"@type":"SearchAction","target":{"@type":"EntryPoint","urlTemplate":"https:\/\/derpsairer.it\/it\/?s={search_term_string}"},"query-input":{"@type":"PropertyValueSpecification","valueRequired":true,"valueName":"search_term_string"}}],"inLanguage":"it-IT"},{"@type":"Organization","@id":"https:\/\/derpsairer.it\/it\/#organization","name":"Der Psairer - Speck, Wurst, K\u00e4se","url":"https:\/\/derpsairer.it\/it\/","logo":{"@type":"ImageObject","inLanguage":"it-IT","@id":"https:\/\/derpsairer.it\/it\/#\/schema\/logo\/image\/","url":"https:\/\/derpsairer.it\/wp-22\/wp-content\/uploads\/2020\/03\/DER-PSAIRER-LOGO-2x.png","contentUrl":"https:\/\/derpsairer.it\/wp-22\/wp-content\/uploads\/2020\/03\/DER-PSAIRER-LOGO-2x.png","width":500,"height":500,"caption":"Der Psairer - Speck, Wurst, K\u00e4se"},"image":{"@id":"https:\/\/derpsairer.it\/it\/#\/schema\/logo\/image\/"},"sameAs":["https:\/\/www.facebook.com\/profile.php?id=100063648246860"]}]}},"_links":{"self":[{"href":"https:\/\/derpsairer.it\/it\/wp-json\/wp\/v2\/product\/5096","targetHints":{"allow":["GET"]}}],"collection":[{"href":"https:\/\/derpsairer.it\/it\/wp-json\/wp\/v2\/product"}],"about":[{"href":"https:\/\/derpsairer.it\/it\/wp-json\/wp\/v2\/types\/product"}],"wp:featuredmedia":[{"embeddable":true,"href":"https:\/\/derpsairer.it\/it\/wp-json\/wp\/v2\/media\/5098"}],"wp:attachment":[{"href":"https:\/\/derpsairer.it\/it\/wp-json\/wp\/v2\/media?parent=5096"}],"wp:term":[{"taxonomy":"product_brand","embeddable":true,"href":"https:\/\/derpsairer.it\/it\/wp-json\/wp\/v2\/product_brand?post=5096"},{"taxonomy":"product_cat","embeddable":true,"href":"https:\/\/derpsairer.it\/it\/wp-json\/wp\/v2\/product_cat?post=5096"},{"taxonomy":"product_tag","embeddable":true,"href":"https:\/\/derpsairer.it\/it\/wp-json\/wp\/v2\/product_tag?post=5096"}],"curies":[{"name":"wp","href":"https:\/\/api.w.org\/{rel}","templated":true}]}}