{"id":5099,"date":"2021-08-31T11:46:58","date_gmt":"2021-08-31T09:46:58","guid":{"rendered":"https:\/\/derpsairer.it\/produkt\/st-magdalener-rieser\/"},"modified":"2026-01-09T09:57:04","modified_gmt":"2026-01-09T08:57:04","slug":"st-magdalener-rieser","status":"publish","type":"product","link":"https:\/\/derpsairer.it\/it\/produkt\/st-magdalener-rieser\/","title":{"rendered":"St. Magdalener Rieser \u2013 Classico dell&#8217;Alto Adige vino rosso"},"content":{"rendered":"<p data-start=\"72\" data-end=\"802\">Il St. Magdalener &#8220;Rieser&#8221; della cantina Nals Margreid \u00e8 un esempio perfetto di autentico vino rosso dell&#8217;Alto Adige. Coltivato sui ripidi pendii di Santa Maddalena vicino a Bolzano, riflette la sua origine con grande chiarezza. Nel bicchiere brilla di un rosso rubino intenso. Il bouquet \u00e8 caratterizzato da ciliegie, ribes e lamponi, accompagnati dalla tipica nota di mandorla amara. Al palato il vino si presenta fruttato e fresco, con tannini speziati e finemente intrecciati e una piacevole leggerezza. L&#8217;affinamento in acciaio inox e in grandi botti di legno gli conferisce armonia e bevibilit\u00e0. Un classico St. Magdalener, che si abbina perfettamente alla cucina regionale e ai piatti tradizionali.      <\/p>\n<p data-start=\"804\" data-end=\"829\"><strong>Cantina:<\/strong><br data-start=\"813\" data-end=\"816\">Nals Margreid<\/p>\n<p data-start=\"831\" data-end=\"872\"><strong>Vitigno:<\/strong><br data-start=\"840\" data-end=\"843\">90% Schiava<br data-start=\"857\" data-end=\"860\">10% Lagrein<\/p>\n<p data-start=\"874\" data-end=\"976\"><strong>Abbinamenti:<\/strong><br data-start=\"891\" data-end=\"894\">Arrosto di vitello, trippa con patate, cucina regionale sudtirolese, carne rossa<\/p>\n<p data-start=\"978\" data-end=\"1081\"><strong>Affinamento:<\/strong><br data-start=\"985\" data-end=\"988\">Fermentazione sulle bucce in acciaio<br data-start=\"1014\" data-end=\"1017\">Fermentazione malolattica<br data-start=\"1040\" data-end=\"1043\">Maturazione per 7 mesi in botti di legno da 80 hl<\/p>\n<p data-start=\"1083\" data-end=\"1114\"><strong>Temperatura di servizio:<\/strong><br data-start=\"1101\" data-end=\"1104\">14 \u2013 16 \u00b0C<\/p>\n<p data-start=\"1116\" data-end=\"1139\"><strong>Gradazione alcolica:<\/strong><br data-start=\"1130\" data-end=\"1133\">13,0 %<\/p>\n<p data-start=\"1141\" data-end=\"1157\"><strong>Contenuto:<\/strong><br data-start=\"1148\" data-end=\"1151\">0,75 l<\/p>\n<p data-start=\"1159\" data-end=\"1247\"><strong>Provenienza:<\/strong><br data-start=\"1168\" data-end=\"1171\">Alto Adige DOC<br data-start=\"1183\" data-end=\"1186\">Zona di coltivazione: Santa Maddalena vicino a Bolzano<br data-start=\"1222\" data-end=\"1225\">Altitudine: 250 \u2013 350 m<\/p>\n<p data-start=\"1249\" data-end=\"1265\"><strong>Contiene solfiti.<\/strong><\/p>\n","protected":false},"excerpt":{"rendered":"<p>\u2022 Rosso rubino brillante<br data-start=\"1811\" data-end=\"1814\">\u2022 Aromi di ciliegia e frutti di bosco<br data-start=\"1845\" data-end=\"1848\">\u2022 Tipica nota di mandorla amara<br data-start=\"1875\" data-end=\"1878\">\u2022 Fresco e armonioso<br data-start=\"1901\" data-end=\"1904\">\u2022 Ideale con la cucina regionale<\/p>\n","protected":false},"featured_media":5640,"template":"","meta":[],"product_brand":[],"product_cat":[188],"product_tag":[3279,2128,2563,2637,2770,3929,3923,1391,3223,2876,1442],"class_list":{"0":"post-5099","1":"product","2":"type-product","3":"status-publish","4":"has-post-thumbnail","6":"product_cat-vino-distillati","7":"product_tag-alto-adige-doc","8":"product_tag-bacche","9":"product_tag-botte-di-legno","10":"product_tag-ciliegia","11":"product_tag-classico","12":"product_tag-con-piatti-tradizionali","13":"product_tag-facile-da-bere","14":"product_tag-lagrein","15":"product_tag-nals-margreid","16":"product_tag-nota-di-mandorla","17":"product_tag-vernatsch","19":"first","20":"instock","21":"taxable","22":"shipping-taxable","23":"purchasable","24":"product-type-simple"},"yoast_head":"<!-- This site is optimized with the Yoast SEO plugin v27.5 - https:\/\/yoast.com\/product\/yoast-seo-wordpress\/ -->\n<title>St. Magdalener Rieser \u2013 Classico &amp; fruttato dall&#039;Alto Adige - Der Psairer - Speck, Wurst, K\u00e4se<\/title>\n<meta name=\"description\" content=\"St. Magdalener Rieser \u2013 fruttato &amp; leggero con aromi di ciliegie &amp; bacche. Vernatsch altoatesino con la tipica nota di mandorla amara.\" \/>\n<meta name=\"robots\" content=\"index, follow, max-snippet:-1, max-image-preview:large, max-video-preview:-1\" \/>\n<link rel=\"canonical\" href=\"https:\/\/derpsairer.it\/it\/produkt\/st-magdalener-rieser\/\" \/>\n<meta property=\"og:locale\" content=\"it_IT\" \/>\n<meta property=\"og:type\" content=\"article\" \/>\n<meta property=\"og:title\" content=\"St. Magdalener Rieser \u2013 Classico &amp; fruttato dall&#039;Alto Adige - Der Psairer - Speck, Wurst, K\u00e4se\" \/>\n<meta property=\"og:description\" content=\"St. Magdalener Rieser \u2013 fruttato &amp; leggero con aromi di ciliegie &amp; bacche. Vernatsch altoatesino con la tipica nota di mandorla amara.\" \/>\n<meta property=\"og:url\" content=\"https:\/\/derpsairer.it\/it\/produkt\/st-magdalener-rieser\/\" \/>\n<meta property=\"og:site_name\" content=\"Der Psairer - Speck, Wurst, K\u00e4se\" \/>\n<meta property=\"article:publisher\" content=\"https:\/\/www.facebook.com\/profile.php?id=100063648246860\" \/>\n<meta property=\"article:modified_time\" content=\"2026-01-09T08:57:04+00:00\" \/>\n<meta property=\"og:image\" content=\"https:\/\/derpsairer.it\/wp-22\/wp-content\/uploads\/2021\/08\/St.jpg\" \/>\n\t<meta property=\"og:image:width\" content=\"800\" \/>\n\t<meta property=\"og:image:height\" content=\"800\" \/>\n\t<meta property=\"og:image:type\" content=\"image\/jpeg\" \/>\n<meta name=\"twitter:label1\" content=\"Tempo di lettura stimato\" \/>\n\t<meta name=\"twitter:data1\" content=\"1 minute\" \/>\n<script type=\"application\/ld+json\" class=\"yoast-schema-graph\">{\"@context\":\"https:\\\/\\\/schema.org\",\"@graph\":[{\"@type\":\"WebPage\",\"@id\":\"https:\\\/\\\/derpsairer.it\\\/it\\\/produkt\\\/st-magdalener-rieser\\\/\",\"url\":\"https:\\\/\\\/derpsairer.it\\\/it\\\/produkt\\\/st-magdalener-rieser\\\/\",\"name\":\"St. Magdalener Rieser \u2013 Classico & fruttato dall'Alto Adige - Der Psairer - Speck, Wurst, K\u00e4se\",\"isPartOf\":{\"@id\":\"https:\\\/\\\/derpsairer.it\\\/it\\\/#website\"},\"primaryImageOfPage\":{\"@id\":\"https:\\\/\\\/derpsairer.it\\\/it\\\/produkt\\\/st-magdalener-rieser\\\/#primaryimage\"},\"image\":{\"@id\":\"https:\\\/\\\/derpsairer.it\\\/it\\\/produkt\\\/st-magdalener-rieser\\\/#primaryimage\"},\"thumbnailUrl\":\"https:\\\/\\\/derpsairer.it\\\/wp-22\\\/wp-content\\\/uploads\\\/2021\\\/08\\\/St.jpg\",\"datePublished\":\"2021-08-31T09:46:58+00:00\",\"dateModified\":\"2026-01-09T08:57:04+00:00\",\"description\":\"St. Magdalener Rieser \u2013 fruttato & leggero con aromi di ciliegie & bacche. Vernatsch altoatesino con la tipica nota di mandorla amara.\",\"breadcrumb\":{\"@id\":\"https:\\\/\\\/derpsairer.it\\\/it\\\/produkt\\\/st-magdalener-rieser\\\/#breadcrumb\"},\"inLanguage\":\"it-IT\",\"potentialAction\":[{\"@type\":\"ReadAction\",\"target\":[\"https:\\\/\\\/derpsairer.it\\\/it\\\/produkt\\\/st-magdalener-rieser\\\/\"]}]},{\"@type\":\"ImageObject\",\"inLanguage\":\"it-IT\",\"@id\":\"https:\\\/\\\/derpsairer.it\\\/it\\\/produkt\\\/st-magdalener-rieser\\\/#primaryimage\",\"url\":\"https:\\\/\\\/derpsairer.it\\\/wp-22\\\/wp-content\\\/uploads\\\/2021\\\/08\\\/St.jpg\",\"contentUrl\":\"https:\\\/\\\/derpsairer.it\\\/wp-22\\\/wp-content\\\/uploads\\\/2021\\\/08\\\/St.jpg\",\"width\":800,\"height\":800},{\"@type\":\"BreadcrumbList\",\"@id\":\"https:\\\/\\\/derpsairer.it\\\/it\\\/produkt\\\/st-magdalener-rieser\\\/#breadcrumb\",\"itemListElement\":[{\"@type\":\"ListItem\",\"position\":1,\"name\":\"Home\",\"item\":\"https:\\\/\\\/derpsairer.it\\\/it\\\/il-negozio-di-speck-der-psairer\\\/\"},{\"@type\":\"ListItem\",\"position\":2,\"name\":\"Shop\",\"item\":\"https:\\\/\\\/derpsairer.it\\\/shop\\\/\"},{\"@type\":\"ListItem\",\"position\":3,\"name\":\"St. Magdalener Rieser \u2013 Classico dell&#8217;Alto Adige vino rosso\"}]},{\"@type\":\"WebSite\",\"@id\":\"https:\\\/\\\/derpsairer.it\\\/it\\\/#website\",\"url\":\"https:\\\/\\\/derpsairer.it\\\/it\\\/\",\"name\":\"Der Psairer - Speck, Wurst, K\u00e4se\",\"description\":\"Speck, Wurst und K\u00e4s aus Passeiertal in S\u00fcdtirol online bestellen.\",\"publisher\":{\"@id\":\"https:\\\/\\\/derpsairer.it\\\/it\\\/#organization\"},\"potentialAction\":[{\"@type\":\"SearchAction\",\"target\":{\"@type\":\"EntryPoint\",\"urlTemplate\":\"https:\\\/\\\/derpsairer.it\\\/it\\\/?s={search_term_string}\"},\"query-input\":{\"@type\":\"PropertyValueSpecification\",\"valueRequired\":true,\"valueName\":\"search_term_string\"}}],\"inLanguage\":\"it-IT\"},{\"@type\":\"Organization\",\"@id\":\"https:\\\/\\\/derpsairer.it\\\/it\\\/#organization\",\"name\":\"Der Psairer - Speck, Wurst, K\u00e4se\",\"url\":\"https:\\\/\\\/derpsairer.it\\\/it\\\/\",\"logo\":{\"@type\":\"ImageObject\",\"inLanguage\":\"it-IT\",\"@id\":\"https:\\\/\\\/derpsairer.it\\\/it\\\/#\\\/schema\\\/logo\\\/image\\\/\",\"url\":\"https:\\\/\\\/derpsairer.it\\\/wp-22\\\/wp-content\\\/uploads\\\/2020\\\/03\\\/DER-PSAIRER-LOGO-2x.png\",\"contentUrl\":\"https:\\\/\\\/derpsairer.it\\\/wp-22\\\/wp-content\\\/uploads\\\/2020\\\/03\\\/DER-PSAIRER-LOGO-2x.png\",\"width\":500,\"height\":500,\"caption\":\"Der Psairer - Speck, Wurst, K\u00e4se\"},\"image\":{\"@id\":\"https:\\\/\\\/derpsairer.it\\\/it\\\/#\\\/schema\\\/logo\\\/image\\\/\"},\"sameAs\":[\"https:\\\/\\\/www.facebook.com\\\/profile.php?id=100063648246860\"]}]}<\/script>\n<!-- \/ Yoast SEO plugin. -->","yoast_head_json":{"title":"St. Magdalener Rieser \u2013 Classico & fruttato dall'Alto Adige - Der Psairer - Speck, Wurst, K\u00e4se","description":"St. Magdalener Rieser \u2013 fruttato & leggero con aromi di ciliegie & bacche. Vernatsch altoatesino con la tipica nota di mandorla amara.","robots":{"index":"index","follow":"follow","max-snippet":"max-snippet:-1","max-image-preview":"max-image-preview:large","max-video-preview":"max-video-preview:-1"},"canonical":"https:\/\/derpsairer.it\/it\/produkt\/st-magdalener-rieser\/","og_locale":"it_IT","og_type":"article","og_title":"St. Magdalener Rieser \u2013 Classico & fruttato dall'Alto Adige - Der Psairer - Speck, Wurst, K\u00e4se","og_description":"St. Magdalener Rieser \u2013 fruttato & leggero con aromi di ciliegie & bacche. Vernatsch altoatesino con la tipica nota di mandorla amara.","og_url":"https:\/\/derpsairer.it\/it\/produkt\/st-magdalener-rieser\/","og_site_name":"Der Psairer - Speck, Wurst, K\u00e4se","article_publisher":"https:\/\/www.facebook.com\/profile.php?id=100063648246860","article_modified_time":"2026-01-09T08:57:04+00:00","og_image":[{"width":800,"height":800,"url":"https:\/\/derpsairer.it\/wp-22\/wp-content\/uploads\/2021\/08\/St.jpg","type":"image\/jpeg"}],"twitter_misc":{"Tempo di lettura stimato":"1 minute"},"schema":{"@context":"https:\/\/schema.org","@graph":[{"@type":"WebPage","@id":"https:\/\/derpsairer.it\/it\/produkt\/st-magdalener-rieser\/","url":"https:\/\/derpsairer.it\/it\/produkt\/st-magdalener-rieser\/","name":"St. Magdalener Rieser \u2013 Classico & fruttato dall'Alto Adige - Der Psairer - Speck, Wurst, K\u00e4se","isPartOf":{"@id":"https:\/\/derpsairer.it\/it\/#website"},"primaryImageOfPage":{"@id":"https:\/\/derpsairer.it\/it\/produkt\/st-magdalener-rieser\/#primaryimage"},"image":{"@id":"https:\/\/derpsairer.it\/it\/produkt\/st-magdalener-rieser\/#primaryimage"},"thumbnailUrl":"https:\/\/derpsairer.it\/wp-22\/wp-content\/uploads\/2021\/08\/St.jpg","datePublished":"2021-08-31T09:46:58+00:00","dateModified":"2026-01-09T08:57:04+00:00","description":"St. Magdalener Rieser \u2013 fruttato & leggero con aromi di ciliegie & bacche. Vernatsch altoatesino con la tipica nota di mandorla amara.","breadcrumb":{"@id":"https:\/\/derpsairer.it\/it\/produkt\/st-magdalener-rieser\/#breadcrumb"},"inLanguage":"it-IT","potentialAction":[{"@type":"ReadAction","target":["https:\/\/derpsairer.it\/it\/produkt\/st-magdalener-rieser\/"]}]},{"@type":"ImageObject","inLanguage":"it-IT","@id":"https:\/\/derpsairer.it\/it\/produkt\/st-magdalener-rieser\/#primaryimage","url":"https:\/\/derpsairer.it\/wp-22\/wp-content\/uploads\/2021\/08\/St.jpg","contentUrl":"https:\/\/derpsairer.it\/wp-22\/wp-content\/uploads\/2021\/08\/St.jpg","width":800,"height":800},{"@type":"BreadcrumbList","@id":"https:\/\/derpsairer.it\/it\/produkt\/st-magdalener-rieser\/#breadcrumb","itemListElement":[{"@type":"ListItem","position":1,"name":"Home","item":"https:\/\/derpsairer.it\/it\/il-negozio-di-speck-der-psairer\/"},{"@type":"ListItem","position":2,"name":"Shop","item":"https:\/\/derpsairer.it\/shop\/"},{"@type":"ListItem","position":3,"name":"St. Magdalener Rieser \u2013 Classico dell&#8217;Alto Adige vino rosso"}]},{"@type":"WebSite","@id":"https:\/\/derpsairer.it\/it\/#website","url":"https:\/\/derpsairer.it\/it\/","name":"Der Psairer - Speck, Wurst, K\u00e4se","description":"Speck, Wurst und K\u00e4s aus Passeiertal in S\u00fcdtirol online bestellen.","publisher":{"@id":"https:\/\/derpsairer.it\/it\/#organization"},"potentialAction":[{"@type":"SearchAction","target":{"@type":"EntryPoint","urlTemplate":"https:\/\/derpsairer.it\/it\/?s={search_term_string}"},"query-input":{"@type":"PropertyValueSpecification","valueRequired":true,"valueName":"search_term_string"}}],"inLanguage":"it-IT"},{"@type":"Organization","@id":"https:\/\/derpsairer.it\/it\/#organization","name":"Der Psairer - Speck, Wurst, K\u00e4se","url":"https:\/\/derpsairer.it\/it\/","logo":{"@type":"ImageObject","inLanguage":"it-IT","@id":"https:\/\/derpsairer.it\/it\/#\/schema\/logo\/image\/","url":"https:\/\/derpsairer.it\/wp-22\/wp-content\/uploads\/2020\/03\/DER-PSAIRER-LOGO-2x.png","contentUrl":"https:\/\/derpsairer.it\/wp-22\/wp-content\/uploads\/2020\/03\/DER-PSAIRER-LOGO-2x.png","width":500,"height":500,"caption":"Der Psairer - Speck, Wurst, K\u00e4se"},"image":{"@id":"https:\/\/derpsairer.it\/it\/#\/schema\/logo\/image\/"},"sameAs":["https:\/\/www.facebook.com\/profile.php?id=100063648246860"]}]}},"_links":{"self":[{"href":"https:\/\/derpsairer.it\/it\/wp-json\/wp\/v2\/product\/5099","targetHints":{"allow":["GET"]}}],"collection":[{"href":"https:\/\/derpsairer.it\/it\/wp-json\/wp\/v2\/product"}],"about":[{"href":"https:\/\/derpsairer.it\/it\/wp-json\/wp\/v2\/types\/product"}],"wp:featuredmedia":[{"embeddable":true,"href":"https:\/\/derpsairer.it\/it\/wp-json\/wp\/v2\/media\/5640"}],"wp:attachment":[{"href":"https:\/\/derpsairer.it\/it\/wp-json\/wp\/v2\/media?parent=5099"}],"wp:term":[{"taxonomy":"product_brand","embeddable":true,"href":"https:\/\/derpsairer.it\/it\/wp-json\/wp\/v2\/product_brand?post=5099"},{"taxonomy":"product_cat","embeddable":true,"href":"https:\/\/derpsairer.it\/it\/wp-json\/wp\/v2\/product_cat?post=5099"},{"taxonomy":"product_tag","embeddable":true,"href":"https:\/\/derpsairer.it\/it\/wp-json\/wp\/v2\/product_tag?post=5099"}],"curies":[{"name":"wp","href":"https:\/\/api.w.org\/{rel}","templated":true}]}}