{"id":5104,"date":"2021-08-31T11:44:04","date_gmt":"2021-08-31T09:44:04","guid":{"rendered":"https:\/\/derpsairer.it\/produkt\/merlot-levad\/"},"modified":"2026-01-09T11:34:37","modified_gmt":"2026-01-09T10:34:37","slug":"merlot-levad","status":"publish","type":"product","link":"https:\/\/derpsairer.it\/it\/produkt\/merlot-levad\/","title":{"rendered":"Merlot Levad \u2013 Merlot altoatesino di Nals Margreid, potente ed elegante"},"content":{"rendered":"<p data-start=\"97\" data-end=\"523\">Il Merlot &#8220;Levad&#8221; di <span class=\"hover:entity-accent entity-underline inline cursor-pointer align-baseline\"><span class=\"whitespace-normal\">Nals Margreid<\/span><\/span> rappresenta il perfetto equilibrio tra eleganza e potenza. Maturato nei vigneti soleggiati del sud dell&#8217;Alto Adige, questo Merlot in purezza si presenta in un colore rosso rubino intenso. Al naso si sprigionano aromi intensi di frutti di bosco scuri, ciliegie mature e fini note speziate, accompagnati da un accenno di liquirizia.  <\/p>\n<p data-start=\"525\" data-end=\"916\">Al palato il Levad si rivela morbido, rotondo e corposo, con tannini setosi, struttura armoniosa e un finale lungo ed elegante. L&#8217;affinamento di 12 mesi in barrique e un ulteriore anno di affinamento in bottiglia conferiscono al vino ulteriore profondit\u00e0, complessit\u00e0 e una speziatura discreta. Un Merlot altoatesino di carattere con stile internazionale, ideale per momenti di piacere speciali.  <\/p>\n<p data-start=\"923\" data-end=\"952\"><strong data-start=\"923\" data-end=\"936\">Cantina:<\/strong><br data-start=\"936\" data-end=\"939\">Nals Margreid<\/p>\n<p data-start=\"954\" data-end=\"984\"><strong data-start=\"954\" data-end=\"967\">Vitigno:<\/strong><br data-start=\"967\" data-end=\"970\">Merlot (100%)<\/p>\n<p data-start=\"986\" data-end=\"1148\"><strong data-start=\"986\" data-end=\"1007\">Abbinamenti:<\/strong><br data-start=\"1007\" data-end=\"1010\">Cervo con polenta, piatti di selvaggina, piatti di carne saporiti, formaggi stagionati<\/p>\n<p data-start=\"1150\" data-end=\"1302\"><strong data-start=\"1150\" data-end=\"1161\">Vinificazione:<\/strong><br data-start=\"1161\" data-end=\"1164\">Fermentazione sulle bucce in acciaio inox con delicata movimentazione delle stesse<br data-start=\"1232\" data-end=\"1235\">Affinamento per 12 mesi in barrique<br data-start=\"1268\" data-end=\"1271\">Ulteriori 12 mesi di affinamento in bottiglia<\/p>\n<p data-start=\"1304\" data-end=\"1339\"><strong data-start=\"1304\" data-end=\"1326\">Temperatura di servizio:<\/strong><br data-start=\"1326\" data-end=\"1329\">16 \u2013 18 \u00b0C<\/p>\n<p data-start=\"1341\" data-end=\"1368\"><strong data-start=\"1341\" data-end=\"1359\">Gradazione alcolica:<\/strong><br data-start=\"1359\" data-end=\"1362\">13,5 %<\/p>\n<p data-start=\"1370\" data-end=\"1390\"><strong data-start=\"1370\" data-end=\"1381\">Contenuto:<\/strong><br data-start=\"1381\" data-end=\"1384\">0,75 l<\/p>\n<p data-start=\"1392\" data-end=\"1468\"><strong data-start=\"1392\" data-end=\"1405\">Provenienza:<\/strong><br data-start=\"1405\" data-end=\"1408\">Alto Adige DOC<br data-start=\"1420\" data-end=\"1423\">Zona di coltivazione: Magr\u00e8 e dintorni (Alto Adige)<\/p>\n<p data-start=\"1470\" data-end=\"1486\"><strong>Contiene solfiti.<\/strong><\/p>\n","protected":false},"excerpt":{"rendered":"<p>\u2022 Merlot in purezza dell&#8217;Alto Adige<br data-start=\"2018\" data-end=\"2021\">\u2022 Rosso rubino intenso e aromi intensi di frutti di bosco<br data-start=\"2063\" data-end=\"2066\">\u2022 Morbido, rotondo e corposo<br data-start=\"2094\" data-end=\"2097\">\u2022 Affinato 12 mesi in barrique<br data-start=\"2128\" data-end=\"2131\">\u2022 Ideale con selvaggina, carne e formaggi stagionati<\/p>\n","protected":false},"featured_media":5106,"template":"","meta":[],"product_brand":[],"product_cat":[188],"product_tag":[3279,2552,2637,3871,3918,2410,3093,3300,3223,1798,1679,3872],"class_list":{"0":"post-5104","1":"product","2":"type-product","3":"status-publish","4":"has-post-thumbnail","6":"product_cat-vino-distillati","7":"product_tag-alto-adige-doc","8":"product_tag-barrique","9":"product_tag-ciliegia","10":"product_tag-con-formaggi-stagionati","11":"product_tag-con-selvaggina","12":"product_tag-corposo","13":"product_tag-longevo","14":"product_tag-merlot-levad","15":"product_tag-nals-margreid","16":"product_tag-per-carne","17":"product_tag-saporito","18":"product_tag-vino-da-sera","20":"first","21":"instock","22":"shipping-taxable","23":"purchasable","24":"product-type-simple"},"yoast_head":"<!-- This site is optimized with the Yoast SEO plugin v27.4 - https:\/\/yoast.com\/product\/yoast-seo-wordpress\/ -->\n<title>Merlot Levad \u2013 Corposo ed elegante dall&#039;Alto Adige - Der Psairer - Speck, Wurst, K\u00e4se<\/title>\n<meta name=\"description\" content=\"Merlot Levad Alto Adige DOC. Merlot elegante e potente di Nals Margreid con frutti di bosco scuri, spezie fini e affinamento in barrique.\" \/>\n<meta name=\"robots\" content=\"index, follow, max-snippet:-1, max-image-preview:large, max-video-preview:-1\" \/>\n<link rel=\"canonical\" href=\"https:\/\/derpsairer.it\/it\/produkt\/merlot-levad\/\" \/>\n<meta property=\"og:locale\" content=\"it_IT\" \/>\n<meta property=\"og:type\" content=\"article\" \/>\n<meta property=\"og:title\" content=\"Merlot Levad \u2013 Corposo ed elegante dall&#039;Alto Adige - Der Psairer - Speck, Wurst, K\u00e4se\" \/>\n<meta property=\"og:description\" content=\"Merlot Levad Alto Adige DOC. Merlot elegante e potente di Nals Margreid con frutti di bosco scuri, spezie fini e affinamento in barrique.\" \/>\n<meta property=\"og:url\" content=\"https:\/\/derpsairer.it\/it\/produkt\/merlot-levad\/\" \/>\n<meta property=\"og:site_name\" content=\"Der Psairer - Speck, Wurst, K\u00e4se\" \/>\n<meta property=\"article:publisher\" content=\"https:\/\/www.facebook.com\/profile.php?id=100063648246860\" \/>\n<meta property=\"article:modified_time\" content=\"2026-01-09T10:34:37+00:00\" \/>\n<meta property=\"og:image\" content=\"https:\/\/derpsairer.it\/wp-22\/wp-content\/uploads\/2021\/08\/Levad-NM.jpg\" \/>\n\t<meta property=\"og:image:width\" content=\"800\" \/>\n\t<meta property=\"og:image:height\" content=\"800\" \/>\n\t<meta property=\"og:image:type\" content=\"image\/jpeg\" \/>\n<meta name=\"twitter:label1\" content=\"Tempo di lettura stimato\" \/>\n\t<meta name=\"twitter:data1\" content=\"1 minute\" \/>\n<script type=\"application\/ld+json\" class=\"yoast-schema-graph\">{\"@context\":\"https:\\\/\\\/schema.org\",\"@graph\":[{\"@type\":\"WebPage\",\"@id\":\"https:\\\/\\\/derpsairer.it\\\/it\\\/produkt\\\/merlot-levad\\\/\",\"url\":\"https:\\\/\\\/derpsairer.it\\\/it\\\/produkt\\\/merlot-levad\\\/\",\"name\":\"Merlot Levad \u2013 Corposo ed elegante dall'Alto Adige - Der Psairer - Speck, Wurst, K\u00e4se\",\"isPartOf\":{\"@id\":\"https:\\\/\\\/derpsairer.it\\\/it\\\/#website\"},\"primaryImageOfPage\":{\"@id\":\"https:\\\/\\\/derpsairer.it\\\/it\\\/produkt\\\/merlot-levad\\\/#primaryimage\"},\"image\":{\"@id\":\"https:\\\/\\\/derpsairer.it\\\/it\\\/produkt\\\/merlot-levad\\\/#primaryimage\"},\"thumbnailUrl\":\"https:\\\/\\\/derpsairer.it\\\/wp-22\\\/wp-content\\\/uploads\\\/2021\\\/08\\\/Levad-NM.jpg\",\"datePublished\":\"2021-08-31T09:44:04+00:00\",\"dateModified\":\"2026-01-09T10:34:37+00:00\",\"description\":\"Merlot Levad Alto Adige DOC. Merlot elegante e potente di Nals Margreid con frutti di bosco scuri, spezie fini e affinamento in barrique.\",\"breadcrumb\":{\"@id\":\"https:\\\/\\\/derpsairer.it\\\/it\\\/produkt\\\/merlot-levad\\\/#breadcrumb\"},\"inLanguage\":\"it-IT\",\"potentialAction\":[{\"@type\":\"ReadAction\",\"target\":[\"https:\\\/\\\/derpsairer.it\\\/it\\\/produkt\\\/merlot-levad\\\/\"]}]},{\"@type\":\"ImageObject\",\"inLanguage\":\"it-IT\",\"@id\":\"https:\\\/\\\/derpsairer.it\\\/it\\\/produkt\\\/merlot-levad\\\/#primaryimage\",\"url\":\"https:\\\/\\\/derpsairer.it\\\/wp-22\\\/wp-content\\\/uploads\\\/2021\\\/08\\\/Levad-NM.jpg\",\"contentUrl\":\"https:\\\/\\\/derpsairer.it\\\/wp-22\\\/wp-content\\\/uploads\\\/2021\\\/08\\\/Levad-NM.jpg\",\"width\":800,\"height\":800},{\"@type\":\"BreadcrumbList\",\"@id\":\"https:\\\/\\\/derpsairer.it\\\/it\\\/produkt\\\/merlot-levad\\\/#breadcrumb\",\"itemListElement\":[{\"@type\":\"ListItem\",\"position\":1,\"name\":\"Home\",\"item\":\"https:\\\/\\\/derpsairer.it\\\/it\\\/il-negozio-di-speck-der-psairer\\\/\"},{\"@type\":\"ListItem\",\"position\":2,\"name\":\"Shop\",\"item\":\"https:\\\/\\\/derpsairer.it\\\/shop\\\/\"},{\"@type\":\"ListItem\",\"position\":3,\"name\":\"Merlot Levad \u2013 Merlot altoatesino di Nals Margreid, potente ed elegante\"}]},{\"@type\":\"WebSite\",\"@id\":\"https:\\\/\\\/derpsairer.it\\\/it\\\/#website\",\"url\":\"https:\\\/\\\/derpsairer.it\\\/it\\\/\",\"name\":\"Der Psairer - Speck, Wurst, K\u00e4se\",\"description\":\"Speck, Wurst und K\u00e4s aus Passeiertal in S\u00fcdtirol online bestellen.\",\"publisher\":{\"@id\":\"https:\\\/\\\/derpsairer.it\\\/it\\\/#organization\"},\"potentialAction\":[{\"@type\":\"SearchAction\",\"target\":{\"@type\":\"EntryPoint\",\"urlTemplate\":\"https:\\\/\\\/derpsairer.it\\\/it\\\/?s={search_term_string}\"},\"query-input\":{\"@type\":\"PropertyValueSpecification\",\"valueRequired\":true,\"valueName\":\"search_term_string\"}}],\"inLanguage\":\"it-IT\"},{\"@type\":\"Organization\",\"@id\":\"https:\\\/\\\/derpsairer.it\\\/it\\\/#organization\",\"name\":\"Der Psairer - Speck, Wurst, K\u00e4se\",\"url\":\"https:\\\/\\\/derpsairer.it\\\/it\\\/\",\"logo\":{\"@type\":\"ImageObject\",\"inLanguage\":\"it-IT\",\"@id\":\"https:\\\/\\\/derpsairer.it\\\/it\\\/#\\\/schema\\\/logo\\\/image\\\/\",\"url\":\"https:\\\/\\\/derpsairer.it\\\/wp-22\\\/wp-content\\\/uploads\\\/2020\\\/03\\\/DER-PSAIRER-LOGO-2x.png\",\"contentUrl\":\"https:\\\/\\\/derpsairer.it\\\/wp-22\\\/wp-content\\\/uploads\\\/2020\\\/03\\\/DER-PSAIRER-LOGO-2x.png\",\"width\":500,\"height\":500,\"caption\":\"Der Psairer - Speck, Wurst, K\u00e4se\"},\"image\":{\"@id\":\"https:\\\/\\\/derpsairer.it\\\/it\\\/#\\\/schema\\\/logo\\\/image\\\/\"},\"sameAs\":[\"https:\\\/\\\/www.facebook.com\\\/profile.php?id=100063648246860\"]}]}<\/script>\n<!-- \/ Yoast SEO plugin. -->","yoast_head_json":{"title":"Merlot Levad \u2013 Corposo ed elegante dall'Alto Adige - Der Psairer - Speck, Wurst, K\u00e4se","description":"Merlot Levad Alto Adige DOC. Merlot elegante e potente di Nals Margreid con frutti di bosco scuri, spezie fini e affinamento in barrique.","robots":{"index":"index","follow":"follow","max-snippet":"max-snippet:-1","max-image-preview":"max-image-preview:large","max-video-preview":"max-video-preview:-1"},"canonical":"https:\/\/derpsairer.it\/it\/produkt\/merlot-levad\/","og_locale":"it_IT","og_type":"article","og_title":"Merlot Levad \u2013 Corposo ed elegante dall'Alto Adige - Der Psairer - Speck, Wurst, K\u00e4se","og_description":"Merlot Levad Alto Adige DOC. Merlot elegante e potente di Nals Margreid con frutti di bosco scuri, spezie fini e affinamento in barrique.","og_url":"https:\/\/derpsairer.it\/it\/produkt\/merlot-levad\/","og_site_name":"Der Psairer - Speck, Wurst, K\u00e4se","article_publisher":"https:\/\/www.facebook.com\/profile.php?id=100063648246860","article_modified_time":"2026-01-09T10:34:37+00:00","og_image":[{"width":800,"height":800,"url":"https:\/\/derpsairer.it\/wp-22\/wp-content\/uploads\/2021\/08\/Levad-NM.jpg","type":"image\/jpeg"}],"twitter_misc":{"Tempo di lettura stimato":"1 minute"},"schema":{"@context":"https:\/\/schema.org","@graph":[{"@type":"WebPage","@id":"https:\/\/derpsairer.it\/it\/produkt\/merlot-levad\/","url":"https:\/\/derpsairer.it\/it\/produkt\/merlot-levad\/","name":"Merlot Levad \u2013 Corposo ed elegante dall'Alto Adige - Der Psairer - Speck, Wurst, K\u00e4se","isPartOf":{"@id":"https:\/\/derpsairer.it\/it\/#website"},"primaryImageOfPage":{"@id":"https:\/\/derpsairer.it\/it\/produkt\/merlot-levad\/#primaryimage"},"image":{"@id":"https:\/\/derpsairer.it\/it\/produkt\/merlot-levad\/#primaryimage"},"thumbnailUrl":"https:\/\/derpsairer.it\/wp-22\/wp-content\/uploads\/2021\/08\/Levad-NM.jpg","datePublished":"2021-08-31T09:44:04+00:00","dateModified":"2026-01-09T10:34:37+00:00","description":"Merlot Levad Alto Adige DOC. Merlot elegante e potente di Nals Margreid con frutti di bosco scuri, spezie fini e affinamento in barrique.","breadcrumb":{"@id":"https:\/\/derpsairer.it\/it\/produkt\/merlot-levad\/#breadcrumb"},"inLanguage":"it-IT","potentialAction":[{"@type":"ReadAction","target":["https:\/\/derpsairer.it\/it\/produkt\/merlot-levad\/"]}]},{"@type":"ImageObject","inLanguage":"it-IT","@id":"https:\/\/derpsairer.it\/it\/produkt\/merlot-levad\/#primaryimage","url":"https:\/\/derpsairer.it\/wp-22\/wp-content\/uploads\/2021\/08\/Levad-NM.jpg","contentUrl":"https:\/\/derpsairer.it\/wp-22\/wp-content\/uploads\/2021\/08\/Levad-NM.jpg","width":800,"height":800},{"@type":"BreadcrumbList","@id":"https:\/\/derpsairer.it\/it\/produkt\/merlot-levad\/#breadcrumb","itemListElement":[{"@type":"ListItem","position":1,"name":"Home","item":"https:\/\/derpsairer.it\/it\/il-negozio-di-speck-der-psairer\/"},{"@type":"ListItem","position":2,"name":"Shop","item":"https:\/\/derpsairer.it\/shop\/"},{"@type":"ListItem","position":3,"name":"Merlot Levad \u2013 Merlot altoatesino di Nals Margreid, potente ed elegante"}]},{"@type":"WebSite","@id":"https:\/\/derpsairer.it\/it\/#website","url":"https:\/\/derpsairer.it\/it\/","name":"Der Psairer - Speck, Wurst, K\u00e4se","description":"Speck, Wurst und K\u00e4s aus Passeiertal in S\u00fcdtirol online bestellen.","publisher":{"@id":"https:\/\/derpsairer.it\/it\/#organization"},"potentialAction":[{"@type":"SearchAction","target":{"@type":"EntryPoint","urlTemplate":"https:\/\/derpsairer.it\/it\/?s={search_term_string}"},"query-input":{"@type":"PropertyValueSpecification","valueRequired":true,"valueName":"search_term_string"}}],"inLanguage":"it-IT"},{"@type":"Organization","@id":"https:\/\/derpsairer.it\/it\/#organization","name":"Der Psairer - Speck, Wurst, K\u00e4se","url":"https:\/\/derpsairer.it\/it\/","logo":{"@type":"ImageObject","inLanguage":"it-IT","@id":"https:\/\/derpsairer.it\/it\/#\/schema\/logo\/image\/","url":"https:\/\/derpsairer.it\/wp-22\/wp-content\/uploads\/2020\/03\/DER-PSAIRER-LOGO-2x.png","contentUrl":"https:\/\/derpsairer.it\/wp-22\/wp-content\/uploads\/2020\/03\/DER-PSAIRER-LOGO-2x.png","width":500,"height":500,"caption":"Der Psairer - Speck, Wurst, K\u00e4se"},"image":{"@id":"https:\/\/derpsairer.it\/it\/#\/schema\/logo\/image\/"},"sameAs":["https:\/\/www.facebook.com\/profile.php?id=100063648246860"]}]}},"_links":{"self":[{"href":"https:\/\/derpsairer.it\/it\/wp-json\/wp\/v2\/product\/5104","targetHints":{"allow":["GET"]}}],"collection":[{"href":"https:\/\/derpsairer.it\/it\/wp-json\/wp\/v2\/product"}],"about":[{"href":"https:\/\/derpsairer.it\/it\/wp-json\/wp\/v2\/types\/product"}],"wp:featuredmedia":[{"embeddable":true,"href":"https:\/\/derpsairer.it\/it\/wp-json\/wp\/v2\/media\/5106"}],"wp:attachment":[{"href":"https:\/\/derpsairer.it\/it\/wp-json\/wp\/v2\/media?parent=5104"}],"wp:term":[{"taxonomy":"product_brand","embeddable":true,"href":"https:\/\/derpsairer.it\/it\/wp-json\/wp\/v2\/product_brand?post=5104"},{"taxonomy":"product_cat","embeddable":true,"href":"https:\/\/derpsairer.it\/it\/wp-json\/wp\/v2\/product_cat?post=5104"},{"taxonomy":"product_tag","embeddable":true,"href":"https:\/\/derpsairer.it\/it\/wp-json\/wp\/v2\/product_tag?post=5104"}],"curies":[{"name":"wp","href":"https:\/\/api.w.org\/{rel}","templated":true}]}}