{"id":5108,"date":"2021-08-31T15:06:47","date_gmt":"2021-08-31T13:06:47","guid":{"rendered":"https:\/\/derpsairer.it\/produkt\/rosa-rossa\/"},"modified":"2026-01-07T12:07:18","modified_gmt":"2026-01-07T11:07:18","slug":"rosa-rossa","status":"publish","type":"product","link":"https:\/\/derpsairer.it\/it\/produkt\/rosa-rossa\/","title":{"rendered":"Rosenmuskateller Rote Rose \u2013 elegante vino da dessert con profumo di rosa"},"content":{"rendered":"[vc_row type=&#8221;in_container&#8221; full_screen_row_position=&#8221;middle&#8221; column_margin=&#8221;default&#8221; column_direction=&#8221;default&#8221; column_direction_tablet=&#8221;default&#8221; column_direction_phone=&#8221;default&#8221; scene_position=&#8221;center&#8221; text_color=&#8221;dark&#8221; text_align=&#8221;left&#8221; row_border_radius=&#8221;none&#8221; row_border_radius_applies=&#8221;bg&#8221; overflow=&#8221;visible&#8221; overlay_strength=&#8221;0.3&#8243; gradient_direction=&#8221;left_to_right&#8221; shape_divider_position=&#8221;bottom&#8221; bg_image_animation=&#8221;none&#8221;][vc_column column_padding=&#8221;no-extra-padding&#8221; column_padding_tablet=&#8221;inherit&#8221; column_padding_phone=&#8221;inherit&#8221; column_padding_position=&#8221;all&#8221; column_element_direction_desktop=&#8221;default&#8221; column_element_spacing=&#8221;default&#8221; desktop_text_alignment=&#8221;default&#8221; tablet_text_alignment=&#8221;default&#8221; phone_text_alignment=&#8221;default&#8221; background_color_opacity=&#8221;1&#8243; background_hover_color_opacity=&#8221;1&#8243; column_backdrop_filter=&#8221;none&#8221; column_shadow=&#8221;none&#8221; column_border_radius=&#8221;none&#8221; column_link_target=&#8221;_self&#8221; column_position=&#8221;default&#8221; gradient_direction=&#8221;left_to_right&#8221; overlay_strength=&#8221;0.3&#8243; width=&#8221;1\/1&#8243; tablet_width_inherit=&#8221;default&#8221; animation_type=&#8221;default&#8221; bg_image_animation=&#8221;none&#8221; border_type=&#8221;simple&#8221; column_border_width=&#8221;none&#8221; column_border_style=&#8221;solid&#8221;][vc_column_text text_direction=&#8221;default&#8221;]\n<p data-start=\"82\" data-end=\"596\">Il Rosenmuskateller &#8220;Rote Rose&#8221; \u00e8 un vino da dessert morbido ed elegante dell&#8217;Alto Adige che \u00e8 all&#8217;altezza del suo nome in ogni modo. Rosso rubino nel bicchiere, sviluppa un bouquet inebriante di fiori di rosa e lamponi maturi. Al palato si presenta corposo, armoniosamente dolce e vellutato, con una freschezza equilibrata. Questo vino aromatico \u00e8 ideale come aperitivo raffinato o come accompagnamento a dessert classici come lo strudel di mele e si abbina perfettamente anche al formaggio.   <\/p>\n<p data-start=\"598\" data-end=\"622\"><strong>Cantina:<\/strong><br data-start=\"607\" data-end=\"610\">Nals Margreid<\/p>\n<p data-start=\"624\" data-end=\"652\"><strong>Vitigno:<\/strong><br data-start=\"633\" data-end=\"636\">Rosenmuskateller<\/p>\n<p data-start=\"654\" data-end=\"728\"><strong>Abbinamenti:<\/strong><br data-start=\"671\" data-end=\"674\">Dessert, strudel di mele, dolci, formaggio, aperitivo<\/p>\n<p data-start=\"730\" data-end=\"788\"><strong>Affinamento:<\/strong><br data-start=\"737\" data-end=\"740\">Fermentazione sulle bucce in acciaio inox, affinamento in acciaio inox<\/p>\n<p data-start=\"790\" data-end=\"820\"><strong>Temperatura di servizio:<\/strong><br data-start=\"808\" data-end=\"811\">12 \u2013 14 \u00b0C<\/p>\n<p data-start=\"822\" data-end=\"845\"><strong>Gradazione alcolica:<\/strong><br data-start=\"836\" data-end=\"839\">12,5 %<\/p>\n<p data-start=\"847\" data-end=\"863\"><strong>Contenuto:<\/strong><br data-start=\"854\" data-end=\"857\">0,75 l<\/p>\n<p data-start=\"865\" data-end=\"881\"><strong>Contiene solfiti.<\/strong><\/p>\n[\/vc_column_text][\/vc_column][\/vc_row]\n","protected":false},"excerpt":{"rendered":"<p>\u2022 Colore rosso rubino<br data-start=\"1442\" data-end=\"1445\">\u2022 Profumo di rose<br data-start=\"1462\" data-end=\"1465\">\u2022 Aromi di lampone<br data-start=\"1480\" data-end=\"1483\">\u2022 Dolcezza armoniosa<br data-start=\"1501\" data-end=\"1504\">\u2022 Ideale con i dessert<\/p>\n","protected":false},"featured_media":5636,"template":"","meta":[],"product_brand":[],"product_cat":[188],"product_tag":[1945,308,2033,2062,2490,2039,2626,3262,2625,2629],"class_list":{"0":"post-5108","1":"product","2":"type-product","3":"status-publish","4":"has-post-thumbnail","6":"product_cat-vino-distillati","7":"product_tag-alto-adige","8":"product_tag-aperitivo","9":"product_tag-aromatico","10":"product_tag-con-formaggio","11":"product_tag-elegante","12":"product_tag-lampone","13":"product_tag-moscato-rosa","14":"product_tag-nals-magreid","15":"product_tag-vino-da-dessert-2","16":"product_tag-vino-dolce-2","18":"first","19":"instock","20":"shipping-taxable","21":"purchasable","22":"product-type-simple"},"yoast_head":"<!-- This site is optimized with the Yoast SEO plugin v27.4 - https:\/\/yoast.com\/product\/yoast-seo-wordpress\/ -->\n<title>Moscato Rosa Rosa Rossa \u2013 Nobile e dolce dall&#039;Alto Adige - Der Psairer - Speck, Wurst, K\u00e4se<\/title>\n<meta name=\"description\" content=\"Rosenmuskateller Rote Rose dell&#039;Alto Adige. Vino da dessert color rubino con aromi di rosa e lampone, armoniosamente dolce ed elegante al palato.\" \/>\n<meta name=\"robots\" content=\"index, follow, max-snippet:-1, max-image-preview:large, max-video-preview:-1\" \/>\n<link rel=\"canonical\" href=\"https:\/\/derpsairer.it\/it\/produkt\/rosa-rossa\/\" \/>\n<meta property=\"og:locale\" content=\"it_IT\" \/>\n<meta property=\"og:type\" content=\"article\" \/>\n<meta property=\"og:title\" content=\"Moscato Rosa Rosa Rossa \u2013 Nobile e dolce dall&#039;Alto Adige - Der Psairer - Speck, Wurst, K\u00e4se\" \/>\n<meta property=\"og:description\" content=\"Rosenmuskateller Rote Rose dell&#039;Alto Adige. Vino da dessert color rubino con aromi di rosa e lampone, armoniosamente dolce ed elegante al palato.\" \/>\n<meta property=\"og:url\" content=\"https:\/\/derpsairer.it\/it\/produkt\/rosa-rossa\/\" \/>\n<meta property=\"og:site_name\" content=\"Der Psairer - Speck, Wurst, K\u00e4se\" \/>\n<meta property=\"article:publisher\" content=\"https:\/\/www.facebook.com\/profile.php?id=100063648246860\" \/>\n<meta property=\"article:modified_time\" content=\"2026-01-07T11:07:18+00:00\" \/>\n<meta property=\"og:image\" content=\"https:\/\/derpsairer.it\/wp-22\/wp-content\/uploads\/2021\/08\/Rote-Rose.jpg\" \/>\n\t<meta property=\"og:image:width\" content=\"800\" \/>\n\t<meta property=\"og:image:height\" content=\"800\" \/>\n\t<meta property=\"og:image:type\" content=\"image\/jpeg\" \/>\n<meta name=\"twitter:label1\" content=\"Tempo di lettura stimato\" \/>\n\t<meta name=\"twitter:data1\" content=\"1 minute\" \/>\n<script type=\"application\/ld+json\" class=\"yoast-schema-graph\">{\"@context\":\"https:\\\/\\\/schema.org\",\"@graph\":[{\"@type\":\"WebPage\",\"@id\":\"https:\\\/\\\/derpsairer.it\\\/it\\\/produkt\\\/rosa-rossa\\\/\",\"url\":\"https:\\\/\\\/derpsairer.it\\\/it\\\/produkt\\\/rosa-rossa\\\/\",\"name\":\"Moscato Rosa Rosa Rossa \u2013 Nobile e dolce dall'Alto Adige - Der Psairer - Speck, Wurst, K\u00e4se\",\"isPartOf\":{\"@id\":\"https:\\\/\\\/derpsairer.it\\\/it\\\/#website\"},\"primaryImageOfPage\":{\"@id\":\"https:\\\/\\\/derpsairer.it\\\/it\\\/produkt\\\/rosa-rossa\\\/#primaryimage\"},\"image\":{\"@id\":\"https:\\\/\\\/derpsairer.it\\\/it\\\/produkt\\\/rosa-rossa\\\/#primaryimage\"},\"thumbnailUrl\":\"https:\\\/\\\/derpsairer.it\\\/wp-22\\\/wp-content\\\/uploads\\\/2021\\\/08\\\/Rote-Rose.jpg\",\"datePublished\":\"2021-08-31T13:06:47+00:00\",\"dateModified\":\"2026-01-07T11:07:18+00:00\",\"description\":\"Rosenmuskateller Rote Rose dell'Alto Adige. Vino da dessert color rubino con aromi di rosa e lampone, armoniosamente dolce ed elegante al palato.\",\"breadcrumb\":{\"@id\":\"https:\\\/\\\/derpsairer.it\\\/it\\\/produkt\\\/rosa-rossa\\\/#breadcrumb\"},\"inLanguage\":\"it-IT\",\"potentialAction\":[{\"@type\":\"ReadAction\",\"target\":[\"https:\\\/\\\/derpsairer.it\\\/it\\\/produkt\\\/rosa-rossa\\\/\"]}]},{\"@type\":\"ImageObject\",\"inLanguage\":\"it-IT\",\"@id\":\"https:\\\/\\\/derpsairer.it\\\/it\\\/produkt\\\/rosa-rossa\\\/#primaryimage\",\"url\":\"https:\\\/\\\/derpsairer.it\\\/wp-22\\\/wp-content\\\/uploads\\\/2021\\\/08\\\/Rote-Rose.jpg\",\"contentUrl\":\"https:\\\/\\\/derpsairer.it\\\/wp-22\\\/wp-content\\\/uploads\\\/2021\\\/08\\\/Rote-Rose.jpg\",\"width\":800,\"height\":800},{\"@type\":\"BreadcrumbList\",\"@id\":\"https:\\\/\\\/derpsairer.it\\\/it\\\/produkt\\\/rosa-rossa\\\/#breadcrumb\",\"itemListElement\":[{\"@type\":\"ListItem\",\"position\":1,\"name\":\"Home\",\"item\":\"https:\\\/\\\/derpsairer.it\\\/it\\\/il-negozio-di-speck-der-psairer\\\/\"},{\"@type\":\"ListItem\",\"position\":2,\"name\":\"Shop\",\"item\":\"https:\\\/\\\/derpsairer.it\\\/shop\\\/\"},{\"@type\":\"ListItem\",\"position\":3,\"name\":\"Rosenmuskateller Rote Rose \u2013 elegante vino da dessert con profumo di rosa\"}]},{\"@type\":\"WebSite\",\"@id\":\"https:\\\/\\\/derpsairer.it\\\/it\\\/#website\",\"url\":\"https:\\\/\\\/derpsairer.it\\\/it\\\/\",\"name\":\"Der Psairer - Speck, Wurst, K\u00e4se\",\"description\":\"Speck, Wurst und K\u00e4s aus Passeiertal in S\u00fcdtirol online bestellen.\",\"publisher\":{\"@id\":\"https:\\\/\\\/derpsairer.it\\\/it\\\/#organization\"},\"potentialAction\":[{\"@type\":\"SearchAction\",\"target\":{\"@type\":\"EntryPoint\",\"urlTemplate\":\"https:\\\/\\\/derpsairer.it\\\/it\\\/?s={search_term_string}\"},\"query-input\":{\"@type\":\"PropertyValueSpecification\",\"valueRequired\":true,\"valueName\":\"search_term_string\"}}],\"inLanguage\":\"it-IT\"},{\"@type\":\"Organization\",\"@id\":\"https:\\\/\\\/derpsairer.it\\\/it\\\/#organization\",\"name\":\"Der Psairer - Speck, Wurst, K\u00e4se\",\"url\":\"https:\\\/\\\/derpsairer.it\\\/it\\\/\",\"logo\":{\"@type\":\"ImageObject\",\"inLanguage\":\"it-IT\",\"@id\":\"https:\\\/\\\/derpsairer.it\\\/it\\\/#\\\/schema\\\/logo\\\/image\\\/\",\"url\":\"https:\\\/\\\/derpsairer.it\\\/wp-22\\\/wp-content\\\/uploads\\\/2020\\\/03\\\/DER-PSAIRER-LOGO-2x.png\",\"contentUrl\":\"https:\\\/\\\/derpsairer.it\\\/wp-22\\\/wp-content\\\/uploads\\\/2020\\\/03\\\/DER-PSAIRER-LOGO-2x.png\",\"width\":500,\"height\":500,\"caption\":\"Der Psairer - Speck, Wurst, K\u00e4se\"},\"image\":{\"@id\":\"https:\\\/\\\/derpsairer.it\\\/it\\\/#\\\/schema\\\/logo\\\/image\\\/\"},\"sameAs\":[\"https:\\\/\\\/www.facebook.com\\\/profile.php?id=100063648246860\"]}]}<\/script>\n<!-- \/ Yoast SEO plugin. -->","yoast_head_json":{"title":"Moscato Rosa Rosa Rossa \u2013 Nobile e dolce dall'Alto Adige - Der Psairer - Speck, Wurst, K\u00e4se","description":"Rosenmuskateller Rote Rose dell'Alto Adige. Vino da dessert color rubino con aromi di rosa e lampone, armoniosamente dolce ed elegante al palato.","robots":{"index":"index","follow":"follow","max-snippet":"max-snippet:-1","max-image-preview":"max-image-preview:large","max-video-preview":"max-video-preview:-1"},"canonical":"https:\/\/derpsairer.it\/it\/produkt\/rosa-rossa\/","og_locale":"it_IT","og_type":"article","og_title":"Moscato Rosa Rosa Rossa \u2013 Nobile e dolce dall'Alto Adige - Der Psairer - Speck, Wurst, K\u00e4se","og_description":"Rosenmuskateller Rote Rose dell'Alto Adige. Vino da dessert color rubino con aromi di rosa e lampone, armoniosamente dolce ed elegante al palato.","og_url":"https:\/\/derpsairer.it\/it\/produkt\/rosa-rossa\/","og_site_name":"Der Psairer - Speck, Wurst, K\u00e4se","article_publisher":"https:\/\/www.facebook.com\/profile.php?id=100063648246860","article_modified_time":"2026-01-07T11:07:18+00:00","og_image":[{"width":800,"height":800,"url":"https:\/\/derpsairer.it\/wp-22\/wp-content\/uploads\/2021\/08\/Rote-Rose.jpg","type":"image\/jpeg"}],"twitter_misc":{"Tempo di lettura stimato":"1 minute"},"schema":{"@context":"https:\/\/schema.org","@graph":[{"@type":"WebPage","@id":"https:\/\/derpsairer.it\/it\/produkt\/rosa-rossa\/","url":"https:\/\/derpsairer.it\/it\/produkt\/rosa-rossa\/","name":"Moscato Rosa Rosa Rossa \u2013 Nobile e dolce dall'Alto Adige - Der Psairer - Speck, Wurst, K\u00e4se","isPartOf":{"@id":"https:\/\/derpsairer.it\/it\/#website"},"primaryImageOfPage":{"@id":"https:\/\/derpsairer.it\/it\/produkt\/rosa-rossa\/#primaryimage"},"image":{"@id":"https:\/\/derpsairer.it\/it\/produkt\/rosa-rossa\/#primaryimage"},"thumbnailUrl":"https:\/\/derpsairer.it\/wp-22\/wp-content\/uploads\/2021\/08\/Rote-Rose.jpg","datePublished":"2021-08-31T13:06:47+00:00","dateModified":"2026-01-07T11:07:18+00:00","description":"Rosenmuskateller Rote Rose dell'Alto Adige. Vino da dessert color rubino con aromi di rosa e lampone, armoniosamente dolce ed elegante al palato.","breadcrumb":{"@id":"https:\/\/derpsairer.it\/it\/produkt\/rosa-rossa\/#breadcrumb"},"inLanguage":"it-IT","potentialAction":[{"@type":"ReadAction","target":["https:\/\/derpsairer.it\/it\/produkt\/rosa-rossa\/"]}]},{"@type":"ImageObject","inLanguage":"it-IT","@id":"https:\/\/derpsairer.it\/it\/produkt\/rosa-rossa\/#primaryimage","url":"https:\/\/derpsairer.it\/wp-22\/wp-content\/uploads\/2021\/08\/Rote-Rose.jpg","contentUrl":"https:\/\/derpsairer.it\/wp-22\/wp-content\/uploads\/2021\/08\/Rote-Rose.jpg","width":800,"height":800},{"@type":"BreadcrumbList","@id":"https:\/\/derpsairer.it\/it\/produkt\/rosa-rossa\/#breadcrumb","itemListElement":[{"@type":"ListItem","position":1,"name":"Home","item":"https:\/\/derpsairer.it\/it\/il-negozio-di-speck-der-psairer\/"},{"@type":"ListItem","position":2,"name":"Shop","item":"https:\/\/derpsairer.it\/shop\/"},{"@type":"ListItem","position":3,"name":"Rosenmuskateller Rote Rose \u2013 elegante vino da dessert con profumo di rosa"}]},{"@type":"WebSite","@id":"https:\/\/derpsairer.it\/it\/#website","url":"https:\/\/derpsairer.it\/it\/","name":"Der Psairer - Speck, Wurst, K\u00e4se","description":"Speck, Wurst und K\u00e4s aus Passeiertal in S\u00fcdtirol online bestellen.","publisher":{"@id":"https:\/\/derpsairer.it\/it\/#organization"},"potentialAction":[{"@type":"SearchAction","target":{"@type":"EntryPoint","urlTemplate":"https:\/\/derpsairer.it\/it\/?s={search_term_string}"},"query-input":{"@type":"PropertyValueSpecification","valueRequired":true,"valueName":"search_term_string"}}],"inLanguage":"it-IT"},{"@type":"Organization","@id":"https:\/\/derpsairer.it\/it\/#organization","name":"Der Psairer - Speck, Wurst, K\u00e4se","url":"https:\/\/derpsairer.it\/it\/","logo":{"@type":"ImageObject","inLanguage":"it-IT","@id":"https:\/\/derpsairer.it\/it\/#\/schema\/logo\/image\/","url":"https:\/\/derpsairer.it\/wp-22\/wp-content\/uploads\/2020\/03\/DER-PSAIRER-LOGO-2x.png","contentUrl":"https:\/\/derpsairer.it\/wp-22\/wp-content\/uploads\/2020\/03\/DER-PSAIRER-LOGO-2x.png","width":500,"height":500,"caption":"Der Psairer - Speck, Wurst, K\u00e4se"},"image":{"@id":"https:\/\/derpsairer.it\/it\/#\/schema\/logo\/image\/"},"sameAs":["https:\/\/www.facebook.com\/profile.php?id=100063648246860"]}]}},"_links":{"self":[{"href":"https:\/\/derpsairer.it\/it\/wp-json\/wp\/v2\/product\/5108","targetHints":{"allow":["GET"]}}],"collection":[{"href":"https:\/\/derpsairer.it\/it\/wp-json\/wp\/v2\/product"}],"about":[{"href":"https:\/\/derpsairer.it\/it\/wp-json\/wp\/v2\/types\/product"}],"wp:featuredmedia":[{"embeddable":true,"href":"https:\/\/derpsairer.it\/it\/wp-json\/wp\/v2\/media\/5636"}],"wp:attachment":[{"href":"https:\/\/derpsairer.it\/it\/wp-json\/wp\/v2\/media?parent=5108"}],"wp:term":[{"taxonomy":"product_brand","embeddable":true,"href":"https:\/\/derpsairer.it\/it\/wp-json\/wp\/v2\/product_brand?post=5108"},{"taxonomy":"product_cat","embeddable":true,"href":"https:\/\/derpsairer.it\/it\/wp-json\/wp\/v2\/product_cat?post=5108"},{"taxonomy":"product_tag","embeddable":true,"href":"https:\/\/derpsairer.it\/it\/wp-json\/wp\/v2\/product_tag?post=5108"}],"curies":[{"name":"wp","href":"https:\/\/api.w.org\/{rel}","templated":true}]}}