{"id":5110,"date":"2021-08-31T16:12:01","date_gmt":"2021-08-31T14:12:01","guid":{"rendered":"https:\/\/derpsairer.it\/produkt\/urban\/"},"modified":"2026-01-14T16:48:08","modified_gmt":"2026-01-14T15:48:08","slug":"urban","status":"publish","type":"product","link":"https:\/\/derpsairer.it\/it\/produkt\/urban\/","title":{"rendered":"Urban Weissburgunder \u2013 Vino bianco fresco e fruttato dell&#8217;Alto Adige"},"content":{"rendered":"[vc_row type=&#8221;in_container&#8221; full_screen_row_position=&#8221;middle&#8221; column_margin=&#8221;default&#8221; column_direction=&#8221;default&#8221; column_direction_tablet=&#8221;default&#8221; column_direction_phone=&#8221;default&#8221; scene_position=&#8221;center&#8221; text_color=&#8221;dark&#8221; text_align=&#8221;left&#8221; row_border_radius=&#8221;none&#8221; row_border_radius_applies=&#8221;bg&#8221; overflow=&#8221;visible&#8221; overlay_strength=&#8221;0.3&#8243; gradient_direction=&#8221;left_to_right&#8221; shape_divider_position=&#8221;bottom&#8221; bg_image_animation=&#8221;none&#8221;][vc_column column_padding=&#8221;no-extra-padding&#8221; column_padding_tablet=&#8221;inherit&#8221; column_padding_phone=&#8221;inherit&#8221; column_padding_position=&#8221;all&#8221; column_element_direction_desktop=&#8221;default&#8221; column_element_spacing=&#8221;default&#8221; desktop_text_alignment=&#8221;default&#8221; tablet_text_alignment=&#8221;default&#8221; phone_text_alignment=&#8221;default&#8221; background_color_opacity=&#8221;1&#8243; background_hover_color_opacity=&#8221;1&#8243; column_backdrop_filter=&#8221;none&#8221; column_shadow=&#8221;none&#8221; column_border_radius=&#8221;none&#8221; column_link_target=&#8221;_self&#8221; column_position=&#8221;default&#8221; gradient_direction=&#8221;left_to_right&#8221; overlay_strength=&#8221;0.3&#8243; width=&#8221;1\/1&#8243; tablet_width_inherit=&#8221;default&#8221; animation_type=&#8221;default&#8221; bg_image_animation=&#8221;none&#8221; border_type=&#8221;simple&#8221; column_border_width=&#8221;none&#8221; column_border_style=&#8221;solid&#8221;][vc_column_text text_direction=&#8221;default&#8221;]\n<p data-start=\"80\" data-end=\"519\">Il Weissburgunder Urban della cantina Nals Margreid convince per freschezza, fruttuosit\u00e0 ed elegante equilibrio. Al naso rivela aromi chiari di mela e note di frutta chiara, al palato si presenta secco, rotondo e armonioso con un&#8217;acidit\u00e0 piacevolmente delicata. Un tipico vino bianco altoatesino dalla struttura fine, versatile negli abbinamenti e che offre un grande piacere di bere soprattutto nelle giornate calde.  <\/p>\n<p data-start=\"521\" data-end=\"574\"><strong data-start=\"521\" data-end=\"534\">Cantina:<\/strong><br data-start=\"534\" data-end=\"537\"><span class=\"hover:entity-accent entity-underline inline cursor-pointer align-baseline\"><span class=\"whitespace-normal\">Nals Margreid<\/span><\/span><\/p>\n<p data-start=\"576\" data-end=\"606\"><strong data-start=\"576\" data-end=\"589\">Vitigno:<\/strong><br data-start=\"589\" data-end=\"592\">Pinot Bianco<\/p>\n<p data-start=\"608\" data-end=\"694\"><strong data-start=\"608\" data-end=\"629\">Abbinamenti:<\/strong><br data-start=\"629\" data-end=\"632\">Antipasti, pesce, pollame, carni bianche, grigliate<\/p>\n<p data-start=\"696\" data-end=\"744\"><strong data-start=\"696\" data-end=\"707\">Affinamento:<\/strong><br data-start=\"707\" data-end=\"710\">Affinamento delicato in serbatoi di acciaio inox<\/p>\n<p data-start=\"746\" data-end=\"780\"><strong data-start=\"746\" data-end=\"768\">Temperatura di servizio:<\/strong><br data-start=\"768\" data-end=\"771\">10 \u2013 12\u00b0C<\/p>\n<p data-start=\"782\" data-end=\"809\"><strong data-start=\"782\" data-end=\"800\">Gradazione alcolica:<\/strong><br data-start=\"800\" data-end=\"803\">12,5 %<\/p>\n<p data-start=\"811\" data-end=\"831\"><strong data-start=\"811\" data-end=\"822\">Contenuto:<\/strong><br data-start=\"822\" data-end=\"825\">1 l<\/p>\n<p data-start=\"833\" data-end=\"849\"><strong>Contiene solfiti.<\/strong><\/p>\n[\/vc_column_text][\/vc_column][\/vc_row]\n","protected":false},"excerpt":{"rendered":"<p>\u2022 Weissburgunder fresco e fruttato<br data-start=\"1261\" data-end=\"1264\">\u2022 Note chiare di mela e frutta<br data-start=\"1294\" data-end=\"1297\">\u2022 Secco e armonioso<br data-start=\"1321\" data-end=\"1324\">\u2022 Acidit\u00e0 delicata<br data-start=\"1337\" data-end=\"1340\">\u2022 Versatile accompagnamento per i pasti<\/p>\n","protected":false},"featured_media":5642,"template":"","meta":[],"product_brand":[],"product_cat":[188],"product_tag":[3003,3916,2941,3919,1865,2322,2185,3223,3921,1873,2309,2855,3312,2598],"class_list":{"0":"post-5110","1":"product","2":"type-product","3":"status-publish","4":"has-post-thumbnail","6":"product_cat-vino-distillati","7":"product_tag-acciaio-inox","8":"product_tag-acidita-delicata","9":"product_tag-armonioso","10":"product_tag-con-carni-bianche","11":"product_tag-con-pesce","12":"product_tag-fresco","13":"product_tag-mela","14":"product_tag-nals-margreid","15":"product_tag-per-grigliate-2","16":"product_tag-per-pollame","17":"product_tag-secco","18":"product_tag-versatile","19":"product_tag-vino-bianco-altoatesino","20":"product_tag-weissburgunder","22":"first","23":"instock","24":"shipping-taxable","25":"purchasable","26":"product-type-simple"},"yoast_head":"<!-- This site is optimized with the Yoast SEO plugin v27.4 - https:\/\/yoast.com\/product\/yoast-seo-wordpress\/ -->\n<title>Weissburgunder Urban \u2013 Fresco &amp; fruttato dall&#039;Alto Adige - Der Psairer - Speck, Wurst, K\u00e4se<\/title>\n<meta name=\"description\" content=\"Weissburgunder Urban \u2013 fresco &amp; fruttato con note di mela, delicato nell&#039;acidit\u00e0 &amp; equilibrato. Perfetto con pesce, pollame &amp; carni bianche.\" \/>\n<meta name=\"robots\" content=\"index, follow, max-snippet:-1, max-image-preview:large, max-video-preview:-1\" \/>\n<link rel=\"canonical\" href=\"https:\/\/derpsairer.it\/it\/produkt\/urban\/\" \/>\n<meta property=\"og:locale\" content=\"it_IT\" \/>\n<meta property=\"og:type\" content=\"article\" \/>\n<meta property=\"og:title\" content=\"Weissburgunder Urban \u2013 Fresco &amp; fruttato dall&#039;Alto Adige - Der Psairer - Speck, Wurst, K\u00e4se\" \/>\n<meta property=\"og:description\" content=\"Weissburgunder Urban \u2013 fresco &amp; fruttato con note di mela, delicato nell&#039;acidit\u00e0 &amp; equilibrato. Perfetto con pesce, pollame &amp; carni bianche.\" \/>\n<meta property=\"og:url\" content=\"https:\/\/derpsairer.it\/it\/produkt\/urban\/\" \/>\n<meta property=\"og:site_name\" content=\"Der Psairer - Speck, Wurst, K\u00e4se\" \/>\n<meta property=\"article:publisher\" content=\"https:\/\/www.facebook.com\/profile.php?id=100063648246860\" \/>\n<meta property=\"article:modified_time\" content=\"2026-01-14T15:48:08+00:00\" \/>\n<meta property=\"og:image\" content=\"https:\/\/derpsairer.it\/wp-22\/wp-content\/uploads\/2021\/08\/Urban.jpg\" \/>\n\t<meta property=\"og:image:width\" content=\"800\" \/>\n\t<meta property=\"og:image:height\" content=\"800\" \/>\n\t<meta property=\"og:image:type\" content=\"image\/jpeg\" \/>\n<meta name=\"twitter:label1\" content=\"Tempo di lettura stimato\" \/>\n\t<meta name=\"twitter:data1\" content=\"1 minute\" \/>\n<script type=\"application\/ld+json\" class=\"yoast-schema-graph\">{\"@context\":\"https:\\\/\\\/schema.org\",\"@graph\":[{\"@type\":\"WebPage\",\"@id\":\"https:\\\/\\\/derpsairer.it\\\/it\\\/produkt\\\/urban\\\/\",\"url\":\"https:\\\/\\\/derpsairer.it\\\/it\\\/produkt\\\/urban\\\/\",\"name\":\"Weissburgunder Urban \u2013 Fresco & fruttato dall'Alto Adige - Der Psairer - Speck, Wurst, K\u00e4se\",\"isPartOf\":{\"@id\":\"https:\\\/\\\/derpsairer.it\\\/it\\\/#website\"},\"primaryImageOfPage\":{\"@id\":\"https:\\\/\\\/derpsairer.it\\\/it\\\/produkt\\\/urban\\\/#primaryimage\"},\"image\":{\"@id\":\"https:\\\/\\\/derpsairer.it\\\/it\\\/produkt\\\/urban\\\/#primaryimage\"},\"thumbnailUrl\":\"https:\\\/\\\/derpsairer.it\\\/wp-22\\\/wp-content\\\/uploads\\\/2021\\\/08\\\/Urban.jpg\",\"datePublished\":\"2021-08-31T14:12:01+00:00\",\"dateModified\":\"2026-01-14T15:48:08+00:00\",\"description\":\"Weissburgunder Urban \u2013 fresco & fruttato con note di mela, delicato nell'acidit\u00e0 & equilibrato. Perfetto con pesce, pollame & carni bianche.\",\"breadcrumb\":{\"@id\":\"https:\\\/\\\/derpsairer.it\\\/it\\\/produkt\\\/urban\\\/#breadcrumb\"},\"inLanguage\":\"it-IT\",\"potentialAction\":[{\"@type\":\"ReadAction\",\"target\":[\"https:\\\/\\\/derpsairer.it\\\/it\\\/produkt\\\/urban\\\/\"]}]},{\"@type\":\"ImageObject\",\"inLanguage\":\"it-IT\",\"@id\":\"https:\\\/\\\/derpsairer.it\\\/it\\\/produkt\\\/urban\\\/#primaryimage\",\"url\":\"https:\\\/\\\/derpsairer.it\\\/wp-22\\\/wp-content\\\/uploads\\\/2021\\\/08\\\/Urban.jpg\",\"contentUrl\":\"https:\\\/\\\/derpsairer.it\\\/wp-22\\\/wp-content\\\/uploads\\\/2021\\\/08\\\/Urban.jpg\",\"width\":800,\"height\":800},{\"@type\":\"BreadcrumbList\",\"@id\":\"https:\\\/\\\/derpsairer.it\\\/it\\\/produkt\\\/urban\\\/#breadcrumb\",\"itemListElement\":[{\"@type\":\"ListItem\",\"position\":1,\"name\":\"Home\",\"item\":\"https:\\\/\\\/derpsairer.it\\\/it\\\/il-negozio-di-speck-der-psairer\\\/\"},{\"@type\":\"ListItem\",\"position\":2,\"name\":\"Shop\",\"item\":\"https:\\\/\\\/derpsairer.it\\\/shop\\\/\"},{\"@type\":\"ListItem\",\"position\":3,\"name\":\"Urban Weissburgunder \u2013 Vino bianco fresco e fruttato dell&#8217;Alto Adige\"}]},{\"@type\":\"WebSite\",\"@id\":\"https:\\\/\\\/derpsairer.it\\\/it\\\/#website\",\"url\":\"https:\\\/\\\/derpsairer.it\\\/it\\\/\",\"name\":\"Der Psairer - Speck, Wurst, K\u00e4se\",\"description\":\"Speck, Wurst und K\u00e4s aus Passeiertal in S\u00fcdtirol online bestellen.\",\"publisher\":{\"@id\":\"https:\\\/\\\/derpsairer.it\\\/it\\\/#organization\"},\"potentialAction\":[{\"@type\":\"SearchAction\",\"target\":{\"@type\":\"EntryPoint\",\"urlTemplate\":\"https:\\\/\\\/derpsairer.it\\\/it\\\/?s={search_term_string}\"},\"query-input\":{\"@type\":\"PropertyValueSpecification\",\"valueRequired\":true,\"valueName\":\"search_term_string\"}}],\"inLanguage\":\"it-IT\"},{\"@type\":\"Organization\",\"@id\":\"https:\\\/\\\/derpsairer.it\\\/it\\\/#organization\",\"name\":\"Der Psairer - Speck, Wurst, K\u00e4se\",\"url\":\"https:\\\/\\\/derpsairer.it\\\/it\\\/\",\"logo\":{\"@type\":\"ImageObject\",\"inLanguage\":\"it-IT\",\"@id\":\"https:\\\/\\\/derpsairer.it\\\/it\\\/#\\\/schema\\\/logo\\\/image\\\/\",\"url\":\"https:\\\/\\\/derpsairer.it\\\/wp-22\\\/wp-content\\\/uploads\\\/2020\\\/03\\\/DER-PSAIRER-LOGO-2x.png\",\"contentUrl\":\"https:\\\/\\\/derpsairer.it\\\/wp-22\\\/wp-content\\\/uploads\\\/2020\\\/03\\\/DER-PSAIRER-LOGO-2x.png\",\"width\":500,\"height\":500,\"caption\":\"Der Psairer - Speck, Wurst, K\u00e4se\"},\"image\":{\"@id\":\"https:\\\/\\\/derpsairer.it\\\/it\\\/#\\\/schema\\\/logo\\\/image\\\/\"},\"sameAs\":[\"https:\\\/\\\/www.facebook.com\\\/profile.php?id=100063648246860\"]}]}<\/script>\n<!-- \/ Yoast SEO plugin. -->","yoast_head_json":{"title":"Weissburgunder Urban \u2013 Fresco & fruttato dall'Alto Adige - Der Psairer - Speck, Wurst, K\u00e4se","description":"Weissburgunder Urban \u2013 fresco & fruttato con note di mela, delicato nell'acidit\u00e0 & equilibrato. Perfetto con pesce, pollame & carni bianche.","robots":{"index":"index","follow":"follow","max-snippet":"max-snippet:-1","max-image-preview":"max-image-preview:large","max-video-preview":"max-video-preview:-1"},"canonical":"https:\/\/derpsairer.it\/it\/produkt\/urban\/","og_locale":"it_IT","og_type":"article","og_title":"Weissburgunder Urban \u2013 Fresco & fruttato dall'Alto Adige - Der Psairer - Speck, Wurst, K\u00e4se","og_description":"Weissburgunder Urban \u2013 fresco & fruttato con note di mela, delicato nell'acidit\u00e0 & equilibrato. Perfetto con pesce, pollame & carni bianche.","og_url":"https:\/\/derpsairer.it\/it\/produkt\/urban\/","og_site_name":"Der Psairer - Speck, Wurst, K\u00e4se","article_publisher":"https:\/\/www.facebook.com\/profile.php?id=100063648246860","article_modified_time":"2026-01-14T15:48:08+00:00","og_image":[{"width":800,"height":800,"url":"https:\/\/derpsairer.it\/wp-22\/wp-content\/uploads\/2021\/08\/Urban.jpg","type":"image\/jpeg"}],"twitter_misc":{"Tempo di lettura stimato":"1 minute"},"schema":{"@context":"https:\/\/schema.org","@graph":[{"@type":"WebPage","@id":"https:\/\/derpsairer.it\/it\/produkt\/urban\/","url":"https:\/\/derpsairer.it\/it\/produkt\/urban\/","name":"Weissburgunder Urban \u2013 Fresco & fruttato dall'Alto Adige - Der Psairer - Speck, Wurst, K\u00e4se","isPartOf":{"@id":"https:\/\/derpsairer.it\/it\/#website"},"primaryImageOfPage":{"@id":"https:\/\/derpsairer.it\/it\/produkt\/urban\/#primaryimage"},"image":{"@id":"https:\/\/derpsairer.it\/it\/produkt\/urban\/#primaryimage"},"thumbnailUrl":"https:\/\/derpsairer.it\/wp-22\/wp-content\/uploads\/2021\/08\/Urban.jpg","datePublished":"2021-08-31T14:12:01+00:00","dateModified":"2026-01-14T15:48:08+00:00","description":"Weissburgunder Urban \u2013 fresco & fruttato con note di mela, delicato nell'acidit\u00e0 & equilibrato. Perfetto con pesce, pollame & carni bianche.","breadcrumb":{"@id":"https:\/\/derpsairer.it\/it\/produkt\/urban\/#breadcrumb"},"inLanguage":"it-IT","potentialAction":[{"@type":"ReadAction","target":["https:\/\/derpsairer.it\/it\/produkt\/urban\/"]}]},{"@type":"ImageObject","inLanguage":"it-IT","@id":"https:\/\/derpsairer.it\/it\/produkt\/urban\/#primaryimage","url":"https:\/\/derpsairer.it\/wp-22\/wp-content\/uploads\/2021\/08\/Urban.jpg","contentUrl":"https:\/\/derpsairer.it\/wp-22\/wp-content\/uploads\/2021\/08\/Urban.jpg","width":800,"height":800},{"@type":"BreadcrumbList","@id":"https:\/\/derpsairer.it\/it\/produkt\/urban\/#breadcrumb","itemListElement":[{"@type":"ListItem","position":1,"name":"Home","item":"https:\/\/derpsairer.it\/it\/il-negozio-di-speck-der-psairer\/"},{"@type":"ListItem","position":2,"name":"Shop","item":"https:\/\/derpsairer.it\/shop\/"},{"@type":"ListItem","position":3,"name":"Urban Weissburgunder \u2013 Vino bianco fresco e fruttato dell&#8217;Alto Adige"}]},{"@type":"WebSite","@id":"https:\/\/derpsairer.it\/it\/#website","url":"https:\/\/derpsairer.it\/it\/","name":"Der Psairer - Speck, Wurst, K\u00e4se","description":"Speck, Wurst und K\u00e4s aus Passeiertal in S\u00fcdtirol online bestellen.","publisher":{"@id":"https:\/\/derpsairer.it\/it\/#organization"},"potentialAction":[{"@type":"SearchAction","target":{"@type":"EntryPoint","urlTemplate":"https:\/\/derpsairer.it\/it\/?s={search_term_string}"},"query-input":{"@type":"PropertyValueSpecification","valueRequired":true,"valueName":"search_term_string"}}],"inLanguage":"it-IT"},{"@type":"Organization","@id":"https:\/\/derpsairer.it\/it\/#organization","name":"Der Psairer - Speck, Wurst, K\u00e4se","url":"https:\/\/derpsairer.it\/it\/","logo":{"@type":"ImageObject","inLanguage":"it-IT","@id":"https:\/\/derpsairer.it\/it\/#\/schema\/logo\/image\/","url":"https:\/\/derpsairer.it\/wp-22\/wp-content\/uploads\/2020\/03\/DER-PSAIRER-LOGO-2x.png","contentUrl":"https:\/\/derpsairer.it\/wp-22\/wp-content\/uploads\/2020\/03\/DER-PSAIRER-LOGO-2x.png","width":500,"height":500,"caption":"Der Psairer - Speck, Wurst, K\u00e4se"},"image":{"@id":"https:\/\/derpsairer.it\/it\/#\/schema\/logo\/image\/"},"sameAs":["https:\/\/www.facebook.com\/profile.php?id=100063648246860"]}]}},"_links":{"self":[{"href":"https:\/\/derpsairer.it\/it\/wp-json\/wp\/v2\/product\/5110","targetHints":{"allow":["GET"]}}],"collection":[{"href":"https:\/\/derpsairer.it\/it\/wp-json\/wp\/v2\/product"}],"about":[{"href":"https:\/\/derpsairer.it\/it\/wp-json\/wp\/v2\/types\/product"}],"wp:featuredmedia":[{"embeddable":true,"href":"https:\/\/derpsairer.it\/it\/wp-json\/wp\/v2\/media\/5642"}],"wp:attachment":[{"href":"https:\/\/derpsairer.it\/it\/wp-json\/wp\/v2\/media?parent=5110"}],"wp:term":[{"taxonomy":"product_brand","embeddable":true,"href":"https:\/\/derpsairer.it\/it\/wp-json\/wp\/v2\/product_brand?post=5110"},{"taxonomy":"product_cat","embeddable":true,"href":"https:\/\/derpsairer.it\/it\/wp-json\/wp\/v2\/product_cat?post=5110"},{"taxonomy":"product_tag","embeddable":true,"href":"https:\/\/derpsairer.it\/it\/wp-json\/wp\/v2\/product_tag?post=5110"}],"curies":[{"name":"wp","href":"https:\/\/api.w.org\/{rel}","templated":true}]}}