{"id":5111,"date":"2021-08-31T15:05:04","date_gmt":"2021-08-31T13:05:04","guid":{"rendered":"https:\/\/derpsairer.it\/produkt\/lagrein-rosato-mezzacorona\/"},"modified":"2026-01-14T16:51:53","modified_gmt":"2026-01-14T15:51:53","slug":"lagrein-rosato-mezzacorona","status":"publish","type":"product","link":"https:\/\/derpsairer.it\/it\/produkt\/lagrein-rosato-mezzacorona\/","title":{"rendered":"Lagrein Rosato \u2013 ros\u00e9 fresco del Trentino"},"content":{"rendered":"<p data-start=\"77\" data-end=\"598\">Il Lagrein Rosato \u00e8 un vino rosato fresco ed elegante del Trentino, ottenuto dall&#8217;omonimo vitigno autoctono. Il breve contatto del mosto con le bucce crea un rosato chiaro e vivace, dalla spiccata freschezza. Al naso rivela delicati aromi di frutti di bosco, al palato risulta minerale, equilibrato e rinfrescante, con una fine acidit\u00e0 e un piacevole finale. Un rosato versatile per un piacere senza complicazioni, ideale per le giornate calde e la cucina leggera.   <\/p>\n<p data-start=\"600\" data-end=\"623\"><strong>Cantina:<\/strong><br data-start=\"609\" data-end=\"612\">Mezzacorona<\/p>\n<p data-start=\"625\" data-end=\"644\"><strong>Vitigno:<\/strong><br data-start=\"634\" data-end=\"637\">Lagrein<\/p>\n<p data-start=\"646\" data-end=\"731\"><strong>Abbinamenti:<\/strong><br data-start=\"663\" data-end=\"666\">Antipasti, primi piatti leggeri, piatti a base di riso, carni bianche<\/p>\n<p data-start=\"733\" data-end=\"791\"><strong>Vinificazione:<\/strong><br data-start=\"740\" data-end=\"743\">Breve macerazione, affinamento in acciaio inox<\/p>\n<p data-start=\"793\" data-end=\"823\"><strong>Temperatura di servizio:<\/strong><br data-start=\"811\" data-end=\"814\">10 \u2013 12 \u00b0C<\/p>\n<p data-start=\"825\" data-end=\"846\"><strong>Gradazione alcolica:<\/strong><br data-start=\"839\" data-end=\"842\">12%<\/p>\n<p data-start=\"848\" data-end=\"864\"><strong>Contenuto:<\/strong><br data-start=\"855\" data-end=\"858\">0,75 l<\/p>\n<p data-start=\"866\" data-end=\"890\"><strong>Provenienza:<\/strong><br data-start=\"875\" data-end=\"878\">Trentino<\/p>\n<p data-start=\"892\" data-end=\"908\"><strong>Contiene solfiti.<\/strong><\/p>\n","protected":false},"excerpt":{"rendered":"<p>\u2022 Delicati aromi di frutti di bosco<br data-start=\"1412\" data-end=\"1415\">\u2022 Fresca acidit\u00e0<br data-start=\"1430\" data-end=\"1433\">\u2022 Carattere minerale<br data-start=\"1458\" data-end=\"1461\">\u2022 Ros\u00e9 leggero<br data-start=\"1476\" data-end=\"1479\">\u2022 Ideale con antipasti<\/p>\n","protected":false},"featured_media":5628,"template":"","meta":[],"product_brand":[],"product_cat":[188],"product_tag":[308,1837,3974,1865,3880,2322,3241,2631,2877,1608,2309,3243,425,3242],"class_list":{"0":"post-5111","1":"product","2":"type-product","3":"status-publish","4":"has-post-thumbnail","6":"product_cat-vino-distillati","7":"product_tag-aperitivo","8":"product_tag-con-antipasti","9":"product_tag-con-carni-bianche-2","10":"product_tag-con-pesce","11":"product_tag-con-risotti-2","12":"product_tag-fresco","13":"product_tag-lagrein-rosato","14":"product_tag-mezzacorona","15":"product_tag-minerale","16":"product_tag-per-la-pasta","17":"product_tag-secco","18":"product_tag-trentino-doc","19":"product_tag-vino-estivo","20":"product_tag-vino-rosato-2","22":"first","23":"instock","24":"shipping-taxable","25":"purchasable","26":"product-type-simple"},"yoast_head":"<!-- This site is optimized with the Yoast SEO plugin v27.4 - https:\/\/yoast.com\/product\/yoast-seo-wordpress\/ -->\n<title>Lagrein Rosato Mezzacorona \u2013 ros\u00e9 fresco del Trentino - Der Psairer - Speck, Wurst, K\u00e4se<\/title>\n<meta name=\"description\" content=\"Lagrein Rosato Mezzacorona del Trentino. Vino rosato fresco con acidit\u00e0 fine, carattere minerale e delicati aromi di frutti di bosco.\" \/>\n<meta name=\"robots\" content=\"index, follow, max-snippet:-1, max-image-preview:large, max-video-preview:-1\" \/>\n<link rel=\"canonical\" href=\"https:\/\/derpsairer.it\/it\/produkt\/lagrein-rosato-mezzacorona\/\" \/>\n<meta property=\"og:locale\" content=\"it_IT\" \/>\n<meta property=\"og:type\" content=\"article\" \/>\n<meta property=\"og:title\" content=\"Lagrein Rosato Mezzacorona \u2013 ros\u00e9 fresco del Trentino - Der Psairer - Speck, Wurst, K\u00e4se\" \/>\n<meta property=\"og:description\" content=\"Lagrein Rosato Mezzacorona del Trentino. Vino rosato fresco con acidit\u00e0 fine, carattere minerale e delicati aromi di frutti di bosco.\" \/>\n<meta property=\"og:url\" content=\"https:\/\/derpsairer.it\/it\/produkt\/lagrein-rosato-mezzacorona\/\" \/>\n<meta property=\"og:site_name\" content=\"Der Psairer - Speck, Wurst, K\u00e4se\" \/>\n<meta property=\"article:publisher\" content=\"https:\/\/www.facebook.com\/profile.php?id=100063648246860\" \/>\n<meta property=\"article:modified_time\" content=\"2026-01-14T15:51:53+00:00\" \/>\n<meta property=\"og:image\" content=\"https:\/\/derpsairer.it\/wp-22\/wp-content\/uploads\/2021\/08\/Mezzacorona-Lagrein-Rosato.jpg\" \/>\n\t<meta property=\"og:image:width\" content=\"800\" \/>\n\t<meta property=\"og:image:height\" content=\"800\" \/>\n\t<meta property=\"og:image:type\" content=\"image\/jpeg\" \/>\n<meta name=\"twitter:label1\" content=\"Tempo di lettura stimato\" \/>\n\t<meta name=\"twitter:data1\" content=\"1 minute\" \/>\n<script type=\"application\/ld+json\" class=\"yoast-schema-graph\">{\"@context\":\"https:\\\/\\\/schema.org\",\"@graph\":[{\"@type\":\"WebPage\",\"@id\":\"https:\\\/\\\/derpsairer.it\\\/it\\\/produkt\\\/lagrein-rosato-mezzacorona\\\/\",\"url\":\"https:\\\/\\\/derpsairer.it\\\/it\\\/produkt\\\/lagrein-rosato-mezzacorona\\\/\",\"name\":\"Lagrein Rosato Mezzacorona \u2013 ros\u00e9 fresco del Trentino - Der Psairer - Speck, Wurst, K\u00e4se\",\"isPartOf\":{\"@id\":\"https:\\\/\\\/derpsairer.it\\\/it\\\/#website\"},\"primaryImageOfPage\":{\"@id\":\"https:\\\/\\\/derpsairer.it\\\/it\\\/produkt\\\/lagrein-rosato-mezzacorona\\\/#primaryimage\"},\"image\":{\"@id\":\"https:\\\/\\\/derpsairer.it\\\/it\\\/produkt\\\/lagrein-rosato-mezzacorona\\\/#primaryimage\"},\"thumbnailUrl\":\"https:\\\/\\\/derpsairer.it\\\/wp-22\\\/wp-content\\\/uploads\\\/2021\\\/08\\\/Mezzacorona-Lagrein-Rosato.jpg\",\"datePublished\":\"2021-08-31T13:05:04+00:00\",\"dateModified\":\"2026-01-14T15:51:53+00:00\",\"description\":\"Lagrein Rosato Mezzacorona del Trentino. Vino rosato fresco con acidit\u00e0 fine, carattere minerale e delicati aromi di frutti di bosco.\",\"breadcrumb\":{\"@id\":\"https:\\\/\\\/derpsairer.it\\\/it\\\/produkt\\\/lagrein-rosato-mezzacorona\\\/#breadcrumb\"},\"inLanguage\":\"it-IT\",\"potentialAction\":[{\"@type\":\"ReadAction\",\"target\":[\"https:\\\/\\\/derpsairer.it\\\/it\\\/produkt\\\/lagrein-rosato-mezzacorona\\\/\"]}]},{\"@type\":\"ImageObject\",\"inLanguage\":\"it-IT\",\"@id\":\"https:\\\/\\\/derpsairer.it\\\/it\\\/produkt\\\/lagrein-rosato-mezzacorona\\\/#primaryimage\",\"url\":\"https:\\\/\\\/derpsairer.it\\\/wp-22\\\/wp-content\\\/uploads\\\/2021\\\/08\\\/Mezzacorona-Lagrein-Rosato.jpg\",\"contentUrl\":\"https:\\\/\\\/derpsairer.it\\\/wp-22\\\/wp-content\\\/uploads\\\/2021\\\/08\\\/Mezzacorona-Lagrein-Rosato.jpg\",\"width\":800,\"height\":800},{\"@type\":\"BreadcrumbList\",\"@id\":\"https:\\\/\\\/derpsairer.it\\\/it\\\/produkt\\\/lagrein-rosato-mezzacorona\\\/#breadcrumb\",\"itemListElement\":[{\"@type\":\"ListItem\",\"position\":1,\"name\":\"Home\",\"item\":\"https:\\\/\\\/derpsairer.it\\\/it\\\/il-negozio-di-speck-der-psairer\\\/\"},{\"@type\":\"ListItem\",\"position\":2,\"name\":\"Shop\",\"item\":\"https:\\\/\\\/derpsairer.it\\\/shop\\\/\"},{\"@type\":\"ListItem\",\"position\":3,\"name\":\"Lagrein Rosato \u2013 ros\u00e9 fresco del Trentino\"}]},{\"@type\":\"WebSite\",\"@id\":\"https:\\\/\\\/derpsairer.it\\\/it\\\/#website\",\"url\":\"https:\\\/\\\/derpsairer.it\\\/it\\\/\",\"name\":\"Der Psairer - Speck, Wurst, K\u00e4se\",\"description\":\"Speck, Wurst und K\u00e4s aus Passeiertal in S\u00fcdtirol online bestellen.\",\"publisher\":{\"@id\":\"https:\\\/\\\/derpsairer.it\\\/it\\\/#organization\"},\"potentialAction\":[{\"@type\":\"SearchAction\",\"target\":{\"@type\":\"EntryPoint\",\"urlTemplate\":\"https:\\\/\\\/derpsairer.it\\\/it\\\/?s={search_term_string}\"},\"query-input\":{\"@type\":\"PropertyValueSpecification\",\"valueRequired\":true,\"valueName\":\"search_term_string\"}}],\"inLanguage\":\"it-IT\"},{\"@type\":\"Organization\",\"@id\":\"https:\\\/\\\/derpsairer.it\\\/it\\\/#organization\",\"name\":\"Der Psairer - Speck, Wurst, K\u00e4se\",\"url\":\"https:\\\/\\\/derpsairer.it\\\/it\\\/\",\"logo\":{\"@type\":\"ImageObject\",\"inLanguage\":\"it-IT\",\"@id\":\"https:\\\/\\\/derpsairer.it\\\/it\\\/#\\\/schema\\\/logo\\\/image\\\/\",\"url\":\"https:\\\/\\\/derpsairer.it\\\/wp-22\\\/wp-content\\\/uploads\\\/2020\\\/03\\\/DER-PSAIRER-LOGO-2x.png\",\"contentUrl\":\"https:\\\/\\\/derpsairer.it\\\/wp-22\\\/wp-content\\\/uploads\\\/2020\\\/03\\\/DER-PSAIRER-LOGO-2x.png\",\"width\":500,\"height\":500,\"caption\":\"Der Psairer - Speck, Wurst, K\u00e4se\"},\"image\":{\"@id\":\"https:\\\/\\\/derpsairer.it\\\/it\\\/#\\\/schema\\\/logo\\\/image\\\/\"},\"sameAs\":[\"https:\\\/\\\/www.facebook.com\\\/profile.php?id=100063648246860\"]}]}<\/script>\n<!-- \/ Yoast SEO plugin. -->","yoast_head_json":{"title":"Lagrein Rosato Mezzacorona \u2013 ros\u00e9 fresco del Trentino - Der Psairer - Speck, Wurst, K\u00e4se","description":"Lagrein Rosato Mezzacorona del Trentino. Vino rosato fresco con acidit\u00e0 fine, carattere minerale e delicati aromi di frutti di bosco.","robots":{"index":"index","follow":"follow","max-snippet":"max-snippet:-1","max-image-preview":"max-image-preview:large","max-video-preview":"max-video-preview:-1"},"canonical":"https:\/\/derpsairer.it\/it\/produkt\/lagrein-rosato-mezzacorona\/","og_locale":"it_IT","og_type":"article","og_title":"Lagrein Rosato Mezzacorona \u2013 ros\u00e9 fresco del Trentino - Der Psairer - Speck, Wurst, K\u00e4se","og_description":"Lagrein Rosato Mezzacorona del Trentino. Vino rosato fresco con acidit\u00e0 fine, carattere minerale e delicati aromi di frutti di bosco.","og_url":"https:\/\/derpsairer.it\/it\/produkt\/lagrein-rosato-mezzacorona\/","og_site_name":"Der Psairer - Speck, Wurst, K\u00e4se","article_publisher":"https:\/\/www.facebook.com\/profile.php?id=100063648246860","article_modified_time":"2026-01-14T15:51:53+00:00","og_image":[{"width":800,"height":800,"url":"https:\/\/derpsairer.it\/wp-22\/wp-content\/uploads\/2021\/08\/Mezzacorona-Lagrein-Rosato.jpg","type":"image\/jpeg"}],"twitter_misc":{"Tempo di lettura stimato":"1 minute"},"schema":{"@context":"https:\/\/schema.org","@graph":[{"@type":"WebPage","@id":"https:\/\/derpsairer.it\/it\/produkt\/lagrein-rosato-mezzacorona\/","url":"https:\/\/derpsairer.it\/it\/produkt\/lagrein-rosato-mezzacorona\/","name":"Lagrein Rosato Mezzacorona \u2013 ros\u00e9 fresco del Trentino - Der Psairer - Speck, Wurst, K\u00e4se","isPartOf":{"@id":"https:\/\/derpsairer.it\/it\/#website"},"primaryImageOfPage":{"@id":"https:\/\/derpsairer.it\/it\/produkt\/lagrein-rosato-mezzacorona\/#primaryimage"},"image":{"@id":"https:\/\/derpsairer.it\/it\/produkt\/lagrein-rosato-mezzacorona\/#primaryimage"},"thumbnailUrl":"https:\/\/derpsairer.it\/wp-22\/wp-content\/uploads\/2021\/08\/Mezzacorona-Lagrein-Rosato.jpg","datePublished":"2021-08-31T13:05:04+00:00","dateModified":"2026-01-14T15:51:53+00:00","description":"Lagrein Rosato Mezzacorona del Trentino. Vino rosato fresco con acidit\u00e0 fine, carattere minerale e delicati aromi di frutti di bosco.","breadcrumb":{"@id":"https:\/\/derpsairer.it\/it\/produkt\/lagrein-rosato-mezzacorona\/#breadcrumb"},"inLanguage":"it-IT","potentialAction":[{"@type":"ReadAction","target":["https:\/\/derpsairer.it\/it\/produkt\/lagrein-rosato-mezzacorona\/"]}]},{"@type":"ImageObject","inLanguage":"it-IT","@id":"https:\/\/derpsairer.it\/it\/produkt\/lagrein-rosato-mezzacorona\/#primaryimage","url":"https:\/\/derpsairer.it\/wp-22\/wp-content\/uploads\/2021\/08\/Mezzacorona-Lagrein-Rosato.jpg","contentUrl":"https:\/\/derpsairer.it\/wp-22\/wp-content\/uploads\/2021\/08\/Mezzacorona-Lagrein-Rosato.jpg","width":800,"height":800},{"@type":"BreadcrumbList","@id":"https:\/\/derpsairer.it\/it\/produkt\/lagrein-rosato-mezzacorona\/#breadcrumb","itemListElement":[{"@type":"ListItem","position":1,"name":"Home","item":"https:\/\/derpsairer.it\/it\/il-negozio-di-speck-der-psairer\/"},{"@type":"ListItem","position":2,"name":"Shop","item":"https:\/\/derpsairer.it\/shop\/"},{"@type":"ListItem","position":3,"name":"Lagrein Rosato \u2013 ros\u00e9 fresco del Trentino"}]},{"@type":"WebSite","@id":"https:\/\/derpsairer.it\/it\/#website","url":"https:\/\/derpsairer.it\/it\/","name":"Der Psairer - Speck, Wurst, K\u00e4se","description":"Speck, Wurst und K\u00e4s aus Passeiertal in S\u00fcdtirol online bestellen.","publisher":{"@id":"https:\/\/derpsairer.it\/it\/#organization"},"potentialAction":[{"@type":"SearchAction","target":{"@type":"EntryPoint","urlTemplate":"https:\/\/derpsairer.it\/it\/?s={search_term_string}"},"query-input":{"@type":"PropertyValueSpecification","valueRequired":true,"valueName":"search_term_string"}}],"inLanguage":"it-IT"},{"@type":"Organization","@id":"https:\/\/derpsairer.it\/it\/#organization","name":"Der Psairer - Speck, Wurst, K\u00e4se","url":"https:\/\/derpsairer.it\/it\/","logo":{"@type":"ImageObject","inLanguage":"it-IT","@id":"https:\/\/derpsairer.it\/it\/#\/schema\/logo\/image\/","url":"https:\/\/derpsairer.it\/wp-22\/wp-content\/uploads\/2020\/03\/DER-PSAIRER-LOGO-2x.png","contentUrl":"https:\/\/derpsairer.it\/wp-22\/wp-content\/uploads\/2020\/03\/DER-PSAIRER-LOGO-2x.png","width":500,"height":500,"caption":"Der Psairer - Speck, Wurst, K\u00e4se"},"image":{"@id":"https:\/\/derpsairer.it\/it\/#\/schema\/logo\/image\/"},"sameAs":["https:\/\/www.facebook.com\/profile.php?id=100063648246860"]}]}},"_links":{"self":[{"href":"https:\/\/derpsairer.it\/it\/wp-json\/wp\/v2\/product\/5111","targetHints":{"allow":["GET"]}}],"collection":[{"href":"https:\/\/derpsairer.it\/it\/wp-json\/wp\/v2\/product"}],"about":[{"href":"https:\/\/derpsairer.it\/it\/wp-json\/wp\/v2\/types\/product"}],"wp:featuredmedia":[{"embeddable":true,"href":"https:\/\/derpsairer.it\/it\/wp-json\/wp\/v2\/media\/5628"}],"wp:attachment":[{"href":"https:\/\/derpsairer.it\/it\/wp-json\/wp\/v2\/media?parent=5111"}],"wp:term":[{"taxonomy":"product_brand","embeddable":true,"href":"https:\/\/derpsairer.it\/it\/wp-json\/wp\/v2\/product_brand?post=5111"},{"taxonomy":"product_cat","embeddable":true,"href":"https:\/\/derpsairer.it\/it\/wp-json\/wp\/v2\/product_cat?post=5111"},{"taxonomy":"product_tag","embeddable":true,"href":"https:\/\/derpsairer.it\/it\/wp-json\/wp\/v2\/product_tag?post=5111"}],"curies":[{"name":"wp","href":"https:\/\/api.w.org\/{rel}","templated":true}]}}