{"id":5112,"date":"2021-08-31T15:04:09","date_gmt":"2021-08-31T13:04:09","guid":{"rendered":"https:\/\/derpsairer.it\/produkt\/rosalie-festival\/"},"modified":"2026-01-08T17:59:12","modified_gmt":"2026-01-08T16:59:12","slug":"rosalie-festival","status":"publish","type":"product","link":"https:\/\/derpsairer.it\/it\/produkt\/rosalie-festival\/","title":{"rendered":"Rosalie Festival \u2013 Ros\u00e9 fresco con elegante fruttato"},"content":{"rendered":"<p data-start=\"71\" data-end=\"726\">Il vino rosato \u201cRosalie Festival\u201d della Cantina Merano \u00e8 un vino estivo espressivo dell&#8217;Alto Adige. Nel bicchiere si presenta con un colore rosa antico brillante con riflessi rubino, rivelando la sua natura vivace. Al naso si sprigionano aromi di ciliegie, piccoli frutti di bosco rossi e delicati petali di rosa. Al palato si presenta fresco, morbido e armonico, con un&#8217;elegante struttura acida e un finale fine e persistente. Grazie all&#8217;affinamento in vasche di acciaio inox e alla maturazione sui lieviti fini, questo Ros\u00e9 conserva la sua chiarezza, freschezza ed equilibrio. Un accompagnamento versatile per le giornate calde, gli aperitivi e la cucina leggera e aromatica.    <\/p>\n<p data-start=\"728\" data-end=\"745\"><strong>Cantina:<\/strong><br data-start=\"737\" data-end=\"740\">Merano<\/p>\n<p data-start=\"747\" data-end=\"811\"><strong>Vitigno:<\/strong><br data-start=\"756\" data-end=\"759\">Cuv\u00e9e di variet\u00e0 di vini rossi di medio corpo e corposi<\/p>\n<p data-start=\"813\" data-end=\"929\"><strong>Abbinamenti:<\/strong><br data-start=\"830\" data-end=\"833\">Antipasti sostanziosi, pesce affumicato, pesce alla griglia, pollame alla griglia, carni bianche<\/p>\n<p data-start=\"931\" data-end=\"1048\"><strong>Affinamento:<\/strong><br data-start=\"938\" data-end=\"941\">Macerazione a freddo in vasche di acciaio<br data-start=\"968\" data-end=\"971\">Fermentazione a temperatura controllata<br data-start=\"1007\" data-end=\"1010\">Affinamento sui lieviti fini per 5 mesi<\/p>\n<p data-start=\"1050\" data-end=\"1080\"><strong>Temperatura di servizio:<\/strong><br data-start=\"1068\" data-end=\"1071\">10 \u2013 12 \u00b0C<\/p>\n<p data-start=\"1082\" data-end=\"1105\"><strong>Gradazione alcolica:<\/strong><br data-start=\"1096\" data-end=\"1099\">13,0 %<\/p>\n<p data-start=\"1107\" data-end=\"1123\"><strong>Contenuto:<\/strong><br data-start=\"1114\" data-end=\"1117\">0,75 l<\/p>\n<p data-start=\"1125\" data-end=\"1155\"><strong>Provenienza:<\/strong><br data-start=\"1134\" data-end=\"1137\">Alto Adige<\/p>\n<p data-start=\"1157\" data-end=\"1173\"><strong>Contiene solfiti.<\/strong><\/p>\n<div class=\"item col-6\">\n<div class=\"text\">\n<div class=\"description\">\n<p>&nbsp;<\/p>\n<\/div>\n<\/div>\n<\/div>\n","protected":false},"excerpt":{"rendered":"<p>\u2022 Rosa antico brillante<br data-start=\"1692\" data-end=\"1695\">\u2022 Aromi di ciliegie e frutti di bosco<br data-start=\"1731\" data-end=\"1734\">\u2022 Delicate note di rosa<br data-start=\"1752\" data-end=\"1755\">\u2022 Fresco ed elegante<br data-start=\"1775\" data-end=\"1778\">\u2022 Ideale per l&#8217;estate e grigliate<\/p>\n","protected":false},"featured_media":5634,"template":"","meta":[],"product_brand":[],"product_cat":[188],"product_tag":[1945,308,2586,2637,1865,2490,2322,3043,3921,2684,425,3242],"class_list":{"0":"post-5112","1":"product","2":"type-product","3":"status-publish","4":"has-post-thumbnail","6":"product_cat-vino-distillati","7":"product_tag-alto-adige","8":"product_tag-aperitivo","9":"product_tag-cantina-merano","10":"product_tag-ciliegia","11":"product_tag-con-pesce","12":"product_tag-elegante","13":"product_tag-fresco","14":"product_tag-lievito-fine","15":"product_tag-per-grigliate-2","16":"product_tag-rose-2","17":"product_tag-vino-estivo","18":"product_tag-vino-rosato-2","20":"first","21":"instock","22":"taxable","23":"shipping-taxable","24":"purchasable","25":"product-type-simple"},"yoast_head":"<!-- This site is optimized with the Yoast SEO plugin v27.5 - https:\/\/yoast.com\/product\/yoast-seo-wordpress\/ -->\n<title>Rosalie Festival \u2013 Vino rosato fruttato dell&#039;Alto Adige - Der Psairer - Speck, Wurst, K\u00e4se<\/title>\n<meta name=\"description\" content=\"Rosalie Festival Ros\u00e9 dell&#039;Alto Adige. Vino rosato fresco ed elegante con aromi di ciliegie, frutti di bosco e rose, ideale per l&#039;estate e l&#039;aperitivo.\" \/>\n<meta name=\"robots\" content=\"index, follow, max-snippet:-1, max-image-preview:large, max-video-preview:-1\" \/>\n<link rel=\"canonical\" href=\"https:\/\/derpsairer.it\/it\/produkt\/rosalie-festival\/\" \/>\n<meta property=\"og:locale\" content=\"it_IT\" \/>\n<meta property=\"og:type\" content=\"article\" \/>\n<meta property=\"og:title\" content=\"Rosalie Festival \u2013 Vino rosato fruttato dell&#039;Alto Adige - Der Psairer - Speck, Wurst, K\u00e4se\" \/>\n<meta property=\"og:description\" content=\"Rosalie Festival Ros\u00e9 dell&#039;Alto Adige. Vino rosato fresco ed elegante con aromi di ciliegie, frutti di bosco e rose, ideale per l&#039;estate e l&#039;aperitivo.\" \/>\n<meta property=\"og:url\" content=\"https:\/\/derpsairer.it\/it\/produkt\/rosalie-festival\/\" \/>\n<meta property=\"og:site_name\" content=\"Der Psairer - Speck, Wurst, K\u00e4se\" \/>\n<meta property=\"article:publisher\" content=\"https:\/\/www.facebook.com\/profile.php?id=100063648246860\" \/>\n<meta property=\"article:modified_time\" content=\"2026-01-08T16:59:12+00:00\" \/>\n<meta property=\"og:image\" content=\"https:\/\/derpsairer.it\/wp-22\/wp-content\/uploads\/2021\/08\/Rosalie-Meran.jpg\" \/>\n\t<meta property=\"og:image:width\" content=\"800\" \/>\n\t<meta property=\"og:image:height\" content=\"800\" \/>\n\t<meta property=\"og:image:type\" content=\"image\/jpeg\" \/>\n<meta name=\"twitter:label1\" content=\"Tempo di lettura stimato\" \/>\n\t<meta name=\"twitter:data1\" content=\"1 minute\" \/>\n<script type=\"application\/ld+json\" class=\"yoast-schema-graph\">{\"@context\":\"https:\\\/\\\/schema.org\",\"@graph\":[{\"@type\":\"WebPage\",\"@id\":\"https:\\\/\\\/derpsairer.it\\\/it\\\/produkt\\\/rosalie-festival\\\/\",\"url\":\"https:\\\/\\\/derpsairer.it\\\/it\\\/produkt\\\/rosalie-festival\\\/\",\"name\":\"Rosalie Festival \u2013 Vino rosato fruttato dell'Alto Adige - Der Psairer - Speck, Wurst, K\u00e4se\",\"isPartOf\":{\"@id\":\"https:\\\/\\\/derpsairer.it\\\/it\\\/#website\"},\"primaryImageOfPage\":{\"@id\":\"https:\\\/\\\/derpsairer.it\\\/it\\\/produkt\\\/rosalie-festival\\\/#primaryimage\"},\"image\":{\"@id\":\"https:\\\/\\\/derpsairer.it\\\/it\\\/produkt\\\/rosalie-festival\\\/#primaryimage\"},\"thumbnailUrl\":\"https:\\\/\\\/derpsairer.it\\\/wp-22\\\/wp-content\\\/uploads\\\/2021\\\/08\\\/Rosalie-Meran.jpg\",\"datePublished\":\"2021-08-31T13:04:09+00:00\",\"dateModified\":\"2026-01-08T16:59:12+00:00\",\"description\":\"Rosalie Festival Ros\u00e9 dell'Alto Adige. Vino rosato fresco ed elegante con aromi di ciliegie, frutti di bosco e rose, ideale per l'estate e l'aperitivo.\",\"breadcrumb\":{\"@id\":\"https:\\\/\\\/derpsairer.it\\\/it\\\/produkt\\\/rosalie-festival\\\/#breadcrumb\"},\"inLanguage\":\"it-IT\",\"potentialAction\":[{\"@type\":\"ReadAction\",\"target\":[\"https:\\\/\\\/derpsairer.it\\\/it\\\/produkt\\\/rosalie-festival\\\/\"]}]},{\"@type\":\"ImageObject\",\"inLanguage\":\"it-IT\",\"@id\":\"https:\\\/\\\/derpsairer.it\\\/it\\\/produkt\\\/rosalie-festival\\\/#primaryimage\",\"url\":\"https:\\\/\\\/derpsairer.it\\\/wp-22\\\/wp-content\\\/uploads\\\/2021\\\/08\\\/Rosalie-Meran.jpg\",\"contentUrl\":\"https:\\\/\\\/derpsairer.it\\\/wp-22\\\/wp-content\\\/uploads\\\/2021\\\/08\\\/Rosalie-Meran.jpg\",\"width\":800,\"height\":800},{\"@type\":\"BreadcrumbList\",\"@id\":\"https:\\\/\\\/derpsairer.it\\\/it\\\/produkt\\\/rosalie-festival\\\/#breadcrumb\",\"itemListElement\":[{\"@type\":\"ListItem\",\"position\":1,\"name\":\"Home\",\"item\":\"https:\\\/\\\/derpsairer.it\\\/it\\\/il-negozio-di-speck-der-psairer\\\/\"},{\"@type\":\"ListItem\",\"position\":2,\"name\":\"Shop\",\"item\":\"https:\\\/\\\/derpsairer.it\\\/shop\\\/\"},{\"@type\":\"ListItem\",\"position\":3,\"name\":\"Rosalie Festival \u2013 Ros\u00e9 fresco con elegante fruttato\"}]},{\"@type\":\"WebSite\",\"@id\":\"https:\\\/\\\/derpsairer.it\\\/it\\\/#website\",\"url\":\"https:\\\/\\\/derpsairer.it\\\/it\\\/\",\"name\":\"Der Psairer - Speck, Wurst, K\u00e4se\",\"description\":\"Speck, Wurst und K\u00e4s aus Passeiertal in S\u00fcdtirol online bestellen.\",\"publisher\":{\"@id\":\"https:\\\/\\\/derpsairer.it\\\/it\\\/#organization\"},\"potentialAction\":[{\"@type\":\"SearchAction\",\"target\":{\"@type\":\"EntryPoint\",\"urlTemplate\":\"https:\\\/\\\/derpsairer.it\\\/it\\\/?s={search_term_string}\"},\"query-input\":{\"@type\":\"PropertyValueSpecification\",\"valueRequired\":true,\"valueName\":\"search_term_string\"}}],\"inLanguage\":\"it-IT\"},{\"@type\":\"Organization\",\"@id\":\"https:\\\/\\\/derpsairer.it\\\/it\\\/#organization\",\"name\":\"Der Psairer - Speck, Wurst, K\u00e4se\",\"url\":\"https:\\\/\\\/derpsairer.it\\\/it\\\/\",\"logo\":{\"@type\":\"ImageObject\",\"inLanguage\":\"it-IT\",\"@id\":\"https:\\\/\\\/derpsairer.it\\\/it\\\/#\\\/schema\\\/logo\\\/image\\\/\",\"url\":\"https:\\\/\\\/derpsairer.it\\\/wp-22\\\/wp-content\\\/uploads\\\/2020\\\/03\\\/DER-PSAIRER-LOGO-2x.png\",\"contentUrl\":\"https:\\\/\\\/derpsairer.it\\\/wp-22\\\/wp-content\\\/uploads\\\/2020\\\/03\\\/DER-PSAIRER-LOGO-2x.png\",\"width\":500,\"height\":500,\"caption\":\"Der Psairer - Speck, Wurst, K\u00e4se\"},\"image\":{\"@id\":\"https:\\\/\\\/derpsairer.it\\\/it\\\/#\\\/schema\\\/logo\\\/image\\\/\"},\"sameAs\":[\"https:\\\/\\\/www.facebook.com\\\/profile.php?id=100063648246860\"]}]}<\/script>\n<!-- \/ Yoast SEO plugin. -->","yoast_head_json":{"title":"Rosalie Festival \u2013 Vino rosato fruttato dell'Alto Adige - Der Psairer - Speck, Wurst, K\u00e4se","description":"Rosalie Festival Ros\u00e9 dell'Alto Adige. Vino rosato fresco ed elegante con aromi di ciliegie, frutti di bosco e rose, ideale per l'estate e l'aperitivo.","robots":{"index":"index","follow":"follow","max-snippet":"max-snippet:-1","max-image-preview":"max-image-preview:large","max-video-preview":"max-video-preview:-1"},"canonical":"https:\/\/derpsairer.it\/it\/produkt\/rosalie-festival\/","og_locale":"it_IT","og_type":"article","og_title":"Rosalie Festival \u2013 Vino rosato fruttato dell'Alto Adige - Der Psairer - Speck, Wurst, K\u00e4se","og_description":"Rosalie Festival Ros\u00e9 dell'Alto Adige. Vino rosato fresco ed elegante con aromi di ciliegie, frutti di bosco e rose, ideale per l'estate e l'aperitivo.","og_url":"https:\/\/derpsairer.it\/it\/produkt\/rosalie-festival\/","og_site_name":"Der Psairer - Speck, Wurst, K\u00e4se","article_publisher":"https:\/\/www.facebook.com\/profile.php?id=100063648246860","article_modified_time":"2026-01-08T16:59:12+00:00","og_image":[{"width":800,"height":800,"url":"https:\/\/derpsairer.it\/wp-22\/wp-content\/uploads\/2021\/08\/Rosalie-Meran.jpg","type":"image\/jpeg"}],"twitter_misc":{"Tempo di lettura stimato":"1 minute"},"schema":{"@context":"https:\/\/schema.org","@graph":[{"@type":"WebPage","@id":"https:\/\/derpsairer.it\/it\/produkt\/rosalie-festival\/","url":"https:\/\/derpsairer.it\/it\/produkt\/rosalie-festival\/","name":"Rosalie Festival \u2013 Vino rosato fruttato dell'Alto Adige - Der Psairer - Speck, Wurst, K\u00e4se","isPartOf":{"@id":"https:\/\/derpsairer.it\/it\/#website"},"primaryImageOfPage":{"@id":"https:\/\/derpsairer.it\/it\/produkt\/rosalie-festival\/#primaryimage"},"image":{"@id":"https:\/\/derpsairer.it\/it\/produkt\/rosalie-festival\/#primaryimage"},"thumbnailUrl":"https:\/\/derpsairer.it\/wp-22\/wp-content\/uploads\/2021\/08\/Rosalie-Meran.jpg","datePublished":"2021-08-31T13:04:09+00:00","dateModified":"2026-01-08T16:59:12+00:00","description":"Rosalie Festival Ros\u00e9 dell'Alto Adige. Vino rosato fresco ed elegante con aromi di ciliegie, frutti di bosco e rose, ideale per l'estate e l'aperitivo.","breadcrumb":{"@id":"https:\/\/derpsairer.it\/it\/produkt\/rosalie-festival\/#breadcrumb"},"inLanguage":"it-IT","potentialAction":[{"@type":"ReadAction","target":["https:\/\/derpsairer.it\/it\/produkt\/rosalie-festival\/"]}]},{"@type":"ImageObject","inLanguage":"it-IT","@id":"https:\/\/derpsairer.it\/it\/produkt\/rosalie-festival\/#primaryimage","url":"https:\/\/derpsairer.it\/wp-22\/wp-content\/uploads\/2021\/08\/Rosalie-Meran.jpg","contentUrl":"https:\/\/derpsairer.it\/wp-22\/wp-content\/uploads\/2021\/08\/Rosalie-Meran.jpg","width":800,"height":800},{"@type":"BreadcrumbList","@id":"https:\/\/derpsairer.it\/it\/produkt\/rosalie-festival\/#breadcrumb","itemListElement":[{"@type":"ListItem","position":1,"name":"Home","item":"https:\/\/derpsairer.it\/it\/il-negozio-di-speck-der-psairer\/"},{"@type":"ListItem","position":2,"name":"Shop","item":"https:\/\/derpsairer.it\/shop\/"},{"@type":"ListItem","position":3,"name":"Rosalie Festival \u2013 Ros\u00e9 fresco con elegante fruttato"}]},{"@type":"WebSite","@id":"https:\/\/derpsairer.it\/it\/#website","url":"https:\/\/derpsairer.it\/it\/","name":"Der Psairer - Speck, Wurst, K\u00e4se","description":"Speck, Wurst und K\u00e4s aus Passeiertal in S\u00fcdtirol online bestellen.","publisher":{"@id":"https:\/\/derpsairer.it\/it\/#organization"},"potentialAction":[{"@type":"SearchAction","target":{"@type":"EntryPoint","urlTemplate":"https:\/\/derpsairer.it\/it\/?s={search_term_string}"},"query-input":{"@type":"PropertyValueSpecification","valueRequired":true,"valueName":"search_term_string"}}],"inLanguage":"it-IT"},{"@type":"Organization","@id":"https:\/\/derpsairer.it\/it\/#organization","name":"Der Psairer - Speck, Wurst, K\u00e4se","url":"https:\/\/derpsairer.it\/it\/","logo":{"@type":"ImageObject","inLanguage":"it-IT","@id":"https:\/\/derpsairer.it\/it\/#\/schema\/logo\/image\/","url":"https:\/\/derpsairer.it\/wp-22\/wp-content\/uploads\/2020\/03\/DER-PSAIRER-LOGO-2x.png","contentUrl":"https:\/\/derpsairer.it\/wp-22\/wp-content\/uploads\/2020\/03\/DER-PSAIRER-LOGO-2x.png","width":500,"height":500,"caption":"Der Psairer - Speck, Wurst, K\u00e4se"},"image":{"@id":"https:\/\/derpsairer.it\/it\/#\/schema\/logo\/image\/"},"sameAs":["https:\/\/www.facebook.com\/profile.php?id=100063648246860"]}]}},"_links":{"self":[{"href":"https:\/\/derpsairer.it\/it\/wp-json\/wp\/v2\/product\/5112","targetHints":{"allow":["GET"]}}],"collection":[{"href":"https:\/\/derpsairer.it\/it\/wp-json\/wp\/v2\/product"}],"about":[{"href":"https:\/\/derpsairer.it\/it\/wp-json\/wp\/v2\/types\/product"}],"wp:featuredmedia":[{"embeddable":true,"href":"https:\/\/derpsairer.it\/it\/wp-json\/wp\/v2\/media\/5634"}],"wp:attachment":[{"href":"https:\/\/derpsairer.it\/it\/wp-json\/wp\/v2\/media?parent=5112"}],"wp:term":[{"taxonomy":"product_brand","embeddable":true,"href":"https:\/\/derpsairer.it\/it\/wp-json\/wp\/v2\/product_brand?post=5112"},{"taxonomy":"product_cat","embeddable":true,"href":"https:\/\/derpsairer.it\/it\/wp-json\/wp\/v2\/product_cat?post=5112"},{"taxonomy":"product_tag","embeddable":true,"href":"https:\/\/derpsairer.it\/it\/wp-json\/wp\/v2\/product_tag?post=5112"}],"curies":[{"name":"wp","href":"https:\/\/api.w.org\/{rel}","templated":true}]}}