{"id":5113,"date":"2021-08-31T15:29:42","date_gmt":"2021-08-31T13:29:42","guid":{"rendered":"https:\/\/derpsairer.it\/produkt\/pinot-nero-cantina-bolzano\/"},"modified":"2026-01-14T16:47:55","modified_gmt":"2026-01-14T15:47:55","slug":"pinot-nero-cantina-bolzano","status":"publish","type":"product","link":"https:\/\/derpsairer.it\/it\/produkt\/pinot-nero-cantina-bolzano\/","title":{"rendered":"Blauburgunder Kellerei Bozen \u2013 elegante Pinot Nero dell&#8217;Alto Adige"},"content":{"rendered":"<p data-start=\"82\" data-end=\"736\">Il Blauburgunder della Kellerei Bozen dimostra in modo impressionante perch\u00e9 l&#8217;Alto Adige \u00e8 considerata la seconda patria del Pinot Nero. Dopo diversi mesi di affinamento in acciaio e in botte, il vino si presenta con un colore rosso rubino brillante con riflessi granati. Al naso si sviluppano aromi fruttati e floreali di frutti rossi e violetta, accompagnati da una fine nota speziata di liquirizia. Al palato convince con un frutto persistente, tannini vellutati e una struttura elegante. Un vino rosso versatile, che si abbina perfettamente a primi piatti con rag\u00f9 corposi, a piatti di carne e selvaggina robusti e a formaggi stagionati.    <\/p>\n<p data-start=\"738\" data-end=\"764\"><strong>Cantina:<\/strong><br data-start=\"747\" data-end=\"750\">Kellerei Bozen<\/p>\n<p data-start=\"766\" data-end=\"791\"><strong>Vitigno:<\/strong><br data-start=\"775\" data-end=\"778\">Blauburgunder<\/p>\n<p data-start=\"793\" data-end=\"910\"><strong>Abbinamenti:<\/strong><br data-start=\"810\" data-end=\"813\">Manzo, agnello, selvaggina da piuma come anatra o fagiano, formaggi stagionati, pasta con rag\u00f9 corposi<\/p>\n<p data-start=\"912\" data-end=\"962\"><strong>Affinamento:<\/strong><br data-start=\"919\" data-end=\"922\">Affinamento in acciaio e in botte<\/p>\n<p data-start=\"964\" data-end=\"994\"><strong>Temperatura di servizio:<\/strong><br data-start=\"982\" data-end=\"985\">14 \u2013 16 \u00b0C<\/p>\n<p data-start=\"996\" data-end=\"1022\"><strong>Gradazione alcolica:<\/strong><br data-start=\"1010\" data-end=\"1013\">13% Vol.<\/p>\n<p data-start=\"1024\" data-end=\"1040\"><strong>Contenuto:<\/strong><br data-start=\"1031\" data-end=\"1034\">0,75 l<\/p>\n<p data-start=\"1042\" data-end=\"1058\"><strong>Contiene solfiti.<\/strong><\/p>\n","protected":false},"excerpt":{"rendered":"<p>\u2022 Elegante Pinot Nero dell&#8217;Alto Adige<br data-start=\"1489\" data-end=\"1492\">\u2022 Aromi di frutti di bosco, violetta e liquirizia<br data-start=\"1534\" data-end=\"1537\">\u2022 Tannini vellutati e struttura elegante<br data-start=\"1579\" data-end=\"1582\">\u2022 Affinamento in acciaio e botte<br data-start=\"1616\" data-end=\"1619\">\u2022 Ideale con pasta, carne e formaggi stagionati<\/p>\n","protected":false},"featured_media":5632,"template":"","meta":[],"product_brand":[],"product_cat":[188],"product_tag":[3233,2128,2563,2606,2062,3913,2490,2530,1798,1287,2614,2628,2059,3074],"class_list":{"0":"post-5113","1":"product","2":"type-product","3":"status-publish","4":"has-post-thumbnail","6":"product_cat-vino-distillati","7":"product_tag-acciaio","8":"product_tag-bacche","9":"product_tag-botte-di-legno","10":"product_tag-cantina-bolzano","11":"product_tag-con-formaggio","12":"product_tag-con-pasta-al-ragu","13":"product_tag-elegante","14":"product_tag-liquirizia","15":"product_tag-per-carne","16":"product_tag-pinot-nero","17":"product_tag-pinot-nero-3","18":"product_tag-vellutato","19":"product_tag-vino-rosso-altoatesino-2","20":"product_tag-violetta","22":"first","23":"instock","24":"taxable","25":"shipping-taxable","26":"purchasable","27":"product-type-simple"},"yoast_head":"<!-- This site is optimized with the Yoast SEO plugin v27.5 - https:\/\/yoast.com\/product\/yoast-seo-wordpress\/ -->\n<title>Blauburgunder Cantina Bolzano \u2013 Elegante &amp; fruttato dall&#039;Alto Adige - Der Psairer - Speck, Wurst, K\u00e4se<\/title>\n<meta name=\"description\" content=\"Blauburgunder Cantina Bolzano \u2013 elegante &amp; fruttato con note di frutti di bosco, violetta &amp; liquirizia. Morbido, vellutato &amp; armonico al palato.\" \/>\n<meta name=\"robots\" content=\"index, follow, max-snippet:-1, max-image-preview:large, max-video-preview:-1\" \/>\n<link rel=\"canonical\" href=\"https:\/\/derpsairer.it\/it\/produkt\/pinot-nero-cantina-bolzano\/\" \/>\n<meta property=\"og:locale\" content=\"it_IT\" \/>\n<meta property=\"og:type\" content=\"article\" \/>\n<meta property=\"og:title\" content=\"Blauburgunder Cantina Bolzano \u2013 Elegante &amp; fruttato dall&#039;Alto Adige - Der Psairer - Speck, Wurst, K\u00e4se\" \/>\n<meta property=\"og:description\" content=\"Blauburgunder Cantina Bolzano \u2013 elegante &amp; fruttato con note di frutti di bosco, violetta &amp; liquirizia. Morbido, vellutato &amp; armonico al palato.\" \/>\n<meta property=\"og:url\" content=\"https:\/\/derpsairer.it\/it\/produkt\/pinot-nero-cantina-bolzano\/\" \/>\n<meta property=\"og:site_name\" content=\"Der Psairer - Speck, Wurst, K\u00e4se\" \/>\n<meta property=\"article:publisher\" content=\"https:\/\/www.facebook.com\/profile.php?id=100063648246860\" \/>\n<meta property=\"article:modified_time\" content=\"2026-01-14T15:47:55+00:00\" \/>\n<meta property=\"og:image\" content=\"https:\/\/derpsairer.it\/wp-22\/wp-content\/uploads\/2021\/08\/Pinot-Nero-Bozen.jpg\" \/>\n\t<meta property=\"og:image:width\" content=\"800\" \/>\n\t<meta property=\"og:image:height\" content=\"800\" \/>\n\t<meta property=\"og:image:type\" content=\"image\/jpeg\" \/>\n<meta name=\"twitter:label1\" content=\"Tempo di lettura stimato\" \/>\n\t<meta name=\"twitter:data1\" content=\"1 minute\" \/>\n<script type=\"application\/ld+json\" class=\"yoast-schema-graph\">{\"@context\":\"https:\\\/\\\/schema.org\",\"@graph\":[{\"@type\":\"WebPage\",\"@id\":\"https:\\\/\\\/derpsairer.it\\\/it\\\/produkt\\\/pinot-nero-cantina-bolzano\\\/\",\"url\":\"https:\\\/\\\/derpsairer.it\\\/it\\\/produkt\\\/pinot-nero-cantina-bolzano\\\/\",\"name\":\"Blauburgunder Cantina Bolzano \u2013 Elegante & fruttato dall'Alto Adige - Der Psairer - Speck, Wurst, K\u00e4se\",\"isPartOf\":{\"@id\":\"https:\\\/\\\/derpsairer.it\\\/it\\\/#website\"},\"primaryImageOfPage\":{\"@id\":\"https:\\\/\\\/derpsairer.it\\\/it\\\/produkt\\\/pinot-nero-cantina-bolzano\\\/#primaryimage\"},\"image\":{\"@id\":\"https:\\\/\\\/derpsairer.it\\\/it\\\/produkt\\\/pinot-nero-cantina-bolzano\\\/#primaryimage\"},\"thumbnailUrl\":\"https:\\\/\\\/derpsairer.it\\\/wp-22\\\/wp-content\\\/uploads\\\/2021\\\/08\\\/Pinot-Nero-Bozen.jpg\",\"datePublished\":\"2021-08-31T13:29:42+00:00\",\"dateModified\":\"2026-01-14T15:47:55+00:00\",\"description\":\"Blauburgunder Cantina Bolzano \u2013 elegante & fruttato con note di frutti di bosco, violetta & liquirizia. Morbido, vellutato & armonico al palato.\",\"breadcrumb\":{\"@id\":\"https:\\\/\\\/derpsairer.it\\\/it\\\/produkt\\\/pinot-nero-cantina-bolzano\\\/#breadcrumb\"},\"inLanguage\":\"it-IT\",\"potentialAction\":[{\"@type\":\"ReadAction\",\"target\":[\"https:\\\/\\\/derpsairer.it\\\/it\\\/produkt\\\/pinot-nero-cantina-bolzano\\\/\"]}]},{\"@type\":\"ImageObject\",\"inLanguage\":\"it-IT\",\"@id\":\"https:\\\/\\\/derpsairer.it\\\/it\\\/produkt\\\/pinot-nero-cantina-bolzano\\\/#primaryimage\",\"url\":\"https:\\\/\\\/derpsairer.it\\\/wp-22\\\/wp-content\\\/uploads\\\/2021\\\/08\\\/Pinot-Nero-Bozen.jpg\",\"contentUrl\":\"https:\\\/\\\/derpsairer.it\\\/wp-22\\\/wp-content\\\/uploads\\\/2021\\\/08\\\/Pinot-Nero-Bozen.jpg\",\"width\":800,\"height\":800},{\"@type\":\"BreadcrumbList\",\"@id\":\"https:\\\/\\\/derpsairer.it\\\/it\\\/produkt\\\/pinot-nero-cantina-bolzano\\\/#breadcrumb\",\"itemListElement\":[{\"@type\":\"ListItem\",\"position\":1,\"name\":\"Home\",\"item\":\"https:\\\/\\\/derpsairer.it\\\/it\\\/il-negozio-di-speck-der-psairer\\\/\"},{\"@type\":\"ListItem\",\"position\":2,\"name\":\"Shop\",\"item\":\"https:\\\/\\\/derpsairer.it\\\/shop\\\/\"},{\"@type\":\"ListItem\",\"position\":3,\"name\":\"Blauburgunder Kellerei Bozen \u2013 elegante Pinot Nero dell&#8217;Alto Adige\"}]},{\"@type\":\"WebSite\",\"@id\":\"https:\\\/\\\/derpsairer.it\\\/it\\\/#website\",\"url\":\"https:\\\/\\\/derpsairer.it\\\/it\\\/\",\"name\":\"Der Psairer - Speck, Wurst, K\u00e4se\",\"description\":\"Speck, Wurst und K\u00e4s aus Passeiertal in S\u00fcdtirol online bestellen.\",\"publisher\":{\"@id\":\"https:\\\/\\\/derpsairer.it\\\/it\\\/#organization\"},\"potentialAction\":[{\"@type\":\"SearchAction\",\"target\":{\"@type\":\"EntryPoint\",\"urlTemplate\":\"https:\\\/\\\/derpsairer.it\\\/it\\\/?s={search_term_string}\"},\"query-input\":{\"@type\":\"PropertyValueSpecification\",\"valueRequired\":true,\"valueName\":\"search_term_string\"}}],\"inLanguage\":\"it-IT\"},{\"@type\":\"Organization\",\"@id\":\"https:\\\/\\\/derpsairer.it\\\/it\\\/#organization\",\"name\":\"Der Psairer - Speck, Wurst, K\u00e4se\",\"url\":\"https:\\\/\\\/derpsairer.it\\\/it\\\/\",\"logo\":{\"@type\":\"ImageObject\",\"inLanguage\":\"it-IT\",\"@id\":\"https:\\\/\\\/derpsairer.it\\\/it\\\/#\\\/schema\\\/logo\\\/image\\\/\",\"url\":\"https:\\\/\\\/derpsairer.it\\\/wp-22\\\/wp-content\\\/uploads\\\/2020\\\/03\\\/DER-PSAIRER-LOGO-2x.png\",\"contentUrl\":\"https:\\\/\\\/derpsairer.it\\\/wp-22\\\/wp-content\\\/uploads\\\/2020\\\/03\\\/DER-PSAIRER-LOGO-2x.png\",\"width\":500,\"height\":500,\"caption\":\"Der Psairer - Speck, Wurst, K\u00e4se\"},\"image\":{\"@id\":\"https:\\\/\\\/derpsairer.it\\\/it\\\/#\\\/schema\\\/logo\\\/image\\\/\"},\"sameAs\":[\"https:\\\/\\\/www.facebook.com\\\/profile.php?id=100063648246860\"]}]}<\/script>\n<!-- \/ Yoast SEO plugin. -->","yoast_head_json":{"title":"Blauburgunder Cantina Bolzano \u2013 Elegante & fruttato dall'Alto Adige - Der Psairer - Speck, Wurst, K\u00e4se","description":"Blauburgunder Cantina Bolzano \u2013 elegante & fruttato con note di frutti di bosco, violetta & liquirizia. Morbido, vellutato & armonico al palato.","robots":{"index":"index","follow":"follow","max-snippet":"max-snippet:-1","max-image-preview":"max-image-preview:large","max-video-preview":"max-video-preview:-1"},"canonical":"https:\/\/derpsairer.it\/it\/produkt\/pinot-nero-cantina-bolzano\/","og_locale":"it_IT","og_type":"article","og_title":"Blauburgunder Cantina Bolzano \u2013 Elegante & fruttato dall'Alto Adige - Der Psairer - Speck, Wurst, K\u00e4se","og_description":"Blauburgunder Cantina Bolzano \u2013 elegante & fruttato con note di frutti di bosco, violetta & liquirizia. Morbido, vellutato & armonico al palato.","og_url":"https:\/\/derpsairer.it\/it\/produkt\/pinot-nero-cantina-bolzano\/","og_site_name":"Der Psairer - Speck, Wurst, K\u00e4se","article_publisher":"https:\/\/www.facebook.com\/profile.php?id=100063648246860","article_modified_time":"2026-01-14T15:47:55+00:00","og_image":[{"width":800,"height":800,"url":"https:\/\/derpsairer.it\/wp-22\/wp-content\/uploads\/2021\/08\/Pinot-Nero-Bozen.jpg","type":"image\/jpeg"}],"twitter_misc":{"Tempo di lettura stimato":"1 minute"},"schema":{"@context":"https:\/\/schema.org","@graph":[{"@type":"WebPage","@id":"https:\/\/derpsairer.it\/it\/produkt\/pinot-nero-cantina-bolzano\/","url":"https:\/\/derpsairer.it\/it\/produkt\/pinot-nero-cantina-bolzano\/","name":"Blauburgunder Cantina Bolzano \u2013 Elegante & fruttato dall'Alto Adige - Der Psairer - Speck, Wurst, K\u00e4se","isPartOf":{"@id":"https:\/\/derpsairer.it\/it\/#website"},"primaryImageOfPage":{"@id":"https:\/\/derpsairer.it\/it\/produkt\/pinot-nero-cantina-bolzano\/#primaryimage"},"image":{"@id":"https:\/\/derpsairer.it\/it\/produkt\/pinot-nero-cantina-bolzano\/#primaryimage"},"thumbnailUrl":"https:\/\/derpsairer.it\/wp-22\/wp-content\/uploads\/2021\/08\/Pinot-Nero-Bozen.jpg","datePublished":"2021-08-31T13:29:42+00:00","dateModified":"2026-01-14T15:47:55+00:00","description":"Blauburgunder Cantina Bolzano \u2013 elegante & fruttato con note di frutti di bosco, violetta & liquirizia. Morbido, vellutato & armonico al palato.","breadcrumb":{"@id":"https:\/\/derpsairer.it\/it\/produkt\/pinot-nero-cantina-bolzano\/#breadcrumb"},"inLanguage":"it-IT","potentialAction":[{"@type":"ReadAction","target":["https:\/\/derpsairer.it\/it\/produkt\/pinot-nero-cantina-bolzano\/"]}]},{"@type":"ImageObject","inLanguage":"it-IT","@id":"https:\/\/derpsairer.it\/it\/produkt\/pinot-nero-cantina-bolzano\/#primaryimage","url":"https:\/\/derpsairer.it\/wp-22\/wp-content\/uploads\/2021\/08\/Pinot-Nero-Bozen.jpg","contentUrl":"https:\/\/derpsairer.it\/wp-22\/wp-content\/uploads\/2021\/08\/Pinot-Nero-Bozen.jpg","width":800,"height":800},{"@type":"BreadcrumbList","@id":"https:\/\/derpsairer.it\/it\/produkt\/pinot-nero-cantina-bolzano\/#breadcrumb","itemListElement":[{"@type":"ListItem","position":1,"name":"Home","item":"https:\/\/derpsairer.it\/it\/il-negozio-di-speck-der-psairer\/"},{"@type":"ListItem","position":2,"name":"Shop","item":"https:\/\/derpsairer.it\/shop\/"},{"@type":"ListItem","position":3,"name":"Blauburgunder Kellerei Bozen \u2013 elegante Pinot Nero dell&#8217;Alto Adige"}]},{"@type":"WebSite","@id":"https:\/\/derpsairer.it\/it\/#website","url":"https:\/\/derpsairer.it\/it\/","name":"Der Psairer - Speck, Wurst, K\u00e4se","description":"Speck, Wurst und K\u00e4s aus Passeiertal in S\u00fcdtirol online bestellen.","publisher":{"@id":"https:\/\/derpsairer.it\/it\/#organization"},"potentialAction":[{"@type":"SearchAction","target":{"@type":"EntryPoint","urlTemplate":"https:\/\/derpsairer.it\/it\/?s={search_term_string}"},"query-input":{"@type":"PropertyValueSpecification","valueRequired":true,"valueName":"search_term_string"}}],"inLanguage":"it-IT"},{"@type":"Organization","@id":"https:\/\/derpsairer.it\/it\/#organization","name":"Der Psairer - Speck, Wurst, K\u00e4se","url":"https:\/\/derpsairer.it\/it\/","logo":{"@type":"ImageObject","inLanguage":"it-IT","@id":"https:\/\/derpsairer.it\/it\/#\/schema\/logo\/image\/","url":"https:\/\/derpsairer.it\/wp-22\/wp-content\/uploads\/2020\/03\/DER-PSAIRER-LOGO-2x.png","contentUrl":"https:\/\/derpsairer.it\/wp-22\/wp-content\/uploads\/2020\/03\/DER-PSAIRER-LOGO-2x.png","width":500,"height":500,"caption":"Der Psairer - Speck, Wurst, K\u00e4se"},"image":{"@id":"https:\/\/derpsairer.it\/it\/#\/schema\/logo\/image\/"},"sameAs":["https:\/\/www.facebook.com\/profile.php?id=100063648246860"]}]}},"_links":{"self":[{"href":"https:\/\/derpsairer.it\/it\/wp-json\/wp\/v2\/product\/5113","targetHints":{"allow":["GET"]}}],"collection":[{"href":"https:\/\/derpsairer.it\/it\/wp-json\/wp\/v2\/product"}],"about":[{"href":"https:\/\/derpsairer.it\/it\/wp-json\/wp\/v2\/types\/product"}],"wp:featuredmedia":[{"embeddable":true,"href":"https:\/\/derpsairer.it\/it\/wp-json\/wp\/v2\/media\/5632"}],"wp:attachment":[{"href":"https:\/\/derpsairer.it\/it\/wp-json\/wp\/v2\/media?parent=5113"}],"wp:term":[{"taxonomy":"product_brand","embeddable":true,"href":"https:\/\/derpsairer.it\/it\/wp-json\/wp\/v2\/product_brand?post=5113"},{"taxonomy":"product_cat","embeddable":true,"href":"https:\/\/derpsairer.it\/it\/wp-json\/wp\/v2\/product_cat?post=5113"},{"taxonomy":"product_tag","embeddable":true,"href":"https:\/\/derpsairer.it\/it\/wp-json\/wp\/v2\/product_tag?post=5113"}],"curies":[{"name":"wp","href":"https:\/\/api.w.org\/{rel}","templated":true}]}}