{"id":5114,"date":"2021-08-31T15:28:10","date_gmt":"2021-08-31T13:28:10","guid":{"rendered":"https:\/\/derpsairer.it\/produkt\/st-magdalener-classico-cantina-bolzano\/"},"modified":"2026-01-07T11:29:23","modified_gmt":"2026-01-07T10:29:23","slug":"st-magdalener-classico-cantina-bolzano","status":"publish","type":"product","link":"https:\/\/derpsairer.it\/it\/produkt\/st-magdalener-classico-cantina-bolzano\/","title":{"rendered":"St. Magdalener Classico \u2013 Cantina Bolzano \u2013 Classico vino rosso dell&#8217;Alto Adige"},"content":{"rendered":"[vc_row type=&#8221;in_container&#8221; full_screen_row_position=&#8221;middle&#8221; column_margin=&#8221;default&#8221; column_direction=&#8221;default&#8221; column_direction_tablet=&#8221;default&#8221; column_direction_phone=&#8221;default&#8221; scene_position=&#8221;center&#8221; text_color=&#8221;dark&#8221; text_align=&#8221;left&#8221; row_border_radius=&#8221;none&#8221; row_border_radius_applies=&#8221;bg&#8221; overflow=&#8221;visible&#8221; overlay_strength=&#8221;0.3&#8243; gradient_direction=&#8221;left_to_right&#8221; shape_divider_position=&#8221;bottom&#8221; bg_image_animation=&#8221;none&#8221;][vc_column column_padding=&#8221;no-extra-padding&#8221; column_padding_tablet=&#8221;inherit&#8221; column_padding_phone=&#8221;inherit&#8221; column_padding_position=&#8221;all&#8221; column_element_direction_desktop=&#8221;default&#8221; column_element_spacing=&#8221;default&#8221; desktop_text_alignment=&#8221;default&#8221; tablet_text_alignment=&#8221;default&#8221; phone_text_alignment=&#8221;default&#8221; background_color_opacity=&#8221;1&#8243; background_hover_color_opacity=&#8221;1&#8243; column_backdrop_filter=&#8221;none&#8221; column_shadow=&#8221;none&#8221; column_border_radius=&#8221;none&#8221; column_link_target=&#8221;_self&#8221; column_position=&#8221;default&#8221; gradient_direction=&#8221;left_to_right&#8221; overlay_strength=&#8221;0.3&#8243; width=&#8221;1\/1&#8243; tablet_width_inherit=&#8221;default&#8221; animation_type=&#8221;default&#8221; bg_image_animation=&#8221;none&#8221; border_type=&#8221;simple&#8221; column_border_width=&#8221;none&#8221; column_border_style=&#8221;solid&#8221;][vc_column_text text_direction=&#8221;default&#8221;]\n<p data-start=\"130\" data-end=\"524\">Il St. Magdalener Classico della Cantina Bolzano \u00e8 un ottimo esempio della tradizione vinicola altoatesina. In esso si uniscono i due vitigni autoctoni Schiava e Lagrein per creare un vino rosso di carattere e al tempo stesso elegante. Nel bicchiere si presenta con un colore rosso rubino chiaro e brillante. Al naso si sprigionano aromi fruttati e floreali, accompagnati dalla tipica nota di marzapane e mandorla.   <\/p>\n<p data-start=\"526\" data-end=\"799\">Al palato il St. Magdalener Classico si presenta rotondo, di medio corpo e armonico, con tannini morbidi e grande piacevolezza di beva. Un classico versatile, perfetto per la cucina altoatesina e convincente sia nella vita di tutti i giorni che con i piatti tradizionali. <\/p>\n<p data-start=\"826\" data-end=\"856\"><strong data-start=\"826\" data-end=\"839\">Cantina:<\/strong><br data-start=\"839\" data-end=\"842\">Cantina Bolzano<\/p>\n<p data-start=\"858\" data-end=\"894\"><strong data-start=\"858\" data-end=\"872\">Vitigni:<\/strong><br data-start=\"872\" data-end=\"875\">Schiava &amp; Lagrein<\/p>\n<p data-start=\"896\" data-end=\"975\"><strong data-start=\"896\" data-end=\"923\">Provenienza \/ Zona di coltivazione:<\/strong><br data-start=\"923\" data-end=\"926\">S. Maddalena, S. Giustina e Leitach \u2013 Alto Adige<\/p>\n<p data-start=\"977\" data-end=\"1096\"><strong data-start=\"977\" data-end=\"988\">Vinificazione:<\/strong><br data-start=\"988\" data-end=\"991\">Schiava e Lagrein vengono raccolti e fermentati insieme; una parte del vino matura in grandi botti di legno<\/p>\n<p data-start=\"1098\" data-end=\"1231\"><strong data-start=\"1098\" data-end=\"1119\">Abbinamenti:<\/strong><br data-start=\"1119\" data-end=\"1122\">Tradizionale merenda altoatesina (speck, carne affumicata, formaggio), antipasti, piatti di carne leggeri, pasta<\/p>\n<p data-start=\"1233\" data-end=\"1268\"><strong data-start=\"1233\" data-end=\"1255\">Temperatura di servizio:<\/strong><br data-start=\"1255\" data-end=\"1258\">14 \u2013 16 \u00b0C<\/p>\n<p data-start=\"1270\" data-end=\"1302\"><strong data-start=\"1270\" data-end=\"1288\">Gradazione alcolica:<\/strong><br data-start=\"1288\" data-end=\"1291\">12,5 % vol.<\/p>\n<p data-start=\"1304\" data-end=\"1324\"><strong data-start=\"1304\" data-end=\"1315\">Contenuto:<\/strong><br data-start=\"1315\" data-end=\"1318\">0,75 l<\/p>\n<p data-start=\"1326\" data-end=\"1356\"><strong>Contiene solfiti<\/strong><\/p>\n[\/vc_column_text][\/vc_column][\/vc_row]\n","protected":false},"excerpt":{"rendered":"<p>\u2022 Classico St. Magdalener dell&#8217;Alto Adige<br data-start=\"1913\" data-end=\"1916\">\u2022 Cuv\u00e9e di Schiava e Lagrein<br data-start=\"1949\" data-end=\"1952\">\u2022 Note fruttate di ciliegia e mandorla<br data-start=\"1991\" data-end=\"1994\">\u2022 Morbido, armonico e molto beverino<br data-start=\"2033\" data-end=\"2036\">\u2022 Ideale con merenda, pasta, carne e formaggi<\/p>\n","protected":false},"featured_media":5641,"template":"","meta":[],"product_brand":[],"product_cat":[188],"product_tag":[2606,2770,2062,2189,1391,2564,3922,2616,1442,2059],"class_list":{"0":"post-5114","1":"product","2":"type-product","3":"status-publish","4":"has-post-thumbnail","6":"product_cat-vino-distillati","7":"product_tag-cantina-bolzano","8":"product_tag-classico","9":"product_tag-con-formaggio","10":"product_tag-fruttato","11":"product_tag-lagrein","12":"product_tag-morbido","13":"product_tag-poco-tannico","14":"product_tag-st-magdalener","15":"product_tag-vernatsch","16":"product_tag-vino-rosso-altoatesino-2","18":"first","19":"instock","20":"shipping-taxable","21":"purchasable","22":"product-type-simple"},"yoast_head":"<!-- This site is optimized with the Yoast SEO plugin v27.4 - https:\/\/yoast.com\/product\/yoast-seo-wordpress\/ -->\n<title>Cantina St. Magdalener Bolzano \u2013 Fruttato ed elegante dall&#039;Alto Adige - Der Psairer - Speck, Wurst, K\u00e4se<\/title>\n<meta name=\"description\" content=\"St. Magdalener Classico della Cantina Bolzano \u2013 classico vino rosso dell&#039;Alto Adige da Schiava e Lagrein, fruttato, morbido e ideale con la merenda, la pasta e la carne.\" \/>\n<meta name=\"robots\" content=\"index, follow, max-snippet:-1, max-image-preview:large, max-video-preview:-1\" \/>\n<link rel=\"canonical\" href=\"https:\/\/derpsairer.it\/it\/produkt\/st-magdalener-classico-cantina-bolzano\/\" \/>\n<meta property=\"og:locale\" content=\"it_IT\" \/>\n<meta property=\"og:type\" content=\"article\" \/>\n<meta property=\"og:title\" content=\"Cantina St. Magdalener Bolzano \u2013 Fruttato ed elegante dall&#039;Alto Adige - Der Psairer - Speck, Wurst, K\u00e4se\" \/>\n<meta property=\"og:description\" content=\"St. Magdalener Classico della Cantina Bolzano \u2013 classico vino rosso dell&#039;Alto Adige da Schiava e Lagrein, fruttato, morbido e ideale con la merenda, la pasta e la carne.\" \/>\n<meta property=\"og:url\" content=\"https:\/\/derpsairer.it\/it\/produkt\/st-magdalener-classico-cantina-bolzano\/\" \/>\n<meta property=\"og:site_name\" content=\"Der Psairer - Speck, Wurst, K\u00e4se\" \/>\n<meta property=\"article:publisher\" content=\"https:\/\/www.facebook.com\/profile.php?id=100063648246860\" \/>\n<meta property=\"article:modified_time\" content=\"2026-01-07T10:29:23+00:00\" \/>\n<meta property=\"og:image\" content=\"https:\/\/derpsairer.it\/wp-22\/wp-content\/uploads\/2021\/08\/St.Magdalener-Bozen.jpg\" \/>\n\t<meta property=\"og:image:width\" content=\"800\" \/>\n\t<meta property=\"og:image:height\" content=\"800\" \/>\n\t<meta property=\"og:image:type\" content=\"image\/jpeg\" \/>\n<meta name=\"twitter:label1\" content=\"Tempo di lettura stimato\" \/>\n\t<meta name=\"twitter:data1\" content=\"2 minutes\" \/>\n<script type=\"application\/ld+json\" class=\"yoast-schema-graph\">{\"@context\":\"https:\\\/\\\/schema.org\",\"@graph\":[{\"@type\":\"WebPage\",\"@id\":\"https:\\\/\\\/derpsairer.it\\\/it\\\/produkt\\\/st-magdalener-classico-cantina-bolzano\\\/\",\"url\":\"https:\\\/\\\/derpsairer.it\\\/it\\\/produkt\\\/st-magdalener-classico-cantina-bolzano\\\/\",\"name\":\"Cantina St. Magdalener Bolzano \u2013 Fruttato ed elegante dall'Alto Adige - Der Psairer - Speck, Wurst, K\u00e4se\",\"isPartOf\":{\"@id\":\"https:\\\/\\\/derpsairer.it\\\/it\\\/#website\"},\"primaryImageOfPage\":{\"@id\":\"https:\\\/\\\/derpsairer.it\\\/it\\\/produkt\\\/st-magdalener-classico-cantina-bolzano\\\/#primaryimage\"},\"image\":{\"@id\":\"https:\\\/\\\/derpsairer.it\\\/it\\\/produkt\\\/st-magdalener-classico-cantina-bolzano\\\/#primaryimage\"},\"thumbnailUrl\":\"https:\\\/\\\/derpsairer.it\\\/wp-22\\\/wp-content\\\/uploads\\\/2021\\\/08\\\/St.Magdalener-Bozen.jpg\",\"datePublished\":\"2021-08-31T13:28:10+00:00\",\"dateModified\":\"2026-01-07T10:29:23+00:00\",\"description\":\"St. Magdalener Classico della Cantina Bolzano \u2013 classico vino rosso dell'Alto Adige da Schiava e Lagrein, fruttato, morbido e ideale con la merenda, la pasta e la carne.\",\"breadcrumb\":{\"@id\":\"https:\\\/\\\/derpsairer.it\\\/it\\\/produkt\\\/st-magdalener-classico-cantina-bolzano\\\/#breadcrumb\"},\"inLanguage\":\"it-IT\",\"potentialAction\":[{\"@type\":\"ReadAction\",\"target\":[\"https:\\\/\\\/derpsairer.it\\\/it\\\/produkt\\\/st-magdalener-classico-cantina-bolzano\\\/\"]}]},{\"@type\":\"ImageObject\",\"inLanguage\":\"it-IT\",\"@id\":\"https:\\\/\\\/derpsairer.it\\\/it\\\/produkt\\\/st-magdalener-classico-cantina-bolzano\\\/#primaryimage\",\"url\":\"https:\\\/\\\/derpsairer.it\\\/wp-22\\\/wp-content\\\/uploads\\\/2021\\\/08\\\/St.Magdalener-Bozen.jpg\",\"contentUrl\":\"https:\\\/\\\/derpsairer.it\\\/wp-22\\\/wp-content\\\/uploads\\\/2021\\\/08\\\/St.Magdalener-Bozen.jpg\",\"width\":800,\"height\":800},{\"@type\":\"BreadcrumbList\",\"@id\":\"https:\\\/\\\/derpsairer.it\\\/it\\\/produkt\\\/st-magdalener-classico-cantina-bolzano\\\/#breadcrumb\",\"itemListElement\":[{\"@type\":\"ListItem\",\"position\":1,\"name\":\"Home\",\"item\":\"https:\\\/\\\/derpsairer.it\\\/it\\\/il-negozio-di-speck-der-psairer\\\/\"},{\"@type\":\"ListItem\",\"position\":2,\"name\":\"Shop\",\"item\":\"https:\\\/\\\/derpsairer.it\\\/shop\\\/\"},{\"@type\":\"ListItem\",\"position\":3,\"name\":\"St. Magdalener Classico \u2013 Cantina Bolzano \u2013 Classico vino rosso dell&#8217;Alto Adige\"}]},{\"@type\":\"WebSite\",\"@id\":\"https:\\\/\\\/derpsairer.it\\\/it\\\/#website\",\"url\":\"https:\\\/\\\/derpsairer.it\\\/it\\\/\",\"name\":\"Der Psairer - Speck, Wurst, K\u00e4se\",\"description\":\"Speck, Wurst und K\u00e4s aus Passeiertal in S\u00fcdtirol online bestellen.\",\"publisher\":{\"@id\":\"https:\\\/\\\/derpsairer.it\\\/it\\\/#organization\"},\"potentialAction\":[{\"@type\":\"SearchAction\",\"target\":{\"@type\":\"EntryPoint\",\"urlTemplate\":\"https:\\\/\\\/derpsairer.it\\\/it\\\/?s={search_term_string}\"},\"query-input\":{\"@type\":\"PropertyValueSpecification\",\"valueRequired\":true,\"valueName\":\"search_term_string\"}}],\"inLanguage\":\"it-IT\"},{\"@type\":\"Organization\",\"@id\":\"https:\\\/\\\/derpsairer.it\\\/it\\\/#organization\",\"name\":\"Der Psairer - Speck, Wurst, K\u00e4se\",\"url\":\"https:\\\/\\\/derpsairer.it\\\/it\\\/\",\"logo\":{\"@type\":\"ImageObject\",\"inLanguage\":\"it-IT\",\"@id\":\"https:\\\/\\\/derpsairer.it\\\/it\\\/#\\\/schema\\\/logo\\\/image\\\/\",\"url\":\"https:\\\/\\\/derpsairer.it\\\/wp-22\\\/wp-content\\\/uploads\\\/2020\\\/03\\\/DER-PSAIRER-LOGO-2x.png\",\"contentUrl\":\"https:\\\/\\\/derpsairer.it\\\/wp-22\\\/wp-content\\\/uploads\\\/2020\\\/03\\\/DER-PSAIRER-LOGO-2x.png\",\"width\":500,\"height\":500,\"caption\":\"Der Psairer - Speck, Wurst, K\u00e4se\"},\"image\":{\"@id\":\"https:\\\/\\\/derpsairer.it\\\/it\\\/#\\\/schema\\\/logo\\\/image\\\/\"},\"sameAs\":[\"https:\\\/\\\/www.facebook.com\\\/profile.php?id=100063648246860\"]}]}<\/script>\n<!-- \/ Yoast SEO plugin. -->","yoast_head_json":{"title":"Cantina St. Magdalener Bolzano \u2013 Fruttato ed elegante dall'Alto Adige - Der Psairer - Speck, Wurst, K\u00e4se","description":"St. Magdalener Classico della Cantina Bolzano \u2013 classico vino rosso dell'Alto Adige da Schiava e Lagrein, fruttato, morbido e ideale con la merenda, la pasta e la carne.","robots":{"index":"index","follow":"follow","max-snippet":"max-snippet:-1","max-image-preview":"max-image-preview:large","max-video-preview":"max-video-preview:-1"},"canonical":"https:\/\/derpsairer.it\/it\/produkt\/st-magdalener-classico-cantina-bolzano\/","og_locale":"it_IT","og_type":"article","og_title":"Cantina St. Magdalener Bolzano \u2013 Fruttato ed elegante dall'Alto Adige - Der Psairer - Speck, Wurst, K\u00e4se","og_description":"St. Magdalener Classico della Cantina Bolzano \u2013 classico vino rosso dell'Alto Adige da Schiava e Lagrein, fruttato, morbido e ideale con la merenda, la pasta e la carne.","og_url":"https:\/\/derpsairer.it\/it\/produkt\/st-magdalener-classico-cantina-bolzano\/","og_site_name":"Der Psairer - Speck, Wurst, K\u00e4se","article_publisher":"https:\/\/www.facebook.com\/profile.php?id=100063648246860","article_modified_time":"2026-01-07T10:29:23+00:00","og_image":[{"width":800,"height":800,"url":"https:\/\/derpsairer.it\/wp-22\/wp-content\/uploads\/2021\/08\/St.Magdalener-Bozen.jpg","type":"image\/jpeg"}],"twitter_misc":{"Tempo di lettura stimato":"2 minutes"},"schema":{"@context":"https:\/\/schema.org","@graph":[{"@type":"WebPage","@id":"https:\/\/derpsairer.it\/it\/produkt\/st-magdalener-classico-cantina-bolzano\/","url":"https:\/\/derpsairer.it\/it\/produkt\/st-magdalener-classico-cantina-bolzano\/","name":"Cantina St. Magdalener Bolzano \u2013 Fruttato ed elegante dall'Alto Adige - Der Psairer - Speck, Wurst, K\u00e4se","isPartOf":{"@id":"https:\/\/derpsairer.it\/it\/#website"},"primaryImageOfPage":{"@id":"https:\/\/derpsairer.it\/it\/produkt\/st-magdalener-classico-cantina-bolzano\/#primaryimage"},"image":{"@id":"https:\/\/derpsairer.it\/it\/produkt\/st-magdalener-classico-cantina-bolzano\/#primaryimage"},"thumbnailUrl":"https:\/\/derpsairer.it\/wp-22\/wp-content\/uploads\/2021\/08\/St.Magdalener-Bozen.jpg","datePublished":"2021-08-31T13:28:10+00:00","dateModified":"2026-01-07T10:29:23+00:00","description":"St. Magdalener Classico della Cantina Bolzano \u2013 classico vino rosso dell'Alto Adige da Schiava e Lagrein, fruttato, morbido e ideale con la merenda, la pasta e la carne.","breadcrumb":{"@id":"https:\/\/derpsairer.it\/it\/produkt\/st-magdalener-classico-cantina-bolzano\/#breadcrumb"},"inLanguage":"it-IT","potentialAction":[{"@type":"ReadAction","target":["https:\/\/derpsairer.it\/it\/produkt\/st-magdalener-classico-cantina-bolzano\/"]}]},{"@type":"ImageObject","inLanguage":"it-IT","@id":"https:\/\/derpsairer.it\/it\/produkt\/st-magdalener-classico-cantina-bolzano\/#primaryimage","url":"https:\/\/derpsairer.it\/wp-22\/wp-content\/uploads\/2021\/08\/St.Magdalener-Bozen.jpg","contentUrl":"https:\/\/derpsairer.it\/wp-22\/wp-content\/uploads\/2021\/08\/St.Magdalener-Bozen.jpg","width":800,"height":800},{"@type":"BreadcrumbList","@id":"https:\/\/derpsairer.it\/it\/produkt\/st-magdalener-classico-cantina-bolzano\/#breadcrumb","itemListElement":[{"@type":"ListItem","position":1,"name":"Home","item":"https:\/\/derpsairer.it\/it\/il-negozio-di-speck-der-psairer\/"},{"@type":"ListItem","position":2,"name":"Shop","item":"https:\/\/derpsairer.it\/shop\/"},{"@type":"ListItem","position":3,"name":"St. Magdalener Classico \u2013 Cantina Bolzano \u2013 Classico vino rosso dell&#8217;Alto Adige"}]},{"@type":"WebSite","@id":"https:\/\/derpsairer.it\/it\/#website","url":"https:\/\/derpsairer.it\/it\/","name":"Der Psairer - Speck, Wurst, K\u00e4se","description":"Speck, Wurst und K\u00e4s aus Passeiertal in S\u00fcdtirol online bestellen.","publisher":{"@id":"https:\/\/derpsairer.it\/it\/#organization"},"potentialAction":[{"@type":"SearchAction","target":{"@type":"EntryPoint","urlTemplate":"https:\/\/derpsairer.it\/it\/?s={search_term_string}"},"query-input":{"@type":"PropertyValueSpecification","valueRequired":true,"valueName":"search_term_string"}}],"inLanguage":"it-IT"},{"@type":"Organization","@id":"https:\/\/derpsairer.it\/it\/#organization","name":"Der Psairer - Speck, Wurst, K\u00e4se","url":"https:\/\/derpsairer.it\/it\/","logo":{"@type":"ImageObject","inLanguage":"it-IT","@id":"https:\/\/derpsairer.it\/it\/#\/schema\/logo\/image\/","url":"https:\/\/derpsairer.it\/wp-22\/wp-content\/uploads\/2020\/03\/DER-PSAIRER-LOGO-2x.png","contentUrl":"https:\/\/derpsairer.it\/wp-22\/wp-content\/uploads\/2020\/03\/DER-PSAIRER-LOGO-2x.png","width":500,"height":500,"caption":"Der Psairer - Speck, Wurst, K\u00e4se"},"image":{"@id":"https:\/\/derpsairer.it\/it\/#\/schema\/logo\/image\/"},"sameAs":["https:\/\/www.facebook.com\/profile.php?id=100063648246860"]}]}},"_links":{"self":[{"href":"https:\/\/derpsairer.it\/it\/wp-json\/wp\/v2\/product\/5114","targetHints":{"allow":["GET"]}}],"collection":[{"href":"https:\/\/derpsairer.it\/it\/wp-json\/wp\/v2\/product"}],"about":[{"href":"https:\/\/derpsairer.it\/it\/wp-json\/wp\/v2\/types\/product"}],"wp:featuredmedia":[{"embeddable":true,"href":"https:\/\/derpsairer.it\/it\/wp-json\/wp\/v2\/media\/5641"}],"wp:attachment":[{"href":"https:\/\/derpsairer.it\/it\/wp-json\/wp\/v2\/media?parent=5114"}],"wp:term":[{"taxonomy":"product_brand","embeddable":true,"href":"https:\/\/derpsairer.it\/it\/wp-json\/wp\/v2\/product_brand?post=5114"},{"taxonomy":"product_cat","embeddable":true,"href":"https:\/\/derpsairer.it\/it\/wp-json\/wp\/v2\/product_cat?post=5114"},{"taxonomy":"product_tag","embeddable":true,"href":"https:\/\/derpsairer.it\/it\/wp-json\/wp\/v2\/product_tag?post=5114"}],"curies":[{"name":"wp","href":"https:\/\/api.w.org\/{rel}","templated":true}]}}