{"id":5115,"date":"2021-08-31T15:02:46","date_gmt":"2021-08-31T13:02:46","guid":{"rendered":"https:\/\/derpsairer.it\/produkt\/rose-nals-magreid\/"},"modified":"2026-01-08T18:04:00","modified_gmt":"2026-01-08T17:04:00","slug":"rose-nals-magreid","status":"publish","type":"product","link":"https:\/\/derpsairer.it\/it\/produkt\/rose-nals-magreid\/","title":{"rendered":"Ros\u00e9 Cuv\u00e9e \u2013 ros\u00e9 elegante con note di mandorla"},"content":{"rendered":"<p data-start=\"67\" data-end=\"705\">Il Ros\u00e9 della Cantina Nals Margreid \u00e8 un vino rosato elegante ed equilibrato dell&#8217;Alto Adige, con una chiara freschezza e una struttura fine. Nel bicchiere si presenta con un colore rosso salmone intenso. Al naso si sprigionano aromi di fragole e ciliegie, completati da una delicata nota di mandorla. Al palato il Ros\u00e9 risulta fresco e armonico, con un&#8217;acidit\u00e0 equilibrata e la tipica nota di mandorla nel finale. Grazie alla breve macerazione, all&#8217;affinamento in acciaio e alla maturazione sui lieviti fini, il vino conserva la sua chiarezza, eleganza e piacevolezza. Un Ros\u00e9 versatile per aperitivi, cucina leggera e piatti mediterranei.     <\/p>\n<p data-start=\"707\" data-end=\"732\"><strong>Cantina:<\/strong><br data-start=\"716\" data-end=\"719\">Nals Margreid<\/p>\n<p data-start=\"734\" data-end=\"786\"><strong>Vitigno:<\/strong><br data-start=\"743\" data-end=\"746\">Cuv\u00e9e di Merlot, Pinot Nero e Lagrein<\/p>\n<p data-start=\"788\" data-end=\"893\"><strong>Abbinamenti:<\/strong><br data-start=\"805\" data-end=\"808\">Antipasti freddi di pesce, sformato di melanzane, antipasti leggeri, piatti mediterranei<\/p>\n<p data-start=\"895\" data-end=\"992\"><strong>Affinamento:<\/strong><br data-start=\"902\" data-end=\"905\">Breve macerazione<br data-start=\"927\" data-end=\"930\">Fermentazione in acciaio<br data-start=\"952\" data-end=\"955\">Affinamento sui lieviti fini per 5 mesi<\/p>\n<p data-start=\"994\" data-end=\"1024\"><strong>Temperatura di servizio:<\/strong><br data-start=\"1012\" data-end=\"1015\">10 \u2013 12 \u00b0C<\/p>\n<p data-start=\"1026\" data-end=\"1049\"><strong>Gradazione alcolica:<\/strong><br data-start=\"1040\" data-end=\"1043\">12,5%<\/p>\n<p data-start=\"1051\" data-end=\"1067\"><strong>Contenuto:<\/strong><br data-start=\"1058\" data-end=\"1061\">0,75 l<\/p>\n<p data-start=\"1069\" data-end=\"1114\"><strong>Provenienza:<\/strong><br data-start=\"1078\" data-end=\"1081\">IGT Dolomiti \u2013 Alto Adige<\/p>\n<p data-start=\"1116\" data-end=\"1132\"><strong>Contiene solfiti.<\/strong><\/p>\n","protected":false},"excerpt":{"rendered":"<p>\u2022 Rosso salmone intenso<br data-start=\"1643\" data-end=\"1646\">\u2022 Aromi di fragola e ciliegia<br data-start=\"1679\" data-end=\"1682\">\u2022 Delicate note di mandorla<br data-start=\"1701\" data-end=\"1704\">\u2022 Fresco ed equilibrato<br data-start=\"1727\" data-end=\"1730\">\u2022 Ideale come aperitivo<\/p>\n","protected":false},"featured_media":5635,"template":"","meta":[],"product_brand":[],"product_cat":[188],"product_tag":[308,2637,1865,530,2411,2165,1391,3043,2657,3223,2876,2614,3242],"class_list":{"0":"post-5115","1":"product","2":"type-product","3":"status-publish","4":"has-post-thumbnail","6":"product_cat-vino-distillati","7":"product_tag-aperitivo","8":"product_tag-ciliegia","9":"product_tag-con-pesce","10":"product_tag-cucina-mediterranea","11":"product_tag-cuvee","12":"product_tag-fragola","13":"product_tag-lagrein","14":"product_tag-lievito-fine","15":"product_tag-merlot","16":"product_tag-nals-margreid","17":"product_tag-nota-di-mandorla","18":"product_tag-pinot-nero-3","19":"product_tag-vino-rosato-2","21":"first","22":"instock","23":"shipping-taxable","24":"purchasable","25":"product-type-simple"},"yoast_head":"<!-- This site is optimized with the Yoast SEO plugin v27.4 - https:\/\/yoast.com\/product\/yoast-seo-wordpress\/ -->\n<title>Ros\u00e9 Nals Margreid \u2013 elegante vino rosato dell&#039;Alto Adige - Der Psairer - Speck, Wurst, K\u00e4se<\/title>\n<meta name=\"description\" content=\"Ros\u00e9 Nals Margreid dell&#039;Alto Adige. Vino rosato fresco con note di fragola, ciliegia e mandorla, dal sapore equilibrato ed elegante.\" \/>\n<meta name=\"robots\" content=\"index, follow, max-snippet:-1, max-image-preview:large, max-video-preview:-1\" \/>\n<link rel=\"canonical\" href=\"https:\/\/derpsairer.it\/it\/produkt\/rose-nals-magreid\/\" \/>\n<meta property=\"og:locale\" content=\"it_IT\" \/>\n<meta property=\"og:type\" content=\"article\" \/>\n<meta property=\"og:title\" content=\"Ros\u00e9 Nals Margreid \u2013 elegante vino rosato dell&#039;Alto Adige - Der Psairer - Speck, Wurst, K\u00e4se\" \/>\n<meta property=\"og:description\" content=\"Ros\u00e9 Nals Margreid dell&#039;Alto Adige. Vino rosato fresco con note di fragola, ciliegia e mandorla, dal sapore equilibrato ed elegante.\" \/>\n<meta property=\"og:url\" content=\"https:\/\/derpsairer.it\/it\/produkt\/rose-nals-magreid\/\" \/>\n<meta property=\"og:site_name\" content=\"Der Psairer - Speck, Wurst, K\u00e4se\" \/>\n<meta property=\"article:publisher\" content=\"https:\/\/www.facebook.com\/profile.php?id=100063648246860\" \/>\n<meta property=\"article:modified_time\" content=\"2026-01-08T17:04:00+00:00\" \/>\n<meta property=\"og:image\" content=\"https:\/\/derpsairer.it\/wp-22\/wp-content\/uploads\/2021\/08\/Rose-NM.jpg\" \/>\n\t<meta property=\"og:image:width\" content=\"800\" \/>\n\t<meta property=\"og:image:height\" content=\"800\" \/>\n\t<meta property=\"og:image:type\" content=\"image\/jpeg\" \/>\n<meta name=\"twitter:label1\" content=\"Tempo di lettura stimato\" \/>\n\t<meta name=\"twitter:data1\" content=\"1 minute\" \/>\n<script type=\"application\/ld+json\" class=\"yoast-schema-graph\">{\"@context\":\"https:\\\/\\\/schema.org\",\"@graph\":[{\"@type\":\"WebPage\",\"@id\":\"https:\\\/\\\/derpsairer.it\\\/it\\\/produkt\\\/rose-nals-magreid\\\/\",\"url\":\"https:\\\/\\\/derpsairer.it\\\/it\\\/produkt\\\/rose-nals-magreid\\\/\",\"name\":\"Ros\u00e9 Nals Margreid \u2013 elegante vino rosato dell'Alto Adige - Der Psairer - Speck, Wurst, K\u00e4se\",\"isPartOf\":{\"@id\":\"https:\\\/\\\/derpsairer.it\\\/it\\\/#website\"},\"primaryImageOfPage\":{\"@id\":\"https:\\\/\\\/derpsairer.it\\\/it\\\/produkt\\\/rose-nals-magreid\\\/#primaryimage\"},\"image\":{\"@id\":\"https:\\\/\\\/derpsairer.it\\\/it\\\/produkt\\\/rose-nals-magreid\\\/#primaryimage\"},\"thumbnailUrl\":\"https:\\\/\\\/derpsairer.it\\\/wp-22\\\/wp-content\\\/uploads\\\/2021\\\/08\\\/Rose-NM.jpg\",\"datePublished\":\"2021-08-31T13:02:46+00:00\",\"dateModified\":\"2026-01-08T17:04:00+00:00\",\"description\":\"Ros\u00e9 Nals Margreid dell'Alto Adige. Vino rosato fresco con note di fragola, ciliegia e mandorla, dal sapore equilibrato ed elegante.\",\"breadcrumb\":{\"@id\":\"https:\\\/\\\/derpsairer.it\\\/it\\\/produkt\\\/rose-nals-magreid\\\/#breadcrumb\"},\"inLanguage\":\"it-IT\",\"potentialAction\":[{\"@type\":\"ReadAction\",\"target\":[\"https:\\\/\\\/derpsairer.it\\\/it\\\/produkt\\\/rose-nals-magreid\\\/\"]}]},{\"@type\":\"ImageObject\",\"inLanguage\":\"it-IT\",\"@id\":\"https:\\\/\\\/derpsairer.it\\\/it\\\/produkt\\\/rose-nals-magreid\\\/#primaryimage\",\"url\":\"https:\\\/\\\/derpsairer.it\\\/wp-22\\\/wp-content\\\/uploads\\\/2021\\\/08\\\/Rose-NM.jpg\",\"contentUrl\":\"https:\\\/\\\/derpsairer.it\\\/wp-22\\\/wp-content\\\/uploads\\\/2021\\\/08\\\/Rose-NM.jpg\",\"width\":800,\"height\":800},{\"@type\":\"BreadcrumbList\",\"@id\":\"https:\\\/\\\/derpsairer.it\\\/it\\\/produkt\\\/rose-nals-magreid\\\/#breadcrumb\",\"itemListElement\":[{\"@type\":\"ListItem\",\"position\":1,\"name\":\"Home\",\"item\":\"https:\\\/\\\/derpsairer.it\\\/it\\\/il-negozio-di-speck-der-psairer\\\/\"},{\"@type\":\"ListItem\",\"position\":2,\"name\":\"Shop\",\"item\":\"https:\\\/\\\/derpsairer.it\\\/shop\\\/\"},{\"@type\":\"ListItem\",\"position\":3,\"name\":\"Ros\u00e9 Cuv\u00e9e \u2013 ros\u00e9 elegante con note di mandorla\"}]},{\"@type\":\"WebSite\",\"@id\":\"https:\\\/\\\/derpsairer.it\\\/it\\\/#website\",\"url\":\"https:\\\/\\\/derpsairer.it\\\/it\\\/\",\"name\":\"Der Psairer - Speck, Wurst, K\u00e4se\",\"description\":\"Speck, Wurst und K\u00e4s aus Passeiertal in S\u00fcdtirol online bestellen.\",\"publisher\":{\"@id\":\"https:\\\/\\\/derpsairer.it\\\/it\\\/#organization\"},\"potentialAction\":[{\"@type\":\"SearchAction\",\"target\":{\"@type\":\"EntryPoint\",\"urlTemplate\":\"https:\\\/\\\/derpsairer.it\\\/it\\\/?s={search_term_string}\"},\"query-input\":{\"@type\":\"PropertyValueSpecification\",\"valueRequired\":true,\"valueName\":\"search_term_string\"}}],\"inLanguage\":\"it-IT\"},{\"@type\":\"Organization\",\"@id\":\"https:\\\/\\\/derpsairer.it\\\/it\\\/#organization\",\"name\":\"Der Psairer - Speck, Wurst, K\u00e4se\",\"url\":\"https:\\\/\\\/derpsairer.it\\\/it\\\/\",\"logo\":{\"@type\":\"ImageObject\",\"inLanguage\":\"it-IT\",\"@id\":\"https:\\\/\\\/derpsairer.it\\\/it\\\/#\\\/schema\\\/logo\\\/image\\\/\",\"url\":\"https:\\\/\\\/derpsairer.it\\\/wp-22\\\/wp-content\\\/uploads\\\/2020\\\/03\\\/DER-PSAIRER-LOGO-2x.png\",\"contentUrl\":\"https:\\\/\\\/derpsairer.it\\\/wp-22\\\/wp-content\\\/uploads\\\/2020\\\/03\\\/DER-PSAIRER-LOGO-2x.png\",\"width\":500,\"height\":500,\"caption\":\"Der Psairer - Speck, Wurst, K\u00e4se\"},\"image\":{\"@id\":\"https:\\\/\\\/derpsairer.it\\\/it\\\/#\\\/schema\\\/logo\\\/image\\\/\"},\"sameAs\":[\"https:\\\/\\\/www.facebook.com\\\/profile.php?id=100063648246860\"]}]}<\/script>\n<!-- \/ Yoast SEO plugin. -->","yoast_head_json":{"title":"Ros\u00e9 Nals Margreid \u2013 elegante vino rosato dell'Alto Adige - Der Psairer - Speck, Wurst, K\u00e4se","description":"Ros\u00e9 Nals Margreid dell'Alto Adige. Vino rosato fresco con note di fragola, ciliegia e mandorla, dal sapore equilibrato ed elegante.","robots":{"index":"index","follow":"follow","max-snippet":"max-snippet:-1","max-image-preview":"max-image-preview:large","max-video-preview":"max-video-preview:-1"},"canonical":"https:\/\/derpsairer.it\/it\/produkt\/rose-nals-magreid\/","og_locale":"it_IT","og_type":"article","og_title":"Ros\u00e9 Nals Margreid \u2013 elegante vino rosato dell'Alto Adige - Der Psairer - Speck, Wurst, K\u00e4se","og_description":"Ros\u00e9 Nals Margreid dell'Alto Adige. Vino rosato fresco con note di fragola, ciliegia e mandorla, dal sapore equilibrato ed elegante.","og_url":"https:\/\/derpsairer.it\/it\/produkt\/rose-nals-magreid\/","og_site_name":"Der Psairer - Speck, Wurst, K\u00e4se","article_publisher":"https:\/\/www.facebook.com\/profile.php?id=100063648246860","article_modified_time":"2026-01-08T17:04:00+00:00","og_image":[{"width":800,"height":800,"url":"https:\/\/derpsairer.it\/wp-22\/wp-content\/uploads\/2021\/08\/Rose-NM.jpg","type":"image\/jpeg"}],"twitter_misc":{"Tempo di lettura stimato":"1 minute"},"schema":{"@context":"https:\/\/schema.org","@graph":[{"@type":"WebPage","@id":"https:\/\/derpsairer.it\/it\/produkt\/rose-nals-magreid\/","url":"https:\/\/derpsairer.it\/it\/produkt\/rose-nals-magreid\/","name":"Ros\u00e9 Nals Margreid \u2013 elegante vino rosato dell'Alto Adige - Der Psairer - Speck, Wurst, K\u00e4se","isPartOf":{"@id":"https:\/\/derpsairer.it\/it\/#website"},"primaryImageOfPage":{"@id":"https:\/\/derpsairer.it\/it\/produkt\/rose-nals-magreid\/#primaryimage"},"image":{"@id":"https:\/\/derpsairer.it\/it\/produkt\/rose-nals-magreid\/#primaryimage"},"thumbnailUrl":"https:\/\/derpsairer.it\/wp-22\/wp-content\/uploads\/2021\/08\/Rose-NM.jpg","datePublished":"2021-08-31T13:02:46+00:00","dateModified":"2026-01-08T17:04:00+00:00","description":"Ros\u00e9 Nals Margreid dell'Alto Adige. Vino rosato fresco con note di fragola, ciliegia e mandorla, dal sapore equilibrato ed elegante.","breadcrumb":{"@id":"https:\/\/derpsairer.it\/it\/produkt\/rose-nals-magreid\/#breadcrumb"},"inLanguage":"it-IT","potentialAction":[{"@type":"ReadAction","target":["https:\/\/derpsairer.it\/it\/produkt\/rose-nals-magreid\/"]}]},{"@type":"ImageObject","inLanguage":"it-IT","@id":"https:\/\/derpsairer.it\/it\/produkt\/rose-nals-magreid\/#primaryimage","url":"https:\/\/derpsairer.it\/wp-22\/wp-content\/uploads\/2021\/08\/Rose-NM.jpg","contentUrl":"https:\/\/derpsairer.it\/wp-22\/wp-content\/uploads\/2021\/08\/Rose-NM.jpg","width":800,"height":800},{"@type":"BreadcrumbList","@id":"https:\/\/derpsairer.it\/it\/produkt\/rose-nals-magreid\/#breadcrumb","itemListElement":[{"@type":"ListItem","position":1,"name":"Home","item":"https:\/\/derpsairer.it\/it\/il-negozio-di-speck-der-psairer\/"},{"@type":"ListItem","position":2,"name":"Shop","item":"https:\/\/derpsairer.it\/shop\/"},{"@type":"ListItem","position":3,"name":"Ros\u00e9 Cuv\u00e9e \u2013 ros\u00e9 elegante con note di mandorla"}]},{"@type":"WebSite","@id":"https:\/\/derpsairer.it\/it\/#website","url":"https:\/\/derpsairer.it\/it\/","name":"Der Psairer - Speck, Wurst, K\u00e4se","description":"Speck, Wurst und K\u00e4s aus Passeiertal in S\u00fcdtirol online bestellen.","publisher":{"@id":"https:\/\/derpsairer.it\/it\/#organization"},"potentialAction":[{"@type":"SearchAction","target":{"@type":"EntryPoint","urlTemplate":"https:\/\/derpsairer.it\/it\/?s={search_term_string}"},"query-input":{"@type":"PropertyValueSpecification","valueRequired":true,"valueName":"search_term_string"}}],"inLanguage":"it-IT"},{"@type":"Organization","@id":"https:\/\/derpsairer.it\/it\/#organization","name":"Der Psairer - Speck, Wurst, K\u00e4se","url":"https:\/\/derpsairer.it\/it\/","logo":{"@type":"ImageObject","inLanguage":"it-IT","@id":"https:\/\/derpsairer.it\/it\/#\/schema\/logo\/image\/","url":"https:\/\/derpsairer.it\/wp-22\/wp-content\/uploads\/2020\/03\/DER-PSAIRER-LOGO-2x.png","contentUrl":"https:\/\/derpsairer.it\/wp-22\/wp-content\/uploads\/2020\/03\/DER-PSAIRER-LOGO-2x.png","width":500,"height":500,"caption":"Der Psairer - Speck, Wurst, K\u00e4se"},"image":{"@id":"https:\/\/derpsairer.it\/it\/#\/schema\/logo\/image\/"},"sameAs":["https:\/\/www.facebook.com\/profile.php?id=100063648246860"]}]}},"_links":{"self":[{"href":"https:\/\/derpsairer.it\/it\/wp-json\/wp\/v2\/product\/5115","targetHints":{"allow":["GET"]}}],"collection":[{"href":"https:\/\/derpsairer.it\/it\/wp-json\/wp\/v2\/product"}],"about":[{"href":"https:\/\/derpsairer.it\/it\/wp-json\/wp\/v2\/types\/product"}],"wp:featuredmedia":[{"embeddable":true,"href":"https:\/\/derpsairer.it\/it\/wp-json\/wp\/v2\/media\/5635"}],"wp:attachment":[{"href":"https:\/\/derpsairer.it\/it\/wp-json\/wp\/v2\/media?parent=5115"}],"wp:term":[{"taxonomy":"product_brand","embeddable":true,"href":"https:\/\/derpsairer.it\/it\/wp-json\/wp\/v2\/product_brand?post=5115"},{"taxonomy":"product_cat","embeddable":true,"href":"https:\/\/derpsairer.it\/it\/wp-json\/wp\/v2\/product_cat?post=5115"},{"taxonomy":"product_tag","embeddable":true,"href":"https:\/\/derpsairer.it\/it\/wp-json\/wp\/v2\/product_tag?post=5115"}],"curies":[{"name":"wp","href":"https:\/\/api.w.org\/{rel}","templated":true}]}}