{"id":5116,"date":"2021-08-31T15:15:21","date_gmt":"2021-08-31T13:15:21","guid":{"rendered":"https:\/\/derpsairer.it\/produkt\/meraner-burggraefler\/"},"modified":"2026-01-07T11:40:05","modified_gmt":"2026-01-07T10:40:05","slug":"meraner-burggraefler","status":"publish","type":"product","link":"https:\/\/derpsairer.it\/it\/produkt\/meraner-burggraefler\/","title":{"rendered":"Meraner Burggr\u00e4fler Vernatsch \u2013 Classico vino rosso dell&#8217;Alto Adige"},"content":{"rendered":"[vc_row type=&#8221;in_container&#8221; full_screen_row_position=&#8221;middle&#8221; column_margin=&#8221;default&#8221; column_direction=&#8221;default&#8221; column_direction_tablet=&#8221;default&#8221; column_direction_phone=&#8221;default&#8221; scene_position=&#8221;center&#8221; text_color=&#8221;dark&#8221; text_align=&#8221;left&#8221; row_border_radius=&#8221;none&#8221; row_border_radius_applies=&#8221;bg&#8221; overflow=&#8221;visible&#8221; overlay_strength=&#8221;0.3&#8243; gradient_direction=&#8221;left_to_right&#8221; shape_divider_position=&#8221;bottom&#8221; bg_image_animation=&#8221;none&#8221;][vc_column column_padding=&#8221;no-extra-padding&#8221; column_padding_tablet=&#8221;inherit&#8221; column_padding_phone=&#8221;inherit&#8221; column_padding_position=&#8221;all&#8221; column_element_direction_desktop=&#8221;default&#8221; column_element_spacing=&#8221;default&#8221; desktop_text_alignment=&#8221;default&#8221; tablet_text_alignment=&#8221;default&#8221; phone_text_alignment=&#8221;default&#8221; background_color_opacity=&#8221;1&#8243; background_hover_color_opacity=&#8221;1&#8243; column_backdrop_filter=&#8221;none&#8221; column_shadow=&#8221;none&#8221; column_border_radius=&#8221;none&#8221; column_link_target=&#8221;_self&#8221; column_position=&#8221;default&#8221; gradient_direction=&#8221;left_to_right&#8221; overlay_strength=&#8221;0.3&#8243; width=&#8221;1\/1&#8243; tablet_width_inherit=&#8221;default&#8221; animation_type=&#8221;default&#8221; bg_image_animation=&#8221;none&#8221; border_type=&#8221;simple&#8221; column_border_width=&#8221;none&#8221; column_border_style=&#8221;solid&#8221;][vc_column_text text_direction=&#8221;default&#8221;]\n<p data-start=\"119\" data-end=\"446\">Il Meraner Burggr\u00e4fler Vernatsch \u00e8 un vero classico della Cantina Burggr\u00e4fler e incarna come pochi altri vini la cultura enologica quotidiana dell&#8217;Alto Adige. Vinificato in purezza da uve Schiava e maturato per circa 5 mesi in grandi botti di rovere, convince per la sua leggerezza, armonia e piacevolezza. <\/p>\n<p data-start=\"448\" data-end=\"840\">Nel bicchiere brilla di un rosso rubino chiaro. Al naso si sprigionano delicati aromi di frutti rossi e violetta, che ricordano leggermente il Pinot. Al palato il Meraner Burggr\u00e4fler si presenta morbido, equilibrato e molto accessibile, con tannini delicati, una fresca acidit\u00e0 fruttata e un finale piacevolmente vivace. Un vino rosso versatile per tutti i giorni \u2013 genuino, onesto e tipico dell&#8217;Alto Adige.   <\/p>\n<p data-start=\"867\" data-end=\"907\"><strong data-start=\"867\" data-end=\"880\">Cantina:<\/strong><br data-start=\"880\" data-end=\"883\">Cantina Burggr\u00e4fler<\/p>\n<p data-start=\"909\" data-end=\"947\"><strong data-start=\"909\" data-end=\"922\">Vitigno:<\/strong><br data-start=\"922\" data-end=\"925\">Schiava (in purezza)<\/p>\n<p data-start=\"949\" data-end=\"1006\"><strong data-start=\"949\" data-end=\"976\">Provenienza \/ Zona di coltivazione:<\/strong><br data-start=\"976\" data-end=\"979\">Merano &amp; dintorni \u2013 Alto Adige<\/p>\n<p data-start=\"1008\" data-end=\"1061\"><strong data-start=\"1008\" data-end=\"1019\">Affinamento:<\/strong><br data-start=\"1019\" data-end=\"1022\">5 mesi di maturazione in grandi botti di rovere<\/p>\n<p data-start=\"1063\" data-end=\"1185\"><strong data-start=\"1063\" data-end=\"1084\">Abbinamenti consigliati:<\/strong><br data-start=\"1084\" data-end=\"1087\">Piatti tipici altoatesini, vitello, formaggi di media stagionatura, speck &amp; salumi, merenda altoatesina<\/p>\n<p data-start=\"1187\" data-end=\"1222\"><strong data-start=\"1187\" data-end=\"1209\">Temperatura di servizio:<\/strong><br data-start=\"1209\" data-end=\"1212\">14 \u2013 16 \u00b0C<\/p>\n<p data-start=\"1224\" data-end=\"1256\"><strong data-start=\"1224\" data-end=\"1242\">Gradazione alcolica:<\/strong><br data-start=\"1242\" data-end=\"1245\">12,5 % vol.<\/p>\n<p data-start=\"1258\" data-end=\"1278\"><strong data-start=\"1258\" data-end=\"1269\">Contenuto:<\/strong><br data-start=\"1269\" data-end=\"1272\">0,75 l<\/p>\n<p data-start=\"1280\" data-end=\"1310\"><strong>Contiene solfiti<\/strong><\/p>\n[\/vc_column_text][\/vc_column][\/vc_row]\n","protected":false},"excerpt":{"rendered":"<ul>\n<li data-start=\"1531\" data-end=\"1564\">Vernaccia classica di Merano<\/li>\n<li data-start=\"1567\" data-end=\"1609\">Fruttato &amp; morbido con finale di mandorla amara<\/li>\n<li data-start=\"1612\" data-end=\"1646\">Leggero &amp; armonioso nel gusto<\/li>\n<li data-start=\"1649\" data-end=\"1683\">Vino rosso dell&#8217;Alto Adige con tradizione<\/li>\n<li data-start=\"1686\" data-end=\"1717\">Ideale con cucina casalinga &amp; formaggio<\/li>\n<\/ul>\n","protected":false},"featured_media":5120,"template":"","meta":[],"product_brand":[],"product_cat":[188],"product_tag":[2654,2584,2770,2062,2189,2361,2882,1442,2059,3074],"class_list":{"0":"post-5116","1":"product","2":"type-product","3":"status-publish","4":"has-post-thumbnail","6":"product_cat-vino-distillati","7":"product_tag-botte-di-rovere","8":"product_tag-burggraefler","9":"product_tag-classico","10":"product_tag-con-formaggio","11":"product_tag-fruttato","12":"product_tag-leggero","13":"product_tag-merano","14":"product_tag-vernatsch","15":"product_tag-vino-rosso-altoatesino-2","16":"product_tag-violetta","18":"first","19":"instock","20":"shipping-taxable","21":"purchasable","22":"product-type-simple"},"yoast_head":"<!-- This site is optimized with the Yoast SEO plugin v27.4 - https:\/\/yoast.com\/product\/yoast-seo-wordpress\/ -->\n<title>Meraner Burggr\u00e4fler \u2013 Vernaccia classica dell&#039;Alto Adige - Der Psairer - Speck, Wurst, K\u00e4se<\/title>\n<meta name=\"description\" content=\"Meraner Burggr\u00e4fler Vernatsch \u2013 classico vino rosso dell&#039;Alto Adige proveniente da Merano, fruttato, morbido e leggero. Ideale con la merenda, formaggio, speck e piatti tradizionali.\" \/>\n<meta name=\"robots\" content=\"index, follow, max-snippet:-1, max-image-preview:large, max-video-preview:-1\" \/>\n<link rel=\"canonical\" href=\"https:\/\/derpsairer.it\/it\/produkt\/meraner-burggraefler\/\" \/>\n<meta property=\"og:locale\" content=\"it_IT\" \/>\n<meta property=\"og:type\" content=\"article\" \/>\n<meta property=\"og:title\" content=\"Meraner Burggr\u00e4fler \u2013 Vernaccia classica dell&#039;Alto Adige - Der Psairer - Speck, Wurst, K\u00e4se\" \/>\n<meta property=\"og:description\" content=\"Meraner Burggr\u00e4fler Vernatsch \u2013 classico vino rosso dell&#039;Alto Adige proveniente da Merano, fruttato, morbido e leggero. Ideale con la merenda, formaggio, speck e piatti tradizionali.\" \/>\n<meta property=\"og:url\" content=\"https:\/\/derpsairer.it\/it\/produkt\/meraner-burggraefler\/\" \/>\n<meta property=\"og:site_name\" content=\"Der Psairer - Speck, Wurst, K\u00e4se\" \/>\n<meta property=\"article:publisher\" content=\"https:\/\/www.facebook.com\/profile.php?id=100063648246860\" \/>\n<meta property=\"article:modified_time\" content=\"2026-01-07T10:40:05+00:00\" \/>\n<meta property=\"og:image\" content=\"https:\/\/derpsairer.it\/wp-22\/wp-content\/uploads\/2021\/08\/Screenshot-2023-11-06-172051-1.jpeg\" \/>\n\t<meta property=\"og:image:width\" content=\"1186\" \/>\n\t<meta property=\"og:image:height\" content=\"866\" \/>\n\t<meta property=\"og:image:type\" content=\"image\/jpeg\" \/>\n<meta name=\"twitter:label1\" content=\"Tempo di lettura stimato\" \/>\n\t<meta name=\"twitter:data1\" content=\"2 minutes\" \/>\n<script type=\"application\/ld+json\" class=\"yoast-schema-graph\">{\"@context\":\"https:\\\/\\\/schema.org\",\"@graph\":[{\"@type\":\"WebPage\",\"@id\":\"https:\\\/\\\/derpsairer.it\\\/it\\\/produkt\\\/meraner-burggraefler\\\/\",\"url\":\"https:\\\/\\\/derpsairer.it\\\/it\\\/produkt\\\/meraner-burggraefler\\\/\",\"name\":\"Meraner Burggr\u00e4fler \u2013 Vernaccia classica dell'Alto Adige - Der Psairer - Speck, Wurst, K\u00e4se\",\"isPartOf\":{\"@id\":\"https:\\\/\\\/derpsairer.it\\\/it\\\/#website\"},\"primaryImageOfPage\":{\"@id\":\"https:\\\/\\\/derpsairer.it\\\/it\\\/produkt\\\/meraner-burggraefler\\\/#primaryimage\"},\"image\":{\"@id\":\"https:\\\/\\\/derpsairer.it\\\/it\\\/produkt\\\/meraner-burggraefler\\\/#primaryimage\"},\"thumbnailUrl\":\"https:\\\/\\\/derpsairer.it\\\/wp-22\\\/wp-content\\\/uploads\\\/2021\\\/08\\\/Screenshot-2023-11-06-172051-1.jpeg\",\"datePublished\":\"2021-08-31T13:15:21+00:00\",\"dateModified\":\"2026-01-07T10:40:05+00:00\",\"description\":\"Meraner Burggr\u00e4fler Vernatsch \u2013 classico vino rosso dell'Alto Adige proveniente da Merano, fruttato, morbido e leggero. Ideale con la merenda, formaggio, speck e piatti tradizionali.\",\"breadcrumb\":{\"@id\":\"https:\\\/\\\/derpsairer.it\\\/it\\\/produkt\\\/meraner-burggraefler\\\/#breadcrumb\"},\"inLanguage\":\"it-IT\",\"potentialAction\":[{\"@type\":\"ReadAction\",\"target\":[\"https:\\\/\\\/derpsairer.it\\\/it\\\/produkt\\\/meraner-burggraefler\\\/\"]}]},{\"@type\":\"ImageObject\",\"inLanguage\":\"it-IT\",\"@id\":\"https:\\\/\\\/derpsairer.it\\\/it\\\/produkt\\\/meraner-burggraefler\\\/#primaryimage\",\"url\":\"https:\\\/\\\/derpsairer.it\\\/wp-22\\\/wp-content\\\/uploads\\\/2021\\\/08\\\/Screenshot-2023-11-06-172051-1.jpeg\",\"contentUrl\":\"https:\\\/\\\/derpsairer.it\\\/wp-22\\\/wp-content\\\/uploads\\\/2021\\\/08\\\/Screenshot-2023-11-06-172051-1.jpeg\",\"width\":1186,\"height\":866},{\"@type\":\"BreadcrumbList\",\"@id\":\"https:\\\/\\\/derpsairer.it\\\/it\\\/produkt\\\/meraner-burggraefler\\\/#breadcrumb\",\"itemListElement\":[{\"@type\":\"ListItem\",\"position\":1,\"name\":\"Home\",\"item\":\"https:\\\/\\\/derpsairer.it\\\/it\\\/il-negozio-di-speck-der-psairer\\\/\"},{\"@type\":\"ListItem\",\"position\":2,\"name\":\"Shop\",\"item\":\"https:\\\/\\\/derpsairer.it\\\/shop\\\/\"},{\"@type\":\"ListItem\",\"position\":3,\"name\":\"Meraner Burggr\u00e4fler Vernatsch \u2013 Classico vino rosso dell&#8217;Alto Adige\"}]},{\"@type\":\"WebSite\",\"@id\":\"https:\\\/\\\/derpsairer.it\\\/it\\\/#website\",\"url\":\"https:\\\/\\\/derpsairer.it\\\/it\\\/\",\"name\":\"Der Psairer - Speck, Wurst, K\u00e4se\",\"description\":\"Speck, Wurst und K\u00e4s aus Passeiertal in S\u00fcdtirol online bestellen.\",\"publisher\":{\"@id\":\"https:\\\/\\\/derpsairer.it\\\/it\\\/#organization\"},\"potentialAction\":[{\"@type\":\"SearchAction\",\"target\":{\"@type\":\"EntryPoint\",\"urlTemplate\":\"https:\\\/\\\/derpsairer.it\\\/it\\\/?s={search_term_string}\"},\"query-input\":{\"@type\":\"PropertyValueSpecification\",\"valueRequired\":true,\"valueName\":\"search_term_string\"}}],\"inLanguage\":\"it-IT\"},{\"@type\":\"Organization\",\"@id\":\"https:\\\/\\\/derpsairer.it\\\/it\\\/#organization\",\"name\":\"Der Psairer - Speck, Wurst, K\u00e4se\",\"url\":\"https:\\\/\\\/derpsairer.it\\\/it\\\/\",\"logo\":{\"@type\":\"ImageObject\",\"inLanguage\":\"it-IT\",\"@id\":\"https:\\\/\\\/derpsairer.it\\\/it\\\/#\\\/schema\\\/logo\\\/image\\\/\",\"url\":\"https:\\\/\\\/derpsairer.it\\\/wp-22\\\/wp-content\\\/uploads\\\/2020\\\/03\\\/DER-PSAIRER-LOGO-2x.png\",\"contentUrl\":\"https:\\\/\\\/derpsairer.it\\\/wp-22\\\/wp-content\\\/uploads\\\/2020\\\/03\\\/DER-PSAIRER-LOGO-2x.png\",\"width\":500,\"height\":500,\"caption\":\"Der Psairer - Speck, Wurst, K\u00e4se\"},\"image\":{\"@id\":\"https:\\\/\\\/derpsairer.it\\\/it\\\/#\\\/schema\\\/logo\\\/image\\\/\"},\"sameAs\":[\"https:\\\/\\\/www.facebook.com\\\/profile.php?id=100063648246860\"]}]}<\/script>\n<!-- \/ Yoast SEO plugin. -->","yoast_head_json":{"title":"Meraner Burggr\u00e4fler \u2013 Vernaccia classica dell'Alto Adige - Der Psairer - Speck, Wurst, K\u00e4se","description":"Meraner Burggr\u00e4fler Vernatsch \u2013 classico vino rosso dell'Alto Adige proveniente da Merano, fruttato, morbido e leggero. Ideale con la merenda, formaggio, speck e piatti tradizionali.","robots":{"index":"index","follow":"follow","max-snippet":"max-snippet:-1","max-image-preview":"max-image-preview:large","max-video-preview":"max-video-preview:-1"},"canonical":"https:\/\/derpsairer.it\/it\/produkt\/meraner-burggraefler\/","og_locale":"it_IT","og_type":"article","og_title":"Meraner Burggr\u00e4fler \u2013 Vernaccia classica dell'Alto Adige - Der Psairer - Speck, Wurst, K\u00e4se","og_description":"Meraner Burggr\u00e4fler Vernatsch \u2013 classico vino rosso dell'Alto Adige proveniente da Merano, fruttato, morbido e leggero. Ideale con la merenda, formaggio, speck e piatti tradizionali.","og_url":"https:\/\/derpsairer.it\/it\/produkt\/meraner-burggraefler\/","og_site_name":"Der Psairer - Speck, Wurst, K\u00e4se","article_publisher":"https:\/\/www.facebook.com\/profile.php?id=100063648246860","article_modified_time":"2026-01-07T10:40:05+00:00","og_image":[{"width":1186,"height":866,"url":"https:\/\/derpsairer.it\/wp-22\/wp-content\/uploads\/2021\/08\/Screenshot-2023-11-06-172051-1.jpeg","type":"image\/jpeg"}],"twitter_misc":{"Tempo di lettura stimato":"2 minutes"},"schema":{"@context":"https:\/\/schema.org","@graph":[{"@type":"WebPage","@id":"https:\/\/derpsairer.it\/it\/produkt\/meraner-burggraefler\/","url":"https:\/\/derpsairer.it\/it\/produkt\/meraner-burggraefler\/","name":"Meraner Burggr\u00e4fler \u2013 Vernaccia classica dell'Alto Adige - Der Psairer - Speck, Wurst, K\u00e4se","isPartOf":{"@id":"https:\/\/derpsairer.it\/it\/#website"},"primaryImageOfPage":{"@id":"https:\/\/derpsairer.it\/it\/produkt\/meraner-burggraefler\/#primaryimage"},"image":{"@id":"https:\/\/derpsairer.it\/it\/produkt\/meraner-burggraefler\/#primaryimage"},"thumbnailUrl":"https:\/\/derpsairer.it\/wp-22\/wp-content\/uploads\/2021\/08\/Screenshot-2023-11-06-172051-1.jpeg","datePublished":"2021-08-31T13:15:21+00:00","dateModified":"2026-01-07T10:40:05+00:00","description":"Meraner Burggr\u00e4fler Vernatsch \u2013 classico vino rosso dell'Alto Adige proveniente da Merano, fruttato, morbido e leggero. Ideale con la merenda, formaggio, speck e piatti tradizionali.","breadcrumb":{"@id":"https:\/\/derpsairer.it\/it\/produkt\/meraner-burggraefler\/#breadcrumb"},"inLanguage":"it-IT","potentialAction":[{"@type":"ReadAction","target":["https:\/\/derpsairer.it\/it\/produkt\/meraner-burggraefler\/"]}]},{"@type":"ImageObject","inLanguage":"it-IT","@id":"https:\/\/derpsairer.it\/it\/produkt\/meraner-burggraefler\/#primaryimage","url":"https:\/\/derpsairer.it\/wp-22\/wp-content\/uploads\/2021\/08\/Screenshot-2023-11-06-172051-1.jpeg","contentUrl":"https:\/\/derpsairer.it\/wp-22\/wp-content\/uploads\/2021\/08\/Screenshot-2023-11-06-172051-1.jpeg","width":1186,"height":866},{"@type":"BreadcrumbList","@id":"https:\/\/derpsairer.it\/it\/produkt\/meraner-burggraefler\/#breadcrumb","itemListElement":[{"@type":"ListItem","position":1,"name":"Home","item":"https:\/\/derpsairer.it\/it\/il-negozio-di-speck-der-psairer\/"},{"@type":"ListItem","position":2,"name":"Shop","item":"https:\/\/derpsairer.it\/shop\/"},{"@type":"ListItem","position":3,"name":"Meraner Burggr\u00e4fler Vernatsch \u2013 Classico vino rosso dell&#8217;Alto Adige"}]},{"@type":"WebSite","@id":"https:\/\/derpsairer.it\/it\/#website","url":"https:\/\/derpsairer.it\/it\/","name":"Der Psairer - Speck, Wurst, K\u00e4se","description":"Speck, Wurst und K\u00e4s aus Passeiertal in S\u00fcdtirol online bestellen.","publisher":{"@id":"https:\/\/derpsairer.it\/it\/#organization"},"potentialAction":[{"@type":"SearchAction","target":{"@type":"EntryPoint","urlTemplate":"https:\/\/derpsairer.it\/it\/?s={search_term_string}"},"query-input":{"@type":"PropertyValueSpecification","valueRequired":true,"valueName":"search_term_string"}}],"inLanguage":"it-IT"},{"@type":"Organization","@id":"https:\/\/derpsairer.it\/it\/#organization","name":"Der Psairer - Speck, Wurst, K\u00e4se","url":"https:\/\/derpsairer.it\/it\/","logo":{"@type":"ImageObject","inLanguage":"it-IT","@id":"https:\/\/derpsairer.it\/it\/#\/schema\/logo\/image\/","url":"https:\/\/derpsairer.it\/wp-22\/wp-content\/uploads\/2020\/03\/DER-PSAIRER-LOGO-2x.png","contentUrl":"https:\/\/derpsairer.it\/wp-22\/wp-content\/uploads\/2020\/03\/DER-PSAIRER-LOGO-2x.png","width":500,"height":500,"caption":"Der Psairer - Speck, Wurst, K\u00e4se"},"image":{"@id":"https:\/\/derpsairer.it\/it\/#\/schema\/logo\/image\/"},"sameAs":["https:\/\/www.facebook.com\/profile.php?id=100063648246860"]}]}},"_links":{"self":[{"href":"https:\/\/derpsairer.it\/it\/wp-json\/wp\/v2\/product\/5116","targetHints":{"allow":["GET"]}}],"collection":[{"href":"https:\/\/derpsairer.it\/it\/wp-json\/wp\/v2\/product"}],"about":[{"href":"https:\/\/derpsairer.it\/it\/wp-json\/wp\/v2\/types\/product"}],"wp:featuredmedia":[{"embeddable":true,"href":"https:\/\/derpsairer.it\/it\/wp-json\/wp\/v2\/media\/5120"}],"wp:attachment":[{"href":"https:\/\/derpsairer.it\/it\/wp-json\/wp\/v2\/media?parent=5116"}],"wp:term":[{"taxonomy":"product_brand","embeddable":true,"href":"https:\/\/derpsairer.it\/it\/wp-json\/wp\/v2\/product_brand?post=5116"},{"taxonomy":"product_cat","embeddable":true,"href":"https:\/\/derpsairer.it\/it\/wp-json\/wp\/v2\/product_cat?post=5116"},{"taxonomy":"product_tag","embeddable":true,"href":"https:\/\/derpsairer.it\/it\/wp-json\/wp\/v2\/product_tag?post=5116"}],"curies":[{"name":"wp","href":"https:\/\/api.w.org\/{rel}","templated":true}]}}