{"id":5126,"date":"2023-01-18T15:09:06","date_gmt":"2023-01-18T14:09:06","guid":{"rendered":"https:\/\/derpsairer.it\/produkt\/sidro-di-mele-anderdog\/"},"modified":"2025-12-14T16:51:25","modified_gmt":"2025-12-14T15:51:25","slug":"sidro-di-mele-anderdog","status":"publish","type":"product","link":"https:\/\/derpsairer.it\/it\/produkt\/sidro-di-mele-anderdog\/","title":{"rendered":"Sidro di mele Anderdog \u2013 sidro di mele frizzante dell&#8217;Alto Adige"},"content":{"rendered":"<div class=\"mb-1 mt-2 whitespace-pre-line leading-relaxed first:mt-0\" data-sentry-component=\"P\" data-sentry-source-file=\"p.tsx\">\n<p data-start=\"75\" data-end=\"589\">Il sidro di mele Anderdog unisce la freschezza fruttata alla frizzante leggerezza ed \u00e8 sinonimo di piacere moderno dell&#8217;Alto Adige. Con il suo aroma di mela chiaro e l&#8217;anidride carbonica fine, si presenta equilibrato, vivace e piacevolmente facile da bere. Ispirato allo spirito ribelle di Andreas Hofer, questo sidro \u00e8 stato premiato a livello internazionale ed \u00e8 rivolto a tutti coloro che apprezzano qualcosa di speciale. Ideale ben fresco come aperitivo, con piatti leggeri o semplicemente come momento di piacere rinfrescante.   <\/p>\n<\/div>\n<div data-sentry-component=\"P\" data-sentry-source-file=\"p.tsx\">Contenuto: 0,33 l<\/div>\n","protected":false},"excerpt":{"rendered":"<p>\u2022 Sidro di mele frizzante<br data-start=\"960\" data-end=\"963\">\u2022 Gusto fresco e fruttato<br data-start=\"992\" data-end=\"995\">\u2022 Premiato a livello internazionale<br data-start=\"1024\" data-end=\"1027\">\u2022 Ispirato da Andreas Hofer<br data-start=\"1057\" data-end=\"1060\">\u2022 Ideale da gustare ben fresco<\/p>\n","protected":false},"featured_media":5127,"template":"","meta":[],"product_brand":[],"product_cat":[191],"product_tag":[1945,2250,308,3165,2651,2253,2189,2185,3184,3183,2249],"class_list":{"0":"post-5126","1":"product","2":"type-product","3":"status-publish","4":"has-post-thumbnail","6":"product_cat-altre-delizie","7":"product_tag-alto-adige","8":"product_tag-anderdog","9":"product_tag-aperitivo","10":"product_tag-bevanda","11":"product_tag-drink-estivo","12":"product_tag-frizzante","13":"product_tag-fruttato","14":"product_tag-mela","15":"product_tag-premiato","16":"product_tag-sidro","17":"product_tag-sidro-di-mele","19":"first","20":"instock","21":"taxable","22":"shipping-taxable","23":"purchasable","24":"product-type-simple"},"yoast_head":"<!-- This site is optimized with the Yoast SEO plugin v27.6 - https:\/\/yoast.com\/product\/yoast-seo-wordpress\/ -->\n<title>Sidro di mele Anderdog \u2013 Sidro frizzante dell&#039;Alto Adige, premiato - Der Psairer - Speck, Wurst, K\u00e4se<\/title>\n<meta name=\"description\" content=\"Sidro di mele Anderdog dell&#039;Alto Adige, fruttato e frizzante, premiato a livello internazionale e ideale da gustare ben fresco.\" \/>\n<meta name=\"robots\" content=\"index, follow, max-snippet:-1, max-image-preview:large, max-video-preview:-1\" \/>\n<link rel=\"canonical\" href=\"https:\/\/derpsairer.it\/it\/produkt\/sidro-di-mele-anderdog\/\" \/>\n<meta property=\"og:locale\" content=\"it_IT\" \/>\n<meta property=\"og:type\" content=\"article\" \/>\n<meta property=\"og:title\" content=\"Sidro di mele Anderdog \u2013 Sidro frizzante dell&#039;Alto Adige, premiato - Der Psairer - Speck, Wurst, K\u00e4se\" \/>\n<meta property=\"og:description\" content=\"Sidro di mele Anderdog dell&#039;Alto Adige, fruttato e frizzante, premiato a livello internazionale e ideale da gustare ben fresco.\" \/>\n<meta property=\"og:url\" content=\"https:\/\/derpsairer.it\/it\/produkt\/sidro-di-mele-anderdog\/\" \/>\n<meta property=\"og:site_name\" content=\"Der Psairer - Speck, Wurst, K\u00e4se\" \/>\n<meta property=\"article:publisher\" content=\"https:\/\/www.facebook.com\/profile.php?id=100063648246860\" \/>\n<meta property=\"article:modified_time\" content=\"2025-12-14T15:51:25+00:00\" \/>\n<meta property=\"og:image\" content=\"https:\/\/derpsairer.it\/wp-22\/wp-content\/uploads\/2023\/01\/Ander-Dog-330-ml-310-E.jpeg\" \/>\n\t<meta property=\"og:image:width\" content=\"853\" \/>\n\t<meta property=\"og:image:height\" content=\"1280\" \/>\n\t<meta property=\"og:image:type\" content=\"image\/jpeg\" \/>\n<script type=\"application\/ld+json\" class=\"yoast-schema-graph\">{\"@context\":\"https:\\\/\\\/schema.org\",\"@graph\":[{\"@type\":\"WebPage\",\"@id\":\"https:\\\/\\\/derpsairer.it\\\/it\\\/produkt\\\/sidro-di-mele-anderdog\\\/\",\"url\":\"https:\\\/\\\/derpsairer.it\\\/it\\\/produkt\\\/sidro-di-mele-anderdog\\\/\",\"name\":\"Sidro di mele Anderdog \u2013 Sidro frizzante dell'Alto Adige, premiato - Der Psairer - Speck, Wurst, K\u00e4se\",\"isPartOf\":{\"@id\":\"https:\\\/\\\/derpsairer.it\\\/it\\\/#website\"},\"primaryImageOfPage\":{\"@id\":\"https:\\\/\\\/derpsairer.it\\\/it\\\/produkt\\\/sidro-di-mele-anderdog\\\/#primaryimage\"},\"image\":{\"@id\":\"https:\\\/\\\/derpsairer.it\\\/it\\\/produkt\\\/sidro-di-mele-anderdog\\\/#primaryimage\"},\"thumbnailUrl\":\"https:\\\/\\\/derpsairer.it\\\/wp-22\\\/wp-content\\\/uploads\\\/2023\\\/01\\\/Ander-Dog-330-ml-310-E.jpeg\",\"datePublished\":\"2023-01-18T14:09:06+00:00\",\"dateModified\":\"2025-12-14T15:51:25+00:00\",\"description\":\"Sidro di mele Anderdog dell'Alto Adige, fruttato e frizzante, premiato a livello internazionale e ideale da gustare ben fresco.\",\"breadcrumb\":{\"@id\":\"https:\\\/\\\/derpsairer.it\\\/it\\\/produkt\\\/sidro-di-mele-anderdog\\\/#breadcrumb\"},\"inLanguage\":\"it-IT\",\"potentialAction\":[{\"@type\":\"ReadAction\",\"target\":[\"https:\\\/\\\/derpsairer.it\\\/it\\\/produkt\\\/sidro-di-mele-anderdog\\\/\"]}]},{\"@type\":\"ImageObject\",\"inLanguage\":\"it-IT\",\"@id\":\"https:\\\/\\\/derpsairer.it\\\/it\\\/produkt\\\/sidro-di-mele-anderdog\\\/#primaryimage\",\"url\":\"https:\\\/\\\/derpsairer.it\\\/wp-22\\\/wp-content\\\/uploads\\\/2023\\\/01\\\/Ander-Dog-330-ml-310-E.jpeg\",\"contentUrl\":\"https:\\\/\\\/derpsairer.it\\\/wp-22\\\/wp-content\\\/uploads\\\/2023\\\/01\\\/Ander-Dog-330-ml-310-E.jpeg\",\"width\":853,\"height\":1280,\"caption\":\"Sidro di mele Anderdog\"},{\"@type\":\"BreadcrumbList\",\"@id\":\"https:\\\/\\\/derpsairer.it\\\/it\\\/produkt\\\/sidro-di-mele-anderdog\\\/#breadcrumb\",\"itemListElement\":[{\"@type\":\"ListItem\",\"position\":1,\"name\":\"Home\",\"item\":\"https:\\\/\\\/derpsairer.it\\\/it\\\/il-negozio-di-speck-der-psairer\\\/\"},{\"@type\":\"ListItem\",\"position\":2,\"name\":\"Shop\",\"item\":\"https:\\\/\\\/derpsairer.it\\\/shop\\\/\"},{\"@type\":\"ListItem\",\"position\":3,\"name\":\"Sidro di mele Anderdog \u2013 sidro di mele frizzante dell&#8217;Alto Adige\"}]},{\"@type\":\"WebSite\",\"@id\":\"https:\\\/\\\/derpsairer.it\\\/it\\\/#website\",\"url\":\"https:\\\/\\\/derpsairer.it\\\/it\\\/\",\"name\":\"Der Psairer - Speck, Wurst, K\u00e4se\",\"description\":\"Speck, Wurst und K\u00e4s aus Passeiertal in S\u00fcdtirol online bestellen.\",\"publisher\":{\"@id\":\"https:\\\/\\\/derpsairer.it\\\/it\\\/#organization\"},\"potentialAction\":[{\"@type\":\"SearchAction\",\"target\":{\"@type\":\"EntryPoint\",\"urlTemplate\":\"https:\\\/\\\/derpsairer.it\\\/it\\\/?s={search_term_string}\"},\"query-input\":{\"@type\":\"PropertyValueSpecification\",\"valueRequired\":true,\"valueName\":\"search_term_string\"}}],\"inLanguage\":\"it-IT\"},{\"@type\":\"Organization\",\"@id\":\"https:\\\/\\\/derpsairer.it\\\/it\\\/#organization\",\"name\":\"Der Psairer - Speck, Wurst, K\u00e4se\",\"url\":\"https:\\\/\\\/derpsairer.it\\\/it\\\/\",\"logo\":{\"@type\":\"ImageObject\",\"inLanguage\":\"it-IT\",\"@id\":\"https:\\\/\\\/derpsairer.it\\\/it\\\/#\\\/schema\\\/logo\\\/image\\\/\",\"url\":\"https:\\\/\\\/derpsairer.it\\\/wp-22\\\/wp-content\\\/uploads\\\/2020\\\/03\\\/DER-PSAIRER-LOGO-2x.png\",\"contentUrl\":\"https:\\\/\\\/derpsairer.it\\\/wp-22\\\/wp-content\\\/uploads\\\/2020\\\/03\\\/DER-PSAIRER-LOGO-2x.png\",\"width\":500,\"height\":500,\"caption\":\"Der Psairer - Speck, Wurst, K\u00e4se\"},\"image\":{\"@id\":\"https:\\\/\\\/derpsairer.it\\\/it\\\/#\\\/schema\\\/logo\\\/image\\\/\"},\"sameAs\":[\"https:\\\/\\\/www.facebook.com\\\/profile.php?id=100063648246860\"]}]}<\/script>\n<!-- \/ Yoast SEO plugin. -->","yoast_head_json":{"title":"Sidro di mele Anderdog \u2013 Sidro frizzante dell'Alto Adige, premiato - Der Psairer - Speck, Wurst, K\u00e4se","description":"Sidro di mele Anderdog dell'Alto Adige, fruttato e frizzante, premiato a livello internazionale e ideale da gustare ben fresco.","robots":{"index":"index","follow":"follow","max-snippet":"max-snippet:-1","max-image-preview":"max-image-preview:large","max-video-preview":"max-video-preview:-1"},"canonical":"https:\/\/derpsairer.it\/it\/produkt\/sidro-di-mele-anderdog\/","og_locale":"it_IT","og_type":"article","og_title":"Sidro di mele Anderdog \u2013 Sidro frizzante dell'Alto Adige, premiato - Der Psairer - Speck, Wurst, K\u00e4se","og_description":"Sidro di mele Anderdog dell'Alto Adige, fruttato e frizzante, premiato a livello internazionale e ideale da gustare ben fresco.","og_url":"https:\/\/derpsairer.it\/it\/produkt\/sidro-di-mele-anderdog\/","og_site_name":"Der Psairer - Speck, Wurst, K\u00e4se","article_publisher":"https:\/\/www.facebook.com\/profile.php?id=100063648246860","article_modified_time":"2025-12-14T15:51:25+00:00","og_image":[{"width":853,"height":1280,"url":"https:\/\/derpsairer.it\/wp-22\/wp-content\/uploads\/2023\/01\/Ander-Dog-330-ml-310-E.jpeg","type":"image\/jpeg"}],"schema":{"@context":"https:\/\/schema.org","@graph":[{"@type":"WebPage","@id":"https:\/\/derpsairer.it\/it\/produkt\/sidro-di-mele-anderdog\/","url":"https:\/\/derpsairer.it\/it\/produkt\/sidro-di-mele-anderdog\/","name":"Sidro di mele Anderdog \u2013 Sidro frizzante dell'Alto Adige, premiato - Der Psairer - Speck, Wurst, K\u00e4se","isPartOf":{"@id":"https:\/\/derpsairer.it\/it\/#website"},"primaryImageOfPage":{"@id":"https:\/\/derpsairer.it\/it\/produkt\/sidro-di-mele-anderdog\/#primaryimage"},"image":{"@id":"https:\/\/derpsairer.it\/it\/produkt\/sidro-di-mele-anderdog\/#primaryimage"},"thumbnailUrl":"https:\/\/derpsairer.it\/wp-22\/wp-content\/uploads\/2023\/01\/Ander-Dog-330-ml-310-E.jpeg","datePublished":"2023-01-18T14:09:06+00:00","dateModified":"2025-12-14T15:51:25+00:00","description":"Sidro di mele Anderdog dell'Alto Adige, fruttato e frizzante, premiato a livello internazionale e ideale da gustare ben fresco.","breadcrumb":{"@id":"https:\/\/derpsairer.it\/it\/produkt\/sidro-di-mele-anderdog\/#breadcrumb"},"inLanguage":"it-IT","potentialAction":[{"@type":"ReadAction","target":["https:\/\/derpsairer.it\/it\/produkt\/sidro-di-mele-anderdog\/"]}]},{"@type":"ImageObject","inLanguage":"it-IT","@id":"https:\/\/derpsairer.it\/it\/produkt\/sidro-di-mele-anderdog\/#primaryimage","url":"https:\/\/derpsairer.it\/wp-22\/wp-content\/uploads\/2023\/01\/Ander-Dog-330-ml-310-E.jpeg","contentUrl":"https:\/\/derpsairer.it\/wp-22\/wp-content\/uploads\/2023\/01\/Ander-Dog-330-ml-310-E.jpeg","width":853,"height":1280,"caption":"Sidro di mele Anderdog"},{"@type":"BreadcrumbList","@id":"https:\/\/derpsairer.it\/it\/produkt\/sidro-di-mele-anderdog\/#breadcrumb","itemListElement":[{"@type":"ListItem","position":1,"name":"Home","item":"https:\/\/derpsairer.it\/it\/il-negozio-di-speck-der-psairer\/"},{"@type":"ListItem","position":2,"name":"Shop","item":"https:\/\/derpsairer.it\/shop\/"},{"@type":"ListItem","position":3,"name":"Sidro di mele Anderdog \u2013 sidro di mele frizzante dell&#8217;Alto Adige"}]},{"@type":"WebSite","@id":"https:\/\/derpsairer.it\/it\/#website","url":"https:\/\/derpsairer.it\/it\/","name":"Der Psairer - Speck, Wurst, K\u00e4se","description":"Speck, Wurst und K\u00e4s aus Passeiertal in S\u00fcdtirol online bestellen.","publisher":{"@id":"https:\/\/derpsairer.it\/it\/#organization"},"potentialAction":[{"@type":"SearchAction","target":{"@type":"EntryPoint","urlTemplate":"https:\/\/derpsairer.it\/it\/?s={search_term_string}"},"query-input":{"@type":"PropertyValueSpecification","valueRequired":true,"valueName":"search_term_string"}}],"inLanguage":"it-IT"},{"@type":"Organization","@id":"https:\/\/derpsairer.it\/it\/#organization","name":"Der Psairer - Speck, Wurst, K\u00e4se","url":"https:\/\/derpsairer.it\/it\/","logo":{"@type":"ImageObject","inLanguage":"it-IT","@id":"https:\/\/derpsairer.it\/it\/#\/schema\/logo\/image\/","url":"https:\/\/derpsairer.it\/wp-22\/wp-content\/uploads\/2020\/03\/DER-PSAIRER-LOGO-2x.png","contentUrl":"https:\/\/derpsairer.it\/wp-22\/wp-content\/uploads\/2020\/03\/DER-PSAIRER-LOGO-2x.png","width":500,"height":500,"caption":"Der Psairer - Speck, Wurst, K\u00e4se"},"image":{"@id":"https:\/\/derpsairer.it\/it\/#\/schema\/logo\/image\/"},"sameAs":["https:\/\/www.facebook.com\/profile.php?id=100063648246860"]}]}},"_links":{"self":[{"href":"https:\/\/derpsairer.it\/it\/wp-json\/wp\/v2\/product\/5126","targetHints":{"allow":["GET"]}}],"collection":[{"href":"https:\/\/derpsairer.it\/it\/wp-json\/wp\/v2\/product"}],"about":[{"href":"https:\/\/derpsairer.it\/it\/wp-json\/wp\/v2\/types\/product"}],"wp:featuredmedia":[{"embeddable":true,"href":"https:\/\/derpsairer.it\/it\/wp-json\/wp\/v2\/media\/5127"}],"wp:attachment":[{"href":"https:\/\/derpsairer.it\/it\/wp-json\/wp\/v2\/media?parent=5126"}],"wp:term":[{"taxonomy":"product_brand","embeddable":true,"href":"https:\/\/derpsairer.it\/it\/wp-json\/wp\/v2\/product_brand?post=5126"},{"taxonomy":"product_cat","embeddable":true,"href":"https:\/\/derpsairer.it\/it\/wp-json\/wp\/v2\/product_cat?post=5126"},{"taxonomy":"product_tag","embeddable":true,"href":"https:\/\/derpsairer.it\/it\/wp-json\/wp\/v2\/product_tag?post=5126"}],"curies":[{"name":"wp","href":"https:\/\/api.w.org\/{rel}","templated":true}]}}