{"id":5135,"date":"2021-08-31T16:23:49","date_gmt":"2021-08-31T14:23:49","guid":{"rendered":"https:\/\/derpsairer.it\/produkt\/grappa-dicotto-lune\/"},"modified":"2025-12-29T15:30:35","modified_gmt":"2025-12-29T14:30:35","slug":"grappa-dicotto-lune","status":"publish","type":"product","link":"https:\/\/derpsairer.it\/it\/produkt\/grappa-dicotto-lune\/","title":{"rendered":"Grappa Diciotto Lune \u2013 Grappa barricata pregiata"},"content":{"rendered":"<p data-start=\"66\" data-end=\"409\">La Grappa Diciotto Lune \u00e8 una grappa barricata eccezionalmente elegante, di grande profondit\u00e0 e armonia. Il suo profumo \u00e8 etereo, intenso e finemente bilanciato, mentre al palato si rivela una struttura setosa, rotonda ed elegante. Il caldo colore ambrato preannuncia gi\u00e0 la sua lunga maturazione.  <\/p>\n<p data-start=\"411\" data-end=\"736\">Il bouquet rivela aromi dolci e complessi, combinati con una struttura morbida e al contempo secca. L&#8217;affinamento avviene per 18 mesi in una speciale combinazione di botti di ciliegio, frassino, rovere e robinia, che conferiscono alla grappa la sua complessit\u00e0, equilibrio e il suo carattere inconfondibile. <\/p>\n<p data-start=\"738\" data-end=\"823\">Una grappa per intenditori e buongustai \u2013 perfetta come digestivo o per momenti speciali.<\/p>\n<p data-start=\"907\" data-end=\"943\"><strong data-start=\"907\" data-end=\"932\">Cantina \/ Distilleria:<\/strong><br data-start=\"932\" data-end=\"935\">Marzadro<\/p>\n<p data-start=\"945\" data-end=\"1017\"><strong data-start=\"945\" data-end=\"956\">Affinamento:<\/strong><br data-start=\"956\" data-end=\"959\">18 mesi in botti di ciliegio, frassino, rovere e robinia<\/p>\n<p data-start=\"1019\" data-end=\"1051\"><strong data-start=\"1019\" data-end=\"1029\">Colore:<\/strong><br data-start=\"1029\" data-end=\"1032\">Caldo color ambrato<\/p>\n<p data-start=\"1053\" data-end=\"1120\"><strong data-start=\"1053\" data-end=\"1067\">Carattere:<\/strong><br data-start=\"1067\" data-end=\"1070\">Eterea, intensa, armoniosa, morbida ed elegante<\/p>\n<p data-start=\"1122\" data-end=\"1184\"><strong data-start=\"1122\" data-end=\"1144\">Consigli di servizio:<\/strong><br data-start=\"1144\" data-end=\"1147\">Liscia a temperatura ambiente come digestivo<\/p>\n<p data-start=\"1122\" data-end=\"1184\"><strong>Contenuto: <\/strong><br \/>\n20 cl \u2013 50 cl<\/p>\n<p data-start=\"1122\" data-end=\"1184\"><strong>Gradazione alcolica:<\/strong><br \/>\n41 % Vol.<\/p>\n","protected":false},"excerpt":{"rendered":"<p>\u2022 Grappa barricata pregiata di Marzadro<br data-start=\"1242\" data-end=\"1245\">\u2022 Affinata 18 mesi in quattro diversi tipi di legno<br data-start=\"1296\" data-end=\"1299\">\u2022 Struttura setosa ed elegante<br data-start=\"1327\" data-end=\"1330\">\u2022 Bouquet intenso e dolce con finale armonioso<br data-start=\"1381\" data-end=\"1384\">\u2022 Caldo colore ambrato<br data-start=\"1406\" data-end=\"1409\">\u2022 Ideale per intenditori esigenti<\/p>\n","protected":false},"featured_media":5615,"template":"","meta":[],"product_brand":[],"product_cat":[188],"product_tag":[3203,2561,2552,2563,2562,307,2490,1481,2814,3018,2564,2554],"class_list":{"0":"post-5135","1":"product","2":"type-product","3":"status-publish","4":"has-post-thumbnail","6":"product_cat-vino-distillati","7":"product_tag-affinata-in-botte","8":"product_tag-ambra","9":"product_tag-barrique","10":"product_tag-botte-di-legno","11":"product_tag-diciotto-lune","12":"product_tag-digestivo","13":"product_tag-elegante","14":"product_tag-grappa","15":"product_tag-intenditori","16":"product_tag-marzadro","17":"product_tag-morbido","18":"product_tag-premium","19":"pa_flasche-bottiglia-grande","20":"pa_flasche-bottiglia-piccola","22":"first","23":"instock","24":"shipping-taxable","25":"purchasable","26":"product-type-variable"},"yoast_head":"<!-- This site is optimized with the Yoast SEO plugin v27.4 - https:\/\/yoast.com\/product\/yoast-seo-wordpress\/ -->\n<title>Grappa Diciotto Lune \u2013 Affinata 18 mesi in botte - Der Psairer - Speck, Wurst, K\u00e4se<\/title>\n<meta name=\"description\" content=\"Grappa Diciotto Lune \u2013 grappa barricata pregiata, affinata 18 mesi in quattro tipi di legno, morbida, elegante e armoniosa.\" \/>\n<meta name=\"robots\" content=\"index, follow, max-snippet:-1, max-image-preview:large, max-video-preview:-1\" \/>\n<link rel=\"canonical\" href=\"https:\/\/derpsairer.it\/it\/produkt\/grappa-dicotto-lune\/\" \/>\n<meta property=\"og:locale\" content=\"it_IT\" \/>\n<meta property=\"og:type\" content=\"article\" \/>\n<meta property=\"og:title\" content=\"Grappa Diciotto Lune \u2013 Affinata 18 mesi in botte - Der Psairer - Speck, Wurst, K\u00e4se\" \/>\n<meta property=\"og:description\" content=\"Grappa Diciotto Lune \u2013 grappa barricata pregiata, affinata 18 mesi in quattro tipi di legno, morbida, elegante e armoniosa.\" \/>\n<meta property=\"og:url\" content=\"https:\/\/derpsairer.it\/it\/produkt\/grappa-dicotto-lune\/\" \/>\n<meta property=\"og:site_name\" content=\"Der Psairer - Speck, Wurst, K\u00e4se\" \/>\n<meta property=\"article:publisher\" content=\"https:\/\/www.facebook.com\/profile.php?id=100063648246860\" \/>\n<meta property=\"article:modified_time\" content=\"2025-12-29T14:30:35+00:00\" \/>\n<meta property=\"og:image\" content=\"https:\/\/derpsairer.it\/wp-22\/wp-content\/uploads\/2021\/08\/Dicotto-Lune.jpg\" \/>\n\t<meta property=\"og:image:width\" content=\"800\" \/>\n\t<meta property=\"og:image:height\" content=\"800\" \/>\n\t<meta property=\"og:image:type\" content=\"image\/jpeg\" \/>\n<meta name=\"twitter:label1\" content=\"Tempo di lettura stimato\" \/>\n\t<meta name=\"twitter:data1\" content=\"1 minute\" \/>\n<script type=\"application\/ld+json\" class=\"yoast-schema-graph\">{\"@context\":\"https:\\\/\\\/schema.org\",\"@graph\":[{\"@type\":\"WebPage\",\"@id\":\"https:\\\/\\\/derpsairer.it\\\/it\\\/produkt\\\/grappa-dicotto-lune\\\/\",\"url\":\"https:\\\/\\\/derpsairer.it\\\/it\\\/produkt\\\/grappa-dicotto-lune\\\/\",\"name\":\"Grappa Diciotto Lune \u2013 Affinata 18 mesi in botte - Der Psairer - Speck, Wurst, K\u00e4se\",\"isPartOf\":{\"@id\":\"https:\\\/\\\/derpsairer.it\\\/it\\\/#website\"},\"primaryImageOfPage\":{\"@id\":\"https:\\\/\\\/derpsairer.it\\\/it\\\/produkt\\\/grappa-dicotto-lune\\\/#primaryimage\"},\"image\":{\"@id\":\"https:\\\/\\\/derpsairer.it\\\/it\\\/produkt\\\/grappa-dicotto-lune\\\/#primaryimage\"},\"thumbnailUrl\":\"https:\\\/\\\/derpsairer.it\\\/wp-22\\\/wp-content\\\/uploads\\\/2021\\\/08\\\/Dicotto-Lune.jpg\",\"datePublished\":\"2021-08-31T14:23:49+00:00\",\"dateModified\":\"2025-12-29T14:30:35+00:00\",\"description\":\"Grappa Diciotto Lune \u2013 grappa barricata pregiata, affinata 18 mesi in quattro tipi di legno, morbida, elegante e armoniosa.\",\"breadcrumb\":{\"@id\":\"https:\\\/\\\/derpsairer.it\\\/it\\\/produkt\\\/grappa-dicotto-lune\\\/#breadcrumb\"},\"inLanguage\":\"it-IT\",\"potentialAction\":[{\"@type\":\"ReadAction\",\"target\":[\"https:\\\/\\\/derpsairer.it\\\/it\\\/produkt\\\/grappa-dicotto-lune\\\/\"]}]},{\"@type\":\"ImageObject\",\"inLanguage\":\"it-IT\",\"@id\":\"https:\\\/\\\/derpsairer.it\\\/it\\\/produkt\\\/grappa-dicotto-lune\\\/#primaryimage\",\"url\":\"https:\\\/\\\/derpsairer.it\\\/wp-22\\\/wp-content\\\/uploads\\\/2021\\\/08\\\/Dicotto-Lune.jpg\",\"contentUrl\":\"https:\\\/\\\/derpsairer.it\\\/wp-22\\\/wp-content\\\/uploads\\\/2021\\\/08\\\/Dicotto-Lune.jpg\",\"width\":800,\"height\":800},{\"@type\":\"BreadcrumbList\",\"@id\":\"https:\\\/\\\/derpsairer.it\\\/it\\\/produkt\\\/grappa-dicotto-lune\\\/#breadcrumb\",\"itemListElement\":[{\"@type\":\"ListItem\",\"position\":1,\"name\":\"Home\",\"item\":\"https:\\\/\\\/derpsairer.it\\\/it\\\/il-negozio-di-speck-der-psairer\\\/\"},{\"@type\":\"ListItem\",\"position\":2,\"name\":\"Shop\",\"item\":\"https:\\\/\\\/derpsairer.it\\\/shop\\\/\"},{\"@type\":\"ListItem\",\"position\":3,\"name\":\"Grappa Diciotto Lune \u2013 Grappa barricata pregiata\"}]},{\"@type\":\"WebSite\",\"@id\":\"https:\\\/\\\/derpsairer.it\\\/it\\\/#website\",\"url\":\"https:\\\/\\\/derpsairer.it\\\/it\\\/\",\"name\":\"Der Psairer - Speck, Wurst, K\u00e4se\",\"description\":\"Speck, Wurst und K\u00e4s aus Passeiertal in S\u00fcdtirol online bestellen.\",\"publisher\":{\"@id\":\"https:\\\/\\\/derpsairer.it\\\/it\\\/#organization\"},\"potentialAction\":[{\"@type\":\"SearchAction\",\"target\":{\"@type\":\"EntryPoint\",\"urlTemplate\":\"https:\\\/\\\/derpsairer.it\\\/it\\\/?s={search_term_string}\"},\"query-input\":{\"@type\":\"PropertyValueSpecification\",\"valueRequired\":true,\"valueName\":\"search_term_string\"}}],\"inLanguage\":\"it-IT\"},{\"@type\":\"Organization\",\"@id\":\"https:\\\/\\\/derpsairer.it\\\/it\\\/#organization\",\"name\":\"Der Psairer - Speck, Wurst, K\u00e4se\",\"url\":\"https:\\\/\\\/derpsairer.it\\\/it\\\/\",\"logo\":{\"@type\":\"ImageObject\",\"inLanguage\":\"it-IT\",\"@id\":\"https:\\\/\\\/derpsairer.it\\\/it\\\/#\\\/schema\\\/logo\\\/image\\\/\",\"url\":\"https:\\\/\\\/derpsairer.it\\\/wp-22\\\/wp-content\\\/uploads\\\/2020\\\/03\\\/DER-PSAIRER-LOGO-2x.png\",\"contentUrl\":\"https:\\\/\\\/derpsairer.it\\\/wp-22\\\/wp-content\\\/uploads\\\/2020\\\/03\\\/DER-PSAIRER-LOGO-2x.png\",\"width\":500,\"height\":500,\"caption\":\"Der Psairer - Speck, Wurst, K\u00e4se\"},\"image\":{\"@id\":\"https:\\\/\\\/derpsairer.it\\\/it\\\/#\\\/schema\\\/logo\\\/image\\\/\"},\"sameAs\":[\"https:\\\/\\\/www.facebook.com\\\/profile.php?id=100063648246860\"]}]}<\/script>\n<!-- \/ Yoast SEO plugin. -->","yoast_head_json":{"title":"Grappa Diciotto Lune \u2013 Affinata 18 mesi in botte - Der Psairer - Speck, Wurst, K\u00e4se","description":"Grappa Diciotto Lune \u2013 grappa barricata pregiata, affinata 18 mesi in quattro tipi di legno, morbida, elegante e armoniosa.","robots":{"index":"index","follow":"follow","max-snippet":"max-snippet:-1","max-image-preview":"max-image-preview:large","max-video-preview":"max-video-preview:-1"},"canonical":"https:\/\/derpsairer.it\/it\/produkt\/grappa-dicotto-lune\/","og_locale":"it_IT","og_type":"article","og_title":"Grappa Diciotto Lune \u2013 Affinata 18 mesi in botte - Der Psairer - Speck, Wurst, K\u00e4se","og_description":"Grappa Diciotto Lune \u2013 grappa barricata pregiata, affinata 18 mesi in quattro tipi di legno, morbida, elegante e armoniosa.","og_url":"https:\/\/derpsairer.it\/it\/produkt\/grappa-dicotto-lune\/","og_site_name":"Der Psairer - Speck, Wurst, K\u00e4se","article_publisher":"https:\/\/www.facebook.com\/profile.php?id=100063648246860","article_modified_time":"2025-12-29T14:30:35+00:00","og_image":[{"width":800,"height":800,"url":"https:\/\/derpsairer.it\/wp-22\/wp-content\/uploads\/2021\/08\/Dicotto-Lune.jpg","type":"image\/jpeg"}],"twitter_misc":{"Tempo di lettura stimato":"1 minute"},"schema":{"@context":"https:\/\/schema.org","@graph":[{"@type":"WebPage","@id":"https:\/\/derpsairer.it\/it\/produkt\/grappa-dicotto-lune\/","url":"https:\/\/derpsairer.it\/it\/produkt\/grappa-dicotto-lune\/","name":"Grappa Diciotto Lune \u2013 Affinata 18 mesi in botte - Der Psairer - Speck, Wurst, K\u00e4se","isPartOf":{"@id":"https:\/\/derpsairer.it\/it\/#website"},"primaryImageOfPage":{"@id":"https:\/\/derpsairer.it\/it\/produkt\/grappa-dicotto-lune\/#primaryimage"},"image":{"@id":"https:\/\/derpsairer.it\/it\/produkt\/grappa-dicotto-lune\/#primaryimage"},"thumbnailUrl":"https:\/\/derpsairer.it\/wp-22\/wp-content\/uploads\/2021\/08\/Dicotto-Lune.jpg","datePublished":"2021-08-31T14:23:49+00:00","dateModified":"2025-12-29T14:30:35+00:00","description":"Grappa Diciotto Lune \u2013 grappa barricata pregiata, affinata 18 mesi in quattro tipi di legno, morbida, elegante e armoniosa.","breadcrumb":{"@id":"https:\/\/derpsairer.it\/it\/produkt\/grappa-dicotto-lune\/#breadcrumb"},"inLanguage":"it-IT","potentialAction":[{"@type":"ReadAction","target":["https:\/\/derpsairer.it\/it\/produkt\/grappa-dicotto-lune\/"]}]},{"@type":"ImageObject","inLanguage":"it-IT","@id":"https:\/\/derpsairer.it\/it\/produkt\/grappa-dicotto-lune\/#primaryimage","url":"https:\/\/derpsairer.it\/wp-22\/wp-content\/uploads\/2021\/08\/Dicotto-Lune.jpg","contentUrl":"https:\/\/derpsairer.it\/wp-22\/wp-content\/uploads\/2021\/08\/Dicotto-Lune.jpg","width":800,"height":800},{"@type":"BreadcrumbList","@id":"https:\/\/derpsairer.it\/it\/produkt\/grappa-dicotto-lune\/#breadcrumb","itemListElement":[{"@type":"ListItem","position":1,"name":"Home","item":"https:\/\/derpsairer.it\/it\/il-negozio-di-speck-der-psairer\/"},{"@type":"ListItem","position":2,"name":"Shop","item":"https:\/\/derpsairer.it\/shop\/"},{"@type":"ListItem","position":3,"name":"Grappa Diciotto Lune \u2013 Grappa barricata pregiata"}]},{"@type":"WebSite","@id":"https:\/\/derpsairer.it\/it\/#website","url":"https:\/\/derpsairer.it\/it\/","name":"Der Psairer - Speck, Wurst, K\u00e4se","description":"Speck, Wurst und K\u00e4s aus Passeiertal in S\u00fcdtirol online bestellen.","publisher":{"@id":"https:\/\/derpsairer.it\/it\/#organization"},"potentialAction":[{"@type":"SearchAction","target":{"@type":"EntryPoint","urlTemplate":"https:\/\/derpsairer.it\/it\/?s={search_term_string}"},"query-input":{"@type":"PropertyValueSpecification","valueRequired":true,"valueName":"search_term_string"}}],"inLanguage":"it-IT"},{"@type":"Organization","@id":"https:\/\/derpsairer.it\/it\/#organization","name":"Der Psairer - Speck, Wurst, K\u00e4se","url":"https:\/\/derpsairer.it\/it\/","logo":{"@type":"ImageObject","inLanguage":"it-IT","@id":"https:\/\/derpsairer.it\/it\/#\/schema\/logo\/image\/","url":"https:\/\/derpsairer.it\/wp-22\/wp-content\/uploads\/2020\/03\/DER-PSAIRER-LOGO-2x.png","contentUrl":"https:\/\/derpsairer.it\/wp-22\/wp-content\/uploads\/2020\/03\/DER-PSAIRER-LOGO-2x.png","width":500,"height":500,"caption":"Der Psairer - Speck, Wurst, K\u00e4se"},"image":{"@id":"https:\/\/derpsairer.it\/it\/#\/schema\/logo\/image\/"},"sameAs":["https:\/\/www.facebook.com\/profile.php?id=100063648246860"]}]}},"_links":{"self":[{"href":"https:\/\/derpsairer.it\/it\/wp-json\/wp\/v2\/product\/5135","targetHints":{"allow":["GET"]}}],"collection":[{"href":"https:\/\/derpsairer.it\/it\/wp-json\/wp\/v2\/product"}],"about":[{"href":"https:\/\/derpsairer.it\/it\/wp-json\/wp\/v2\/types\/product"}],"wp:featuredmedia":[{"embeddable":true,"href":"https:\/\/derpsairer.it\/it\/wp-json\/wp\/v2\/media\/5615"}],"wp:attachment":[{"href":"https:\/\/derpsairer.it\/it\/wp-json\/wp\/v2\/media?parent=5135"}],"wp:term":[{"taxonomy":"product_brand","embeddable":true,"href":"https:\/\/derpsairer.it\/it\/wp-json\/wp\/v2\/product_brand?post=5135"},{"taxonomy":"product_cat","embeddable":true,"href":"https:\/\/derpsairer.it\/it\/wp-json\/wp\/v2\/product_cat?post=5135"},{"taxonomy":"product_tag","embeddable":true,"href":"https:\/\/derpsairer.it\/it\/wp-json\/wp\/v2\/product_tag?post=5135"}],"curies":[{"name":"wp","href":"https:\/\/api.w.org\/{rel}","templated":true}]}}