{"id":5145,"date":"2021-08-31T16:17:40","date_gmt":"2021-08-31T14:17:40","guid":{"rendered":"https:\/\/derpsairer.it\/produkt\/liquore-al-fieno\/"},"modified":"2025-12-29T15:46:34","modified_gmt":"2025-12-29T14:46:34","slug":"liquore-al-fieno","status":"publish","type":"product","link":"https:\/\/derpsairer.it\/it\/produkt\/liquore-al-fieno\/","title":{"rendered":"Liquore al Fieno: liquore alpino al fieno del Trentino"},"content":{"rendered":"<p data-start=\"69\" data-end=\"639\">Il Liquore al Fieno \u00e8 prodotto con fieno appena falciato ed essiccato brevemente al sole proveniente dai prati dell&#8217;altopiano trentino. La variet\u00e0 botanica di questi prati di montagna conferisce al liquore la sua particolare profondit\u00e0 aromatica. Il fieno viene lasciato in infusione per un breve periodo in alcol puro, creando un distillato che riflette la natura alpina ad ogni sorso. Al naso, il liquore si rivela floreale e avvolgente, al palato delicato, aromatico ed equilibrato. Un digestivo eccezionale per gli amanti degli autentici aromi di montagna.    <\/p>\n<p data-start=\"641\" data-end=\"675\">Contenuto 20 cl \u2013 50 cl<\/p>\n","protected":false},"excerpt":{"rendered":"<p>\u2022 Da fieno di montagna essiccato al sole<br data-start=\"1003\" data-end=\"1006\">\u2022 Variet\u00e0 botanica dell&#8217;altopiano trentino<br data-start=\"1050\" data-end=\"1053\">\u2022 Breve infusione in alcol puro<br data-start=\"1087\" data-end=\"1090\">\u2022 Sapore floreale e aromatico<br data-start=\"1126\" data-end=\"1129\">\u2022 Ideale come digestivo alpino<\/p>\n","protected":false},"featured_media":5146,"template":"","meta":[],"product_brand":[],"product_cat":[188],"product_tag":[2033,307,3914,3214,2578,2814,2488],"class_list":{"0":"post-5145","1":"product","2":"type-product","3":"status-publish","4":"has-post-thumbnail","6":"product_cat-vino-distillati","7":"product_tag-aromatico","8":"product_tag-digestivo","9":"product_tag-dopo-i-pasti","10":"product_tag-fieno-2","11":"product_tag-fiorito","12":"product_tag-intenditori","13":"product_tag-trentino","14":"pa_flasche-bottiglia-grande","15":"pa_flasche-bottiglia-piccola","17":"first","18":"instock","19":"taxable","20":"shipping-taxable","21":"purchasable","22":"product-type-variable","23":"has-default-attributes"},"yoast_head":"<!-- This site is optimized with the Yoast SEO plugin v27.5 - https:\/\/yoast.com\/product\/yoast-seo-wordpress\/ -->\n<title>Liquore al fieno \u2013 Fiorito e delicato dai prati di alta montagna - Der Psairer - Speck, Wurst, K\u00e4se<\/title>\n<meta name=\"description\" content=\"Liquore al fieno \u2013 delicato e aromatico con bouquet floreale. Da fieno essiccato al sole dei prati alpini, prodotto artigianalmente in Trentino.\" \/>\n<meta name=\"robots\" content=\"index, follow, max-snippet:-1, max-image-preview:large, max-video-preview:-1\" \/>\n<link rel=\"canonical\" href=\"https:\/\/derpsairer.it\/it\/produkt\/liquore-al-fieno\/\" \/>\n<meta property=\"og:locale\" content=\"it_IT\" \/>\n<meta property=\"og:type\" content=\"article\" \/>\n<meta property=\"og:title\" content=\"Liquore al fieno \u2013 Fiorito e delicato dai prati di alta montagna - Der Psairer - Speck, Wurst, K\u00e4se\" \/>\n<meta property=\"og:description\" content=\"Liquore al fieno \u2013 delicato e aromatico con bouquet floreale. Da fieno essiccato al sole dei prati alpini, prodotto artigianalmente in Trentino.\" \/>\n<meta property=\"og:url\" content=\"https:\/\/derpsairer.it\/it\/produkt\/liquore-al-fieno\/\" \/>\n<meta property=\"og:site_name\" content=\"Der Psairer - Speck, Wurst, K\u00e4se\" \/>\n<meta property=\"article:publisher\" content=\"https:\/\/www.facebook.com\/profile.php?id=100063648246860\" \/>\n<meta property=\"article:modified_time\" content=\"2025-12-29T14:46:34+00:00\" \/>\n<meta property=\"og:image\" content=\"https:\/\/derpsairer.it\/wp-22\/wp-content\/uploads\/2021\/08\/Likoer-Heu-1.jpg\" \/>\n\t<meta property=\"og:image:width\" content=\"800\" \/>\n\t<meta property=\"og:image:height\" content=\"800\" \/>\n\t<meta property=\"og:image:type\" content=\"image\/jpeg\" \/>\n<script type=\"application\/ld+json\" class=\"yoast-schema-graph\">{\"@context\":\"https:\\\/\\\/schema.org\",\"@graph\":[{\"@type\":\"WebPage\",\"@id\":\"https:\\\/\\\/derpsairer.it\\\/it\\\/produkt\\\/liquore-al-fieno\\\/\",\"url\":\"https:\\\/\\\/derpsairer.it\\\/it\\\/produkt\\\/liquore-al-fieno\\\/\",\"name\":\"Liquore al fieno \u2013 Fiorito e delicato dai prati di alta montagna - Der Psairer - Speck, Wurst, K\u00e4se\",\"isPartOf\":{\"@id\":\"https:\\\/\\\/derpsairer.it\\\/it\\\/#website\"},\"primaryImageOfPage\":{\"@id\":\"https:\\\/\\\/derpsairer.it\\\/it\\\/produkt\\\/liquore-al-fieno\\\/#primaryimage\"},\"image\":{\"@id\":\"https:\\\/\\\/derpsairer.it\\\/it\\\/produkt\\\/liquore-al-fieno\\\/#primaryimage\"},\"thumbnailUrl\":\"https:\\\/\\\/derpsairer.it\\\/wp-22\\\/wp-content\\\/uploads\\\/2021\\\/08\\\/Likoer-Heu-1.jpg\",\"datePublished\":\"2021-08-31T14:17:40+00:00\",\"dateModified\":\"2025-12-29T14:46:34+00:00\",\"description\":\"Liquore al fieno \u2013 delicato e aromatico con bouquet floreale. Da fieno essiccato al sole dei prati alpini, prodotto artigianalmente in Trentino.\",\"breadcrumb\":{\"@id\":\"https:\\\/\\\/derpsairer.it\\\/it\\\/produkt\\\/liquore-al-fieno\\\/#breadcrumb\"},\"inLanguage\":\"it-IT\",\"potentialAction\":[{\"@type\":\"ReadAction\",\"target\":[\"https:\\\/\\\/derpsairer.it\\\/it\\\/produkt\\\/liquore-al-fieno\\\/\"]}]},{\"@type\":\"ImageObject\",\"inLanguage\":\"it-IT\",\"@id\":\"https:\\\/\\\/derpsairer.it\\\/it\\\/produkt\\\/liquore-al-fieno\\\/#primaryimage\",\"url\":\"https:\\\/\\\/derpsairer.it\\\/wp-22\\\/wp-content\\\/uploads\\\/2021\\\/08\\\/Likoer-Heu-1.jpg\",\"contentUrl\":\"https:\\\/\\\/derpsairer.it\\\/wp-22\\\/wp-content\\\/uploads\\\/2021\\\/08\\\/Likoer-Heu-1.jpg\",\"width\":800,\"height\":800},{\"@type\":\"BreadcrumbList\",\"@id\":\"https:\\\/\\\/derpsairer.it\\\/it\\\/produkt\\\/liquore-al-fieno\\\/#breadcrumb\",\"itemListElement\":[{\"@type\":\"ListItem\",\"position\":1,\"name\":\"Home\",\"item\":\"https:\\\/\\\/derpsairer.it\\\/it\\\/il-negozio-di-speck-der-psairer\\\/\"},{\"@type\":\"ListItem\",\"position\":2,\"name\":\"Shop\",\"item\":\"https:\\\/\\\/derpsairer.it\\\/shop\\\/\"},{\"@type\":\"ListItem\",\"position\":3,\"name\":\"Liquore al Fieno: liquore alpino al fieno del Trentino\"}]},{\"@type\":\"WebSite\",\"@id\":\"https:\\\/\\\/derpsairer.it\\\/it\\\/#website\",\"url\":\"https:\\\/\\\/derpsairer.it\\\/it\\\/\",\"name\":\"Der Psairer - Speck, Wurst, K\u00e4se\",\"description\":\"Speck, Wurst und K\u00e4s aus Passeiertal in S\u00fcdtirol online bestellen.\",\"publisher\":{\"@id\":\"https:\\\/\\\/derpsairer.it\\\/it\\\/#organization\"},\"potentialAction\":[{\"@type\":\"SearchAction\",\"target\":{\"@type\":\"EntryPoint\",\"urlTemplate\":\"https:\\\/\\\/derpsairer.it\\\/it\\\/?s={search_term_string}\"},\"query-input\":{\"@type\":\"PropertyValueSpecification\",\"valueRequired\":true,\"valueName\":\"search_term_string\"}}],\"inLanguage\":\"it-IT\"},{\"@type\":\"Organization\",\"@id\":\"https:\\\/\\\/derpsairer.it\\\/it\\\/#organization\",\"name\":\"Der Psairer - Speck, Wurst, K\u00e4se\",\"url\":\"https:\\\/\\\/derpsairer.it\\\/it\\\/\",\"logo\":{\"@type\":\"ImageObject\",\"inLanguage\":\"it-IT\",\"@id\":\"https:\\\/\\\/derpsairer.it\\\/it\\\/#\\\/schema\\\/logo\\\/image\\\/\",\"url\":\"https:\\\/\\\/derpsairer.it\\\/wp-22\\\/wp-content\\\/uploads\\\/2020\\\/03\\\/DER-PSAIRER-LOGO-2x.png\",\"contentUrl\":\"https:\\\/\\\/derpsairer.it\\\/wp-22\\\/wp-content\\\/uploads\\\/2020\\\/03\\\/DER-PSAIRER-LOGO-2x.png\",\"width\":500,\"height\":500,\"caption\":\"Der Psairer - Speck, Wurst, K\u00e4se\"},\"image\":{\"@id\":\"https:\\\/\\\/derpsairer.it\\\/it\\\/#\\\/schema\\\/logo\\\/image\\\/\"},\"sameAs\":[\"https:\\\/\\\/www.facebook.com\\\/profile.php?id=100063648246860\"]}]}<\/script>\n<!-- \/ Yoast SEO plugin. -->","yoast_head_json":{"title":"Liquore al fieno \u2013 Fiorito e delicato dai prati di alta montagna - Der Psairer - Speck, Wurst, K\u00e4se","description":"Liquore al fieno \u2013 delicato e aromatico con bouquet floreale. Da fieno essiccato al sole dei prati alpini, prodotto artigianalmente in Trentino.","robots":{"index":"index","follow":"follow","max-snippet":"max-snippet:-1","max-image-preview":"max-image-preview:large","max-video-preview":"max-video-preview:-1"},"canonical":"https:\/\/derpsairer.it\/it\/produkt\/liquore-al-fieno\/","og_locale":"it_IT","og_type":"article","og_title":"Liquore al fieno \u2013 Fiorito e delicato dai prati di alta montagna - Der Psairer - Speck, Wurst, K\u00e4se","og_description":"Liquore al fieno \u2013 delicato e aromatico con bouquet floreale. Da fieno essiccato al sole dei prati alpini, prodotto artigianalmente in Trentino.","og_url":"https:\/\/derpsairer.it\/it\/produkt\/liquore-al-fieno\/","og_site_name":"Der Psairer - Speck, Wurst, K\u00e4se","article_publisher":"https:\/\/www.facebook.com\/profile.php?id=100063648246860","article_modified_time":"2025-12-29T14:46:34+00:00","og_image":[{"width":800,"height":800,"url":"https:\/\/derpsairer.it\/wp-22\/wp-content\/uploads\/2021\/08\/Likoer-Heu-1.jpg","type":"image\/jpeg"}],"schema":{"@context":"https:\/\/schema.org","@graph":[{"@type":"WebPage","@id":"https:\/\/derpsairer.it\/it\/produkt\/liquore-al-fieno\/","url":"https:\/\/derpsairer.it\/it\/produkt\/liquore-al-fieno\/","name":"Liquore al fieno \u2013 Fiorito e delicato dai prati di alta montagna - Der Psairer - Speck, Wurst, K\u00e4se","isPartOf":{"@id":"https:\/\/derpsairer.it\/it\/#website"},"primaryImageOfPage":{"@id":"https:\/\/derpsairer.it\/it\/produkt\/liquore-al-fieno\/#primaryimage"},"image":{"@id":"https:\/\/derpsairer.it\/it\/produkt\/liquore-al-fieno\/#primaryimage"},"thumbnailUrl":"https:\/\/derpsairer.it\/wp-22\/wp-content\/uploads\/2021\/08\/Likoer-Heu-1.jpg","datePublished":"2021-08-31T14:17:40+00:00","dateModified":"2025-12-29T14:46:34+00:00","description":"Liquore al fieno \u2013 delicato e aromatico con bouquet floreale. Da fieno essiccato al sole dei prati alpini, prodotto artigianalmente in Trentino.","breadcrumb":{"@id":"https:\/\/derpsairer.it\/it\/produkt\/liquore-al-fieno\/#breadcrumb"},"inLanguage":"it-IT","potentialAction":[{"@type":"ReadAction","target":["https:\/\/derpsairer.it\/it\/produkt\/liquore-al-fieno\/"]}]},{"@type":"ImageObject","inLanguage":"it-IT","@id":"https:\/\/derpsairer.it\/it\/produkt\/liquore-al-fieno\/#primaryimage","url":"https:\/\/derpsairer.it\/wp-22\/wp-content\/uploads\/2021\/08\/Likoer-Heu-1.jpg","contentUrl":"https:\/\/derpsairer.it\/wp-22\/wp-content\/uploads\/2021\/08\/Likoer-Heu-1.jpg","width":800,"height":800},{"@type":"BreadcrumbList","@id":"https:\/\/derpsairer.it\/it\/produkt\/liquore-al-fieno\/#breadcrumb","itemListElement":[{"@type":"ListItem","position":1,"name":"Home","item":"https:\/\/derpsairer.it\/it\/il-negozio-di-speck-der-psairer\/"},{"@type":"ListItem","position":2,"name":"Shop","item":"https:\/\/derpsairer.it\/shop\/"},{"@type":"ListItem","position":3,"name":"Liquore al Fieno: liquore alpino al fieno del Trentino"}]},{"@type":"WebSite","@id":"https:\/\/derpsairer.it\/it\/#website","url":"https:\/\/derpsairer.it\/it\/","name":"Der Psairer - Speck, Wurst, K\u00e4se","description":"Speck, Wurst und K\u00e4s aus Passeiertal in S\u00fcdtirol online bestellen.","publisher":{"@id":"https:\/\/derpsairer.it\/it\/#organization"},"potentialAction":[{"@type":"SearchAction","target":{"@type":"EntryPoint","urlTemplate":"https:\/\/derpsairer.it\/it\/?s={search_term_string}"},"query-input":{"@type":"PropertyValueSpecification","valueRequired":true,"valueName":"search_term_string"}}],"inLanguage":"it-IT"},{"@type":"Organization","@id":"https:\/\/derpsairer.it\/it\/#organization","name":"Der Psairer - Speck, Wurst, K\u00e4se","url":"https:\/\/derpsairer.it\/it\/","logo":{"@type":"ImageObject","inLanguage":"it-IT","@id":"https:\/\/derpsairer.it\/it\/#\/schema\/logo\/image\/","url":"https:\/\/derpsairer.it\/wp-22\/wp-content\/uploads\/2020\/03\/DER-PSAIRER-LOGO-2x.png","contentUrl":"https:\/\/derpsairer.it\/wp-22\/wp-content\/uploads\/2020\/03\/DER-PSAIRER-LOGO-2x.png","width":500,"height":500,"caption":"Der Psairer - Speck, Wurst, K\u00e4se"},"image":{"@id":"https:\/\/derpsairer.it\/it\/#\/schema\/logo\/image\/"},"sameAs":["https:\/\/www.facebook.com\/profile.php?id=100063648246860"]}]}},"_links":{"self":[{"href":"https:\/\/derpsairer.it\/it\/wp-json\/wp\/v2\/product\/5145","targetHints":{"allow":["GET"]}}],"collection":[{"href":"https:\/\/derpsairer.it\/it\/wp-json\/wp\/v2\/product"}],"about":[{"href":"https:\/\/derpsairer.it\/it\/wp-json\/wp\/v2\/types\/product"}],"wp:featuredmedia":[{"embeddable":true,"href":"https:\/\/derpsairer.it\/it\/wp-json\/wp\/v2\/media\/5146"}],"wp:attachment":[{"href":"https:\/\/derpsairer.it\/it\/wp-json\/wp\/v2\/media?parent=5145"}],"wp:term":[{"taxonomy":"product_brand","embeddable":true,"href":"https:\/\/derpsairer.it\/it\/wp-json\/wp\/v2\/product_brand?post=5145"},{"taxonomy":"product_cat","embeddable":true,"href":"https:\/\/derpsairer.it\/it\/wp-json\/wp\/v2\/product_cat?post=5145"},{"taxonomy":"product_tag","embeddable":true,"href":"https:\/\/derpsairer.it\/it\/wp-json\/wp\/v2\/product_tag?post=5145"}],"curies":[{"name":"wp","href":"https:\/\/api.w.org\/{rel}","templated":true}]}}