{"id":5152,"date":"2023-01-18T15:43:06","date_gmt":"2023-01-18T14:43:06","guid":{"rendered":"https:\/\/derpsairer.it\/produkt\/aceto-di-mele\/"},"modified":"2025-12-14T16:26:35","modified_gmt":"2025-12-14T15:26:35","slug":"aceto-di-mele","status":"publish","type":"product","link":"https:\/\/derpsairer.it\/it\/produkt\/aceto-di-mele\/","title":{"rendered":"Aceto di mele Torgglerhof \u2013 aceto dal sapore delicato e fruttato proveniente dall&#8217;Alto Adige"},"content":{"rendered":"<p data-start=\"77\" data-end=\"504\">L&#8217;aceto di mele del Torgglerhof viene prodotto dalla fermentazione delicata di succo di mela naturale. In questo modo si conserva tutto l&#8217;aroma delle mele mature al sole. L&#8217;aceto convince per la sua acidit\u00e0 delicata ed equilibrata e per il suo sapore fruttato e pieno. \u00c8 ideale per insalate, condimenti, marinate o per affinare piatti caldi ed \u00e8 sinonimo di qualit\u00e0 naturale dell&#8217;Alto Adige.   <\/p>\n<p data-start=\"923\" data-end=\"1142\">Contenuto: 500 ml<\/p>\n","protected":false},"excerpt":{"rendered":"<p>\u2022 Da succo di mela fermentato<br data-start=\"904\" data-end=\"907\">\u2022 Sapore delicato e fruttato<br data-start=\"934\" data-end=\"937\">\u2022 Fermentato naturalmente<br data-start=\"960\" data-end=\"963\">\u2022 Senza additivi<br data-start=\"982\" data-end=\"985\">\u2022 Versatile<\/p>\n","protected":false},"featured_media":5154,"template":"","meta":[],"product_brand":[],"product_cat":[191],"product_tag":[2186,1945,2187,282,3171,2192,2191,1906,2193],"class_list":{"0":"post-5152","1":"product","2":"type-product","3":"status-publish","4":"has-post-thumbnail","6":"product_cat-altre-delizie","7":"product_tag-aceto-di-mele","8":"product_tag-alto-adige","9":"product_tag-condimento-2","10":"product_tag-feinkost","11":"product_tag-fermentato","12":"product_tag-insalata","13":"product_tag-marinata","14":"product_tag-prodotto-naturale-2","15":"product_tag-torgglerhof","17":"first","18":"instock","19":"shipping-taxable","20":"purchasable","21":"product-type-simple"},"yoast_head":"<!-- This site is optimized with the Yoast SEO plugin v27.4 - https:\/\/yoast.com\/product\/yoast-seo-wordpress\/ -->\n<title>Aceto di mele Torgglerhof \u2013 Delicato &amp; fruttato dall&#039;Alto Adige - Der Psairer - Speck, Wurst, K\u00e4se<\/title>\n<meta name=\"description\" content=\"Aceto di mele Torgglerhof dell&#039;Alto Adige dal sapore delicato e fruttato e dalla fine acidit\u00e0, fermentato naturalmente e versatile.\" \/>\n<meta name=\"robots\" content=\"index, follow, max-snippet:-1, max-image-preview:large, max-video-preview:-1\" \/>\n<link rel=\"canonical\" href=\"https:\/\/derpsairer.it\/it\/produkt\/aceto-di-mele\/\" \/>\n<meta property=\"og:locale\" content=\"it_IT\" \/>\n<meta property=\"og:type\" content=\"article\" \/>\n<meta property=\"og:title\" content=\"Aceto di mele Torgglerhof \u2013 Delicato &amp; fruttato dall&#039;Alto Adige - Der Psairer - Speck, Wurst, K\u00e4se\" \/>\n<meta property=\"og:description\" content=\"Aceto di mele Torgglerhof dell&#039;Alto Adige dal sapore delicato e fruttato e dalla fine acidit\u00e0, fermentato naturalmente e versatile.\" \/>\n<meta property=\"og:url\" content=\"https:\/\/derpsairer.it\/it\/produkt\/aceto-di-mele\/\" \/>\n<meta property=\"og:site_name\" content=\"Der Psairer - Speck, Wurst, K\u00e4se\" \/>\n<meta property=\"article:publisher\" content=\"https:\/\/www.facebook.com\/profile.php?id=100063648246860\" \/>\n<meta property=\"article:modified_time\" content=\"2025-12-14T15:26:35+00:00\" \/>\n<meta property=\"og:image\" content=\"https:\/\/derpsairer.it\/wp-22\/wp-content\/uploads\/2023\/01\/Apfelessig-500ml-690-E-Stk.jpeg\" \/>\n\t<meta property=\"og:image:width\" content=\"853\" \/>\n\t<meta property=\"og:image:height\" content=\"1280\" \/>\n\t<meta property=\"og:image:type\" content=\"image\/jpeg\" \/>\n<script type=\"application\/ld+json\" class=\"yoast-schema-graph\">{\"@context\":\"https:\\\/\\\/schema.org\",\"@graph\":[{\"@type\":\"WebPage\",\"@id\":\"https:\\\/\\\/derpsairer.it\\\/it\\\/produkt\\\/aceto-di-mele\\\/\",\"url\":\"https:\\\/\\\/derpsairer.it\\\/it\\\/produkt\\\/aceto-di-mele\\\/\",\"name\":\"Aceto di mele Torgglerhof \u2013 Delicato & fruttato dall'Alto Adige - Der Psairer - Speck, Wurst, K\u00e4se\",\"isPartOf\":{\"@id\":\"https:\\\/\\\/derpsairer.it\\\/it\\\/#website\"},\"primaryImageOfPage\":{\"@id\":\"https:\\\/\\\/derpsairer.it\\\/it\\\/produkt\\\/aceto-di-mele\\\/#primaryimage\"},\"image\":{\"@id\":\"https:\\\/\\\/derpsairer.it\\\/it\\\/produkt\\\/aceto-di-mele\\\/#primaryimage\"},\"thumbnailUrl\":\"https:\\\/\\\/derpsairer.it\\\/wp-22\\\/wp-content\\\/uploads\\\/2023\\\/01\\\/Apfelessig-500ml-690-E-Stk.jpeg\",\"datePublished\":\"2023-01-18T14:43:06+00:00\",\"dateModified\":\"2025-12-14T15:26:35+00:00\",\"description\":\"Aceto di mele Torgglerhof dell'Alto Adige dal sapore delicato e fruttato e dalla fine acidit\u00e0, fermentato naturalmente e versatile.\",\"breadcrumb\":{\"@id\":\"https:\\\/\\\/derpsairer.it\\\/it\\\/produkt\\\/aceto-di-mele\\\/#breadcrumb\"},\"inLanguage\":\"it-IT\",\"potentialAction\":[{\"@type\":\"ReadAction\",\"target\":[\"https:\\\/\\\/derpsairer.it\\\/it\\\/produkt\\\/aceto-di-mele\\\/\"]}]},{\"@type\":\"ImageObject\",\"inLanguage\":\"it-IT\",\"@id\":\"https:\\\/\\\/derpsairer.it\\\/it\\\/produkt\\\/aceto-di-mele\\\/#primaryimage\",\"url\":\"https:\\\/\\\/derpsairer.it\\\/wp-22\\\/wp-content\\\/uploads\\\/2023\\\/01\\\/Apfelessig-500ml-690-E-Stk.jpeg\",\"contentUrl\":\"https:\\\/\\\/derpsairer.it\\\/wp-22\\\/wp-content\\\/uploads\\\/2023\\\/01\\\/Apfelessig-500ml-690-E-Stk.jpeg\",\"width\":853,\"height\":1280,\"caption\":\"Aceto di mele\"},{\"@type\":\"BreadcrumbList\",\"@id\":\"https:\\\/\\\/derpsairer.it\\\/it\\\/produkt\\\/aceto-di-mele\\\/#breadcrumb\",\"itemListElement\":[{\"@type\":\"ListItem\",\"position\":1,\"name\":\"Home\",\"item\":\"https:\\\/\\\/derpsairer.it\\\/it\\\/il-negozio-di-speck-der-psairer\\\/\"},{\"@type\":\"ListItem\",\"position\":2,\"name\":\"Shop\",\"item\":\"https:\\\/\\\/derpsairer.it\\\/shop\\\/\"},{\"@type\":\"ListItem\",\"position\":3,\"name\":\"Aceto di mele Torgglerhof \u2013 aceto dal sapore delicato e fruttato proveniente dall&#8217;Alto Adige\"}]},{\"@type\":\"WebSite\",\"@id\":\"https:\\\/\\\/derpsairer.it\\\/it\\\/#website\",\"url\":\"https:\\\/\\\/derpsairer.it\\\/it\\\/\",\"name\":\"Der Psairer - Speck, Wurst, K\u00e4se\",\"description\":\"Speck, Wurst und K\u00e4s aus Passeiertal in S\u00fcdtirol online bestellen.\",\"publisher\":{\"@id\":\"https:\\\/\\\/derpsairer.it\\\/it\\\/#organization\"},\"potentialAction\":[{\"@type\":\"SearchAction\",\"target\":{\"@type\":\"EntryPoint\",\"urlTemplate\":\"https:\\\/\\\/derpsairer.it\\\/it\\\/?s={search_term_string}\"},\"query-input\":{\"@type\":\"PropertyValueSpecification\",\"valueRequired\":true,\"valueName\":\"search_term_string\"}}],\"inLanguage\":\"it-IT\"},{\"@type\":\"Organization\",\"@id\":\"https:\\\/\\\/derpsairer.it\\\/it\\\/#organization\",\"name\":\"Der Psairer - Speck, Wurst, K\u00e4se\",\"url\":\"https:\\\/\\\/derpsairer.it\\\/it\\\/\",\"logo\":{\"@type\":\"ImageObject\",\"inLanguage\":\"it-IT\",\"@id\":\"https:\\\/\\\/derpsairer.it\\\/it\\\/#\\\/schema\\\/logo\\\/image\\\/\",\"url\":\"https:\\\/\\\/derpsairer.it\\\/wp-22\\\/wp-content\\\/uploads\\\/2020\\\/03\\\/DER-PSAIRER-LOGO-2x.png\",\"contentUrl\":\"https:\\\/\\\/derpsairer.it\\\/wp-22\\\/wp-content\\\/uploads\\\/2020\\\/03\\\/DER-PSAIRER-LOGO-2x.png\",\"width\":500,\"height\":500,\"caption\":\"Der Psairer - Speck, Wurst, K\u00e4se\"},\"image\":{\"@id\":\"https:\\\/\\\/derpsairer.it\\\/it\\\/#\\\/schema\\\/logo\\\/image\\\/\"},\"sameAs\":[\"https:\\\/\\\/www.facebook.com\\\/profile.php?id=100063648246860\"]}]}<\/script>\n<!-- \/ Yoast SEO plugin. -->","yoast_head_json":{"title":"Aceto di mele Torgglerhof \u2013 Delicato & fruttato dall'Alto Adige - Der Psairer - Speck, Wurst, K\u00e4se","description":"Aceto di mele Torgglerhof dell'Alto Adige dal sapore delicato e fruttato e dalla fine acidit\u00e0, fermentato naturalmente e versatile.","robots":{"index":"index","follow":"follow","max-snippet":"max-snippet:-1","max-image-preview":"max-image-preview:large","max-video-preview":"max-video-preview:-1"},"canonical":"https:\/\/derpsairer.it\/it\/produkt\/aceto-di-mele\/","og_locale":"it_IT","og_type":"article","og_title":"Aceto di mele Torgglerhof \u2013 Delicato & fruttato dall'Alto Adige - Der Psairer - Speck, Wurst, K\u00e4se","og_description":"Aceto di mele Torgglerhof dell'Alto Adige dal sapore delicato e fruttato e dalla fine acidit\u00e0, fermentato naturalmente e versatile.","og_url":"https:\/\/derpsairer.it\/it\/produkt\/aceto-di-mele\/","og_site_name":"Der Psairer - Speck, Wurst, K\u00e4se","article_publisher":"https:\/\/www.facebook.com\/profile.php?id=100063648246860","article_modified_time":"2025-12-14T15:26:35+00:00","og_image":[{"width":853,"height":1280,"url":"https:\/\/derpsairer.it\/wp-22\/wp-content\/uploads\/2023\/01\/Apfelessig-500ml-690-E-Stk.jpeg","type":"image\/jpeg"}],"schema":{"@context":"https:\/\/schema.org","@graph":[{"@type":"WebPage","@id":"https:\/\/derpsairer.it\/it\/produkt\/aceto-di-mele\/","url":"https:\/\/derpsairer.it\/it\/produkt\/aceto-di-mele\/","name":"Aceto di mele Torgglerhof \u2013 Delicato & fruttato dall'Alto Adige - Der Psairer - Speck, Wurst, K\u00e4se","isPartOf":{"@id":"https:\/\/derpsairer.it\/it\/#website"},"primaryImageOfPage":{"@id":"https:\/\/derpsairer.it\/it\/produkt\/aceto-di-mele\/#primaryimage"},"image":{"@id":"https:\/\/derpsairer.it\/it\/produkt\/aceto-di-mele\/#primaryimage"},"thumbnailUrl":"https:\/\/derpsairer.it\/wp-22\/wp-content\/uploads\/2023\/01\/Apfelessig-500ml-690-E-Stk.jpeg","datePublished":"2023-01-18T14:43:06+00:00","dateModified":"2025-12-14T15:26:35+00:00","description":"Aceto di mele Torgglerhof dell'Alto Adige dal sapore delicato e fruttato e dalla fine acidit\u00e0, fermentato naturalmente e versatile.","breadcrumb":{"@id":"https:\/\/derpsairer.it\/it\/produkt\/aceto-di-mele\/#breadcrumb"},"inLanguage":"it-IT","potentialAction":[{"@type":"ReadAction","target":["https:\/\/derpsairer.it\/it\/produkt\/aceto-di-mele\/"]}]},{"@type":"ImageObject","inLanguage":"it-IT","@id":"https:\/\/derpsairer.it\/it\/produkt\/aceto-di-mele\/#primaryimage","url":"https:\/\/derpsairer.it\/wp-22\/wp-content\/uploads\/2023\/01\/Apfelessig-500ml-690-E-Stk.jpeg","contentUrl":"https:\/\/derpsairer.it\/wp-22\/wp-content\/uploads\/2023\/01\/Apfelessig-500ml-690-E-Stk.jpeg","width":853,"height":1280,"caption":"Aceto di mele"},{"@type":"BreadcrumbList","@id":"https:\/\/derpsairer.it\/it\/produkt\/aceto-di-mele\/#breadcrumb","itemListElement":[{"@type":"ListItem","position":1,"name":"Home","item":"https:\/\/derpsairer.it\/it\/il-negozio-di-speck-der-psairer\/"},{"@type":"ListItem","position":2,"name":"Shop","item":"https:\/\/derpsairer.it\/shop\/"},{"@type":"ListItem","position":3,"name":"Aceto di mele Torgglerhof \u2013 aceto dal sapore delicato e fruttato proveniente dall&#8217;Alto Adige"}]},{"@type":"WebSite","@id":"https:\/\/derpsairer.it\/it\/#website","url":"https:\/\/derpsairer.it\/it\/","name":"Der Psairer - Speck, Wurst, K\u00e4se","description":"Speck, Wurst und K\u00e4s aus Passeiertal in S\u00fcdtirol online bestellen.","publisher":{"@id":"https:\/\/derpsairer.it\/it\/#organization"},"potentialAction":[{"@type":"SearchAction","target":{"@type":"EntryPoint","urlTemplate":"https:\/\/derpsairer.it\/it\/?s={search_term_string}"},"query-input":{"@type":"PropertyValueSpecification","valueRequired":true,"valueName":"search_term_string"}}],"inLanguage":"it-IT"},{"@type":"Organization","@id":"https:\/\/derpsairer.it\/it\/#organization","name":"Der Psairer - Speck, Wurst, K\u00e4se","url":"https:\/\/derpsairer.it\/it\/","logo":{"@type":"ImageObject","inLanguage":"it-IT","@id":"https:\/\/derpsairer.it\/it\/#\/schema\/logo\/image\/","url":"https:\/\/derpsairer.it\/wp-22\/wp-content\/uploads\/2020\/03\/DER-PSAIRER-LOGO-2x.png","contentUrl":"https:\/\/derpsairer.it\/wp-22\/wp-content\/uploads\/2020\/03\/DER-PSAIRER-LOGO-2x.png","width":500,"height":500,"caption":"Der Psairer - Speck, Wurst, K\u00e4se"},"image":{"@id":"https:\/\/derpsairer.it\/it\/#\/schema\/logo\/image\/"},"sameAs":["https:\/\/www.facebook.com\/profile.php?id=100063648246860"]}]}},"_links":{"self":[{"href":"https:\/\/derpsairer.it\/it\/wp-json\/wp\/v2\/product\/5152","targetHints":{"allow":["GET"]}}],"collection":[{"href":"https:\/\/derpsairer.it\/it\/wp-json\/wp\/v2\/product"}],"about":[{"href":"https:\/\/derpsairer.it\/it\/wp-json\/wp\/v2\/types\/product"}],"wp:featuredmedia":[{"embeddable":true,"href":"https:\/\/derpsairer.it\/it\/wp-json\/wp\/v2\/media\/5154"}],"wp:attachment":[{"href":"https:\/\/derpsairer.it\/it\/wp-json\/wp\/v2\/media?parent=5152"}],"wp:term":[{"taxonomy":"product_brand","embeddable":true,"href":"https:\/\/derpsairer.it\/it\/wp-json\/wp\/v2\/product_brand?post=5152"},{"taxonomy":"product_cat","embeddable":true,"href":"https:\/\/derpsairer.it\/it\/wp-json\/wp\/v2\/product_cat?post=5152"},{"taxonomy":"product_tag","embeddable":true,"href":"https:\/\/derpsairer.it\/it\/wp-json\/wp\/v2\/product_tag?post=5152"}],"curies":[{"name":"wp","href":"https:\/\/api.w.org\/{rel}","templated":true}]}}