{"id":5153,"date":"2023-01-18T16:08:44","date_gmt":"2023-01-18T15:08:44","guid":{"rendered":"https:\/\/derpsairer.it\/produkt\/sciroppo-di-lampone-schmiedhof\/"},"modified":"2025-12-14T16:21:54","modified_gmt":"2025-12-14T15:21:54","slug":"sciroppo-di-lampone-schmiedhof","status":"publish","type":"product","link":"https:\/\/derpsairer.it\/it\/produkt\/sciroppo-di-lampone-schmiedhof\/","title":{"rendered":"Sciroppo di lampone Schmiedhof \u2013 sciroppo di lamponi fruttato della Val Passiria"},"content":{"rendered":"<div class=\"content--title\">\n<p data-start=\"89\" data-end=\"618\">Lo sciroppo di lamponi Schmiedhof \u00e8 prodotto con cura artigianale presso il maso Schmiedhof a Plata, in Val Passiria, a 1.200 m di altitudine. Il clima alpino conferisce ai lamponi maturati al sole un aroma particolarmente intenso e naturale. La famiglia Prugger lavora i frutti delicatamente per preservarne la freschezza e la dolcezza naturale. Lo sciroppo \u00e8 privo di additivi artificiali ed \u00e8 ideale da diluire con acqua, per affinare dessert o come aggiunta fruttata a yogurt e gelati.   <\/p>\n<p data-start=\"924\" data-end=\"1203\">Contenuto: 500 ml<\/p>\n<\/div>\n","protected":false},"excerpt":{"rendered":"<ul>\n<li data-start=\"1255\" data-end=\"1300\">Prodotto a 1.200 m di altitudine in Val Passiria<\/li>\n<li data-start=\"1303\" data-end=\"1346\">Fatto a mano con lamponi maturati al sole<\/li>\n<li data-start=\"1349\" data-end=\"1381\">Naturalmente dolce e senza additivi<\/li>\n<li data-start=\"1384\" data-end=\"1423\">Ideale per bevande, dessert o gelati<\/li>\n<li data-start=\"1426\" data-end=\"1471\">Prodotto dalla famiglia Prugger \u2013 Schmiedhof<\/li>\n<\/ul>\n","protected":false},"featured_media":5155,"template":"","meta":[],"product_brand":[],"product_cat":[146],"product_tag":[1945,2651,2130,2189,2137,2132,2156,2002],"class_list":{"0":"post-5153","1":"product","2":"type-product","3":"status-publish","4":"has-post-thumbnail","6":"product_cat-miele","7":"product_tag-alto-adige","8":"product_tag-drink-estivo","9":"product_tag-fatto-a-mano","10":"product_tag-fruttato","11":"product_tag-regionale","12":"product_tag-schmiedhof","13":"product_tag-sciroppo-di-lampone","14":"product_tag-val-passiria","16":"first","17":"instock","18":"shipping-taxable","19":"purchasable","20":"product-type-simple"},"yoast_head":"<!-- This site is optimized with the Yoast SEO plugin v27.4 - https:\/\/yoast.com\/product\/yoast-seo-wordpress\/ -->\n<title>Sciroppo di lampone Schmiedhof \u2013 Fruttato e naturale dall&#039;Alto Adige - Der Psairer - Speck, Wurst, K\u00e4se<\/title>\n<meta name=\"description\" content=\"Sciroppo di lamponi Schmiedhof della Val Passiria, fatto a mano a 1.200 m di altitudine, naturalmente dolce e ideale per bevande e dessert.\" \/>\n<meta name=\"robots\" content=\"index, follow, max-snippet:-1, max-image-preview:large, max-video-preview:-1\" \/>\n<link rel=\"canonical\" href=\"https:\/\/derpsairer.it\/it\/produkt\/sciroppo-di-lampone-schmiedhof\/\" \/>\n<meta property=\"og:locale\" content=\"it_IT\" \/>\n<meta property=\"og:type\" content=\"article\" \/>\n<meta property=\"og:title\" content=\"Sciroppo di lampone Schmiedhof \u2013 Fruttato e naturale dall&#039;Alto Adige - Der Psairer - Speck, Wurst, K\u00e4se\" \/>\n<meta property=\"og:description\" content=\"Sciroppo di lamponi Schmiedhof della Val Passiria, fatto a mano a 1.200 m di altitudine, naturalmente dolce e ideale per bevande e dessert.\" \/>\n<meta property=\"og:url\" content=\"https:\/\/derpsairer.it\/it\/produkt\/sciroppo-di-lampone-schmiedhof\/\" \/>\n<meta property=\"og:site_name\" content=\"Der Psairer - Speck, Wurst, K\u00e4se\" \/>\n<meta property=\"article:publisher\" content=\"https:\/\/www.facebook.com\/profile.php?id=100063648246860\" \/>\n<meta property=\"article:modified_time\" content=\"2025-12-14T15:21:54+00:00\" \/>\n<meta property=\"og:image\" content=\"https:\/\/derpsairer.it\/wp-22\/wp-content\/uploads\/2023\/01\/Himbeere-500ml-600-E-Stk.jpeg\" \/>\n\t<meta property=\"og:image:width\" content=\"853\" \/>\n\t<meta property=\"og:image:height\" content=\"1280\" \/>\n\t<meta property=\"og:image:type\" content=\"image\/jpeg\" \/>\n<script type=\"application\/ld+json\" class=\"yoast-schema-graph\">{\"@context\":\"https:\\\/\\\/schema.org\",\"@graph\":[{\"@type\":\"WebPage\",\"@id\":\"https:\\\/\\\/derpsairer.it\\\/it\\\/produkt\\\/sciroppo-di-lampone-schmiedhof\\\/\",\"url\":\"https:\\\/\\\/derpsairer.it\\\/it\\\/produkt\\\/sciroppo-di-lampone-schmiedhof\\\/\",\"name\":\"Sciroppo di lampone Schmiedhof \u2013 Fruttato e naturale dall'Alto Adige - Der Psairer - Speck, Wurst, K\u00e4se\",\"isPartOf\":{\"@id\":\"https:\\\/\\\/derpsairer.it\\\/it\\\/#website\"},\"primaryImageOfPage\":{\"@id\":\"https:\\\/\\\/derpsairer.it\\\/it\\\/produkt\\\/sciroppo-di-lampone-schmiedhof\\\/#primaryimage\"},\"image\":{\"@id\":\"https:\\\/\\\/derpsairer.it\\\/it\\\/produkt\\\/sciroppo-di-lampone-schmiedhof\\\/#primaryimage\"},\"thumbnailUrl\":\"https:\\\/\\\/derpsairer.it\\\/wp-22\\\/wp-content\\\/uploads\\\/2023\\\/01\\\/Himbeere-500ml-600-E-Stk.jpeg\",\"datePublished\":\"2023-01-18T15:08:44+00:00\",\"dateModified\":\"2025-12-14T15:21:54+00:00\",\"description\":\"Sciroppo di lamponi Schmiedhof della Val Passiria, fatto a mano a 1.200 m di altitudine, naturalmente dolce e ideale per bevande e dessert.\",\"breadcrumb\":{\"@id\":\"https:\\\/\\\/derpsairer.it\\\/it\\\/produkt\\\/sciroppo-di-lampone-schmiedhof\\\/#breadcrumb\"},\"inLanguage\":\"it-IT\",\"potentialAction\":[{\"@type\":\"ReadAction\",\"target\":[\"https:\\\/\\\/derpsairer.it\\\/it\\\/produkt\\\/sciroppo-di-lampone-schmiedhof\\\/\"]}]},{\"@type\":\"ImageObject\",\"inLanguage\":\"it-IT\",\"@id\":\"https:\\\/\\\/derpsairer.it\\\/it\\\/produkt\\\/sciroppo-di-lampone-schmiedhof\\\/#primaryimage\",\"url\":\"https:\\\/\\\/derpsairer.it\\\/wp-22\\\/wp-content\\\/uploads\\\/2023\\\/01\\\/Himbeere-500ml-600-E-Stk.jpeg\",\"contentUrl\":\"https:\\\/\\\/derpsairer.it\\\/wp-22\\\/wp-content\\\/uploads\\\/2023\\\/01\\\/Himbeere-500ml-600-E-Stk.jpeg\",\"width\":853,\"height\":1280,\"caption\":\"Sciroppo di Lampone Schmiedhof\"},{\"@type\":\"BreadcrumbList\",\"@id\":\"https:\\\/\\\/derpsairer.it\\\/it\\\/produkt\\\/sciroppo-di-lampone-schmiedhof\\\/#breadcrumb\",\"itemListElement\":[{\"@type\":\"ListItem\",\"position\":1,\"name\":\"Home\",\"item\":\"https:\\\/\\\/derpsairer.it\\\/it\\\/il-negozio-di-speck-der-psairer\\\/\"},{\"@type\":\"ListItem\",\"position\":2,\"name\":\"Shop\",\"item\":\"https:\\\/\\\/derpsairer.it\\\/shop\\\/\"},{\"@type\":\"ListItem\",\"position\":3,\"name\":\"Sciroppo di lampone Schmiedhof \u2013 sciroppo di lamponi fruttato della Val Passiria\"}]},{\"@type\":\"WebSite\",\"@id\":\"https:\\\/\\\/derpsairer.it\\\/it\\\/#website\",\"url\":\"https:\\\/\\\/derpsairer.it\\\/it\\\/\",\"name\":\"Der Psairer - Speck, Wurst, K\u00e4se\",\"description\":\"Speck, Wurst und K\u00e4s aus Passeiertal in S\u00fcdtirol online bestellen.\",\"publisher\":{\"@id\":\"https:\\\/\\\/derpsairer.it\\\/it\\\/#organization\"},\"potentialAction\":[{\"@type\":\"SearchAction\",\"target\":{\"@type\":\"EntryPoint\",\"urlTemplate\":\"https:\\\/\\\/derpsairer.it\\\/it\\\/?s={search_term_string}\"},\"query-input\":{\"@type\":\"PropertyValueSpecification\",\"valueRequired\":true,\"valueName\":\"search_term_string\"}}],\"inLanguage\":\"it-IT\"},{\"@type\":\"Organization\",\"@id\":\"https:\\\/\\\/derpsairer.it\\\/it\\\/#organization\",\"name\":\"Der Psairer - Speck, Wurst, K\u00e4se\",\"url\":\"https:\\\/\\\/derpsairer.it\\\/it\\\/\",\"logo\":{\"@type\":\"ImageObject\",\"inLanguage\":\"it-IT\",\"@id\":\"https:\\\/\\\/derpsairer.it\\\/it\\\/#\\\/schema\\\/logo\\\/image\\\/\",\"url\":\"https:\\\/\\\/derpsairer.it\\\/wp-22\\\/wp-content\\\/uploads\\\/2020\\\/03\\\/DER-PSAIRER-LOGO-2x.png\",\"contentUrl\":\"https:\\\/\\\/derpsairer.it\\\/wp-22\\\/wp-content\\\/uploads\\\/2020\\\/03\\\/DER-PSAIRER-LOGO-2x.png\",\"width\":500,\"height\":500,\"caption\":\"Der Psairer - Speck, Wurst, K\u00e4se\"},\"image\":{\"@id\":\"https:\\\/\\\/derpsairer.it\\\/it\\\/#\\\/schema\\\/logo\\\/image\\\/\"},\"sameAs\":[\"https:\\\/\\\/www.facebook.com\\\/profile.php?id=100063648246860\"]}]}<\/script>\n<!-- \/ Yoast SEO plugin. -->","yoast_head_json":{"title":"Sciroppo di lampone Schmiedhof \u2013 Fruttato e naturale dall'Alto Adige - Der Psairer - Speck, Wurst, K\u00e4se","description":"Sciroppo di lamponi Schmiedhof della Val Passiria, fatto a mano a 1.200 m di altitudine, naturalmente dolce e ideale per bevande e dessert.","robots":{"index":"index","follow":"follow","max-snippet":"max-snippet:-1","max-image-preview":"max-image-preview:large","max-video-preview":"max-video-preview:-1"},"canonical":"https:\/\/derpsairer.it\/it\/produkt\/sciroppo-di-lampone-schmiedhof\/","og_locale":"it_IT","og_type":"article","og_title":"Sciroppo di lampone Schmiedhof \u2013 Fruttato e naturale dall'Alto Adige - Der Psairer - Speck, Wurst, K\u00e4se","og_description":"Sciroppo di lamponi Schmiedhof della Val Passiria, fatto a mano a 1.200 m di altitudine, naturalmente dolce e ideale per bevande e dessert.","og_url":"https:\/\/derpsairer.it\/it\/produkt\/sciroppo-di-lampone-schmiedhof\/","og_site_name":"Der Psairer - Speck, Wurst, K\u00e4se","article_publisher":"https:\/\/www.facebook.com\/profile.php?id=100063648246860","article_modified_time":"2025-12-14T15:21:54+00:00","og_image":[{"width":853,"height":1280,"url":"https:\/\/derpsairer.it\/wp-22\/wp-content\/uploads\/2023\/01\/Himbeere-500ml-600-E-Stk.jpeg","type":"image\/jpeg"}],"schema":{"@context":"https:\/\/schema.org","@graph":[{"@type":"WebPage","@id":"https:\/\/derpsairer.it\/it\/produkt\/sciroppo-di-lampone-schmiedhof\/","url":"https:\/\/derpsairer.it\/it\/produkt\/sciroppo-di-lampone-schmiedhof\/","name":"Sciroppo di lampone Schmiedhof \u2013 Fruttato e naturale dall'Alto Adige - Der Psairer - Speck, Wurst, K\u00e4se","isPartOf":{"@id":"https:\/\/derpsairer.it\/it\/#website"},"primaryImageOfPage":{"@id":"https:\/\/derpsairer.it\/it\/produkt\/sciroppo-di-lampone-schmiedhof\/#primaryimage"},"image":{"@id":"https:\/\/derpsairer.it\/it\/produkt\/sciroppo-di-lampone-schmiedhof\/#primaryimage"},"thumbnailUrl":"https:\/\/derpsairer.it\/wp-22\/wp-content\/uploads\/2023\/01\/Himbeere-500ml-600-E-Stk.jpeg","datePublished":"2023-01-18T15:08:44+00:00","dateModified":"2025-12-14T15:21:54+00:00","description":"Sciroppo di lamponi Schmiedhof della Val Passiria, fatto a mano a 1.200 m di altitudine, naturalmente dolce e ideale per bevande e dessert.","breadcrumb":{"@id":"https:\/\/derpsairer.it\/it\/produkt\/sciroppo-di-lampone-schmiedhof\/#breadcrumb"},"inLanguage":"it-IT","potentialAction":[{"@type":"ReadAction","target":["https:\/\/derpsairer.it\/it\/produkt\/sciroppo-di-lampone-schmiedhof\/"]}]},{"@type":"ImageObject","inLanguage":"it-IT","@id":"https:\/\/derpsairer.it\/it\/produkt\/sciroppo-di-lampone-schmiedhof\/#primaryimage","url":"https:\/\/derpsairer.it\/wp-22\/wp-content\/uploads\/2023\/01\/Himbeere-500ml-600-E-Stk.jpeg","contentUrl":"https:\/\/derpsairer.it\/wp-22\/wp-content\/uploads\/2023\/01\/Himbeere-500ml-600-E-Stk.jpeg","width":853,"height":1280,"caption":"Sciroppo di Lampone Schmiedhof"},{"@type":"BreadcrumbList","@id":"https:\/\/derpsairer.it\/it\/produkt\/sciroppo-di-lampone-schmiedhof\/#breadcrumb","itemListElement":[{"@type":"ListItem","position":1,"name":"Home","item":"https:\/\/derpsairer.it\/it\/il-negozio-di-speck-der-psairer\/"},{"@type":"ListItem","position":2,"name":"Shop","item":"https:\/\/derpsairer.it\/shop\/"},{"@type":"ListItem","position":3,"name":"Sciroppo di lampone Schmiedhof \u2013 sciroppo di lamponi fruttato della Val Passiria"}]},{"@type":"WebSite","@id":"https:\/\/derpsairer.it\/it\/#website","url":"https:\/\/derpsairer.it\/it\/","name":"Der Psairer - Speck, Wurst, K\u00e4se","description":"Speck, Wurst und K\u00e4s aus Passeiertal in S\u00fcdtirol online bestellen.","publisher":{"@id":"https:\/\/derpsairer.it\/it\/#organization"},"potentialAction":[{"@type":"SearchAction","target":{"@type":"EntryPoint","urlTemplate":"https:\/\/derpsairer.it\/it\/?s={search_term_string}"},"query-input":{"@type":"PropertyValueSpecification","valueRequired":true,"valueName":"search_term_string"}}],"inLanguage":"it-IT"},{"@type":"Organization","@id":"https:\/\/derpsairer.it\/it\/#organization","name":"Der Psairer - Speck, Wurst, K\u00e4se","url":"https:\/\/derpsairer.it\/it\/","logo":{"@type":"ImageObject","inLanguage":"it-IT","@id":"https:\/\/derpsairer.it\/it\/#\/schema\/logo\/image\/","url":"https:\/\/derpsairer.it\/wp-22\/wp-content\/uploads\/2020\/03\/DER-PSAIRER-LOGO-2x.png","contentUrl":"https:\/\/derpsairer.it\/wp-22\/wp-content\/uploads\/2020\/03\/DER-PSAIRER-LOGO-2x.png","width":500,"height":500,"caption":"Der Psairer - Speck, Wurst, K\u00e4se"},"image":{"@id":"https:\/\/derpsairer.it\/it\/#\/schema\/logo\/image\/"},"sameAs":["https:\/\/www.facebook.com\/profile.php?id=100063648246860"]}]}},"_links":{"self":[{"href":"https:\/\/derpsairer.it\/it\/wp-json\/wp\/v2\/product\/5153","targetHints":{"allow":["GET"]}}],"collection":[{"href":"https:\/\/derpsairer.it\/it\/wp-json\/wp\/v2\/product"}],"about":[{"href":"https:\/\/derpsairer.it\/it\/wp-json\/wp\/v2\/types\/product"}],"wp:featuredmedia":[{"embeddable":true,"href":"https:\/\/derpsairer.it\/it\/wp-json\/wp\/v2\/media\/5155"}],"wp:attachment":[{"href":"https:\/\/derpsairer.it\/it\/wp-json\/wp\/v2\/media?parent=5153"}],"wp:term":[{"taxonomy":"product_brand","embeddable":true,"href":"https:\/\/derpsairer.it\/it\/wp-json\/wp\/v2\/product_brand?post=5153"},{"taxonomy":"product_cat","embeddable":true,"href":"https:\/\/derpsairer.it\/it\/wp-json\/wp\/v2\/product_cat?post=5153"},{"taxonomy":"product_tag","embeddable":true,"href":"https:\/\/derpsairer.it\/it\/wp-json\/wp\/v2\/product_tag?post=5153"}],"curies":[{"name":"wp","href":"https:\/\/api.w.org\/{rel}","templated":true}]}}