{"id":5157,"date":"2023-01-18T16:07:12","date_gmt":"2023-01-18T15:07:12","guid":{"rendered":"https:\/\/derpsairer.it\/produkt\/confettura-di-lamponi-schmiedhof\/"},"modified":"2025-12-14T16:18:57","modified_gmt":"2025-12-14T15:18:57","slug":"confettura-di-lamponi-schmiedhof","status":"publish","type":"product","link":"https:\/\/derpsairer.it\/it\/produkt\/confettura-di-lamponi-schmiedhof\/","title":{"rendered":"Confettura extra di lamponi Schmiedhof \u2013 intenso piacere di lamponi dalla Val Passiria"},"content":{"rendered":"<p data-start=\"100\" data-end=\"599\">La confettura extra di lamponi Schmiedhof \u00e8 prodotta artigianalmente presso il maso Schmiedhof a Plata, in Val Passiria, a 1.200 m di altitudine. Il clima alpino conferisce ai lamponi un aroma particolarmente intenso e una dolcezza naturale. Con un contenuto di frutta del 70% e senza aggiunte artificiali, questa confettura convince per il suo gusto puro e la sua consistenza fine e spalmabile. Ideale da spalmare sul pane, con dolci, dessert o come aggiunta fruttata allo yogurt.   <\/p>\n<p>Contenuto: 250 g.<\/p>\n","protected":false},"excerpt":{"rendered":"<p>\u2022 Prodotto a 1.200 m di altitudine<br data-start=\"1038\" data-end=\"1041\">\u2022 70% di frutta<br data-start=\"1060\" data-end=\"1063\">\u2022 Fatto a mano senza additivi<br data-start=\"1089\" data-end=\"1092\">\u2022 Gusto intenso e naturale<br data-start=\"1129\" data-end=\"1132\">\u2022 Versatile<\/p>\n","protected":false},"featured_media":5158,"template":"","meta":[],"product_brand":[],"product_cat":[146],"product_tag":[1945,288,2130,284,2137,2132,2002],"class_list":{"0":"post-5157","1":"product","2":"type-product","3":"status-publish","4":"has-post-thumbnail","6":"product_cat-miele","7":"product_tag-alto-adige","8":"product_tag-brotaufstrich","9":"product_tag-fatto-a-mano","10":"product_tag-fruehstueck","11":"product_tag-regionale","12":"product_tag-schmiedhof","13":"product_tag-val-passiria","15":"first","16":"instock","17":"shipping-taxable","18":"purchasable","19":"product-type-simple"},"yoast_head":"<!-- This site is optimized with the Yoast SEO plugin v27.4 - https:\/\/yoast.com\/product\/yoast-seo-wordpress\/ -->\n<title>Confettura di lamponi Schmiedhof \u2013 Fatta a mano &amp; fruttata - Der Psairer - Speck, Wurst, K\u00e4se<\/title>\n<meta name=\"description\" content=\"Confettura di lamponi Schmiedhof \u2013 Con il 70% di frutta, fatta a mano in Val Passiria. Naturalmente dolce, dal sapore intenso e senza additivi.\" \/>\n<meta name=\"robots\" content=\"index, follow, max-snippet:-1, max-image-preview:large, max-video-preview:-1\" \/>\n<link rel=\"canonical\" href=\"https:\/\/derpsairer.it\/it\/produkt\/confettura-di-lamponi-schmiedhof\/\" \/>\n<meta property=\"og:locale\" content=\"it_IT\" \/>\n<meta property=\"og:type\" content=\"article\" \/>\n<meta property=\"og:title\" content=\"Confettura di lamponi Schmiedhof \u2013 Fatta a mano &amp; fruttata - Der Psairer - Speck, Wurst, K\u00e4se\" \/>\n<meta property=\"og:description\" content=\"Confettura di lamponi Schmiedhof \u2013 Con il 70% di frutta, fatta a mano in Val Passiria. Naturalmente dolce, dal sapore intenso e senza additivi.\" \/>\n<meta property=\"og:url\" content=\"https:\/\/derpsairer.it\/it\/produkt\/confettura-di-lamponi-schmiedhof\/\" \/>\n<meta property=\"og:site_name\" content=\"Der Psairer - Speck, Wurst, K\u00e4se\" \/>\n<meta property=\"article:publisher\" content=\"https:\/\/www.facebook.com\/profile.php?id=100063648246860\" \/>\n<meta property=\"article:modified_time\" content=\"2025-12-14T15:18:57+00:00\" \/>\n<meta property=\"og:image\" content=\"https:\/\/derpsairer.it\/wp-22\/wp-content\/uploads\/2023\/01\/Himbeere-250g.-580-E-Stk-e1716565641275.jpeg\" \/>\n\t<meta property=\"og:image:width\" content=\"686\" \/>\n\t<meta property=\"og:image:height\" content=\"686\" \/>\n\t<meta property=\"og:image:type\" content=\"image\/jpeg\" \/>\n<script type=\"application\/ld+json\" class=\"yoast-schema-graph\">{\"@context\":\"https:\\\/\\\/schema.org\",\"@graph\":[{\"@type\":\"WebPage\",\"@id\":\"https:\\\/\\\/derpsairer.it\\\/it\\\/produkt\\\/confettura-di-lamponi-schmiedhof\\\/\",\"url\":\"https:\\\/\\\/derpsairer.it\\\/it\\\/produkt\\\/confettura-di-lamponi-schmiedhof\\\/\",\"name\":\"Confettura di lamponi Schmiedhof \u2013 Fatta a mano & fruttata - Der Psairer - Speck, Wurst, K\u00e4se\",\"isPartOf\":{\"@id\":\"https:\\\/\\\/derpsairer.it\\\/it\\\/#website\"},\"primaryImageOfPage\":{\"@id\":\"https:\\\/\\\/derpsairer.it\\\/it\\\/produkt\\\/confettura-di-lamponi-schmiedhof\\\/#primaryimage\"},\"image\":{\"@id\":\"https:\\\/\\\/derpsairer.it\\\/it\\\/produkt\\\/confettura-di-lamponi-schmiedhof\\\/#primaryimage\"},\"thumbnailUrl\":\"https:\\\/\\\/derpsairer.it\\\/wp-22\\\/wp-content\\\/uploads\\\/2023\\\/01\\\/Himbeere-250g.-580-E-Stk-e1716565641275.jpeg\",\"datePublished\":\"2023-01-18T15:07:12+00:00\",\"dateModified\":\"2025-12-14T15:18:57+00:00\",\"description\":\"Confettura di lamponi Schmiedhof \u2013 Con il 70% di frutta, fatta a mano in Val Passiria. Naturalmente dolce, dal sapore intenso e senza additivi.\",\"breadcrumb\":{\"@id\":\"https:\\\/\\\/derpsairer.it\\\/it\\\/produkt\\\/confettura-di-lamponi-schmiedhof\\\/#breadcrumb\"},\"inLanguage\":\"it-IT\",\"potentialAction\":[{\"@type\":\"ReadAction\",\"target\":[\"https:\\\/\\\/derpsairer.it\\\/it\\\/produkt\\\/confettura-di-lamponi-schmiedhof\\\/\"]}]},{\"@type\":\"ImageObject\",\"inLanguage\":\"it-IT\",\"@id\":\"https:\\\/\\\/derpsairer.it\\\/it\\\/produkt\\\/confettura-di-lamponi-schmiedhof\\\/#primaryimage\",\"url\":\"https:\\\/\\\/derpsairer.it\\\/wp-22\\\/wp-content\\\/uploads\\\/2023\\\/01\\\/Himbeere-250g.-580-E-Stk-e1716565641275.jpeg\",\"contentUrl\":\"https:\\\/\\\/derpsairer.it\\\/wp-22\\\/wp-content\\\/uploads\\\/2023\\\/01\\\/Himbeere-250g.-580-E-Stk-e1716565641275.jpeg\",\"width\":686,\"height\":686,\"caption\":\"confettura-lamponi-schmiedhof\"},{\"@type\":\"BreadcrumbList\",\"@id\":\"https:\\\/\\\/derpsairer.it\\\/it\\\/produkt\\\/confettura-di-lamponi-schmiedhof\\\/#breadcrumb\",\"itemListElement\":[{\"@type\":\"ListItem\",\"position\":1,\"name\":\"Home\",\"item\":\"https:\\\/\\\/derpsairer.it\\\/it\\\/il-negozio-di-speck-der-psairer\\\/\"},{\"@type\":\"ListItem\",\"position\":2,\"name\":\"Shop\",\"item\":\"https:\\\/\\\/derpsairer.it\\\/shop\\\/\"},{\"@type\":\"ListItem\",\"position\":3,\"name\":\"Confettura extra di lamponi Schmiedhof \u2013 intenso piacere di lamponi dalla Val Passiria\"}]},{\"@type\":\"WebSite\",\"@id\":\"https:\\\/\\\/derpsairer.it\\\/it\\\/#website\",\"url\":\"https:\\\/\\\/derpsairer.it\\\/it\\\/\",\"name\":\"Der Psairer - Speck, Wurst, K\u00e4se\",\"description\":\"Speck, Wurst und K\u00e4s aus Passeiertal in S\u00fcdtirol online bestellen.\",\"publisher\":{\"@id\":\"https:\\\/\\\/derpsairer.it\\\/it\\\/#organization\"},\"potentialAction\":[{\"@type\":\"SearchAction\",\"target\":{\"@type\":\"EntryPoint\",\"urlTemplate\":\"https:\\\/\\\/derpsairer.it\\\/it\\\/?s={search_term_string}\"},\"query-input\":{\"@type\":\"PropertyValueSpecification\",\"valueRequired\":true,\"valueName\":\"search_term_string\"}}],\"inLanguage\":\"it-IT\"},{\"@type\":\"Organization\",\"@id\":\"https:\\\/\\\/derpsairer.it\\\/it\\\/#organization\",\"name\":\"Der Psairer - Speck, Wurst, K\u00e4se\",\"url\":\"https:\\\/\\\/derpsairer.it\\\/it\\\/\",\"logo\":{\"@type\":\"ImageObject\",\"inLanguage\":\"it-IT\",\"@id\":\"https:\\\/\\\/derpsairer.it\\\/it\\\/#\\\/schema\\\/logo\\\/image\\\/\",\"url\":\"https:\\\/\\\/derpsairer.it\\\/wp-22\\\/wp-content\\\/uploads\\\/2020\\\/03\\\/DER-PSAIRER-LOGO-2x.png\",\"contentUrl\":\"https:\\\/\\\/derpsairer.it\\\/wp-22\\\/wp-content\\\/uploads\\\/2020\\\/03\\\/DER-PSAIRER-LOGO-2x.png\",\"width\":500,\"height\":500,\"caption\":\"Der Psairer - Speck, Wurst, K\u00e4se\"},\"image\":{\"@id\":\"https:\\\/\\\/derpsairer.it\\\/it\\\/#\\\/schema\\\/logo\\\/image\\\/\"},\"sameAs\":[\"https:\\\/\\\/www.facebook.com\\\/profile.php?id=100063648246860\"]}]}<\/script>\n<!-- \/ Yoast SEO plugin. -->","yoast_head_json":{"title":"Confettura di lamponi Schmiedhof \u2013 Fatta a mano & fruttata - Der Psairer - Speck, Wurst, K\u00e4se","description":"Confettura di lamponi Schmiedhof \u2013 Con il 70% di frutta, fatta a mano in Val Passiria. Naturalmente dolce, dal sapore intenso e senza additivi.","robots":{"index":"index","follow":"follow","max-snippet":"max-snippet:-1","max-image-preview":"max-image-preview:large","max-video-preview":"max-video-preview:-1"},"canonical":"https:\/\/derpsairer.it\/it\/produkt\/confettura-di-lamponi-schmiedhof\/","og_locale":"it_IT","og_type":"article","og_title":"Confettura di lamponi Schmiedhof \u2013 Fatta a mano & fruttata - Der Psairer - Speck, Wurst, K\u00e4se","og_description":"Confettura di lamponi Schmiedhof \u2013 Con il 70% di frutta, fatta a mano in Val Passiria. Naturalmente dolce, dal sapore intenso e senza additivi.","og_url":"https:\/\/derpsairer.it\/it\/produkt\/confettura-di-lamponi-schmiedhof\/","og_site_name":"Der Psairer - Speck, Wurst, K\u00e4se","article_publisher":"https:\/\/www.facebook.com\/profile.php?id=100063648246860","article_modified_time":"2025-12-14T15:18:57+00:00","og_image":[{"width":686,"height":686,"url":"https:\/\/derpsairer.it\/wp-22\/wp-content\/uploads\/2023\/01\/Himbeere-250g.-580-E-Stk-e1716565641275.jpeg","type":"image\/jpeg"}],"schema":{"@context":"https:\/\/schema.org","@graph":[{"@type":"WebPage","@id":"https:\/\/derpsairer.it\/it\/produkt\/confettura-di-lamponi-schmiedhof\/","url":"https:\/\/derpsairer.it\/it\/produkt\/confettura-di-lamponi-schmiedhof\/","name":"Confettura di lamponi Schmiedhof \u2013 Fatta a mano & fruttata - Der Psairer - Speck, Wurst, K\u00e4se","isPartOf":{"@id":"https:\/\/derpsairer.it\/it\/#website"},"primaryImageOfPage":{"@id":"https:\/\/derpsairer.it\/it\/produkt\/confettura-di-lamponi-schmiedhof\/#primaryimage"},"image":{"@id":"https:\/\/derpsairer.it\/it\/produkt\/confettura-di-lamponi-schmiedhof\/#primaryimage"},"thumbnailUrl":"https:\/\/derpsairer.it\/wp-22\/wp-content\/uploads\/2023\/01\/Himbeere-250g.-580-E-Stk-e1716565641275.jpeg","datePublished":"2023-01-18T15:07:12+00:00","dateModified":"2025-12-14T15:18:57+00:00","description":"Confettura di lamponi Schmiedhof \u2013 Con il 70% di frutta, fatta a mano in Val Passiria. Naturalmente dolce, dal sapore intenso e senza additivi.","breadcrumb":{"@id":"https:\/\/derpsairer.it\/it\/produkt\/confettura-di-lamponi-schmiedhof\/#breadcrumb"},"inLanguage":"it-IT","potentialAction":[{"@type":"ReadAction","target":["https:\/\/derpsairer.it\/it\/produkt\/confettura-di-lamponi-schmiedhof\/"]}]},{"@type":"ImageObject","inLanguage":"it-IT","@id":"https:\/\/derpsairer.it\/it\/produkt\/confettura-di-lamponi-schmiedhof\/#primaryimage","url":"https:\/\/derpsairer.it\/wp-22\/wp-content\/uploads\/2023\/01\/Himbeere-250g.-580-E-Stk-e1716565641275.jpeg","contentUrl":"https:\/\/derpsairer.it\/wp-22\/wp-content\/uploads\/2023\/01\/Himbeere-250g.-580-E-Stk-e1716565641275.jpeg","width":686,"height":686,"caption":"confettura-lamponi-schmiedhof"},{"@type":"BreadcrumbList","@id":"https:\/\/derpsairer.it\/it\/produkt\/confettura-di-lamponi-schmiedhof\/#breadcrumb","itemListElement":[{"@type":"ListItem","position":1,"name":"Home","item":"https:\/\/derpsairer.it\/it\/il-negozio-di-speck-der-psairer\/"},{"@type":"ListItem","position":2,"name":"Shop","item":"https:\/\/derpsairer.it\/shop\/"},{"@type":"ListItem","position":3,"name":"Confettura extra di lamponi Schmiedhof \u2013 intenso piacere di lamponi dalla Val Passiria"}]},{"@type":"WebSite","@id":"https:\/\/derpsairer.it\/it\/#website","url":"https:\/\/derpsairer.it\/it\/","name":"Der Psairer - Speck, Wurst, K\u00e4se","description":"Speck, Wurst und K\u00e4s aus Passeiertal in S\u00fcdtirol online bestellen.","publisher":{"@id":"https:\/\/derpsairer.it\/it\/#organization"},"potentialAction":[{"@type":"SearchAction","target":{"@type":"EntryPoint","urlTemplate":"https:\/\/derpsairer.it\/it\/?s={search_term_string}"},"query-input":{"@type":"PropertyValueSpecification","valueRequired":true,"valueName":"search_term_string"}}],"inLanguage":"it-IT"},{"@type":"Organization","@id":"https:\/\/derpsairer.it\/it\/#organization","name":"Der Psairer - Speck, Wurst, K\u00e4se","url":"https:\/\/derpsairer.it\/it\/","logo":{"@type":"ImageObject","inLanguage":"it-IT","@id":"https:\/\/derpsairer.it\/it\/#\/schema\/logo\/image\/","url":"https:\/\/derpsairer.it\/wp-22\/wp-content\/uploads\/2020\/03\/DER-PSAIRER-LOGO-2x.png","contentUrl":"https:\/\/derpsairer.it\/wp-22\/wp-content\/uploads\/2020\/03\/DER-PSAIRER-LOGO-2x.png","width":500,"height":500,"caption":"Der Psairer - Speck, Wurst, K\u00e4se"},"image":{"@id":"https:\/\/derpsairer.it\/it\/#\/schema\/logo\/image\/"},"sameAs":["https:\/\/www.facebook.com\/profile.php?id=100063648246860"]}]}},"_links":{"self":[{"href":"https:\/\/derpsairer.it\/it\/wp-json\/wp\/v2\/product\/5157","targetHints":{"allow":["GET"]}}],"collection":[{"href":"https:\/\/derpsairer.it\/it\/wp-json\/wp\/v2\/product"}],"about":[{"href":"https:\/\/derpsairer.it\/it\/wp-json\/wp\/v2\/types\/product"}],"wp:featuredmedia":[{"embeddable":true,"href":"https:\/\/derpsairer.it\/it\/wp-json\/wp\/v2\/media\/5158"}],"wp:attachment":[{"href":"https:\/\/derpsairer.it\/it\/wp-json\/wp\/v2\/media?parent=5157"}],"wp:term":[{"taxonomy":"product_brand","embeddable":true,"href":"https:\/\/derpsairer.it\/it\/wp-json\/wp\/v2\/product_brand?post=5157"},{"taxonomy":"product_cat","embeddable":true,"href":"https:\/\/derpsairer.it\/it\/wp-json\/wp\/v2\/product_cat?post=5157"},{"taxonomy":"product_tag","embeddable":true,"href":"https:\/\/derpsairer.it\/it\/wp-json\/wp\/v2\/product_tag?post=5157"}],"curies":[{"name":"wp","href":"https:\/\/api.w.org\/{rel}","templated":true}]}}