{"id":5161,"date":"2023-01-18T15:36:44","date_gmt":"2023-01-18T14:36:44","guid":{"rendered":"https:\/\/derpsairer.it\/produkt\/gelatina-di-mele\/"},"modified":"2025-12-14T16:49:19","modified_gmt":"2025-12-14T15:49:19","slug":"gelatina-di-mele","status":"publish","type":"product","link":"https:\/\/derpsairer.it\/it\/produkt\/gelatina-di-mele\/","title":{"rendered":"Confettura di mele Torgglerhof \u2013 una deliziosa crema spalmabile con una fine nota di cannella"},"content":{"rendered":"<p data-start=\"87\" data-end=\"568\">La confettura di mele del Torgglerhof \u00e8 prodotta con mele fresche raccolte direttamente dall&#8217;albero. La base \u00e8 il succo di mela fatto in casa, che conferisce alla confettura la sua chiara fruttuosit\u00e0 e la sua consistenza vellutata. Un delicato tocco di cannella completa armoniosamente l&#8217;aroma, senza sovrastare la naturale nota di mela. Realizzata artigianalmente e lavorata con cura, questa confettura \u00e8 ideale da spalmare sul pane, per accompagnare il Kaiserschmarren o per arricchire i dessert.   <\/p>\n<p>Contenuto: 200 ml<\/p>\n","protected":false},"excerpt":{"rendered":"<p>\u2022 Da mele fresche<br data-start=\"954\" data-end=\"957\">\u2022 Con succo di mela fatto in casa<br data-start=\"986\" data-end=\"989\">\u2022 Fine nota di cannella<br data-start=\"1005\" data-end=\"1008\">\u2022 Prodotto artigianalmente<br data-start=\"1034\" data-end=\"1037\">\u2022 Versatile<\/p>\n","protected":false},"featured_media":5163,"template":"","meta":[],"product_brand":[],"product_cat":[191],"product_tag":[1945,288,2214,2630,282,284,2210,2193],"class_list":{"0":"post-5161","1":"product","2":"type-product","3":"status-publish","4":"has-post-thumbnail","6":"product_cat-altre-delizie","7":"product_tag-alto-adige","8":"product_tag-brotaufstrich","9":"product_tag-cannella","10":"product_tag-con-dessert","11":"product_tag-feinkost","12":"product_tag-fruehstueck","13":"product_tag-gelatina-di-mele","14":"product_tag-torgglerhof","16":"first","17":"instock","18":"shipping-taxable","19":"purchasable","20":"product-type-simple"},"yoast_head":"<!-- This site is optimized with the Yoast SEO plugin v27.4 - https:\/\/yoast.com\/product\/yoast-seo-wordpress\/ -->\n<title>Gelatina di mele Torgglerhof \u2013 Raffinata e fruttata con cannella - Der Psairer - Speck, Wurst, K\u00e4se<\/title>\n<meta name=\"description\" content=\"Gelatina di mele Torgglerhof \u2013 Fruttata e dolce con succo di mele fatto in casa e cannella. Fatta a mano con mele fresche. Ideale con pane e Kaiserschmarren.\" \/>\n<meta name=\"robots\" content=\"index, follow, max-snippet:-1, max-image-preview:large, max-video-preview:-1\" \/>\n<link rel=\"canonical\" href=\"https:\/\/derpsairer.it\/it\/produkt\/gelatina-di-mele\/\" \/>\n<meta property=\"og:locale\" content=\"it_IT\" \/>\n<meta property=\"og:type\" content=\"article\" \/>\n<meta property=\"og:title\" content=\"Gelatina di mele Torgglerhof \u2013 Raffinata e fruttata con cannella - Der Psairer - Speck, Wurst, K\u00e4se\" \/>\n<meta property=\"og:description\" content=\"Gelatina di mele Torgglerhof \u2013 Fruttata e dolce con succo di mele fatto in casa e cannella. Fatta a mano con mele fresche. Ideale con pane e Kaiserschmarren.\" \/>\n<meta property=\"og:url\" content=\"https:\/\/derpsairer.it\/it\/produkt\/gelatina-di-mele\/\" \/>\n<meta property=\"og:site_name\" content=\"Der Psairer - Speck, Wurst, K\u00e4se\" \/>\n<meta property=\"article:publisher\" content=\"https:\/\/www.facebook.com\/profile.php?id=100063648246860\" \/>\n<meta property=\"article:modified_time\" content=\"2025-12-14T15:49:19+00:00\" \/>\n<meta property=\"og:image\" content=\"https:\/\/derpsairer.it\/wp-22\/wp-content\/uploads\/2023\/01\/Apfel-Gelee-250g.-660-E-Stk.jpeg\" \/>\n\t<meta property=\"og:image:width\" content=\"853\" \/>\n\t<meta property=\"og:image:height\" content=\"1280\" \/>\n\t<meta property=\"og:image:type\" content=\"image\/jpeg\" \/>\n<script type=\"application\/ld+json\" class=\"yoast-schema-graph\">{\"@context\":\"https:\\\/\\\/schema.org\",\"@graph\":[{\"@type\":\"WebPage\",\"@id\":\"https:\\\/\\\/derpsairer.it\\\/it\\\/produkt\\\/gelatina-di-mele\\\/\",\"url\":\"https:\\\/\\\/derpsairer.it\\\/it\\\/produkt\\\/gelatina-di-mele\\\/\",\"name\":\"Gelatina di mele Torgglerhof \u2013 Raffinata e fruttata con cannella - Der Psairer - Speck, Wurst, K\u00e4se\",\"isPartOf\":{\"@id\":\"https:\\\/\\\/derpsairer.it\\\/it\\\/#website\"},\"primaryImageOfPage\":{\"@id\":\"https:\\\/\\\/derpsairer.it\\\/it\\\/produkt\\\/gelatina-di-mele\\\/#primaryimage\"},\"image\":{\"@id\":\"https:\\\/\\\/derpsairer.it\\\/it\\\/produkt\\\/gelatina-di-mele\\\/#primaryimage\"},\"thumbnailUrl\":\"https:\\\/\\\/derpsairer.it\\\/wp-22\\\/wp-content\\\/uploads\\\/2023\\\/01\\\/Apfel-Gelee-250g.-660-E-Stk.jpeg\",\"datePublished\":\"2023-01-18T14:36:44+00:00\",\"dateModified\":\"2025-12-14T15:49:19+00:00\",\"description\":\"Gelatina di mele Torgglerhof \u2013 Fruttata e dolce con succo di mele fatto in casa e cannella. Fatta a mano con mele fresche. Ideale con pane e Kaiserschmarren.\",\"breadcrumb\":{\"@id\":\"https:\\\/\\\/derpsairer.it\\\/it\\\/produkt\\\/gelatina-di-mele\\\/#breadcrumb\"},\"inLanguage\":\"it-IT\",\"potentialAction\":[{\"@type\":\"ReadAction\",\"target\":[\"https:\\\/\\\/derpsairer.it\\\/it\\\/produkt\\\/gelatina-di-mele\\\/\"]}]},{\"@type\":\"ImageObject\",\"inLanguage\":\"it-IT\",\"@id\":\"https:\\\/\\\/derpsairer.it\\\/it\\\/produkt\\\/gelatina-di-mele\\\/#primaryimage\",\"url\":\"https:\\\/\\\/derpsairer.it\\\/wp-22\\\/wp-content\\\/uploads\\\/2023\\\/01\\\/Apfel-Gelee-250g.-660-E-Stk.jpeg\",\"contentUrl\":\"https:\\\/\\\/derpsairer.it\\\/wp-22\\\/wp-content\\\/uploads\\\/2023\\\/01\\\/Apfel-Gelee-250g.-660-E-Stk.jpeg\",\"width\":853,\"height\":1280,\"caption\":\"Gelatina di mele\"},{\"@type\":\"BreadcrumbList\",\"@id\":\"https:\\\/\\\/derpsairer.it\\\/it\\\/produkt\\\/gelatina-di-mele\\\/#breadcrumb\",\"itemListElement\":[{\"@type\":\"ListItem\",\"position\":1,\"name\":\"Home\",\"item\":\"https:\\\/\\\/derpsairer.it\\\/it\\\/il-negozio-di-speck-der-psairer\\\/\"},{\"@type\":\"ListItem\",\"position\":2,\"name\":\"Shop\",\"item\":\"https:\\\/\\\/derpsairer.it\\\/shop\\\/\"},{\"@type\":\"ListItem\",\"position\":3,\"name\":\"Confettura di mele Torgglerhof \u2013 una deliziosa crema spalmabile con una fine nota di cannella\"}]},{\"@type\":\"WebSite\",\"@id\":\"https:\\\/\\\/derpsairer.it\\\/it\\\/#website\",\"url\":\"https:\\\/\\\/derpsairer.it\\\/it\\\/\",\"name\":\"Der Psairer - Speck, Wurst, K\u00e4se\",\"description\":\"Speck, Wurst und K\u00e4s aus Passeiertal in S\u00fcdtirol online bestellen.\",\"publisher\":{\"@id\":\"https:\\\/\\\/derpsairer.it\\\/it\\\/#organization\"},\"potentialAction\":[{\"@type\":\"SearchAction\",\"target\":{\"@type\":\"EntryPoint\",\"urlTemplate\":\"https:\\\/\\\/derpsairer.it\\\/it\\\/?s={search_term_string}\"},\"query-input\":{\"@type\":\"PropertyValueSpecification\",\"valueRequired\":true,\"valueName\":\"search_term_string\"}}],\"inLanguage\":\"it-IT\"},{\"@type\":\"Organization\",\"@id\":\"https:\\\/\\\/derpsairer.it\\\/it\\\/#organization\",\"name\":\"Der Psairer - Speck, Wurst, K\u00e4se\",\"url\":\"https:\\\/\\\/derpsairer.it\\\/it\\\/\",\"logo\":{\"@type\":\"ImageObject\",\"inLanguage\":\"it-IT\",\"@id\":\"https:\\\/\\\/derpsairer.it\\\/it\\\/#\\\/schema\\\/logo\\\/image\\\/\",\"url\":\"https:\\\/\\\/derpsairer.it\\\/wp-22\\\/wp-content\\\/uploads\\\/2020\\\/03\\\/DER-PSAIRER-LOGO-2x.png\",\"contentUrl\":\"https:\\\/\\\/derpsairer.it\\\/wp-22\\\/wp-content\\\/uploads\\\/2020\\\/03\\\/DER-PSAIRER-LOGO-2x.png\",\"width\":500,\"height\":500,\"caption\":\"Der Psairer - Speck, Wurst, K\u00e4se\"},\"image\":{\"@id\":\"https:\\\/\\\/derpsairer.it\\\/it\\\/#\\\/schema\\\/logo\\\/image\\\/\"},\"sameAs\":[\"https:\\\/\\\/www.facebook.com\\\/profile.php?id=100063648246860\"]}]}<\/script>\n<!-- \/ Yoast SEO plugin. -->","yoast_head_json":{"title":"Gelatina di mele Torgglerhof \u2013 Raffinata e fruttata con cannella - Der Psairer - Speck, Wurst, K\u00e4se","description":"Gelatina di mele Torgglerhof \u2013 Fruttata e dolce con succo di mele fatto in casa e cannella. Fatta a mano con mele fresche. Ideale con pane e Kaiserschmarren.","robots":{"index":"index","follow":"follow","max-snippet":"max-snippet:-1","max-image-preview":"max-image-preview:large","max-video-preview":"max-video-preview:-1"},"canonical":"https:\/\/derpsairer.it\/it\/produkt\/gelatina-di-mele\/","og_locale":"it_IT","og_type":"article","og_title":"Gelatina di mele Torgglerhof \u2013 Raffinata e fruttata con cannella - Der Psairer - Speck, Wurst, K\u00e4se","og_description":"Gelatina di mele Torgglerhof \u2013 Fruttata e dolce con succo di mele fatto in casa e cannella. Fatta a mano con mele fresche. Ideale con pane e Kaiserschmarren.","og_url":"https:\/\/derpsairer.it\/it\/produkt\/gelatina-di-mele\/","og_site_name":"Der Psairer - Speck, Wurst, K\u00e4se","article_publisher":"https:\/\/www.facebook.com\/profile.php?id=100063648246860","article_modified_time":"2025-12-14T15:49:19+00:00","og_image":[{"width":853,"height":1280,"url":"https:\/\/derpsairer.it\/wp-22\/wp-content\/uploads\/2023\/01\/Apfel-Gelee-250g.-660-E-Stk.jpeg","type":"image\/jpeg"}],"schema":{"@context":"https:\/\/schema.org","@graph":[{"@type":"WebPage","@id":"https:\/\/derpsairer.it\/it\/produkt\/gelatina-di-mele\/","url":"https:\/\/derpsairer.it\/it\/produkt\/gelatina-di-mele\/","name":"Gelatina di mele Torgglerhof \u2013 Raffinata e fruttata con cannella - Der Psairer - Speck, Wurst, K\u00e4se","isPartOf":{"@id":"https:\/\/derpsairer.it\/it\/#website"},"primaryImageOfPage":{"@id":"https:\/\/derpsairer.it\/it\/produkt\/gelatina-di-mele\/#primaryimage"},"image":{"@id":"https:\/\/derpsairer.it\/it\/produkt\/gelatina-di-mele\/#primaryimage"},"thumbnailUrl":"https:\/\/derpsairer.it\/wp-22\/wp-content\/uploads\/2023\/01\/Apfel-Gelee-250g.-660-E-Stk.jpeg","datePublished":"2023-01-18T14:36:44+00:00","dateModified":"2025-12-14T15:49:19+00:00","description":"Gelatina di mele Torgglerhof \u2013 Fruttata e dolce con succo di mele fatto in casa e cannella. Fatta a mano con mele fresche. Ideale con pane e Kaiserschmarren.","breadcrumb":{"@id":"https:\/\/derpsairer.it\/it\/produkt\/gelatina-di-mele\/#breadcrumb"},"inLanguage":"it-IT","potentialAction":[{"@type":"ReadAction","target":["https:\/\/derpsairer.it\/it\/produkt\/gelatina-di-mele\/"]}]},{"@type":"ImageObject","inLanguage":"it-IT","@id":"https:\/\/derpsairer.it\/it\/produkt\/gelatina-di-mele\/#primaryimage","url":"https:\/\/derpsairer.it\/wp-22\/wp-content\/uploads\/2023\/01\/Apfel-Gelee-250g.-660-E-Stk.jpeg","contentUrl":"https:\/\/derpsairer.it\/wp-22\/wp-content\/uploads\/2023\/01\/Apfel-Gelee-250g.-660-E-Stk.jpeg","width":853,"height":1280,"caption":"Gelatina di mele"},{"@type":"BreadcrumbList","@id":"https:\/\/derpsairer.it\/it\/produkt\/gelatina-di-mele\/#breadcrumb","itemListElement":[{"@type":"ListItem","position":1,"name":"Home","item":"https:\/\/derpsairer.it\/it\/il-negozio-di-speck-der-psairer\/"},{"@type":"ListItem","position":2,"name":"Shop","item":"https:\/\/derpsairer.it\/shop\/"},{"@type":"ListItem","position":3,"name":"Confettura di mele Torgglerhof \u2013 una deliziosa crema spalmabile con una fine nota di cannella"}]},{"@type":"WebSite","@id":"https:\/\/derpsairer.it\/it\/#website","url":"https:\/\/derpsairer.it\/it\/","name":"Der Psairer - Speck, Wurst, K\u00e4se","description":"Speck, Wurst und K\u00e4s aus Passeiertal in S\u00fcdtirol online bestellen.","publisher":{"@id":"https:\/\/derpsairer.it\/it\/#organization"},"potentialAction":[{"@type":"SearchAction","target":{"@type":"EntryPoint","urlTemplate":"https:\/\/derpsairer.it\/it\/?s={search_term_string}"},"query-input":{"@type":"PropertyValueSpecification","valueRequired":true,"valueName":"search_term_string"}}],"inLanguage":"it-IT"},{"@type":"Organization","@id":"https:\/\/derpsairer.it\/it\/#organization","name":"Der Psairer - Speck, Wurst, K\u00e4se","url":"https:\/\/derpsairer.it\/it\/","logo":{"@type":"ImageObject","inLanguage":"it-IT","@id":"https:\/\/derpsairer.it\/it\/#\/schema\/logo\/image\/","url":"https:\/\/derpsairer.it\/wp-22\/wp-content\/uploads\/2020\/03\/DER-PSAIRER-LOGO-2x.png","contentUrl":"https:\/\/derpsairer.it\/wp-22\/wp-content\/uploads\/2020\/03\/DER-PSAIRER-LOGO-2x.png","width":500,"height":500,"caption":"Der Psairer - Speck, Wurst, K\u00e4se"},"image":{"@id":"https:\/\/derpsairer.it\/it\/#\/schema\/logo\/image\/"},"sameAs":["https:\/\/www.facebook.com\/profile.php?id=100063648246860"]}]}},"_links":{"self":[{"href":"https:\/\/derpsairer.it\/it\/wp-json\/wp\/v2\/product\/5161","targetHints":{"allow":["GET"]}}],"collection":[{"href":"https:\/\/derpsairer.it\/it\/wp-json\/wp\/v2\/product"}],"about":[{"href":"https:\/\/derpsairer.it\/it\/wp-json\/wp\/v2\/types\/product"}],"wp:featuredmedia":[{"embeddable":true,"href":"https:\/\/derpsairer.it\/it\/wp-json\/wp\/v2\/media\/5163"}],"wp:attachment":[{"href":"https:\/\/derpsairer.it\/it\/wp-json\/wp\/v2\/media?parent=5161"}],"wp:term":[{"taxonomy":"product_brand","embeddable":true,"href":"https:\/\/derpsairer.it\/it\/wp-json\/wp\/v2\/product_brand?post=5161"},{"taxonomy":"product_cat","embeddable":true,"href":"https:\/\/derpsairer.it\/it\/wp-json\/wp\/v2\/product_cat?post=5161"},{"taxonomy":"product_tag","embeddable":true,"href":"https:\/\/derpsairer.it\/it\/wp-json\/wp\/v2\/product_tag?post=5161"}],"curies":[{"name":"wp","href":"https:\/\/api.w.org\/{rel}","templated":true}]}}