{"id":5172,"date":"2021-08-31T10:53:11","date_gmt":"2021-08-31T08:53:11","guid":{"rendered":"https:\/\/derpsairer.it\/produkt\/festival-del-pinot-bianco\/"},"modified":"2026-01-09T12:04:32","modified_gmt":"2026-01-09T11:04:32","slug":"festival-del-pinot-bianco","status":"publish","type":"product","link":"https:\/\/derpsairer.it\/it\/produkt\/festival-del-pinot-bianco\/","title":{"rendered":"Weissburgunder Festival \u2013 classico altoatesino fresco ed elegante"},"content":{"rendered":"<p data-start=\"135\" data-end=\"454\">Il Weissburgunder &#8220;Festival&#8221; della <span class=\"hover:entity-accent entity-underline inline cursor-pointer align-baseline\"><span class=\"whitespace-normal\">Cantina Merano<\/span><\/span> \u00e8 sinonimo di autentico piacere del vino bianco altoatesino: chiaro, vivace ed equilibrato. Cresciuto sui pendii brulli e soleggiati intorno a Merano e in Val Venosta, questo Weissburgunder porta perfettamente nel bicchiere la tipica freschezza e precisione della regione. <\/p>\n<p data-start=\"456\" data-end=\"940\">Dopo cinque mesi di maturazione in vasche di acciaio inox, il &#8220;Festival&#8221; si presenta in un brillante giallo verdolino. Al naso si sprigionano fini aromi di mela verde e delicate note di agrumi. Al palato il vino si presenta croccante e vivace, allo stesso tempo armonico ed equilibrato, sostenuto da un&#8217;acidit\u00e0 fruttata vivace e giovane. Il finale \u00e8 fresco, pulito e piacevolmente persistente. Un vino bianco versatile ed elegante per ogni occasione, dall&#8217;aperitivo alla cucina leggera.    <\/p>\n<p data-start=\"947\" data-end=\"977\"><strong data-start=\"947\" data-end=\"960\">Cantina:<\/strong><br data-start=\"960\" data-end=\"963\">Cantina Merano<\/p>\n<p data-start=\"979\" data-end=\"1008\"><strong data-start=\"979\" data-end=\"992\">Vitigno:<\/strong><br data-start=\"992\" data-end=\"995\">Pinot Bianco<\/p>\n<p data-start=\"1010\" data-end=\"1100\"><strong data-start=\"1010\" data-end=\"1031\">Abbinamenti:<\/strong><br data-start=\"1031\" data-end=\"1034\">Antipasti leggeri, piatti di pesce, piatti di canederli, come aperitivo<\/p>\n<p data-start=\"1102\" data-end=\"1243\"><strong data-start=\"1102\" data-end=\"1113\">Vinificazione:<\/strong><br data-start=\"1113\" data-end=\"1116\">Fermentazione alcolica in piccole vasche di acciaio inox<br data-start=\"1161\" data-end=\"1164\">Parziale fermentazione malolattica<br data-start=\"1198\" data-end=\"1201\">Affinamento sui lieviti fini per circa 5 mesi<\/p>\n<p data-start=\"1245\" data-end=\"1280\"><strong data-start=\"1245\" data-end=\"1267\">Temperatura di servizio:<\/strong><br data-start=\"1267\" data-end=\"1270\">10 \u2013 12 \u00b0C<\/p>\n<p data-start=\"1282\" data-end=\"1309\"><strong data-start=\"1282\" data-end=\"1300\">Gradazione alcolica:<\/strong><br data-start=\"1300\" data-end=\"1303\">13,5 %<\/p>\n<p data-start=\"1311\" data-end=\"1331\"><strong data-start=\"1311\" data-end=\"1322\">Contenuto:<\/strong><br data-start=\"1322\" data-end=\"1325\">0,75 l<\/p>\n<p data-start=\"1333\" data-end=\"1436\"><strong data-start=\"1333\" data-end=\"1346\">Provenienza:<\/strong><br data-start=\"1346\" data-end=\"1349\">Alto Adige DOC<br data-start=\"1361\" data-end=\"1364\">Zona di coltivazione: Tirolo, Labers, Marlengo, Merano<br data-start=\"1411\" data-end=\"1414\">Altitudine: 450 \u2013 550 m<\/p>\n<p data-start=\"1438\" data-end=\"1458\"><strong data-start=\"1438\" data-end=\"1458\">Contiene solfiti.<\/strong><\/p>\n","protected":false},"excerpt":{"rendered":"<p>\u2022 Tipico Pinot Bianco dell&#8217;Alto Adige<br data-start=\"2080\" data-end=\"2083\">\u2022 Profumo di mela verde e agrumi<br data-start=\"2124\" data-end=\"2127\">\u2022 Croccante, fresco ed equilibrato<br data-start=\"2157\" data-end=\"2160\">\u2022 Affinato per 5 mesi sui lieviti fini<br data-start=\"2195\" data-end=\"2198\">\u2022 Versatile accompagnamento per pesce e piatti leggeri<\/p>\n","protected":false},"featured_media":5173,"template":"","meta":[],"product_brand":[],"product_cat":[188],"product_tag":[3003,2485,3279,308,2586,1865,2490,2322,3043,3347],"class_list":{"0":"post-5172","1":"product","2":"type-product","3":"status-publish","4":"has-post-thumbnail","6":"product_cat-vino-distillati","7":"product_tag-acciaio-inox","8":"product_tag-agrumi","9":"product_tag-alto-adige-doc","10":"product_tag-aperitivo","11":"product_tag-cantina-merano","12":"product_tag-con-pesce","13":"product_tag-elegante","14":"product_tag-fresco","15":"product_tag-lievito-fine","16":"product_tag-weissburgunder-festival","18":"first","19":"instock","20":"shipping-taxable","21":"purchasable","22":"product-type-simple"},"yoast_head":"<!-- This site is optimized with the Yoast SEO plugin v27.4 - https:\/\/yoast.com\/product\/yoast-seo-wordpress\/ -->\n<title>Festival del Pinot Bianco \u2013 Vivace &amp; fresco dall&#039;Alto Adige - Der Psairer - Speck, Wurst, K\u00e4se<\/title>\n<meta name=\"description\" content=\"Weissburgunder Festival Alto Adige DOC. Vino bianco fresco e vivace della Cantina Merano con note di mela e agrumi, acidit\u00e0 fine e finale elegante.\" \/>\n<meta name=\"robots\" content=\"index, follow, max-snippet:-1, max-image-preview:large, max-video-preview:-1\" \/>\n<link rel=\"canonical\" href=\"https:\/\/derpsairer.it\/it\/produkt\/festival-del-pinot-bianco\/\" \/>\n<meta property=\"og:locale\" content=\"it_IT\" \/>\n<meta property=\"og:type\" content=\"article\" \/>\n<meta property=\"og:title\" content=\"Festival del Pinot Bianco \u2013 Vivace &amp; fresco dall&#039;Alto Adige - Der Psairer - Speck, Wurst, K\u00e4se\" \/>\n<meta property=\"og:description\" content=\"Weissburgunder Festival Alto Adige DOC. Vino bianco fresco e vivace della Cantina Merano con note di mela e agrumi, acidit\u00e0 fine e finale elegante.\" \/>\n<meta property=\"og:url\" content=\"https:\/\/derpsairer.it\/it\/produkt\/festival-del-pinot-bianco\/\" \/>\n<meta property=\"og:site_name\" content=\"Der Psairer - Speck, Wurst, K\u00e4se\" \/>\n<meta property=\"article:publisher\" content=\"https:\/\/www.facebook.com\/profile.php?id=100063648246860\" \/>\n<meta property=\"article:modified_time\" content=\"2026-01-09T11:04:32+00:00\" \/>\n<meta property=\"og:image\" content=\"https:\/\/derpsairer.it\/wp-22\/wp-content\/uploads\/2021\/08\/Weissburgunder-Festival.jpg\" \/>\n\t<meta property=\"og:image:width\" content=\"800\" \/>\n\t<meta property=\"og:image:height\" content=\"800\" \/>\n\t<meta property=\"og:image:type\" content=\"image\/jpeg\" \/>\n<meta name=\"twitter:label1\" content=\"Tempo di lettura stimato\" \/>\n\t<meta name=\"twitter:data1\" content=\"1 minute\" \/>\n<script type=\"application\/ld+json\" class=\"yoast-schema-graph\">{\"@context\":\"https:\\\/\\\/schema.org\",\"@graph\":[{\"@type\":\"WebPage\",\"@id\":\"https:\\\/\\\/derpsairer.it\\\/it\\\/produkt\\\/festival-del-pinot-bianco\\\/\",\"url\":\"https:\\\/\\\/derpsairer.it\\\/it\\\/produkt\\\/festival-del-pinot-bianco\\\/\",\"name\":\"Festival del Pinot Bianco \u2013 Vivace & fresco dall'Alto Adige - Der Psairer - Speck, Wurst, K\u00e4se\",\"isPartOf\":{\"@id\":\"https:\\\/\\\/derpsairer.it\\\/it\\\/#website\"},\"primaryImageOfPage\":{\"@id\":\"https:\\\/\\\/derpsairer.it\\\/it\\\/produkt\\\/festival-del-pinot-bianco\\\/#primaryimage\"},\"image\":{\"@id\":\"https:\\\/\\\/derpsairer.it\\\/it\\\/produkt\\\/festival-del-pinot-bianco\\\/#primaryimage\"},\"thumbnailUrl\":\"https:\\\/\\\/derpsairer.it\\\/wp-22\\\/wp-content\\\/uploads\\\/2021\\\/08\\\/Weissburgunder-Festival.jpg\",\"datePublished\":\"2021-08-31T08:53:11+00:00\",\"dateModified\":\"2026-01-09T11:04:32+00:00\",\"description\":\"Weissburgunder Festival Alto Adige DOC. Vino bianco fresco e vivace della Cantina Merano con note di mela e agrumi, acidit\u00e0 fine e finale elegante.\",\"breadcrumb\":{\"@id\":\"https:\\\/\\\/derpsairer.it\\\/it\\\/produkt\\\/festival-del-pinot-bianco\\\/#breadcrumb\"},\"inLanguage\":\"it-IT\",\"potentialAction\":[{\"@type\":\"ReadAction\",\"target\":[\"https:\\\/\\\/derpsairer.it\\\/it\\\/produkt\\\/festival-del-pinot-bianco\\\/\"]}]},{\"@type\":\"ImageObject\",\"inLanguage\":\"it-IT\",\"@id\":\"https:\\\/\\\/derpsairer.it\\\/it\\\/produkt\\\/festival-del-pinot-bianco\\\/#primaryimage\",\"url\":\"https:\\\/\\\/derpsairer.it\\\/wp-22\\\/wp-content\\\/uploads\\\/2021\\\/08\\\/Weissburgunder-Festival.jpg\",\"contentUrl\":\"https:\\\/\\\/derpsairer.it\\\/wp-22\\\/wp-content\\\/uploads\\\/2021\\\/08\\\/Weissburgunder-Festival.jpg\",\"width\":800,\"height\":800},{\"@type\":\"BreadcrumbList\",\"@id\":\"https:\\\/\\\/derpsairer.it\\\/it\\\/produkt\\\/festival-del-pinot-bianco\\\/#breadcrumb\",\"itemListElement\":[{\"@type\":\"ListItem\",\"position\":1,\"name\":\"Home\",\"item\":\"https:\\\/\\\/derpsairer.it\\\/it\\\/il-negozio-di-speck-der-psairer\\\/\"},{\"@type\":\"ListItem\",\"position\":2,\"name\":\"Shop\",\"item\":\"https:\\\/\\\/derpsairer.it\\\/shop\\\/\"},{\"@type\":\"ListItem\",\"position\":3,\"name\":\"Weissburgunder Festival \u2013 classico altoatesino fresco ed elegante\"}]},{\"@type\":\"WebSite\",\"@id\":\"https:\\\/\\\/derpsairer.it\\\/it\\\/#website\",\"url\":\"https:\\\/\\\/derpsairer.it\\\/it\\\/\",\"name\":\"Der Psairer - Speck, Wurst, K\u00e4se\",\"description\":\"Speck, Wurst und K\u00e4s aus Passeiertal in S\u00fcdtirol online bestellen.\",\"publisher\":{\"@id\":\"https:\\\/\\\/derpsairer.it\\\/it\\\/#organization\"},\"potentialAction\":[{\"@type\":\"SearchAction\",\"target\":{\"@type\":\"EntryPoint\",\"urlTemplate\":\"https:\\\/\\\/derpsairer.it\\\/it\\\/?s={search_term_string}\"},\"query-input\":{\"@type\":\"PropertyValueSpecification\",\"valueRequired\":true,\"valueName\":\"search_term_string\"}}],\"inLanguage\":\"it-IT\"},{\"@type\":\"Organization\",\"@id\":\"https:\\\/\\\/derpsairer.it\\\/it\\\/#organization\",\"name\":\"Der Psairer - Speck, Wurst, K\u00e4se\",\"url\":\"https:\\\/\\\/derpsairer.it\\\/it\\\/\",\"logo\":{\"@type\":\"ImageObject\",\"inLanguage\":\"it-IT\",\"@id\":\"https:\\\/\\\/derpsairer.it\\\/it\\\/#\\\/schema\\\/logo\\\/image\\\/\",\"url\":\"https:\\\/\\\/derpsairer.it\\\/wp-22\\\/wp-content\\\/uploads\\\/2020\\\/03\\\/DER-PSAIRER-LOGO-2x.png\",\"contentUrl\":\"https:\\\/\\\/derpsairer.it\\\/wp-22\\\/wp-content\\\/uploads\\\/2020\\\/03\\\/DER-PSAIRER-LOGO-2x.png\",\"width\":500,\"height\":500,\"caption\":\"Der Psairer - Speck, Wurst, K\u00e4se\"},\"image\":{\"@id\":\"https:\\\/\\\/derpsairer.it\\\/it\\\/#\\\/schema\\\/logo\\\/image\\\/\"},\"sameAs\":[\"https:\\\/\\\/www.facebook.com\\\/profile.php?id=100063648246860\"]}]}<\/script>\n<!-- \/ Yoast SEO plugin. -->","yoast_head_json":{"title":"Festival del Pinot Bianco \u2013 Vivace & fresco dall'Alto Adige - Der Psairer - Speck, Wurst, K\u00e4se","description":"Weissburgunder Festival Alto Adige DOC. Vino bianco fresco e vivace della Cantina Merano con note di mela e agrumi, acidit\u00e0 fine e finale elegante.","robots":{"index":"index","follow":"follow","max-snippet":"max-snippet:-1","max-image-preview":"max-image-preview:large","max-video-preview":"max-video-preview:-1"},"canonical":"https:\/\/derpsairer.it\/it\/produkt\/festival-del-pinot-bianco\/","og_locale":"it_IT","og_type":"article","og_title":"Festival del Pinot Bianco \u2013 Vivace & fresco dall'Alto Adige - Der Psairer - Speck, Wurst, K\u00e4se","og_description":"Weissburgunder Festival Alto Adige DOC. Vino bianco fresco e vivace della Cantina Merano con note di mela e agrumi, acidit\u00e0 fine e finale elegante.","og_url":"https:\/\/derpsairer.it\/it\/produkt\/festival-del-pinot-bianco\/","og_site_name":"Der Psairer - Speck, Wurst, K\u00e4se","article_publisher":"https:\/\/www.facebook.com\/profile.php?id=100063648246860","article_modified_time":"2026-01-09T11:04:32+00:00","og_image":[{"width":800,"height":800,"url":"https:\/\/derpsairer.it\/wp-22\/wp-content\/uploads\/2021\/08\/Weissburgunder-Festival.jpg","type":"image\/jpeg"}],"twitter_misc":{"Tempo di lettura stimato":"1 minute"},"schema":{"@context":"https:\/\/schema.org","@graph":[{"@type":"WebPage","@id":"https:\/\/derpsairer.it\/it\/produkt\/festival-del-pinot-bianco\/","url":"https:\/\/derpsairer.it\/it\/produkt\/festival-del-pinot-bianco\/","name":"Festival del Pinot Bianco \u2013 Vivace & fresco dall'Alto Adige - Der Psairer - Speck, Wurst, K\u00e4se","isPartOf":{"@id":"https:\/\/derpsairer.it\/it\/#website"},"primaryImageOfPage":{"@id":"https:\/\/derpsairer.it\/it\/produkt\/festival-del-pinot-bianco\/#primaryimage"},"image":{"@id":"https:\/\/derpsairer.it\/it\/produkt\/festival-del-pinot-bianco\/#primaryimage"},"thumbnailUrl":"https:\/\/derpsairer.it\/wp-22\/wp-content\/uploads\/2021\/08\/Weissburgunder-Festival.jpg","datePublished":"2021-08-31T08:53:11+00:00","dateModified":"2026-01-09T11:04:32+00:00","description":"Weissburgunder Festival Alto Adige DOC. Vino bianco fresco e vivace della Cantina Merano con note di mela e agrumi, acidit\u00e0 fine e finale elegante.","breadcrumb":{"@id":"https:\/\/derpsairer.it\/it\/produkt\/festival-del-pinot-bianco\/#breadcrumb"},"inLanguage":"it-IT","potentialAction":[{"@type":"ReadAction","target":["https:\/\/derpsairer.it\/it\/produkt\/festival-del-pinot-bianco\/"]}]},{"@type":"ImageObject","inLanguage":"it-IT","@id":"https:\/\/derpsairer.it\/it\/produkt\/festival-del-pinot-bianco\/#primaryimage","url":"https:\/\/derpsairer.it\/wp-22\/wp-content\/uploads\/2021\/08\/Weissburgunder-Festival.jpg","contentUrl":"https:\/\/derpsairer.it\/wp-22\/wp-content\/uploads\/2021\/08\/Weissburgunder-Festival.jpg","width":800,"height":800},{"@type":"BreadcrumbList","@id":"https:\/\/derpsairer.it\/it\/produkt\/festival-del-pinot-bianco\/#breadcrumb","itemListElement":[{"@type":"ListItem","position":1,"name":"Home","item":"https:\/\/derpsairer.it\/it\/il-negozio-di-speck-der-psairer\/"},{"@type":"ListItem","position":2,"name":"Shop","item":"https:\/\/derpsairer.it\/shop\/"},{"@type":"ListItem","position":3,"name":"Weissburgunder Festival \u2013 classico altoatesino fresco ed elegante"}]},{"@type":"WebSite","@id":"https:\/\/derpsairer.it\/it\/#website","url":"https:\/\/derpsairer.it\/it\/","name":"Der Psairer - Speck, Wurst, K\u00e4se","description":"Speck, Wurst und K\u00e4s aus Passeiertal in S\u00fcdtirol online bestellen.","publisher":{"@id":"https:\/\/derpsairer.it\/it\/#organization"},"potentialAction":[{"@type":"SearchAction","target":{"@type":"EntryPoint","urlTemplate":"https:\/\/derpsairer.it\/it\/?s={search_term_string}"},"query-input":{"@type":"PropertyValueSpecification","valueRequired":true,"valueName":"search_term_string"}}],"inLanguage":"it-IT"},{"@type":"Organization","@id":"https:\/\/derpsairer.it\/it\/#organization","name":"Der Psairer - Speck, Wurst, K\u00e4se","url":"https:\/\/derpsairer.it\/it\/","logo":{"@type":"ImageObject","inLanguage":"it-IT","@id":"https:\/\/derpsairer.it\/it\/#\/schema\/logo\/image\/","url":"https:\/\/derpsairer.it\/wp-22\/wp-content\/uploads\/2020\/03\/DER-PSAIRER-LOGO-2x.png","contentUrl":"https:\/\/derpsairer.it\/wp-22\/wp-content\/uploads\/2020\/03\/DER-PSAIRER-LOGO-2x.png","width":500,"height":500,"caption":"Der Psairer - Speck, Wurst, K\u00e4se"},"image":{"@id":"https:\/\/derpsairer.it\/it\/#\/schema\/logo\/image\/"},"sameAs":["https:\/\/www.facebook.com\/profile.php?id=100063648246860"]}]}},"_links":{"self":[{"href":"https:\/\/derpsairer.it\/it\/wp-json\/wp\/v2\/product\/5172","targetHints":{"allow":["GET"]}}],"collection":[{"href":"https:\/\/derpsairer.it\/it\/wp-json\/wp\/v2\/product"}],"about":[{"href":"https:\/\/derpsairer.it\/it\/wp-json\/wp\/v2\/types\/product"}],"wp:featuredmedia":[{"embeddable":true,"href":"https:\/\/derpsairer.it\/it\/wp-json\/wp\/v2\/media\/5173"}],"wp:attachment":[{"href":"https:\/\/derpsairer.it\/it\/wp-json\/wp\/v2\/media?parent=5172"}],"wp:term":[{"taxonomy":"product_brand","embeddable":true,"href":"https:\/\/derpsairer.it\/it\/wp-json\/wp\/v2\/product_brand?post=5172"},{"taxonomy":"product_cat","embeddable":true,"href":"https:\/\/derpsairer.it\/it\/wp-json\/wp\/v2\/product_cat?post=5172"},{"taxonomy":"product_tag","embeddable":true,"href":"https:\/\/derpsairer.it\/it\/wp-json\/wp\/v2\/product_tag?post=5172"}],"curies":[{"name":"wp","href":"https:\/\/api.w.org\/{rel}","templated":true}]}}