{"id":5185,"date":"2021-08-31T10:57:21","date_gmt":"2021-08-31T08:57:21","guid":{"rendered":"https:\/\/derpsairer.it\/produkt\/festival-del-gewuerztraminer\/"},"modified":"2026-01-09T11:45:23","modified_gmt":"2026-01-09T10:45:23","slug":"festival-del-gewuerztraminer","status":"publish","type":"product","link":"https:\/\/derpsairer.it\/it\/produkt\/festival-del-gewuerztraminer\/","title":{"rendered":"Gew\u00fcrztraminer Festival \u2013 aromatico vino bianco altoatesino ricco di finezza"},"content":{"rendered":"<p data-start=\"100\" data-end=\"438\">Con il Gew\u00fcrztraminer &#8220;Festival&#8221;, la <span class=\"hover:entity-accent entity-underline inline cursor-pointer align-baseline\"><span class=\"whitespace-normal\">Cantina Merano<\/span><\/span> invita a una vera festa di aromi. Questa variet\u00e0 autoctona di vino bianco dell&#8217;Alto Adige sviluppa tutto il suo potenziale aromatico nel territorio meranese e si presenta come un vino espressivo, elegante e al contempo invitante. <\/p>\n<p data-start=\"440\" data-end=\"1025\">Nel bicchiere, il Gew\u00fcrztraminer Festival si presenta in un vivace giallo paglierino con delicati riflessi verdognoli. L&#8217;intenso gioco di profumi spazia dai fiori di rosa agli agrumi, fino alle note speziate e calde di noce moscata. Al palato, freschezza e pienezza, eleganza e calore si fondono in un quadro armonioso con un finale lungo e aromatico. La vinificazione delicata in serbatoi di acciaio inox e l&#8217;affinamento di cinque mesi sui lieviti fini preservano la tipicit\u00e0 varietale e conferiscono al vino profondit\u00e0 ed equilibrio. Un vino bianco carismatico, ideale sia come aperitivo che con piatti speziati.    <\/p>\n<p data-start=\"1032\" data-end=\"1062\"><strong data-start=\"1032\" data-end=\"1045\">Cantina:<\/strong><br data-start=\"1045\" data-end=\"1048\">Cantina Merano<\/p>\n<p data-start=\"1064\" data-end=\"1094\"><strong data-start=\"1064\" data-end=\"1077\">Vitigno:<\/strong><br data-start=\"1077\" data-end=\"1080\">Gew\u00fcrztraminer<\/p>\n<p data-start=\"1096\" data-end=\"1230\"><strong data-start=\"1096\" data-end=\"1117\">Abbinamenti:<\/strong><br data-start=\"1117\" data-end=\"1120\">Aperitivo, piatti asiatici (curry thailandese, verdure saltate), crostacei, fritto misto, antipasti aromatici<\/p>\n<p data-start=\"1232\" data-end=\"1408\"><strong data-start=\"1232\" data-end=\"1243\">Vinificazione:<\/strong><br data-start=\"1243\" data-end=\"1246\">Macerazione a freddo nel torchio (ca. 12 ore)<br data-start=\"1298\" data-end=\"1301\">Fermentazione alcolica a temperatura controllata in serbatoi di acciaio inox<br data-start=\"1367\" data-end=\"1370\">Affinamento sui lieviti fini per 5 mesi<\/p>\n<p data-start=\"1410\" data-end=\"1445\"><strong data-start=\"1410\" data-end=\"1432\">Temperatura di servizio:<\/strong><br data-start=\"1432\" data-end=\"1435\">10 \u2013 12 \u00b0C<\/p>\n<p data-start=\"1447\" data-end=\"1474\"><strong data-start=\"1447\" data-end=\"1465\">Gradazione alcolica:<\/strong><br data-start=\"1465\" data-end=\"1468\">13,5 %<\/p>\n<p data-start=\"1476\" data-end=\"1496\"><strong data-start=\"1476\" data-end=\"1487\">Contenuto:<\/strong><br data-start=\"1487\" data-end=\"1490\">0,75 l<\/p>\n<p data-start=\"1498\" data-end=\"1609\"><strong data-start=\"1498\" data-end=\"1511\">Provenienza:<\/strong><br data-start=\"1511\" data-end=\"1514\">Alto Adige DOC<br data-start=\"1526\" data-end=\"1529\">Zona di coltivazione: Lagundo, Tirolo, Lana, Marlengo, Scena<br data-start=\"1584\" data-end=\"1587\">Altitudine: 400 \u2013 500 m<\/p>\n<p data-start=\"1611\" data-end=\"1627\"><strong>Contiene solfiti.<\/strong><\/p>\n","protected":false},"excerpt":{"rendered":"<ul>\n<li data-start=\"663\" data-end=\"711\">Vino bianco aromatico con note di rosa e noce moscata<\/li>\n<li data-start=\"714\" data-end=\"752\">Affinato cinque mesi in vasche d&#8217;acciaio inox<\/li>\n<li data-start=\"755\" data-end=\"788\">Elegante, caldo e fresco allo stesso tempo<\/li>\n<li data-start=\"791\" data-end=\"830\">Ideale con curry, piatti wok e pesce<\/li>\n<li data-start=\"833\" data-end=\"867\">Classico altoatesino con finezza<\/li>\n<\/ul>\n","protected":false},"featured_media":5618,"template":"","meta":[],"product_brand":[],"product_cat":[188],"product_tag":[2485,3279,308,2033,2586,2490,3320,3043,2564,2670,2684],"class_list":{"0":"post-5185","1":"product","2":"type-product","3":"status-publish","4":"has-post-thumbnail","6":"product_cat-vino-distillati","7":"product_tag-agrumi","8":"product_tag-alto-adige-doc","9":"product_tag-aperitivo","10":"product_tag-aromatico","11":"product_tag-cantina-merano","12":"product_tag-elegante","13":"product_tag-gewuerztraminer-festival","14":"product_tag-lievito-fine","15":"product_tag-morbido","16":"product_tag-moscato","17":"product_tag-rose-2","19":"first","20":"instock","21":"shipping-taxable","22":"purchasable","23":"product-type-simple"},"yoast_head":"<!-- This site is optimized with the Yoast SEO plugin v27.4 - https:\/\/yoast.com\/product\/yoast-seo-wordpress\/ -->\n<title>Festival del Gew\u00fcrztraminer \u2013 Aromatico ed elegante dall&#039;Alto Adige - Der Psairer - Speck, Wurst, K\u00e4se<\/title>\n<meta name=\"description\" content=\"Festival del Gew\u00fcrztraminer \u2013 intenso gioco di profumi di rosa, agrumi e noce moscata. Elegante e corposo, perfetto con piatti speziati.\" \/>\n<meta name=\"robots\" content=\"index, follow, max-snippet:-1, max-image-preview:large, max-video-preview:-1\" \/>\n<link rel=\"canonical\" href=\"https:\/\/derpsairer.it\/it\/produkt\/festival-del-gewuerztraminer\/\" \/>\n<meta property=\"og:locale\" content=\"it_IT\" \/>\n<meta property=\"og:type\" content=\"article\" \/>\n<meta property=\"og:title\" content=\"Festival del Gew\u00fcrztraminer \u2013 Aromatico ed elegante dall&#039;Alto Adige - Der Psairer - Speck, Wurst, K\u00e4se\" \/>\n<meta property=\"og:description\" content=\"Festival del Gew\u00fcrztraminer \u2013 intenso gioco di profumi di rosa, agrumi e noce moscata. Elegante e corposo, perfetto con piatti speziati.\" \/>\n<meta property=\"og:url\" content=\"https:\/\/derpsairer.it\/it\/produkt\/festival-del-gewuerztraminer\/\" \/>\n<meta property=\"og:site_name\" content=\"Der Psairer - Speck, Wurst, K\u00e4se\" \/>\n<meta property=\"article:publisher\" content=\"https:\/\/www.facebook.com\/profile.php?id=100063648246860\" \/>\n<meta property=\"article:modified_time\" content=\"2026-01-09T10:45:23+00:00\" \/>\n<meta property=\"og:image\" content=\"https:\/\/derpsairer.it\/wp-22\/wp-content\/uploads\/2021\/08\/Gewuerztraminer-Festival-Meran.jpg\" \/>\n\t<meta property=\"og:image:width\" content=\"800\" \/>\n\t<meta property=\"og:image:height\" content=\"800\" \/>\n\t<meta property=\"og:image:type\" content=\"image\/jpeg\" \/>\n<meta name=\"twitter:label1\" content=\"Tempo di lettura stimato\" \/>\n\t<meta name=\"twitter:data1\" content=\"1 minute\" \/>\n<script type=\"application\/ld+json\" class=\"yoast-schema-graph\">{\"@context\":\"https:\\\/\\\/schema.org\",\"@graph\":[{\"@type\":\"WebPage\",\"@id\":\"https:\\\/\\\/derpsairer.it\\\/it\\\/produkt\\\/festival-del-gewuerztraminer\\\/\",\"url\":\"https:\\\/\\\/derpsairer.it\\\/it\\\/produkt\\\/festival-del-gewuerztraminer\\\/\",\"name\":\"Festival del Gew\u00fcrztraminer \u2013 Aromatico ed elegante dall'Alto Adige - Der Psairer - Speck, Wurst, K\u00e4se\",\"isPartOf\":{\"@id\":\"https:\\\/\\\/derpsairer.it\\\/it\\\/#website\"},\"primaryImageOfPage\":{\"@id\":\"https:\\\/\\\/derpsairer.it\\\/it\\\/produkt\\\/festival-del-gewuerztraminer\\\/#primaryimage\"},\"image\":{\"@id\":\"https:\\\/\\\/derpsairer.it\\\/it\\\/produkt\\\/festival-del-gewuerztraminer\\\/#primaryimage\"},\"thumbnailUrl\":\"https:\\\/\\\/derpsairer.it\\\/wp-22\\\/wp-content\\\/uploads\\\/2021\\\/08\\\/Gewuerztraminer-Festival-Meran.jpg\",\"datePublished\":\"2021-08-31T08:57:21+00:00\",\"dateModified\":\"2026-01-09T10:45:23+00:00\",\"description\":\"Festival del Gew\u00fcrztraminer \u2013 intenso gioco di profumi di rosa, agrumi e noce moscata. Elegante e corposo, perfetto con piatti speziati.\",\"breadcrumb\":{\"@id\":\"https:\\\/\\\/derpsairer.it\\\/it\\\/produkt\\\/festival-del-gewuerztraminer\\\/#breadcrumb\"},\"inLanguage\":\"it-IT\",\"potentialAction\":[{\"@type\":\"ReadAction\",\"target\":[\"https:\\\/\\\/derpsairer.it\\\/it\\\/produkt\\\/festival-del-gewuerztraminer\\\/\"]}]},{\"@type\":\"ImageObject\",\"inLanguage\":\"it-IT\",\"@id\":\"https:\\\/\\\/derpsairer.it\\\/it\\\/produkt\\\/festival-del-gewuerztraminer\\\/#primaryimage\",\"url\":\"https:\\\/\\\/derpsairer.it\\\/wp-22\\\/wp-content\\\/uploads\\\/2021\\\/08\\\/Gewuerztraminer-Festival-Meran.jpg\",\"contentUrl\":\"https:\\\/\\\/derpsairer.it\\\/wp-22\\\/wp-content\\\/uploads\\\/2021\\\/08\\\/Gewuerztraminer-Festival-Meran.jpg\",\"width\":800,\"height\":800},{\"@type\":\"BreadcrumbList\",\"@id\":\"https:\\\/\\\/derpsairer.it\\\/it\\\/produkt\\\/festival-del-gewuerztraminer\\\/#breadcrumb\",\"itemListElement\":[{\"@type\":\"ListItem\",\"position\":1,\"name\":\"Home\",\"item\":\"https:\\\/\\\/derpsairer.it\\\/it\\\/il-negozio-di-speck-der-psairer\\\/\"},{\"@type\":\"ListItem\",\"position\":2,\"name\":\"Shop\",\"item\":\"https:\\\/\\\/derpsairer.it\\\/shop\\\/\"},{\"@type\":\"ListItem\",\"position\":3,\"name\":\"Gew\u00fcrztraminer Festival \u2013 aromatico vino bianco altoatesino ricco di finezza\"}]},{\"@type\":\"WebSite\",\"@id\":\"https:\\\/\\\/derpsairer.it\\\/it\\\/#website\",\"url\":\"https:\\\/\\\/derpsairer.it\\\/it\\\/\",\"name\":\"Der Psairer - Speck, Wurst, K\u00e4se\",\"description\":\"Speck, Wurst und K\u00e4s aus Passeiertal in S\u00fcdtirol online bestellen.\",\"publisher\":{\"@id\":\"https:\\\/\\\/derpsairer.it\\\/it\\\/#organization\"},\"potentialAction\":[{\"@type\":\"SearchAction\",\"target\":{\"@type\":\"EntryPoint\",\"urlTemplate\":\"https:\\\/\\\/derpsairer.it\\\/it\\\/?s={search_term_string}\"},\"query-input\":{\"@type\":\"PropertyValueSpecification\",\"valueRequired\":true,\"valueName\":\"search_term_string\"}}],\"inLanguage\":\"it-IT\"},{\"@type\":\"Organization\",\"@id\":\"https:\\\/\\\/derpsairer.it\\\/it\\\/#organization\",\"name\":\"Der Psairer - Speck, Wurst, K\u00e4se\",\"url\":\"https:\\\/\\\/derpsairer.it\\\/it\\\/\",\"logo\":{\"@type\":\"ImageObject\",\"inLanguage\":\"it-IT\",\"@id\":\"https:\\\/\\\/derpsairer.it\\\/it\\\/#\\\/schema\\\/logo\\\/image\\\/\",\"url\":\"https:\\\/\\\/derpsairer.it\\\/wp-22\\\/wp-content\\\/uploads\\\/2020\\\/03\\\/DER-PSAIRER-LOGO-2x.png\",\"contentUrl\":\"https:\\\/\\\/derpsairer.it\\\/wp-22\\\/wp-content\\\/uploads\\\/2020\\\/03\\\/DER-PSAIRER-LOGO-2x.png\",\"width\":500,\"height\":500,\"caption\":\"Der Psairer - Speck, Wurst, K\u00e4se\"},\"image\":{\"@id\":\"https:\\\/\\\/derpsairer.it\\\/it\\\/#\\\/schema\\\/logo\\\/image\\\/\"},\"sameAs\":[\"https:\\\/\\\/www.facebook.com\\\/profile.php?id=100063648246860\"]}]}<\/script>\n<!-- \/ Yoast SEO plugin. -->","yoast_head_json":{"title":"Festival del Gew\u00fcrztraminer \u2013 Aromatico ed elegante dall'Alto Adige - Der Psairer - Speck, Wurst, K\u00e4se","description":"Festival del Gew\u00fcrztraminer \u2013 intenso gioco di profumi di rosa, agrumi e noce moscata. Elegante e corposo, perfetto con piatti speziati.","robots":{"index":"index","follow":"follow","max-snippet":"max-snippet:-1","max-image-preview":"max-image-preview:large","max-video-preview":"max-video-preview:-1"},"canonical":"https:\/\/derpsairer.it\/it\/produkt\/festival-del-gewuerztraminer\/","og_locale":"it_IT","og_type":"article","og_title":"Festival del Gew\u00fcrztraminer \u2013 Aromatico ed elegante dall'Alto Adige - Der Psairer - Speck, Wurst, K\u00e4se","og_description":"Festival del Gew\u00fcrztraminer \u2013 intenso gioco di profumi di rosa, agrumi e noce moscata. Elegante e corposo, perfetto con piatti speziati.","og_url":"https:\/\/derpsairer.it\/it\/produkt\/festival-del-gewuerztraminer\/","og_site_name":"Der Psairer - Speck, Wurst, K\u00e4se","article_publisher":"https:\/\/www.facebook.com\/profile.php?id=100063648246860","article_modified_time":"2026-01-09T10:45:23+00:00","og_image":[{"width":800,"height":800,"url":"https:\/\/derpsairer.it\/wp-22\/wp-content\/uploads\/2021\/08\/Gewuerztraminer-Festival-Meran.jpg","type":"image\/jpeg"}],"twitter_misc":{"Tempo di lettura stimato":"1 minute"},"schema":{"@context":"https:\/\/schema.org","@graph":[{"@type":"WebPage","@id":"https:\/\/derpsairer.it\/it\/produkt\/festival-del-gewuerztraminer\/","url":"https:\/\/derpsairer.it\/it\/produkt\/festival-del-gewuerztraminer\/","name":"Festival del Gew\u00fcrztraminer \u2013 Aromatico ed elegante dall'Alto Adige - Der Psairer - Speck, Wurst, K\u00e4se","isPartOf":{"@id":"https:\/\/derpsairer.it\/it\/#website"},"primaryImageOfPage":{"@id":"https:\/\/derpsairer.it\/it\/produkt\/festival-del-gewuerztraminer\/#primaryimage"},"image":{"@id":"https:\/\/derpsairer.it\/it\/produkt\/festival-del-gewuerztraminer\/#primaryimage"},"thumbnailUrl":"https:\/\/derpsairer.it\/wp-22\/wp-content\/uploads\/2021\/08\/Gewuerztraminer-Festival-Meran.jpg","datePublished":"2021-08-31T08:57:21+00:00","dateModified":"2026-01-09T10:45:23+00:00","description":"Festival del Gew\u00fcrztraminer \u2013 intenso gioco di profumi di rosa, agrumi e noce moscata. Elegante e corposo, perfetto con piatti speziati.","breadcrumb":{"@id":"https:\/\/derpsairer.it\/it\/produkt\/festival-del-gewuerztraminer\/#breadcrumb"},"inLanguage":"it-IT","potentialAction":[{"@type":"ReadAction","target":["https:\/\/derpsairer.it\/it\/produkt\/festival-del-gewuerztraminer\/"]}]},{"@type":"ImageObject","inLanguage":"it-IT","@id":"https:\/\/derpsairer.it\/it\/produkt\/festival-del-gewuerztraminer\/#primaryimage","url":"https:\/\/derpsairer.it\/wp-22\/wp-content\/uploads\/2021\/08\/Gewuerztraminer-Festival-Meran.jpg","contentUrl":"https:\/\/derpsairer.it\/wp-22\/wp-content\/uploads\/2021\/08\/Gewuerztraminer-Festival-Meran.jpg","width":800,"height":800},{"@type":"BreadcrumbList","@id":"https:\/\/derpsairer.it\/it\/produkt\/festival-del-gewuerztraminer\/#breadcrumb","itemListElement":[{"@type":"ListItem","position":1,"name":"Home","item":"https:\/\/derpsairer.it\/it\/il-negozio-di-speck-der-psairer\/"},{"@type":"ListItem","position":2,"name":"Shop","item":"https:\/\/derpsairer.it\/shop\/"},{"@type":"ListItem","position":3,"name":"Gew\u00fcrztraminer Festival \u2013 aromatico vino bianco altoatesino ricco di finezza"}]},{"@type":"WebSite","@id":"https:\/\/derpsairer.it\/it\/#website","url":"https:\/\/derpsairer.it\/it\/","name":"Der Psairer - Speck, Wurst, K\u00e4se","description":"Speck, Wurst und K\u00e4s aus Passeiertal in S\u00fcdtirol online bestellen.","publisher":{"@id":"https:\/\/derpsairer.it\/it\/#organization"},"potentialAction":[{"@type":"SearchAction","target":{"@type":"EntryPoint","urlTemplate":"https:\/\/derpsairer.it\/it\/?s={search_term_string}"},"query-input":{"@type":"PropertyValueSpecification","valueRequired":true,"valueName":"search_term_string"}}],"inLanguage":"it-IT"},{"@type":"Organization","@id":"https:\/\/derpsairer.it\/it\/#organization","name":"Der Psairer - Speck, Wurst, K\u00e4se","url":"https:\/\/derpsairer.it\/it\/","logo":{"@type":"ImageObject","inLanguage":"it-IT","@id":"https:\/\/derpsairer.it\/it\/#\/schema\/logo\/image\/","url":"https:\/\/derpsairer.it\/wp-22\/wp-content\/uploads\/2020\/03\/DER-PSAIRER-LOGO-2x.png","contentUrl":"https:\/\/derpsairer.it\/wp-22\/wp-content\/uploads\/2020\/03\/DER-PSAIRER-LOGO-2x.png","width":500,"height":500,"caption":"Der Psairer - Speck, Wurst, K\u00e4se"},"image":{"@id":"https:\/\/derpsairer.it\/it\/#\/schema\/logo\/image\/"},"sameAs":["https:\/\/www.facebook.com\/profile.php?id=100063648246860"]}]}},"_links":{"self":[{"href":"https:\/\/derpsairer.it\/it\/wp-json\/wp\/v2\/product\/5185","targetHints":{"allow":["GET"]}}],"collection":[{"href":"https:\/\/derpsairer.it\/it\/wp-json\/wp\/v2\/product"}],"about":[{"href":"https:\/\/derpsairer.it\/it\/wp-json\/wp\/v2\/types\/product"}],"wp:featuredmedia":[{"embeddable":true,"href":"https:\/\/derpsairer.it\/it\/wp-json\/wp\/v2\/media\/5618"}],"wp:attachment":[{"href":"https:\/\/derpsairer.it\/it\/wp-json\/wp\/v2\/media?parent=5185"}],"wp:term":[{"taxonomy":"product_brand","embeddable":true,"href":"https:\/\/derpsairer.it\/it\/wp-json\/wp\/v2\/product_brand?post=5185"},{"taxonomy":"product_cat","embeddable":true,"href":"https:\/\/derpsairer.it\/it\/wp-json\/wp\/v2\/product_cat?post=5185"},{"taxonomy":"product_tag","embeddable":true,"href":"https:\/\/derpsairer.it\/it\/wp-json\/wp\/v2\/product_tag?post=5185"}],"curies":[{"name":"wp","href":"https:\/\/api.w.org\/{rel}","templated":true}]}}