{"id":5191,"date":"2021-07-09T11:09:13","date_gmt":"2021-07-09T09:09:13","guid":{"rendered":"https:\/\/derpsairer.it\/produkt\/formaggio-al-fieno-della-val-passiria\/"},"modified":"2025-11-06T08:55:41","modified_gmt":"2025-11-06T07:55:41","slug":"formaggio-al-fieno-della-val-passiria","status":"publish","type":"product","link":"https:\/\/derpsairer.it\/it\/produkt\/formaggio-al-fieno-della-val-passiria\/","title":{"rendered":"Formaggio al fieno della Val Passiria"},"content":{"rendered":"[vc_row type=&#8221;in_container&#8221; full_screen_row_position=&#8221;middle&#8221; column_margin=&#8221;default&#8221; column_direction=&#8221;default&#8221; column_direction_tablet=&#8221;default&#8221; column_direction_phone=&#8221;default&#8221; scene_position=&#8221;center&#8221; text_color=&#8221;dark&#8221; text_align=&#8221;left&#8221; row_border_radius=&#8221;none&#8221; row_border_radius_applies=&#8221;bg&#8221; overflow=&#8221;visible&#8221; overlay_strength=&#8221;0.3&#8243; gradient_direction=&#8221;left_to_right&#8221; shape_divider_position=&#8221;bottom&#8221; bg_image_animation=&#8221;none&#8221;][vc_column column_padding=&#8221;no-extra-padding&#8221; column_padding_tablet=&#8221;inherit&#8221; column_padding_phone=&#8221;inherit&#8221; column_padding_position=&#8221;all&#8221; column_element_direction_desktop=&#8221;default&#8221; column_element_spacing=&#8221;default&#8221; desktop_text_alignment=&#8221;default&#8221; tablet_text_alignment=&#8221;default&#8221; phone_text_alignment=&#8221;default&#8221; background_color_opacity=&#8221;1&#8243; background_hover_color_opacity=&#8221;1&#8243; column_backdrop_filter=&#8221;none&#8221; column_shadow=&#8221;none&#8221; column_border_radius=&#8221;none&#8221; column_link_target=&#8221;_self&#8221; column_position=&#8221;default&#8221; gradient_direction=&#8221;left_to_right&#8221; overlay_strength=&#8221;0.3&#8243; width=&#8221;1\/1&#8243; tablet_width_inherit=&#8221;default&#8221; animation_type=&#8221;default&#8221; bg_image_animation=&#8221;none&#8221; border_type=&#8221;simple&#8221; column_border_width=&#8221;none&#8221; column_border_style=&#8221;solid&#8221;][vc_column_text css=&#8221;&#8221; text_direction=&#8221;default&#8221;]\n<p data-start=\"1978\" data-end=\"2191\">Il <strong data-start=\"1982\" data-end=\"2001\">formaggio al fieno della Val Passiria<\/strong> \u00e8 prodotto con <strong data-start=\"2011\" data-end=\"2051\">fiori di fieno e latte biologico di alta qualit\u00e0<\/strong>.<br data-start=\"2064\" data-end=\"2067\">Ha una <strong data-start=\"2084\" data-end=\"2134\">pasta giallo chiaro e morbida con un morso delicato<\/strong> e convince con il suo <strong data-start=\"2160\" data-end=\"2188\">aroma speziato e naturale<\/strong>.<\/p>\n<p data-start=\"2193\" data-end=\"2299\">Un formaggio autentico con un vero carattere, perfetto per <strong data-start=\"2251\" data-end=\"2296\">taglieri di formaggi, insalate o merende sostanziose<\/strong>.<\/p>\n<p>Disponibile in porzioni da:<\/p>\n<ul>\n<li>1 pezzo da ca. 500 gr.<\/li>\n<li>Prezzo 29,90 \u20ac\/kg<\/li>\n<\/ul>\n[\/vc_column_text][\/vc_column][\/vc_row]\n","protected":false},"excerpt":{"rendered":"<ul>\n<li data-start=\"2346\" data-end=\"2373\">Con fiori di fieno e latte biologico<\/li>\n<li data-start=\"2376\" data-end=\"2408\">Pasta liscia, di colore giallo chiaro<\/li>\n<li data-start=\"2411\" data-end=\"2444\">Saporito e naturale nel gusto<\/li>\n<li data-start=\"2447\" data-end=\"2480\">Morsicatura fine e profumo aromatico<\/li>\n<li data-start=\"2483\" data-end=\"2512\">Tipica specialit\u00e0 della Val Passiria<\/li>\n<\/ul>\n","protected":false},"featured_media":5535,"template":"","meta":[],"product_brand":[],"product_cat":[162],"product_tag":[2033,378,2192,1625,2137,1679,2018,2002],"class_list":{"0":"post-5191","1":"product","2":"type-product","3":"status-publish","4":"has-post-thumbnail","6":"product_cat-formaggio","7":"product_tag-aromatico","8":"product_tag-formaggio-altoatesino","9":"product_tag-insalata","10":"product_tag-per-pane","11":"product_tag-regionale","12":"product_tag-saporito","13":"product_tag-tagliere-di-formaggi","14":"product_tag-val-passiria","15":"product_shipping_class-fino-a-2-kg","17":"first","18":"instock","19":"shipping-taxable","20":"purchasable","21":"product-type-simple"},"yoast_head":"<!-- This site is optimized with the Yoast SEO plugin v27.4 - https:\/\/yoast.com\/product\/yoast-seo-wordpress\/ -->\n<title>Formaggio al fieno della Val Passiria \u2013 Saporito e aromatico da latte biologico - Der Psairer - Speck, Wurst, K\u00e4se<\/title>\n<meta name=\"description\" content=\"Formaggio al fieno della Val Passiria \u2013 da fiori di fieno e latte biologico. Formaggio giallo chiaro e morbido con aroma saporito e morso delicato. Naturale e regionale.\" \/>\n<meta name=\"robots\" content=\"index, follow, max-snippet:-1, max-image-preview:large, max-video-preview:-1\" \/>\n<link rel=\"canonical\" href=\"https:\/\/derpsairer.it\/it\/produkt\/formaggio-al-fieno-della-val-passiria\/\" \/>\n<meta property=\"og:locale\" content=\"it_IT\" \/>\n<meta property=\"og:type\" content=\"article\" \/>\n<meta property=\"og:title\" content=\"Formaggio al fieno della Val Passiria \u2013 Saporito e aromatico da latte biologico - Der Psairer - Speck, Wurst, K\u00e4se\" \/>\n<meta property=\"og:description\" content=\"Formaggio al fieno della Val Passiria \u2013 da fiori di fieno e latte biologico. Formaggio giallo chiaro e morbido con aroma saporito e morso delicato. Naturale e regionale.\" \/>\n<meta property=\"og:url\" content=\"https:\/\/derpsairer.it\/it\/produkt\/formaggio-al-fieno-della-val-passiria\/\" \/>\n<meta property=\"og:site_name\" content=\"Der Psairer - Speck, Wurst, K\u00e4se\" \/>\n<meta property=\"article:publisher\" content=\"https:\/\/www.facebook.com\/profile.php?id=100063648246860\" \/>\n<meta property=\"article:modified_time\" content=\"2025-11-06T07:55:41+00:00\" \/>\n<meta property=\"og:image\" content=\"https:\/\/derpsairer.it\/wp-22\/wp-content\/uploads\/2014\/07\/Pseirer_Heu-Pfefferkaese_Bio.jpg\" \/>\n\t<meta property=\"og:image:width\" content=\"972\" \/>\n\t<meta property=\"og:image:height\" content=\"474\" \/>\n\t<meta property=\"og:image:type\" content=\"image\/jpeg\" \/>\n<meta name=\"twitter:label1\" content=\"Tempo di lettura stimato\" \/>\n\t<meta name=\"twitter:data1\" content=\"1 minute\" \/>\n<script type=\"application\/ld+json\" class=\"yoast-schema-graph\">{\"@context\":\"https:\\\/\\\/schema.org\",\"@graph\":[{\"@type\":\"WebPage\",\"@id\":\"https:\\\/\\\/derpsairer.it\\\/it\\\/produkt\\\/formaggio-al-fieno-della-val-passiria\\\/\",\"url\":\"https:\\\/\\\/derpsairer.it\\\/it\\\/produkt\\\/formaggio-al-fieno-della-val-passiria\\\/\",\"name\":\"Formaggio al fieno della Val Passiria \u2013 Saporito e aromatico da latte biologico - Der Psairer - Speck, Wurst, K\u00e4se\",\"isPartOf\":{\"@id\":\"https:\\\/\\\/derpsairer.it\\\/it\\\/#website\"},\"primaryImageOfPage\":{\"@id\":\"https:\\\/\\\/derpsairer.it\\\/it\\\/produkt\\\/formaggio-al-fieno-della-val-passiria\\\/#primaryimage\"},\"image\":{\"@id\":\"https:\\\/\\\/derpsairer.it\\\/it\\\/produkt\\\/formaggio-al-fieno-della-val-passiria\\\/#primaryimage\"},\"thumbnailUrl\":\"https:\\\/\\\/derpsairer.it\\\/wp-22\\\/wp-content\\\/uploads\\\/2014\\\/07\\\/Pseirer_Heu-Pfefferkaese_Bio.jpg\",\"datePublished\":\"2021-07-09T09:09:13+00:00\",\"dateModified\":\"2025-11-06T07:55:41+00:00\",\"description\":\"Formaggio al fieno della Val Passiria \u2013 da fiori di fieno e latte biologico. Formaggio giallo chiaro e morbido con aroma saporito e morso delicato. Naturale e regionale.\",\"breadcrumb\":{\"@id\":\"https:\\\/\\\/derpsairer.it\\\/it\\\/produkt\\\/formaggio-al-fieno-della-val-passiria\\\/#breadcrumb\"},\"inLanguage\":\"it-IT\",\"potentialAction\":[{\"@type\":\"ReadAction\",\"target\":[\"https:\\\/\\\/derpsairer.it\\\/it\\\/produkt\\\/formaggio-al-fieno-della-val-passiria\\\/\"]}]},{\"@type\":\"ImageObject\",\"inLanguage\":\"it-IT\",\"@id\":\"https:\\\/\\\/derpsairer.it\\\/it\\\/produkt\\\/formaggio-al-fieno-della-val-passiria\\\/#primaryimage\",\"url\":\"https:\\\/\\\/derpsairer.it\\\/wp-22\\\/wp-content\\\/uploads\\\/2014\\\/07\\\/Pseirer_Heu-Pfefferkaese_Bio.jpg\",\"contentUrl\":\"https:\\\/\\\/derpsairer.it\\\/wp-22\\\/wp-content\\\/uploads\\\/2014\\\/07\\\/Pseirer_Heu-Pfefferkaese_Bio.jpg\",\"width\":972,\"height\":474},{\"@type\":\"BreadcrumbList\",\"@id\":\"https:\\\/\\\/derpsairer.it\\\/it\\\/produkt\\\/formaggio-al-fieno-della-val-passiria\\\/#breadcrumb\",\"itemListElement\":[{\"@type\":\"ListItem\",\"position\":1,\"name\":\"Home\",\"item\":\"https:\\\/\\\/derpsairer.it\\\/it\\\/il-negozio-di-speck-der-psairer\\\/\"},{\"@type\":\"ListItem\",\"position\":2,\"name\":\"Shop\",\"item\":\"https:\\\/\\\/derpsairer.it\\\/shop\\\/\"},{\"@type\":\"ListItem\",\"position\":3,\"name\":\"Formaggio al fieno della Val Passiria\"}]},{\"@type\":\"WebSite\",\"@id\":\"https:\\\/\\\/derpsairer.it\\\/it\\\/#website\",\"url\":\"https:\\\/\\\/derpsairer.it\\\/it\\\/\",\"name\":\"Der Psairer - Speck, Wurst, K\u00e4se\",\"description\":\"Speck, Wurst und K\u00e4s aus Passeiertal in S\u00fcdtirol online bestellen.\",\"publisher\":{\"@id\":\"https:\\\/\\\/derpsairer.it\\\/it\\\/#organization\"},\"potentialAction\":[{\"@type\":\"SearchAction\",\"target\":{\"@type\":\"EntryPoint\",\"urlTemplate\":\"https:\\\/\\\/derpsairer.it\\\/it\\\/?s={search_term_string}\"},\"query-input\":{\"@type\":\"PropertyValueSpecification\",\"valueRequired\":true,\"valueName\":\"search_term_string\"}}],\"inLanguage\":\"it-IT\"},{\"@type\":\"Organization\",\"@id\":\"https:\\\/\\\/derpsairer.it\\\/it\\\/#organization\",\"name\":\"Der Psairer - Speck, Wurst, K\u00e4se\",\"url\":\"https:\\\/\\\/derpsairer.it\\\/it\\\/\",\"logo\":{\"@type\":\"ImageObject\",\"inLanguage\":\"it-IT\",\"@id\":\"https:\\\/\\\/derpsairer.it\\\/it\\\/#\\\/schema\\\/logo\\\/image\\\/\",\"url\":\"https:\\\/\\\/derpsairer.it\\\/wp-22\\\/wp-content\\\/uploads\\\/2020\\\/03\\\/DER-PSAIRER-LOGO-2x.png\",\"contentUrl\":\"https:\\\/\\\/derpsairer.it\\\/wp-22\\\/wp-content\\\/uploads\\\/2020\\\/03\\\/DER-PSAIRER-LOGO-2x.png\",\"width\":500,\"height\":500,\"caption\":\"Der Psairer - Speck, Wurst, K\u00e4se\"},\"image\":{\"@id\":\"https:\\\/\\\/derpsairer.it\\\/it\\\/#\\\/schema\\\/logo\\\/image\\\/\"},\"sameAs\":[\"https:\\\/\\\/www.facebook.com\\\/profile.php?id=100063648246860\"]}]}<\/script>\n<!-- \/ Yoast SEO plugin. -->","yoast_head_json":{"title":"Formaggio al fieno della Val Passiria \u2013 Saporito e aromatico da latte biologico - Der Psairer - Speck, Wurst, K\u00e4se","description":"Formaggio al fieno della Val Passiria \u2013 da fiori di fieno e latte biologico. Formaggio giallo chiaro e morbido con aroma saporito e morso delicato. Naturale e regionale.","robots":{"index":"index","follow":"follow","max-snippet":"max-snippet:-1","max-image-preview":"max-image-preview:large","max-video-preview":"max-video-preview:-1"},"canonical":"https:\/\/derpsairer.it\/it\/produkt\/formaggio-al-fieno-della-val-passiria\/","og_locale":"it_IT","og_type":"article","og_title":"Formaggio al fieno della Val Passiria \u2013 Saporito e aromatico da latte biologico - Der Psairer - Speck, Wurst, K\u00e4se","og_description":"Formaggio al fieno della Val Passiria \u2013 da fiori di fieno e latte biologico. Formaggio giallo chiaro e morbido con aroma saporito e morso delicato. Naturale e regionale.","og_url":"https:\/\/derpsairer.it\/it\/produkt\/formaggio-al-fieno-della-val-passiria\/","og_site_name":"Der Psairer - Speck, Wurst, K\u00e4se","article_publisher":"https:\/\/www.facebook.com\/profile.php?id=100063648246860","article_modified_time":"2025-11-06T07:55:41+00:00","og_image":[{"width":972,"height":474,"url":"https:\/\/derpsairer.it\/wp-22\/wp-content\/uploads\/2014\/07\/Pseirer_Heu-Pfefferkaese_Bio.jpg","type":"image\/jpeg"}],"twitter_misc":{"Tempo di lettura stimato":"1 minute"},"schema":{"@context":"https:\/\/schema.org","@graph":[{"@type":"WebPage","@id":"https:\/\/derpsairer.it\/it\/produkt\/formaggio-al-fieno-della-val-passiria\/","url":"https:\/\/derpsairer.it\/it\/produkt\/formaggio-al-fieno-della-val-passiria\/","name":"Formaggio al fieno della Val Passiria \u2013 Saporito e aromatico da latte biologico - Der Psairer - Speck, Wurst, K\u00e4se","isPartOf":{"@id":"https:\/\/derpsairer.it\/it\/#website"},"primaryImageOfPage":{"@id":"https:\/\/derpsairer.it\/it\/produkt\/formaggio-al-fieno-della-val-passiria\/#primaryimage"},"image":{"@id":"https:\/\/derpsairer.it\/it\/produkt\/formaggio-al-fieno-della-val-passiria\/#primaryimage"},"thumbnailUrl":"https:\/\/derpsairer.it\/wp-22\/wp-content\/uploads\/2014\/07\/Pseirer_Heu-Pfefferkaese_Bio.jpg","datePublished":"2021-07-09T09:09:13+00:00","dateModified":"2025-11-06T07:55:41+00:00","description":"Formaggio al fieno della Val Passiria \u2013 da fiori di fieno e latte biologico. Formaggio giallo chiaro e morbido con aroma saporito e morso delicato. Naturale e regionale.","breadcrumb":{"@id":"https:\/\/derpsairer.it\/it\/produkt\/formaggio-al-fieno-della-val-passiria\/#breadcrumb"},"inLanguage":"it-IT","potentialAction":[{"@type":"ReadAction","target":["https:\/\/derpsairer.it\/it\/produkt\/formaggio-al-fieno-della-val-passiria\/"]}]},{"@type":"ImageObject","inLanguage":"it-IT","@id":"https:\/\/derpsairer.it\/it\/produkt\/formaggio-al-fieno-della-val-passiria\/#primaryimage","url":"https:\/\/derpsairer.it\/wp-22\/wp-content\/uploads\/2014\/07\/Pseirer_Heu-Pfefferkaese_Bio.jpg","contentUrl":"https:\/\/derpsairer.it\/wp-22\/wp-content\/uploads\/2014\/07\/Pseirer_Heu-Pfefferkaese_Bio.jpg","width":972,"height":474},{"@type":"BreadcrumbList","@id":"https:\/\/derpsairer.it\/it\/produkt\/formaggio-al-fieno-della-val-passiria\/#breadcrumb","itemListElement":[{"@type":"ListItem","position":1,"name":"Home","item":"https:\/\/derpsairer.it\/it\/il-negozio-di-speck-der-psairer\/"},{"@type":"ListItem","position":2,"name":"Shop","item":"https:\/\/derpsairer.it\/shop\/"},{"@type":"ListItem","position":3,"name":"Formaggio al fieno della Val Passiria"}]},{"@type":"WebSite","@id":"https:\/\/derpsairer.it\/it\/#website","url":"https:\/\/derpsairer.it\/it\/","name":"Der Psairer - Speck, Wurst, K\u00e4se","description":"Speck, Wurst und K\u00e4s aus Passeiertal in S\u00fcdtirol online bestellen.","publisher":{"@id":"https:\/\/derpsairer.it\/it\/#organization"},"potentialAction":[{"@type":"SearchAction","target":{"@type":"EntryPoint","urlTemplate":"https:\/\/derpsairer.it\/it\/?s={search_term_string}"},"query-input":{"@type":"PropertyValueSpecification","valueRequired":true,"valueName":"search_term_string"}}],"inLanguage":"it-IT"},{"@type":"Organization","@id":"https:\/\/derpsairer.it\/it\/#organization","name":"Der Psairer - Speck, Wurst, K\u00e4se","url":"https:\/\/derpsairer.it\/it\/","logo":{"@type":"ImageObject","inLanguage":"it-IT","@id":"https:\/\/derpsairer.it\/it\/#\/schema\/logo\/image\/","url":"https:\/\/derpsairer.it\/wp-22\/wp-content\/uploads\/2020\/03\/DER-PSAIRER-LOGO-2x.png","contentUrl":"https:\/\/derpsairer.it\/wp-22\/wp-content\/uploads\/2020\/03\/DER-PSAIRER-LOGO-2x.png","width":500,"height":500,"caption":"Der Psairer - Speck, Wurst, K\u00e4se"},"image":{"@id":"https:\/\/derpsairer.it\/it\/#\/schema\/logo\/image\/"},"sameAs":["https:\/\/www.facebook.com\/profile.php?id=100063648246860"]}]}},"_links":{"self":[{"href":"https:\/\/derpsairer.it\/it\/wp-json\/wp\/v2\/product\/5191","targetHints":{"allow":["GET"]}}],"collection":[{"href":"https:\/\/derpsairer.it\/it\/wp-json\/wp\/v2\/product"}],"about":[{"href":"https:\/\/derpsairer.it\/it\/wp-json\/wp\/v2\/types\/product"}],"wp:featuredmedia":[{"embeddable":true,"href":"https:\/\/derpsairer.it\/it\/wp-json\/wp\/v2\/media\/5535"}],"wp:attachment":[{"href":"https:\/\/derpsairer.it\/it\/wp-json\/wp\/v2\/media?parent=5191"}],"wp:term":[{"taxonomy":"product_brand","embeddable":true,"href":"https:\/\/derpsairer.it\/it\/wp-json\/wp\/v2\/product_brand?post=5191"},{"taxonomy":"product_cat","embeddable":true,"href":"https:\/\/derpsairer.it\/it\/wp-json\/wp\/v2\/product_cat?post=5191"},{"taxonomy":"product_tag","embeddable":true,"href":"https:\/\/derpsairer.it\/it\/wp-json\/wp\/v2\/product_tag?post=5191"}],"curies":[{"name":"wp","href":"https:\/\/api.w.org\/{rel}","templated":true}]}}