{"id":5197,"date":"2024-03-28T13:03:26","date_gmt":"2024-03-28T12:03:26","guid":{"rendered":"https:\/\/derpsairer.it\/produkt\/lagrein-riserva\/"},"modified":"2026-01-14T16:47:58","modified_gmt":"2026-01-14T15:47:58","slug":"lagrein-riserva","status":"publish","type":"product","link":"https:\/\/derpsairer.it\/it\/produkt\/lagrein-riserva\/","title":{"rendered":"Lagrein Riserva \u2013 vino rosso corposo dell&#8217;Alto Adige"},"content":{"rendered":"<p data-start=\"4107\" data-end=\"4471\">Il Lagrein Riserva si presenta con un colore rosso rubino scuro dai riflessi violacei e offre un complesso bouquet aromatico di violetta, cioccolato e liquirizia. Al palato risulta vellutato, leggermente aspro, ma tipico di Bolzano con tannini dolci e rotondi. Un vino rosso di carattere, ideale con selvaggina, pollame selvatico, carni rosse e formaggi stagionati.  <\/p>\n<p data-start=\"4473\" data-end=\"4498\"><strong>Cantina:<\/strong><br data-start=\"4482\" data-end=\"4485\">Rottensteiner<\/p>\n<p data-start=\"4500\" data-end=\"4519\"><strong>Vitigno:<\/strong><br data-start=\"4509\" data-end=\"4512\">Lagrein<\/p>\n<p data-start=\"4521\" data-end=\"4593\"><strong>Abbinamenti:<\/strong><br data-start=\"4538\" data-end=\"4541\">Selvaggina, pollame selvatico, carni rosse, formaggi stagionati<\/p>\n<p data-start=\"4595\" data-end=\"4634\"><strong>Affinamento:<\/strong><br data-start=\"4602\" data-end=\"4605\">Botti in cemento e grandi botti in legno<\/p>\n<p data-start=\"4636\" data-end=\"4665\"><strong>Temperatura di servizio:<\/strong><br data-start=\"4654\" data-end=\"4657\">17\u201318 \u00b0C<\/p>\n<p data-start=\"4667\" data-end=\"4688\"><strong>Gradazione alcolica:<\/strong><br data-start=\"4681\" data-end=\"4684\">13%<\/p>\n<p data-start=\"4690\" data-end=\"4706\"><strong>Contenuto:<\/strong><br data-start=\"4697\" data-end=\"4700\">0,75 l<\/p>\n<p data-start=\"4708\" data-end=\"4735\"><strong>Provenienza:<\/strong><br data-start=\"4717\" data-end=\"4720\">Bolzano, Alto Adige<\/p>\n<p data-start=\"4737\" data-end=\"4799\"><strong>Particolarit\u00e0:<\/strong><br data-start=\"4752\" data-end=\"4755\">Affinamento tradizionale in botti di cemento e legno<\/p>\n<p data-start=\"4801\" data-end=\"4817\"><strong>Contiene solfiti<\/strong><\/p>\n","protected":false},"excerpt":{"rendered":"<p>\u2022 Aromaticit\u00e0 complessa<br data-start=\"5230\" data-end=\"5233\">\u2022 Rosso rubino scuro<br data-start=\"5251\" data-end=\"5254\">\u2022 Tannini dolci<br data-start=\"5272\" data-end=\"5275\">\u2022 Affinamento tradizionale in botte<br data-start=\"5302\" data-end=\"5305\">\u2022 Ideale con selvaggina<\/p>\n","protected":false},"featured_media":5199,"template":"","meta":[],"product_brand":[],"product_cat":[188],"product_tag":[2563,3917,3871,3918,3920,2409,1432,3093,3071,1679,2628,3872,2059],"class_list":{"0":"post-5197","1":"product","2":"type-product","3":"status-publish","4":"has-post-thumbnail","6":"product_cat-vino-distillati","7":"product_tag-botte-di-legno","8":"product_tag-con-carne-rossa","9":"product_tag-con-formaggi-stagionati","10":"product_tag-con-selvaggina","11":"product_tag-in-vasca-di-cemento","12":"product_tag-intenso","13":"product_tag-lagrein-riserva","14":"product_tag-longevo","15":"product_tag-rottensteiner","16":"product_tag-saporito","17":"product_tag-vellutato","18":"product_tag-vino-da-sera","19":"product_tag-vino-rosso-altoatesino-2","21":"first","22":"instock","23":"taxable","24":"shipping-taxable","25":"purchasable","26":"product-type-simple"},"yoast_head":"<!-- This site is optimized with the Yoast SEO plugin v27.5 - https:\/\/yoast.com\/product\/yoast-seo-wordpress\/ -->\n<title>Lagrein Riserva \u2013 Vino rosso robusto dell&#039;Alto Adige con profondit\u00e0 ed eleganza - Der Psairer - Speck, Wurst, K\u00e4se<\/title>\n<meta name=\"description\" content=\"Lagrein Riserva Rottensteiner offre un vino rosso complesso con note di violetta e cioccolato, ideale con selvaggina, carne e formaggi stagionati.\" \/>\n<meta name=\"robots\" content=\"index, follow, max-snippet:-1, max-image-preview:large, max-video-preview:-1\" \/>\n<link rel=\"canonical\" href=\"https:\/\/derpsairer.it\/it\/produkt\/lagrein-riserva\/\" \/>\n<meta property=\"og:locale\" content=\"it_IT\" \/>\n<meta property=\"og:type\" content=\"article\" \/>\n<meta property=\"og:title\" content=\"Lagrein Riserva \u2013 Vino rosso robusto dell&#039;Alto Adige con profondit\u00e0 ed eleganza - Der Psairer - Speck, Wurst, K\u00e4se\" \/>\n<meta property=\"og:description\" content=\"Lagrein Riserva Rottensteiner offre un vino rosso complesso con note di violetta e cioccolato, ideale con selvaggina, carne e formaggi stagionati.\" \/>\n<meta property=\"og:url\" content=\"https:\/\/derpsairer.it\/it\/produkt\/lagrein-riserva\/\" \/>\n<meta property=\"og:site_name\" content=\"Der Psairer - Speck, Wurst, K\u00e4se\" \/>\n<meta property=\"article:publisher\" content=\"https:\/\/www.facebook.com\/profile.php?id=100063648246860\" \/>\n<meta property=\"article:modified_time\" content=\"2026-01-14T15:47:58+00:00\" \/>\n<meta property=\"og:image\" content=\"https:\/\/derpsairer.it\/wp-22\/wp-content\/uploads\/2024\/03\/lagrein-riserva-rottensteiner-e1711626847575.png\" \/>\n\t<meta property=\"og:image:width\" content=\"936\" \/>\n\t<meta property=\"og:image:height\" content=\"936\" \/>\n\t<meta property=\"og:image:type\" content=\"image\/png\" \/>\n<script type=\"application\/ld+json\" class=\"yoast-schema-graph\">{\"@context\":\"https:\\\/\\\/schema.org\",\"@graph\":[{\"@type\":\"WebPage\",\"@id\":\"https:\\\/\\\/derpsairer.it\\\/it\\\/produkt\\\/lagrein-riserva\\\/\",\"url\":\"https:\\\/\\\/derpsairer.it\\\/it\\\/produkt\\\/lagrein-riserva\\\/\",\"name\":\"Lagrein Riserva \u2013 Vino rosso robusto dell'Alto Adige con profondit\u00e0 ed eleganza - Der Psairer - Speck, Wurst, K\u00e4se\",\"isPartOf\":{\"@id\":\"https:\\\/\\\/derpsairer.it\\\/it\\\/#website\"},\"primaryImageOfPage\":{\"@id\":\"https:\\\/\\\/derpsairer.it\\\/it\\\/produkt\\\/lagrein-riserva\\\/#primaryimage\"},\"image\":{\"@id\":\"https:\\\/\\\/derpsairer.it\\\/it\\\/produkt\\\/lagrein-riserva\\\/#primaryimage\"},\"thumbnailUrl\":\"https:\\\/\\\/derpsairer.it\\\/wp-22\\\/wp-content\\\/uploads\\\/2024\\\/03\\\/lagrein-riserva-rottensteiner-e1711626847575.png\",\"datePublished\":\"2024-03-28T12:03:26+00:00\",\"dateModified\":\"2026-01-14T15:47:58+00:00\",\"description\":\"Lagrein Riserva Rottensteiner offre un vino rosso complesso con note di violetta e cioccolato, ideale con selvaggina, carne e formaggi stagionati.\",\"breadcrumb\":{\"@id\":\"https:\\\/\\\/derpsairer.it\\\/it\\\/produkt\\\/lagrein-riserva\\\/#breadcrumb\"},\"inLanguage\":\"it-IT\",\"potentialAction\":[{\"@type\":\"ReadAction\",\"target\":[\"https:\\\/\\\/derpsairer.it\\\/it\\\/produkt\\\/lagrein-riserva\\\/\"]}]},{\"@type\":\"ImageObject\",\"inLanguage\":\"it-IT\",\"@id\":\"https:\\\/\\\/derpsairer.it\\\/it\\\/produkt\\\/lagrein-riserva\\\/#primaryimage\",\"url\":\"https:\\\/\\\/derpsairer.it\\\/wp-22\\\/wp-content\\\/uploads\\\/2024\\\/03\\\/lagrein-riserva-rottensteiner-e1711626847575.png\",\"contentUrl\":\"https:\\\/\\\/derpsairer.it\\\/wp-22\\\/wp-content\\\/uploads\\\/2024\\\/03\\\/lagrein-riserva-rottensteiner-e1711626847575.png\",\"width\":936,\"height\":936},{\"@type\":\"BreadcrumbList\",\"@id\":\"https:\\\/\\\/derpsairer.it\\\/it\\\/produkt\\\/lagrein-riserva\\\/#breadcrumb\",\"itemListElement\":[{\"@type\":\"ListItem\",\"position\":1,\"name\":\"Home\",\"item\":\"https:\\\/\\\/derpsairer.it\\\/it\\\/il-negozio-di-speck-der-psairer\\\/\"},{\"@type\":\"ListItem\",\"position\":2,\"name\":\"Shop\",\"item\":\"https:\\\/\\\/derpsairer.it\\\/shop\\\/\"},{\"@type\":\"ListItem\",\"position\":3,\"name\":\"Lagrein Riserva \u2013 vino rosso corposo dell&#8217;Alto Adige\"}]},{\"@type\":\"WebSite\",\"@id\":\"https:\\\/\\\/derpsairer.it\\\/it\\\/#website\",\"url\":\"https:\\\/\\\/derpsairer.it\\\/it\\\/\",\"name\":\"Der Psairer - Speck, Wurst, K\u00e4se\",\"description\":\"Speck, Wurst und K\u00e4s aus Passeiertal in S\u00fcdtirol online bestellen.\",\"publisher\":{\"@id\":\"https:\\\/\\\/derpsairer.it\\\/it\\\/#organization\"},\"potentialAction\":[{\"@type\":\"SearchAction\",\"target\":{\"@type\":\"EntryPoint\",\"urlTemplate\":\"https:\\\/\\\/derpsairer.it\\\/it\\\/?s={search_term_string}\"},\"query-input\":{\"@type\":\"PropertyValueSpecification\",\"valueRequired\":true,\"valueName\":\"search_term_string\"}}],\"inLanguage\":\"it-IT\"},{\"@type\":\"Organization\",\"@id\":\"https:\\\/\\\/derpsairer.it\\\/it\\\/#organization\",\"name\":\"Der Psairer - Speck, Wurst, K\u00e4se\",\"url\":\"https:\\\/\\\/derpsairer.it\\\/it\\\/\",\"logo\":{\"@type\":\"ImageObject\",\"inLanguage\":\"it-IT\",\"@id\":\"https:\\\/\\\/derpsairer.it\\\/it\\\/#\\\/schema\\\/logo\\\/image\\\/\",\"url\":\"https:\\\/\\\/derpsairer.it\\\/wp-22\\\/wp-content\\\/uploads\\\/2020\\\/03\\\/DER-PSAIRER-LOGO-2x.png\",\"contentUrl\":\"https:\\\/\\\/derpsairer.it\\\/wp-22\\\/wp-content\\\/uploads\\\/2020\\\/03\\\/DER-PSAIRER-LOGO-2x.png\",\"width\":500,\"height\":500,\"caption\":\"Der Psairer - Speck, Wurst, K\u00e4se\"},\"image\":{\"@id\":\"https:\\\/\\\/derpsairer.it\\\/it\\\/#\\\/schema\\\/logo\\\/image\\\/\"},\"sameAs\":[\"https:\\\/\\\/www.facebook.com\\\/profile.php?id=100063648246860\"]}]}<\/script>\n<!-- \/ Yoast SEO plugin. -->","yoast_head_json":{"title":"Lagrein Riserva \u2013 Vino rosso robusto dell'Alto Adige con profondit\u00e0 ed eleganza - Der Psairer - Speck, Wurst, K\u00e4se","description":"Lagrein Riserva Rottensteiner offre un vino rosso complesso con note di violetta e cioccolato, ideale con selvaggina, carne e formaggi stagionati.","robots":{"index":"index","follow":"follow","max-snippet":"max-snippet:-1","max-image-preview":"max-image-preview:large","max-video-preview":"max-video-preview:-1"},"canonical":"https:\/\/derpsairer.it\/it\/produkt\/lagrein-riserva\/","og_locale":"it_IT","og_type":"article","og_title":"Lagrein Riserva \u2013 Vino rosso robusto dell'Alto Adige con profondit\u00e0 ed eleganza - Der Psairer - Speck, Wurst, K\u00e4se","og_description":"Lagrein Riserva Rottensteiner offre un vino rosso complesso con note di violetta e cioccolato, ideale con selvaggina, carne e formaggi stagionati.","og_url":"https:\/\/derpsairer.it\/it\/produkt\/lagrein-riserva\/","og_site_name":"Der Psairer - Speck, Wurst, K\u00e4se","article_publisher":"https:\/\/www.facebook.com\/profile.php?id=100063648246860","article_modified_time":"2026-01-14T15:47:58+00:00","og_image":[{"width":936,"height":936,"url":"https:\/\/derpsairer.it\/wp-22\/wp-content\/uploads\/2024\/03\/lagrein-riserva-rottensteiner-e1711626847575.png","type":"image\/png"}],"schema":{"@context":"https:\/\/schema.org","@graph":[{"@type":"WebPage","@id":"https:\/\/derpsairer.it\/it\/produkt\/lagrein-riserva\/","url":"https:\/\/derpsairer.it\/it\/produkt\/lagrein-riserva\/","name":"Lagrein Riserva \u2013 Vino rosso robusto dell'Alto Adige con profondit\u00e0 ed eleganza - Der Psairer - Speck, Wurst, K\u00e4se","isPartOf":{"@id":"https:\/\/derpsairer.it\/it\/#website"},"primaryImageOfPage":{"@id":"https:\/\/derpsairer.it\/it\/produkt\/lagrein-riserva\/#primaryimage"},"image":{"@id":"https:\/\/derpsairer.it\/it\/produkt\/lagrein-riserva\/#primaryimage"},"thumbnailUrl":"https:\/\/derpsairer.it\/wp-22\/wp-content\/uploads\/2024\/03\/lagrein-riserva-rottensteiner-e1711626847575.png","datePublished":"2024-03-28T12:03:26+00:00","dateModified":"2026-01-14T15:47:58+00:00","description":"Lagrein Riserva Rottensteiner offre un vino rosso complesso con note di violetta e cioccolato, ideale con selvaggina, carne e formaggi stagionati.","breadcrumb":{"@id":"https:\/\/derpsairer.it\/it\/produkt\/lagrein-riserva\/#breadcrumb"},"inLanguage":"it-IT","potentialAction":[{"@type":"ReadAction","target":["https:\/\/derpsairer.it\/it\/produkt\/lagrein-riserva\/"]}]},{"@type":"ImageObject","inLanguage":"it-IT","@id":"https:\/\/derpsairer.it\/it\/produkt\/lagrein-riserva\/#primaryimage","url":"https:\/\/derpsairer.it\/wp-22\/wp-content\/uploads\/2024\/03\/lagrein-riserva-rottensteiner-e1711626847575.png","contentUrl":"https:\/\/derpsairer.it\/wp-22\/wp-content\/uploads\/2024\/03\/lagrein-riserva-rottensteiner-e1711626847575.png","width":936,"height":936},{"@type":"BreadcrumbList","@id":"https:\/\/derpsairer.it\/it\/produkt\/lagrein-riserva\/#breadcrumb","itemListElement":[{"@type":"ListItem","position":1,"name":"Home","item":"https:\/\/derpsairer.it\/it\/il-negozio-di-speck-der-psairer\/"},{"@type":"ListItem","position":2,"name":"Shop","item":"https:\/\/derpsairer.it\/shop\/"},{"@type":"ListItem","position":3,"name":"Lagrein Riserva \u2013 vino rosso corposo dell&#8217;Alto Adige"}]},{"@type":"WebSite","@id":"https:\/\/derpsairer.it\/it\/#website","url":"https:\/\/derpsairer.it\/it\/","name":"Der Psairer - Speck, Wurst, K\u00e4se","description":"Speck, Wurst und K\u00e4s aus Passeiertal in S\u00fcdtirol online bestellen.","publisher":{"@id":"https:\/\/derpsairer.it\/it\/#organization"},"potentialAction":[{"@type":"SearchAction","target":{"@type":"EntryPoint","urlTemplate":"https:\/\/derpsairer.it\/it\/?s={search_term_string}"},"query-input":{"@type":"PropertyValueSpecification","valueRequired":true,"valueName":"search_term_string"}}],"inLanguage":"it-IT"},{"@type":"Organization","@id":"https:\/\/derpsairer.it\/it\/#organization","name":"Der Psairer - Speck, Wurst, K\u00e4se","url":"https:\/\/derpsairer.it\/it\/","logo":{"@type":"ImageObject","inLanguage":"it-IT","@id":"https:\/\/derpsairer.it\/it\/#\/schema\/logo\/image\/","url":"https:\/\/derpsairer.it\/wp-22\/wp-content\/uploads\/2020\/03\/DER-PSAIRER-LOGO-2x.png","contentUrl":"https:\/\/derpsairer.it\/wp-22\/wp-content\/uploads\/2020\/03\/DER-PSAIRER-LOGO-2x.png","width":500,"height":500,"caption":"Der Psairer - Speck, Wurst, K\u00e4se"},"image":{"@id":"https:\/\/derpsairer.it\/it\/#\/schema\/logo\/image\/"},"sameAs":["https:\/\/www.facebook.com\/profile.php?id=100063648246860"]}]}},"_links":{"self":[{"href":"https:\/\/derpsairer.it\/it\/wp-json\/wp\/v2\/product\/5197","targetHints":{"allow":["GET"]}}],"collection":[{"href":"https:\/\/derpsairer.it\/it\/wp-json\/wp\/v2\/product"}],"about":[{"href":"https:\/\/derpsairer.it\/it\/wp-json\/wp\/v2\/types\/product"}],"wp:featuredmedia":[{"embeddable":true,"href":"https:\/\/derpsairer.it\/it\/wp-json\/wp\/v2\/media\/5199"}],"wp:attachment":[{"href":"https:\/\/derpsairer.it\/it\/wp-json\/wp\/v2\/media?parent=5197"}],"wp:term":[{"taxonomy":"product_brand","embeddable":true,"href":"https:\/\/derpsairer.it\/it\/wp-json\/wp\/v2\/product_brand?post=5197"},{"taxonomy":"product_cat","embeddable":true,"href":"https:\/\/derpsairer.it\/it\/wp-json\/wp\/v2\/product_cat?post=5197"},{"taxonomy":"product_tag","embeddable":true,"href":"https:\/\/derpsairer.it\/it\/wp-json\/wp\/v2\/product_tag?post=5197"}],"curies":[{"name":"wp","href":"https:\/\/api.w.org\/{rel}","templated":true}]}}