{"id":5200,"date":"2024-03-29T13:16:24","date_gmt":"2024-03-29T12:16:24","guid":{"rendered":"https:\/\/derpsairer.it\/produkt\/pinot-nero\/"},"modified":"2026-01-14T16:43:43","modified_gmt":"2026-01-14T15:43:43","slug":"pinot-nero","status":"publish","type":"product","link":"https:\/\/derpsairer.it\/it\/produkt\/pinot-nero\/","title":{"rendered":"Pinot Nero Mezzacorona \u2013 elegante vino rosso del Trentino"},"content":{"rendered":"<p data-start=\"4062\" data-end=\"4438\">Il Pinot Nero Mezzacorona presenta un aroma intenso, fine e complesso, con un sapore asciutto e un retrogusto leggermente amarognolo. Questo vitigno pregiato viene coltivato in zone pi\u00f9 elevate, dove sviluppa la sua eleganza e struttura. Un accompagnamento versatile per affettati, primi piatti sostanziosi a base di pasta e riso, nonch\u00e9 carne arrosto.  <\/p>\n<p data-start=\"4440\" data-end=\"4463\"><strong>Cantina:<\/strong><br data-start=\"4449\" data-end=\"4452\">Mezzacorona<\/p>\n<p data-start=\"4465\" data-end=\"4487\"><strong>Vitigno:<\/strong><br data-start=\"4474\" data-end=\"4477\">Pinot Nero<\/p>\n<p data-start=\"4489\" data-end=\"4571\"><strong>Abbinamenti consigliati:<\/strong><br data-start=\"4506\" data-end=\"4509\">Affettati, primi piatti, risotti, carne arrosto<\/p>\n<p data-start=\"4573\" data-end=\"4598\"><strong>Affinamento:<\/strong><br data-start=\"4580\" data-end=\"4583\">Botte grande in legno<\/p>\n<p data-start=\"4600\" data-end=\"4629\"><strong>Temperatura di servizio:<\/strong><br data-start=\"4618\" data-end=\"4621\">16\u201318 \u00b0C<\/p>\n<p data-start=\"4631\" data-end=\"4654\"><strong>Gradazione alcolica:<\/strong><br data-start=\"4645\" data-end=\"4648\">12,5%<\/p>\n<p data-start=\"4656\" data-end=\"4672\"><strong>Contenuto:<\/strong><br data-start=\"4663\" data-end=\"4666\">0,75 l<\/p>\n<p data-start=\"4674\" data-end=\"4694\"><strong>Provenienza:<\/strong><br data-start=\"4683\" data-end=\"4686\">Trentino<\/p>\n<p data-start=\"4696\" data-end=\"4736\"><strong>Caratteristiche:<\/strong><br data-start=\"4711\" data-end=\"4714\">Premiato pi\u00f9 volte<\/p>\n<p data-start=\"4738\" data-end=\"4754\"><strong>Contiene solfiti<\/strong><\/p>\n","protected":false},"excerpt":{"rendered":"<p>\u2022 Aromaticit\u00e0 complessa<br data-start=\"5146\" data-end=\"5149\">\u2022 Stile elegante<br data-start=\"5165\" data-end=\"5168\">\u2022 Affinamento in botte di legno<br data-start=\"5185\" data-end=\"5188\">\u2022 Accompagnamento versatile<br data-start=\"5212\" data-end=\"5215\">\u2022 Premiato<\/p>\n","protected":false},"featured_media":5202,"template":"","meta":[],"product_brand":[],"product_cat":[188],"product_tag":[2563,3884,3880,2795,2490,2631,1798,1608,1383,2614,2309,2488,2855,3872],"class_list":{"0":"post-5200","1":"product","2":"type-product","3":"status-publish","4":"has-post-thumbnail","6":"product_cat-vino-distillati","7":"product_tag-botte-di-legno","8":"product_tag-con-affettati","9":"product_tag-con-risotti-2","10":"product_tag-delicato-2","11":"product_tag-elegante","12":"product_tag-mezzacorona","13":"product_tag-per-carne","14":"product_tag-per-la-pasta","15":"product_tag-pinot-nero-2","16":"product_tag-pinot-nero-3","17":"product_tag-secco","18":"product_tag-trentino","19":"product_tag-versatile","20":"product_tag-vino-da-sera","22":"first","23":"instock","24":"shipping-taxable","25":"purchasable","26":"product-type-simple"},"yoast_head":"<!-- This site is optimized with the Yoast SEO plugin v27.3 - https:\/\/yoast.com\/product\/yoast-seo-wordpress\/ -->\n<title>Pinot Nero \u2013 Vino rosso elegante con fini aromi di frutti di bosco e un finale morbido - Der Psairer - Speck, Wurst, K\u00e4se<\/title>\n<meta name=\"description\" content=\"Il Pinot Nero Mezzacorona offre un vino rosso elegante e complesso del Trentino, ideale con affettati, pasta e carne arrosto.\" \/>\n<meta name=\"robots\" content=\"index, follow, max-snippet:-1, max-image-preview:large, max-video-preview:-1\" \/>\n<link rel=\"canonical\" href=\"https:\/\/derpsairer.it\/it\/produkt\/pinot-nero\/\" \/>\n<meta property=\"og:locale\" content=\"it_IT\" \/>\n<meta property=\"og:type\" content=\"article\" \/>\n<meta property=\"og:title\" content=\"Pinot Nero \u2013 Vino rosso elegante con fini aromi di frutti di bosco e un finale morbido - Der Psairer - Speck, Wurst, K\u00e4se\" \/>\n<meta property=\"og:description\" content=\"Il Pinot Nero Mezzacorona offre un vino rosso elegante e complesso del Trentino, ideale con affettati, pasta e carne arrosto.\" \/>\n<meta property=\"og:url\" content=\"https:\/\/derpsairer.it\/it\/produkt\/pinot-nero\/\" \/>\n<meta property=\"og:site_name\" content=\"Der Psairer - Speck, Wurst, K\u00e4se\" \/>\n<meta property=\"article:publisher\" content=\"https:\/\/www.facebook.com\/profile.php?id=100063648246860\" \/>\n<meta property=\"article:modified_time\" content=\"2026-01-14T15:43:43+00:00\" \/>\n<meta property=\"og:image\" content=\"https:\/\/derpsairer.it\/wp-22\/wp-content\/uploads\/2024\/03\/mezzacorona_classici_pinot-nero-e1711714549786.png\" \/>\n\t<meta property=\"og:image:width\" content=\"1250\" \/>\n\t<meta property=\"og:image:height\" content=\"1250\" \/>\n\t<meta property=\"og:image:type\" content=\"image\/png\" \/>\n<script type=\"application\/ld+json\" class=\"yoast-schema-graph\">{\"@context\":\"https:\\\/\\\/schema.org\",\"@graph\":[{\"@type\":\"WebPage\",\"@id\":\"https:\\\/\\\/derpsairer.it\\\/it\\\/produkt\\\/pinot-nero\\\/\",\"url\":\"https:\\\/\\\/derpsairer.it\\\/it\\\/produkt\\\/pinot-nero\\\/\",\"name\":\"Pinot Nero \u2013 Vino rosso elegante con fini aromi di frutti di bosco e un finale morbido - Der Psairer - Speck, Wurst, K\u00e4se\",\"isPartOf\":{\"@id\":\"https:\\\/\\\/derpsairer.it\\\/it\\\/#website\"},\"primaryImageOfPage\":{\"@id\":\"https:\\\/\\\/derpsairer.it\\\/it\\\/produkt\\\/pinot-nero\\\/#primaryimage\"},\"image\":{\"@id\":\"https:\\\/\\\/derpsairer.it\\\/it\\\/produkt\\\/pinot-nero\\\/#primaryimage\"},\"thumbnailUrl\":\"https:\\\/\\\/derpsairer.it\\\/wp-22\\\/wp-content\\\/uploads\\\/2024\\\/03\\\/mezzacorona_classici_pinot-nero-e1711714549786.png\",\"datePublished\":\"2024-03-29T12:16:24+00:00\",\"dateModified\":\"2026-01-14T15:43:43+00:00\",\"description\":\"Il Pinot Nero Mezzacorona offre un vino rosso elegante e complesso del Trentino, ideale con affettati, pasta e carne arrosto.\",\"breadcrumb\":{\"@id\":\"https:\\\/\\\/derpsairer.it\\\/it\\\/produkt\\\/pinot-nero\\\/#breadcrumb\"},\"inLanguage\":\"it-IT\",\"potentialAction\":[{\"@type\":\"ReadAction\",\"target\":[\"https:\\\/\\\/derpsairer.it\\\/it\\\/produkt\\\/pinot-nero\\\/\"]}]},{\"@type\":\"ImageObject\",\"inLanguage\":\"it-IT\",\"@id\":\"https:\\\/\\\/derpsairer.it\\\/it\\\/produkt\\\/pinot-nero\\\/#primaryimage\",\"url\":\"https:\\\/\\\/derpsairer.it\\\/wp-22\\\/wp-content\\\/uploads\\\/2024\\\/03\\\/mezzacorona_classici_pinot-nero-e1711714549786.png\",\"contentUrl\":\"https:\\\/\\\/derpsairer.it\\\/wp-22\\\/wp-content\\\/uploads\\\/2024\\\/03\\\/mezzacorona_classici_pinot-nero-e1711714549786.png\",\"width\":1250,\"height\":1250},{\"@type\":\"BreadcrumbList\",\"@id\":\"https:\\\/\\\/derpsairer.it\\\/it\\\/produkt\\\/pinot-nero\\\/#breadcrumb\",\"itemListElement\":[{\"@type\":\"ListItem\",\"position\":1,\"name\":\"Home\",\"item\":\"https:\\\/\\\/derpsairer.it\\\/it\\\/il-negozio-di-speck-der-psairer\\\/\"},{\"@type\":\"ListItem\",\"position\":2,\"name\":\"Shop\",\"item\":\"https:\\\/\\\/derpsairer.it\\\/shop\\\/\"},{\"@type\":\"ListItem\",\"position\":3,\"name\":\"Pinot Nero Mezzacorona \u2013 elegante vino rosso del Trentino\"}]},{\"@type\":\"WebSite\",\"@id\":\"https:\\\/\\\/derpsairer.it\\\/it\\\/#website\",\"url\":\"https:\\\/\\\/derpsairer.it\\\/it\\\/\",\"name\":\"Der Psairer - Speck, Wurst, K\u00e4se\",\"description\":\"Speck, Wurst und K\u00e4s aus Passeiertal in S\u00fcdtirol online bestellen.\",\"publisher\":{\"@id\":\"https:\\\/\\\/derpsairer.it\\\/it\\\/#organization\"},\"potentialAction\":[{\"@type\":\"SearchAction\",\"target\":{\"@type\":\"EntryPoint\",\"urlTemplate\":\"https:\\\/\\\/derpsairer.it\\\/it\\\/?s={search_term_string}\"},\"query-input\":{\"@type\":\"PropertyValueSpecification\",\"valueRequired\":true,\"valueName\":\"search_term_string\"}}],\"inLanguage\":\"it-IT\"},{\"@type\":\"Organization\",\"@id\":\"https:\\\/\\\/derpsairer.it\\\/it\\\/#organization\",\"name\":\"Der Psairer - Speck, Wurst, K\u00e4se\",\"url\":\"https:\\\/\\\/derpsairer.it\\\/it\\\/\",\"logo\":{\"@type\":\"ImageObject\",\"inLanguage\":\"it-IT\",\"@id\":\"https:\\\/\\\/derpsairer.it\\\/it\\\/#\\\/schema\\\/logo\\\/image\\\/\",\"url\":\"https:\\\/\\\/derpsairer.it\\\/wp-22\\\/wp-content\\\/uploads\\\/2020\\\/03\\\/DER-PSAIRER-LOGO-2x.png\",\"contentUrl\":\"https:\\\/\\\/derpsairer.it\\\/wp-22\\\/wp-content\\\/uploads\\\/2020\\\/03\\\/DER-PSAIRER-LOGO-2x.png\",\"width\":500,\"height\":500,\"caption\":\"Der Psairer - Speck, Wurst, K\u00e4se\"},\"image\":{\"@id\":\"https:\\\/\\\/derpsairer.it\\\/it\\\/#\\\/schema\\\/logo\\\/image\\\/\"},\"sameAs\":[\"https:\\\/\\\/www.facebook.com\\\/profile.php?id=100063648246860\"]}]}<\/script>\n<!-- \/ Yoast SEO plugin. -->","yoast_head_json":{"title":"Pinot Nero \u2013 Vino rosso elegante con fini aromi di frutti di bosco e un finale morbido - Der Psairer - Speck, Wurst, K\u00e4se","description":"Il Pinot Nero Mezzacorona offre un vino rosso elegante e complesso del Trentino, ideale con affettati, pasta e carne arrosto.","robots":{"index":"index","follow":"follow","max-snippet":"max-snippet:-1","max-image-preview":"max-image-preview:large","max-video-preview":"max-video-preview:-1"},"canonical":"https:\/\/derpsairer.it\/it\/produkt\/pinot-nero\/","og_locale":"it_IT","og_type":"article","og_title":"Pinot Nero \u2013 Vino rosso elegante con fini aromi di frutti di bosco e un finale morbido - Der Psairer - Speck, Wurst, K\u00e4se","og_description":"Il Pinot Nero Mezzacorona offre un vino rosso elegante e complesso del Trentino, ideale con affettati, pasta e carne arrosto.","og_url":"https:\/\/derpsairer.it\/it\/produkt\/pinot-nero\/","og_site_name":"Der Psairer - Speck, Wurst, K\u00e4se","article_publisher":"https:\/\/www.facebook.com\/profile.php?id=100063648246860","article_modified_time":"2026-01-14T15:43:43+00:00","og_image":[{"width":1250,"height":1250,"url":"https:\/\/derpsairer.it\/wp-22\/wp-content\/uploads\/2024\/03\/mezzacorona_classici_pinot-nero-e1711714549786.png","type":"image\/png"}],"schema":{"@context":"https:\/\/schema.org","@graph":[{"@type":"WebPage","@id":"https:\/\/derpsairer.it\/it\/produkt\/pinot-nero\/","url":"https:\/\/derpsairer.it\/it\/produkt\/pinot-nero\/","name":"Pinot Nero \u2013 Vino rosso elegante con fini aromi di frutti di bosco e un finale morbido - Der Psairer - Speck, Wurst, K\u00e4se","isPartOf":{"@id":"https:\/\/derpsairer.it\/it\/#website"},"primaryImageOfPage":{"@id":"https:\/\/derpsairer.it\/it\/produkt\/pinot-nero\/#primaryimage"},"image":{"@id":"https:\/\/derpsairer.it\/it\/produkt\/pinot-nero\/#primaryimage"},"thumbnailUrl":"https:\/\/derpsairer.it\/wp-22\/wp-content\/uploads\/2024\/03\/mezzacorona_classici_pinot-nero-e1711714549786.png","datePublished":"2024-03-29T12:16:24+00:00","dateModified":"2026-01-14T15:43:43+00:00","description":"Il Pinot Nero Mezzacorona offre un vino rosso elegante e complesso del Trentino, ideale con affettati, pasta e carne arrosto.","breadcrumb":{"@id":"https:\/\/derpsairer.it\/it\/produkt\/pinot-nero\/#breadcrumb"},"inLanguage":"it-IT","potentialAction":[{"@type":"ReadAction","target":["https:\/\/derpsairer.it\/it\/produkt\/pinot-nero\/"]}]},{"@type":"ImageObject","inLanguage":"it-IT","@id":"https:\/\/derpsairer.it\/it\/produkt\/pinot-nero\/#primaryimage","url":"https:\/\/derpsairer.it\/wp-22\/wp-content\/uploads\/2024\/03\/mezzacorona_classici_pinot-nero-e1711714549786.png","contentUrl":"https:\/\/derpsairer.it\/wp-22\/wp-content\/uploads\/2024\/03\/mezzacorona_classici_pinot-nero-e1711714549786.png","width":1250,"height":1250},{"@type":"BreadcrumbList","@id":"https:\/\/derpsairer.it\/it\/produkt\/pinot-nero\/#breadcrumb","itemListElement":[{"@type":"ListItem","position":1,"name":"Home","item":"https:\/\/derpsairer.it\/it\/il-negozio-di-speck-der-psairer\/"},{"@type":"ListItem","position":2,"name":"Shop","item":"https:\/\/derpsairer.it\/shop\/"},{"@type":"ListItem","position":3,"name":"Pinot Nero Mezzacorona \u2013 elegante vino rosso del Trentino"}]},{"@type":"WebSite","@id":"https:\/\/derpsairer.it\/it\/#website","url":"https:\/\/derpsairer.it\/it\/","name":"Der Psairer - Speck, Wurst, K\u00e4se","description":"Speck, Wurst und K\u00e4s aus Passeiertal in S\u00fcdtirol online bestellen.","publisher":{"@id":"https:\/\/derpsairer.it\/it\/#organization"},"potentialAction":[{"@type":"SearchAction","target":{"@type":"EntryPoint","urlTemplate":"https:\/\/derpsairer.it\/it\/?s={search_term_string}"},"query-input":{"@type":"PropertyValueSpecification","valueRequired":true,"valueName":"search_term_string"}}],"inLanguage":"it-IT"},{"@type":"Organization","@id":"https:\/\/derpsairer.it\/it\/#organization","name":"Der Psairer - Speck, Wurst, K\u00e4se","url":"https:\/\/derpsairer.it\/it\/","logo":{"@type":"ImageObject","inLanguage":"it-IT","@id":"https:\/\/derpsairer.it\/it\/#\/schema\/logo\/image\/","url":"https:\/\/derpsairer.it\/wp-22\/wp-content\/uploads\/2020\/03\/DER-PSAIRER-LOGO-2x.png","contentUrl":"https:\/\/derpsairer.it\/wp-22\/wp-content\/uploads\/2020\/03\/DER-PSAIRER-LOGO-2x.png","width":500,"height":500,"caption":"Der Psairer - Speck, Wurst, K\u00e4se"},"image":{"@id":"https:\/\/derpsairer.it\/it\/#\/schema\/logo\/image\/"},"sameAs":["https:\/\/www.facebook.com\/profile.php?id=100063648246860"]}]}},"_links":{"self":[{"href":"https:\/\/derpsairer.it\/it\/wp-json\/wp\/v2\/product\/5200","targetHints":{"allow":["GET"]}}],"collection":[{"href":"https:\/\/derpsairer.it\/it\/wp-json\/wp\/v2\/product"}],"about":[{"href":"https:\/\/derpsairer.it\/it\/wp-json\/wp\/v2\/types\/product"}],"wp:featuredmedia":[{"embeddable":true,"href":"https:\/\/derpsairer.it\/it\/wp-json\/wp\/v2\/media\/5202"}],"wp:attachment":[{"href":"https:\/\/derpsairer.it\/it\/wp-json\/wp\/v2\/media?parent=5200"}],"wp:term":[{"taxonomy":"product_brand","embeddable":true,"href":"https:\/\/derpsairer.it\/it\/wp-json\/wp\/v2\/product_brand?post=5200"},{"taxonomy":"product_cat","embeddable":true,"href":"https:\/\/derpsairer.it\/it\/wp-json\/wp\/v2\/product_cat?post=5200"},{"taxonomy":"product_tag","embeddable":true,"href":"https:\/\/derpsairer.it\/it\/wp-json\/wp\/v2\/product_tag?post=5200"}],"curies":[{"name":"wp","href":"https:\/\/api.w.org\/{rel}","templated":true}]}}