{"id":5201,"date":"2024-03-28T11:29:44","date_gmt":"2024-03-28T10:29:44","guid":{"rendered":"https:\/\/derpsairer.it\/produkt\/limoncino-riviera-dei-limoni\/"},"modified":"2025-12-11T16:55:17","modified_gmt":"2025-12-11T15:55:17","slug":"limoncino-riviera-dei-limoni","status":"publish","type":"product","link":"https:\/\/derpsairer.it\/it\/produkt\/limoncino-riviera-dei-limoni\/","title":{"rendered":"Limoncino Riviera dei Limoni \u2013 fresco liquore al limone"},"content":{"rendered":"<p data-start=\"6786\" data-end=\"7150\">Il Limoncino Riviera dei Limoni \u00e8 prodotto secondo la ricetta tradizionale della riviera dei limoni del Lago di Garda. Grazie alla macerazione delle scorze di limone, acquisisce un aroma intenso, fresche note di agrumi e una dolcezza equilibrata. Ideale come digestivo, per affinare dessert, gelati o per cocktail vivaci. Servire freddo o con ghiaccio.   <\/p>\n<p data-start=\"7152\" data-end=\"7172\"><strong>Cantina:<\/strong><br data-start=\"7161\" data-end=\"7164\">Marzadro<\/p>\n<p data-start=\"7188\" data-end=\"7245\"><strong>Abbinamenti:<\/strong><br data-start=\"7205\" data-end=\"7208\">Digestivo, dessert, gelato, cocktail<\/p>\n<p data-start=\"7247\" data-end=\"7298\"><strong>Affinamento:<\/strong><br data-start=\"7254\" data-end=\"7257\">Macerazione di scorze di limone in alcool<\/p>\n<p data-start=\"7300\" data-end=\"7328\"><strong>Temperatura di servizio:<\/strong><br data-start=\"7318\" data-end=\"7321\">Freddo<\/p>\n<p data-start=\"7330\" data-end=\"7351\"><strong>Gradazione alcolica:<\/strong><br data-start=\"7344\" data-end=\"7347\">30%<\/p>\n<p data-start=\"7353\" data-end=\"7368\"><strong>Contenuto:<\/strong><br data-start=\"7360\" data-end=\"7363\">20cl, 50cl, 70cl<\/p>\n<p data-start=\"7370\" data-end=\"7429\"><strong>Caratteristiche:<\/strong><br data-start=\"7385\" data-end=\"7388\">Ricetta tradizionale della riviera dei limoni<\/p>\n","protected":false},"excerpt":{"rendered":"<p>\u2022 Intense note di agrumi<br data-start=\"7826\" data-end=\"7829\">\u2022 Ricetta tradizionale<br data-start=\"7852\" data-end=\"7855\">\u2022 Macerazione delle scorze<br data-start=\"7879\" data-end=\"7882\">\u2022 Servire freddo<br data-start=\"7901\" data-end=\"7904\">\u2022 Versatile<\/p>\n","protected":false},"featured_media":5204,"template":"","meta":[],"product_brand":[],"product_cat":[188],"product_tag":[2485,2033,307,2651,2814,2493,3080,305,3018],"class_list":{"0":"post-5201","1":"product","2":"type-product","3":"status-publish","4":"has-post-thumbnail","6":"product_cat-vino-distillati","7":"product_tag-agrumi","8":"product_tag-aromatico","9":"product_tag-digestivo","10":"product_tag-drink-estivo","11":"product_tag-intenditori","12":"product_tag-limoncino","13":"product_tag-liquore-al-limone-2","14":"product_tag-liquore-italiano","15":"product_tag-marzadro","17":"first","18":"instock","19":"shipping-taxable","20":"purchasable","21":"product-type-variable"},"yoast_head":"<!-- This site is optimized with the Yoast SEO plugin v27.5 - https:\/\/yoast.com\/product\/yoast-seo-wordpress\/ -->\n<title>Limoncino Riviera dei Limoni \u2013 Liquore al limone rinfrescante - Der Psairer - Speck, Wurst, K\u00e4se<\/title>\n<meta name=\"description\" content=\"Limoncino Riviera dei Limoni \u2013 liquore al limone solare con intense note agrumate dalla Riviera del Garda. Ideale come digestivo o in dessert e cocktail.\" \/>\n<meta name=\"robots\" content=\"index, follow, max-snippet:-1, max-image-preview:large, max-video-preview:-1\" \/>\n<link rel=\"canonical\" href=\"https:\/\/derpsairer.it\/it\/produkt\/limoncino-riviera-dei-limoni\/\" \/>\n<meta property=\"og:locale\" content=\"it_IT\" \/>\n<meta property=\"og:type\" content=\"article\" \/>\n<meta property=\"og:title\" content=\"Limoncino Riviera dei Limoni \u2013 Liquore al limone rinfrescante - Der Psairer - Speck, Wurst, K\u00e4se\" \/>\n<meta property=\"og:description\" content=\"Limoncino Riviera dei Limoni \u2013 liquore al limone solare con intense note agrumate dalla Riviera del Garda. Ideale come digestivo o in dessert e cocktail.\" \/>\n<meta property=\"og:url\" content=\"https:\/\/derpsairer.it\/it\/produkt\/limoncino-riviera-dei-limoni\/\" \/>\n<meta property=\"og:site_name\" content=\"Der Psairer - Speck, Wurst, K\u00e4se\" \/>\n<meta property=\"article:publisher\" content=\"https:\/\/www.facebook.com\/profile.php?id=100063648246860\" \/>\n<meta property=\"article:modified_time\" content=\"2025-12-11T15:55:17+00:00\" \/>\n<meta property=\"og:image\" content=\"https:\/\/derpsairer.it\/wp-22\/wp-content\/uploads\/2024\/03\/rivieradeilimoni-1.jpg\" \/>\n\t<meta property=\"og:image:width\" content=\"900\" \/>\n\t<meta property=\"og:image:height\" content=\"900\" \/>\n\t<meta property=\"og:image:type\" content=\"image\/jpeg\" \/>\n<script type=\"application\/ld+json\" class=\"yoast-schema-graph\">{\"@context\":\"https:\\\/\\\/schema.org\",\"@graph\":[{\"@type\":\"WebPage\",\"@id\":\"https:\\\/\\\/derpsairer.it\\\/it\\\/produkt\\\/limoncino-riviera-dei-limoni\\\/\",\"url\":\"https:\\\/\\\/derpsairer.it\\\/it\\\/produkt\\\/limoncino-riviera-dei-limoni\\\/\",\"name\":\"Limoncino Riviera dei Limoni \u2013 Liquore al limone rinfrescante - Der Psairer - Speck, Wurst, K\u00e4se\",\"isPartOf\":{\"@id\":\"https:\\\/\\\/derpsairer.it\\\/it\\\/#website\"},\"primaryImageOfPage\":{\"@id\":\"https:\\\/\\\/derpsairer.it\\\/it\\\/produkt\\\/limoncino-riviera-dei-limoni\\\/#primaryimage\"},\"image\":{\"@id\":\"https:\\\/\\\/derpsairer.it\\\/it\\\/produkt\\\/limoncino-riviera-dei-limoni\\\/#primaryimage\"},\"thumbnailUrl\":\"https:\\\/\\\/derpsairer.it\\\/wp-22\\\/wp-content\\\/uploads\\\/2024\\\/03\\\/rivieradeilimoni-1.jpg\",\"datePublished\":\"2024-03-28T10:29:44+00:00\",\"dateModified\":\"2025-12-11T15:55:17+00:00\",\"description\":\"Limoncino Riviera dei Limoni \u2013 liquore al limone solare con intense note agrumate dalla Riviera del Garda. Ideale come digestivo o in dessert e cocktail.\",\"breadcrumb\":{\"@id\":\"https:\\\/\\\/derpsairer.it\\\/it\\\/produkt\\\/limoncino-riviera-dei-limoni\\\/#breadcrumb\"},\"inLanguage\":\"it-IT\",\"potentialAction\":[{\"@type\":\"ReadAction\",\"target\":[\"https:\\\/\\\/derpsairer.it\\\/it\\\/produkt\\\/limoncino-riviera-dei-limoni\\\/\"]}]},{\"@type\":\"ImageObject\",\"inLanguage\":\"it-IT\",\"@id\":\"https:\\\/\\\/derpsairer.it\\\/it\\\/produkt\\\/limoncino-riviera-dei-limoni\\\/#primaryimage\",\"url\":\"https:\\\/\\\/derpsairer.it\\\/wp-22\\\/wp-content\\\/uploads\\\/2024\\\/03\\\/rivieradeilimoni-1.jpg\",\"contentUrl\":\"https:\\\/\\\/derpsairer.it\\\/wp-22\\\/wp-content\\\/uploads\\\/2024\\\/03\\\/rivieradeilimoni-1.jpg\",\"width\":900,\"height\":900},{\"@type\":\"BreadcrumbList\",\"@id\":\"https:\\\/\\\/derpsairer.it\\\/it\\\/produkt\\\/limoncino-riviera-dei-limoni\\\/#breadcrumb\",\"itemListElement\":[{\"@type\":\"ListItem\",\"position\":1,\"name\":\"Home\",\"item\":\"https:\\\/\\\/derpsairer.it\\\/it\\\/il-negozio-di-speck-der-psairer\\\/\"},{\"@type\":\"ListItem\",\"position\":2,\"name\":\"Shop\",\"item\":\"https:\\\/\\\/derpsairer.it\\\/shop\\\/\"},{\"@type\":\"ListItem\",\"position\":3,\"name\":\"Limoncino Riviera dei Limoni \u2013 fresco liquore al limone\"}]},{\"@type\":\"WebSite\",\"@id\":\"https:\\\/\\\/derpsairer.it\\\/it\\\/#website\",\"url\":\"https:\\\/\\\/derpsairer.it\\\/it\\\/\",\"name\":\"Der Psairer - Speck, Wurst, K\u00e4se\",\"description\":\"Speck, Wurst und K\u00e4s aus Passeiertal in S\u00fcdtirol online bestellen.\",\"publisher\":{\"@id\":\"https:\\\/\\\/derpsairer.it\\\/it\\\/#organization\"},\"potentialAction\":[{\"@type\":\"SearchAction\",\"target\":{\"@type\":\"EntryPoint\",\"urlTemplate\":\"https:\\\/\\\/derpsairer.it\\\/it\\\/?s={search_term_string}\"},\"query-input\":{\"@type\":\"PropertyValueSpecification\",\"valueRequired\":true,\"valueName\":\"search_term_string\"}}],\"inLanguage\":\"it-IT\"},{\"@type\":\"Organization\",\"@id\":\"https:\\\/\\\/derpsairer.it\\\/it\\\/#organization\",\"name\":\"Der Psairer - Speck, Wurst, K\u00e4se\",\"url\":\"https:\\\/\\\/derpsairer.it\\\/it\\\/\",\"logo\":{\"@type\":\"ImageObject\",\"inLanguage\":\"it-IT\",\"@id\":\"https:\\\/\\\/derpsairer.it\\\/it\\\/#\\\/schema\\\/logo\\\/image\\\/\",\"url\":\"https:\\\/\\\/derpsairer.it\\\/wp-22\\\/wp-content\\\/uploads\\\/2020\\\/03\\\/DER-PSAIRER-LOGO-2x.png\",\"contentUrl\":\"https:\\\/\\\/derpsairer.it\\\/wp-22\\\/wp-content\\\/uploads\\\/2020\\\/03\\\/DER-PSAIRER-LOGO-2x.png\",\"width\":500,\"height\":500,\"caption\":\"Der Psairer - Speck, Wurst, K\u00e4se\"},\"image\":{\"@id\":\"https:\\\/\\\/derpsairer.it\\\/it\\\/#\\\/schema\\\/logo\\\/image\\\/\"},\"sameAs\":[\"https:\\\/\\\/www.facebook.com\\\/profile.php?id=100063648246860\"]}]}<\/script>\n<!-- \/ Yoast SEO plugin. -->","yoast_head_json":{"title":"Limoncino Riviera dei Limoni \u2013 Liquore al limone rinfrescante - Der Psairer - Speck, Wurst, K\u00e4se","description":"Limoncino Riviera dei Limoni \u2013 liquore al limone solare con intense note agrumate dalla Riviera del Garda. Ideale come digestivo o in dessert e cocktail.","robots":{"index":"index","follow":"follow","max-snippet":"max-snippet:-1","max-image-preview":"max-image-preview:large","max-video-preview":"max-video-preview:-1"},"canonical":"https:\/\/derpsairer.it\/it\/produkt\/limoncino-riviera-dei-limoni\/","og_locale":"it_IT","og_type":"article","og_title":"Limoncino Riviera dei Limoni \u2013 Liquore al limone rinfrescante - Der Psairer - Speck, Wurst, K\u00e4se","og_description":"Limoncino Riviera dei Limoni \u2013 liquore al limone solare con intense note agrumate dalla Riviera del Garda. Ideale come digestivo o in dessert e cocktail.","og_url":"https:\/\/derpsairer.it\/it\/produkt\/limoncino-riviera-dei-limoni\/","og_site_name":"Der Psairer - Speck, Wurst, K\u00e4se","article_publisher":"https:\/\/www.facebook.com\/profile.php?id=100063648246860","article_modified_time":"2025-12-11T15:55:17+00:00","og_image":[{"width":900,"height":900,"url":"https:\/\/derpsairer.it\/wp-22\/wp-content\/uploads\/2024\/03\/rivieradeilimoni-1.jpg","type":"image\/jpeg"}],"schema":{"@context":"https:\/\/schema.org","@graph":[{"@type":"WebPage","@id":"https:\/\/derpsairer.it\/it\/produkt\/limoncino-riviera-dei-limoni\/","url":"https:\/\/derpsairer.it\/it\/produkt\/limoncino-riviera-dei-limoni\/","name":"Limoncino Riviera dei Limoni \u2013 Liquore al limone rinfrescante - Der Psairer - Speck, Wurst, K\u00e4se","isPartOf":{"@id":"https:\/\/derpsairer.it\/it\/#website"},"primaryImageOfPage":{"@id":"https:\/\/derpsairer.it\/it\/produkt\/limoncino-riviera-dei-limoni\/#primaryimage"},"image":{"@id":"https:\/\/derpsairer.it\/it\/produkt\/limoncino-riviera-dei-limoni\/#primaryimage"},"thumbnailUrl":"https:\/\/derpsairer.it\/wp-22\/wp-content\/uploads\/2024\/03\/rivieradeilimoni-1.jpg","datePublished":"2024-03-28T10:29:44+00:00","dateModified":"2025-12-11T15:55:17+00:00","description":"Limoncino Riviera dei Limoni \u2013 liquore al limone solare con intense note agrumate dalla Riviera del Garda. Ideale come digestivo o in dessert e cocktail.","breadcrumb":{"@id":"https:\/\/derpsairer.it\/it\/produkt\/limoncino-riviera-dei-limoni\/#breadcrumb"},"inLanguage":"it-IT","potentialAction":[{"@type":"ReadAction","target":["https:\/\/derpsairer.it\/it\/produkt\/limoncino-riviera-dei-limoni\/"]}]},{"@type":"ImageObject","inLanguage":"it-IT","@id":"https:\/\/derpsairer.it\/it\/produkt\/limoncino-riviera-dei-limoni\/#primaryimage","url":"https:\/\/derpsairer.it\/wp-22\/wp-content\/uploads\/2024\/03\/rivieradeilimoni-1.jpg","contentUrl":"https:\/\/derpsairer.it\/wp-22\/wp-content\/uploads\/2024\/03\/rivieradeilimoni-1.jpg","width":900,"height":900},{"@type":"BreadcrumbList","@id":"https:\/\/derpsairer.it\/it\/produkt\/limoncino-riviera-dei-limoni\/#breadcrumb","itemListElement":[{"@type":"ListItem","position":1,"name":"Home","item":"https:\/\/derpsairer.it\/it\/il-negozio-di-speck-der-psairer\/"},{"@type":"ListItem","position":2,"name":"Shop","item":"https:\/\/derpsairer.it\/shop\/"},{"@type":"ListItem","position":3,"name":"Limoncino Riviera dei Limoni \u2013 fresco liquore al limone"}]},{"@type":"WebSite","@id":"https:\/\/derpsairer.it\/it\/#website","url":"https:\/\/derpsairer.it\/it\/","name":"Der Psairer - Speck, Wurst, K\u00e4se","description":"Speck, Wurst und K\u00e4s aus Passeiertal in S\u00fcdtirol online bestellen.","publisher":{"@id":"https:\/\/derpsairer.it\/it\/#organization"},"potentialAction":[{"@type":"SearchAction","target":{"@type":"EntryPoint","urlTemplate":"https:\/\/derpsairer.it\/it\/?s={search_term_string}"},"query-input":{"@type":"PropertyValueSpecification","valueRequired":true,"valueName":"search_term_string"}}],"inLanguage":"it-IT"},{"@type":"Organization","@id":"https:\/\/derpsairer.it\/it\/#organization","name":"Der Psairer - Speck, Wurst, K\u00e4se","url":"https:\/\/derpsairer.it\/it\/","logo":{"@type":"ImageObject","inLanguage":"it-IT","@id":"https:\/\/derpsairer.it\/it\/#\/schema\/logo\/image\/","url":"https:\/\/derpsairer.it\/wp-22\/wp-content\/uploads\/2020\/03\/DER-PSAIRER-LOGO-2x.png","contentUrl":"https:\/\/derpsairer.it\/wp-22\/wp-content\/uploads\/2020\/03\/DER-PSAIRER-LOGO-2x.png","width":500,"height":500,"caption":"Der Psairer - Speck, Wurst, K\u00e4se"},"image":{"@id":"https:\/\/derpsairer.it\/it\/#\/schema\/logo\/image\/"},"sameAs":["https:\/\/www.facebook.com\/profile.php?id=100063648246860"]}]}},"_links":{"self":[{"href":"https:\/\/derpsairer.it\/it\/wp-json\/wp\/v2\/product\/5201","targetHints":{"allow":["GET"]}}],"collection":[{"href":"https:\/\/derpsairer.it\/it\/wp-json\/wp\/v2\/product"}],"about":[{"href":"https:\/\/derpsairer.it\/it\/wp-json\/wp\/v2\/types\/product"}],"wp:featuredmedia":[{"embeddable":true,"href":"https:\/\/derpsairer.it\/it\/wp-json\/wp\/v2\/media\/5204"}],"wp:attachment":[{"href":"https:\/\/derpsairer.it\/it\/wp-json\/wp\/v2\/media?parent=5201"}],"wp:term":[{"taxonomy":"product_brand","embeddable":true,"href":"https:\/\/derpsairer.it\/it\/wp-json\/wp\/v2\/product_brand?post=5201"},{"taxonomy":"product_cat","embeddable":true,"href":"https:\/\/derpsairer.it\/it\/wp-json\/wp\/v2\/product_cat?post=5201"},{"taxonomy":"product_tag","embeddable":true,"href":"https:\/\/derpsairer.it\/it\/wp-json\/wp\/v2\/product_tag?post=5201"}],"curies":[{"name":"wp","href":"https:\/\/api.w.org\/{rel}","templated":true}]}}