{"id":5212,"date":"2024-03-27T17:45:15","date_gmt":"2024-03-27T16:45:15","guid":{"rendered":"https:\/\/derpsairer.it\/produkt\/grappa-sissi-passito-graf\/"},"modified":"2026-01-14T16:47:55","modified_gmt":"2026-01-14T15:47:55","slug":"grappa-sissi-passito-graf","status":"publish","type":"product","link":"https:\/\/derpsairer.it\/it\/produkt\/grappa-sissi-passito-graf\/","title":{"rendered":"Grappa Sissi Passito Graf \u2013 grappa elegante con note fruttate"},"content":{"rendered":"<p data-start=\"77\" data-end=\"463\">La Grappa Sissi Passito Graf \u00e8 ottenuta dalle vinacce passite del Sissi-Passito ed \u00e8 dedicata all&#8217;imperatrice Elisabetta. Entusiasma con seducenti aromi di albicocca e frutta secca. Al palato si presenta armoniosamente fresca, elegante ed equilibrata, con un finale morbido e persistente. Una grappa nobile per intenditori esigenti.   <\/p>\n<p data-start=\"465\" data-end=\"481\"><strong>Cantina:<\/strong><br data-start=\"474\" data-end=\"477\">Merano<\/p>\n<p data-start=\"497\" data-end=\"525\"><strong>Abbinamento:<\/strong><br data-start=\"514\" data-end=\"517\">Digestivo<\/p>\n<p data-start=\"527\" data-end=\"570\"><strong>Affinamento:<\/strong><br data-start=\"534\" data-end=\"537\">Distillazione da vinacce di Passito<\/p>\n<p data-start=\"572\" data-end=\"609\"><strong>Temperatura di servizio:<\/strong><br data-start=\"590\" data-end=\"593\">Temperatura ambiente<\/p>\n<p data-start=\"611\" data-end=\"632\"><strong>Gradazione alcolica:<\/strong><br data-start=\"625\" data-end=\"628\">40%<\/p>\n<p data-start=\"634\" data-end=\"649\"><strong>Contenuto:<\/strong><br data-start=\"641\" data-end=\"644\">0,5 l<\/p>\n<p data-start=\"651\" data-end=\"714\"><strong>Particolarit\u00e0:<\/strong><br data-start=\"666\" data-end=\"669\">Vinacce passite, aroma fruttato<\/p>\n","protected":false},"excerpt":{"rendered":"<p>\u2022 Aroma fruttato<br data-start=\"1109\" data-end=\"1112\">\u2022 Vinacce passite<br data-start=\"1138\" data-end=\"1141\">\u2022 Sapore armonioso<br data-start=\"1165\" data-end=\"1168\">\u2022 Finale persistente<br data-start=\"1192\" data-end=\"1195\">\u2022 Digestivo elegante<\/p>\n","protected":false},"featured_media":5213,"template":"","meta":[],"product_brand":[],"product_cat":[188],"product_tag":[2170,1945,2497,307,2072,3914,2490,2544,2189,1481,2814,1486,2554],"class_list":{"0":"post-5212","1":"product","2":"type-product","3":"status-publish","4":"has-post-thumbnail","6":"product_cat-vino-distillati","7":"product_tag-albicocca","8":"product_tag-alto-adige","9":"product_tag-conte","10":"product_tag-digestivo","11":"product_tag-distillato","12":"product_tag-dopo-i-pasti","13":"product_tag-elegante","14":"product_tag-frutta-secca","15":"product_tag-fruttato","16":"product_tag-grappa","17":"product_tag-intenditori","18":"product_tag-passito","19":"product_tag-premium","21":"first","22":"instock","23":"shipping-taxable","24":"purchasable","25":"product-type-simple"},"yoast_head":"<!-- This site is optimized with the Yoast SEO plugin v27.4 - https:\/\/yoast.com\/product\/yoast-seo-wordpress\/ -->\n<title>Grappa Sissi Passito Graf \u2013 Grappa pregiata con una dolcezza delicata - Der Psairer - Speck, Wurst, K\u00e4se<\/title>\n<meta name=\"description\" content=\"Grappa Sissi Passito Graf \u2013 grappa elegante con note di miele, vaniglia e frutta secca. Morbida, dolciastra e perfetta come digestivo dopo i pasti.\" \/>\n<meta name=\"robots\" content=\"index, follow, max-snippet:-1, max-image-preview:large, max-video-preview:-1\" \/>\n<link rel=\"canonical\" href=\"https:\/\/derpsairer.it\/it\/produkt\/grappa-sissi-passito-graf\/\" \/>\n<meta property=\"og:locale\" content=\"it_IT\" \/>\n<meta property=\"og:type\" content=\"article\" \/>\n<meta property=\"og:title\" content=\"Grappa Sissi Passito Graf \u2013 Grappa pregiata con una dolcezza delicata - Der Psairer - Speck, Wurst, K\u00e4se\" \/>\n<meta property=\"og:description\" content=\"Grappa Sissi Passito Graf \u2013 grappa elegante con note di miele, vaniglia e frutta secca. Morbida, dolciastra e perfetta come digestivo dopo i pasti.\" \/>\n<meta property=\"og:url\" content=\"https:\/\/derpsairer.it\/it\/produkt\/grappa-sissi-passito-graf\/\" \/>\n<meta property=\"og:site_name\" content=\"Der Psairer - Speck, Wurst, K\u00e4se\" \/>\n<meta property=\"article:publisher\" content=\"https:\/\/www.facebook.com\/profile.php?id=100063648246860\" \/>\n<meta property=\"article:modified_time\" content=\"2026-01-14T15:47:55+00:00\" \/>\n<meta property=\"og:image\" content=\"https:\/\/derpsairer.it\/wp-22\/wp-content\/uploads\/2024\/03\/csm_Montage-Weinflaschen-KellereiMeran_Grappa_Passito_Sissi_8655ff8864-e1711557843754.png\" \/>\n\t<meta property=\"og:image:width\" content=\"998\" \/>\n\t<meta property=\"og:image:height\" content=\"998\" \/>\n\t<meta property=\"og:image:type\" content=\"image\/png\" \/>\n<script type=\"application\/ld+json\" class=\"yoast-schema-graph\">{\"@context\":\"https:\\\/\\\/schema.org\",\"@graph\":[{\"@type\":\"WebPage\",\"@id\":\"https:\\\/\\\/derpsairer.it\\\/it\\\/produkt\\\/grappa-sissi-passito-graf\\\/\",\"url\":\"https:\\\/\\\/derpsairer.it\\\/it\\\/produkt\\\/grappa-sissi-passito-graf\\\/\",\"name\":\"Grappa Sissi Passito Graf \u2013 Grappa pregiata con una dolcezza delicata - Der Psairer - Speck, Wurst, K\u00e4se\",\"isPartOf\":{\"@id\":\"https:\\\/\\\/derpsairer.it\\\/it\\\/#website\"},\"primaryImageOfPage\":{\"@id\":\"https:\\\/\\\/derpsairer.it\\\/it\\\/produkt\\\/grappa-sissi-passito-graf\\\/#primaryimage\"},\"image\":{\"@id\":\"https:\\\/\\\/derpsairer.it\\\/it\\\/produkt\\\/grappa-sissi-passito-graf\\\/#primaryimage\"},\"thumbnailUrl\":\"https:\\\/\\\/derpsairer.it\\\/wp-22\\\/wp-content\\\/uploads\\\/2024\\\/03\\\/csm_Montage-Weinflaschen-KellereiMeran_Grappa_Passito_Sissi_8655ff8864-e1711557843754.png\",\"datePublished\":\"2024-03-27T16:45:15+00:00\",\"dateModified\":\"2026-01-14T15:47:55+00:00\",\"description\":\"Grappa Sissi Passito Graf \u2013 grappa elegante con note di miele, vaniglia e frutta secca. Morbida, dolciastra e perfetta come digestivo dopo i pasti.\",\"breadcrumb\":{\"@id\":\"https:\\\/\\\/derpsairer.it\\\/it\\\/produkt\\\/grappa-sissi-passito-graf\\\/#breadcrumb\"},\"inLanguage\":\"it-IT\",\"potentialAction\":[{\"@type\":\"ReadAction\",\"target\":[\"https:\\\/\\\/derpsairer.it\\\/it\\\/produkt\\\/grappa-sissi-passito-graf\\\/\"]}]},{\"@type\":\"ImageObject\",\"inLanguage\":\"it-IT\",\"@id\":\"https:\\\/\\\/derpsairer.it\\\/it\\\/produkt\\\/grappa-sissi-passito-graf\\\/#primaryimage\",\"url\":\"https:\\\/\\\/derpsairer.it\\\/wp-22\\\/wp-content\\\/uploads\\\/2024\\\/03\\\/csm_Montage-Weinflaschen-KellereiMeran_Grappa_Passito_Sissi_8655ff8864-e1711557843754.png\",\"contentUrl\":\"https:\\\/\\\/derpsairer.it\\\/wp-22\\\/wp-content\\\/uploads\\\/2024\\\/03\\\/csm_Montage-Weinflaschen-KellereiMeran_Grappa_Passito_Sissi_8655ff8864-e1711557843754.png\",\"width\":998,\"height\":998},{\"@type\":\"BreadcrumbList\",\"@id\":\"https:\\\/\\\/derpsairer.it\\\/it\\\/produkt\\\/grappa-sissi-passito-graf\\\/#breadcrumb\",\"itemListElement\":[{\"@type\":\"ListItem\",\"position\":1,\"name\":\"Home\",\"item\":\"https:\\\/\\\/derpsairer.it\\\/it\\\/il-negozio-di-speck-der-psairer\\\/\"},{\"@type\":\"ListItem\",\"position\":2,\"name\":\"Shop\",\"item\":\"https:\\\/\\\/derpsairer.it\\\/shop\\\/\"},{\"@type\":\"ListItem\",\"position\":3,\"name\":\"Grappa Sissi Passito Graf \u2013 grappa elegante con note fruttate\"}]},{\"@type\":\"WebSite\",\"@id\":\"https:\\\/\\\/derpsairer.it\\\/it\\\/#website\",\"url\":\"https:\\\/\\\/derpsairer.it\\\/it\\\/\",\"name\":\"Der Psairer - Speck, Wurst, K\u00e4se\",\"description\":\"Speck, Wurst und K\u00e4s aus Passeiertal in S\u00fcdtirol online bestellen.\",\"publisher\":{\"@id\":\"https:\\\/\\\/derpsairer.it\\\/it\\\/#organization\"},\"potentialAction\":[{\"@type\":\"SearchAction\",\"target\":{\"@type\":\"EntryPoint\",\"urlTemplate\":\"https:\\\/\\\/derpsairer.it\\\/it\\\/?s={search_term_string}\"},\"query-input\":{\"@type\":\"PropertyValueSpecification\",\"valueRequired\":true,\"valueName\":\"search_term_string\"}}],\"inLanguage\":\"it-IT\"},{\"@type\":\"Organization\",\"@id\":\"https:\\\/\\\/derpsairer.it\\\/it\\\/#organization\",\"name\":\"Der Psairer - Speck, Wurst, K\u00e4se\",\"url\":\"https:\\\/\\\/derpsairer.it\\\/it\\\/\",\"logo\":{\"@type\":\"ImageObject\",\"inLanguage\":\"it-IT\",\"@id\":\"https:\\\/\\\/derpsairer.it\\\/it\\\/#\\\/schema\\\/logo\\\/image\\\/\",\"url\":\"https:\\\/\\\/derpsairer.it\\\/wp-22\\\/wp-content\\\/uploads\\\/2020\\\/03\\\/DER-PSAIRER-LOGO-2x.png\",\"contentUrl\":\"https:\\\/\\\/derpsairer.it\\\/wp-22\\\/wp-content\\\/uploads\\\/2020\\\/03\\\/DER-PSAIRER-LOGO-2x.png\",\"width\":500,\"height\":500,\"caption\":\"Der Psairer - Speck, Wurst, K\u00e4se\"},\"image\":{\"@id\":\"https:\\\/\\\/derpsairer.it\\\/it\\\/#\\\/schema\\\/logo\\\/image\\\/\"},\"sameAs\":[\"https:\\\/\\\/www.facebook.com\\\/profile.php?id=100063648246860\"]}]}<\/script>\n<!-- \/ Yoast SEO plugin. -->","yoast_head_json":{"title":"Grappa Sissi Passito Graf \u2013 Grappa pregiata con una dolcezza delicata - Der Psairer - Speck, Wurst, K\u00e4se","description":"Grappa Sissi Passito Graf \u2013 grappa elegante con note di miele, vaniglia e frutta secca. Morbida, dolciastra e perfetta come digestivo dopo i pasti.","robots":{"index":"index","follow":"follow","max-snippet":"max-snippet:-1","max-image-preview":"max-image-preview:large","max-video-preview":"max-video-preview:-1"},"canonical":"https:\/\/derpsairer.it\/it\/produkt\/grappa-sissi-passito-graf\/","og_locale":"it_IT","og_type":"article","og_title":"Grappa Sissi Passito Graf \u2013 Grappa pregiata con una dolcezza delicata - Der Psairer - Speck, Wurst, K\u00e4se","og_description":"Grappa Sissi Passito Graf \u2013 grappa elegante con note di miele, vaniglia e frutta secca. Morbida, dolciastra e perfetta come digestivo dopo i pasti.","og_url":"https:\/\/derpsairer.it\/it\/produkt\/grappa-sissi-passito-graf\/","og_site_name":"Der Psairer - Speck, Wurst, K\u00e4se","article_publisher":"https:\/\/www.facebook.com\/profile.php?id=100063648246860","article_modified_time":"2026-01-14T15:47:55+00:00","og_image":[{"width":998,"height":998,"url":"https:\/\/derpsairer.it\/wp-22\/wp-content\/uploads\/2024\/03\/csm_Montage-Weinflaschen-KellereiMeran_Grappa_Passito_Sissi_8655ff8864-e1711557843754.png","type":"image\/png"}],"schema":{"@context":"https:\/\/schema.org","@graph":[{"@type":"WebPage","@id":"https:\/\/derpsairer.it\/it\/produkt\/grappa-sissi-passito-graf\/","url":"https:\/\/derpsairer.it\/it\/produkt\/grappa-sissi-passito-graf\/","name":"Grappa Sissi Passito Graf \u2013 Grappa pregiata con una dolcezza delicata - Der Psairer - Speck, Wurst, K\u00e4se","isPartOf":{"@id":"https:\/\/derpsairer.it\/it\/#website"},"primaryImageOfPage":{"@id":"https:\/\/derpsairer.it\/it\/produkt\/grappa-sissi-passito-graf\/#primaryimage"},"image":{"@id":"https:\/\/derpsairer.it\/it\/produkt\/grappa-sissi-passito-graf\/#primaryimage"},"thumbnailUrl":"https:\/\/derpsairer.it\/wp-22\/wp-content\/uploads\/2024\/03\/csm_Montage-Weinflaschen-KellereiMeran_Grappa_Passito_Sissi_8655ff8864-e1711557843754.png","datePublished":"2024-03-27T16:45:15+00:00","dateModified":"2026-01-14T15:47:55+00:00","description":"Grappa Sissi Passito Graf \u2013 grappa elegante con note di miele, vaniglia e frutta secca. Morbida, dolciastra e perfetta come digestivo dopo i pasti.","breadcrumb":{"@id":"https:\/\/derpsairer.it\/it\/produkt\/grappa-sissi-passito-graf\/#breadcrumb"},"inLanguage":"it-IT","potentialAction":[{"@type":"ReadAction","target":["https:\/\/derpsairer.it\/it\/produkt\/grappa-sissi-passito-graf\/"]}]},{"@type":"ImageObject","inLanguage":"it-IT","@id":"https:\/\/derpsairer.it\/it\/produkt\/grappa-sissi-passito-graf\/#primaryimage","url":"https:\/\/derpsairer.it\/wp-22\/wp-content\/uploads\/2024\/03\/csm_Montage-Weinflaschen-KellereiMeran_Grappa_Passito_Sissi_8655ff8864-e1711557843754.png","contentUrl":"https:\/\/derpsairer.it\/wp-22\/wp-content\/uploads\/2024\/03\/csm_Montage-Weinflaschen-KellereiMeran_Grappa_Passito_Sissi_8655ff8864-e1711557843754.png","width":998,"height":998},{"@type":"BreadcrumbList","@id":"https:\/\/derpsairer.it\/it\/produkt\/grappa-sissi-passito-graf\/#breadcrumb","itemListElement":[{"@type":"ListItem","position":1,"name":"Home","item":"https:\/\/derpsairer.it\/it\/il-negozio-di-speck-der-psairer\/"},{"@type":"ListItem","position":2,"name":"Shop","item":"https:\/\/derpsairer.it\/shop\/"},{"@type":"ListItem","position":3,"name":"Grappa Sissi Passito Graf \u2013 grappa elegante con note fruttate"}]},{"@type":"WebSite","@id":"https:\/\/derpsairer.it\/it\/#website","url":"https:\/\/derpsairer.it\/it\/","name":"Der Psairer - Speck, Wurst, K\u00e4se","description":"Speck, Wurst und K\u00e4s aus Passeiertal in S\u00fcdtirol online bestellen.","publisher":{"@id":"https:\/\/derpsairer.it\/it\/#organization"},"potentialAction":[{"@type":"SearchAction","target":{"@type":"EntryPoint","urlTemplate":"https:\/\/derpsairer.it\/it\/?s={search_term_string}"},"query-input":{"@type":"PropertyValueSpecification","valueRequired":true,"valueName":"search_term_string"}}],"inLanguage":"it-IT"},{"@type":"Organization","@id":"https:\/\/derpsairer.it\/it\/#organization","name":"Der Psairer - Speck, Wurst, K\u00e4se","url":"https:\/\/derpsairer.it\/it\/","logo":{"@type":"ImageObject","inLanguage":"it-IT","@id":"https:\/\/derpsairer.it\/it\/#\/schema\/logo\/image\/","url":"https:\/\/derpsairer.it\/wp-22\/wp-content\/uploads\/2020\/03\/DER-PSAIRER-LOGO-2x.png","contentUrl":"https:\/\/derpsairer.it\/wp-22\/wp-content\/uploads\/2020\/03\/DER-PSAIRER-LOGO-2x.png","width":500,"height":500,"caption":"Der Psairer - Speck, Wurst, K\u00e4se"},"image":{"@id":"https:\/\/derpsairer.it\/it\/#\/schema\/logo\/image\/"},"sameAs":["https:\/\/www.facebook.com\/profile.php?id=100063648246860"]}]}},"_links":{"self":[{"href":"https:\/\/derpsairer.it\/it\/wp-json\/wp\/v2\/product\/5212","targetHints":{"allow":["GET"]}}],"collection":[{"href":"https:\/\/derpsairer.it\/it\/wp-json\/wp\/v2\/product"}],"about":[{"href":"https:\/\/derpsairer.it\/it\/wp-json\/wp\/v2\/types\/product"}],"wp:featuredmedia":[{"embeddable":true,"href":"https:\/\/derpsairer.it\/it\/wp-json\/wp\/v2\/media\/5213"}],"wp:attachment":[{"href":"https:\/\/derpsairer.it\/it\/wp-json\/wp\/v2\/media?parent=5212"}],"wp:term":[{"taxonomy":"product_brand","embeddable":true,"href":"https:\/\/derpsairer.it\/it\/wp-json\/wp\/v2\/product_brand?post=5212"},{"taxonomy":"product_cat","embeddable":true,"href":"https:\/\/derpsairer.it\/it\/wp-json\/wp\/v2\/product_cat?post=5212"},{"taxonomy":"product_tag","embeddable":true,"href":"https:\/\/derpsairer.it\/it\/wp-json\/wp\/v2\/product_tag?post=5212"}],"curies":[{"name":"wp","href":"https:\/\/api.w.org\/{rel}","templated":true}]}}