{"id":5218,"date":"2024-03-29T13:38:08","date_gmt":"2024-03-29T12:38:08","guid":{"rendered":"https:\/\/derpsairer.it\/produkt\/primitivo\/"},"modified":"2026-01-14T16:42:51","modified_gmt":"2026-01-14T15:42:51","slug":"primitivo","status":"publish","type":"product","link":"https:\/\/derpsairer.it\/it\/produkt\/primitivo\/","title":{"rendered":"Primitivo Masso Antico \u2013 vino rosso corposo proveniente dalla Puglia"},"content":{"rendered":"<p data-start=\"203\" data-end=\"626\">Il Primitivo Masso Antico presenta un colore rosso rubino e un bouquet complesso con intense note di frutta matura e spezie fini. Le uve provengono da allevamento ad alberello, vengono selezionate a mano e leggermente appassite sulla pianta dalle brezze marine. Dopo la vinificazione, il vino matura per circa sei mesi in botti di rovere francese. Un Primitivo corposo e concentrato per intenditori.   <\/p>\n<p data-start=\"628\" data-end=\"652\"><strong>Cantina:<\/strong><br data-start=\"637\" data-end=\"640\">Masso Antico<\/p>\n<p data-start=\"654\" data-end=\"675\"><strong>Vitigno:<\/strong><br data-start=\"663\" data-end=\"666\">Primitivo<\/p>\n<p data-start=\"677\" data-end=\"742\"><strong>Abbinamenti:<\/strong><br data-start=\"694\" data-end=\"697\">Carni alla griglia, stufato, formaggi stagionati<\/p>\n<p data-start=\"744\" data-end=\"787\"><strong>Affinamento:<\/strong><br data-start=\"751\" data-end=\"754\">6 mesi in botti di rovere francese<\/p>\n<p data-start=\"789\" data-end=\"818\"><strong>Temperatura di servizio:<\/strong><br data-start=\"807\" data-end=\"810\">16\u201318 \u00b0C<\/p>\n<p data-start=\"820\" data-end=\"841\"><strong>Gradazione alcolica:<\/strong><br data-start=\"834\" data-end=\"837\">14%<\/p>\n<p data-start=\"843\" data-end=\"859\"><strong>Contenuto:<\/strong><br data-start=\"850\" data-end=\"853\">0,75 l<\/p>\n<p data-start=\"861\" data-end=\"880\"><strong>Provenienza:<\/strong><br data-start=\"870\" data-end=\"873\">Puglia<\/p>\n<p data-start=\"882\" data-end=\"940\"><strong>Particolarit\u00e0:<\/strong><br data-start=\"897\" data-end=\"900\">Allevamento ad alberello con appassimento sulla pianta<\/p>\n<p data-start=\"942\" data-end=\"958\"><strong>Contiene solfiti<\/strong><\/p>\n","protected":false},"excerpt":{"rendered":"<p>\u2022 Bouquet intenso<br data-start=\"1372\" data-end=\"1375\">\u2022 Affinato in botte<br data-start=\"1388\" data-end=\"1391\">\u2022 Corpo pieno<br data-start=\"1412\" data-end=\"1415\">\u2022 Allevamento ad alberello<br data-start=\"1436\" data-end=\"1439\">\u2022 Ideale con la carne<\/p>\n","protected":false},"featured_media":5221,"template":"","meta":[],"product_brand":[],"product_cat":[188],"product_tag":[3203,2654,3871,3874,3873,2410,2189,1798,3870,869,2433,1679,3872,871],"class_list":{"0":"post-5218","1":"product","2":"type-product","3":"status-publish","4":"has-post-thumbnail","6":"product_cat-vino-distillati","7":"product_tag-affinata-in-botte","8":"product_tag-botte-di-rovere","9":"product_tag-con-formaggi-stagionati","10":"product_tag-con-lo-stufato","11":"product_tag-corposo-4","12":"product_tag-corposo","13":"product_tag-fruttato","14":"product_tag-per-carne","15":"product_tag-per-grigliate","16":"product_tag-primitivo","17":"product_tag-puglia","18":"product_tag-saporito","19":"product_tag-vino-da-sera","20":"product_tag-vino-rosso-italiano","22":"first","23":"instock","24":"shipping-taxable","25":"purchasable","26":"product-type-simple"},"yoast_head":"<!-- This site is optimized with the Yoast SEO plugin v27.4 - https:\/\/yoast.com\/product\/yoast-seo-wordpress\/ -->\n<title>Primitivo \u2013 Vino rosso corposo con aromi intensi dal Sud Italia - Der Psairer - Speck, Wurst, K\u00e4se<\/title>\n<meta name=\"description\" content=\"Primitivo Masso Antico offre un vino rosso corposo, affinato in botte, proveniente dalla Puglia, con note fruttate e speziate \u2013 ideale con carne e formaggio.\" \/>\n<meta name=\"robots\" content=\"index, follow, max-snippet:-1, max-image-preview:large, max-video-preview:-1\" \/>\n<link rel=\"canonical\" href=\"https:\/\/derpsairer.it\/it\/produkt\/primitivo\/\" \/>\n<meta property=\"og:locale\" content=\"it_IT\" \/>\n<meta property=\"og:type\" content=\"article\" \/>\n<meta property=\"og:title\" content=\"Primitivo \u2013 Vino rosso corposo con aromi intensi dal Sud Italia - Der Psairer - Speck, Wurst, K\u00e4se\" \/>\n<meta property=\"og:description\" content=\"Primitivo Masso Antico offre un vino rosso corposo, affinato in botte, proveniente dalla Puglia, con note fruttate e speziate \u2013 ideale con carne e formaggio.\" \/>\n<meta property=\"og:url\" content=\"https:\/\/derpsairer.it\/it\/produkt\/primitivo\/\" \/>\n<meta property=\"og:site_name\" content=\"Der Psairer - Speck, Wurst, K\u00e4se\" \/>\n<meta property=\"article:publisher\" content=\"https:\/\/www.facebook.com\/profile.php?id=100063648246860\" \/>\n<meta property=\"article:modified_time\" content=\"2026-01-14T15:42:51+00:00\" \/>\n<meta property=\"og:image\" content=\"https:\/\/derpsairer.it\/wp-22\/wp-content\/uploads\/2024\/03\/Masso-Antico-Primitivo-Salento-200x-560-e1711715858141.png\" \/>\n\t<meta property=\"og:image:width\" content=\"535\" \/>\n\t<meta property=\"og:image:height\" content=\"535\" \/>\n\t<meta property=\"og:image:type\" content=\"image\/png\" \/>\n<meta name=\"twitter:label1\" content=\"Tempo di lettura stimato\" \/>\n\t<meta name=\"twitter:data1\" content=\"1 minute\" \/>\n<script type=\"application\/ld+json\" class=\"yoast-schema-graph\">{\"@context\":\"https:\\\/\\\/schema.org\",\"@graph\":[{\"@type\":\"WebPage\",\"@id\":\"https:\\\/\\\/derpsairer.it\\\/it\\\/produkt\\\/primitivo\\\/\",\"url\":\"https:\\\/\\\/derpsairer.it\\\/it\\\/produkt\\\/primitivo\\\/\",\"name\":\"Primitivo \u2013 Vino rosso corposo con aromi intensi dal Sud Italia - Der Psairer - Speck, Wurst, K\u00e4se\",\"isPartOf\":{\"@id\":\"https:\\\/\\\/derpsairer.it\\\/it\\\/#website\"},\"primaryImageOfPage\":{\"@id\":\"https:\\\/\\\/derpsairer.it\\\/it\\\/produkt\\\/primitivo\\\/#primaryimage\"},\"image\":{\"@id\":\"https:\\\/\\\/derpsairer.it\\\/it\\\/produkt\\\/primitivo\\\/#primaryimage\"},\"thumbnailUrl\":\"https:\\\/\\\/derpsairer.it\\\/wp-22\\\/wp-content\\\/uploads\\\/2024\\\/03\\\/Masso-Antico-Primitivo-Salento-200x-560-e1711715858141.png\",\"datePublished\":\"2024-03-29T12:38:08+00:00\",\"dateModified\":\"2026-01-14T15:42:51+00:00\",\"description\":\"Primitivo Masso Antico offre un vino rosso corposo, affinato in botte, proveniente dalla Puglia, con note fruttate e speziate \u2013 ideale con carne e formaggio.\",\"breadcrumb\":{\"@id\":\"https:\\\/\\\/derpsairer.it\\\/it\\\/produkt\\\/primitivo\\\/#breadcrumb\"},\"inLanguage\":\"it-IT\",\"potentialAction\":[{\"@type\":\"ReadAction\",\"target\":[\"https:\\\/\\\/derpsairer.it\\\/it\\\/produkt\\\/primitivo\\\/\"]}]},{\"@type\":\"ImageObject\",\"inLanguage\":\"it-IT\",\"@id\":\"https:\\\/\\\/derpsairer.it\\\/it\\\/produkt\\\/primitivo\\\/#primaryimage\",\"url\":\"https:\\\/\\\/derpsairer.it\\\/wp-22\\\/wp-content\\\/uploads\\\/2024\\\/03\\\/Masso-Antico-Primitivo-Salento-200x-560-e1711715858141.png\",\"contentUrl\":\"https:\\\/\\\/derpsairer.it\\\/wp-22\\\/wp-content\\\/uploads\\\/2024\\\/03\\\/Masso-Antico-Primitivo-Salento-200x-560-e1711715858141.png\",\"width\":535,\"height\":535},{\"@type\":\"BreadcrumbList\",\"@id\":\"https:\\\/\\\/derpsairer.it\\\/it\\\/produkt\\\/primitivo\\\/#breadcrumb\",\"itemListElement\":[{\"@type\":\"ListItem\",\"position\":1,\"name\":\"Home\",\"item\":\"https:\\\/\\\/derpsairer.it\\\/it\\\/il-negozio-di-speck-der-psairer\\\/\"},{\"@type\":\"ListItem\",\"position\":2,\"name\":\"Shop\",\"item\":\"https:\\\/\\\/derpsairer.it\\\/shop\\\/\"},{\"@type\":\"ListItem\",\"position\":3,\"name\":\"Primitivo Masso Antico \u2013 vino rosso corposo proveniente dalla Puglia\"}]},{\"@type\":\"WebSite\",\"@id\":\"https:\\\/\\\/derpsairer.it\\\/it\\\/#website\",\"url\":\"https:\\\/\\\/derpsairer.it\\\/it\\\/\",\"name\":\"Der Psairer - Speck, Wurst, K\u00e4se\",\"description\":\"Speck, Wurst und K\u00e4s aus Passeiertal in S\u00fcdtirol online bestellen.\",\"publisher\":{\"@id\":\"https:\\\/\\\/derpsairer.it\\\/it\\\/#organization\"},\"potentialAction\":[{\"@type\":\"SearchAction\",\"target\":{\"@type\":\"EntryPoint\",\"urlTemplate\":\"https:\\\/\\\/derpsairer.it\\\/it\\\/?s={search_term_string}\"},\"query-input\":{\"@type\":\"PropertyValueSpecification\",\"valueRequired\":true,\"valueName\":\"search_term_string\"}}],\"inLanguage\":\"it-IT\"},{\"@type\":\"Organization\",\"@id\":\"https:\\\/\\\/derpsairer.it\\\/it\\\/#organization\",\"name\":\"Der Psairer - Speck, Wurst, K\u00e4se\",\"url\":\"https:\\\/\\\/derpsairer.it\\\/it\\\/\",\"logo\":{\"@type\":\"ImageObject\",\"inLanguage\":\"it-IT\",\"@id\":\"https:\\\/\\\/derpsairer.it\\\/it\\\/#\\\/schema\\\/logo\\\/image\\\/\",\"url\":\"https:\\\/\\\/derpsairer.it\\\/wp-22\\\/wp-content\\\/uploads\\\/2020\\\/03\\\/DER-PSAIRER-LOGO-2x.png\",\"contentUrl\":\"https:\\\/\\\/derpsairer.it\\\/wp-22\\\/wp-content\\\/uploads\\\/2020\\\/03\\\/DER-PSAIRER-LOGO-2x.png\",\"width\":500,\"height\":500,\"caption\":\"Der Psairer - Speck, Wurst, K\u00e4se\"},\"image\":{\"@id\":\"https:\\\/\\\/derpsairer.it\\\/it\\\/#\\\/schema\\\/logo\\\/image\\\/\"},\"sameAs\":[\"https:\\\/\\\/www.facebook.com\\\/profile.php?id=100063648246860\"]}]}<\/script>\n<!-- \/ Yoast SEO plugin. -->","yoast_head_json":{"title":"Primitivo \u2013 Vino rosso corposo con aromi intensi dal Sud Italia - Der Psairer - Speck, Wurst, K\u00e4se","description":"Primitivo Masso Antico offre un vino rosso corposo, affinato in botte, proveniente dalla Puglia, con note fruttate e speziate \u2013 ideale con carne e formaggio.","robots":{"index":"index","follow":"follow","max-snippet":"max-snippet:-1","max-image-preview":"max-image-preview:large","max-video-preview":"max-video-preview:-1"},"canonical":"https:\/\/derpsairer.it\/it\/produkt\/primitivo\/","og_locale":"it_IT","og_type":"article","og_title":"Primitivo \u2013 Vino rosso corposo con aromi intensi dal Sud Italia - Der Psairer - Speck, Wurst, K\u00e4se","og_description":"Primitivo Masso Antico offre un vino rosso corposo, affinato in botte, proveniente dalla Puglia, con note fruttate e speziate \u2013 ideale con carne e formaggio.","og_url":"https:\/\/derpsairer.it\/it\/produkt\/primitivo\/","og_site_name":"Der Psairer - Speck, Wurst, K\u00e4se","article_publisher":"https:\/\/www.facebook.com\/profile.php?id=100063648246860","article_modified_time":"2026-01-14T15:42:51+00:00","og_image":[{"width":535,"height":535,"url":"https:\/\/derpsairer.it\/wp-22\/wp-content\/uploads\/2024\/03\/Masso-Antico-Primitivo-Salento-200x-560-e1711715858141.png","type":"image\/png"}],"twitter_misc":{"Tempo di lettura stimato":"1 minute"},"schema":{"@context":"https:\/\/schema.org","@graph":[{"@type":"WebPage","@id":"https:\/\/derpsairer.it\/it\/produkt\/primitivo\/","url":"https:\/\/derpsairer.it\/it\/produkt\/primitivo\/","name":"Primitivo \u2013 Vino rosso corposo con aromi intensi dal Sud Italia - Der Psairer - Speck, Wurst, K\u00e4se","isPartOf":{"@id":"https:\/\/derpsairer.it\/it\/#website"},"primaryImageOfPage":{"@id":"https:\/\/derpsairer.it\/it\/produkt\/primitivo\/#primaryimage"},"image":{"@id":"https:\/\/derpsairer.it\/it\/produkt\/primitivo\/#primaryimage"},"thumbnailUrl":"https:\/\/derpsairer.it\/wp-22\/wp-content\/uploads\/2024\/03\/Masso-Antico-Primitivo-Salento-200x-560-e1711715858141.png","datePublished":"2024-03-29T12:38:08+00:00","dateModified":"2026-01-14T15:42:51+00:00","description":"Primitivo Masso Antico offre un vino rosso corposo, affinato in botte, proveniente dalla Puglia, con note fruttate e speziate \u2013 ideale con carne e formaggio.","breadcrumb":{"@id":"https:\/\/derpsairer.it\/it\/produkt\/primitivo\/#breadcrumb"},"inLanguage":"it-IT","potentialAction":[{"@type":"ReadAction","target":["https:\/\/derpsairer.it\/it\/produkt\/primitivo\/"]}]},{"@type":"ImageObject","inLanguage":"it-IT","@id":"https:\/\/derpsairer.it\/it\/produkt\/primitivo\/#primaryimage","url":"https:\/\/derpsairer.it\/wp-22\/wp-content\/uploads\/2024\/03\/Masso-Antico-Primitivo-Salento-200x-560-e1711715858141.png","contentUrl":"https:\/\/derpsairer.it\/wp-22\/wp-content\/uploads\/2024\/03\/Masso-Antico-Primitivo-Salento-200x-560-e1711715858141.png","width":535,"height":535},{"@type":"BreadcrumbList","@id":"https:\/\/derpsairer.it\/it\/produkt\/primitivo\/#breadcrumb","itemListElement":[{"@type":"ListItem","position":1,"name":"Home","item":"https:\/\/derpsairer.it\/it\/il-negozio-di-speck-der-psairer\/"},{"@type":"ListItem","position":2,"name":"Shop","item":"https:\/\/derpsairer.it\/shop\/"},{"@type":"ListItem","position":3,"name":"Primitivo Masso Antico \u2013 vino rosso corposo proveniente dalla Puglia"}]},{"@type":"WebSite","@id":"https:\/\/derpsairer.it\/it\/#website","url":"https:\/\/derpsairer.it\/it\/","name":"Der Psairer - Speck, Wurst, K\u00e4se","description":"Speck, Wurst und K\u00e4s aus Passeiertal in S\u00fcdtirol online bestellen.","publisher":{"@id":"https:\/\/derpsairer.it\/it\/#organization"},"potentialAction":[{"@type":"SearchAction","target":{"@type":"EntryPoint","urlTemplate":"https:\/\/derpsairer.it\/it\/?s={search_term_string}"},"query-input":{"@type":"PropertyValueSpecification","valueRequired":true,"valueName":"search_term_string"}}],"inLanguage":"it-IT"},{"@type":"Organization","@id":"https:\/\/derpsairer.it\/it\/#organization","name":"Der Psairer - Speck, Wurst, K\u00e4se","url":"https:\/\/derpsairer.it\/it\/","logo":{"@type":"ImageObject","inLanguage":"it-IT","@id":"https:\/\/derpsairer.it\/it\/#\/schema\/logo\/image\/","url":"https:\/\/derpsairer.it\/wp-22\/wp-content\/uploads\/2020\/03\/DER-PSAIRER-LOGO-2x.png","contentUrl":"https:\/\/derpsairer.it\/wp-22\/wp-content\/uploads\/2020\/03\/DER-PSAIRER-LOGO-2x.png","width":500,"height":500,"caption":"Der Psairer - Speck, Wurst, K\u00e4se"},"image":{"@id":"https:\/\/derpsairer.it\/it\/#\/schema\/logo\/image\/"},"sameAs":["https:\/\/www.facebook.com\/profile.php?id=100063648246860"]}]}},"_links":{"self":[{"href":"https:\/\/derpsairer.it\/it\/wp-json\/wp\/v2\/product\/5218","targetHints":{"allow":["GET"]}}],"collection":[{"href":"https:\/\/derpsairer.it\/it\/wp-json\/wp\/v2\/product"}],"about":[{"href":"https:\/\/derpsairer.it\/it\/wp-json\/wp\/v2\/types\/product"}],"wp:featuredmedia":[{"embeddable":true,"href":"https:\/\/derpsairer.it\/it\/wp-json\/wp\/v2\/media\/5221"}],"wp:attachment":[{"href":"https:\/\/derpsairer.it\/it\/wp-json\/wp\/v2\/media?parent=5218"}],"wp:term":[{"taxonomy":"product_brand","embeddable":true,"href":"https:\/\/derpsairer.it\/it\/wp-json\/wp\/v2\/product_brand?post=5218"},{"taxonomy":"product_cat","embeddable":true,"href":"https:\/\/derpsairer.it\/it\/wp-json\/wp\/v2\/product_cat?post=5218"},{"taxonomy":"product_tag","embeddable":true,"href":"https:\/\/derpsairer.it\/it\/wp-json\/wp\/v2\/product_tag?post=5218"}],"curies":[{"name":"wp","href":"https:\/\/api.w.org\/{rel}","templated":true}]}}