{"id":5224,"date":"2024-04-21T15:16:33","date_gmt":"2024-04-21T13:16:33","guid":{"rendered":"https:\/\/derpsairer.it\/produkt\/miele-di-acacia-con-noci\/"},"modified":"2025-12-11T10:48:36","modified_gmt":"2025-12-11T09:48:36","slug":"miele-di-acacia-con-noci","status":"publish","type":"product","link":"https:\/\/derpsairer.it\/it\/produkt\/miele-di-acacia-con-noci\/","title":{"rendered":"Miele di acacia con noci \u2013 nobile combinazione di miele e noci"},"content":{"rendered":"<p data-start=\"2057\" data-end=\"2378\">Questo miele di acacia con noci combina un miele delicato e dorato con noci croccanti. La dolcezza naturale del miele avvolge delicatamente le noci ed esalta il loro aroma intenso. Ideale come accompagnamento a taglieri di formaggi, come topping per yogurt o cr\u00eapes o da solo come prelibatezza.  <\/p>\n<p data-start=\"2380\" data-end=\"2419\">Contenuto: 240 g \u2013 460 g.<\/p>\n","protected":false},"excerpt":{"rendered":"<p>\u2022 Miele delicato e dolce<br data-start=\"2755\" data-end=\"2758\">\u2022 Noci croccanti<br data-start=\"2777\" data-end=\"2780\">\u2022 Aroma intenso<br data-start=\"2798\" data-end=\"2801\">\u2022 Versatile<br data-start=\"2824\" data-end=\"2827\">\u2022 Ideale per taglieri di formaggi<\/p>\n","protected":false},"featured_media":5225,"template":"","meta":[],"product_brand":[],"product_cat":[146],"product_tag":[2033,2062,1692,284,270,2814,269,3027,1625,3029],"class_list":{"0":"post-5224","1":"product","2":"type-product","3":"status-publish","4":"has-post-thumbnail","6":"product_cat-miele","7":"product_tag-aromatico","8":"product_tag-con-formaggio","9":"product_tag-delicata","10":"product_tag-fruehstueck","11":"product_tag-honig-mit-nuessen","12":"product_tag-intenditori","13":"product_tag-miele-di-acacia","14":"product_tag-noce","15":"product_tag-per-pane","16":"product_tag-topping","18":"first","19":"instock","20":"shipping-taxable","21":"purchasable","22":"product-type-variable","23":"has-default-attributes"},"yoast_head":"<!-- This site is optimized with the Yoast SEO plugin v27.4 - https:\/\/yoast.com\/product\/yoast-seo-wordpress\/ -->\n<title>Miele di acacia con noci \u2013 Nocciolato, dolce e finemente aromatico - Der Psairer - Speck, Wurst, K\u00e4se<\/title>\n<meta name=\"description\" content=\"Il miele di acacia e noci unisce il miele delicato alle aromatiche noci e si abbina idealmente a formaggi, yogurt, cr\u00eapes o da solo.\" \/>\n<meta name=\"robots\" content=\"index, follow, max-snippet:-1, max-image-preview:large, max-video-preview:-1\" \/>\n<link rel=\"canonical\" href=\"https:\/\/derpsairer.it\/it\/produkt\/miele-di-acacia-con-noci\/\" \/>\n<meta property=\"og:locale\" content=\"it_IT\" \/>\n<meta property=\"og:type\" content=\"article\" \/>\n<meta property=\"og:title\" content=\"Miele di acacia con noci \u2013 Nocciolato, dolce e finemente aromatico - Der Psairer - Speck, Wurst, K\u00e4se\" \/>\n<meta property=\"og:description\" content=\"Il miele di acacia e noci unisce il miele delicato alle aromatiche noci e si abbina idealmente a formaggi, yogurt, cr\u00eapes o da solo.\" \/>\n<meta property=\"og:url\" content=\"https:\/\/derpsairer.it\/it\/produkt\/miele-di-acacia-con-noci\/\" \/>\n<meta property=\"og:site_name\" content=\"Der Psairer - Speck, Wurst, K\u00e4se\" \/>\n<meta property=\"article:publisher\" content=\"https:\/\/www.facebook.com\/profile.php?id=100063648246860\" \/>\n<meta property=\"article:modified_time\" content=\"2025-12-11T09:48:36+00:00\" \/>\n<meta property=\"og:image\" content=\"https:\/\/derpsairer.it\/wp-22\/wp-content\/uploads\/2024\/04\/20240421_152558.jpg\" \/>\n\t<meta property=\"og:image:width\" content=\"2000\" \/>\n\t<meta property=\"og:image:height\" content=\"2000\" \/>\n\t<meta property=\"og:image:type\" content=\"image\/jpeg\" \/>\n<script type=\"application\/ld+json\" class=\"yoast-schema-graph\">{\"@context\":\"https:\\\/\\\/schema.org\",\"@graph\":[{\"@type\":\"WebPage\",\"@id\":\"https:\\\/\\\/derpsairer.it\\\/it\\\/produkt\\\/miele-di-acacia-con-noci\\\/\",\"url\":\"https:\\\/\\\/derpsairer.it\\\/it\\\/produkt\\\/miele-di-acacia-con-noci\\\/\",\"name\":\"Miele di acacia con noci \u2013 Nocciolato, dolce e finemente aromatico - Der Psairer - Speck, Wurst, K\u00e4se\",\"isPartOf\":{\"@id\":\"https:\\\/\\\/derpsairer.it\\\/it\\\/#website\"},\"primaryImageOfPage\":{\"@id\":\"https:\\\/\\\/derpsairer.it\\\/it\\\/produkt\\\/miele-di-acacia-con-noci\\\/#primaryimage\"},\"image\":{\"@id\":\"https:\\\/\\\/derpsairer.it\\\/it\\\/produkt\\\/miele-di-acacia-con-noci\\\/#primaryimage\"},\"thumbnailUrl\":\"https:\\\/\\\/derpsairer.it\\\/wp-22\\\/wp-content\\\/uploads\\\/2024\\\/04\\\/20240421_152558.jpg\",\"datePublished\":\"2024-04-21T13:16:33+00:00\",\"dateModified\":\"2025-12-11T09:48:36+00:00\",\"description\":\"Il miele di acacia e noci unisce il miele delicato alle aromatiche noci e si abbina idealmente a formaggi, yogurt, cr\u00eapes o da solo.\",\"breadcrumb\":{\"@id\":\"https:\\\/\\\/derpsairer.it\\\/it\\\/produkt\\\/miele-di-acacia-con-noci\\\/#breadcrumb\"},\"inLanguage\":\"it-IT\",\"potentialAction\":[{\"@type\":\"ReadAction\",\"target\":[\"https:\\\/\\\/derpsairer.it\\\/it\\\/produkt\\\/miele-di-acacia-con-noci\\\/\"]}]},{\"@type\":\"ImageObject\",\"inLanguage\":\"it-IT\",\"@id\":\"https:\\\/\\\/derpsairer.it\\\/it\\\/produkt\\\/miele-di-acacia-con-noci\\\/#primaryimage\",\"url\":\"https:\\\/\\\/derpsairer.it\\\/wp-22\\\/wp-content\\\/uploads\\\/2024\\\/04\\\/20240421_152558.jpg\",\"contentUrl\":\"https:\\\/\\\/derpsairer.it\\\/wp-22\\\/wp-content\\\/uploads\\\/2024\\\/04\\\/20240421_152558.jpg\",\"width\":2000,\"height\":2000},{\"@type\":\"BreadcrumbList\",\"@id\":\"https:\\\/\\\/derpsairer.it\\\/it\\\/produkt\\\/miele-di-acacia-con-noci\\\/#breadcrumb\",\"itemListElement\":[{\"@type\":\"ListItem\",\"position\":1,\"name\":\"Home\",\"item\":\"https:\\\/\\\/derpsairer.it\\\/it\\\/il-negozio-di-speck-der-psairer\\\/\"},{\"@type\":\"ListItem\",\"position\":2,\"name\":\"Shop\",\"item\":\"https:\\\/\\\/derpsairer.it\\\/shop\\\/\"},{\"@type\":\"ListItem\",\"position\":3,\"name\":\"Miele di acacia con noci \u2013 nobile combinazione di miele e noci\"}]},{\"@type\":\"WebSite\",\"@id\":\"https:\\\/\\\/derpsairer.it\\\/it\\\/#website\",\"url\":\"https:\\\/\\\/derpsairer.it\\\/it\\\/\",\"name\":\"Der Psairer - Speck, Wurst, K\u00e4se\",\"description\":\"Speck, Wurst und K\u00e4s aus Passeiertal in S\u00fcdtirol online bestellen.\",\"publisher\":{\"@id\":\"https:\\\/\\\/derpsairer.it\\\/it\\\/#organization\"},\"potentialAction\":[{\"@type\":\"SearchAction\",\"target\":{\"@type\":\"EntryPoint\",\"urlTemplate\":\"https:\\\/\\\/derpsairer.it\\\/it\\\/?s={search_term_string}\"},\"query-input\":{\"@type\":\"PropertyValueSpecification\",\"valueRequired\":true,\"valueName\":\"search_term_string\"}}],\"inLanguage\":\"it-IT\"},{\"@type\":\"Organization\",\"@id\":\"https:\\\/\\\/derpsairer.it\\\/it\\\/#organization\",\"name\":\"Der Psairer - Speck, Wurst, K\u00e4se\",\"url\":\"https:\\\/\\\/derpsairer.it\\\/it\\\/\",\"logo\":{\"@type\":\"ImageObject\",\"inLanguage\":\"it-IT\",\"@id\":\"https:\\\/\\\/derpsairer.it\\\/it\\\/#\\\/schema\\\/logo\\\/image\\\/\",\"url\":\"https:\\\/\\\/derpsairer.it\\\/wp-22\\\/wp-content\\\/uploads\\\/2020\\\/03\\\/DER-PSAIRER-LOGO-2x.png\",\"contentUrl\":\"https:\\\/\\\/derpsairer.it\\\/wp-22\\\/wp-content\\\/uploads\\\/2020\\\/03\\\/DER-PSAIRER-LOGO-2x.png\",\"width\":500,\"height\":500,\"caption\":\"Der Psairer - Speck, Wurst, K\u00e4se\"},\"image\":{\"@id\":\"https:\\\/\\\/derpsairer.it\\\/it\\\/#\\\/schema\\\/logo\\\/image\\\/\"},\"sameAs\":[\"https:\\\/\\\/www.facebook.com\\\/profile.php?id=100063648246860\"]}]}<\/script>\n<!-- \/ Yoast SEO plugin. -->","yoast_head_json":{"title":"Miele di acacia con noci \u2013 Nocciolato, dolce e finemente aromatico - Der Psairer - Speck, Wurst, K\u00e4se","description":"Il miele di acacia e noci unisce il miele delicato alle aromatiche noci e si abbina idealmente a formaggi, yogurt, cr\u00eapes o da solo.","robots":{"index":"index","follow":"follow","max-snippet":"max-snippet:-1","max-image-preview":"max-image-preview:large","max-video-preview":"max-video-preview:-1"},"canonical":"https:\/\/derpsairer.it\/it\/produkt\/miele-di-acacia-con-noci\/","og_locale":"it_IT","og_type":"article","og_title":"Miele di acacia con noci \u2013 Nocciolato, dolce e finemente aromatico - Der Psairer - Speck, Wurst, K\u00e4se","og_description":"Il miele di acacia e noci unisce il miele delicato alle aromatiche noci e si abbina idealmente a formaggi, yogurt, cr\u00eapes o da solo.","og_url":"https:\/\/derpsairer.it\/it\/produkt\/miele-di-acacia-con-noci\/","og_site_name":"Der Psairer - Speck, Wurst, K\u00e4se","article_publisher":"https:\/\/www.facebook.com\/profile.php?id=100063648246860","article_modified_time":"2025-12-11T09:48:36+00:00","og_image":[{"width":2000,"height":2000,"url":"https:\/\/derpsairer.it\/wp-22\/wp-content\/uploads\/2024\/04\/20240421_152558.jpg","type":"image\/jpeg"}],"schema":{"@context":"https:\/\/schema.org","@graph":[{"@type":"WebPage","@id":"https:\/\/derpsairer.it\/it\/produkt\/miele-di-acacia-con-noci\/","url":"https:\/\/derpsairer.it\/it\/produkt\/miele-di-acacia-con-noci\/","name":"Miele di acacia con noci \u2013 Nocciolato, dolce e finemente aromatico - Der Psairer - Speck, Wurst, K\u00e4se","isPartOf":{"@id":"https:\/\/derpsairer.it\/it\/#website"},"primaryImageOfPage":{"@id":"https:\/\/derpsairer.it\/it\/produkt\/miele-di-acacia-con-noci\/#primaryimage"},"image":{"@id":"https:\/\/derpsairer.it\/it\/produkt\/miele-di-acacia-con-noci\/#primaryimage"},"thumbnailUrl":"https:\/\/derpsairer.it\/wp-22\/wp-content\/uploads\/2024\/04\/20240421_152558.jpg","datePublished":"2024-04-21T13:16:33+00:00","dateModified":"2025-12-11T09:48:36+00:00","description":"Il miele di acacia e noci unisce il miele delicato alle aromatiche noci e si abbina idealmente a formaggi, yogurt, cr\u00eapes o da solo.","breadcrumb":{"@id":"https:\/\/derpsairer.it\/it\/produkt\/miele-di-acacia-con-noci\/#breadcrumb"},"inLanguage":"it-IT","potentialAction":[{"@type":"ReadAction","target":["https:\/\/derpsairer.it\/it\/produkt\/miele-di-acacia-con-noci\/"]}]},{"@type":"ImageObject","inLanguage":"it-IT","@id":"https:\/\/derpsairer.it\/it\/produkt\/miele-di-acacia-con-noci\/#primaryimage","url":"https:\/\/derpsairer.it\/wp-22\/wp-content\/uploads\/2024\/04\/20240421_152558.jpg","contentUrl":"https:\/\/derpsairer.it\/wp-22\/wp-content\/uploads\/2024\/04\/20240421_152558.jpg","width":2000,"height":2000},{"@type":"BreadcrumbList","@id":"https:\/\/derpsairer.it\/it\/produkt\/miele-di-acacia-con-noci\/#breadcrumb","itemListElement":[{"@type":"ListItem","position":1,"name":"Home","item":"https:\/\/derpsairer.it\/it\/il-negozio-di-speck-der-psairer\/"},{"@type":"ListItem","position":2,"name":"Shop","item":"https:\/\/derpsairer.it\/shop\/"},{"@type":"ListItem","position":3,"name":"Miele di acacia con noci \u2013 nobile combinazione di miele e noci"}]},{"@type":"WebSite","@id":"https:\/\/derpsairer.it\/it\/#website","url":"https:\/\/derpsairer.it\/it\/","name":"Der Psairer - Speck, Wurst, K\u00e4se","description":"Speck, Wurst und K\u00e4s aus Passeiertal in S\u00fcdtirol online bestellen.","publisher":{"@id":"https:\/\/derpsairer.it\/it\/#organization"},"potentialAction":[{"@type":"SearchAction","target":{"@type":"EntryPoint","urlTemplate":"https:\/\/derpsairer.it\/it\/?s={search_term_string}"},"query-input":{"@type":"PropertyValueSpecification","valueRequired":true,"valueName":"search_term_string"}}],"inLanguage":"it-IT"},{"@type":"Organization","@id":"https:\/\/derpsairer.it\/it\/#organization","name":"Der Psairer - Speck, Wurst, K\u00e4se","url":"https:\/\/derpsairer.it\/it\/","logo":{"@type":"ImageObject","inLanguage":"it-IT","@id":"https:\/\/derpsairer.it\/it\/#\/schema\/logo\/image\/","url":"https:\/\/derpsairer.it\/wp-22\/wp-content\/uploads\/2020\/03\/DER-PSAIRER-LOGO-2x.png","contentUrl":"https:\/\/derpsairer.it\/wp-22\/wp-content\/uploads\/2020\/03\/DER-PSAIRER-LOGO-2x.png","width":500,"height":500,"caption":"Der Psairer - Speck, Wurst, K\u00e4se"},"image":{"@id":"https:\/\/derpsairer.it\/it\/#\/schema\/logo\/image\/"},"sameAs":["https:\/\/www.facebook.com\/profile.php?id=100063648246860"]}]}},"_links":{"self":[{"href":"https:\/\/derpsairer.it\/it\/wp-json\/wp\/v2\/product\/5224","targetHints":{"allow":["GET"]}}],"collection":[{"href":"https:\/\/derpsairer.it\/it\/wp-json\/wp\/v2\/product"}],"about":[{"href":"https:\/\/derpsairer.it\/it\/wp-json\/wp\/v2\/types\/product"}],"wp:featuredmedia":[{"embeddable":true,"href":"https:\/\/derpsairer.it\/it\/wp-json\/wp\/v2\/media\/5225"}],"wp:attachment":[{"href":"https:\/\/derpsairer.it\/it\/wp-json\/wp\/v2\/media?parent=5224"}],"wp:term":[{"taxonomy":"product_brand","embeddable":true,"href":"https:\/\/derpsairer.it\/it\/wp-json\/wp\/v2\/product_brand?post=5224"},{"taxonomy":"product_cat","embeddable":true,"href":"https:\/\/derpsairer.it\/it\/wp-json\/wp\/v2\/product_cat?post=5224"},{"taxonomy":"product_tag","embeddable":true,"href":"https:\/\/derpsairer.it\/it\/wp-json\/wp\/v2\/product_tag?post=5224"}],"curies":[{"name":"wp","href":"https:\/\/api.w.org\/{rel}","templated":true}]}}