{"id":5230,"date":"2024-03-29T18:33:36","date_gmt":"2024-03-29T17:33:36","guid":{"rendered":"https:\/\/derpsairer.it\/produkt\/pinot-nero-muri-gries\/"},"modified":"2026-01-14T16:42:30","modified_gmt":"2026-01-14T15:42:30","slug":"pinot-nero-muri-gries","status":"publish","type":"product","link":"https:\/\/derpsairer.it\/it\/produkt\/pinot-nero-muri-gries\/","title":{"rendered":"Blauburgunder Muri Gries \u2013 Vino rosso fruttato ed elegante"},"content":{"rendered":"<p data-start=\"4255\" data-end=\"4617\">Il Blauburgunder Muri Gries mostra un&#8217;eleganza fruttata con una struttura sottile e una pienezza vellutata. Le uve provengono da vigneti situati ad alta quota su terreni sabbiosi e ghiaiosi calcarei. Al palato il vino risulta morbido, equilibrato e versatile negli abbinamenti. Ideale con spalla di manzo brasata, costolette di agnello o verdure grigliate mediterranee.   <\/p>\n<p data-start=\"4619\" data-end=\"4641\"><strong>Cantina:<\/strong><br data-start=\"4628\" data-end=\"4631\">Muri Gries<\/p>\n<p data-start=\"4643\" data-end=\"4668\"><strong>Vitigno:<\/strong><br data-start=\"4652\" data-end=\"4655\">Blauburgunder<\/p>\n<p data-start=\"4670\" data-end=\"4758\"><strong>Abbinamenti consigliati:<\/strong><br data-start=\"4687\" data-end=\"4690\">Spalla di manzo brasata, costolette di agnello, verdure grigliate mediterranee<\/p>\n<p data-start=\"4760\" data-end=\"4800\"><strong>Affinamento:<\/strong><br data-start=\"4767\" data-end=\"4770\">5 mesi in grandi botti di legno<\/p>\n<p data-start=\"4802\" data-end=\"4831\"><strong>Temperatura di servizio:<\/strong><br data-start=\"4820\" data-end=\"4823\">13\u201315 \u00b0C<\/p>\n<p data-start=\"4833\" data-end=\"4856\"><strong>Gradazione alcolica:<\/strong><br data-start=\"4847\" data-end=\"4850\">13,5 %<\/p>\n<p data-start=\"4858\" data-end=\"4874\"><strong>Contenuto:<\/strong><br data-start=\"4865\" data-end=\"4868\">0,75 l<\/p>\n<p data-start=\"4876\" data-end=\"4896\"><strong>Provenienza:<\/strong><br data-start=\"4885\" data-end=\"4888\">Alto Adige<\/p>\n<p data-start=\"4898\" data-end=\"4941\"><strong>Particolarit\u00e0:<\/strong><br data-start=\"4913\" data-end=\"4916\">Affinamento in botte grande di legno<\/p>\n<p data-start=\"4943\" data-end=\"4959\"><strong>Contiene solfiti<\/strong><\/p>\n","protected":false},"excerpt":{"rendered":"<p>Il Blauburgunder Muri Gries mostra un&#8217;eleganza fruttata con una struttura sottile e una pienezza vellutata. Le uve provengono da vigneti situati ad alta quota su terreni sabbiosi e ghiaiosi calcarei&#8230;.<\/p>\n","protected":false},"featured_media":5231,"template":"","meta":[],"product_brand":[],"product_cat":[188],"product_tag":[2563,2062,2490,2189,3862,3863,3864,1291,1798,2614,1287,2628,2855,2059],"class_list":{"0":"post-5230","1":"product","2":"type-product","3":"status-publish","4":"has-post-thumbnail","6":"product_cat-vino-distillati","7":"product_tag-botte-di-legno","8":"product_tag-con-formaggio","9":"product_tag-elegante","10":"product_tag-fruttato","11":"product_tag-ideale-con-agnello","12":"product_tag-ideale-con-brasati","13":"product_tag-ideale-con-verdure-grigliate","14":"product_tag-muri-gries","15":"product_tag-per-carne","16":"product_tag-pinot-nero-3","17":"product_tag-pinot-nero","18":"product_tag-vellutato","19":"product_tag-versatile","20":"product_tag-vino-rosso-altoatesino-2","22":"first","23":"instock","24":"taxable","25":"shipping-taxable","26":"purchasable","27":"product-type-simple"},"yoast_head":"<!-- This site is optimized with the Yoast SEO plugin v27.5 - https:\/\/yoast.com\/product\/yoast-seo-wordpress\/ -->\n<title>Pinot Nero Muri Gries \u2013 Elegante vino rosso con struttura fine - Der Psairer - Speck, Wurst, K\u00e4se<\/title>\n<meta name=\"description\" content=\"Blauburgunder Muri Gries offre un vino rosso fruttato ed elegante dell&#039;Alto Adige, con corpo morbido e ideale da abbinare a carne e verdure grigliate.\" \/>\n<meta name=\"robots\" content=\"index, follow, max-snippet:-1, max-image-preview:large, max-video-preview:-1\" \/>\n<link rel=\"canonical\" href=\"https:\/\/derpsairer.it\/it\/produkt\/pinot-nero-muri-gries\/\" \/>\n<meta property=\"og:locale\" content=\"it_IT\" \/>\n<meta property=\"og:type\" content=\"article\" \/>\n<meta property=\"og:title\" content=\"Pinot Nero Muri Gries \u2013 Elegante vino rosso con struttura fine - Der Psairer - Speck, Wurst, K\u00e4se\" \/>\n<meta property=\"og:description\" content=\"Blauburgunder Muri Gries offre un vino rosso fruttato ed elegante dell&#039;Alto Adige, con corpo morbido e ideale da abbinare a carne e verdure grigliate.\" \/>\n<meta property=\"og:url\" content=\"https:\/\/derpsairer.it\/it\/produkt\/pinot-nero-muri-gries\/\" \/>\n<meta property=\"og:site_name\" content=\"Der Psairer - Speck, Wurst, K\u00e4se\" \/>\n<meta property=\"article:publisher\" content=\"https:\/\/www.facebook.com\/profile.php?id=100063648246860\" \/>\n<meta property=\"article:modified_time\" content=\"2026-01-14T15:42:30+00:00\" \/>\n<meta property=\"og:image\" content=\"https:\/\/derpsairer.it\/wp-22\/wp-content\/uploads\/2024\/03\/suedtirol_wein_kellerei_muri_gries_blauburgunder.png\" \/>\n\t<meta property=\"og:image:width\" content=\"650\" \/>\n\t<meta property=\"og:image:height\" content=\"650\" \/>\n\t<meta property=\"og:image:type\" content=\"image\/png\" \/>\n<script type=\"application\/ld+json\" class=\"yoast-schema-graph\">{\"@context\":\"https:\\\/\\\/schema.org\",\"@graph\":[{\"@type\":\"WebPage\",\"@id\":\"https:\\\/\\\/derpsairer.it\\\/it\\\/produkt\\\/pinot-nero-muri-gries\\\/\",\"url\":\"https:\\\/\\\/derpsairer.it\\\/it\\\/produkt\\\/pinot-nero-muri-gries\\\/\",\"name\":\"Pinot Nero Muri Gries \u2013 Elegante vino rosso con struttura fine - Der Psairer - Speck, Wurst, K\u00e4se\",\"isPartOf\":{\"@id\":\"https:\\\/\\\/derpsairer.it\\\/it\\\/#website\"},\"primaryImageOfPage\":{\"@id\":\"https:\\\/\\\/derpsairer.it\\\/it\\\/produkt\\\/pinot-nero-muri-gries\\\/#primaryimage\"},\"image\":{\"@id\":\"https:\\\/\\\/derpsairer.it\\\/it\\\/produkt\\\/pinot-nero-muri-gries\\\/#primaryimage\"},\"thumbnailUrl\":\"https:\\\/\\\/derpsairer.it\\\/wp-22\\\/wp-content\\\/uploads\\\/2024\\\/03\\\/suedtirol_wein_kellerei_muri_gries_blauburgunder.png\",\"datePublished\":\"2024-03-29T17:33:36+00:00\",\"dateModified\":\"2026-01-14T15:42:30+00:00\",\"description\":\"Blauburgunder Muri Gries offre un vino rosso fruttato ed elegante dell'Alto Adige, con corpo morbido e ideale da abbinare a carne e verdure grigliate.\",\"breadcrumb\":{\"@id\":\"https:\\\/\\\/derpsairer.it\\\/it\\\/produkt\\\/pinot-nero-muri-gries\\\/#breadcrumb\"},\"inLanguage\":\"it-IT\",\"potentialAction\":[{\"@type\":\"ReadAction\",\"target\":[\"https:\\\/\\\/derpsairer.it\\\/it\\\/produkt\\\/pinot-nero-muri-gries\\\/\"]}]},{\"@type\":\"ImageObject\",\"inLanguage\":\"it-IT\",\"@id\":\"https:\\\/\\\/derpsairer.it\\\/it\\\/produkt\\\/pinot-nero-muri-gries\\\/#primaryimage\",\"url\":\"https:\\\/\\\/derpsairer.it\\\/wp-22\\\/wp-content\\\/uploads\\\/2024\\\/03\\\/suedtirol_wein_kellerei_muri_gries_blauburgunder.png\",\"contentUrl\":\"https:\\\/\\\/derpsairer.it\\\/wp-22\\\/wp-content\\\/uploads\\\/2024\\\/03\\\/suedtirol_wein_kellerei_muri_gries_blauburgunder.png\",\"width\":650,\"height\":650},{\"@type\":\"BreadcrumbList\",\"@id\":\"https:\\\/\\\/derpsairer.it\\\/it\\\/produkt\\\/pinot-nero-muri-gries\\\/#breadcrumb\",\"itemListElement\":[{\"@type\":\"ListItem\",\"position\":1,\"name\":\"Home\",\"item\":\"https:\\\/\\\/derpsairer.it\\\/it\\\/il-negozio-di-speck-der-psairer\\\/\"},{\"@type\":\"ListItem\",\"position\":2,\"name\":\"Shop\",\"item\":\"https:\\\/\\\/derpsairer.it\\\/shop\\\/\"},{\"@type\":\"ListItem\",\"position\":3,\"name\":\"Blauburgunder Muri Gries \u2013 Vino rosso fruttato ed elegante\"}]},{\"@type\":\"WebSite\",\"@id\":\"https:\\\/\\\/derpsairer.it\\\/it\\\/#website\",\"url\":\"https:\\\/\\\/derpsairer.it\\\/it\\\/\",\"name\":\"Der Psairer - Speck, Wurst, K\u00e4se\",\"description\":\"Speck, Wurst und K\u00e4s aus Passeiertal in S\u00fcdtirol online bestellen.\",\"publisher\":{\"@id\":\"https:\\\/\\\/derpsairer.it\\\/it\\\/#organization\"},\"potentialAction\":[{\"@type\":\"SearchAction\",\"target\":{\"@type\":\"EntryPoint\",\"urlTemplate\":\"https:\\\/\\\/derpsairer.it\\\/it\\\/?s={search_term_string}\"},\"query-input\":{\"@type\":\"PropertyValueSpecification\",\"valueRequired\":true,\"valueName\":\"search_term_string\"}}],\"inLanguage\":\"it-IT\"},{\"@type\":\"Organization\",\"@id\":\"https:\\\/\\\/derpsairer.it\\\/it\\\/#organization\",\"name\":\"Der Psairer - Speck, Wurst, K\u00e4se\",\"url\":\"https:\\\/\\\/derpsairer.it\\\/it\\\/\",\"logo\":{\"@type\":\"ImageObject\",\"inLanguage\":\"it-IT\",\"@id\":\"https:\\\/\\\/derpsairer.it\\\/it\\\/#\\\/schema\\\/logo\\\/image\\\/\",\"url\":\"https:\\\/\\\/derpsairer.it\\\/wp-22\\\/wp-content\\\/uploads\\\/2020\\\/03\\\/DER-PSAIRER-LOGO-2x.png\",\"contentUrl\":\"https:\\\/\\\/derpsairer.it\\\/wp-22\\\/wp-content\\\/uploads\\\/2020\\\/03\\\/DER-PSAIRER-LOGO-2x.png\",\"width\":500,\"height\":500,\"caption\":\"Der Psairer - Speck, Wurst, K\u00e4se\"},\"image\":{\"@id\":\"https:\\\/\\\/derpsairer.it\\\/it\\\/#\\\/schema\\\/logo\\\/image\\\/\"},\"sameAs\":[\"https:\\\/\\\/www.facebook.com\\\/profile.php?id=100063648246860\"]}]}<\/script>\n<!-- \/ Yoast SEO plugin. -->","yoast_head_json":{"title":"Pinot Nero Muri Gries \u2013 Elegante vino rosso con struttura fine - Der Psairer - Speck, Wurst, K\u00e4se","description":"Blauburgunder Muri Gries offre un vino rosso fruttato ed elegante dell'Alto Adige, con corpo morbido e ideale da abbinare a carne e verdure grigliate.","robots":{"index":"index","follow":"follow","max-snippet":"max-snippet:-1","max-image-preview":"max-image-preview:large","max-video-preview":"max-video-preview:-1"},"canonical":"https:\/\/derpsairer.it\/it\/produkt\/pinot-nero-muri-gries\/","og_locale":"it_IT","og_type":"article","og_title":"Pinot Nero Muri Gries \u2013 Elegante vino rosso con struttura fine - Der Psairer - Speck, Wurst, K\u00e4se","og_description":"Blauburgunder Muri Gries offre un vino rosso fruttato ed elegante dell'Alto Adige, con corpo morbido e ideale da abbinare a carne e verdure grigliate.","og_url":"https:\/\/derpsairer.it\/it\/produkt\/pinot-nero-muri-gries\/","og_site_name":"Der Psairer - Speck, Wurst, K\u00e4se","article_publisher":"https:\/\/www.facebook.com\/profile.php?id=100063648246860","article_modified_time":"2026-01-14T15:42:30+00:00","og_image":[{"width":650,"height":650,"url":"https:\/\/derpsairer.it\/wp-22\/wp-content\/uploads\/2024\/03\/suedtirol_wein_kellerei_muri_gries_blauburgunder.png","type":"image\/png"}],"schema":{"@context":"https:\/\/schema.org","@graph":[{"@type":"WebPage","@id":"https:\/\/derpsairer.it\/it\/produkt\/pinot-nero-muri-gries\/","url":"https:\/\/derpsairer.it\/it\/produkt\/pinot-nero-muri-gries\/","name":"Pinot Nero Muri Gries \u2013 Elegante vino rosso con struttura fine - Der Psairer - Speck, Wurst, K\u00e4se","isPartOf":{"@id":"https:\/\/derpsairer.it\/it\/#website"},"primaryImageOfPage":{"@id":"https:\/\/derpsairer.it\/it\/produkt\/pinot-nero-muri-gries\/#primaryimage"},"image":{"@id":"https:\/\/derpsairer.it\/it\/produkt\/pinot-nero-muri-gries\/#primaryimage"},"thumbnailUrl":"https:\/\/derpsairer.it\/wp-22\/wp-content\/uploads\/2024\/03\/suedtirol_wein_kellerei_muri_gries_blauburgunder.png","datePublished":"2024-03-29T17:33:36+00:00","dateModified":"2026-01-14T15:42:30+00:00","description":"Blauburgunder Muri Gries offre un vino rosso fruttato ed elegante dell'Alto Adige, con corpo morbido e ideale da abbinare a carne e verdure grigliate.","breadcrumb":{"@id":"https:\/\/derpsairer.it\/it\/produkt\/pinot-nero-muri-gries\/#breadcrumb"},"inLanguage":"it-IT","potentialAction":[{"@type":"ReadAction","target":["https:\/\/derpsairer.it\/it\/produkt\/pinot-nero-muri-gries\/"]}]},{"@type":"ImageObject","inLanguage":"it-IT","@id":"https:\/\/derpsairer.it\/it\/produkt\/pinot-nero-muri-gries\/#primaryimage","url":"https:\/\/derpsairer.it\/wp-22\/wp-content\/uploads\/2024\/03\/suedtirol_wein_kellerei_muri_gries_blauburgunder.png","contentUrl":"https:\/\/derpsairer.it\/wp-22\/wp-content\/uploads\/2024\/03\/suedtirol_wein_kellerei_muri_gries_blauburgunder.png","width":650,"height":650},{"@type":"BreadcrumbList","@id":"https:\/\/derpsairer.it\/it\/produkt\/pinot-nero-muri-gries\/#breadcrumb","itemListElement":[{"@type":"ListItem","position":1,"name":"Home","item":"https:\/\/derpsairer.it\/it\/il-negozio-di-speck-der-psairer\/"},{"@type":"ListItem","position":2,"name":"Shop","item":"https:\/\/derpsairer.it\/shop\/"},{"@type":"ListItem","position":3,"name":"Blauburgunder Muri Gries \u2013 Vino rosso fruttato ed elegante"}]},{"@type":"WebSite","@id":"https:\/\/derpsairer.it\/it\/#website","url":"https:\/\/derpsairer.it\/it\/","name":"Der Psairer - Speck, Wurst, K\u00e4se","description":"Speck, Wurst und K\u00e4s aus Passeiertal in S\u00fcdtirol online bestellen.","publisher":{"@id":"https:\/\/derpsairer.it\/it\/#organization"},"potentialAction":[{"@type":"SearchAction","target":{"@type":"EntryPoint","urlTemplate":"https:\/\/derpsairer.it\/it\/?s={search_term_string}"},"query-input":{"@type":"PropertyValueSpecification","valueRequired":true,"valueName":"search_term_string"}}],"inLanguage":"it-IT"},{"@type":"Organization","@id":"https:\/\/derpsairer.it\/it\/#organization","name":"Der Psairer - Speck, Wurst, K\u00e4se","url":"https:\/\/derpsairer.it\/it\/","logo":{"@type":"ImageObject","inLanguage":"it-IT","@id":"https:\/\/derpsairer.it\/it\/#\/schema\/logo\/image\/","url":"https:\/\/derpsairer.it\/wp-22\/wp-content\/uploads\/2020\/03\/DER-PSAIRER-LOGO-2x.png","contentUrl":"https:\/\/derpsairer.it\/wp-22\/wp-content\/uploads\/2020\/03\/DER-PSAIRER-LOGO-2x.png","width":500,"height":500,"caption":"Der Psairer - Speck, Wurst, K\u00e4se"},"image":{"@id":"https:\/\/derpsairer.it\/it\/#\/schema\/logo\/image\/"},"sameAs":["https:\/\/www.facebook.com\/profile.php?id=100063648246860"]}]}},"_links":{"self":[{"href":"https:\/\/derpsairer.it\/it\/wp-json\/wp\/v2\/product\/5230","targetHints":{"allow":["GET"]}}],"collection":[{"href":"https:\/\/derpsairer.it\/it\/wp-json\/wp\/v2\/product"}],"about":[{"href":"https:\/\/derpsairer.it\/it\/wp-json\/wp\/v2\/types\/product"}],"wp:featuredmedia":[{"embeddable":true,"href":"https:\/\/derpsairer.it\/it\/wp-json\/wp\/v2\/media\/5231"}],"wp:attachment":[{"href":"https:\/\/derpsairer.it\/it\/wp-json\/wp\/v2\/media?parent=5230"}],"wp:term":[{"taxonomy":"product_brand","embeddable":true,"href":"https:\/\/derpsairer.it\/it\/wp-json\/wp\/v2\/product_brand?post=5230"},{"taxonomy":"product_cat","embeddable":true,"href":"https:\/\/derpsairer.it\/it\/wp-json\/wp\/v2\/product_cat?post=5230"},{"taxonomy":"product_tag","embeddable":true,"href":"https:\/\/derpsairer.it\/it\/wp-json\/wp\/v2\/product_tag?post=5230"}],"curies":[{"name":"wp","href":"https:\/\/api.w.org\/{rel}","templated":true}]}}