{"id":5246,"date":"2024-03-29T18:42:58","date_gmt":"2024-03-29T17:42:58","guid":{"rendered":"https:\/\/derpsairer.it\/produkt\/chardonnay-somereto\/"},"modified":"2025-12-11T10:57:38","modified_gmt":"2025-12-11T09:57:38","slug":"chardonnay-somereto","status":"publish","type":"product","link":"https:\/\/derpsairer.it\/it\/produkt\/chardonnay-somereto\/","title":{"rendered":"Chardonnay Somereto \u2013 vino bianco fruttato dell&#8217;Alto Adige"},"content":{"rendered":"<p data-start=\"2959\" data-end=\"3305\">Lo Chardonnay Somereto si presenta con un colore giallo paglierino chiaro e un bouquet fruttato e intenso con note di banana matura e frutta tropicale. Al palato si presenta armonico, voluminoso e persistente con una piacevole acidit\u00e0. Un vino versatile, che si abbina perfettamente ad asparagi, pesce, crostacei e frutti di mare.  <\/p>\n<p data-start=\"3307\" data-end=\"3326\"><strong>Cantina:<\/strong><br data-start=\"3316\" data-end=\"3319\">Andrian<\/p>\n<p data-start=\"3328\" data-end=\"3350\"><strong>Vitigno:<\/strong><br data-start=\"3337\" data-end=\"3340\">Chardonnay<\/p>\n<p data-start=\"3352\" data-end=\"3435\"><strong>Abbinamenti consigliati:<\/strong><br data-start=\"3369\" data-end=\"3372\">Asparagi, salsa olandese, pesce, crostacei e frutti di mare<\/p>\n<p data-start=\"3437\" data-end=\"3482\"><strong>Affinamento:<\/strong><br data-start=\"3444\" data-end=\"3447\">6 mesi sui lieviti fini in acciaio inox<\/p>\n<p data-start=\"3484\" data-end=\"3513\"><strong>Temperatura di servizio:<\/strong><br data-start=\"3502\" data-end=\"3505\">10\u201312 \u00b0C<\/p>\n<p data-start=\"3515\" data-end=\"3538\"><strong>Gradazione alcolica:<\/strong><br data-start=\"3529\" data-end=\"3532\">13,5 %<\/p>\n<p data-start=\"3540\" data-end=\"3556\"><strong>Contenuto:<\/strong><br data-start=\"3547\" data-end=\"3550\">0,75 l<\/p>\n<p data-start=\"3558\" data-end=\"3578\"><strong>Provenienza:<\/strong><br data-start=\"3567\" data-end=\"3570\">Alto Adige<\/p>\n<p data-start=\"3580\" data-end=\"3629\"><strong>Particolarit\u00e0:<\/strong><br data-start=\"3595\" data-end=\"3598\">Affinamento sui lieviti fini per maggiore struttura<\/p>\n<p data-start=\"3631\" data-end=\"3647\"><strong>Contiene solfiti.<\/strong><\/p>\n","protected":false},"excerpt":{"rendered":"<p>\u2022 Bouquet fruttato<br data-start=\"4059\" data-end=\"4062\">\u2022 Note tropicali<br data-start=\"4079\" data-end=\"4082\">\u2022 Corpo armonico<br data-start=\"4103\" data-end=\"4106\">\u2022 Affinamento sui lieviti fini<br data-start=\"4121\" data-end=\"4124\">\u2022 Ideale con asparagi<\/p>\n","protected":false},"featured_media":5247,"template":"","meta":[],"product_brand":[],"product_cat":[188],"product_tag":[3003,3042,2941,1307,1865,2490,2189,3043,2309,3312,425],"class_list":{"0":"post-5246","1":"product","2":"type-product","3":"status-publish","4":"has-post-thumbnail","6":"product_cat-vino-distillati","7":"product_tag-acciaio-inox","8":"product_tag-andrian","9":"product_tag-armonioso","10":"product_tag-chardonnay","11":"product_tag-con-pesce","12":"product_tag-elegante","13":"product_tag-fruttato","14":"product_tag-lievito-fine","15":"product_tag-secco","16":"product_tag-vino-bianco-altoatesino","17":"product_tag-vino-estivo","19":"first","20":"instock","21":"taxable","22":"shipping-taxable","23":"purchasable","24":"product-type-simple"},"yoast_head":"<!-- This site is optimized with the Yoast SEO plugin v27.5 - https:\/\/yoast.com\/product\/yoast-seo-wordpress\/ -->\n<title>Chardonnay Somereto - Vino bianco fresco con elegante frutto - Der Psairer - Speck, Wurst, K\u00e4se<\/title>\n<meta name=\"description\" content=\"Chardonnay Somereto offre un vino bianco fruttato e armonioso con note tropicali e piacevole acidit\u00e0 \u2013 ideale con asparagi, pesce e frutti di mare.\" \/>\n<meta name=\"robots\" content=\"index, follow, max-snippet:-1, max-image-preview:large, max-video-preview:-1\" \/>\n<link rel=\"canonical\" href=\"https:\/\/derpsairer.it\/it\/produkt\/chardonnay-somereto\/\" \/>\n<meta property=\"og:locale\" content=\"it_IT\" \/>\n<meta property=\"og:type\" content=\"article\" \/>\n<meta property=\"og:title\" content=\"Chardonnay Somereto - Vino bianco fresco con elegante frutto - Der Psairer - Speck, Wurst, K\u00e4se\" \/>\n<meta property=\"og:description\" content=\"Chardonnay Somereto offre un vino bianco fruttato e armonioso con note tropicali e piacevole acidit\u00e0 \u2013 ideale con asparagi, pesce e frutti di mare.\" \/>\n<meta property=\"og:url\" content=\"https:\/\/derpsairer.it\/it\/produkt\/chardonnay-somereto\/\" \/>\n<meta property=\"og:site_name\" content=\"Der Psairer - Speck, Wurst, K\u00e4se\" \/>\n<meta property=\"article:publisher\" content=\"https:\/\/www.facebook.com\/profile.php?id=100063648246860\" \/>\n<meta property=\"article:modified_time\" content=\"2025-12-11T09:57:38+00:00\" \/>\n<meta property=\"og:image\" content=\"https:\/\/derpsairer.it\/wp-22\/wp-content\/uploads\/2024\/03\/csm_Somereto_3a8fc69af1-e1711734102367.png\" \/>\n\t<meta property=\"og:image:width\" content=\"808\" \/>\n\t<meta property=\"og:image:height\" content=\"808\" \/>\n\t<meta property=\"og:image:type\" content=\"image\/png\" \/>\n<script type=\"application\/ld+json\" class=\"yoast-schema-graph\">{\"@context\":\"https:\\\/\\\/schema.org\",\"@graph\":[{\"@type\":\"WebPage\",\"@id\":\"https:\\\/\\\/derpsairer.it\\\/it\\\/produkt\\\/chardonnay-somereto\\\/\",\"url\":\"https:\\\/\\\/derpsairer.it\\\/it\\\/produkt\\\/chardonnay-somereto\\\/\",\"name\":\"Chardonnay Somereto - Vino bianco fresco con elegante frutto - Der Psairer - Speck, Wurst, K\u00e4se\",\"isPartOf\":{\"@id\":\"https:\\\/\\\/derpsairer.it\\\/it\\\/#website\"},\"primaryImageOfPage\":{\"@id\":\"https:\\\/\\\/derpsairer.it\\\/it\\\/produkt\\\/chardonnay-somereto\\\/#primaryimage\"},\"image\":{\"@id\":\"https:\\\/\\\/derpsairer.it\\\/it\\\/produkt\\\/chardonnay-somereto\\\/#primaryimage\"},\"thumbnailUrl\":\"https:\\\/\\\/derpsairer.it\\\/wp-22\\\/wp-content\\\/uploads\\\/2024\\\/03\\\/csm_Somereto_3a8fc69af1-e1711734102367.png\",\"datePublished\":\"2024-03-29T17:42:58+00:00\",\"dateModified\":\"2025-12-11T09:57:38+00:00\",\"description\":\"Chardonnay Somereto offre un vino bianco fruttato e armonioso con note tropicali e piacevole acidit\u00e0 \u2013 ideale con asparagi, pesce e frutti di mare.\",\"breadcrumb\":{\"@id\":\"https:\\\/\\\/derpsairer.it\\\/it\\\/produkt\\\/chardonnay-somereto\\\/#breadcrumb\"},\"inLanguage\":\"it-IT\",\"potentialAction\":[{\"@type\":\"ReadAction\",\"target\":[\"https:\\\/\\\/derpsairer.it\\\/it\\\/produkt\\\/chardonnay-somereto\\\/\"]}]},{\"@type\":\"ImageObject\",\"inLanguage\":\"it-IT\",\"@id\":\"https:\\\/\\\/derpsairer.it\\\/it\\\/produkt\\\/chardonnay-somereto\\\/#primaryimage\",\"url\":\"https:\\\/\\\/derpsairer.it\\\/wp-22\\\/wp-content\\\/uploads\\\/2024\\\/03\\\/csm_Somereto_3a8fc69af1-e1711734102367.png\",\"contentUrl\":\"https:\\\/\\\/derpsairer.it\\\/wp-22\\\/wp-content\\\/uploads\\\/2024\\\/03\\\/csm_Somereto_3a8fc69af1-e1711734102367.png\",\"width\":808,\"height\":808},{\"@type\":\"BreadcrumbList\",\"@id\":\"https:\\\/\\\/derpsairer.it\\\/it\\\/produkt\\\/chardonnay-somereto\\\/#breadcrumb\",\"itemListElement\":[{\"@type\":\"ListItem\",\"position\":1,\"name\":\"Home\",\"item\":\"https:\\\/\\\/derpsairer.it\\\/it\\\/il-negozio-di-speck-der-psairer\\\/\"},{\"@type\":\"ListItem\",\"position\":2,\"name\":\"Shop\",\"item\":\"https:\\\/\\\/derpsairer.it\\\/shop\\\/\"},{\"@type\":\"ListItem\",\"position\":3,\"name\":\"Chardonnay Somereto \u2013 vino bianco fruttato dell&#8217;Alto Adige\"}]},{\"@type\":\"WebSite\",\"@id\":\"https:\\\/\\\/derpsairer.it\\\/it\\\/#website\",\"url\":\"https:\\\/\\\/derpsairer.it\\\/it\\\/\",\"name\":\"Der Psairer - Speck, Wurst, K\u00e4se\",\"description\":\"Speck, Wurst und K\u00e4s aus Passeiertal in S\u00fcdtirol online bestellen.\",\"publisher\":{\"@id\":\"https:\\\/\\\/derpsairer.it\\\/it\\\/#organization\"},\"potentialAction\":[{\"@type\":\"SearchAction\",\"target\":{\"@type\":\"EntryPoint\",\"urlTemplate\":\"https:\\\/\\\/derpsairer.it\\\/it\\\/?s={search_term_string}\"},\"query-input\":{\"@type\":\"PropertyValueSpecification\",\"valueRequired\":true,\"valueName\":\"search_term_string\"}}],\"inLanguage\":\"it-IT\"},{\"@type\":\"Organization\",\"@id\":\"https:\\\/\\\/derpsairer.it\\\/it\\\/#organization\",\"name\":\"Der Psairer - Speck, Wurst, K\u00e4se\",\"url\":\"https:\\\/\\\/derpsairer.it\\\/it\\\/\",\"logo\":{\"@type\":\"ImageObject\",\"inLanguage\":\"it-IT\",\"@id\":\"https:\\\/\\\/derpsairer.it\\\/it\\\/#\\\/schema\\\/logo\\\/image\\\/\",\"url\":\"https:\\\/\\\/derpsairer.it\\\/wp-22\\\/wp-content\\\/uploads\\\/2020\\\/03\\\/DER-PSAIRER-LOGO-2x.png\",\"contentUrl\":\"https:\\\/\\\/derpsairer.it\\\/wp-22\\\/wp-content\\\/uploads\\\/2020\\\/03\\\/DER-PSAIRER-LOGO-2x.png\",\"width\":500,\"height\":500,\"caption\":\"Der Psairer - Speck, Wurst, K\u00e4se\"},\"image\":{\"@id\":\"https:\\\/\\\/derpsairer.it\\\/it\\\/#\\\/schema\\\/logo\\\/image\\\/\"},\"sameAs\":[\"https:\\\/\\\/www.facebook.com\\\/profile.php?id=100063648246860\"]}]}<\/script>\n<!-- \/ Yoast SEO plugin. -->","yoast_head_json":{"title":"Chardonnay Somereto - Vino bianco fresco con elegante frutto - Der Psairer - Speck, Wurst, K\u00e4se","description":"Chardonnay Somereto offre un vino bianco fruttato e armonioso con note tropicali e piacevole acidit\u00e0 \u2013 ideale con asparagi, pesce e frutti di mare.","robots":{"index":"index","follow":"follow","max-snippet":"max-snippet:-1","max-image-preview":"max-image-preview:large","max-video-preview":"max-video-preview:-1"},"canonical":"https:\/\/derpsairer.it\/it\/produkt\/chardonnay-somereto\/","og_locale":"it_IT","og_type":"article","og_title":"Chardonnay Somereto - Vino bianco fresco con elegante frutto - Der Psairer - Speck, Wurst, K\u00e4se","og_description":"Chardonnay Somereto offre un vino bianco fruttato e armonioso con note tropicali e piacevole acidit\u00e0 \u2013 ideale con asparagi, pesce e frutti di mare.","og_url":"https:\/\/derpsairer.it\/it\/produkt\/chardonnay-somereto\/","og_site_name":"Der Psairer - Speck, Wurst, K\u00e4se","article_publisher":"https:\/\/www.facebook.com\/profile.php?id=100063648246860","article_modified_time":"2025-12-11T09:57:38+00:00","og_image":[{"width":808,"height":808,"url":"https:\/\/derpsairer.it\/wp-22\/wp-content\/uploads\/2024\/03\/csm_Somereto_3a8fc69af1-e1711734102367.png","type":"image\/png"}],"schema":{"@context":"https:\/\/schema.org","@graph":[{"@type":"WebPage","@id":"https:\/\/derpsairer.it\/it\/produkt\/chardonnay-somereto\/","url":"https:\/\/derpsairer.it\/it\/produkt\/chardonnay-somereto\/","name":"Chardonnay Somereto - Vino bianco fresco con elegante frutto - Der Psairer - Speck, Wurst, K\u00e4se","isPartOf":{"@id":"https:\/\/derpsairer.it\/it\/#website"},"primaryImageOfPage":{"@id":"https:\/\/derpsairer.it\/it\/produkt\/chardonnay-somereto\/#primaryimage"},"image":{"@id":"https:\/\/derpsairer.it\/it\/produkt\/chardonnay-somereto\/#primaryimage"},"thumbnailUrl":"https:\/\/derpsairer.it\/wp-22\/wp-content\/uploads\/2024\/03\/csm_Somereto_3a8fc69af1-e1711734102367.png","datePublished":"2024-03-29T17:42:58+00:00","dateModified":"2025-12-11T09:57:38+00:00","description":"Chardonnay Somereto offre un vino bianco fruttato e armonioso con note tropicali e piacevole acidit\u00e0 \u2013 ideale con asparagi, pesce e frutti di mare.","breadcrumb":{"@id":"https:\/\/derpsairer.it\/it\/produkt\/chardonnay-somereto\/#breadcrumb"},"inLanguage":"it-IT","potentialAction":[{"@type":"ReadAction","target":["https:\/\/derpsairer.it\/it\/produkt\/chardonnay-somereto\/"]}]},{"@type":"ImageObject","inLanguage":"it-IT","@id":"https:\/\/derpsairer.it\/it\/produkt\/chardonnay-somereto\/#primaryimage","url":"https:\/\/derpsairer.it\/wp-22\/wp-content\/uploads\/2024\/03\/csm_Somereto_3a8fc69af1-e1711734102367.png","contentUrl":"https:\/\/derpsairer.it\/wp-22\/wp-content\/uploads\/2024\/03\/csm_Somereto_3a8fc69af1-e1711734102367.png","width":808,"height":808},{"@type":"BreadcrumbList","@id":"https:\/\/derpsairer.it\/it\/produkt\/chardonnay-somereto\/#breadcrumb","itemListElement":[{"@type":"ListItem","position":1,"name":"Home","item":"https:\/\/derpsairer.it\/it\/il-negozio-di-speck-der-psairer\/"},{"@type":"ListItem","position":2,"name":"Shop","item":"https:\/\/derpsairer.it\/shop\/"},{"@type":"ListItem","position":3,"name":"Chardonnay Somereto \u2013 vino bianco fruttato dell&#8217;Alto Adige"}]},{"@type":"WebSite","@id":"https:\/\/derpsairer.it\/it\/#website","url":"https:\/\/derpsairer.it\/it\/","name":"Der Psairer - Speck, Wurst, K\u00e4se","description":"Speck, Wurst und K\u00e4s aus Passeiertal in S\u00fcdtirol online bestellen.","publisher":{"@id":"https:\/\/derpsairer.it\/it\/#organization"},"potentialAction":[{"@type":"SearchAction","target":{"@type":"EntryPoint","urlTemplate":"https:\/\/derpsairer.it\/it\/?s={search_term_string}"},"query-input":{"@type":"PropertyValueSpecification","valueRequired":true,"valueName":"search_term_string"}}],"inLanguage":"it-IT"},{"@type":"Organization","@id":"https:\/\/derpsairer.it\/it\/#organization","name":"Der Psairer - Speck, Wurst, K\u00e4se","url":"https:\/\/derpsairer.it\/it\/","logo":{"@type":"ImageObject","inLanguage":"it-IT","@id":"https:\/\/derpsairer.it\/it\/#\/schema\/logo\/image\/","url":"https:\/\/derpsairer.it\/wp-22\/wp-content\/uploads\/2020\/03\/DER-PSAIRER-LOGO-2x.png","contentUrl":"https:\/\/derpsairer.it\/wp-22\/wp-content\/uploads\/2020\/03\/DER-PSAIRER-LOGO-2x.png","width":500,"height":500,"caption":"Der Psairer - Speck, Wurst, K\u00e4se"},"image":{"@id":"https:\/\/derpsairer.it\/it\/#\/schema\/logo\/image\/"},"sameAs":["https:\/\/www.facebook.com\/profile.php?id=100063648246860"]}]}},"_links":{"self":[{"href":"https:\/\/derpsairer.it\/it\/wp-json\/wp\/v2\/product\/5246","targetHints":{"allow":["GET"]}}],"collection":[{"href":"https:\/\/derpsairer.it\/it\/wp-json\/wp\/v2\/product"}],"about":[{"href":"https:\/\/derpsairer.it\/it\/wp-json\/wp\/v2\/types\/product"}],"wp:featuredmedia":[{"embeddable":true,"href":"https:\/\/derpsairer.it\/it\/wp-json\/wp\/v2\/media\/5247"}],"wp:attachment":[{"href":"https:\/\/derpsairer.it\/it\/wp-json\/wp\/v2\/media?parent=5246"}],"wp:term":[{"taxonomy":"product_brand","embeddable":true,"href":"https:\/\/derpsairer.it\/it\/wp-json\/wp\/v2\/product_brand?post=5246"},{"taxonomy":"product_cat","embeddable":true,"href":"https:\/\/derpsairer.it\/it\/wp-json\/wp\/v2\/product_cat?post=5246"},{"taxonomy":"product_tag","embeddable":true,"href":"https:\/\/derpsairer.it\/it\/wp-json\/wp\/v2\/product_tag?post=5246"}],"curies":[{"name":"wp","href":"https:\/\/api.w.org\/{rel}","templated":true}]}}