{"id":5278,"date":"2025-04-05T18:48:38","date_gmt":"2025-04-05T16:48:38","guid":{"rendered":"https:\/\/derpsairer.it\/produkt\/preparato-per-pane-di-kamut\/"},"modified":"2026-03-27T16:54:37","modified_gmt":"2026-03-27T15:54:37","slug":"preparato-per-pane-di-kamut","status":"publish","type":"product","link":"https:\/\/derpsairer.it\/it\/produkt\/preparato-per-pane-di-kamut\/","title":{"rendered":"Preparato per pane di Kamut"},"content":{"rendered":"<p>La nostra miscela unica di farina di Kamut e farro \u00e8 un accordo perfetto per un gusto pieno e una nutrizione preziosa.<\/p>\n","protected":false},"excerpt":{"rendered":"<p>La nostra miscela unica di farina di Kamut e farro \u00e8 un accordo perfetto per un gusto pieno e una nutrizione preziosa.<\/p>\n","protected":false},"featured_media":5280,"template":"","meta":[],"product_brand":[],"product_cat":[191],"product_tag":[2406,2404,2131,282,1054,2412,2310,2040,2403,978,2353,2137,2413,2007,2008],"class_list":{"0":"post-5278","1":"product","2":"type-product","3":"status-publish","4":"has-post-thumbnail","6":"product_cat-altre-delizie","7":"product_tag-appena-sfornato","8":"product_tag-cottura-al-forno","9":"product_tag-fatto-in-casa","10":"product_tag-feinkost","11":"product_tag-gusto","12":"product_tag-integrale","13":"product_tag-mediterraneo","14":"product_tag-naturale","15":"product_tag-pane","16":"product_tag-pane-di-kamut","17":"product_tag-preparato-per-dolci","18":"product_tag-regionale","19":"product_tag-sano","20":"product_tag-specialita-3","21":"product_tag-tradizionale","23":"first","24":"instock","25":"taxable","26":"shipping-taxable","27":"purchasable","28":"product-type-simple"},"yoast_head":"<!-- This site is optimized with the Yoast SEO plugin v27.5 - https:\/\/yoast.com\/product\/yoast-seo-wordpress\/ -->\n<title>Preparato per pane di Kamut \u2013 Per un pane aromatico e dal sapore di nocciola fatto in casa - Der Psairer - Speck, Wurst, K\u00e4se<\/title>\n<meta name=\"description\" content=\"Preparato per pane di Kamut \u2013 per un pane dal sapore di nocciola e aromatico con una crosta dorata. Facile da preparare e ideale per un sano piacere del pane a casa.\" \/>\n<meta name=\"robots\" content=\"index, follow, max-snippet:-1, max-image-preview:large, max-video-preview:-1\" \/>\n<link rel=\"canonical\" href=\"https:\/\/derpsairer.it\/it\/produkt\/preparato-per-pane-di-kamut\/\" \/>\n<meta property=\"og:locale\" content=\"it_IT\" \/>\n<meta property=\"og:type\" content=\"article\" \/>\n<meta property=\"og:title\" content=\"Preparato per pane di Kamut \u2013 Per un pane aromatico e dal sapore di nocciola fatto in casa - Der Psairer - Speck, Wurst, K\u00e4se\" \/>\n<meta property=\"og:description\" content=\"Preparato per pane di Kamut \u2013 per un pane dal sapore di nocciola e aromatico con una crosta dorata. Facile da preparare e ideale per un sano piacere del pane a casa.\" \/>\n<meta property=\"og:url\" content=\"https:\/\/derpsairer.it\/it\/produkt\/preparato-per-pane-di-kamut\/\" \/>\n<meta property=\"og:site_name\" content=\"Der Psairer - Speck, Wurst, K\u00e4se\" \/>\n<meta property=\"article:publisher\" content=\"https:\/\/www.facebook.com\/profile.php?id=100063648246860\" \/>\n<meta property=\"article:modified_time\" content=\"2026-03-27T15:54:37+00:00\" \/>\n<meta property=\"og:image\" content=\"https:\/\/derpsairer.it\/wp-22\/wp-content\/uploads\/2025\/04\/Kamut.webp\" \/>\n\t<meta property=\"og:image:width\" content=\"990\" \/>\n\t<meta property=\"og:image:height\" content=\"990\" \/>\n\t<meta property=\"og:image:type\" content=\"image\/webp\" \/>\n<script type=\"application\/ld+json\" class=\"yoast-schema-graph\">{\"@context\":\"https:\\\/\\\/schema.org\",\"@graph\":[{\"@type\":\"WebPage\",\"@id\":\"https:\\\/\\\/derpsairer.it\\\/it\\\/produkt\\\/preparato-per-pane-di-kamut\\\/\",\"url\":\"https:\\\/\\\/derpsairer.it\\\/it\\\/produkt\\\/preparato-per-pane-di-kamut\\\/\",\"name\":\"Preparato per pane di Kamut \u2013 Per un pane aromatico e dal sapore di nocciola fatto in casa - Der Psairer - Speck, Wurst, K\u00e4se\",\"isPartOf\":{\"@id\":\"https:\\\/\\\/derpsairer.it\\\/it\\\/#website\"},\"primaryImageOfPage\":{\"@id\":\"https:\\\/\\\/derpsairer.it\\\/it\\\/produkt\\\/preparato-per-pane-di-kamut\\\/#primaryimage\"},\"image\":{\"@id\":\"https:\\\/\\\/derpsairer.it\\\/it\\\/produkt\\\/preparato-per-pane-di-kamut\\\/#primaryimage\"},\"thumbnailUrl\":\"https:\\\/\\\/derpsairer.it\\\/wp-22\\\/wp-content\\\/uploads\\\/2025\\\/04\\\/Kamut.webp\",\"datePublished\":\"2025-04-05T16:48:38+00:00\",\"dateModified\":\"2026-03-27T15:54:37+00:00\",\"description\":\"Preparato per pane di Kamut \u2013 per un pane dal sapore di nocciola e aromatico con una crosta dorata. Facile da preparare e ideale per un sano piacere del pane a casa.\",\"breadcrumb\":{\"@id\":\"https:\\\/\\\/derpsairer.it\\\/it\\\/produkt\\\/preparato-per-pane-di-kamut\\\/#breadcrumb\"},\"inLanguage\":\"it-IT\",\"potentialAction\":[{\"@type\":\"ReadAction\",\"target\":[\"https:\\\/\\\/derpsairer.it\\\/it\\\/produkt\\\/preparato-per-pane-di-kamut\\\/\"]}]},{\"@type\":\"ImageObject\",\"inLanguage\":\"it-IT\",\"@id\":\"https:\\\/\\\/derpsairer.it\\\/it\\\/produkt\\\/preparato-per-pane-di-kamut\\\/#primaryimage\",\"url\":\"https:\\\/\\\/derpsairer.it\\\/wp-22\\\/wp-content\\\/uploads\\\/2025\\\/04\\\/Kamut.webp\",\"contentUrl\":\"https:\\\/\\\/derpsairer.it\\\/wp-22\\\/wp-content\\\/uploads\\\/2025\\\/04\\\/Kamut.webp\",\"width\":990,\"height\":990},{\"@type\":\"BreadcrumbList\",\"@id\":\"https:\\\/\\\/derpsairer.it\\\/it\\\/produkt\\\/preparato-per-pane-di-kamut\\\/#breadcrumb\",\"itemListElement\":[{\"@type\":\"ListItem\",\"position\":1,\"name\":\"Home\",\"item\":\"https:\\\/\\\/derpsairer.it\\\/it\\\/il-negozio-di-speck-der-psairer\\\/\"},{\"@type\":\"ListItem\",\"position\":2,\"name\":\"Shop\",\"item\":\"https:\\\/\\\/derpsairer.it\\\/shop\\\/\"},{\"@type\":\"ListItem\",\"position\":3,\"name\":\"Preparato per pane di Kamut\"}]},{\"@type\":\"WebSite\",\"@id\":\"https:\\\/\\\/derpsairer.it\\\/it\\\/#website\",\"url\":\"https:\\\/\\\/derpsairer.it\\\/it\\\/\",\"name\":\"Der Psairer - Speck, Wurst, K\u00e4se\",\"description\":\"Speck, Wurst und K\u00e4s aus Passeiertal in S\u00fcdtirol online bestellen.\",\"publisher\":{\"@id\":\"https:\\\/\\\/derpsairer.it\\\/it\\\/#organization\"},\"potentialAction\":[{\"@type\":\"SearchAction\",\"target\":{\"@type\":\"EntryPoint\",\"urlTemplate\":\"https:\\\/\\\/derpsairer.it\\\/it\\\/?s={search_term_string}\"},\"query-input\":{\"@type\":\"PropertyValueSpecification\",\"valueRequired\":true,\"valueName\":\"search_term_string\"}}],\"inLanguage\":\"it-IT\"},{\"@type\":\"Organization\",\"@id\":\"https:\\\/\\\/derpsairer.it\\\/it\\\/#organization\",\"name\":\"Der Psairer - Speck, Wurst, K\u00e4se\",\"url\":\"https:\\\/\\\/derpsairer.it\\\/it\\\/\",\"logo\":{\"@type\":\"ImageObject\",\"inLanguage\":\"it-IT\",\"@id\":\"https:\\\/\\\/derpsairer.it\\\/it\\\/#\\\/schema\\\/logo\\\/image\\\/\",\"url\":\"https:\\\/\\\/derpsairer.it\\\/wp-22\\\/wp-content\\\/uploads\\\/2020\\\/03\\\/DER-PSAIRER-LOGO-2x.png\",\"contentUrl\":\"https:\\\/\\\/derpsairer.it\\\/wp-22\\\/wp-content\\\/uploads\\\/2020\\\/03\\\/DER-PSAIRER-LOGO-2x.png\",\"width\":500,\"height\":500,\"caption\":\"Der Psairer - Speck, Wurst, K\u00e4se\"},\"image\":{\"@id\":\"https:\\\/\\\/derpsairer.it\\\/it\\\/#\\\/schema\\\/logo\\\/image\\\/\"},\"sameAs\":[\"https:\\\/\\\/www.facebook.com\\\/profile.php?id=100063648246860\"]}]}<\/script>\n<!-- \/ Yoast SEO plugin. -->","yoast_head_json":{"title":"Preparato per pane di Kamut \u2013 Per un pane aromatico e dal sapore di nocciola fatto in casa - Der Psairer - Speck, Wurst, K\u00e4se","description":"Preparato per pane di Kamut \u2013 per un pane dal sapore di nocciola e aromatico con una crosta dorata. Facile da preparare e ideale per un sano piacere del pane a casa.","robots":{"index":"index","follow":"follow","max-snippet":"max-snippet:-1","max-image-preview":"max-image-preview:large","max-video-preview":"max-video-preview:-1"},"canonical":"https:\/\/derpsairer.it\/it\/produkt\/preparato-per-pane-di-kamut\/","og_locale":"it_IT","og_type":"article","og_title":"Preparato per pane di Kamut \u2013 Per un pane aromatico e dal sapore di nocciola fatto in casa - Der Psairer - Speck, Wurst, K\u00e4se","og_description":"Preparato per pane di Kamut \u2013 per un pane dal sapore di nocciola e aromatico con una crosta dorata. Facile da preparare e ideale per un sano piacere del pane a casa.","og_url":"https:\/\/derpsairer.it\/it\/produkt\/preparato-per-pane-di-kamut\/","og_site_name":"Der Psairer - Speck, Wurst, K\u00e4se","article_publisher":"https:\/\/www.facebook.com\/profile.php?id=100063648246860","article_modified_time":"2026-03-27T15:54:37+00:00","og_image":[{"width":990,"height":990,"url":"https:\/\/derpsairer.it\/wp-22\/wp-content\/uploads\/2025\/04\/Kamut.webp","type":"image\/webp"}],"schema":{"@context":"https:\/\/schema.org","@graph":[{"@type":"WebPage","@id":"https:\/\/derpsairer.it\/it\/produkt\/preparato-per-pane-di-kamut\/","url":"https:\/\/derpsairer.it\/it\/produkt\/preparato-per-pane-di-kamut\/","name":"Preparato per pane di Kamut \u2013 Per un pane aromatico e dal sapore di nocciola fatto in casa - Der Psairer - Speck, Wurst, K\u00e4se","isPartOf":{"@id":"https:\/\/derpsairer.it\/it\/#website"},"primaryImageOfPage":{"@id":"https:\/\/derpsairer.it\/it\/produkt\/preparato-per-pane-di-kamut\/#primaryimage"},"image":{"@id":"https:\/\/derpsairer.it\/it\/produkt\/preparato-per-pane-di-kamut\/#primaryimage"},"thumbnailUrl":"https:\/\/derpsairer.it\/wp-22\/wp-content\/uploads\/2025\/04\/Kamut.webp","datePublished":"2025-04-05T16:48:38+00:00","dateModified":"2026-03-27T15:54:37+00:00","description":"Preparato per pane di Kamut \u2013 per un pane dal sapore di nocciola e aromatico con una crosta dorata. Facile da preparare e ideale per un sano piacere del pane a casa.","breadcrumb":{"@id":"https:\/\/derpsairer.it\/it\/produkt\/preparato-per-pane-di-kamut\/#breadcrumb"},"inLanguage":"it-IT","potentialAction":[{"@type":"ReadAction","target":["https:\/\/derpsairer.it\/it\/produkt\/preparato-per-pane-di-kamut\/"]}]},{"@type":"ImageObject","inLanguage":"it-IT","@id":"https:\/\/derpsairer.it\/it\/produkt\/preparato-per-pane-di-kamut\/#primaryimage","url":"https:\/\/derpsairer.it\/wp-22\/wp-content\/uploads\/2025\/04\/Kamut.webp","contentUrl":"https:\/\/derpsairer.it\/wp-22\/wp-content\/uploads\/2025\/04\/Kamut.webp","width":990,"height":990},{"@type":"BreadcrumbList","@id":"https:\/\/derpsairer.it\/it\/produkt\/preparato-per-pane-di-kamut\/#breadcrumb","itemListElement":[{"@type":"ListItem","position":1,"name":"Home","item":"https:\/\/derpsairer.it\/it\/il-negozio-di-speck-der-psairer\/"},{"@type":"ListItem","position":2,"name":"Shop","item":"https:\/\/derpsairer.it\/shop\/"},{"@type":"ListItem","position":3,"name":"Preparato per pane di Kamut"}]},{"@type":"WebSite","@id":"https:\/\/derpsairer.it\/it\/#website","url":"https:\/\/derpsairer.it\/it\/","name":"Der Psairer - Speck, Wurst, K\u00e4se","description":"Speck, Wurst und K\u00e4s aus Passeiertal in S\u00fcdtirol online bestellen.","publisher":{"@id":"https:\/\/derpsairer.it\/it\/#organization"},"potentialAction":[{"@type":"SearchAction","target":{"@type":"EntryPoint","urlTemplate":"https:\/\/derpsairer.it\/it\/?s={search_term_string}"},"query-input":{"@type":"PropertyValueSpecification","valueRequired":true,"valueName":"search_term_string"}}],"inLanguage":"it-IT"},{"@type":"Organization","@id":"https:\/\/derpsairer.it\/it\/#organization","name":"Der Psairer - Speck, Wurst, K\u00e4se","url":"https:\/\/derpsairer.it\/it\/","logo":{"@type":"ImageObject","inLanguage":"it-IT","@id":"https:\/\/derpsairer.it\/it\/#\/schema\/logo\/image\/","url":"https:\/\/derpsairer.it\/wp-22\/wp-content\/uploads\/2020\/03\/DER-PSAIRER-LOGO-2x.png","contentUrl":"https:\/\/derpsairer.it\/wp-22\/wp-content\/uploads\/2020\/03\/DER-PSAIRER-LOGO-2x.png","width":500,"height":500,"caption":"Der Psairer - Speck, Wurst, K\u00e4se"},"image":{"@id":"https:\/\/derpsairer.it\/it\/#\/schema\/logo\/image\/"},"sameAs":["https:\/\/www.facebook.com\/profile.php?id=100063648246860"]}]}},"_links":{"self":[{"href":"https:\/\/derpsairer.it\/it\/wp-json\/wp\/v2\/product\/5278","targetHints":{"allow":["GET"]}}],"collection":[{"href":"https:\/\/derpsairer.it\/it\/wp-json\/wp\/v2\/product"}],"about":[{"href":"https:\/\/derpsairer.it\/it\/wp-json\/wp\/v2\/types\/product"}],"wp:featuredmedia":[{"embeddable":true,"href":"https:\/\/derpsairer.it\/it\/wp-json\/wp\/v2\/media\/5280"}],"wp:attachment":[{"href":"https:\/\/derpsairer.it\/it\/wp-json\/wp\/v2\/media?parent=5278"}],"wp:term":[{"taxonomy":"product_brand","embeddable":true,"href":"https:\/\/derpsairer.it\/it\/wp-json\/wp\/v2\/product_brand?post=5278"},{"taxonomy":"product_cat","embeddable":true,"href":"https:\/\/derpsairer.it\/it\/wp-json\/wp\/v2\/product_cat?post=5278"},{"taxonomy":"product_tag","embeddable":true,"href":"https:\/\/derpsairer.it\/it\/wp-json\/wp\/v2\/product_tag?post=5278"}],"curies":[{"name":"wp","href":"https:\/\/api.w.org\/{rel}","templated":true}]}}