{"id":5279,"date":"2025-04-05T19:06:40","date_gmt":"2025-04-05T17:06:40","guid":{"rendered":"https:\/\/derpsairer.it\/produkt\/miscela-per-pasta-alluovo\/"},"modified":"2025-11-04T11:07:28","modified_gmt":"2025-11-04T10:07:28","slug":"miscela-per-pasta-alluovo","status":"publish","type":"product","link":"https:\/\/derpsairer.it\/it\/produkt\/miscela-per-pasta-alluovo\/","title":{"rendered":"Miscela per pasta all&#8217;uovo"},"content":{"rendered":"<p>La nostra <strong>miscela per pasta all&#8217;uovo<\/strong> porta il gusto classico della pasta fresca direttamente nella tua cucina. Con ingredienti di alta qualit\u00e0 e un tocco di tradizione altoatesina, puoi preparare in un batter d&#8217;occhio una deliziosa pasta all&#8217;uovo, perfetta per i tuoi piatti preferiti! Basta aggiungere acqua e uovo, impastare e gustare.  <\/p>\n<p>La nostra miscela \u00e8 compatibile con Thermomix\u00ae e pu\u00f2 essere lavorata con la funzione impasto in soli 3 minuti.<\/p>\n","protected":false},"excerpt":{"rendered":"<p>La nostra miscela per pasta all&#8217;uovo porta il gusto classico della pasta fresca direttamente nella tua cucina. Con ingredienti di alta qualit\u00e0 e un tocco di tradizione altoatesina, puoi preparare&#8230;<\/p>\n","protected":false},"featured_media":5281,"template":"","meta":[],"product_brand":[],"product_cat":[191],"product_tag":[1945,1783,2131,344,2427,881,2426,2905,2855],"class_list":{"0":"post-5279","1":"product","2":"type-product","3":"status-publish","4":"has-post-thumbnail","6":"product_cat-altre-delizie","7":"product_tag-alto-adige","8":"product_tag-classica","9":"product_tag-fatto-in-casa","10":"product_tag-pasta","11":"product_tag-pasta-alluovo-2","12":"product_tag-pasta-per-noodles","13":"product_tag-preparato-per-impasto","14":"product_tag-tradizione","15":"product_tag-versatile","17":"first","18":"outofstock","19":"shipping-taxable","20":"purchasable","21":"product-type-simple"},"yoast_head":"<!-- This site is optimized with the Yoast SEO plugin v27.4 - https:\/\/yoast.com\/product\/yoast-seo-wordpress\/ -->\n<title>Preparato per pasta all&#039;uovo \u2013 Per la classica pasta fatta in casa - Der Psairer - Speck, Wurst, K\u00e4se<\/title>\n<meta name=\"description\" content=\"Preparato per pasta all&#039;uovo \u2013 ideale per la tradizionale pasta fatta in casa dal sapore pieno. Facile da preparare per un autentico piacere italiano!\" \/>\n<meta name=\"robots\" content=\"index, follow, max-snippet:-1, max-image-preview:large, max-video-preview:-1\" \/>\n<link rel=\"canonical\" href=\"https:\/\/derpsairer.it\/it\/produkt\/miscela-per-pasta-alluovo\/\" \/>\n<meta property=\"og:locale\" content=\"it_IT\" \/>\n<meta property=\"og:type\" content=\"article\" \/>\n<meta property=\"og:title\" content=\"Preparato per pasta all&#039;uovo \u2013 Per la classica pasta fatta in casa - Der Psairer - Speck, Wurst, K\u00e4se\" \/>\n<meta property=\"og:description\" content=\"Preparato per pasta all&#039;uovo \u2013 ideale per la tradizionale pasta fatta in casa dal sapore pieno. Facile da preparare per un autentico piacere italiano!\" \/>\n<meta property=\"og:url\" content=\"https:\/\/derpsairer.it\/it\/produkt\/miscela-per-pasta-alluovo\/\" \/>\n<meta property=\"og:site_name\" content=\"Der Psairer - Speck, Wurst, K\u00e4se\" \/>\n<meta property=\"article:publisher\" content=\"https:\/\/www.facebook.com\/profile.php?id=100063648246860\" \/>\n<meta property=\"article:modified_time\" content=\"2025-11-04T10:07:28+00:00\" \/>\n<meta property=\"og:image\" content=\"https:\/\/derpsairer.it\/wp-22\/wp-content\/uploads\/2025\/04\/Eierteignudel.webp\" \/>\n\t<meta property=\"og:image:width\" content=\"990\" \/>\n\t<meta property=\"og:image:height\" content=\"1485\" \/>\n\t<meta property=\"og:image:type\" content=\"image\/webp\" \/>\n<script type=\"application\/ld+json\" class=\"yoast-schema-graph\">{\"@context\":\"https:\\\/\\\/schema.org\",\"@graph\":[{\"@type\":\"WebPage\",\"@id\":\"https:\\\/\\\/derpsairer.it\\\/it\\\/produkt\\\/miscela-per-pasta-alluovo\\\/\",\"url\":\"https:\\\/\\\/derpsairer.it\\\/it\\\/produkt\\\/miscela-per-pasta-alluovo\\\/\",\"name\":\"Preparato per pasta all'uovo \u2013 Per la classica pasta fatta in casa - Der Psairer - Speck, Wurst, K\u00e4se\",\"isPartOf\":{\"@id\":\"https:\\\/\\\/derpsairer.it\\\/it\\\/#website\"},\"primaryImageOfPage\":{\"@id\":\"https:\\\/\\\/derpsairer.it\\\/it\\\/produkt\\\/miscela-per-pasta-alluovo\\\/#primaryimage\"},\"image\":{\"@id\":\"https:\\\/\\\/derpsairer.it\\\/it\\\/produkt\\\/miscela-per-pasta-alluovo\\\/#primaryimage\"},\"thumbnailUrl\":\"https:\\\/\\\/derpsairer.it\\\/wp-22\\\/wp-content\\\/uploads\\\/2025\\\/04\\\/Eierteignudel.webp\",\"datePublished\":\"2025-04-05T17:06:40+00:00\",\"dateModified\":\"2025-11-04T10:07:28+00:00\",\"description\":\"Preparato per pasta all'uovo \u2013 ideale per la tradizionale pasta fatta in casa dal sapore pieno. Facile da preparare per un autentico piacere italiano!\",\"breadcrumb\":{\"@id\":\"https:\\\/\\\/derpsairer.it\\\/it\\\/produkt\\\/miscela-per-pasta-alluovo\\\/#breadcrumb\"},\"inLanguage\":\"it-IT\",\"potentialAction\":[{\"@type\":\"ReadAction\",\"target\":[\"https:\\\/\\\/derpsairer.it\\\/it\\\/produkt\\\/miscela-per-pasta-alluovo\\\/\"]}]},{\"@type\":\"ImageObject\",\"inLanguage\":\"it-IT\",\"@id\":\"https:\\\/\\\/derpsairer.it\\\/it\\\/produkt\\\/miscela-per-pasta-alluovo\\\/#primaryimage\",\"url\":\"https:\\\/\\\/derpsairer.it\\\/wp-22\\\/wp-content\\\/uploads\\\/2025\\\/04\\\/Eierteignudel.webp\",\"contentUrl\":\"https:\\\/\\\/derpsairer.it\\\/wp-22\\\/wp-content\\\/uploads\\\/2025\\\/04\\\/Eierteignudel.webp\",\"width\":990,\"height\":1485},{\"@type\":\"BreadcrumbList\",\"@id\":\"https:\\\/\\\/derpsairer.it\\\/it\\\/produkt\\\/miscela-per-pasta-alluovo\\\/#breadcrumb\",\"itemListElement\":[{\"@type\":\"ListItem\",\"position\":1,\"name\":\"Home\",\"item\":\"https:\\\/\\\/derpsairer.it\\\/it\\\/il-negozio-di-speck-der-psairer\\\/\"},{\"@type\":\"ListItem\",\"position\":2,\"name\":\"Shop\",\"item\":\"https:\\\/\\\/derpsairer.it\\\/shop\\\/\"},{\"@type\":\"ListItem\",\"position\":3,\"name\":\"Miscela per pasta all&#8217;uovo\"}]},{\"@type\":\"WebSite\",\"@id\":\"https:\\\/\\\/derpsairer.it\\\/it\\\/#website\",\"url\":\"https:\\\/\\\/derpsairer.it\\\/it\\\/\",\"name\":\"Der Psairer - Speck, Wurst, K\u00e4se\",\"description\":\"Speck, Wurst und K\u00e4s aus Passeiertal in S\u00fcdtirol online bestellen.\",\"publisher\":{\"@id\":\"https:\\\/\\\/derpsairer.it\\\/it\\\/#organization\"},\"potentialAction\":[{\"@type\":\"SearchAction\",\"target\":{\"@type\":\"EntryPoint\",\"urlTemplate\":\"https:\\\/\\\/derpsairer.it\\\/it\\\/?s={search_term_string}\"},\"query-input\":{\"@type\":\"PropertyValueSpecification\",\"valueRequired\":true,\"valueName\":\"search_term_string\"}}],\"inLanguage\":\"it-IT\"},{\"@type\":\"Organization\",\"@id\":\"https:\\\/\\\/derpsairer.it\\\/it\\\/#organization\",\"name\":\"Der Psairer - Speck, Wurst, K\u00e4se\",\"url\":\"https:\\\/\\\/derpsairer.it\\\/it\\\/\",\"logo\":{\"@type\":\"ImageObject\",\"inLanguage\":\"it-IT\",\"@id\":\"https:\\\/\\\/derpsairer.it\\\/it\\\/#\\\/schema\\\/logo\\\/image\\\/\",\"url\":\"https:\\\/\\\/derpsairer.it\\\/wp-22\\\/wp-content\\\/uploads\\\/2020\\\/03\\\/DER-PSAIRER-LOGO-2x.png\",\"contentUrl\":\"https:\\\/\\\/derpsairer.it\\\/wp-22\\\/wp-content\\\/uploads\\\/2020\\\/03\\\/DER-PSAIRER-LOGO-2x.png\",\"width\":500,\"height\":500,\"caption\":\"Der Psairer - Speck, Wurst, K\u00e4se\"},\"image\":{\"@id\":\"https:\\\/\\\/derpsairer.it\\\/it\\\/#\\\/schema\\\/logo\\\/image\\\/\"},\"sameAs\":[\"https:\\\/\\\/www.facebook.com\\\/profile.php?id=100063648246860\"]}]}<\/script>\n<!-- \/ Yoast SEO plugin. -->","yoast_head_json":{"title":"Preparato per pasta all'uovo \u2013 Per la classica pasta fatta in casa - Der Psairer - Speck, Wurst, K\u00e4se","description":"Preparato per pasta all'uovo \u2013 ideale per la tradizionale pasta fatta in casa dal sapore pieno. Facile da preparare per un autentico piacere italiano!","robots":{"index":"index","follow":"follow","max-snippet":"max-snippet:-1","max-image-preview":"max-image-preview:large","max-video-preview":"max-video-preview:-1"},"canonical":"https:\/\/derpsairer.it\/it\/produkt\/miscela-per-pasta-alluovo\/","og_locale":"it_IT","og_type":"article","og_title":"Preparato per pasta all'uovo \u2013 Per la classica pasta fatta in casa - Der Psairer - Speck, Wurst, K\u00e4se","og_description":"Preparato per pasta all'uovo \u2013 ideale per la tradizionale pasta fatta in casa dal sapore pieno. Facile da preparare per un autentico piacere italiano!","og_url":"https:\/\/derpsairer.it\/it\/produkt\/miscela-per-pasta-alluovo\/","og_site_name":"Der Psairer - Speck, Wurst, K\u00e4se","article_publisher":"https:\/\/www.facebook.com\/profile.php?id=100063648246860","article_modified_time":"2025-11-04T10:07:28+00:00","og_image":[{"width":990,"height":1485,"url":"https:\/\/derpsairer.it\/wp-22\/wp-content\/uploads\/2025\/04\/Eierteignudel.webp","type":"image\/webp"}],"schema":{"@context":"https:\/\/schema.org","@graph":[{"@type":"WebPage","@id":"https:\/\/derpsairer.it\/it\/produkt\/miscela-per-pasta-alluovo\/","url":"https:\/\/derpsairer.it\/it\/produkt\/miscela-per-pasta-alluovo\/","name":"Preparato per pasta all'uovo \u2013 Per la classica pasta fatta in casa - Der Psairer - Speck, Wurst, K\u00e4se","isPartOf":{"@id":"https:\/\/derpsairer.it\/it\/#website"},"primaryImageOfPage":{"@id":"https:\/\/derpsairer.it\/it\/produkt\/miscela-per-pasta-alluovo\/#primaryimage"},"image":{"@id":"https:\/\/derpsairer.it\/it\/produkt\/miscela-per-pasta-alluovo\/#primaryimage"},"thumbnailUrl":"https:\/\/derpsairer.it\/wp-22\/wp-content\/uploads\/2025\/04\/Eierteignudel.webp","datePublished":"2025-04-05T17:06:40+00:00","dateModified":"2025-11-04T10:07:28+00:00","description":"Preparato per pasta all'uovo \u2013 ideale per la tradizionale pasta fatta in casa dal sapore pieno. Facile da preparare per un autentico piacere italiano!","breadcrumb":{"@id":"https:\/\/derpsairer.it\/it\/produkt\/miscela-per-pasta-alluovo\/#breadcrumb"},"inLanguage":"it-IT","potentialAction":[{"@type":"ReadAction","target":["https:\/\/derpsairer.it\/it\/produkt\/miscela-per-pasta-alluovo\/"]}]},{"@type":"ImageObject","inLanguage":"it-IT","@id":"https:\/\/derpsairer.it\/it\/produkt\/miscela-per-pasta-alluovo\/#primaryimage","url":"https:\/\/derpsairer.it\/wp-22\/wp-content\/uploads\/2025\/04\/Eierteignudel.webp","contentUrl":"https:\/\/derpsairer.it\/wp-22\/wp-content\/uploads\/2025\/04\/Eierteignudel.webp","width":990,"height":1485},{"@type":"BreadcrumbList","@id":"https:\/\/derpsairer.it\/it\/produkt\/miscela-per-pasta-alluovo\/#breadcrumb","itemListElement":[{"@type":"ListItem","position":1,"name":"Home","item":"https:\/\/derpsairer.it\/it\/il-negozio-di-speck-der-psairer\/"},{"@type":"ListItem","position":2,"name":"Shop","item":"https:\/\/derpsairer.it\/shop\/"},{"@type":"ListItem","position":3,"name":"Miscela per pasta all&#8217;uovo"}]},{"@type":"WebSite","@id":"https:\/\/derpsairer.it\/it\/#website","url":"https:\/\/derpsairer.it\/it\/","name":"Der Psairer - Speck, Wurst, K\u00e4se","description":"Speck, Wurst und K\u00e4s aus Passeiertal in S\u00fcdtirol online bestellen.","publisher":{"@id":"https:\/\/derpsairer.it\/it\/#organization"},"potentialAction":[{"@type":"SearchAction","target":{"@type":"EntryPoint","urlTemplate":"https:\/\/derpsairer.it\/it\/?s={search_term_string}"},"query-input":{"@type":"PropertyValueSpecification","valueRequired":true,"valueName":"search_term_string"}}],"inLanguage":"it-IT"},{"@type":"Organization","@id":"https:\/\/derpsairer.it\/it\/#organization","name":"Der Psairer - Speck, Wurst, K\u00e4se","url":"https:\/\/derpsairer.it\/it\/","logo":{"@type":"ImageObject","inLanguage":"it-IT","@id":"https:\/\/derpsairer.it\/it\/#\/schema\/logo\/image\/","url":"https:\/\/derpsairer.it\/wp-22\/wp-content\/uploads\/2020\/03\/DER-PSAIRER-LOGO-2x.png","contentUrl":"https:\/\/derpsairer.it\/wp-22\/wp-content\/uploads\/2020\/03\/DER-PSAIRER-LOGO-2x.png","width":500,"height":500,"caption":"Der Psairer - Speck, Wurst, K\u00e4se"},"image":{"@id":"https:\/\/derpsairer.it\/it\/#\/schema\/logo\/image\/"},"sameAs":["https:\/\/www.facebook.com\/profile.php?id=100063648246860"]}]}},"_links":{"self":[{"href":"https:\/\/derpsairer.it\/it\/wp-json\/wp\/v2\/product\/5279","targetHints":{"allow":["GET"]}}],"collection":[{"href":"https:\/\/derpsairer.it\/it\/wp-json\/wp\/v2\/product"}],"about":[{"href":"https:\/\/derpsairer.it\/it\/wp-json\/wp\/v2\/types\/product"}],"wp:featuredmedia":[{"embeddable":true,"href":"https:\/\/derpsairer.it\/it\/wp-json\/wp\/v2\/media\/5281"}],"wp:attachment":[{"href":"https:\/\/derpsairer.it\/it\/wp-json\/wp\/v2\/media?parent=5279"}],"wp:term":[{"taxonomy":"product_brand","embeddable":true,"href":"https:\/\/derpsairer.it\/it\/wp-json\/wp\/v2\/product_brand?post=5279"},{"taxonomy":"product_cat","embeddable":true,"href":"https:\/\/derpsairer.it\/it\/wp-json\/wp\/v2\/product_cat?post=5279"},{"taxonomy":"product_tag","embeddable":true,"href":"https:\/\/derpsairer.it\/it\/wp-json\/wp\/v2\/product_tag?post=5279"}],"curies":[{"name":"wp","href":"https:\/\/api.w.org\/{rel}","templated":true}]}}