{"id":5320,"date":"2025-05-09T16:02:11","date_gmt":"2025-05-09T14:02:11","guid":{"rendered":"https:\/\/derpsairer.it\/produkt\/taralli-artigianali-con-cipolla\/"},"modified":"2026-03-25T18:34:34","modified_gmt":"2026-03-25T17:34:34","slug":"taralli-artigianali-con-cipolla","status":"publish","type":"product","link":"https:\/\/derpsairer.it\/it\/produkt\/taralli-artigianali-con-cipolla\/","title":{"rendered":"Taralli Artigianali con cipolla"},"content":{"rendered":"<div>\n<p data-start=\"355\" data-end=\"687\">I <strong data-start=\"390\" data-end=\"425\">Taralli Artigianali con cipolla<\/strong> sono uno snack salato proveniente dalla Puglia, che unisce la tradizione mediterranea e il sapore speziato. Grazie alla delicata nota di cipolla tostata, questi anelli croccanti acquisiscono un aroma inconfondibile, perfetto con formaggio, salumi o un bicchiere di vino.<\/p>\n<p data-start=\"689\" data-end=\"877\">Prodotti con il miglior olio d&#8217;oliva e ingredienti naturali, questi Taralli sono un autentico pezzo di artigianato italiano \u2013 ideali come aperitivo o piccolo spuntino.<\/p>\n<ul data-start=\"879\" data-end=\"1032\" data-is-last-node=\"\" data-is-only-node=\"\">\n<li data-start=\"879\" data-end=\"895\">\n<p data-start=\"881\" data-end=\"895\">Contenuto: 250g<\/p>\n<\/li>\n<li data-start=\"896\" data-end=\"926\">\n<p data-start=\"898\" data-end=\"926\">Origine: Puglia, Italia<\/p>\n<\/li>\n<li data-start=\"927\" data-end=\"955\">\n<p data-start=\"929\" data-end=\"955\">Con cipolla e olio d&#8217;oliva<\/p>\n<\/li>\n<li data-start=\"956\" data-end=\"993\">\n<p data-start=\"958\" data-end=\"993\">Saporiti, aromatici e croccanti<\/p>\n<\/li>\n<li data-start=\"994\" data-end=\"1032\" data-is-last-node=\"\">\n<p data-start=\"996\" data-end=\"1032\" data-is-last-node=\"\">Perfetti con antipasti, formaggi o vino<\/p>\n<\/li>\n<\/ul>\n<\/div>\n<div class=\"kk-notifier-heading\">NOTA:<\/div>\n<div class=\"kk-notifier-message\">Questo prodotto \u00e8 molto leggero e fragile. Durante la spedizione, potrebbero verificarsi delle rotture. La qualit\u00e0 del prodotto non ne \u00e8 compromessa e non si accettano reclami.  <\/div>\n","protected":false},"excerpt":{"rendered":"<p>Contenuto: 250 g.<\/p>\n","protected":false},"featured_media":5322,"template":"","meta":[],"product_brand":[],"product_cat":[191],"product_tag":[673,2044,830,2420,2345,2310,1831,2433,1679,2428,810,2061],"class_list":{"0":"post-5320","1":"product","2":"type-product","3":"status-publish","4":"has-post-thumbnail","6":"product_cat-altre-delizie","7":"product_tag-antipasti","8":"product_tag-biscotti","9":"product_tag-cipolla","10":"product_tag-croccante","11":"product_tag-italia","12":"product_tag-mediterraneo","13":"product_tag-olio-doliva","14":"product_tag-puglia","15":"product_tag-saporito","16":"product_tag-snack","17":"product_tag-taralli","18":"product_tag-vino","20":"first","21":"instock","22":"taxable","23":"shipping-taxable","24":"purchasable","25":"product-type-simple"},"yoast_head":"<!-- This site is optimized with the Yoast SEO plugin v27.6 - https:\/\/yoast.com\/product\/yoast-seo-wordpress\/ -->\n<title>Taralli con cipolla \u2013 Snack croccante dal sapore delicato dalla Puglia - Der Psairer - Speck, Wurst, K\u00e4se<\/title>\n<meta name=\"description\" content=\"Taralli con cipolla \u2013 croccanti, saporiti e tipicamente pugliesi. Ideali con formaggi, antipasti o un bicchiere di vino. Gusto autentico dal Sud Italia.\" \/>\n<meta name=\"robots\" content=\"index, follow, max-snippet:-1, max-image-preview:large, max-video-preview:-1\" \/>\n<link rel=\"canonical\" href=\"https:\/\/derpsairer.it\/it\/produkt\/taralli-artigianali-con-cipolla\/\" \/>\n<meta property=\"og:locale\" content=\"it_IT\" \/>\n<meta property=\"og:type\" content=\"article\" \/>\n<meta property=\"og:title\" content=\"Taralli con cipolla \u2013 Snack croccante dal sapore delicato dalla Puglia - Der Psairer - Speck, Wurst, K\u00e4se\" \/>\n<meta property=\"og:description\" content=\"Taralli con cipolla \u2013 croccanti, saporiti e tipicamente pugliesi. Ideali con formaggi, antipasti o un bicchiere di vino. Gusto autentico dal Sud Italia.\" \/>\n<meta property=\"og:url\" content=\"https:\/\/derpsairer.it\/it\/produkt\/taralli-artigianali-con-cipolla\/\" \/>\n<meta property=\"og:site_name\" content=\"Der Psairer - Speck, Wurst, K\u00e4se\" \/>\n<meta property=\"article:publisher\" content=\"https:\/\/www.facebook.com\/profile.php?id=100063648246860\" \/>\n<meta property=\"article:modified_time\" content=\"2026-03-25T17:34:34+00:00\" \/>\n<meta property=\"og:image\" content=\"https:\/\/derpsairer.it\/wp-22\/wp-content\/uploads\/2025\/05\/taralli-artigianali-mit-zwiebel-250-g.webp\" \/>\n\t<meta property=\"og:image:width\" content=\"1200\" \/>\n\t<meta property=\"og:image:height\" content=\"1200\" \/>\n\t<meta property=\"og:image:type\" content=\"image\/webp\" \/>\n<meta name=\"twitter:label1\" content=\"Tempo di lettura stimato\" \/>\n\t<meta name=\"twitter:data1\" content=\"1 minute\" \/>\n<script type=\"application\/ld+json\" class=\"yoast-schema-graph\">{\"@context\":\"https:\\\/\\\/schema.org\",\"@graph\":[{\"@type\":\"WebPage\",\"@id\":\"https:\\\/\\\/derpsairer.it\\\/it\\\/produkt\\\/taralli-artigianali-con-cipolla\\\/\",\"url\":\"https:\\\/\\\/derpsairer.it\\\/it\\\/produkt\\\/taralli-artigianali-con-cipolla\\\/\",\"name\":\"Taralli con cipolla \u2013 Snack croccante dal sapore delicato dalla Puglia - Der Psairer - Speck, Wurst, K\u00e4se\",\"isPartOf\":{\"@id\":\"https:\\\/\\\/derpsairer.it\\\/it\\\/#website\"},\"primaryImageOfPage\":{\"@id\":\"https:\\\/\\\/derpsairer.it\\\/it\\\/produkt\\\/taralli-artigianali-con-cipolla\\\/#primaryimage\"},\"image\":{\"@id\":\"https:\\\/\\\/derpsairer.it\\\/it\\\/produkt\\\/taralli-artigianali-con-cipolla\\\/#primaryimage\"},\"thumbnailUrl\":\"https:\\\/\\\/derpsairer.it\\\/wp-22\\\/wp-content\\\/uploads\\\/2025\\\/05\\\/taralli-artigianali-mit-zwiebel-250-g.webp\",\"datePublished\":\"2025-05-09T14:02:11+00:00\",\"dateModified\":\"2026-03-25T17:34:34+00:00\",\"description\":\"Taralli con cipolla \u2013 croccanti, saporiti e tipicamente pugliesi. Ideali con formaggi, antipasti o un bicchiere di vino. Gusto autentico dal Sud Italia.\",\"breadcrumb\":{\"@id\":\"https:\\\/\\\/derpsairer.it\\\/it\\\/produkt\\\/taralli-artigianali-con-cipolla\\\/#breadcrumb\"},\"inLanguage\":\"it-IT\",\"potentialAction\":[{\"@type\":\"ReadAction\",\"target\":[\"https:\\\/\\\/derpsairer.it\\\/it\\\/produkt\\\/taralli-artigianali-con-cipolla\\\/\"]}]},{\"@type\":\"ImageObject\",\"inLanguage\":\"it-IT\",\"@id\":\"https:\\\/\\\/derpsairer.it\\\/it\\\/produkt\\\/taralli-artigianali-con-cipolla\\\/#primaryimage\",\"url\":\"https:\\\/\\\/derpsairer.it\\\/wp-22\\\/wp-content\\\/uploads\\\/2025\\\/05\\\/taralli-artigianali-mit-zwiebel-250-g.webp\",\"contentUrl\":\"https:\\\/\\\/derpsairer.it\\\/wp-22\\\/wp-content\\\/uploads\\\/2025\\\/05\\\/taralli-artigianali-mit-zwiebel-250-g.webp\",\"width\":1200,\"height\":1200},{\"@type\":\"BreadcrumbList\",\"@id\":\"https:\\\/\\\/derpsairer.it\\\/it\\\/produkt\\\/taralli-artigianali-con-cipolla\\\/#breadcrumb\",\"itemListElement\":[{\"@type\":\"ListItem\",\"position\":1,\"name\":\"Home\",\"item\":\"https:\\\/\\\/derpsairer.it\\\/it\\\/il-negozio-di-speck-der-psairer\\\/\"},{\"@type\":\"ListItem\",\"position\":2,\"name\":\"Shop\",\"item\":\"https:\\\/\\\/derpsairer.it\\\/shop\\\/\"},{\"@type\":\"ListItem\",\"position\":3,\"name\":\"Taralli Artigianali con cipolla\"}]},{\"@type\":\"WebSite\",\"@id\":\"https:\\\/\\\/derpsairer.it\\\/it\\\/#website\",\"url\":\"https:\\\/\\\/derpsairer.it\\\/it\\\/\",\"name\":\"Der Psairer - Speck, Wurst, K\u00e4se\",\"description\":\"Speck, Wurst und K\u00e4s aus Passeiertal in S\u00fcdtirol online bestellen.\",\"publisher\":{\"@id\":\"https:\\\/\\\/derpsairer.it\\\/it\\\/#organization\"},\"potentialAction\":[{\"@type\":\"SearchAction\",\"target\":{\"@type\":\"EntryPoint\",\"urlTemplate\":\"https:\\\/\\\/derpsairer.it\\\/it\\\/?s={search_term_string}\"},\"query-input\":{\"@type\":\"PropertyValueSpecification\",\"valueRequired\":true,\"valueName\":\"search_term_string\"}}],\"inLanguage\":\"it-IT\"},{\"@type\":\"Organization\",\"@id\":\"https:\\\/\\\/derpsairer.it\\\/it\\\/#organization\",\"name\":\"Der Psairer - Speck, Wurst, K\u00e4se\",\"url\":\"https:\\\/\\\/derpsairer.it\\\/it\\\/\",\"logo\":{\"@type\":\"ImageObject\",\"inLanguage\":\"it-IT\",\"@id\":\"https:\\\/\\\/derpsairer.it\\\/it\\\/#\\\/schema\\\/logo\\\/image\\\/\",\"url\":\"https:\\\/\\\/derpsairer.it\\\/wp-22\\\/wp-content\\\/uploads\\\/2020\\\/03\\\/DER-PSAIRER-LOGO-2x.png\",\"contentUrl\":\"https:\\\/\\\/derpsairer.it\\\/wp-22\\\/wp-content\\\/uploads\\\/2020\\\/03\\\/DER-PSAIRER-LOGO-2x.png\",\"width\":500,\"height\":500,\"caption\":\"Der Psairer - Speck, Wurst, K\u00e4se\"},\"image\":{\"@id\":\"https:\\\/\\\/derpsairer.it\\\/it\\\/#\\\/schema\\\/logo\\\/image\\\/\"},\"sameAs\":[\"https:\\\/\\\/www.facebook.com\\\/profile.php?id=100063648246860\"]}]}<\/script>\n<!-- \/ Yoast SEO plugin. -->","yoast_head_json":{"title":"Taralli con cipolla \u2013 Snack croccante dal sapore delicato dalla Puglia - Der Psairer - Speck, Wurst, K\u00e4se","description":"Taralli con cipolla \u2013 croccanti, saporiti e tipicamente pugliesi. Ideali con formaggi, antipasti o un bicchiere di vino. Gusto autentico dal Sud Italia.","robots":{"index":"index","follow":"follow","max-snippet":"max-snippet:-1","max-image-preview":"max-image-preview:large","max-video-preview":"max-video-preview:-1"},"canonical":"https:\/\/derpsairer.it\/it\/produkt\/taralli-artigianali-con-cipolla\/","og_locale":"it_IT","og_type":"article","og_title":"Taralli con cipolla \u2013 Snack croccante dal sapore delicato dalla Puglia - Der Psairer - Speck, Wurst, K\u00e4se","og_description":"Taralli con cipolla \u2013 croccanti, saporiti e tipicamente pugliesi. Ideali con formaggi, antipasti o un bicchiere di vino. Gusto autentico dal Sud Italia.","og_url":"https:\/\/derpsairer.it\/it\/produkt\/taralli-artigianali-con-cipolla\/","og_site_name":"Der Psairer - Speck, Wurst, K\u00e4se","article_publisher":"https:\/\/www.facebook.com\/profile.php?id=100063648246860","article_modified_time":"2026-03-25T17:34:34+00:00","og_image":[{"width":1200,"height":1200,"url":"https:\/\/derpsairer.it\/wp-22\/wp-content\/uploads\/2025\/05\/taralli-artigianali-mit-zwiebel-250-g.webp","type":"image\/webp"}],"twitter_misc":{"Tempo di lettura stimato":"1 minute"},"schema":{"@context":"https:\/\/schema.org","@graph":[{"@type":"WebPage","@id":"https:\/\/derpsairer.it\/it\/produkt\/taralli-artigianali-con-cipolla\/","url":"https:\/\/derpsairer.it\/it\/produkt\/taralli-artigianali-con-cipolla\/","name":"Taralli con cipolla \u2013 Snack croccante dal sapore delicato dalla Puglia - Der Psairer - Speck, Wurst, K\u00e4se","isPartOf":{"@id":"https:\/\/derpsairer.it\/it\/#website"},"primaryImageOfPage":{"@id":"https:\/\/derpsairer.it\/it\/produkt\/taralli-artigianali-con-cipolla\/#primaryimage"},"image":{"@id":"https:\/\/derpsairer.it\/it\/produkt\/taralli-artigianali-con-cipolla\/#primaryimage"},"thumbnailUrl":"https:\/\/derpsairer.it\/wp-22\/wp-content\/uploads\/2025\/05\/taralli-artigianali-mit-zwiebel-250-g.webp","datePublished":"2025-05-09T14:02:11+00:00","dateModified":"2026-03-25T17:34:34+00:00","description":"Taralli con cipolla \u2013 croccanti, saporiti e tipicamente pugliesi. Ideali con formaggi, antipasti o un bicchiere di vino. Gusto autentico dal Sud Italia.","breadcrumb":{"@id":"https:\/\/derpsairer.it\/it\/produkt\/taralli-artigianali-con-cipolla\/#breadcrumb"},"inLanguage":"it-IT","potentialAction":[{"@type":"ReadAction","target":["https:\/\/derpsairer.it\/it\/produkt\/taralli-artigianali-con-cipolla\/"]}]},{"@type":"ImageObject","inLanguage":"it-IT","@id":"https:\/\/derpsairer.it\/it\/produkt\/taralli-artigianali-con-cipolla\/#primaryimage","url":"https:\/\/derpsairer.it\/wp-22\/wp-content\/uploads\/2025\/05\/taralli-artigianali-mit-zwiebel-250-g.webp","contentUrl":"https:\/\/derpsairer.it\/wp-22\/wp-content\/uploads\/2025\/05\/taralli-artigianali-mit-zwiebel-250-g.webp","width":1200,"height":1200},{"@type":"BreadcrumbList","@id":"https:\/\/derpsairer.it\/it\/produkt\/taralli-artigianali-con-cipolla\/#breadcrumb","itemListElement":[{"@type":"ListItem","position":1,"name":"Home","item":"https:\/\/derpsairer.it\/it\/il-negozio-di-speck-der-psairer\/"},{"@type":"ListItem","position":2,"name":"Shop","item":"https:\/\/derpsairer.it\/shop\/"},{"@type":"ListItem","position":3,"name":"Taralli Artigianali con cipolla"}]},{"@type":"WebSite","@id":"https:\/\/derpsairer.it\/it\/#website","url":"https:\/\/derpsairer.it\/it\/","name":"Der Psairer - Speck, Wurst, K\u00e4se","description":"Speck, Wurst und K\u00e4s aus Passeiertal in S\u00fcdtirol online bestellen.","publisher":{"@id":"https:\/\/derpsairer.it\/it\/#organization"},"potentialAction":[{"@type":"SearchAction","target":{"@type":"EntryPoint","urlTemplate":"https:\/\/derpsairer.it\/it\/?s={search_term_string}"},"query-input":{"@type":"PropertyValueSpecification","valueRequired":true,"valueName":"search_term_string"}}],"inLanguage":"it-IT"},{"@type":"Organization","@id":"https:\/\/derpsairer.it\/it\/#organization","name":"Der Psairer - Speck, Wurst, K\u00e4se","url":"https:\/\/derpsairer.it\/it\/","logo":{"@type":"ImageObject","inLanguage":"it-IT","@id":"https:\/\/derpsairer.it\/it\/#\/schema\/logo\/image\/","url":"https:\/\/derpsairer.it\/wp-22\/wp-content\/uploads\/2020\/03\/DER-PSAIRER-LOGO-2x.png","contentUrl":"https:\/\/derpsairer.it\/wp-22\/wp-content\/uploads\/2020\/03\/DER-PSAIRER-LOGO-2x.png","width":500,"height":500,"caption":"Der Psairer - Speck, Wurst, K\u00e4se"},"image":{"@id":"https:\/\/derpsairer.it\/it\/#\/schema\/logo\/image\/"},"sameAs":["https:\/\/www.facebook.com\/profile.php?id=100063648246860"]}]}},"_links":{"self":[{"href":"https:\/\/derpsairer.it\/it\/wp-json\/wp\/v2\/product\/5320","targetHints":{"allow":["GET"]}}],"collection":[{"href":"https:\/\/derpsairer.it\/it\/wp-json\/wp\/v2\/product"}],"about":[{"href":"https:\/\/derpsairer.it\/it\/wp-json\/wp\/v2\/types\/product"}],"wp:featuredmedia":[{"embeddable":true,"href":"https:\/\/derpsairer.it\/it\/wp-json\/wp\/v2\/media\/5322"}],"wp:attachment":[{"href":"https:\/\/derpsairer.it\/it\/wp-json\/wp\/v2\/media?parent=5320"}],"wp:term":[{"taxonomy":"product_brand","embeddable":true,"href":"https:\/\/derpsairer.it\/it\/wp-json\/wp\/v2\/product_brand?post=5320"},{"taxonomy":"product_cat","embeddable":true,"href":"https:\/\/derpsairer.it\/it\/wp-json\/wp\/v2\/product_cat?post=5320"},{"taxonomy":"product_tag","embeddable":true,"href":"https:\/\/derpsairer.it\/it\/wp-json\/wp\/v2\/product_tag?post=5320"}],"curies":[{"name":"wp","href":"https:\/\/api.w.org\/{rel}","templated":true}]}}