{"id":5324,"date":"2025-05-09T15:42:35","date_gmt":"2025-05-09T13:42:35","guid":{"rendered":"https:\/\/derpsairer.it\/produkt\/taralli-tradizionali\/"},"modified":"2025-11-04T11:07:28","modified_gmt":"2025-11-04T10:07:28","slug":"taralli-tradizionali","status":"publish","type":"product","link":"https:\/\/derpsairer.it\/it\/produkt\/taralli-tradizionali\/","title":{"rendered":"Taralli Tradizionali"},"content":{"rendered":"<div>\n<article class=\"text-token-text-primary w-full focus:outline-none [--shadow-height:45px] has-data-writing-block:pointer-events-none has-data-writing-block:-mt-(--shadow-height) has-data-writing-block:pt-(--shadow-height) [&amp;:has([data-writing-block])&gt;*]:pointer-events-auto [content-visibility:auto] supports-[content-visibility:auto]:[contain-intrinsic-size:auto_100lvh] scroll-mt-[calc(var(--header-height)+min(200px,max(70px,20svh)))]\" dir=\"auto\" tabindex=\"-1\" data-turn-id=\"request-69037b56-bf00-8331-a0b6-25cd2d269e72-1\" data-testid=\"conversation-turn-62\" data-scroll-anchor=\"true\" data-turn=\"assistant\">\n<div class=\"text-base my-auto mx-auto pb-10 [--thread-content-margin:--spacing(4)] thread-sm:[--thread-content-margin:--spacing(6)] thread-lg:[--thread-content-margin:--spacing(16)] px-(--thread-content-margin)\">\n<div class=\"[--thread-content-max-width:40rem] thread-lg:[--thread-content-max-width:48rem] mx-auto max-w-(--thread-content-max-width) flex-1 group\/turn-messages focus-visible:outline-hidden relative flex w-full min-w-0 flex-col agent-turn\" tabindex=\"-1\">\n<div class=\"flex max-w-full flex-col grow\">\n<div class=\"min-h-8 text-message relative flex w-full flex-col items-end gap-2 text-start break-words whitespace-normal [.text-message+&amp;]:mt-1\" dir=\"auto\" data-message-author-role=\"assistant\" data-message-id=\"6c783558-90c9-4049-bbc0-36360041b125\" data-message-model-slug=\"gpt-5\">\n<div class=\"flex w-full flex-col gap-1 empty:hidden first:pt-[1px]\">\n<div class=\"markdown prose dark:prose-invert w-full break-words dark markdown-new-styling\">\n<p data-start=\"325\" data-end=\"671\">I <strong data-start=\"360\" data-end=\"384\">Taralli Tradizionali<\/strong> sono il classico snack pugliese: semplici, genuini e incredibilmente gustosi. Realizzati secondo la ricetta tradizionale con la migliore farina di grano tenero, vino bianco, olio d&#8217;oliva e un pizzico di sale, convincono per il loro colore dorato e il loro inconfondibile morso croccante.<\/p>\n<p data-start=\"673\" data-end=\"836\">Che sia come snack salato tra un pasto e l&#8217;altro, come accompagnamento a formaggio, antipasti o un bicchiere di vino, questi taralli portano il gusto del Sud Italia direttamente a casa tua.<\/p>\n<ul data-start=\"838\" data-end=\"1013\" data-is-last-node=\"\" data-is-only-node=\"\">\n<li data-start=\"838\" data-end=\"854\">\n<p data-start=\"840\" data-end=\"854\">Contenuto: 250g<\/p>\n<\/li>\n<li data-start=\"855\" data-end=\"885\">\n<p data-start=\"857\" data-end=\"885\">Origine: Puglia, Italia<\/p>\n<\/li>\n<li data-start=\"886\" data-end=\"927\">\n<p data-start=\"888\" data-end=\"927\">Prodotto con olio d&#8217;oliva e vino bianco<\/p>\n<\/li>\n<li data-start=\"928\" data-end=\"980\">\n<p data-start=\"930\" data-end=\"980\">Croccanti, aromatici e versatili da abbinare<\/p>\n<\/li>\n<li data-start=\"981\" data-end=\"1013\" data-is-last-node=\"\">\n<p data-start=\"983\" data-end=\"1013\" data-is-last-node=\"\">Ideali con formaggio, salumi o vino<\/p>\n<\/li>\n<\/ul>\n<\/div>\n<\/div>\n<\/div>\n<\/div>\n<\/div>\n<\/div>\n<\/article>\n<\/div>\n<div class=\"kk-notifier-heading\">NOTA:<\/div>\n<div class=\"kk-notifier-message\">Questo prodotto \u00e8 molto leggero e fragile. Durante la spedizione, potrebbero verificarsi delle rotture. La qualit\u00e0 del prodotto non ne \u00e8 compromessa e non si accettano reclami.  <\/div>\n","protected":false},"excerpt":{"rendered":"<p>Contenuto: 250 g.<\/p>\n","protected":false},"featured_media":5327,"template":"","meta":[],"product_brand":[],"product_cat":[191],"product_tag":[673,2044,2420,282,2345,1831,1989,2433,2428,810,419],"class_list":{"0":"post-5324","1":"product","2":"type-product","3":"status-publish","4":"has-post-thumbnail","6":"product_cat-altre-delizie","7":"product_tag-antipasti","8":"product_tag-biscotti","9":"product_tag-croccante","10":"product_tag-feinkost","11":"product_tag-italia","12":"product_tag-olio-doliva","13":"product_tag-per-il-vino","14":"product_tag-puglia","15":"product_tag-snack","16":"product_tag-taralli","17":"product_tag-vino-bianco","19":"first","20":"instock","21":"taxable","22":"shipping-taxable","23":"purchasable","24":"product-type-simple"},"yoast_head":"<!-- This site is optimized with the Yoast SEO plugin v27.5 - https:\/\/yoast.com\/product\/yoast-seo-wordpress\/ -->\n<title>Taralli Tradizionali \u2013 Snack classico dalla Puglia - Der Psairer - Speck, Wurst, K\u00e4se<\/title>\n<meta name=\"description\" content=\"Taralli Tradizionali \u2013 lo snack classico dalla Puglia. Croccanti, saporiti e perfetti con vino, formaggio o antipasti. Autenticamente italiani!\" \/>\n<meta name=\"robots\" content=\"index, follow, max-snippet:-1, max-image-preview:large, max-video-preview:-1\" \/>\n<link rel=\"canonical\" href=\"https:\/\/derpsairer.it\/it\/produkt\/taralli-tradizionali\/\" \/>\n<meta property=\"og:locale\" content=\"it_IT\" \/>\n<meta property=\"og:type\" content=\"article\" \/>\n<meta property=\"og:title\" content=\"Taralli Tradizionali \u2013 Snack classico dalla Puglia - Der Psairer - Speck, Wurst, K\u00e4se\" \/>\n<meta property=\"og:description\" content=\"Taralli Tradizionali \u2013 lo snack classico dalla Puglia. Croccanti, saporiti e perfetti con vino, formaggio o antipasti. Autenticamente italiani!\" \/>\n<meta property=\"og:url\" content=\"https:\/\/derpsairer.it\/it\/produkt\/taralli-tradizionali\/\" \/>\n<meta property=\"og:site_name\" content=\"Der Psairer - Speck, Wurst, K\u00e4se\" \/>\n<meta property=\"article:publisher\" content=\"https:\/\/www.facebook.com\/profile.php?id=100063648246860\" \/>\n<meta property=\"article:modified_time\" content=\"2025-11-04T10:07:28+00:00\" \/>\n<meta property=\"og:image\" content=\"https:\/\/derpsairer.it\/wp-22\/wp-content\/uploads\/2025\/05\/taralli-artigianali-tradizionali-250-g-1.webp\" \/>\n\t<meta property=\"og:image:width\" content=\"1200\" \/>\n\t<meta property=\"og:image:height\" content=\"1200\" \/>\n\t<meta property=\"og:image:type\" content=\"image\/webp\" \/>\n<meta name=\"twitter:label1\" content=\"Tempo di lettura stimato\" \/>\n\t<meta name=\"twitter:data1\" content=\"1 minute\" \/>\n<script type=\"application\/ld+json\" class=\"yoast-schema-graph\">{\"@context\":\"https:\\\/\\\/schema.org\",\"@graph\":[{\"@type\":\"WebPage\",\"@id\":\"https:\\\/\\\/derpsairer.it\\\/it\\\/produkt\\\/taralli-tradizionali\\\/\",\"url\":\"https:\\\/\\\/derpsairer.it\\\/it\\\/produkt\\\/taralli-tradizionali\\\/\",\"name\":\"Taralli Tradizionali \u2013 Snack classico dalla Puglia - Der Psairer - Speck, Wurst, K\u00e4se\",\"isPartOf\":{\"@id\":\"https:\\\/\\\/derpsairer.it\\\/it\\\/#website\"},\"primaryImageOfPage\":{\"@id\":\"https:\\\/\\\/derpsairer.it\\\/it\\\/produkt\\\/taralli-tradizionali\\\/#primaryimage\"},\"image\":{\"@id\":\"https:\\\/\\\/derpsairer.it\\\/it\\\/produkt\\\/taralli-tradizionali\\\/#primaryimage\"},\"thumbnailUrl\":\"https:\\\/\\\/derpsairer.it\\\/wp-22\\\/wp-content\\\/uploads\\\/2025\\\/05\\\/taralli-artigianali-tradizionali-250-g-1.webp\",\"datePublished\":\"2025-05-09T13:42:35+00:00\",\"dateModified\":\"2025-11-04T10:07:28+00:00\",\"description\":\"Taralli Tradizionali \u2013 lo snack classico dalla Puglia. Croccanti, saporiti e perfetti con vino, formaggio o antipasti. Autenticamente italiani!\",\"breadcrumb\":{\"@id\":\"https:\\\/\\\/derpsairer.it\\\/it\\\/produkt\\\/taralli-tradizionali\\\/#breadcrumb\"},\"inLanguage\":\"it-IT\",\"potentialAction\":[{\"@type\":\"ReadAction\",\"target\":[\"https:\\\/\\\/derpsairer.it\\\/it\\\/produkt\\\/taralli-tradizionali\\\/\"]}]},{\"@type\":\"ImageObject\",\"inLanguage\":\"it-IT\",\"@id\":\"https:\\\/\\\/derpsairer.it\\\/it\\\/produkt\\\/taralli-tradizionali\\\/#primaryimage\",\"url\":\"https:\\\/\\\/derpsairer.it\\\/wp-22\\\/wp-content\\\/uploads\\\/2025\\\/05\\\/taralli-artigianali-tradizionali-250-g-1.webp\",\"contentUrl\":\"https:\\\/\\\/derpsairer.it\\\/wp-22\\\/wp-content\\\/uploads\\\/2025\\\/05\\\/taralli-artigianali-tradizionali-250-g-1.webp\",\"width\":1200,\"height\":1200},{\"@type\":\"BreadcrumbList\",\"@id\":\"https:\\\/\\\/derpsairer.it\\\/it\\\/produkt\\\/taralli-tradizionali\\\/#breadcrumb\",\"itemListElement\":[{\"@type\":\"ListItem\",\"position\":1,\"name\":\"Home\",\"item\":\"https:\\\/\\\/derpsairer.it\\\/it\\\/il-negozio-di-speck-der-psairer\\\/\"},{\"@type\":\"ListItem\",\"position\":2,\"name\":\"Shop\",\"item\":\"https:\\\/\\\/derpsairer.it\\\/shop\\\/\"},{\"@type\":\"ListItem\",\"position\":3,\"name\":\"Taralli Tradizionali\"}]},{\"@type\":\"WebSite\",\"@id\":\"https:\\\/\\\/derpsairer.it\\\/it\\\/#website\",\"url\":\"https:\\\/\\\/derpsairer.it\\\/it\\\/\",\"name\":\"Der Psairer - Speck, Wurst, K\u00e4se\",\"description\":\"Speck, Wurst und K\u00e4s aus Passeiertal in S\u00fcdtirol online bestellen.\",\"publisher\":{\"@id\":\"https:\\\/\\\/derpsairer.it\\\/it\\\/#organization\"},\"potentialAction\":[{\"@type\":\"SearchAction\",\"target\":{\"@type\":\"EntryPoint\",\"urlTemplate\":\"https:\\\/\\\/derpsairer.it\\\/it\\\/?s={search_term_string}\"},\"query-input\":{\"@type\":\"PropertyValueSpecification\",\"valueRequired\":true,\"valueName\":\"search_term_string\"}}],\"inLanguage\":\"it-IT\"},{\"@type\":\"Organization\",\"@id\":\"https:\\\/\\\/derpsairer.it\\\/it\\\/#organization\",\"name\":\"Der Psairer - Speck, Wurst, K\u00e4se\",\"url\":\"https:\\\/\\\/derpsairer.it\\\/it\\\/\",\"logo\":{\"@type\":\"ImageObject\",\"inLanguage\":\"it-IT\",\"@id\":\"https:\\\/\\\/derpsairer.it\\\/it\\\/#\\\/schema\\\/logo\\\/image\\\/\",\"url\":\"https:\\\/\\\/derpsairer.it\\\/wp-22\\\/wp-content\\\/uploads\\\/2020\\\/03\\\/DER-PSAIRER-LOGO-2x.png\",\"contentUrl\":\"https:\\\/\\\/derpsairer.it\\\/wp-22\\\/wp-content\\\/uploads\\\/2020\\\/03\\\/DER-PSAIRER-LOGO-2x.png\",\"width\":500,\"height\":500,\"caption\":\"Der Psairer - Speck, Wurst, K\u00e4se\"},\"image\":{\"@id\":\"https:\\\/\\\/derpsairer.it\\\/it\\\/#\\\/schema\\\/logo\\\/image\\\/\"},\"sameAs\":[\"https:\\\/\\\/www.facebook.com\\\/profile.php?id=100063648246860\"]}]}<\/script>\n<!-- \/ Yoast SEO plugin. -->","yoast_head_json":{"title":"Taralli Tradizionali \u2013 Snack classico dalla Puglia - Der Psairer - Speck, Wurst, K\u00e4se","description":"Taralli Tradizionali \u2013 lo snack classico dalla Puglia. Croccanti, saporiti e perfetti con vino, formaggio o antipasti. Autenticamente italiani!","robots":{"index":"index","follow":"follow","max-snippet":"max-snippet:-1","max-image-preview":"max-image-preview:large","max-video-preview":"max-video-preview:-1"},"canonical":"https:\/\/derpsairer.it\/it\/produkt\/taralli-tradizionali\/","og_locale":"it_IT","og_type":"article","og_title":"Taralli Tradizionali \u2013 Snack classico dalla Puglia - Der Psairer - Speck, Wurst, K\u00e4se","og_description":"Taralli Tradizionali \u2013 lo snack classico dalla Puglia. Croccanti, saporiti e perfetti con vino, formaggio o antipasti. Autenticamente italiani!","og_url":"https:\/\/derpsairer.it\/it\/produkt\/taralli-tradizionali\/","og_site_name":"Der Psairer - Speck, Wurst, K\u00e4se","article_publisher":"https:\/\/www.facebook.com\/profile.php?id=100063648246860","article_modified_time":"2025-11-04T10:07:28+00:00","og_image":[{"width":1200,"height":1200,"url":"https:\/\/derpsairer.it\/wp-22\/wp-content\/uploads\/2025\/05\/taralli-artigianali-tradizionali-250-g-1.webp","type":"image\/webp"}],"twitter_misc":{"Tempo di lettura stimato":"1 minute"},"schema":{"@context":"https:\/\/schema.org","@graph":[{"@type":"WebPage","@id":"https:\/\/derpsairer.it\/it\/produkt\/taralli-tradizionali\/","url":"https:\/\/derpsairer.it\/it\/produkt\/taralli-tradizionali\/","name":"Taralli Tradizionali \u2013 Snack classico dalla Puglia - Der Psairer - Speck, Wurst, K\u00e4se","isPartOf":{"@id":"https:\/\/derpsairer.it\/it\/#website"},"primaryImageOfPage":{"@id":"https:\/\/derpsairer.it\/it\/produkt\/taralli-tradizionali\/#primaryimage"},"image":{"@id":"https:\/\/derpsairer.it\/it\/produkt\/taralli-tradizionali\/#primaryimage"},"thumbnailUrl":"https:\/\/derpsairer.it\/wp-22\/wp-content\/uploads\/2025\/05\/taralli-artigianali-tradizionali-250-g-1.webp","datePublished":"2025-05-09T13:42:35+00:00","dateModified":"2025-11-04T10:07:28+00:00","description":"Taralli Tradizionali \u2013 lo snack classico dalla Puglia. Croccanti, saporiti e perfetti con vino, formaggio o antipasti. Autenticamente italiani!","breadcrumb":{"@id":"https:\/\/derpsairer.it\/it\/produkt\/taralli-tradizionali\/#breadcrumb"},"inLanguage":"it-IT","potentialAction":[{"@type":"ReadAction","target":["https:\/\/derpsairer.it\/it\/produkt\/taralli-tradizionali\/"]}]},{"@type":"ImageObject","inLanguage":"it-IT","@id":"https:\/\/derpsairer.it\/it\/produkt\/taralli-tradizionali\/#primaryimage","url":"https:\/\/derpsairer.it\/wp-22\/wp-content\/uploads\/2025\/05\/taralli-artigianali-tradizionali-250-g-1.webp","contentUrl":"https:\/\/derpsairer.it\/wp-22\/wp-content\/uploads\/2025\/05\/taralli-artigianali-tradizionali-250-g-1.webp","width":1200,"height":1200},{"@type":"BreadcrumbList","@id":"https:\/\/derpsairer.it\/it\/produkt\/taralli-tradizionali\/#breadcrumb","itemListElement":[{"@type":"ListItem","position":1,"name":"Home","item":"https:\/\/derpsairer.it\/it\/il-negozio-di-speck-der-psairer\/"},{"@type":"ListItem","position":2,"name":"Shop","item":"https:\/\/derpsairer.it\/shop\/"},{"@type":"ListItem","position":3,"name":"Taralli Tradizionali"}]},{"@type":"WebSite","@id":"https:\/\/derpsairer.it\/it\/#website","url":"https:\/\/derpsairer.it\/it\/","name":"Der Psairer - Speck, Wurst, K\u00e4se","description":"Speck, Wurst und K\u00e4s aus Passeiertal in S\u00fcdtirol online bestellen.","publisher":{"@id":"https:\/\/derpsairer.it\/it\/#organization"},"potentialAction":[{"@type":"SearchAction","target":{"@type":"EntryPoint","urlTemplate":"https:\/\/derpsairer.it\/it\/?s={search_term_string}"},"query-input":{"@type":"PropertyValueSpecification","valueRequired":true,"valueName":"search_term_string"}}],"inLanguage":"it-IT"},{"@type":"Organization","@id":"https:\/\/derpsairer.it\/it\/#organization","name":"Der Psairer - Speck, Wurst, K\u00e4se","url":"https:\/\/derpsairer.it\/it\/","logo":{"@type":"ImageObject","inLanguage":"it-IT","@id":"https:\/\/derpsairer.it\/it\/#\/schema\/logo\/image\/","url":"https:\/\/derpsairer.it\/wp-22\/wp-content\/uploads\/2020\/03\/DER-PSAIRER-LOGO-2x.png","contentUrl":"https:\/\/derpsairer.it\/wp-22\/wp-content\/uploads\/2020\/03\/DER-PSAIRER-LOGO-2x.png","width":500,"height":500,"caption":"Der Psairer - Speck, Wurst, K\u00e4se"},"image":{"@id":"https:\/\/derpsairer.it\/it\/#\/schema\/logo\/image\/"},"sameAs":["https:\/\/www.facebook.com\/profile.php?id=100063648246860"]}]}},"_links":{"self":[{"href":"https:\/\/derpsairer.it\/it\/wp-json\/wp\/v2\/product\/5324","targetHints":{"allow":["GET"]}}],"collection":[{"href":"https:\/\/derpsairer.it\/it\/wp-json\/wp\/v2\/product"}],"about":[{"href":"https:\/\/derpsairer.it\/it\/wp-json\/wp\/v2\/types\/product"}],"wp:featuredmedia":[{"embeddable":true,"href":"https:\/\/derpsairer.it\/it\/wp-json\/wp\/v2\/media\/5327"}],"wp:attachment":[{"href":"https:\/\/derpsairer.it\/it\/wp-json\/wp\/v2\/media?parent=5324"}],"wp:term":[{"taxonomy":"product_brand","embeddable":true,"href":"https:\/\/derpsairer.it\/it\/wp-json\/wp\/v2\/product_brand?post=5324"},{"taxonomy":"product_cat","embeddable":true,"href":"https:\/\/derpsairer.it\/it\/wp-json\/wp\/v2\/product_cat?post=5324"},{"taxonomy":"product_tag","embeddable":true,"href":"https:\/\/derpsairer.it\/it\/wp-json\/wp\/v2\/product_tag?post=5324"}],"curies":[{"name":"wp","href":"https:\/\/api.w.org\/{rel}","templated":true}]}}